{"id":2298,"date":"2024-10-08T08:30:16","date_gmt":"2024-10-08T08:30:16","guid":{"rendered":"https:\/\/rmvapesale.com\/?post_type=product&#038;p=2298"},"modified":"2025-01-14T09:46:47","modified_gmt":"2025-01-14T09:46:47","slug":"uwin-crystal-10000-puff-disposable-vape-wholesale-price","status":"publish","type":"product","link":"https:\/\/rmvapesale.com\/lt\/product\/uwin-crystal-10000-puff-disposable-vape-wholesale-price\/","title":{"rendered":"UWIN CRYSTAL 10000 P\u016bksn\u0173 vienkartinis garintuvas didmenine kaina"},"content":{"rendered":"<div class=\"B2VR9 CJHX3e\">\n<div class=\"wyccme\">\n<h1 class=\"LC20lb MBeuO DKV0Md\">UWIN CRYSTAL 10000 P\u016bksn\u0173 vienkartinis garintuvas didmenine kaina<\/h1>\n<div class=\"flex-shrink-0 flex flex-col relative items-end\">\n<div>\n<div class=\"pt-0\">\n<div class=\"gizmo-bot-avatar flex h-8 w-8 items-center justify-center overflow-hidden rounded-full\">\n<div class=\"relative p-1 rounded-sm flex items-center justify-center bg-token-main-surface-primary text-token-text-primary h-8 w-8\"><\/div>\n<\/div>\n<\/div>\n<\/div>\n<\/div>\n<div class=\"group\/conversation-turn relative flex w-full min-w-0 flex-col agent-turn\">\n<div class=\"flex-col gap-1 md:gap-3\">\n<div class=\"flex max-w-full flex-col flex-grow\">\n<div class=\"min-h-8 text-message flex w-full flex-col items-end gap-2 whitespace-normal break-words [.text-message+&amp;]:mt-5\" dir=\"auto\" data-message-author-role=\"assistant\" data-message-id=\"871c1362-82be-4876-894c-d28f37ffd3d3\">\n<div class=\"flex w-full flex-col gap-1 empty:hidden first:pt-[3px]\">\n<div class=\"markdown prose w-full break-words dark:prose-invert light\">\n<p>UWIN CRYSTAL 10000 \u012ftraukim\u0173 vienkartin\u012f garintuv\u0105 didmenine prekyba galite \u012fsigyti rmvapesale dabar! \u0160is garintuvas yra puikus pasirinkimas i\u0161skirtinei garinimo patir\u010diai! Su 0%, 2%, 3% arba 5% nikotino variantais, \u0161is prietaisas pritaikytas \u012fvairiems poreikiams. Kiekvienas prietaisas pasi\u017eymi \u012fsp\u016bdingais 10 000 \u012ftraukim\u0173 ir talpia 18 ml talpa, u\u017etikrinan\u010dia ilgalaik\u012f m\u0117gavim\u0105si.<\/p>\n<p>Sukurtas patogumui, UWIN CRYSTAL 10K turi \u012fkraunam\u0105 650 mAh baterij\u0105 su kobalto tipo-C jungtimi ir 0,8 omo tinklelio rit\u0119 optimaliam skonio perdavimui, tod\u0117l puikiai tinka didmeniniams pirk\u0117jams. Ry\u0161kios RGB lemput\u0117s suteikia stiliaus, o 15 galim\u0173 skoni\u0173 patenkins visus skonio receptorius.<\/p>\n<p>Patobulinkite savo garinimo patirt\u012f su UWIN CRYSTAL 10000 \u012ftraukim\u0173 vienkartinio garintuvo didmenine kaina jau \u0161iandien!<\/p>\n<p>&nbsp;<\/p>\n<\/div>\n<\/div>\n<\/div>\n<\/div>\n<\/div>\n<\/div>\n<\/div>\n<\/div>\n<p><strong>Susisiekite su Amy, kad gautum\u0117te teising\u0105 atsakym\u0105 ir daugiau produkt\u0173 vaizdo \u012fra\u0161\u0173!<\/strong><\/p>\n<p><img loading=\"lazy\" decoding=\"async\" class=\"size-full wp-image-1978\" src=\"https:\/\/rmvapesale.com\/wp-content\/uploads\/2024\/09\/Disposable-Vape-Wholesale.jpg\" alt=\"Vienkartinis garintuvas didmenin\u0117 prekyba\" width=\"229\" height=\"300\" \/><\/p>\n<h3><a href=\"https:\/\/wa.me\/8617776015835\" target=\"_blank\" rel=\"noopener\"><span style=\"color: #ff0000\"><strong>WhatsApp: +86 17776015835<\/strong><\/span><\/a><\/h3>\n<p>&nbsp;<\/p>\n<h2><\/h2>\n<h2><strong>Pagrindin\u0117s UWIN CRYSTAL 10000 \u012ftraukim\u0173 garintuvo savyb\u0117s<\/strong><\/h2>\n<p>0% 2% 3% 5% nikotinas<br \/>\n\u012etraukim\u0173:10000<br \/>\nTalpa:18ml<br \/>\n200 vnt \/d\u0117\u017e\u0117<br \/>\n10 vnt \/d\u0117\u017eut\u0117<br \/>\nGalimi 15 skoni\u0173<br \/>\n650 mAh \u012fkraunama kobalto tipo-c jungtis<br \/>\nRit\u0117: 0.8 omo tinklelio rit\u0117<br \/>\nKiekviena d\u0117\u017e\u0117: 17.3 kg<br \/>\nD\u0117\u017e\u0117s dydis: 36.5*36.7*31.5 CM<br \/>\nRGB \u0160VIESOS<\/p>\n<p><img loading=\"lazy\" decoding=\"async\" class=\"wp-image-2958 size-full\" src=\"https:\/\/rmvapesale.com\/wp-content\/uploads\/2025\/01\/Uwin-Crystal-10000-Disposable-Vape-Bulk-Buy.webp\" alt=\"Uwin Crystal 10000 vienkartin\u0117 elektronin\u0117 cigaret\u0117, didmeninis pirkimas\" width=\"1000\" height=\"1000\" srcset=\"https:\/\/rmvapesale.com\/wp-content\/uploads\/2025\/01\/Uwin-Crystal-10000-Disposable-Vape-Bulk-Buy.webp 1000w, https:\/\/rmvapesale.com\/wp-content\/uploads\/2025\/01\/Uwin-Crystal-10000-Disposable-Vape-Bulk-Buy-300x300.webp 300w, https:\/\/rmvapesale.com\/wp-content\/uploads\/2025\/01\/Uwin-Crystal-10000-Disposable-Vape-Bulk-Buy-150x150.webp 150w, https:\/\/rmvapesale.com\/wp-content\/uploads\/2025\/01\/Uwin-Crystal-10000-Disposable-Vape-Bulk-Buy-768x768.webp 768w, https:\/\/rmvapesale.com\/wp-content\/uploads\/2025\/01\/Uwin-Crystal-10000-Disposable-Vape-Bulk-Buy-600x600.webp 600w, https:\/\/rmvapesale.com\/wp-content\/uploads\/2025\/01\/Uwin-Crystal-10000-Disposable-Vape-Bulk-Buy-100x100.webp 100w\" sizes=\"auto, (max-width: 1000px) 100vw, 1000px\" \/><\/p>\n<h2><\/h2>\n<h2><strong>Populiariausi UWIN CRYSTAL 10000 \u012ftraukim\u0173 skoniai<\/strong><\/h2>\n<p>UWIN CRYSTAL 10000 \u012ftraukim\u0173 vienkartinis garintuvas si\u016blo 15 nuostabi\u0173 skoni\u0173, pasirinkite i\u0161 \u012fvairi\u0173 variant\u0173, \u012fskaitant klasikin\u0119 gaivinan\u010di\u0105 \u0161alt\u0105 m\u0117t\u0105 ir egzoti\u0161k\u0105 saldum\u0105 \u2013 vynuoges, kuri\u0173 kiekvienas \u017eada sodri\u0105, maloni\u0105 kelion\u0119 su kiekvienu \u012ftraukimu.<\/p>\n<p>1. M\u0117lyni\u0173 avie\u010di\u0173<br \/>\n2.Vynuogi\u0173 ledas<span style=\"color: #ff0000\"><strong>&gt;&gt;&gt;&gt; Kar\u0161ta!<\/strong><\/span><br \/>\n3. Bra\u0161ki\u0173 arb\u016bzas<br \/>\n4.M\u0117lyni\u0173 ledas<br \/>\n5.Arb\u016bz\u0173 ledas<span style=\"color: #ff0000\"><strong>&gt;&gt;&gt;&gt; Kar\u0161ta!<\/strong><\/span><br \/>\n6.Vy\u0161ni\u0173 ledas<br \/>\n7.Bra\u0161ki\u0173, avie\u010di\u0173, vy\u0161ni\u0173<br \/>\n8.Kivio, pasifloros, gvajavos<br \/>\n9.Bra\u0161ki\u0173 ledas<br \/>\n10.Persik\u0173 ledas<br \/>\n11.Bra\u0161ki\u0173 ir kivio<br \/>\n12.Persik\u0173 ir uog\u0173<br \/>\n13.Vy\u0161ni\u0173 kola<br \/>\n14.Mi\u0161rios uogos<br \/>\n15.Misteris M\u0117lynas<span style=\"color: #ff0000\"><strong>&gt;&gt;&gt;&gt; Geriausias!<\/strong><\/span><\/p>\n<p>&nbsp;<\/p>\n<div class=\"flex-shrink-0 flex flex-col relative items-end\">\n<div>\n<div class=\"pt-0\">\n<div class=\"gizmo-bot-avatar flex h-8 w-8 items-center justify-center overflow-hidden rounded-full\">\n<div class=\"relative p-1 rounded-sm flex items-center justify-center bg-token-main-surface-primary text-token-text-primary h-8 w-8\">\n<h3><b>DUK<\/b><\/h3>\n<p>&nbsp;<\/p>\n<\/div>\n<\/div>\n<\/div>\n<\/div>\n<\/div>\n<div class=\"group\/conversation-turn relative flex w-full min-w-0 flex-col agent-turn\">\n<div class=\"flex-col gap-1 md:gap-3\">\n<div class=\"flex max-w-full flex-col flex-grow\">\n<div class=\"min-h-8 text-message flex w-full flex-col items-end gap-2 whitespace-normal break-words [.text-message+&amp;]:mt-5\" dir=\"auto\" data-message-author-role=\"assistant\" data-message-id=\"f226d3fc-81f3-46d5-8c46-31787fff0357\">\n<div class=\"flex w-full flex-col gap-1 empty:hidden first:pt-[3px]\">\n<div class=\"markdown prose w-full break-words dark:prose-invert light\">\n<p><strong>K1: Kokios yra \u201eUWIN CRYSTAL 10000 Puff\u201c vienkartini\u0173 garintuv\u0173 nikotino stiprumo galimyb\u0117s?<\/strong><br \/>\nA1: \u201eUWIN CRYSTAL\u201c si\u016blo 0 %, 2 %, 3 % ir 5 % nikotino pasirinkimus, leid\u017eian\u010dius pasirinkti jums labiausiai tinkam\u0105 lyg\u012f.<\/p>\n<p><strong>K2: Kiek \u012fkv\u0117pim\u0173 galima tik\u0117tis i\u0161 \u201eUWIN CRYSTAL 10000 Puff\u201c vienkartinio garintuvo?<\/strong><br \/>\nA2: Kiekvienas garintuvas suteikia \u012fsp\u016bdingus 10 000 \u012fkv\u0117pim\u0173, tod\u0117l tai yra ilgalaikis pasirinkimas garintojams.<\/p>\n<p><strong>K3: Kokia yra \u201eUWIN CRYSTAL\u201c garintuvo talpa?<\/strong><br \/>\nA3: \u201eUWIN CRYSTAL\u201c talpa yra 18 ml, kas u\u017etikrina pakankam\u0105 e-skys\u010dio kiek\u012f ilgesniam naudojimui.<\/p>\n<p><strong>K4: Kiek skoni\u0173 yra prieinama \u201eUWIN CRYSTAL\u201c?<\/strong><br \/>\nA4: Galite rinktis i\u0161 15 nuostabi\u0173 skoni\u0173, \u012fskaitant M\u0117lyni\u0173 Avie\u010di\u0173, Vynuogi\u0173 Ledo, Bra\u0161ki\u0173 Arb\u016bz\u0173 ir daugel\u012f kit\u0173.<\/p>\n<p><strong>Q5: Ar UWIN CRYSTAL yra \u012fkraunamas?<\/strong><br \/>\nA5: Taip! UWIN CRYSTAL turi 650 mAh \u012fkraunam\u0105 baterij\u0105 su patogiu C tipo prievadu.<\/p>\n<p><strong>Q6: Kokio tipo kaitinimo element\u0105 naudoja UWIN CRYSTAL?<\/strong><br \/>\nA6: \u0160is garintuvas naudoja 0,8 omo tinklelio kaitinimo element\u0105, u\u017etikrinant\u012f skland\u0173 ir aromating\u0105 garinimo potyr\u012f.<\/p>\n<p><strong>Q7: Kokia didmenini\u0173 u\u017esakym\u0173 pakuot\u0117s konfig\u016bracija?<\/strong><br \/>\nA7: UWIN CRYSTAL supakuotas \u012f d\u0117\u017ees po 200 vienet\u0173, su 10 garintuv\u0173 vienoje pakuot\u0117je, tod\u0117l puikiai tinka didmeniniams pirk\u0117jams.<\/p>\n<p><strong>Q8: Kiek kainuoja UWIN CRYSTAL 10000 P\u016btim\u0173 vienkartinis garintuvas?<\/strong><br \/>\nA8: D\u0117l kain\u0173 teiraukit\u0117s tiesiogiai, susisiek\u0119 su mumis d\u0117l UWIN CRYSTAL 10000 P\u016btim\u0173 vienkartinio garintuvo kainos.<\/p>\n<p><strong>Q9: Ar galiu didmena \u012fsigyti UWIN CRYSTAL 10000 P\u016btim\u0173 garintuvo kapsuli\u0173?<\/strong><br \/>\nA9: \u017dinoma! Si\u016blome didmenines kainas UWIN Crystal 10000 Puff Vape Pod. D\u0117l i\u0161samesn\u0117s informacijos kreipkit\u0117s \u012f mus.<\/p>\n<\/div>\n<\/div>\n<\/div>\n<\/div>\n<\/div>\n<\/div>\n<p>&nbsp;<\/p>\n<h3><\/h3>\n<h3>Apie siuntim\u0105<\/h3>\n<div class=\"flex-shrink-0 flex flex-col relative items-end\">\n<div>\n<div class=\"pt-0\">\n<div class=\"gizmo-bot-avatar flex h-8 w-8 items-center justify-center overflow-hidden rounded-full\">\n<div><\/div>\n<div class=\"relative p-1 rounded-sm flex items-center justify-center bg-token-main-surface-primary text-token-text-primary h-8 w-8\"><strong>1. Kokie siuntimo b\u016bdai naudojami?<\/strong><\/div>\n<\/div>\n<\/div>\n<\/div>\n<\/div>\n<div class=\"group\/conversation-turn relative flex w-full min-w-0 flex-col agent-turn\">\n<div class=\"flex-col gap-1 md:gap-3\">\n<div class=\"flex max-w-full flex-col flex-grow\">\n<div class=\"min-h-[20px] text-message flex w-full flex-col items-end gap-2 whitespace-normal break-words [.text-message+&amp;]:mt-5 overflow-x-auto\" dir=\"auto\" data-message-author-role=\"assistant\" data-message-id=\"22f8283b-3233-46ff-89a5-c7a41b33abda\">\n<div class=\"flex w-full flex-col gap-1 empty:hidden first:pt-[3px]\">\n<div class=\"markdown prose w-full break-words dark:prose-invert light\">\n<p>Mes bendradarbiaujame su UPS, DHL, FedEx, DPD ir kitais pirmaujan\u010diais ve\u017e\u0117jais. Mes parinksime geriausi\u0105 siuntimo b\u016bd\u0105, atsi\u017evelgdami \u012f j\u016bs\u0173 pristatymo viet\u0105, kad u\u017etikrintume, jog gaminiai jus pasieks kuo grei\u010diau.<\/p>\n<\/div>\n<p><strong>2. Per kiek laiko prek\u0117s atkeliauja?<\/strong><\/p>\n<p>\u012e Lietuv\u0105 siun\u010diami siuntiniai paprastai atvyksta per 10 darbo dien\u0173. Siuntimas \u012f Europos \u0161alis paprastai trunka apie 12\u201315 darbo dien\u0173. Mes teikiame realiuoju laiku atnaujinam\u0105 informacij\u0105 apie j\u016bs\u0173 siuntos b\u016bsen\u0105.<\/p>\n<\/div>\n<p><strong>3. Garantija<\/strong><\/p>\n<p><span style=\"color: #ff0000\"><strong>Visos m\u016bs\u0173 parduotuv\u0117s prek\u0117s yra 100% originalios ir autenti\u0161kos. U\u017e padirbtas prekes si\u016blome 10 kart\u0173 didesn\u0119 kompensacij\u0105!<\/strong><\/span><\/p>\n<div class=\"flex w-full flex-col gap-1 empty:hidden first:pt-[3px]\">\n<p>&nbsp;<\/p>\n<\/div>\n<\/div>\n<\/div>\n<\/div>\n<\/div>\n<p>&nbsp;<\/p>\n<p>Kiti populiar\u016bs garintuvai, kurie jums gali patikti:<\/p>\n<p><a href=\"https:\/\/rmvapesale.com\/lt\/product\/bang-30k-puffs-disposable-vape-double-taste-wholesale-italy\/\"><strong>Bang 30k \u012ekv\u0117pim\u0173 \u00a0<span style=\"color: #ff0000\">&gt;&gt;&gt;&gt; pirmyn!<\/span><\/strong><\/a><\/p>\n<p><strong><a href=\"https:\/\/rmvapesale.com\/lt\/product\/uzy-qute-800-puffs-disposable-vape-original-wholesale\/\">UZY QUTE 800 puffs <span style=\"color: #ff0000\">&gt;&gt;&gt;&gt; pirmyn!<\/span><\/a>\u00a0<\/strong><\/p>\n<p><a href=\"https:\/\/rmvapesale.com\/lt\/product\/waspe-20000-puffs-dual-mesh-box-disposable-vape\/\"><strong>WASPE 20000 \u012fkv\u0117pim\u0173 <span style=\"color: #ff0000\">&gt;&gt;&gt;&gt; pirmyn!<\/span><\/strong><\/a><\/p>\n<p>&nbsp;<\/p>\n<p>&nbsp;<\/p>\n<p>Raskite daugiau garintuv\u0173, kurie jums gali patikti:<strong><em><a href=\"https:\/\/rmvapesale.com\/lt\/shop-2\/\">pirkti dabar &gt;&gt;&gt;<\/a><\/em><\/strong><\/p>","protected":false},"excerpt":{"rendered":"<p>UWIN Crystal 10000 \u012ftraukim\u0173 vienkartinis garintuvas didmenin\u0117 prekyba<br \/>\nUWIN Crystal 10000 \u012ftraukim\u0173 vienkartinio garintuvo didmenin\u0117s prekybos kaina<br \/>\nUWIN Crystal 10000 \u012ftraukim\u0173 garinimo prietaisas, 15 skoni\u0173, sand\u0117lyje<\/p>\n<p><img loading=\"lazy\" decoding=\"async\" class=\"size-full wp-image-1978\" src=\"https:\/\/rmvapesale.com\/wp-content\/uploads\/2024\/09\/Disposable-Vape-Wholesale.jpg\" alt=\"Vienkartinis garintuvas didmenin\u0117 prekyba\" width=\"229\" height=\"300\" \/><\/p>\n<h3><a href=\"https:\/\/wa.me\/8617776015835\"><span style=\"color: #ff0000\"><strong>WhatsApp: +86 17776015835<\/strong><\/span><\/a><\/h3>\n<p>&nbsp;<\/p>","protected":false},"featured_media":2962,"comment_status":"open","ping_status":"closed","template":"","meta":{"_uag_custom_page_level_css":"","_lmt_disableupdate":"no","_lmt_disable":"","site-sidebar-layout":"default","site-content-layout":"content-boxed-container","ast-site-content-layout":"normal-width-container","site-content-style":"boxed","site-sidebar-style":"unboxed","ast-global-header-display":"","ast-banner-title-visibility":"","ast-main-header-display":"","ast-hfb-above-header-display":"","ast-hfb-below-header-display":"","ast-hfb-mobile-header-display":"","site-post-title":"","ast-breadcrumbs-content":"","ast-featured-img":"","footer-sml-layout":"","ast-disable-related-posts":"","theme-transparent-header-meta":"default","adv-header-id-meta":"","stick-header-meta":"","header-above-stick-meta":"","header-main-stick-meta":"","header-below-stick-meta":"","astra-migrate-meta-layouts":"set","ast-page-background-enabled":"default","ast-page-background-meta":{"desktop":{"background-color":"var(--ast-global-color-4)","background-image":"","background-repeat":"repeat","background-position":"center center","background-size":"auto","background-attachment":"scroll","background-type":"","background-media":"","overlay-type":"","overlay-color":"","overlay-opacity":"","overlay-gradient":""},"tablet":{"background-color":"","background-image":"","background-repeat":"repeat","background-position":"center center","background-size":"auto","background-attachment":"scroll","background-type":"","background-media":"","overlay-type":"","overlay-color":"","overlay-opacity":"","overlay-gradient":""},"mobile":{"background-color":"","background-image":"","background-repeat":"repeat","background-position":"center center","background-size":"auto","background-attachment":"scroll","background-type":"","background-media":"","overlay-type":"","overlay-color":"","overlay-opacity":"","overlay-gradient":""}},"ast-content-background-meta":{"desktop":{"background-color":"var(--ast-global-color-5)","background-image":"","background-repeat":"repeat","background-position":"center center","background-size":"auto","background-attachment":"scroll","background-type":"","background-media":"","overlay-type":"","overlay-color":"","overlay-opacity":"","overlay-gradient":""},"tablet":{"background-color":"var(--ast-global-color-5)","background-image":"","background-repeat":"repeat","background-position":"center center","background-size":"auto","background-attachment":"scroll","background-type":"","background-media":"","overlay-type":"","overlay-color":"","overlay-opacity":"","overlay-gradient":""},"mobile":{"background-color":"var(--ast-global-color-5)","background-image":"","background-repeat":"repeat","background-position":"center center","background-size":"auto","background-attachment":"scroll","background-type":"","background-media":"","overlay-type":"","overlay-color":"","overlay-opacity":"","overlay-gradient":""}},"_joinchat":[]},"product_brand":[],"product_cat":[15,27,25,123,30,26,28],"product_tag":[124,66,101,105,120,116],"class_list":{"0":"post-2298","1":"product","2":"type-product","3":"status-publish","4":"has-post-thumbnail","6":"product_cat-new-vape-this-week","7":"product_cat-fance-hot-sale-vape","8":"product_cat-germany-best-selling-vape","9":"product_cat-italy-wholesale-vape","10":"product_cat-minimum-order-quantity-50pcs","11":"product_cat-netherlands-hot-sale-vape","12":"product_cat-poland-hot-sale-vape","13":"product_tag-crystal-vape","14":"product_tag-disposable-vape","15":"product_tag-led-display-vape","16":"product_tag-nicotine-free-disposable-vape","17":"product_tag-vape-wholesale","18":"product_tag-vapes","19":"desktop-align-left","20":"tablet-align-left","21":"mobile-align-left","23":"first","24":"instock","25":"sale","26":"shipping-taxable","27":"purchasable","28":"product-type-simple"},"uagb_featured_image_src":{"full":["https:\/\/rmvapesale.com\/wp-content\/uploads\/2025\/01\/Uwin-Crystal-10000-Puff-Disposable-Vape-Wholesale-Cheap-Price.webp",1000,1000,false],"thumbnail":["https:\/\/rmvapesale.com\/wp-content\/uploads\/2025\/01\/Uwin-Crystal-10000-Puff-Disposable-Vape-Wholesale-Cheap-Price-150x150.webp",150,150,true],"medium":["https:\/\/rmvapesale.com\/wp-content\/uploads\/2025\/01\/Uwin-Crystal-10000-Puff-Disposable-Vape-Wholesale-Cheap-Price-300x300.webp",300,300,true],"medium_large":["https:\/\/rmvapesale.com\/wp-content\/uploads\/2025\/01\/Uwin-Crystal-10000-Puff-Disposable-Vape-Wholesale-Cheap-Price-768x768.webp",768,768,true],"large":["https:\/\/rmvapesale.com\/wp-content\/uploads\/2025\/01\/Uwin-Crystal-10000-Puff-Disposable-Vape-Wholesale-Cheap-Price.webp",1000,1000,false],"1536x1536":["https:\/\/rmvapesale.com\/wp-content\/uploads\/2025\/01\/Uwin-Crystal-10000-Puff-Disposable-Vape-Wholesale-Cheap-Price.webp",1000,1000,false],"2048x2048":["https:\/\/rmvapesale.com\/wp-content\/uploads\/2025\/01\/Uwin-Crystal-10000-Puff-Disposable-Vape-Wholesale-Cheap-Price.webp",1000,1000,false],"trp-custom-language-flag":["https:\/\/rmvapesale.com\/wp-content\/uploads\/2025\/01\/Uwin-Crystal-10000-Puff-Disposable-Vape-Wholesale-Cheap-Price.webp",12,12,false],"woocommerce_thumbnail":["https:\/\/rmvapesale.com\/wp-content\/uploads\/2025\/01\/Uwin-Crystal-10000-Puff-Disposable-Vape-Wholesale-Cheap-Price-300x300.webp",300,300,true],"woocommerce_single":["https:\/\/rmvapesale.com\/wp-content\/uploads\/2025\/01\/Uwin-Crystal-10000-Puff-Disposable-Vape-Wholesale-Cheap-Price-600x600.webp",600,600,true],"woocommerce_gallery_thumbnail":["https:\/\/rmvapesale.com\/wp-content\/uploads\/2025\/01\/Uwin-Crystal-10000-Puff-Disposable-Vape-Wholesale-Cheap-Price-100x100.webp",100,100,true],"wcpr-photo-reviews":["https:\/\/rmvapesale.com\/wp-content\/uploads\/2025\/01\/Uwin-Crystal-10000-Puff-Disposable-Vape-Wholesale-Cheap-Price.webp",500,500,false]},"uagb_author_info":{"display_name":"AMY","author_link":"https:\/\/rmvapesale.com\/lt\/author\/"},"uagb_comment_info":0,"uagb_excerpt":"UWIN Crystal 10000 Puff Disposable Vape Wholesale UWIN Crystal 10000 Puff Disposable Vape Bulk Buy Price UWIN Crystal 10000 Puff Vape Pod 15 Flavor in Stock WhatsApp: +86 17776015835 &nbsp;","_links":{"self":[{"href":"https:\/\/rmvapesale.com\/lt\/wp-json\/wp\/v2\/product\/2298","targetHints":{"allow":["GET"]}}],"collection":[{"href":"https:\/\/rmvapesale.com\/lt\/wp-json\/wp\/v2\/product"}],"about":[{"href":"https:\/\/rmvapesale.com\/lt\/wp-json\/wp\/v2\/types\/product"}],"replies":[{"embeddable":true,"href":"https:\/\/rmvapesale.com\/lt\/wp-json\/wp\/v2\/comments?post=2298"}],"wp:featuredmedia":[{"embeddable":true,"href":"https:\/\/rmvapesale.com\/lt\/wp-json\/wp\/v2\/media\/2962"}],"wp:attachment":[{"href":"https:\/\/rmvapesale.com\/lt\/wp-json\/wp\/v2\/media?parent=2298"}],"wp:term":[{"taxonomy":"product_brand","embeddable":true,"href":"https:\/\/rmvapesale.com\/lt\/wp-json\/wp\/v2\/product_brand?post=2298"},{"taxonomy":"product_cat","embeddable":true,"href":"https:\/\/rmvapesale.com\/lt\/wp-json\/wp\/v2\/product_cat?post=2298"},{"taxonomy":"product_tag","embeddable":true,"href":"https:\/\/rmvapesale.com\/lt\/wp-json\/wp\/v2\/product_tag?post=2298"}],"curies":[{"name":"wp","href":"https:\/\/api.w.org\/{rel}","templated":true}]}}