{"id":2329,"date":"2024-10-10T09:22:12","date_gmt":"2024-10-10T09:22:12","guid":{"rendered":"https:\/\/rmvapesale.com\/?post_type=product&#038;p=2329"},"modified":"2024-10-22T07:41:39","modified_gmt":"2024-10-22T07:41:39","slug":"bang-box-30000-puff-double-taste-smart-screen-disposable-vape","status":"publish","type":"product","link":"https:\/\/rmvapesale.com\/lt\/product\/bang-box-30000-puff-double-taste-smart-screen-disposable-vape\/","title":{"rendered":"\u201eBang Box 30000 Puff\u201c dvigubo skonio i\u0161manusis ekranas, vienkartinis elektroninis cigare\u010di\u0173 prietaisas"},"content":{"rendered":"<div class=\"B2VR9 CJHX3e\">\n<div class=\"wyccme\">\n<h1 class=\"LC20lb MBeuO DKV0Md\">Bang Box 30000 P\u016btim\u0173 dvigubo skonio i\u0161manusis ekranas vienkartinis garintuvas didmena<\/h1>\n<div class=\"flex-shrink-0 flex flex-col relative items-end\">\n<div>\n<div class=\"pt-0\">\n<div class=\"gizmo-bot-avatar flex h-8 w-8 items-center justify-center overflow-hidden rounded-full\">\n<div class=\"relative p-1 rounded-sm flex items-center justify-center bg-token-main-surface-primary text-token-text-primary h-8 w-8\">\n<p>Ie\u0161kote geriausio garintuvo su didele talpa? \u0160is <strong>\u201eBang Box 30000 Puff\u201c dvigubo skonio i\u0161manusis ekranas, vienkartinis elektroninis cigare\u010di\u0173 prietaisas<\/strong> jums puikiai tiks! Su \u012fsp\u016bdingais 30 000 \u012fp\u016btim\u0173, \u0161is prietaisas u\u017etikrina, kad garinsite kelias dienas \u2013 tiesiogine prasme.<\/p>\n<p>Supakuotas su <strong>36 ml e-skys\u010dio<\/strong> ir maitinamas <strong>550 mAh \u012fkraunama baterija<\/strong>, \u201eBang Box\u201c sukurtas ilgalaikiam veikimui. Jame yra <strong>tinklin\u0117 kaitinimo spiral\u0117<\/strong>, u\u017etikrinant skland\u0173 ir sodr\u0173 skon\u012f su kiekvienu \u012fp\u016btimu. The <strong>LCD skaitmeninis ekranas<\/strong> nuolat jus informuoja, i\u0161 pirmo \u017evilgsnio parodydamas akumuliatoriaus \u012fkrov\u0105 ir e-skys\u010dio lyg\u012f, kad neb\u016bt\u0173 joki\u0173 staigmen\u0173!<\/p>\n<p>Su <strong>be nikotino<\/strong> tokie variantai kaip 0%, <strong>Ma\u017eai nikotino <\/strong>tokie variantai kaip 2% ir kitas nikotinas, pavyzd\u017eiui, 3% ir 5%, galite pasirinkti sau tinkam\u0105 stiprum\u0105. Ir nepamir\u0161kime jaudinan\u010dios <strong>dvigubo skonio funkcijos<\/strong>\u2013 si\u016blanti dvigub\u0105 skon\u012f viename \u012frenginyje, kad patirtum\u0117te neprilygstam\u0105 patirt\u012f!<\/p>\n<p>Lengvai \u012fkraukite su <strong>Type-C<\/strong> prievadu ir v\u0117l b\u016bsite pasiruo\u0161\u0119. <strong>Bang Box 30000 P\u016btim\u0173<\/strong> puikiai tinka didmeniniams pirk\u0117jams, norintiems pasi\u016blyti klientams ka\u017ek\u0105, kas yra galingas ir pilnas skonio.<\/p>\n<p>Papildykite atsargas dabar ir m\u0117gaukit\u0117s <strong>Bang Box 30000 P\u016btim\u0173 dvigubo skonio i\u0161manusis ekranas vienkartinis garintuvas didmena<\/strong>!<\/p>\n<p>&nbsp;<\/p>\n<\/div>\n<\/div>\n<\/div>\n<\/div>\n<\/div>\n<\/div>\n<\/div>\n<p><strong>Susisiekite su Amy, kad gautum\u0117te teising\u0105 atsakym\u0105 ir daugiau produkt\u0173 vaizdo \u012fra\u0161\u0173!<\/strong><\/p>\n<p><img loading=\"lazy\" decoding=\"async\" class=\"size-full wp-image-1978\" src=\"https:\/\/rmvapesale.com\/wp-content\/uploads\/2024\/09\/Disposable-Vape-Wholesale.jpg\" alt=\"Vienkartinis garintuvas didmenin\u0117 prekyba\" width=\"229\" height=\"300\" \/><\/p>\n<h3><a href=\"https:\/\/wa.me\/8617776015835\" target=\"_blank\" rel=\"noopener\"><span style=\"color: #ff0000\"><strong>WhatsApp: +86 17776015835<\/strong><\/span><\/a><\/h3>\n<p>&nbsp;<\/p>\n<h2><\/h2>\n<h2><strong>Bang Box 30000 P\u016btim\u0173 Dvigubo Skonio Garintuvo Pagrindin\u0117s Savyb\u0117s<\/strong><\/h2>\n<p>&nbsp;<\/p>\n<ul>\n<li><strong>Didelis p\u016btim\u0173 skai\u010dius<\/strong>: M\u0117gaukit\u0117s iki 30 000 p\u016btim\u0173, tod\u0117l jis puikiai tinka kasdieniam garinimui be nuolatinio keitimo.<\/li>\n<li><strong>Didel\u0117 e-skys\u010dio talpa<\/strong>: Su 35 ml talpa, \u0161is garintuvas suma\u017eina poreik\u012f da\u017enai pildyti, si\u016blydamas ilgesn\u012f naudojim\u0105.<\/li>\n<li><strong>\u012ekraunama baterija<\/strong>: \u012erengtas 850 mAh baterija, jis u\u017etikrina ilgalaik\u012f veikim\u0105 ir lengv\u0105 \u012fkrovim\u0105.<\/li>\n<li><strong>C tipo \u012fkrovimas<\/strong>: \u012ekraukite greitai ir patogiai naudodami moderni\u0105 C tipo jungt\u012f.<\/li>\n<li><strong>Dvigubo tinklelio rit\u0117s technologija<\/strong>: Patirkite pagerint\u0105 skon\u012f ir gaus\u0173 gar\u0173 gamyb\u0105, kad garinimas b\u016bt\u0173 labiau patenkinantis.<\/li>\n<li><strong>I\u0161manusis Ekranas<\/strong>: B\u016bkite informuoti su skaitmeniniu i\u0161maniuoju ekranu, kuris rodo j\u016bs\u0173 baterijos ir e-skys\u010dio lygius.<\/li>\n<li><strong>Reguliuojamas oro srautas<\/strong>: Tiksliai sureguliuokite savo traukim\u0105 su dvigubu korio oro srauto valdymu, kad gautum\u0117te pritaikyt\u0105 garinimo patirt\u012f.<\/li>\n<li><strong>Nikotino parinktys<\/strong>: Galimi 0%, 2%, 3% ir 5% nikotino lygiai, atitinkantys skirtingus pageidavimus.<\/li>\n<\/ul>\n<h2><\/h2>\n<h2><strong>Populiariausias skonis Bang Box 30000 P\u016btim\u0173 E Cigaretei\u00a0<\/strong><\/h2>\n<p>Bang Box 30000 Puff Smart Screen Vienkartinis Vape si\u016blo 12 puiki\u0173 skoni\u0173, rinkit\u0117s i\u0161 \u012fvairi\u0173 skoni\u0173, \u012fskaitant klasikin\u012f gaiv\u0173 v\u0117s\u0173 m\u0117t\u0173 ir egzoti\u0161k\u0105 vynuogi\u0173 saldum\u0105, kiekvienas \u017eada sodri\u0105, patenkinam\u0105 kelion\u0119 su kiekvienu \u012fkv\u0117pimu.<\/p>\n<p>1. \u017demuog\u0117 Kiviai<br \/>\n2. Juodas Sprogimas <span style=\"color: #ff0000\"><strong>&gt;&gt;&gt;&gt; Kar\u0161ta!<\/strong><\/span><br \/>\n3. Bra\u0161ki\u0173 arb\u016bzas<br \/>\n4. D\u017eiungli\u0173 sultys<br \/>\n5. \u0160ilauogi\u0173 r\u016bg\u0161\u010di\u0173 avie\u010di\u0173 ledas <span style=\"color: #ff0000\"><strong>&gt;&gt;&gt;&gt; Kar\u0161ta!<\/strong><\/span><br \/>\n6. Arb\u016bz\u0173 ledas<br \/>\n7. \u0160ilauogi\u0173 ledas<br \/>\n8. \u0160ilauog\u0117 granatas<br \/>\n9. M\u0117lynasis sprogimas <span style=\"color: #ff0000\"><strong>&gt;&gt;&gt;&gt; Geriausias!<\/strong><\/span><br \/>\n10. Obuolys persikas<br \/>\n11. Pasifloros vaisius<br \/>\n12. Dviguba vynuog\u0117<\/p>\n<figure id=\"attachment_2316\" aria-describedby=\"caption-attachment-2316\" style=\"width: 487px\" class=\"wp-caption alignnone\"><img loading=\"lazy\" decoding=\"async\" class=\"wp-image-2316 size-full\" src=\"https:\/\/rmvapesale.com\/wp-content\/uploads\/2024\/10\/Bang-Box-30k-Puffs-Factory-Price-New-Vape-This-Week.jpg\" alt=\"Bang Box 30k P\u016btim\u0173 Gamyklos Kaina Naujas Garintuvas \u0160i\u0105 Savait\u0119\" width=\"487\" height=\"800\" srcset=\"https:\/\/rmvapesale.com\/wp-content\/uploads\/2024\/10\/Bang-Box-30k-Puffs-Factory-Price-New-Vape-This-Week.jpg 487w, https:\/\/rmvapesale.com\/wp-content\/uploads\/2024\/10\/Bang-Box-30k-Puffs-Factory-Price-New-Vape-This-Week-183x300.jpg 183w\" sizes=\"auto, (max-width: 487px) 100vw, 487px\" \/><figcaption id=\"caption-attachment-2316\" class=\"wp-caption-text\">Bang Box 30k P\u016btim\u0173 Gamyklos Kaina Naujas Garintuvas \u0160i\u0105 Savait\u0119<\/figcaption><\/figure>\n<h3>Kod\u0117l rinktis Rmvapesale didmeniniam pirkimui Bang Box 30000 P\u016btim\u0173?<\/h3>\n<div class=\"flex-shrink-0 flex flex-col relative items-end\">\n<div>\n<div class=\"pt-0\">\n<div class=\"gizmo-bot-avatar flex h-8 w-8 items-center justify-center overflow-hidden rounded-full\">\n<div class=\"relative p-1 rounded-sm flex items-center justify-center bg-token-main-surface-primary text-token-text-primary h-8 w-8\">\n<p>&nbsp;<\/p>\n<p>Pasirink\u0119 Rmvapesale didmeniniams vienkartini\u0173 garintuv\u0173 poreikiams, gausite naudos i\u0161:<\/p>\n<ul>\n<li><strong>Konkurencinga Kaina<\/strong>: Gaukite patrauklias didmenines kainas, kurios padidins j\u016bs\u0173 verslo mar\u017eas.<\/li>\n<li><strong>Auk\u0161ta Kokyb\u0117<\/strong>: M\u016bs\u0173 garintuvai gaminami pagal auk\u0161\u010diausius standartus ir <span style=\"color: #ff0000\"><strong>garantuotai 100% original\u016bs ir autenti\u0161ki, kitaip u\u017e padirbtas prekes bus atlyginta 10 kart\u0173!<\/strong><\/span><\/li>\n<li><strong>Puikus klient\u0173 aptarnavimas<\/strong>: M\u016bs\u0173 atsidavusi komanda visada pasiruo\u0161usi jums pad\u0117ti, kad pirkimo procesas b\u016bt\u0173 sklandus ir be r\u016bpes\u010di\u0173.<\/li>\n<li><strong>Greitas pristatymas<\/strong>: Tik\u0117kit\u0117s greito ir patikimo pristatymo, u\u017etikrinan\u010dio, kad j\u016bs\u0173 u\u017esakymai visada atvykt\u0173 laiku.<\/li>\n<\/ul>\n<h3><\/h3>\n<h3><b>DUK<\/b><\/h3>\n<p>&nbsp;<\/p>\n<\/div>\n<\/div>\n<\/div>\n<\/div>\n<\/div>\n<div class=\"group\/conversation-turn relative flex w-full min-w-0 flex-col agent-turn\">\n<div class=\"flex-col gap-1 md:gap-3\">\n<div class=\"flex max-w-full flex-col flex-grow\">\n<div class=\"min-h-8 text-message flex w-full flex-col items-end gap-2 whitespace-normal break-words [.text-message+&amp;]:mt-5\" dir=\"auto\" data-message-author-role=\"assistant\" data-message-id=\"f226d3fc-81f3-46d5-8c46-31787fff0357\">\n<div class=\"flex w-full flex-col gap-1 empty:hidden first:pt-[3px]\">\n<div class=\"markdown prose w-full break-words dark:prose-invert light\">\n<p><strong>K1: Kuo ypatingas Bang Box 30000 P\u016btim\u0173 Dvigubo Skonio Vienkartinis Garintuvas?<\/strong><br \/>\nA1: \u201e <strong>Bang Box 30000 P\u016btim\u0173 Dvigubo Skonio Vienkartinis Garintuvas<\/strong> si\u016blo iki 30 000 p\u016btim\u0173 ir pasi\u017eymi <strong>dvigubo skonio technologija<\/strong>, leid\u017eiantis viename \u012frenginyje perjungti du skonius. Jame taip pat yra i\u0161manusis LED ekranas, rodantis tiek baterijos, tiek e-skys\u010dio lygius, u\u017etikrinantis patog\u0173 ir patobulint\u0105 garinimo potyr\u012f.<\/p>\n<p><strong>K2: Kokie skoniai yra prieinami Bang Box 30000 P\u016btim\u0173 Dvigubo Skonio Vienkartiniam Garintuvui?<\/strong><br \/>\nA2: Galima rinktis i\u0161 12 gard\u017ei\u0173 skoni\u0173, \u012fskaitant <strong>Bra\u0161ki\u0173 ir kivi\u0173<\/strong>, <strong>Juod\u0173j\u0173 serbent\u0173 sprogimas<\/strong>, <strong>Arb\u016bz\u0173 ledas<\/strong>, <strong>M\u0117lyni\u0173 ir granat\u0173<\/strong>, ir <strong>Dvigubos vynuog\u0117s<\/strong>. Nesvarbu, ar labiau m\u0117gstate vaisinius, ar \u0161altus skonius, tikrai rasite ka\u017ek\u0105 sau!<\/p>\n<p><strong>K3: Kaip veikia i\u0161manusis ekranas Bang Box 30000 P\u016btim\u0173 Dvigubo Skonio I\u0161maniajame Garintuve?<\/strong><br \/>\nA3: <strong>LED ekrano<\/strong> rodo svarbias detales, tokias kaip baterijos ir e-skys\u010dio lygis, tod\u0117l lengva sekti j\u016bs\u0173 \u012frenginio b\u016bkl\u0119.<\/p>\n<p><strong>Q4: Kokia yra Bang 30000 Puff Double Taste vienkartinio garintuvo e-skys\u010dio talpa?<\/strong><br \/>\nA4: \u0160is garintuvas turi didel\u0119 <strong>35 ml e-skys\u010dio talp\u0105<\/strong>, u\u017etikrinan\u010di\u0105 ilgalaik\u012f naudojim\u0105 be da\u017eno papildymo.<\/p>\n<p><strong>Q5: Kokios yra Bang Box 30000 Puff Double Flavor Smart garintuvo nikotino parinktys?<\/strong><br \/>\nA5: Galite rinktis i\u0161 <strong>0%, 2%, 3% ir 5% nikotino stiprumo<\/strong>, suteikdami lankstum\u0105 priklausomai nuo j\u016bs\u0173 pageidavim\u0173.<\/p>\n<p><strong>Q6: Ar Bang Box 30000 Puff Double Taste Smart garintuvas yra \u012fkraunamas?<\/strong><br \/>\nA6: Taip, prietaisas turi <strong>C tipo \u012fkrovimo prievadas<\/strong> ir <strong>850 mAh baterij\u0105<\/strong>, tod\u0117l j\u012f galima greitai ir lengvai \u012fkrauti.<\/p>\n<p><strong>Q7: Ar galiu pirkti Bang 30000 Puff Double Taste Smart garintuv\u0105 didmenin\u0117je prekyboje?<\/strong><br \/>\nA7: Taip, <strong>Bang 30000 Puff Double Taste Smart Garintuv\u0173 Didmenin\u0117 Prekyba<\/strong> parinktys yra prieinamos ma\u017emenininkams, norintiems papildyti \u0161io populiaraus prietaiso atsargas.<\/p>\n<\/div>\n<\/div>\n<\/div>\n<\/div>\n<\/div>\n<\/div>\n<p>&nbsp;<\/p>\n<h3><\/h3>\n<h3>Apie siuntim\u0105<\/h3>\n<div class=\"flex-shrink-0 flex flex-col relative items-end\">\n<div>\n<div class=\"pt-0\">\n<div class=\"gizmo-bot-avatar flex h-8 w-8 items-center justify-center overflow-hidden rounded-full\">\n<div><\/div>\n<div class=\"relative p-1 rounded-sm flex items-center justify-center bg-token-main-surface-primary text-token-text-primary h-8 w-8\"><strong>1. Kokie siuntimo b\u016bdai naudojami?<\/strong><\/div>\n<\/div>\n<\/div>\n<\/div>\n<\/div>\n<div class=\"group\/conversation-turn relative flex w-full min-w-0 flex-col agent-turn\">\n<div class=\"flex-col gap-1 md:gap-3\">\n<div class=\"flex max-w-full flex-col flex-grow\">\n<div class=\"min-h-[20px] text-message flex w-full flex-col items-end gap-2 whitespace-normal break-words [.text-message+&amp;]:mt-5 overflow-x-auto\" dir=\"auto\" data-message-author-role=\"assistant\" data-message-id=\"22f8283b-3233-46ff-89a5-c7a41b33abda\">\n<div class=\"flex w-full flex-col gap-1 empty:hidden first:pt-[3px]\">\n<div class=\"markdown prose w-full break-words dark:prose-invert light\">\n<p>Mes bendradarbiaujame su UPS, DHL, FedEx, DPD ir kitais pirmaujan\u010diais ve\u017e\u0117jais. Mes parinksime geriausi\u0105 siuntimo b\u016bd\u0105, atsi\u017evelgdami \u012f j\u016bs\u0173 pristatymo viet\u0105, kad u\u017etikrintume, jog gaminiai jus pasieks kuo grei\u010diau.<\/p>\n<\/div>\n<p><strong>2. Per kiek laiko prek\u0117s atkeliauja?<\/strong><\/p>\n<p>\u012e Lietuv\u0105 siun\u010diami siuntiniai paprastai atvyksta per 10 darbo dien\u0173. Siuntimas \u012f Europos \u0161alis paprastai trunka apie 12\u201315 darbo dien\u0173. Mes teikiame realiuoju laiku atnaujinam\u0105 informacij\u0105 apie j\u016bs\u0173 siuntos b\u016bsen\u0105.<\/p>\n<\/div>\n<\/div>\n<\/div>\n<\/div>\n<\/div>\n<p>&nbsp;<\/p>\n<p>Kiti populiar\u016bs garintuvai, kurie jums gali patikti:<\/p>\n<p><a href=\"https:\/\/rmvapesale.com\/lt\/product\/aivono-aim-magic-20000-20k-puffs-disposable-vape-pod\/\"><strong>\u201eAivono Aim Magic 20000 Puff\u201c\u00a0 \u00a0<span style=\"color: #ff0000\">&gt;&gt;&gt;&gt; pirmyn!<\/span><\/strong><\/a><\/p>\n<p><strong><a href=\"https:\/\/rmvapesale.com\/lt\/product\/waspe-fihp-30000-puffs-led-display-disposable-vape-box\/\">WASPE FIHP 30000 d\u016bm\u0173 <span style=\"color: #ff0000\">&gt;&gt;&gt;&gt; pirmyn!<\/span><\/a>\u00a0<\/strong><\/p>\n<p><a href=\"https:\/\/rmvapesale.com\/lt\/product\/bang-box-30000-puff-smart-screen-disposable-vape-wholesale\/\"><strong>Bang Box 30000 P\u016btim\u0173 I\u0161manusis ekranas <span style=\"color: #ff0000\">&gt;&gt;&gt;&gt; pirmyn!<\/span><\/strong><\/a><\/p>\n<p>&nbsp;<\/p>\n<p>&nbsp;<\/p>\n<p>Raskite daugiau garintuv\u0173, kurie jums gali patikti:<strong><em><a href=\"https:\/\/rmvapesale.com\/lt\/shop-2\/\">pirkti dabar &gt;&gt;&gt;<\/a><\/em><\/strong><\/p>","protected":false},"excerpt":{"rendered":"<p>Bang Box 30000 Puffs Smart Screen Vienkartin\u0117s elektronin\u0117s cigaret\u0117s<br \/>\nBang Vape Box 30000 P\u016btim\u0173 dvigubo skonio vienkartinis garintuvas didmena<br \/>\nBang Box 30000 P\u016btim\u0173 0% 2% 3% 5% be nikotino vienkartinis garintuvas<\/p>\n<p><img loading=\"lazy\" decoding=\"async\" class=\"size-full wp-image-1978\" src=\"https:\/\/rmvapesale.com\/wp-content\/uploads\/2024\/09\/Disposable-Vape-Wholesale.jpg\" alt=\"Vienkartinis garintuvas didmenin\u0117 prekyba\" width=\"229\" height=\"300\" \/><\/p>\n<h3><a href=\"https:\/\/wa.me\/8617776015835\"><span style=\"color: #ff0000\"><strong>WhatsApp: +86 17776015835<\/strong><\/span><\/a><\/h3>\n<p>&nbsp;<\/p>","protected":false},"featured_media":2315,"comment_status":"open","ping_status":"closed","template":"","meta":{"_uag_custom_page_level_css":"","_lmt_disableupdate":"no","_lmt_disable":"","site-sidebar-layout":"default","site-content-layout":"content-boxed-container","ast-site-content-layout":"normal-width-container","site-content-style":"boxed","site-sidebar-style":"unboxed","ast-global-header-display":"","ast-banner-title-visibility":"","ast-main-header-display":"","ast-hfb-above-header-display":"","ast-hfb-below-header-display":"","ast-hfb-mobile-header-display":"","site-post-title":"","ast-breadcrumbs-content":"","ast-featured-img":"","footer-sml-layout":"","ast-disable-related-posts":"","theme-transparent-header-meta":"default","adv-header-id-meta":"","stick-header-meta":"","header-above-stick-meta":"","header-main-stick-meta":"","header-below-stick-meta":"","astra-migrate-meta-layouts":"set","ast-page-background-enabled":"default","ast-page-background-meta":{"desktop":{"background-color":"var(--ast-global-color-4)","background-image":"","background-repeat":"repeat","background-position":"center center","background-size":"auto","background-attachment":"scroll","background-type":"","background-media":"","overlay-type":"","overlay-color":"","overlay-opacity":"","overlay-gradient":""},"tablet":{"background-color":"","background-image":"","background-repeat":"repeat","background-position":"center center","background-size":"auto","background-attachment":"scroll","background-type":"","background-media":"","overlay-type":"","overlay-color":"","overlay-opacity":"","overlay-gradient":""},"mobile":{"background-color":"","background-image":"","background-repeat":"repeat","background-position":"center center","background-size":"auto","background-attachment":"scroll","background-type":"","background-media":"","overlay-type":"","overlay-color":"","overlay-opacity":"","overlay-gradient":""}},"ast-content-background-meta":{"desktop":{"background-color":"var(--ast-global-color-5)","background-image":"","background-repeat":"repeat","background-position":"center center","background-size":"auto","background-attachment":"scroll","background-type":"","background-media":"","overlay-type":"","overlay-color":"","overlay-opacity":"","overlay-gradient":""},"tablet":{"background-color":"var(--ast-global-color-5)","background-image":"","background-repeat":"repeat","background-position":"center center","background-size":"auto","background-attachment":"scroll","background-type":"","background-media":"","overlay-type":"","overlay-color":"","overlay-opacity":"","overlay-gradient":""},"mobile":{"background-color":"var(--ast-global-color-5)","background-image":"","background-repeat":"repeat","background-position":"center center","background-size":"auto","background-attachment":"scroll","background-type":"","background-media":"","overlay-type":"","overlay-color":"","overlay-opacity":"","overlay-gradient":""}},"_joinchat":[]},"product_brand":[],"product_cat":[15,60,27,25,123,30,26,28,137,136,135],"product_tag":[63,66,125,126,101,105,127,120],"class_list":{"0":"post-2329","1":"product","2":"type-product","3":"status-publish","4":"has-post-thumbnail","6":"product_cat-new-vape-this-week","7":"product_cat-bang-vapes","8":"product_cat-fance-hot-sale-vape","9":"product_cat-germany-best-selling-vape","10":"product_cat-italy-wholesale-vape","11":"product_cat-minimum-order-quantity-50pcs","12":"product_cat-netherlands-hot-sale-vape","13":"product_cat-poland-hot-sale-vape","14":"product_cat-rechargeable-vapes","15":"product_cat-smart-screen-vapes","16":"product_cat-spain-best-hot-sale-vape","17":"product_tag-bang-vapes","18":"product_tag-disposable-vape","19":"product_tag-disposable-vape-italy","20":"product_tag-e-cigarettes","21":"product_tag-led-display-vape","22":"product_tag-nicotine-free-disposable-vape","23":"product_tag-puff-30k","24":"product_tag-vape-wholesale","25":"desktop-align-left","26":"tablet-align-left","27":"mobile-align-left","29":"first","30":"instock","31":"sale","32":"shipping-taxable","33":"purchasable","34":"product-type-simple"},"uagb_featured_image_src":{"full":["https:\/\/rmvapesale.com\/wp-content\/uploads\/2024\/10\/Bang-Box-30k-Puffs-Discount-Price-Fashion-Vape.jpg",800,800,false],"thumbnail":["https:\/\/rmvapesale.com\/wp-content\/uploads\/2024\/10\/Bang-Box-30k-Puffs-Discount-Price-Fashion-Vape-150x150.jpg",150,150,true],"medium":["https:\/\/rmvapesale.com\/wp-content\/uploads\/2024\/10\/Bang-Box-30k-Puffs-Discount-Price-Fashion-Vape-300x300.jpg",300,300,true],"medium_large":["https:\/\/rmvapesale.com\/wp-content\/uploads\/2024\/10\/Bang-Box-30k-Puffs-Discount-Price-Fashion-Vape-768x768.jpg",768,768,true],"large":["https:\/\/rmvapesale.com\/wp-content\/uploads\/2024\/10\/Bang-Box-30k-Puffs-Discount-Price-Fashion-Vape.jpg",800,800,false],"1536x1536":["https:\/\/rmvapesale.com\/wp-content\/uploads\/2024\/10\/Bang-Box-30k-Puffs-Discount-Price-Fashion-Vape.jpg",800,800,false],"2048x2048":["https:\/\/rmvapesale.com\/wp-content\/uploads\/2024\/10\/Bang-Box-30k-Puffs-Discount-Price-Fashion-Vape.jpg",800,800,false],"trp-custom-language-flag":["https:\/\/rmvapesale.com\/wp-content\/uploads\/2024\/10\/Bang-Box-30k-Puffs-Discount-Price-Fashion-Vape.jpg",12,12,false],"woocommerce_thumbnail":["https:\/\/rmvapesale.com\/wp-content\/uploads\/2024\/10\/Bang-Box-30k-Puffs-Discount-Price-Fashion-Vape-300x300.jpg",300,300,true],"woocommerce_single":["https:\/\/rmvapesale.com\/wp-content\/uploads\/2024\/10\/Bang-Box-30k-Puffs-Discount-Price-Fashion-Vape-600x600.jpg",600,600,true],"woocommerce_gallery_thumbnail":["https:\/\/rmvapesale.com\/wp-content\/uploads\/2024\/10\/Bang-Box-30k-Puffs-Discount-Price-Fashion-Vape-100x100.jpg",100,100,true],"wcpr-photo-reviews":["https:\/\/rmvapesale.com\/wp-content\/uploads\/2024\/10\/Bang-Box-30k-Puffs-Discount-Price-Fashion-Vape.jpg",500,500,false]},"uagb_author_info":{"display_name":"AMY","author_link":"https:\/\/rmvapesale.com\/lt\/author\/"},"uagb_comment_info":0,"uagb_excerpt":"Bang Box 30000 Puffs Smart Screen Disposable E Cigarettes Bang Vape Box 30000 Puffs Duble Taste Disposable Vape Wholesale Bang Box 30000 Puffs 0% 2% 3% 5% Free Nicotine Disposable Vape WhatsApp: +86 17776015835 &nbsp;","_links":{"self":[{"href":"https:\/\/rmvapesale.com\/lt\/wp-json\/wp\/v2\/product\/2329","targetHints":{"allow":["GET"]}}],"collection":[{"href":"https:\/\/rmvapesale.com\/lt\/wp-json\/wp\/v2\/product"}],"about":[{"href":"https:\/\/rmvapesale.com\/lt\/wp-json\/wp\/v2\/types\/product"}],"replies":[{"embeddable":true,"href":"https:\/\/rmvapesale.com\/lt\/wp-json\/wp\/v2\/comments?post=2329"}],"wp:featuredmedia":[{"embeddable":true,"href":"https:\/\/rmvapesale.com\/lt\/wp-json\/wp\/v2\/media\/2315"}],"wp:attachment":[{"href":"https:\/\/rmvapesale.com\/lt\/wp-json\/wp\/v2\/media?parent=2329"}],"wp:term":[{"taxonomy":"product_brand","embeddable":true,"href":"https:\/\/rmvapesale.com\/lt\/wp-json\/wp\/v2\/product_brand?post=2329"},{"taxonomy":"product_cat","embeddable":true,"href":"https:\/\/rmvapesale.com\/lt\/wp-json\/wp\/v2\/product_cat?post=2329"},{"taxonomy":"product_tag","embeddable":true,"href":"https:\/\/rmvapesale.com\/lt\/wp-json\/wp\/v2\/product_tag?post=2329"}],"curies":[{"name":"wp","href":"https:\/\/api.w.org\/{rel}","templated":true}]}}