{"id":2344,"date":"2024-10-11T03:13:13","date_gmt":"2024-10-11T03:13:13","guid":{"rendered":"https:\/\/rmvapesale.com\/?post_type=product&#038;p=2344"},"modified":"2024-10-11T04:01:54","modified_gmt":"2024-10-11T04:01:54","slug":"mrvi-puffing-15000-puff-disposable-vape-box","status":"publish","type":"product","link":"https:\/\/rmvapesale.com\/lt\/product\/mrvi-puffing-15000-puff-disposable-vape-box\/","title":{"rendered":"MRVI PUFFING 15000 d\u016bm\u0173 vienkartin\u0117 elektronini\u0173 cigare\u010di\u0173 d\u0117\u017eut\u0117"},"content":{"rendered":"<div class=\"B2VR9 CJHX3e\">\n<div class=\"wyccme\">\n<h1 class=\"LC20lb MBeuO DKV0Md\">MRVI PUFFING 15000 d\u016bm\u0173 vienkartin\u0117 elektronini\u0173 cigare\u010di\u0173 d\u0117\u017eut\u0117<\/h1>\n<div class=\"flex-shrink-0 flex flex-col relative items-end\">\n<div class=\"pt-0\">\n<div class=\"gizmo-bot-avatar flex h-8 w-8 items-center justify-center overflow-hidden rounded-full\">\n<div class=\"relative p-1 rounded-sm flex items-center justify-center bg-token-main-surface-primary text-token-text-primary h-8 w-8\">\n<p>Pasiruo\u0161kite puikiai garinimo patir\u010diai su MRVI PUFFING 15000 P\u016btim\u0173 Vienkartine Vape D\u0117\u017eute! Sukurta tiems, kurie trok\u0161ta ilgalaikio veikimo, \u0161i vape suteikia 15 000 p\u016btim\u0173, u\u017etikrinant, kad gal\u0117site ja m\u0117gautis ilgai be r\u016bpes\u010di\u0173.<\/p>\n<p>\u012erengta galinga 750mAh \u012fkraunama baterija ir C tipo \u012fkrovimo prievadas, niekada neliksite be energijos. 25 ml elektroninio skys\u010dio talpa ir dvigubo tinklelio rit\u0117s technologija u\u017etikrina sodrius, skanius d\u016bmus kiekvien\u0105 kart\u0105. Be to, galite steb\u0117ti savo naudojim\u0105 patogiu elektroninio skys\u010dio ir maitinimo ekrano d\u0117ka.<\/p>\n<p>Pasirinkite 2% arba 5% nikotino stiprum\u0105, priklausomai nuo j\u016bs\u0173 pageidavim\u0173. O kad viskas b\u016bt\u0173 tobula, MRVI Puffing komplektuojamas su stilingu dir\u017eeliu, tod\u0117l j\u012f lengva ne\u0161iotis visur, kur einate!<\/p>\n<p>Puikiai tinka tiems, kurie m\u0117gsta patogum\u0105 ir na\u0161um\u0105, MRVI PUFFING 15000 P\u016btim\u0173 Vienkartin\u0117 Vape D\u0117\u017eut\u0117 leis j\u016bs\u0173 klientams gr\u012f\u017eti dar kart\u0105 MRVI PUFFING 15000 P\u016btim\u0173 Vienkartin\u0117 Vape D\u0117\u017eut\u0117<\/p>\n<p>&nbsp;<\/p>\n<\/div>\n<\/div>\n<\/div>\n<\/div>\n<\/div>\n<\/div>\n<p><strong>Susisiekite su Amy, kad gautum\u0117te teising\u0105 atsakym\u0105 ir daugiau produkt\u0173 vaizdo \u012fra\u0161\u0173!<\/strong><\/p>\n<p><img loading=\"lazy\" decoding=\"async\" class=\"size-full wp-image-1978\" src=\"https:\/\/rmvapesale.com\/wp-content\/uploads\/2024\/09\/Disposable-Vape-Wholesale.jpg\" alt=\"Vienkartinis garintuvas didmenin\u0117 prekyba\" width=\"229\" height=\"300\" \/><\/p>\n<h3><a href=\"https:\/\/wa.me\/8617776015835\" target=\"_blank\" rel=\"noopener\"><span style=\"color: #ff0000\"><strong>WhatsApp: +86 17776015835<\/strong><\/span><\/a><\/h3>\n<p>&nbsp;<\/p>\n<h2><\/h2>\n<h2><strong>MRVI PUFFING 15000 P\u016btim\u0173 Pagrindin\u0117s Savyb\u0117s<\/strong><\/h2>\n<ul>\n<li><strong>Didelis p\u016btim\u0173 skai\u010dius<\/strong>: M\u0117gaukit\u0117s iki <strong>15 000 p\u016btim\u0173<\/strong>, u\u017etikrinant ilgalaik\u0119 garinimo patirt\u012f be da\u017en\u0173 pakeitim\u0173.<\/li>\n<li><strong>E-skys\u010dio talpa<\/strong>: <strong>25 ml elektroninio skys\u010dio bakas<\/strong> suteikia ilgalaik\u012f naudojim\u0105, suma\u017einant poreik\u012f papildyti.<\/li>\n<li><strong>\u012ekraunama baterija<\/strong>: Maitinamas <strong>750mAh baterija<\/strong>, u\u017etikrinant patikim\u0105 veikim\u0105 su \u012fkrovimo patogumu.<\/li>\n<li><strong>C tipo \u012fkrovimas<\/strong>: Greitas ir efektyvus \u012fkrovimas su \u0161iuolaiki\u0161ku <strong>C tipo prievadas<\/strong>, kad b\u016btum\u0117te pasiruo\u0161\u0119 per trump\u0105 laik\u0105.<\/li>\n<li><strong>Dvigubo tinklelio rit\u0117s technologija<\/strong>: Pagerinkite savo garinimo patirt\u012f su <strong>dvigubo tinklelio rit\u0117mis<\/strong>, si\u016blan\u010diomis sodr\u0173 skon\u012f ir skland\u0173 gar\u0173 gamyb\u0105.<\/li>\n<li><strong>I\u0161manusis ekrano ekranas<\/strong>: B\u016bkite informuoti su <strong>skaitmeniniu ekranu<\/strong> kuriame i\u0161 pirmo \u017evilgsnio rodomas tiek e-skys\u010dio lygis, tiek baterijos veikimo laikas.<\/li>\n<li><strong>Nikotino parinktys<\/strong>: Galima \u012fsigyti su <strong>2% ir 5%<\/strong> nikotino stiprumu, atsi\u017evelgiant \u012f \u012fvairius pageidavimus.<\/li>\n<li><strong>Patogus dir\u017eelis<\/strong>: Pridedamas <strong>dir\u017eelis<\/strong> kad b\u016bt\u0173 lengva ne\u0161iotis, tod\u0117l tai puikus kompanionas keliaujant.<\/li>\n<\/ul>\n<figure id=\"attachment_2345\" aria-describedby=\"caption-attachment-2345\" style=\"width: 808px\" class=\"wp-caption alignnone\"><img loading=\"lazy\" decoding=\"async\" class=\"wp-image-2345 size-full\" src=\"https:\/\/rmvapesale.com\/wp-content\/uploads\/2024\/10\/Mrvi-Puffing-15k-Price.jpg\" alt=\"Mrvi Puffing 15k Kaina\" width=\"808\" height=\"808\" srcset=\"https:\/\/rmvapesale.com\/wp-content\/uploads\/2024\/10\/Mrvi-Puffing-15k-Price.jpg 808w, https:\/\/rmvapesale.com\/wp-content\/uploads\/2024\/10\/Mrvi-Puffing-15k-Price-300x300.jpg 300w, https:\/\/rmvapesale.com\/wp-content\/uploads\/2024\/10\/Mrvi-Puffing-15k-Price-150x150.jpg 150w, https:\/\/rmvapesale.com\/wp-content\/uploads\/2024\/10\/Mrvi-Puffing-15k-Price-768x768.jpg 768w, https:\/\/rmvapesale.com\/wp-content\/uploads\/2024\/10\/Mrvi-Puffing-15k-Price-600x600.jpg 600w, https:\/\/rmvapesale.com\/wp-content\/uploads\/2024\/10\/Mrvi-Puffing-15k-Price-100x100.jpg 100w\" sizes=\"auto, (max-width: 808px) 100vw, 808px\" \/><figcaption id=\"caption-attachment-2345\" class=\"wp-caption-text\">Mrvi Puffing 15k Kaina<\/figcaption><\/figure>\n<h2><strong>Geriausias skonis MRVI PUFFING 15000 Puff E-Cig<\/strong><\/h2>\n<p>Su 10 nuostabi\u0173 skoni\u0173, \u012fskaitant vaisi\u0173 ir ledines parinktis, MRVI PUFFING 15000 Puff vienkartinis rinkinys si\u016blo ka\u017ek\u0105 kiekvienam skoniui.<\/p>\n<p>1. M\u0117lyn\u0117s su ledu<span style=\"color: #ff0000\"><strong>&gt;&gt;&gt;&gt; Kar\u0161ta!<\/strong><\/span><br \/>\n2. Banan\u0173 pieno kokteilis<br \/>\n3. Bra\u0161ki\u0173 arb\u016bzas<br \/>\n4. Medaus melion\u0173 ledai<br \/>\n5. Raudonojo obuolio ledas<br \/>\n6. Persik\u0173 mangas<br \/>\n7. M\u0117lyni\u0173 kramtomoji guma<span style=\"color: #ff0000\"><strong>&gt;&gt;&gt;&gt; Geriausias!<\/strong><\/span><br \/>\n8. Sodrus ledas<br \/>\n9. Ananas\u0173 ledas<br \/>\n10. Ro\u017ein\u0117 sprogimas<span style=\"color: #ff0000\"><strong>&gt;&gt;&gt;&gt; Kar\u0161ta!<\/strong><\/span><\/p>\n<p>&nbsp;<\/p>\n<h3><strong>Kod\u0117l verta rinktis \"Rmvapesale\" parduotuv\u0119 MRVI PUFFING 15000 P\u016btim\u0173 vienkartinei garinimo d\u0117\u017eutei?<\/strong><\/h3>\n<div class=\"flex-shrink-0 flex flex-col relative items-end\">\n<div class=\"pt-0\">\n<div class=\"gizmo-bot-avatar flex h-8 w-8 items-center justify-center overflow-hidden rounded-full\">\n<div class=\"relative p-1 rounded-sm flex items-center justify-center bg-token-main-surface-primary text-token-text-primary h-8 w-8\">\n<p>&nbsp;<\/p>\n<p>Pasirink\u0119 Rmvapesale didmeniniams vienkartini\u0173 garintuv\u0173 poreikiams, gausite naudos i\u0161:<\/p>\n<ul>\n<li><strong>Konkurencinga Kaina<\/strong>: Gaukite patrauklias didmenines kainas, kurios padidins j\u016bs\u0173 verslo mar\u017eas.<\/li>\n<li><strong>Auk\u0161ta Kokyb\u0117<\/strong>: M\u016bs\u0173 garintuvai gaminami pagal auk\u0161\u010diausius standartus ir <span style=\"color: #ff0000\"><strong>garantuotai 100% original\u016bs ir autenti\u0161ki, kitaip u\u017e padirbtas prekes bus atlyginta 10 kart\u0173!<\/strong><\/span><\/li>\n<li><strong>Puikus klient\u0173 aptarnavimas<\/strong>: M\u016bs\u0173 atsidavusi komanda visada pasiruo\u0161usi jums pad\u0117ti, kad pirkimo procesas b\u016bt\u0173 sklandus ir be r\u016bpes\u010di\u0173.<\/li>\n<li><strong>Greitas pristatymas<\/strong>: Tik\u0117kit\u0117s greito ir patikimo pristatymo, u\u017etikrinan\u010dio, kad j\u016bs\u0173 u\u017esakymai visada atvykt\u0173 laiku.<\/li>\n<\/ul>\n<h3><\/h3>\n<h3><b>DUK<\/b><\/h3>\n<p><strong>1 klausimas: Kiek p\u016btim\u0173 galiu gauti i\u0161 MRVI PUFFING 15000 p\u016btim\u0173 vienkartinio garintuvo?<\/strong><br \/>\n<strong>A1:<\/strong> MRVI PUFFING pasi\u017eymi \u012fsp\u016bdingu <strong>15 000 p\u016btim\u0173<\/strong>, u\u017etikrindamas ilgalaik\u012f garinim\u0105 be da\u017eno keitimo.<\/p>\n<p><strong>Q2: Ar MRVI PUFFING 15000 P\u016btim\u0173 yra \u012fkraunamas?<\/strong><br \/>\n<strong>A2:<\/strong> Taip! \u0160is garintuvas turi <strong>750 mAh \u012fkraunam\u0105 baterij\u0105<\/strong>, leid\u017eian\u010di\u0105 lengvai \u012fkrauti per <strong>C tipo prievadas<\/strong> patogumui ir ilgesniam naudojimui.<\/p>\n<\/div>\n<\/div>\n<\/div>\n<\/div>\n<div class=\"group\/conversation-turn relative flex w-full min-w-0 flex-col agent-turn\">\n<div class=\"flex-col gap-1 md:gap-3\">\n<div class=\"flex max-w-full flex-col flex-grow\">\n<div class=\"min-h-8 text-message flex w-full flex-col items-end gap-2 whitespace-normal break-words [.text-message+&amp;]:mt-5\" dir=\"auto\" data-message-author-role=\"assistant\" data-message-id=\"f226d3fc-81f3-46d5-8c46-31787fff0357\">\n<div class=\"flex w-full flex-col gap-1 empty:hidden first:pt-[3px]\">\n<div class=\"markdown prose w-full break-words dark:prose-invert light\">\n<p><strong>Q3: Ar galiu pasirinkti nikotino stiprum\u0105 MRVI 15000 P\u016btim\u0173 vienkartiniame garintuve?<\/strong><br \/>\n<strong>A3:<\/strong> Taip, galite rinktis i\u0161 <strong>2% ir 5% nikotino stiprumo<\/strong> kad atitikt\u0173 j\u016bs\u0173 garinimo pageidavimus.<\/p>\n<p><strong>Q4: Kaip MRVI PUFFING 15000 P\u016btim\u0173 garintuvas pagerina mano garinimo patirt\u012f?<\/strong><br \/>\n<strong>A4:<\/strong> Su savo <strong>dvigubos tinklin\u0117s rit\u0117s technologija<\/strong>, galite m\u0117gautis sodriu skoniu ir \u0161velniu gar\u0173 i\u0161siskyrimu, tod\u0117l kiekvienas \u012fkv\u0117pimas teikia pasitenkinim\u0105.<\/p>\n<p><strong>Q5: Ar MRVI PUFFING garintuvas turi ekran\u0105?<\/strong><br \/>\n<strong>A5:<\/strong> \u017dinoma! Jame yra <strong>e-skys\u010dio ir energijos ekrano rodmuo<\/strong> kad gal\u0117tum\u0117te lengvai steb\u0117ti likus\u012f e-skys\u010dio ir baterijos lyg\u012f.<\/p>\n<p><strong>Q6: Ar MRVI 15000 Puffs \u012fkraunamas garintuvas yra lengvai ne\u0161iojamas?<\/strong><br \/>\n<strong>A6:<\/strong> Taip, kompakti\u0161kas dizainas daro j\u012f ne\u0161iojamu, ir jis puikiai tinka garinimui keliaujant, nesvarbu, ar esate namuose, ar i\u0161vykoje.<\/p>\n<p><strong>Q7: Kur galiu \u012fsigyti MRVI 15000 Puffs vienkartin\u012f garintuv\u0105?<\/strong><br \/>\n<strong>A7:<\/strong> MRVI PUFFING 15000 Puffs vienkartin\u012f garintuv\u0105 galite rasti \u012fvairiose ma\u017emenin\u0117s prekybos vietose ir internetin\u0117se platformose, u\u017etikrinant lengv\u0105 prieig\u0105 prie vis\u0173 j\u016bs\u0173 garinimo poreiki\u0173.<\/p>\n<\/div>\n<\/div>\n<\/div>\n<\/div>\n<\/div>\n<\/div>\n<h3>Apie siuntim\u0105<\/h3>\n<div class=\"flex-shrink-0 flex flex-col relative items-end\">\n<div>\n<div class=\"pt-0\">\n<div class=\"gizmo-bot-avatar flex h-8 w-8 items-center justify-center overflow-hidden rounded-full\">\n<div><\/div>\n<div class=\"relative p-1 rounded-sm flex items-center justify-center bg-token-main-surface-primary text-token-text-primary h-8 w-8\"><strong>1. Kokie siuntimo b\u016bdai naudojami?<\/strong><\/div>\n<\/div>\n<\/div>\n<\/div>\n<\/div>\n<div class=\"group\/conversation-turn relative flex w-full min-w-0 flex-col agent-turn\">\n<div class=\"flex-col gap-1 md:gap-3\">\n<div class=\"flex max-w-full flex-col flex-grow\">\n<div class=\"min-h-[20px] text-message flex w-full flex-col items-end gap-2 whitespace-normal break-words [.text-message+&amp;]:mt-5 overflow-x-auto\" dir=\"auto\" data-message-author-role=\"assistant\" data-message-id=\"22f8283b-3233-46ff-89a5-c7a41b33abda\">\n<div class=\"flex w-full flex-col gap-1 empty:hidden first:pt-[3px]\">\n<div class=\"markdown prose w-full break-words dark:prose-invert light\">\n<p>Mes bendradarbiaujame su UPS, DHL, FedEx, DPD ir kitais pirmaujan\u010diais ve\u017e\u0117jais. Mes parinksime geriausi\u0105 siuntimo b\u016bd\u0105, atsi\u017evelgdami \u012f j\u016bs\u0173 pristatymo viet\u0105, kad u\u017etikrintume, jog gaminiai jus pasieks kuo grei\u010diau.<\/p>\n<\/div>\n<p><strong>2. Per kiek laiko prek\u0117s atkeliauja?<\/strong><\/p>\n<p>\u012e Lietuv\u0105 siun\u010diami siuntiniai paprastai atvyksta per 10 darbo dien\u0173. Siuntimas \u012f Europos \u0161alis paprastai trunka apie 12\u201315 darbo dien\u0173. Mes teikiame realiuoju laiku atnaujinam\u0105 informacij\u0105 apie j\u016bs\u0173 siuntos b\u016bsen\u0105.<\/p>\n<\/div>\n<\/div>\n<\/div>\n<\/div>\n<\/div>\n<p>&nbsp;<\/p>\n<p>Kiti populiar\u016bs garintuvai, kurie jums gali patikti:<\/p>\n<p><a href=\"https:\/\/rmvapesale.com\/lt\/product\/elf-box-vape-bk12000-puff-disposable-pod-wholesale\/\"><strong>ELF BOX BK12000 Puff <span style=\"color: #ff0000\">&gt;&gt;&gt;&gt; pirmyn!<\/span><\/strong><\/a><\/p>\n<p><strong><a href=\"https:\/\/rmvapesale.com\/lt\/product\/waspe-fihp-30000-puffs-led-display-disposable-vape-box\/\">WASPE FIHP 30000 d\u016bm\u0173 <span style=\"color: #ff0000\">&gt;&gt;&gt;&gt; pirmyn!<\/span><\/a>\u00a0<\/strong><\/p>\n<h2 class=\"woocommerce-loop-product__title\"><a style=\"font-size: 16px\" href=\"https:\/\/rmvapesale.com\/lt\/product\/randm-tornado-15000-puffs-vape-wholesale\/\"><strong>RandM Tornado 15000 <span style=\"color: #ff0000\">&gt;&gt;&gt;&gt; pirmyn!<\/span><\/strong><\/a><\/h2>\n<p>&nbsp;<\/p>\n<p>&nbsp;<\/p>\n<p>Raskite daugiau garintuv\u0173, kurie jums gali patikti:<strong><em><a href=\"https:\/\/rmvapesale.com\/lt\/shop-2\/\">pirkti dabar &gt;&gt;&gt;<\/a><\/em><\/strong><\/p>","protected":false},"excerpt":{"rendered":"<p>Gamyklinis Originalus MRVI PUFFING 15000 PUFFS Vape D\u0117\u017eut\u0117<br \/>\nMRVI 15000 P\u016btim\u0173 2% 5% 25mL Elektroninio Skys\u010dio \u012ekraunamas<br \/>\nMRVI PUFFING 1500015K P\u016btim\u0173 Didmenin\u0117 Kaina Vape<\/p>\n<p><img loading=\"lazy\" decoding=\"async\" class=\"size-full wp-image-1978\" src=\"https:\/\/rmvapesale.com\/wp-content\/uploads\/2024\/09\/Disposable-Vape-Wholesale.jpg\" alt=\"Vienkartinis garintuvas didmenin\u0117 prekyba\" width=\"229\" height=\"300\" \/><\/p>\n<h3><a href=\"https:\/\/wa.me\/8617776015835\"><span style=\"color: #ff0000\"><strong>WhatsApp: +86 17776015835<\/strong><\/span><\/a><\/h3>\n<p>&nbsp;<\/p>","protected":false},"featured_media":2349,"comment_status":"open","ping_status":"closed","template":"","meta":{"_uag_custom_page_level_css":"","_lmt_disableupdate":"","_lmt_disable":"","site-sidebar-layout":"default","site-content-layout":"content-boxed-container","ast-site-content-layout":"normal-width-container","site-content-style":"boxed","site-sidebar-style":"unboxed","ast-global-header-display":"","ast-banner-title-visibility":"","ast-main-header-display":"","ast-hfb-above-header-display":"","ast-hfb-below-header-display":"","ast-hfb-mobile-header-display":"","site-post-title":"","ast-breadcrumbs-content":"","ast-featured-img":"","footer-sml-layout":"","theme-transparent-header-meta":"default","adv-header-id-meta":"","stick-header-meta":"","header-above-stick-meta":"","header-main-stick-meta":"","header-below-stick-meta":"","astra-migrate-meta-layouts":"set","ast-page-background-enabled":"default","ast-page-background-meta":{"desktop":{"background-color":"var(--ast-global-color-4)","background-image":"","background-repeat":"repeat","background-position":"center center","background-size":"auto","background-attachment":"scroll","background-type":"","background-media":"","overlay-type":"","overlay-color":"","overlay-opacity":"","overlay-gradient":""},"tablet":{"background-color":"","background-image":"","background-repeat":"repeat","background-position":"center center","background-size":"auto","background-attachment":"scroll","background-type":"","background-media":"","overlay-type":"","overlay-color":"","overlay-opacity":"","overlay-gradient":""},"mobile":{"background-color":"","background-image":"","background-repeat":"repeat","background-position":"center center","background-size":"auto","background-attachment":"scroll","background-type":"","background-media":"","overlay-type":"","overlay-color":"","overlay-opacity":"","overlay-gradient":""}},"ast-content-background-meta":{"desktop":{"background-color":"var(--ast-global-color-5)","background-image":"","background-repeat":"repeat","background-position":"center center","background-size":"auto","background-attachment":"scroll","background-type":"","background-media":"","overlay-type":"","overlay-color":"","overlay-opacity":"","overlay-gradient":""},"tablet":{"background-color":"var(--ast-global-color-5)","background-image":"","background-repeat":"repeat","background-position":"center center","background-size":"auto","background-attachment":"scroll","background-type":"","background-media":"","overlay-type":"","overlay-color":"","overlay-opacity":"","overlay-gradient":""},"mobile":{"background-color":"var(--ast-global-color-5)","background-image":"","background-repeat":"repeat","background-position":"center center","background-size":"auto","background-attachment":"scroll","background-type":"","background-media":"","overlay-type":"","overlay-color":"","overlay-opacity":"","overlay-gradient":""}},"_joinchat":[]},"product_brand":[],"product_cat":[15,25,123,26,28,27,60,30],"product_tag":[131,66,125,126,134,132,133],"class_list":{"0":"post-2344","1":"product","2":"type-product","3":"status-publish","4":"has-post-thumbnail","6":"product_cat-new-vape-this-week","7":"product_cat-germany-best-selling-vape","8":"product_cat-italy-wholesale-vape","9":"product_cat-netherlands-hot-sale-vape","10":"product_cat-poland-hot-sale-vape","11":"product_cat-fance-hot-sale-vape","12":"product_cat-bang-vapes","13":"product_cat-minimum-order-quantity-50pcs","14":"product_tag-big-puff-vape","15":"product_tag-disposable-vape","16":"product_tag-disposable-vape-italy","17":"product_tag-e-cigarettes","18":"product_tag-mrvi-puffing-15k-price","19":"product_tag-rechargeable-vape","20":"product_tag-vape-bar","21":"desktop-align-left","22":"tablet-align-left","23":"mobile-align-left","25":"first","26":"instock","27":"sale","28":"shipping-taxable","29":"purchasable","30":"product-type-simple"},"uagb_featured_image_src":{"full":["https:\/\/rmvapesale.com\/wp-content\/uploads\/2024\/10\/MRVI-PUFFING-15000.jpg",808,808,false],"thumbnail":["https:\/\/rmvapesale.com\/wp-content\/uploads\/2024\/10\/MRVI-PUFFING-15000-150x150.jpg",150,150,true],"medium":["https:\/\/rmvapesale.com\/wp-content\/uploads\/2024\/10\/MRVI-PUFFING-15000-300x300.jpg",300,300,true],"medium_large":["https:\/\/rmvapesale.com\/wp-content\/uploads\/2024\/10\/MRVI-PUFFING-15000-768x768.jpg",768,768,true],"large":["https:\/\/rmvapesale.com\/wp-content\/uploads\/2024\/10\/MRVI-PUFFING-15000.jpg",808,808,false],"1536x1536":["https:\/\/rmvapesale.com\/wp-content\/uploads\/2024\/10\/MRVI-PUFFING-15000.jpg",808,808,false],"2048x2048":["https:\/\/rmvapesale.com\/wp-content\/uploads\/2024\/10\/MRVI-PUFFING-15000.jpg",808,808,false],"trp-custom-language-flag":["https:\/\/rmvapesale.com\/wp-content\/uploads\/2024\/10\/MRVI-PUFFING-15000.jpg",12,12,false],"woocommerce_thumbnail":["https:\/\/rmvapesale.com\/wp-content\/uploads\/2024\/10\/MRVI-PUFFING-15000-300x300.jpg",300,300,true],"woocommerce_single":["https:\/\/rmvapesale.com\/wp-content\/uploads\/2024\/10\/MRVI-PUFFING-15000-600x600.jpg",600,600,true],"woocommerce_gallery_thumbnail":["https:\/\/rmvapesale.com\/wp-content\/uploads\/2024\/10\/MRVI-PUFFING-15000-100x100.jpg",100,100,true],"wcpr-photo-reviews":["https:\/\/rmvapesale.com\/wp-content\/uploads\/2024\/10\/MRVI-PUFFING-15000.jpg",500,500,false]},"uagb_author_info":{"display_name":"AMY","author_link":"https:\/\/rmvapesale.com\/lt\/author\/"},"uagb_comment_info":0,"uagb_excerpt":"Factory Original MRVI PUFFING 15000 PUFFS Vape Box MRVI 15000 Puffs 2% 5% 25mL E-liquid Rechargeable MRVI PUFFING 1500015K Puffs Wholesale Price vape WhatsApp: +86 17776015835 &nbsp;","_links":{"self":[{"href":"https:\/\/rmvapesale.com\/lt\/wp-json\/wp\/v2\/product\/2344","targetHints":{"allow":["GET"]}}],"collection":[{"href":"https:\/\/rmvapesale.com\/lt\/wp-json\/wp\/v2\/product"}],"about":[{"href":"https:\/\/rmvapesale.com\/lt\/wp-json\/wp\/v2\/types\/product"}],"replies":[{"embeddable":true,"href":"https:\/\/rmvapesale.com\/lt\/wp-json\/wp\/v2\/comments?post=2344"}],"wp:featuredmedia":[{"embeddable":true,"href":"https:\/\/rmvapesale.com\/lt\/wp-json\/wp\/v2\/media\/2349"}],"wp:attachment":[{"href":"https:\/\/rmvapesale.com\/lt\/wp-json\/wp\/v2\/media?parent=2344"}],"wp:term":[{"taxonomy":"product_brand","embeddable":true,"href":"https:\/\/rmvapesale.com\/lt\/wp-json\/wp\/v2\/product_brand?post=2344"},{"taxonomy":"product_cat","embeddable":true,"href":"https:\/\/rmvapesale.com\/lt\/wp-json\/wp\/v2\/product_cat?post=2344"},{"taxonomy":"product_tag","embeddable":true,"href":"https:\/\/rmvapesale.com\/lt\/wp-json\/wp\/v2\/product_tag?post=2344"}],"curies":[{"name":"wp","href":"https:\/\/api.w.org\/{rel}","templated":true}]}}