{"id":2351,"date":"2024-10-11T08:11:29","date_gmt":"2024-10-11T08:11:29","guid":{"rendered":"https:\/\/rmvapesale.com\/?post_type=product&#038;p=2351"},"modified":"2024-10-11T08:47:10","modified_gmt":"2024-10-11T08:47:10","slug":"bang-box-18000-puffs-led-display-disposable-vape-original","status":"publish","type":"product","link":"https:\/\/rmvapesale.com\/lt\/product\/bang-box-18000-puffs-led-display-disposable-vape-original\/","title":{"rendered":"Originalus vienkartinis \u201eBang Box 18000 Puffs\u201c LED ekranas"},"content":{"rendered":"<div class=\"B2VR9 CJHX3e\">\n<div class=\"wyccme\">\n<h1 class=\"LC20lb MBeuO DKV0Md\">Bang Box 18000 \u012etraukim\u0173 LED Ekranas Vienkartinis Garintuvas Originalus Leidimas<\/h1>\n<div class=\"flex-shrink-0 flex flex-col relative items-end\">\n<div class=\"pt-0\">\n<div class=\"gizmo-bot-avatar flex h-8 w-8 items-center justify-center overflow-hidden rounded-full\">\n<div class=\"relative p-1 rounded-sm flex items-center justify-center bg-token-main-surface-primary text-token-text-primary h-8 w-8\">\n<p>Bang Box 18000 \u012etraukim\u0173 yra populiarus LED ekran\u0105 turintis vienkartinis garintuvas, puikiai tinkantis tiems, kurie nori auk\u0161\u010diausios kokyb\u0117s, ilgai trunkan\u010dios garinimo patirties. \u012esp\u016bdinga 18 000 \u012ftraukim\u0173 talpa leid\u017eia \u0161iam \u012frenginiui tarnauti daug ilgiau nei daugumai vienkartini\u0173 garintuv\u0173 rinkoje. Jo didelis 26 ml e-skys\u010dio bakas ir nikotino stiprumo pasirinkimas 0%, 2%, 3% ir 5% \u2013 daro j\u012f universaliu, tinkan\u010diu tiek lengviems, tiek sunkiems garintojams.<\/p>\n<p>\u0160i vienkartin\u0117 garinimo juosta sukurta tiek patogumui, tiek pasitenkinimui, joje \u012fmontuota \u012fkraunama 850 mAh baterija ir greitas Type-C \u012fkrovimas, u\u017etikrinantis, kad b\u016bsite \u012fkrauti vis\u0105 dien\u0105. I\u0161skirtinis LED skaitmeninis ekranas realiu laiku pateikia informacij\u0105 apie baterijos veikimo laik\u0105 ir \u012ftraukim\u0173 skai\u010di\u0173, tod\u0117l galite lengvai steb\u0117ti savo \u012frengin\u012f.<\/p>\n<p>&nbsp;<\/p>\n<\/div>\n<\/div>\n<\/div>\n<\/div>\n<\/div>\n<\/div>\n<p><strong>Susisiekite su Amy, kad gautum\u0117te teising\u0105 atsakym\u0105 ir daugiau produkt\u0173 vaizdo \u012fra\u0161\u0173!<\/strong><\/p>\n<p><img loading=\"lazy\" decoding=\"async\" class=\"size-full wp-image-1978\" src=\"https:\/\/rmvapesale.com\/wp-content\/uploads\/2024\/09\/Disposable-Vape-Wholesale.jpg\" alt=\"Vienkartinis garintuvas didmenin\u0117 prekyba\" width=\"229\" height=\"300\" \/><\/p>\n<h3><a href=\"https:\/\/wa.me\/8617776015835\" target=\"_blank\" rel=\"noopener\"><span style=\"color: #ff0000\"><strong>WhatsApp: +86 17776015835<\/strong><\/span><\/a><\/h3>\n<p>&nbsp;<\/p>\n<h2><\/h2>\n<h2><strong>Bang Box 18000 \u012etraukim\u0173 Vienkartinio Garintuvo Pagrindin\u0117s Savyb\u0117s<\/strong><\/h2>\n<p>&nbsp;<\/p>\n<ul>\n<li><strong>18 000 \u012etraukim\u0173<\/strong>: Su did\u017eiuliu 18 000 \u012ftraukim\u0173 skai\u010diumi galite m\u0117gautis nepertraukiamu garinimu ilg\u0105 laik\u0105 be vargo d\u0117l pakeitim\u0173.<\/li>\n<li><strong>Tinklelio Rit\u0117 (0,8 omo)<\/strong>: Pa\u017eangi tinklelio rit\u0117s technologija u\u017etikrina maksimal\u0173 skon\u012f ir gar\u0173 gamyb\u0105, suteikdama jums skland\u0173 ir aromating\u0105 kiekvien\u0105 \u012ftraukim\u0105.<\/li>\n<li><strong>26 ml E-skys\u010dio Talpa<\/strong>: \u012erengtas didelis 26 ml e-skys\u010dio talpa, suma\u017eina nuolatinio papildymo poreik\u012f, si\u016blant ilgalaik\u012f naudojim\u0105.<\/li>\n<li><strong>Nikotino parinktys<\/strong>: Pasirinkite i\u0161 <strong>0%, 2%, 3% arba 5% nikotino<\/strong> kad pritaikytum\u0117te savo garinimo patirt\u012f ir patenkintum\u0117te savo asmeninius pageidavimus.<\/li>\n<li><strong>850mAh pakraunama baterija<\/strong>: Galinga \u012fmontuota 850 mAh baterija u\u017etikrina, kad b\u016bsite \u012fkrauti vis\u0105 dien\u0105, o su <strong>C tipo greitu \u012fkrovimu<\/strong>, greitai v\u0117l gal\u0117site garinti.<\/li>\n<li><strong>LED Skaitmeninis Ekranas<\/strong>: Valdykite situacij\u0105 naudodami intuityv\u0173 <strong>LED ekrano<\/strong> rodantis gyvybi\u0161kai svarbi\u0105 informacij\u0105, toki\u0105 kaip likusi baterijos veikimo trukm\u0117 ir e-skys\u010dio lygiai, palengvinantis j\u016bs\u0173 \u012frenginio steb\u0117jim\u0105.<\/li>\n<\/ul>\n<figure id=\"attachment_2352\" aria-describedby=\"caption-attachment-2352\" style=\"width: 600px\" class=\"wp-caption alignnone\"><img loading=\"lazy\" decoding=\"async\" class=\"wp-image-2352\" src=\"https:\/\/rmvapesale.com\/wp-content\/uploads\/2024\/10\/Bang-Box-18000-Puffs-Disposable-Vape-Wholesale.jpg\" alt=\"Bang Box 18000 R\u016bkali\u0173 vienkartinis vape didmenin\u0117 prekyba\" width=\"600\" height=\"600\" srcset=\"https:\/\/rmvapesale.com\/wp-content\/uploads\/2024\/10\/Bang-Box-18000-Puffs-Disposable-Vape-Wholesale.jpg 800w, https:\/\/rmvapesale.com\/wp-content\/uploads\/2024\/10\/Bang-Box-18000-Puffs-Disposable-Vape-Wholesale-300x300.jpg 300w, https:\/\/rmvapesale.com\/wp-content\/uploads\/2024\/10\/Bang-Box-18000-Puffs-Disposable-Vape-Wholesale-150x150.jpg 150w, https:\/\/rmvapesale.com\/wp-content\/uploads\/2024\/10\/Bang-Box-18000-Puffs-Disposable-Vape-Wholesale-768x768.jpg 768w, https:\/\/rmvapesale.com\/wp-content\/uploads\/2024\/10\/Bang-Box-18000-Puffs-Disposable-Vape-Wholesale-600x600.jpg 600w, https:\/\/rmvapesale.com\/wp-content\/uploads\/2024\/10\/Bang-Box-18000-Puffs-Disposable-Vape-Wholesale-100x100.jpg 100w\" sizes=\"auto, (max-width: 600px) 100vw, 600px\" \/><figcaption id=\"caption-attachment-2352\" class=\"wp-caption-text\">Bang Box 18000 R\u016bkali\u0173 vienkartinis vape didmenin\u0117 prekyba<\/figcaption><\/figure>\n<h2><\/h2>\n<h2><strong>Populiariausias skonis Bang Box 18000 R\u016bkali\u0173 Vape Bar<\/strong><\/h2>\n<p>Su <strong>Bang Box 18000 R\u016bkali\u0173 LED ekranas vienkartinis vape<\/strong> yra galutinis pasirinkimas r\u016bkaliams, kurie vertina patogum\u0105, galing\u0105 veikim\u0105 ir auk\u0161tesn\u0119 patirt\u012f. Pasiekiamas keli\u0173 nikotino stiprum\u0173, \u0161is \u012frenginys si\u016blo eleganti\u0161k\u0105, be r\u016bpes\u010di\u0173 b\u016bd\u0105 m\u0117gautis savo m\u0117gstamais e-skys\u010diais, visa tai su vienkartinio vape patogumu.<\/p>\n<p>1. Gumin\u0117 me\u0161kiukas <span style=\"color: #ff0000\"><strong>&gt;&gt;&gt;&gt; Kar\u0161ta!<\/strong><\/span><br \/>\n2.Bra\u0161ki\u0173 ledai<span style=\"color: #ff0000\"><strong>&gt;&gt;&gt;&gt; Geriausias!<\/strong><\/span><br \/>\n3. Persiko mangas<br \/>\n4. Triple Berry Ice<br \/>\n5. Bra\u0161k\u0117 Banana<br \/>\n6. Lush Ice<br \/>\n7. Blue Razz Ice <span style=\"color: #ff0000\"><strong>&gt;&gt;&gt;&gt; Kar\u0161ta!<\/strong><\/span><br \/>\n8. Tropinis vaisius<br \/>\n9. Aloe Grape<br \/>\n10. Persik\u0173 ledas<br \/>\n11. Bra\u0161k\u0117 Lychee<br \/>\n12. \u0160altas MInt<\/p>\n<p>&nbsp;<\/p>\n<p>&nbsp;<\/p>\n<h3><strong>Kod\u0117l verta rinktis Rmvapesale didmeninei pirkimui Bang Box 18000 Puffs Vape?<\/strong><\/h3>\n<div class=\"flex-shrink-0 flex flex-col relative items-end\">\n<div>\n<div class=\"pt-0\">\n<div class=\"gizmo-bot-avatar flex h-8 w-8 items-center justify-center overflow-hidden rounded-full\">\n<div class=\"relative p-1 rounded-sm flex items-center justify-center bg-token-main-surface-primary text-token-text-primary h-8 w-8\">\n<p>&nbsp;<\/p>\n<p>Pasirink\u0119 Rmvapesale didmeniniams vienkartini\u0173 garintuv\u0173 poreikiams, gausite naudos i\u0161:<\/p>\n<ul>\n<li><strong>Konkurencinga Kaina<\/strong>: Gaukite patrauklias didmenines kainas, kurios padidins j\u016bs\u0173 verslo mar\u017eas.<\/li>\n<li><strong>Auk\u0161ta Kokyb\u0117<\/strong>: M\u016bs\u0173 garintuvai gaminami pagal auk\u0161\u010diausius standartus ir <span style=\"color: #ff0000\"><strong>garantuotai 100% original\u016bs ir autenti\u0161ki, kitaip u\u017e padirbtas prekes bus atlyginta 10 kart\u0173!<\/strong><\/span><\/li>\n<li><strong>Puikus klient\u0173 aptarnavimas<\/strong>: M\u016bs\u0173 atsidavusi komanda visada pasiruo\u0161usi jums pad\u0117ti, kad pirkimo procesas b\u016bt\u0173 sklandus ir be r\u016bpes\u010di\u0173.<\/li>\n<li><strong>Greitas pristatymas<\/strong>: Tik\u0117kit\u0117s greito ir patikimo pristatymo, u\u017etikrinan\u010dio, kad j\u016bs\u0173 u\u017esakymai visada atvykt\u0173 laiku.<\/li>\n<\/ul>\n<h3><\/h3>\n<h3><b>DUK<\/b><\/h3>\n<p>&nbsp;<\/p>\n<\/div>\n<\/div>\n<\/div>\n<\/div>\n<\/div>\n<div class=\"group\/conversation-turn relative flex w-full min-w-0 flex-col agent-turn\">\n<div class=\"flex-col gap-1 md:gap-3\">\n<div class=\"flex max-w-full flex-col flex-grow\">\n<div class=\"min-h-8 text-message flex w-full flex-col items-end gap-2 whitespace-normal break-words [.text-message+&amp;]:mt-5\" dir=\"auto\" data-message-author-role=\"assistant\" data-message-id=\"f226d3fc-81f3-46d5-8c46-31787fff0357\">\n<div class=\"flex w-full flex-col gap-1 empty:hidden first:pt-[3px]\">\n<div class=\"markdown prose w-full break-words dark:prose-invert light\">\n<h3>1. <strong>Kas i\u0161skiria Bang Box 18000 Puffs vienkartin\u012f vape?<\/strong><\/h3>\n<p>Su <strong>Bang Box 18000 Puffs vienkartinis vape<\/strong> si\u016blo i\u0161skirtin\u0119 vaping patirt\u012f su savo dideliu <strong>18 000 p\u016btim\u0173<\/strong> talpa ir \u012fkraunamas <strong>850 mAh baterij\u0105<\/strong>. Jame yra <strong>26 ml skys\u010dio bako<\/strong>, u\u017etikrinan\u010dio ilgalaik\u012f naudojim\u0105 be da\u017en\u0173 keitim\u0173. Be to, <strong>LED skaitmeninis ekranas<\/strong> laiko jus informuotus apie baterijos b\u016bkl\u0119 ir \u012fkv\u0117pim\u0173 skai\u010di\u0173.<\/p>\n<h3>2. <strong>Kaip su\u017einoti, kada reikia \u012fkrauti savo Bang Box 18000 Puffs Vape Bar?<\/strong><\/h3>\n<p>Su <strong>Bang Box 18000 Puffs Vape Bar<\/strong> yra patogus <strong>LED skaitmeninis ekranas<\/strong> kuris rodo tiek baterijos b\u016bkl\u0119, tiek \u012fkv\u0117pim\u0173 skai\u010di\u0173, tod\u0117l lengva \u017einoti, kada reikia \u012fkrauti.<\/p>\n<h3>3. <strong>Ar galiu \u012fkrauti Bang Box 18000 Puffs \u012fkraunam\u0105 Vape?<\/strong><\/h3>\n<p>Taip! The <strong>Bang Box 18000 Puf\u0173 \u012ekraunamas Vape<\/strong> yra su <strong>C tipo \u012fkrovimo prievadas<\/strong>, leid\u017eiantis greitai ir lengvai \u012fkrauti. \u0160i funkcija, kartu su dideliu puf\u0173 skai\u010diumi, u\u017etikrina ilgalaik\u012f naudojim\u0105.<\/p>\n<h3>4. <strong>Kokios nikotino stiprumo galimyb\u0117s yra Bang Box 18000 Puf\u0173 \u012ekraunamas Vape?<\/strong><\/h3>\n<p>Su <strong>Bang Box 18000 Puf\u0173 \u012ekraunamas Vape<\/strong> yra prieinamas keturi\u0173 nikotino stiprum\u0173: <strong>0%, 2%, 3% ir 5%<\/strong>. \u0160i lankstumas tenkina skirting\u0173 m\u0117g\u0117j\u0173 poreikius, nesvarbu, ar ie\u0161kote nikotino neturin\u010dio vapingo, ar stipresnio poveikio.<\/p>\n<h3>5. <strong>Ar Bang Vape BOX 18000 Puf\u0173 Vienkartinis Vape lengvai ne\u0161iojamas?<\/strong><\/h3>\n<p>Be abejo! The <strong>Bang Vape BOX 18000 Puf\u0173 Vienkartinis Vape<\/strong> yra sukurtas b\u016bti ne\u0161iojamas ir patogus naudoti, tod\u0117l puikiai tinka vapingui kelyje. Nepaisant didelio puf\u0173 kiekio, jis i\u0161lieka lengvas ir patogus ne\u0161iotis.<\/p>\n<h3>6. <strong>Ar Bang Box 18000 Puf\u0173 Vape Bar suteikia turtingus skonius?<\/strong><\/h3>\n<p>Taip! D\u0117ka <strong>0,8 omo tinklelio rit\u0117<\/strong>, <strong>Bang Box 18k Puf\u0173 Vape Bar<\/strong> si\u016blo sustiprint\u0105 skon\u012f ir gar\u0173 gamyb\u0105. Nesvarbu, ar m\u0117gaujat\u0117s vaisi\u0173 skoniais kaip <strong>Persik\u0173 mango<\/strong> ar gaivinan\u010diomis poj\u016b\u010diais kaip <strong>Ve\u0161lus ledas<\/strong>, kiekvienas \u012fkv\u0117pimas suteikia maloni\u0105 patirt\u012f.<\/p>\n<\/div>\n<\/div>\n<\/div>\n<\/div>\n<\/div>\n<\/div>\n<p>&nbsp;<\/p>\n<h3><\/h3>\n<h3>Apie siuntim\u0105<\/h3>\n<div class=\"flex-shrink-0 flex flex-col relative items-end\">\n<div>\n<div class=\"pt-0\">\n<div class=\"gizmo-bot-avatar flex h-8 w-8 items-center justify-center overflow-hidden rounded-full\">\n<div><\/div>\n<div class=\"relative p-1 rounded-sm flex items-center justify-center bg-token-main-surface-primary text-token-text-primary h-8 w-8\"><strong>1. Kokie siuntimo b\u016bdai naudojami?<\/strong><\/div>\n<\/div>\n<\/div>\n<\/div>\n<\/div>\n<div class=\"group\/conversation-turn relative flex w-full min-w-0 flex-col agent-turn\">\n<div class=\"flex-col gap-1 md:gap-3\">\n<div class=\"flex max-w-full flex-col flex-grow\">\n<div class=\"min-h-[20px] text-message flex w-full flex-col items-end gap-2 whitespace-normal break-words [.text-message+&amp;]:mt-5 overflow-x-auto\" dir=\"auto\" data-message-author-role=\"assistant\" data-message-id=\"22f8283b-3233-46ff-89a5-c7a41b33abda\">\n<div class=\"flex w-full flex-col gap-1 empty:hidden first:pt-[3px]\">\n<div class=\"markdown prose w-full break-words dark:prose-invert light\">\n<p>Mes bendradarbiaujame su UPS, DHL, FedEx, DPD ir kitais pirmaujan\u010diais ve\u017e\u0117jais. Mes parinksime geriausi\u0105 siuntimo b\u016bd\u0105, atsi\u017evelgdami \u012f j\u016bs\u0173 pristatymo viet\u0105, kad u\u017etikrintume, jog gaminiai jus pasieks kuo grei\u010diau.<\/p>\n<\/div>\n<p><strong>2. Per kiek laiko prek\u0117s atkeliauja?<\/strong><\/p>\n<p>\u012e Lietuv\u0105 siun\u010diami siuntiniai paprastai atvyksta per 10 darbo dien\u0173. Siuntimas \u012f Europos \u0161alis paprastai trunka apie 12\u201315 darbo dien\u0173. Mes teikiame realiuoju laiku atnaujinam\u0105 informacij\u0105 apie j\u016bs\u0173 siuntos b\u016bsen\u0105.<\/p>\n<\/div>\n<\/div>\n<\/div>\n<\/div>\n<\/div>\n<p>&nbsp;<\/p>\n<p>Kiti populiar\u016bs garintuvai, kurie jums gali patikti:<\/p>\n<p><a href=\"https:\/\/rmvapesale.com\/lt\/product\/bang-25000-puffs-0-2-3-5-nicotine-led-display-vape-pod\/\"><strong>Bang 25000 Puf\u0173 Pufas\u00a0 \u00a0<span style=\"color: #ff0000\">&gt;&gt;&gt;&gt; pirmyn!<\/span><\/strong><\/a><\/p>\n<p><strong><a href=\"https:\/\/rmvapesale.com\/lt\/product\/uwin-crystal-10000-puff-disposable-vape-wholesale-price\/\">UWIN Crystal 10000 P\u016btim\u0173 <span style=\"color: #ff0000\">&gt;&gt;&gt;&gt; pirmyn!<\/span><\/a>\u00a0<\/strong><\/p>\n<p><a href=\"https:\/\/rmvapesale.com\/lt\/product\/bang-box-30000-puff-smart-screen-disposable-vape-wholesale\/\"><strong>Bang Box 30000 P\u016btim\u0173 I\u0161manusis ekranas <span style=\"color: #ff0000\">&gt;&gt;&gt;&gt; pirmyn!<\/span><\/strong><\/a><\/p>\n<p>&nbsp;<\/p>\n<p>&nbsp;<\/p>\n<p>Raskite daugiau garintuv\u0173, kurie jums gali patikti:<strong><em><a href=\"https:\/\/rmvapesale.com\/lt\/shop-2\/\">pirkti dabar &gt;&gt;&gt;<\/a><\/em><\/strong><\/p>","protected":false},"excerpt":{"rendered":"<p>BANG BOX 18000 \u012etraukim\u0173 Vienkartini\u0173 Garintuv\u0173 Didmenin\u0117 Prekyba<br \/>\nBANG Vape 18000 \u012etraukim\u0173 Vienkartinis Garintuvas Garinimo Juostos Didmeninis Pirkimas<br \/>\nBANG BOX 18k \u012etraukim\u0173 Ma\u017eo Nikotino I\u0161manusis Vienkartinis Garintuvas<\/p>\n<p><img loading=\"lazy\" decoding=\"async\" class=\"size-full wp-image-1978\" src=\"https:\/\/rmvapesale.com\/wp-content\/uploads\/2024\/09\/Disposable-Vape-Wholesale.jpg\" alt=\"Vienkartinis garintuvas didmenin\u0117 prekyba\" width=\"229\" height=\"300\" \/><\/p>\n<h3><a href=\"https:\/\/wa.me\/8617776015835\"><span style=\"color: #ff0000\"><strong>WhatsApp: +86 17776015835<\/strong><\/span><\/a><\/h3>\n<p>&nbsp;<\/p>","protected":false},"featured_media":2354,"comment_status":"open","ping_status":"closed","template":"","meta":{"_uag_custom_page_level_css":"","_lmt_disableupdate":"","_lmt_disable":"","site-sidebar-layout":"default","site-content-layout":"content-boxed-container","ast-site-content-layout":"normal-width-container","site-content-style":"boxed","site-sidebar-style":"unboxed","ast-global-header-display":"","ast-banner-title-visibility":"","ast-main-header-display":"","ast-hfb-above-header-display":"","ast-hfb-below-header-display":"","ast-hfb-mobile-header-display":"","site-post-title":"","ast-breadcrumbs-content":"","ast-featured-img":"","footer-sml-layout":"","ast-disable-related-posts":"","theme-transparent-header-meta":"default","adv-header-id-meta":"","stick-header-meta":"","header-above-stick-meta":"","header-main-stick-meta":"","header-below-stick-meta":"","astra-migrate-meta-layouts":"set","ast-page-background-enabled":"default","ast-page-background-meta":{"desktop":{"background-color":"var(--ast-global-color-4)","background-image":"","background-repeat":"repeat","background-position":"center center","background-size":"auto","background-attachment":"scroll","background-type":"","background-media":"","overlay-type":"","overlay-color":"","overlay-opacity":"","overlay-gradient":""},"tablet":{"background-color":"","background-image":"","background-repeat":"repeat","background-position":"center center","background-size":"auto","background-attachment":"scroll","background-type":"","background-media":"","overlay-type":"","overlay-color":"","overlay-opacity":"","overlay-gradient":""},"mobile":{"background-color":"","background-image":"","background-repeat":"repeat","background-position":"center center","background-size":"auto","background-attachment":"scroll","background-type":"","background-media":"","overlay-type":"","overlay-color":"","overlay-opacity":"","overlay-gradient":""}},"ast-content-background-meta":{"desktop":{"background-color":"var(--ast-global-color-5)","background-image":"","background-repeat":"repeat","background-position":"center center","background-size":"auto","background-attachment":"scroll","background-type":"","background-media":"","overlay-type":"","overlay-color":"","overlay-opacity":"","overlay-gradient":""},"tablet":{"background-color":"var(--ast-global-color-5)","background-image":"","background-repeat":"repeat","background-position":"center center","background-size":"auto","background-attachment":"scroll","background-type":"","background-media":"","overlay-type":"","overlay-color":"","overlay-opacity":"","overlay-gradient":""},"mobile":{"background-color":"var(--ast-global-color-5)","background-image":"","background-repeat":"repeat","background-position":"center center","background-size":"auto","background-attachment":"scroll","background-type":"","background-media":"","overlay-type":"","overlay-color":"","overlay-opacity":"","overlay-gradient":""}},"_joinchat":[]},"product_brand":[],"product_cat":[15,60,27,25,123,30,26,28,135],"product_tag":[63,66,125,126,101,105,120],"class_list":{"0":"post-2351","1":"product","2":"type-product","3":"status-publish","4":"has-post-thumbnail","6":"product_cat-new-vape-this-week","7":"product_cat-bang-vapes","8":"product_cat-fance-hot-sale-vape","9":"product_cat-germany-best-selling-vape","10":"product_cat-italy-wholesale-vape","11":"product_cat-minimum-order-quantity-50pcs","12":"product_cat-netherlands-hot-sale-vape","13":"product_cat-poland-hot-sale-vape","14":"product_cat-spain-best-hot-sale-vape","15":"product_tag-bang-vapes","16":"product_tag-disposable-vape","17":"product_tag-disposable-vape-italy","18":"product_tag-e-cigarettes","19":"product_tag-led-display-vape","20":"product_tag-nicotine-free-disposable-vape","21":"product_tag-vape-wholesale","22":"desktop-align-left","23":"tablet-align-left","24":"mobile-align-left","26":"first","27":"instock","28":"sale","29":"shipping-taxable","30":"purchasable","31":"product-type-simple"},"uagb_featured_image_src":{"full":["https:\/\/rmvapesale.com\/wp-content\/uploads\/2024\/10\/Bang-Box-18000-Puffs-LED-Display-Disposable-Vape-Wholesale.jpg",800,800,false],"thumbnail":["https:\/\/rmvapesale.com\/wp-content\/uploads\/2024\/10\/Bang-Box-18000-Puffs-LED-Display-Disposable-Vape-Wholesale-150x150.jpg",150,150,true],"medium":["https:\/\/rmvapesale.com\/wp-content\/uploads\/2024\/10\/Bang-Box-18000-Puffs-LED-Display-Disposable-Vape-Wholesale-300x300.jpg",300,300,true],"medium_large":["https:\/\/rmvapesale.com\/wp-content\/uploads\/2024\/10\/Bang-Box-18000-Puffs-LED-Display-Disposable-Vape-Wholesale-768x768.jpg",768,768,true],"large":["https:\/\/rmvapesale.com\/wp-content\/uploads\/2024\/10\/Bang-Box-18000-Puffs-LED-Display-Disposable-Vape-Wholesale.jpg",800,800,false],"1536x1536":["https:\/\/rmvapesale.com\/wp-content\/uploads\/2024\/10\/Bang-Box-18000-Puffs-LED-Display-Disposable-Vape-Wholesale.jpg",800,800,false],"2048x2048":["https:\/\/rmvapesale.com\/wp-content\/uploads\/2024\/10\/Bang-Box-18000-Puffs-LED-Display-Disposable-Vape-Wholesale.jpg",800,800,false],"trp-custom-language-flag":["https:\/\/rmvapesale.com\/wp-content\/uploads\/2024\/10\/Bang-Box-18000-Puffs-LED-Display-Disposable-Vape-Wholesale.jpg",12,12,false],"woocommerce_thumbnail":["https:\/\/rmvapesale.com\/wp-content\/uploads\/2024\/10\/Bang-Box-18000-Puffs-LED-Display-Disposable-Vape-Wholesale-300x300.jpg",300,300,true],"woocommerce_single":["https:\/\/rmvapesale.com\/wp-content\/uploads\/2024\/10\/Bang-Box-18000-Puffs-LED-Display-Disposable-Vape-Wholesale-600x600.jpg",600,600,true],"woocommerce_gallery_thumbnail":["https:\/\/rmvapesale.com\/wp-content\/uploads\/2024\/10\/Bang-Box-18000-Puffs-LED-Display-Disposable-Vape-Wholesale-100x100.jpg",100,100,true],"wcpr-photo-reviews":["https:\/\/rmvapesale.com\/wp-content\/uploads\/2024\/10\/Bang-Box-18000-Puffs-LED-Display-Disposable-Vape-Wholesale.jpg",500,500,false]},"uagb_author_info":{"display_name":"AMY","author_link":"https:\/\/rmvapesale.com\/lt\/author\/"},"uagb_comment_info":0,"uagb_excerpt":"BANG BOX 18000 Puffs Disposable Vape Wholesale BANG Vape 18000 Puffs Disposable Vape Vape Bar Bulk Buy BANG BOX 18k Puff Low Nicotine Smart Disposable Vape WhatsApp: +86 17776015835 &nbsp;","_links":{"self":[{"href":"https:\/\/rmvapesale.com\/lt\/wp-json\/wp\/v2\/product\/2351","targetHints":{"allow":["GET"]}}],"collection":[{"href":"https:\/\/rmvapesale.com\/lt\/wp-json\/wp\/v2\/product"}],"about":[{"href":"https:\/\/rmvapesale.com\/lt\/wp-json\/wp\/v2\/types\/product"}],"replies":[{"embeddable":true,"href":"https:\/\/rmvapesale.com\/lt\/wp-json\/wp\/v2\/comments?post=2351"}],"wp:featuredmedia":[{"embeddable":true,"href":"https:\/\/rmvapesale.com\/lt\/wp-json\/wp\/v2\/media\/2354"}],"wp:attachment":[{"href":"https:\/\/rmvapesale.com\/lt\/wp-json\/wp\/v2\/media?parent=2351"}],"wp:term":[{"taxonomy":"product_brand","embeddable":true,"href":"https:\/\/rmvapesale.com\/lt\/wp-json\/wp\/v2\/product_brand?post=2351"},{"taxonomy":"product_cat","embeddable":true,"href":"https:\/\/rmvapesale.com\/lt\/wp-json\/wp\/v2\/product_cat?post=2351"},{"taxonomy":"product_tag","embeddable":true,"href":"https:\/\/rmvapesale.com\/lt\/wp-json\/wp\/v2\/product_tag?post=2351"}],"curies":[{"name":"wp","href":"https:\/\/api.w.org\/{rel}","templated":true}]}}