{"id":2372,"date":"2024-10-12T09:01:19","date_gmt":"2024-10-12T09:01:19","guid":{"rendered":"https:\/\/rmvapesale.com\/?post_type=product&#038;p=2372"},"modified":"2024-10-12T09:20:35","modified_gmt":"2024-10-12T09:20:35","slug":"fihp-digital-box-12000-puffs-hot-sale-vape-bulk-buy","status":"publish","type":"product","link":"https:\/\/rmvapesale.com\/lt\/product\/fihp-digital-box-12000-puffs-hot-sale-vape-bulk-buy\/","title":{"rendered":"FIHP Digital Box 12000 \u012ftraukim\u0173 populiarus garintuvas didmenin\u0117 prekyba"},"content":{"rendered":"<div class=\"B2VR9 CJHX3e\">\n<div class=\"wyccme\">\n<h1 class=\"LC20lb MBeuO DKV0Md\">FIHP Digital Box 12000 \u012ftraukim\u0173 populiarus garintuvas didmenin\u0117 prekyba<\/h1>\n<div class=\"flex-shrink-0 flex flex-col relative items-end\">\n<div class=\"pt-0\">\n<div class=\"gizmo-bot-avatar flex h-8 w-8 items-center justify-center overflow-hidden rounded-full\">\n<div class=\"relative p-1 rounded-sm flex items-center justify-center bg-token-main-surface-primary text-token-text-primary h-8 w-8\">\n<p>FIHP Skaitmenin\u0117 d\u0117\u017eut\u0117 12000 d\u016bm\u0173 yra gera pasirinkimas tiems, kurie ie\u0161ko auk\u0161tos kokyb\u0117s, ilgaam\u017eio vienkartinio Vape, dabar prieinama didmeniniam pirkimui! Su stilingu dizainu ir pa\u017eangiais funkcijomis, \u0161is vape ra\u0161iklis sukurtas tiek na\u0161umui, tiek patogumui.<\/p>\n<p>Su \u012fsp\u016bdingu 12 000 d\u016bm\u0173 skai\u010diumi, FIHP Skaitmenin\u0117 d\u0117\u017eut\u0117 u\u017etikrina nuolatin\u012f, patenkinam\u0105 vaping\u0105 be da\u017en\u0173 keitim\u0173. \u0160is Vape Bar \u012frenginys yra i\u0161 anksto pripildytas 20 ml e-skys\u010dio, prieinamo su 2% ir 5% ma\u017eo nikotino stiprumais, leid\u017eian\u010diais pritaikyti vaping\u0105 pagal savo pageidavimus, ar tai b\u016bt\u0173 \u0161velnus, ar intensyvesnis nikotino poj\u016btis.<\/p>\n<p>650mAh \u012fkraunama baterija u\u017etikrina patikim\u0105 ir nuosekl\u0173 gali\u0105 kiekvienos sesijos metu, o 1.0\u03a9 tinklelio rit\u0117 ir reguliuojamas oro srautas u\u017etikrina skland\u0173, skoning\u0105 gar\u0173 gamyb\u0105, kuri\u0105 lengvai galite pritaikyti pagal savo norus. Be to, Type-C \u012fkrovimo jungtis leid\u017eia greitai ir patogiai \u012fkrauti, tad niekada neliksite be energijos.<\/p>\n<p>Puikiai tinka tiems, kurie nori sand\u0117liuoti ar tiekti savo verslui, FIHP Skaitmenin\u0117 d\u0117\u017eut\u0117 12000 d\u016bm\u0173 didmenin\u0117 pakuot\u0117 suteikia i\u0161skirtin\u0119 vert\u0119 ir auk\u0161tos kokyb\u0117s vaping patirt\u012f<\/p>\n<p>&nbsp;<\/p>\n<\/div>\n<\/div>\n<\/div>\n<\/div>\n<\/div>\n<\/div>\n<p><strong>Susisiekite su Amy, kad gautum\u0117te teising\u0105 atsakym\u0105 ir daugiau produkt\u0173 vaizdo \u012fra\u0161\u0173!<\/strong><\/p>\n<p><img loading=\"lazy\" decoding=\"async\" class=\"size-full wp-image-1978\" src=\"https:\/\/rmvapesale.com\/wp-content\/uploads\/2024\/09\/Disposable-Vape-Wholesale.jpg\" alt=\"Vienkartinis garintuvas didmenin\u0117 prekyba\" width=\"229\" height=\"300\" \/><\/p>\n<h3><a href=\"https:\/\/wa.me\/8617776015835\" target=\"_blank\" rel=\"noopener\"><span style=\"color: #ff0000\"><strong>WhatsApp: +86 17776015835<\/strong><\/span><\/a><\/h3>\n<p>&nbsp;<\/p>\n<h2><\/h2>\n<h2><strong>FIHP Skaitmenin\u0117 d\u0117\u017eut\u0117 12000 d\u016bm\u0173 vienkartinio Vape pagrindin\u0117s savyb\u0117s<\/strong><\/h2>\n<p>&nbsp;<\/p>\n<ul>\n<li><strong>Didelis p\u016btim\u0173 skai\u010dius<\/strong>: M\u0117gaukit\u0117s iki <strong>12 000 \u012fkv\u0117pim\u0173<\/strong> ilgalaikiam ir nuolatiniam garinimo malonumui.<\/li>\n<li><strong>Didel\u0117 e-skys\u010dio talpa<\/strong>: Su <strong>22 ml e-skys\u010dio rezervuaru<\/strong>, \u0161is prietaisas leid\u017eia ilgiau naudotis, re\u010diau pildant.<\/li>\n<li><strong>Patikima baterija<\/strong>: Maitinamas <strong>650 mAh \u012fkraunama baterija<\/strong>, u\u017etikrinanti pastov\u0173 ir patikim\u0105 veikim\u0105.<\/li>\n<li><strong>Nikotino stiprumas<\/strong>: Si\u016blo <strong>0.6% nikotino (6 mg)<\/strong>, suteikianti maloni\u0105 ir skland\u017ei\u0105 garinimo patirt\u012f.<\/li>\n<li><strong>Tinklelio rit\u0117s technologija<\/strong>: \u012erengta su <strong>0.6\u03a9 tinklelio spiral\u0117<\/strong> d\u0117l geresnio skonio ir gar\u0173 gamybos.<\/li>\n<li><strong>LED ekranas<\/strong>: B\u016bkite informuoti su <strong>LED ekrano<\/strong> kuri teikia realaus laiko atnaujinimus apie baterijos veikimo laik\u0105 ir naudojim\u0105.<\/li>\n<\/ul>\n<h2><\/h2>\n<h2><strong>Geriausias skonis FIHP Skaitmenin\u0117 d\u0117\u017eut\u0117 12000 d\u016bm\u0173 Vape Bar<\/strong><\/h2>\n<p>Su 10 skani\u0173 skoni\u0173, toki\u0173 kaip Bra\u0161k\u0117 Kivi, M\u0117lyn\u0117 Aviet\u0117 ir Persikas Mango, FIHP Skaitmenin\u0117 d\u0117\u017eut\u0117 si\u016blo skon\u012f kiekvienam skoniui, u\u017etikrinant, kad visada tur\u0117site maloni\u0105 vaping patirt\u012f.<\/p>\n<p>01. Gaivusis Ledas<span style=\"color: #ff0000\"><strong>&gt;&gt;&gt;&gt; Kar\u0161ta!<\/strong><\/span><br \/>\n02. Vynuog\u0117s Ledas<br \/>\n03. Vy\u0161nios<br \/>\n04. M\u0117lyn\u0117 Aviet\u0117<span style=\"color: #ff0000\"><strong>&gt;&gt;&gt;&gt; Kar\u0161ta!<\/strong><\/span><br \/>\n05. Bra\u0161k\u0117 Kivi<br \/>\n06. Mi\u0161rios uogos<span style=\"color: #ff0000\"><strong>&gt;&gt;&gt;&gt; Geriausias!<\/strong><\/span><br \/>\n07. Bra\u0161k\u0117 Arb\u016bzas<br \/>\n08. Arb\u016bzas Burbuol\u0117<br \/>\n09. Persikas Mango Ananasas<br \/>\n10. Kiviai, pasifloros, gvajavos<\/p>\n<figure id=\"attachment_2366\" aria-describedby=\"caption-attachment-2366\" style=\"width: 808px\" class=\"wp-caption alignnone\"><img loading=\"lazy\" decoding=\"async\" class=\"wp-image-2366 size-full\" src=\"https:\/\/rmvapesale.com\/wp-content\/uploads\/2024\/10\/FIHP-Digital-12000-Puffs-Flavor.jpg\" alt=\"FIHP Digital 12000 Puffs skonis\" width=\"808\" height=\"808\" srcset=\"https:\/\/rmvapesale.com\/wp-content\/uploads\/2024\/10\/FIHP-Digital-12000-Puffs-Flavor.jpg 808w, https:\/\/rmvapesale.com\/wp-content\/uploads\/2024\/10\/FIHP-Digital-12000-Puffs-Flavor-300x300.jpg 300w, https:\/\/rmvapesale.com\/wp-content\/uploads\/2024\/10\/FIHP-Digital-12000-Puffs-Flavor-150x150.jpg 150w, https:\/\/rmvapesale.com\/wp-content\/uploads\/2024\/10\/FIHP-Digital-12000-Puffs-Flavor-768x768.jpg 768w, https:\/\/rmvapesale.com\/wp-content\/uploads\/2024\/10\/FIHP-Digital-12000-Puffs-Flavor-600x600.jpg 600w, https:\/\/rmvapesale.com\/wp-content\/uploads\/2024\/10\/FIHP-Digital-12000-Puffs-Flavor-100x100.jpg 100w\" sizes=\"auto, (max-width: 808px) 100vw, 808px\" \/><figcaption id=\"caption-attachment-2366\" class=\"wp-caption-text\">FIHP Digital 12000 Puffs skonis<\/figcaption><\/figure>\n<h3><\/h3>\n<h3><strong>Kod\u0117l verta rinktis Rmvapesale FIHP Digital Box 12000 Puffs kar\u0161to pardavimo garintuvui<\/strong><strong>?<\/strong><\/h3>\n<div class=\"flex-shrink-0 flex flex-col relative items-end\">\n<div>\n<div class=\"pt-0\">\n<div class=\"gizmo-bot-avatar flex h-8 w-8 items-center justify-center overflow-hidden rounded-full\">\n<div class=\"relative p-1 rounded-sm flex items-center justify-center bg-token-main-surface-primary text-token-text-primary h-8 w-8\">\n<p>&nbsp;<\/p>\n<p>Pasirink\u0119 Rmvapesale didmeniniams vienkartini\u0173 garintuv\u0173 poreikiams, gausite naudos i\u0161:<\/p>\n<ul>\n<li><strong>Konkurencinga Kaina<\/strong>: Gaukite patrauklias didmenines kainas, kurios padidins j\u016bs\u0173 verslo mar\u017eas.<\/li>\n<li><strong>Auk\u0161ta Kokyb\u0117<\/strong>: M\u016bs\u0173 garintuvai gaminami pagal auk\u0161\u010diausius standartus ir <span style=\"color: #ff0000\"><strong>garantuotai 100% original\u016bs ir autenti\u0161ki, kitaip u\u017e padirbtas prekes bus atlyginta 10 kart\u0173!<\/strong><\/span><\/li>\n<li><strong>Puikus klient\u0173 aptarnavimas<\/strong>: M\u016bs\u0173 atsidavusi komanda visada pasiruo\u0161usi jums pad\u0117ti, kad pirkimo procesas b\u016bt\u0173 sklandus ir be r\u016bpes\u010di\u0173.<\/li>\n<li><strong>Greitas pristatymas<\/strong>: Tik\u0117kit\u0117s greito ir patikimo pristatymo, u\u017etikrinan\u010dio, kad j\u016bs\u0173 u\u017esakymai visada atvykt\u0173 laiku.<\/li>\n<\/ul>\n<h3><\/h3>\n<h3><b>DUK<\/b><\/h3>\n<p>&nbsp;<\/p>\n<\/div>\n<\/div>\n<\/div>\n<\/div>\n<\/div>\n<div class=\"group\/conversation-turn relative flex w-full min-w-0 flex-col agent-turn\">\n<div class=\"flex-col gap-1 md:gap-3\">\n<div class=\"flex max-w-full flex-col flex-grow\">\n<div class=\"min-h-8 text-message flex w-full flex-col items-end gap-2 whitespace-normal break-words [.text-message+&amp;]:mt-5\" dir=\"auto\" data-message-author-role=\"assistant\" data-message-id=\"f226d3fc-81f3-46d5-8c46-31787fff0357\">\n<div class=\"flex w-full flex-col gap-1 empty:hidden first:pt-[3px]\">\n<div class=\"markdown prose w-full break-words dark:prose-invert light\">\n<p>1. Kiek laiko tarnauja FIHP 12000 Puffs vienkartinis garintuvas?<br \/>\nFIHP 12000 Puffs vienkartinis garintuvas suteikia iki 12 000 \u012fkv\u0117pim\u0173, u\u017etikrindamas ilgalaik\u0119 garinimo patirt\u012f be da\u017eno keitimo.<\/p>\n<p>2. Kokie yra FIHP 12000 Puffs garintuvo skoniai?<br \/>\n\u0160is vienkartinis garintuvas turi 10 skirting\u0173 skani\u0173 skoni\u0173, \u012fskaitant populiarius variantus, tokius kaip Lush Ice, Grape Ice, Cherry, Blueberry Raspberry ir kitus. Kiekvienas ras skon\u012f sau!<\/p>\n<p>3. Koks nikotino stiprumas galimas?<br \/>\nFIHP 12000 Puffs vienkartinis garintuvas si\u016blo 2% ir 5% nikotino stiprum\u0105, atsi\u017evelgiant \u012f vartotojus, kurie m\u0117gsta vidutin\u012f arba stipresn\u012f nikotino lyg\u012f.<\/p>\n<p>4. Kokia FIHP 12000 Puffs vienkartinio garintuvo gar\u0173 kokyb\u0117?<br \/>\n\u0160is vienkartinis garintuvas, turintis 1,0 omo tinklin\u0119 rit\u0119, pagerina gar\u0173 gamyb\u0105 ir skonio perdavim\u0105, suteikdamas skland\u017ei\u0105 ir maloni\u0105 garinimo patirt\u012f.<\/p>\n<p>5. Kaip \u012fkrauti FIHP 12000 Puffs garintuv\u0105?<br \/>\nFIHP 12000 turi 650 mAh \u012fkraunam\u0105 baterij\u0105 ir Type-C USB \u012fkrovimo jungt\u012f, skirt\u0105 greitam ir patogiam \u012fkrovimui, u\u017etikrinant, kad j\u016bs\u0173 garintuvas visada b\u016bt\u0173 paruo\u0161tas.<\/p>\n<p>6. Kiek e-skys\u010dio telpa FIHP 12000?<br \/>\n\u0160is vienkartinis garintuvas yra i\u0161 anksto pripildytas gausiu 20 ml e-skys\u010dio kiekiu, u\u017etikrinan\u010diu ilgalaik\u012f malonum\u0105 be da\u017eno papildymo.<\/p>\n<p>7. Ar FIHP 12000 Puffs vienkartinis garintuvas turi indikatori\u0173?<br \/>\nTaip, jis turi LED ekran\u0105, rodant\u012f realaus laiko duomenis, \u012fskaitant baterijos veikimo laik\u0105 ir \u012fkv\u0117pim\u0173 skai\u010di\u0173, tod\u0117l galite lengvai steb\u0117ti savo prietaiso b\u016bkl\u0119.<\/p>\n<\/div>\n<\/div>\n<\/div>\n<\/div>\n<\/div>\n<\/div>\n<p>&nbsp;<\/p>\n<h3><\/h3>\n<h3>Apie siuntim\u0105<\/h3>\n<div class=\"flex-shrink-0 flex flex-col relative items-end\">\n<div>\n<div class=\"pt-0\">\n<div class=\"gizmo-bot-avatar flex h-8 w-8 items-center justify-center overflow-hidden rounded-full\">\n<div><\/div>\n<div class=\"relative p-1 rounded-sm flex items-center justify-center bg-token-main-surface-primary text-token-text-primary h-8 w-8\"><strong>1. Kokie siuntimo b\u016bdai naudojami?<\/strong><\/div>\n<\/div>\n<\/div>\n<\/div>\n<\/div>\n<div class=\"group\/conversation-turn relative flex w-full min-w-0 flex-col agent-turn\">\n<div class=\"flex-col gap-1 md:gap-3\">\n<div class=\"flex max-w-full flex-col flex-grow\">\n<div class=\"min-h-[20px] text-message flex w-full flex-col items-end gap-2 whitespace-normal break-words [.text-message+&amp;]:mt-5 overflow-x-auto\" dir=\"auto\" data-message-author-role=\"assistant\" data-message-id=\"22f8283b-3233-46ff-89a5-c7a41b33abda\">\n<div class=\"flex w-full flex-col gap-1 empty:hidden first:pt-[3px]\">\n<div class=\"markdown prose w-full break-words dark:prose-invert light\">\n<p>Mes bendradarbiaujame su UPS, DHL, FedEx, DPD ir kitais pirmaujan\u010diais ve\u017e\u0117jais. Mes parinksime geriausi\u0105 siuntimo b\u016bd\u0105, atsi\u017evelgdami \u012f j\u016bs\u0173 pristatymo viet\u0105, kad u\u017etikrintume, jog gaminiai jus pasieks kuo grei\u010diau.<\/p>\n<\/div>\n<p><strong>2. Per kiek laiko prek\u0117s atkeliauja?<\/strong><\/p>\n<p>\u012e Lietuv\u0105 siun\u010diami siuntiniai paprastai atvyksta per 10 darbo dien\u0173. Siuntimas \u012f Europos \u0161alis paprastai trunka apie 12\u201315 darbo dien\u0173. Mes teikiame realiuoju laiku atnaujinam\u0105 informacij\u0105 apie j\u016bs\u0173 siuntos b\u016bsen\u0105.<\/p>\n<\/div>\n<\/div>\n<\/div>\n<\/div>\n<\/div>\n<p>&nbsp;<\/p>\n<p>Kiti populiar\u016bs garintuvai, kurie jums gali patikti:<\/p>\n<p><a href=\"https:\/\/rmvapesale.com\/lt\/product\/bang-beach-20000-puffs-vape-smart-screen-disposable-e-cig\/\"><strong>bang beach 20000 P\u016btim\u0173\u00a0 \u00a0<span style=\"color: #ff0000\">&gt;&gt;&gt;&gt; pirmyn!<\/span><\/strong><\/a><\/p>\n<p><strong><a href=\"https:\/\/rmvapesale.com\/lt\/product\/uwin-crystal-10000-puff-disposable-vape-wholesale-price\/\">UWIN Crystal 10000 P\u016btim\u0173 <span style=\"color: #ff0000\">&gt;&gt;&gt;&gt; pirmyn!<\/span><\/a>\u00a0<\/strong><\/p>\n<p><a href=\"https:\/\/rmvapesale.com\/lt\/product\/uzy-crystal-pro-max-10k-puffs-disposable-vape-pen-wholesale\/\"><strong>UZY Crystal Pro Max 10000 \u012fkv\u0117pim\u0173 <span style=\"color: #ff0000\">&gt;&gt;&gt;&gt; pirmyn!<\/span><\/strong><\/a><\/p>\n<p>&nbsp;<\/p>\n<p>&nbsp;<\/p>\n<p>Raskite daugiau garintuv\u0173, kurie jums gali patikti:<strong><em><a href=\"https:\/\/rmvapesale.com\/lt\/shop-2\/\">pirkti dabar &gt;&gt;&gt;<\/a><\/em><\/strong><\/p>","protected":false},"excerpt":{"rendered":"<p>Originali FIHP Skaitmenin\u0117 d\u0117\u017eut\u0117 12K D\u016bm\u0173 vienkartinis vape<br \/>\nSkaitmenin\u0117 d\u0117\u017eut\u0117 12000 d\u016bm\u0173 FIHP vienkartinis vape 2% 5%<br \/>\nFIHP Skaitmenin\u0117 12000 d\u016bm\u0173 Fumot didmenin\u0117 kaina ma\u017eas nikotino kiekis<\/p>\n<p><img loading=\"lazy\" decoding=\"async\" class=\"size-full wp-image-1978\" src=\"https:\/\/rmvapesale.com\/wp-content\/uploads\/2024\/09\/Disposable-Vape-Wholesale.jpg\" alt=\"Vienkartinis garintuvas didmenin\u0117 prekyba\" width=\"229\" height=\"300\" \/><\/p>\n<h3><a href=\"https:\/\/wa.me\/8617776015835\"><span style=\"color: #ff0000\"><strong>WhatsApp: +86 17776015835<\/strong><\/span><\/a><\/h3>\n<p>&nbsp;<\/p>","protected":false},"featured_media":2369,"comment_status":"open","ping_status":"closed","template":"","meta":{"_uag_custom_page_level_css":"","_lmt_disableupdate":"","_lmt_disable":"","site-sidebar-layout":"default","site-content-layout":"content-boxed-container","ast-site-content-layout":"normal-width-container","site-content-style":"boxed","site-sidebar-style":"unboxed","ast-global-header-display":"","ast-banner-title-visibility":"","ast-main-header-display":"","ast-hfb-above-header-display":"","ast-hfb-below-header-display":"","ast-hfb-mobile-header-display":"","site-post-title":"","ast-breadcrumbs-content":"","ast-featured-img":"","footer-sml-layout":"","ast-disable-related-posts":"","theme-transparent-header-meta":"default","adv-header-id-meta":"","stick-header-meta":"","header-above-stick-meta":"","header-main-stick-meta":"","header-below-stick-meta":"","astra-migrate-meta-layouts":"set","ast-page-background-enabled":"default","ast-page-background-meta":{"desktop":{"background-color":"var(--ast-global-color-4)","background-image":"","background-repeat":"repeat","background-position":"center center","background-size":"auto","background-attachment":"scroll","background-type":"","background-media":"","overlay-type":"","overlay-color":"","overlay-opacity":"","overlay-gradient":""},"tablet":{"background-color":"","background-image":"","background-repeat":"repeat","background-position":"center center","background-size":"auto","background-attachment":"scroll","background-type":"","background-media":"","overlay-type":"","overlay-color":"","overlay-opacity":"","overlay-gradient":""},"mobile":{"background-color":"","background-image":"","background-repeat":"repeat","background-position":"center center","background-size":"auto","background-attachment":"scroll","background-type":"","background-media":"","overlay-type":"","overlay-color":"","overlay-opacity":"","overlay-gradient":""}},"ast-content-background-meta":{"desktop":{"background-color":"var(--ast-global-color-5)","background-image":"","background-repeat":"repeat","background-position":"center center","background-size":"auto","background-attachment":"scroll","background-type":"","background-media":"","overlay-type":"","overlay-color":"","overlay-opacity":"","overlay-gradient":""},"tablet":{"background-color":"var(--ast-global-color-5)","background-image":"","background-repeat":"repeat","background-position":"center center","background-size":"auto","background-attachment":"scroll","background-type":"","background-media":"","overlay-type":"","overlay-color":"","overlay-opacity":"","overlay-gradient":""},"mobile":{"background-color":"var(--ast-global-color-5)","background-image":"","background-repeat":"repeat","background-position":"center center","background-size":"auto","background-attachment":"scroll","background-type":"","background-media":"","overlay-type":"","overlay-color":"","overlay-opacity":"","overlay-gradient":""}},"_joinchat":[]},"product_brand":[],"product_cat":[15,60,27,138,25,123,30,26,28,137,136,135],"product_tag":[66,139,126,40,111,105,120],"class_list":{"0":"post-2372","1":"product","2":"type-product","3":"status-publish","4":"has-post-thumbnail","6":"product_cat-new-vape-this-week","7":"product_cat-bang-vapes","8":"product_cat-fance-hot-sale-vape","9":"product_cat-fihp-disposable-vapes","10":"product_cat-germany-best-selling-vape","11":"product_cat-italy-wholesale-vape","12":"product_cat-minimum-order-quantity-50pcs","13":"product_cat-netherlands-hot-sale-vape","14":"product_cat-poland-hot-sale-vape","15":"product_cat-rechargeable-vapes","16":"product_cat-smart-screen-vapes","17":"product_cat-spain-best-hot-sale-vape","18":"product_tag-disposable-vape","19":"product_tag-disposable-vape-pen","20":"product_tag-e-cigarettes","21":"product_tag-hot-sale-vape","22":"product_tag-low-nicotine-disposable-vape","23":"product_tag-nicotine-free-disposable-vape","24":"product_tag-vape-wholesale","25":"desktop-align-left","26":"tablet-align-left","27":"mobile-align-left","29":"first","30":"instock","31":"sale","32":"shipping-taxable","33":"purchasable","34":"product-type-simple"},"uagb_featured_image_src":{"full":["https:\/\/rmvapesale.com\/wp-content\/uploads\/2024\/10\/FIHP-Digital-12000-Puffs-Wholesale-Price.jpg",808,808,false],"thumbnail":["https:\/\/rmvapesale.com\/wp-content\/uploads\/2024\/10\/FIHP-Digital-12000-Puffs-Wholesale-Price-150x150.jpg",150,150,true],"medium":["https:\/\/rmvapesale.com\/wp-content\/uploads\/2024\/10\/FIHP-Digital-12000-Puffs-Wholesale-Price-300x300.jpg",300,300,true],"medium_large":["https:\/\/rmvapesale.com\/wp-content\/uploads\/2024\/10\/FIHP-Digital-12000-Puffs-Wholesale-Price-768x768.jpg",768,768,true],"large":["https:\/\/rmvapesale.com\/wp-content\/uploads\/2024\/10\/FIHP-Digital-12000-Puffs-Wholesale-Price.jpg",808,808,false],"1536x1536":["https:\/\/rmvapesale.com\/wp-content\/uploads\/2024\/10\/FIHP-Digital-12000-Puffs-Wholesale-Price.jpg",808,808,false],"2048x2048":["https:\/\/rmvapesale.com\/wp-content\/uploads\/2024\/10\/FIHP-Digital-12000-Puffs-Wholesale-Price.jpg",808,808,false],"trp-custom-language-flag":["https:\/\/rmvapesale.com\/wp-content\/uploads\/2024\/10\/FIHP-Digital-12000-Puffs-Wholesale-Price.jpg",12,12,false],"woocommerce_thumbnail":["https:\/\/rmvapesale.com\/wp-content\/uploads\/2024\/10\/FIHP-Digital-12000-Puffs-Wholesale-Price-300x300.jpg",300,300,true],"woocommerce_single":["https:\/\/rmvapesale.com\/wp-content\/uploads\/2024\/10\/FIHP-Digital-12000-Puffs-Wholesale-Price-600x600.jpg",600,600,true],"woocommerce_gallery_thumbnail":["https:\/\/rmvapesale.com\/wp-content\/uploads\/2024\/10\/FIHP-Digital-12000-Puffs-Wholesale-Price-100x100.jpg",100,100,true],"wcpr-photo-reviews":["https:\/\/rmvapesale.com\/wp-content\/uploads\/2024\/10\/FIHP-Digital-12000-Puffs-Wholesale-Price.jpg",500,500,false]},"uagb_author_info":{"display_name":"AMY","author_link":"https:\/\/rmvapesale.com\/lt\/author\/"},"uagb_comment_info":0,"uagb_excerpt":"Original FIHP Digital Box 12K Puffs Disposable vape Digital Box 12000 Puffs FIHP Disposable Vape 2% 5% FIHP Digital 12000 Puffs Fumot Wholesale Price Low Nicotine WhatsApp: +86 17776015835 &nbsp;","_links":{"self":[{"href":"https:\/\/rmvapesale.com\/lt\/wp-json\/wp\/v2\/product\/2372","targetHints":{"allow":["GET"]}}],"collection":[{"href":"https:\/\/rmvapesale.com\/lt\/wp-json\/wp\/v2\/product"}],"about":[{"href":"https:\/\/rmvapesale.com\/lt\/wp-json\/wp\/v2\/types\/product"}],"replies":[{"embeddable":true,"href":"https:\/\/rmvapesale.com\/lt\/wp-json\/wp\/v2\/comments?post=2372"}],"wp:featuredmedia":[{"embeddable":true,"href":"https:\/\/rmvapesale.com\/lt\/wp-json\/wp\/v2\/media\/2369"}],"wp:attachment":[{"href":"https:\/\/rmvapesale.com\/lt\/wp-json\/wp\/v2\/media?parent=2372"}],"wp:term":[{"taxonomy":"product_brand","embeddable":true,"href":"https:\/\/rmvapesale.com\/lt\/wp-json\/wp\/v2\/product_brand?post=2372"},{"taxonomy":"product_cat","embeddable":true,"href":"https:\/\/rmvapesale.com\/lt\/wp-json\/wp\/v2\/product_cat?post=2372"},{"taxonomy":"product_tag","embeddable":true,"href":"https:\/\/rmvapesale.com\/lt\/wp-json\/wp\/v2\/product_tag?post=2372"}],"curies":[{"name":"wp","href":"https:\/\/api.w.org\/{rel}","templated":true}]}}