{"id":2391,"date":"2024-10-14T03:59:04","date_gmt":"2024-10-14T03:59:04","guid":{"rendered":"https:\/\/rmvapesale.com\/?post_type=product&#038;p=2391"},"modified":"2024-10-14T07:28:47","modified_gmt":"2024-10-14T07:28:47","slug":"bang-vape-30000-pro-disposables-wholesale","status":"publish","type":"product","link":"https:\/\/rmvapesale.com\/lt\/product\/bang-vape-30000-pro-disposables-wholesale\/","title":{"rendered":"Bang Vape 30000 Pro vienkartinis didmenin\u0117 prekyba"},"content":{"rendered":"<div class=\"B2VR9 CJHX3e\">\n<div class=\"wyccme\">\n<h1 class=\"LC20lb MBeuO DKV0Md\">\u201eBang Vape Bangking 30000 Pro\u201c vienkartin\u0117s elektronin\u0117s cigaret\u0117s didmenin\u0117 prekyba<\/h1>\n<div class=\"flex-shrink-0 flex flex-col relative items-end\">\n<div class=\"pt-0\">\n<div class=\"gizmo-bot-avatar flex h-8 w-8 items-center justify-center overflow-hidden rounded-full\">\n<div class=\"relative p-1 rounded-sm flex items-center justify-center bg-token-main-surface-primary text-token-text-primary h-8 w-8\">\n<p>\u201eBang Vape Bangking 30000 Pro\u201c vienkartin\u0117 elektronin\u0117 cigaret\u0117 sukurta tam, kad suteikt\u0173 neprilygstam\u0105 garinimo patirt\u012f, si\u016blant \u012fsp\u016bdingas funkcijas, tinkan\u010dias tiek atsitiktiniams, tiek patyrusiems garintojams. Su 30 000 \u012ftraukim\u0173, galinga 850 mAh \u012fkraunama baterija ir pritaikomais nikotino lygiais, \u201eBangking 30000 Pro\u201c yra i\u0161skirtinis vienkartini\u0173 elektronini\u0173 cigare\u010di\u0173 pasaulyje.<\/p>\n<p>\u201eBang King 30000\u201c \u012ftraukim\u0173 maitinamas tvirta 850 mAh baterija, u\u017etikrinan\u010dia ilgalaik\u012f naudojim\u0105 vis\u0105 dien\u0105. Jo C tipo \u012fkrovimo prievadas u\u017etikrina greit\u0105 ir efektyv\u0173 \u012fkrovim\u0105, tod\u0117l jums niekada nereik\u0117s jaudintis d\u0117l energijos tr\u016bkumo. Viena i\u0161 novatori\u0161kiausi\u0173 \u201eBang King 30000 Pro\u201c savybi\u0173 yra visas i\u0161manusis ekranas. Ekrane rodomas tiek aliejaus, tiek baterijos lygis, suteikiant vartotojams realaus laiko \u012f\u017evalgas apie savo \u012frenginio b\u016bkl\u0119.<\/p>\n<p>Su 0% , 2%, 3% ir 5% nikotino pasirinkimais, \u201eBang Vape 30000 Pro\u201c vienkartin\u0117 elektronin\u0117 cigaret\u0117 tinka vis\u0173 r\u016b\u0161i\u0173 garintojams, nesvarbu, ar ie\u0161kote bed\u016bmio potyrio, ar stipresnio sm\u016bgio. D\u0117l \u0161io lankstumo jis yra vienas i\u0161 pagrindini\u0173 pretendent\u0173 kiekvienam, ie\u0161kan\u010diam tobulos elektronin\u0117s cigaret\u0117s, pritaikytos j\u0173 poreikiams.<\/p>\n<\/div>\n<\/div>\n<\/div>\n<\/div>\n<\/div>\n<\/div>\n<p><strong>Susisiekite su Amy, kad gautum\u0117te teising\u0105 atsakym\u0105 ir daugiau produkt\u0173 vaizdo \u012fra\u0161\u0173!<\/strong><\/p>\n<p><img loading=\"lazy\" decoding=\"async\" class=\"size-full wp-image-1978\" src=\"https:\/\/rmvapesale.com\/wp-content\/uploads\/2024\/09\/Disposable-Vape-Wholesale.jpg\" alt=\"Vienkartinis garintuvas didmenin\u0117 prekyba\" width=\"229\" height=\"300\" \/><\/p>\n<h3><a href=\"https:\/\/wa.me\/8617776015835\" target=\"_blank\" rel=\"noopener\"><span style=\"color: #ff0000\"><strong>WhatsApp: +86 17776015835<\/strong><\/span><\/a><\/h3>\n<p>&nbsp;<\/p>\n<h2><\/h2>\n<h2><strong>\u201eBangking 30000 Pro Vape\u201c pagrindin\u0117s savyb\u0117s<\/strong><\/h2>\n<p>&nbsp;<\/p>\n<ul>\n<li><strong>30 000 \u012fkv\u0117pim\u0173<\/strong>: Vienas did\u017eiausi\u0173 \u012ftraukim\u0173 skai\u010di\u0173 rinkoje, u\u017etikrinantis ilgalaik\u012f naudojim\u0105 ir pasitenkinim\u0105.<\/li>\n<li><strong>I\u0161manusis ekranas<\/strong>: Steb\u0117kite savo aliejaus ir baterijos lygius realiuoju laiku, kad garinimo patirtis b\u016bt\u0173 sklandi.<\/li>\n<li><strong>\u012ekraunama baterija<\/strong>: <strong>850 mAh baterij\u0105<\/strong> ir <strong>C tipo \u012fkrovimas<\/strong> garantuoja, kad gal\u0117site ilgiau garinti su greitu \u012fkrovimu.<\/li>\n<li><strong>Pritaikomas nikotinas<\/strong>: Su \u012fvairiomis nikotino koncentracijomis, \u012fskaitant bed\u016bm\u012f, galite pritaikyti savo garinim\u0105 pagal savo skon\u012f.<\/li>\n<li><strong>Skan\u016bs skoniai<\/strong>: Su 12 skoni\u0173, i\u0161 kuri\u0173 galite rinktis, jums niekada nebus nuobodu garinti <strong>\u201eBang 30000 Pro\u201c<\/strong>.<\/li>\n<\/ul>\n<h2><\/h2>\n<h2><strong>Populiariausias \u201eBang Vape Bangking 30000 Vape Box\u201c skonis<\/strong><\/h2>\n<p>\u201eBangking Vape 30000 Vape Box\u201c yra 12 viliojan\u010di\u0173 skoni\u0173, si\u016blan\u010di\u0173 ka\u017ek\u0105 kiekvienam. Nesvarbu, ar jums labiau patinka vaisi\u0173, lediniai ar egzoti\u0161kesni mi\u0161iniai, rasite skon\u012f, kuris atitiks j\u016bs\u0173 skon\u012f. Platus \u201eBang King Vape\u201c skoni\u0173 pasirinkimas u\u017etikrina, kad kiekvienas \u012ftraukimas b\u016bt\u0173 kupinas pasitenkinimo ir \u012fvairov\u0117s.<\/p>\n<p>1. M\u0117lyni\u0173 aviet\u0117s<span style=\"color: #ff0000\"><strong>&gt;&gt;&gt;&gt; Kar\u0161ta!<\/strong><\/span><br \/>\n2. Bra\u0161ki\u0173 arb\u016bzas<br \/>\n3. M\u0117lyni\u0173 ledas<br \/>\n4. \u0160vie\u017eia m\u0117ta<span style=\"color: #ff0000\"><strong>&gt;&gt;&gt;&gt; Kar\u0161ta!<\/strong><\/span><br \/>\n5. Bra\u0161ki\u0173 vynuog\u0117s<br \/>\n6. M\u0117lyni\u0173 spanguoli\u0173 vy\u0161nia<br \/>\n7. Arb\u016bzas<br \/>\n8. Bra\u0161ki\u0173 kivi\u0173<br \/>\n9. Gaivus m\u0117tin\u0117s m\u0117lyn\u0117s<br \/>\n10. Trij\u0173 uog\u0173 <span style=\"color: #ff0000\"><strong>&gt;&gt;&gt;&gt; Geriausias!<\/strong><\/span><br \/>\n11. Arb\u016bzas vy\u0161nia<br \/>\n12. Avie\u010di\u0173 tamsus spindesys<\/p>\n<figure id=\"attachment_2387\" aria-describedby=\"caption-attachment-2387\" style=\"width: 800px\" class=\"wp-caption alignnone\"><img loading=\"lazy\" decoding=\"async\" class=\"wp-image-2387 size-full\" src=\"https:\/\/rmvapesale.com\/wp-content\/uploads\/2024\/10\/Bang-Vape-Box-BangKing-30000-Pro.jpg\" alt=\"Bang Vape Box BangKing 30000 Pro\" width=\"800\" height=\"800\" srcset=\"https:\/\/rmvapesale.com\/wp-content\/uploads\/2024\/10\/Bang-Vape-Box-BangKing-30000-Pro.jpg 800w, https:\/\/rmvapesale.com\/wp-content\/uploads\/2024\/10\/Bang-Vape-Box-BangKing-30000-Pro-300x300.jpg 300w, https:\/\/rmvapesale.com\/wp-content\/uploads\/2024\/10\/Bang-Vape-Box-BangKing-30000-Pro-150x150.jpg 150w, https:\/\/rmvapesale.com\/wp-content\/uploads\/2024\/10\/Bang-Vape-Box-BangKing-30000-Pro-768x768.jpg 768w, https:\/\/rmvapesale.com\/wp-content\/uploads\/2024\/10\/Bang-Vape-Box-BangKing-30000-Pro-600x600.jpg 600w, https:\/\/rmvapesale.com\/wp-content\/uploads\/2024\/10\/Bang-Vape-Box-BangKing-30000-Pro-100x100.jpg 100w\" sizes=\"auto, (max-width: 800px) 100vw, 800px\" \/><figcaption id=\"caption-attachment-2387\" class=\"wp-caption-text\">Bang Vape Box BangKing 30000 Pro<\/figcaption><\/figure>\n<h3><\/h3>\n<h3><strong>Kod\u0117l rinktis Rmvapesale Bang Vape king 30k Pro \u012fkraunam\u0105j\u012f vape<\/strong><strong>?<\/strong><\/h3>\n<div class=\"flex-shrink-0 flex flex-col relative items-end\">\n<div class=\"pt-0\">\n<div class=\"gizmo-bot-avatar flex h-8 w-8 items-center justify-center overflow-hidden rounded-full\">\n<div class=\"relative p-1 rounded-sm flex items-center justify-center bg-token-main-surface-primary text-token-text-primary h-8 w-8\">\n<p>&nbsp;<\/p>\n<p>Pasirink\u0119 Rmvapesale didmeniniams vienkartini\u0173 garintuv\u0173 poreikiams, gausite naudos i\u0161:<\/p>\n<ul>\n<li><strong>Konkurencinga Kaina<\/strong>: Gaukite patrauklias didmenines kainas, kurios padidins j\u016bs\u0173 verslo mar\u017eas.<\/li>\n<li><strong>Auk\u0161ta Kokyb\u0117<\/strong>: M\u016bs\u0173 garintuvai gaminami pagal auk\u0161\u010diausius standartus ir <span style=\"color: #ff0000\"><strong>garantuotai 100% original\u016bs ir autenti\u0161ki, kitaip u\u017e padirbtas prekes bus atlyginta 10 kart\u0173!<\/strong><\/span><\/li>\n<li><strong>Puikus klient\u0173 aptarnavimas<\/strong>: M\u016bs\u0173 atsidavusi komanda visada pasiruo\u0161usi jums pad\u0117ti, kad pirkimo procesas b\u016bt\u0173 sklandus ir be r\u016bpes\u010di\u0173.<\/li>\n<li><strong>Greitas pristatymas<\/strong>: Tik\u0117kit\u0117s greito ir patikimo pristatymo, u\u017etikrinan\u010dio, kad j\u016bs\u0173 u\u017esakymai visada atvykt\u0173 laiku.<\/li>\n<\/ul>\n<h3><\/h3>\n<h3><b>DUK<\/b><\/h3>\n<p>1. Kiek \u012fkv\u0117pim\u0173 galiu gauti i\u0161 Bang Vape Bang king 30k Pro?<br \/>\nBang king Vape 30000 \u012fkv\u0117pim\u0173 si\u016blo \u012fsp\u016bdingus 30 000 \u012fkv\u0117pim\u0173, u\u017etikrinant ilgalaik\u0119 ir patenkinam\u0105 vaping patirt\u012f be da\u017en\u0173 keitim\u0173.<\/p>\n<p>2. Ar Bangking 30000 Pro yra \u012fkraunamas?<br \/>\nTaip, Bangking Vape 30000 \u012fkv\u0117pim\u0173 turi galing\u0105 850mAh \u012fkraunam\u0105 baterij\u0105 su Type-C \u012fkrovimu, u\u017etikrinan\u010diu greit\u0105 ir efektyv\u0173 \u012fkrovim\u0105 ilgam naudojimui.<\/p>\n<p>3. Kokius skonius galima pasirinkti Bang Vape 30000 Pro?<br \/>\nYra 12 unikali\u0173 skoni\u0173, i\u0161 kuri\u0173 galima pasirinkti Bang Vape asortimente, si\u016blant\u012f \u012fvairias galimybes patenkinti j\u016bs\u0173 skonio poreikius, nuo vaisini\u0173 iki ledini\u0173 mi\u0161ini\u0173.<\/p>\n<p>4. Ar galiu pritaikyti nikotino lyg\u012f Bang king 30000 Pro?<br \/>\n\u017dinoma! Bang king 30000 Pro turi pritaikomus nikotino stiprumus: 0%, 2%, 3% ir 5%, tod\u0117l tinka vartotojams su \u012fvairiais nikotino poreikiais.<\/p>\n<p>5. Kur galiu \u012fsigyti didmeniniu b\u016bdu Bang vape 30000 Pro?<br \/>\nJ\u016bs galite \u012fsigyti Bang vape 30000 Pro didmeniniu arba ma\u017emeniniu b\u016bdu Rmvapesale ar kitose patikimose geriausiose internetin\u0117se vape parduotuv\u0117se, u\u017etikrinant, kad gautum\u0117te geriausi\u0105 pasi\u016blym\u0105 \u0161iam kar\u0161tam vape pardavimui.<\/p>\n<\/div>\n<\/div>\n<\/div>\n<\/div>\n<div class=\"group\/conversation-turn relative flex w-full min-w-0 flex-col agent-turn\">\n<div class=\"flex-col gap-1 md:gap-3\">\n<div class=\"flex max-w-full flex-col flex-grow\">\n<div class=\"min-h-8 text-message flex w-full flex-col items-end gap-2 whitespace-normal break-words [.text-message+&amp;]:mt-5\" dir=\"auto\" data-message-author-role=\"assistant\" data-message-id=\"f226d3fc-81f3-46d5-8c46-31787fff0357\">\n<div class=\"flex w-full flex-col gap-1 empty:hidden first:pt-[3px]\">\n<div class=\"markdown prose w-full break-words dark:prose-invert light\">\n<p>&nbsp;<\/p>\n<\/div>\n<\/div>\n<\/div>\n<\/div>\n<\/div>\n<\/div>\n<h3>Apie siuntim\u0105<\/h3>\n<div class=\"flex-shrink-0 flex flex-col relative items-end\">\n<div>\n<div class=\"pt-0\">\n<div class=\"gizmo-bot-avatar flex h-8 w-8 items-center justify-center overflow-hidden rounded-full\">\n<div><\/div>\n<div class=\"relative p-1 rounded-sm flex items-center justify-center bg-token-main-surface-primary text-token-text-primary h-8 w-8\"><strong>1. Kokie siuntimo b\u016bdai naudojami?<\/strong><\/div>\n<\/div>\n<\/div>\n<\/div>\n<\/div>\n<div class=\"group\/conversation-turn relative flex w-full min-w-0 flex-col agent-turn\">\n<div class=\"flex-col gap-1 md:gap-3\">\n<div class=\"flex max-w-full flex-col flex-grow\">\n<div class=\"min-h-[20px] text-message flex w-full flex-col items-end gap-2 whitespace-normal break-words [.text-message+&amp;]:mt-5 overflow-x-auto\" dir=\"auto\" data-message-author-role=\"assistant\" data-message-id=\"22f8283b-3233-46ff-89a5-c7a41b33abda\">\n<div class=\"flex w-full flex-col gap-1 empty:hidden first:pt-[3px]\">\n<div class=\"markdown prose w-full break-words dark:prose-invert light\">\n<p>Mes bendradarbiaujame su UPS, DHL, FedEx, DPD ir kitais pirmaujan\u010diais ve\u017e\u0117jais. Mes parinksime geriausi\u0105 siuntimo b\u016bd\u0105, atsi\u017evelgdami \u012f j\u016bs\u0173 pristatymo viet\u0105, kad u\u017etikrintume, jog gaminiai jus pasieks kuo grei\u010diau.<\/p>\n<\/div>\n<p><strong>2. Per kiek laiko prek\u0117s atkeliauja?<\/strong><\/p>\n<p>\u012e Lietuv\u0105 siun\u010diami siuntiniai paprastai atvyksta per 10 darbo dien\u0173. Siuntimas \u012f Europos \u0161alis paprastai trunka apie 12\u201315 darbo dien\u0173. Mes teikiame realiuoju laiku atnaujinam\u0105 informacij\u0105 apie j\u016bs\u0173 siuntos b\u016bsen\u0105.<\/p>\n<\/div>\n<\/div>\n<\/div>\n<\/div>\n<\/div>\n<p>&nbsp;<\/p>\n<p>Kiti populiar\u016bs garintuvai, kurie jums gali patikti:<\/p>\n<p><a href=\"https:\/\/rmvapesale.com\/lt\/product\/mrvi-puffing-15000-puff-disposable-vape-box\/\"><strong>MRVI PUFFING 15000 P\u016b\u010di\u0173\u00a0 \u00a0<span style=\"color: #ff0000\">&gt;&gt;&gt;&gt; pirmyn!<\/span><\/strong><\/a><\/p>\n<p><strong><a href=\"https:\/\/rmvapesale.com\/lt\/product\/bang-box-18000-puffs-led-display-disposable-vape-original\/\">BANG Vape 18000 P\u016b\u010di\u0173 <span style=\"color: #ff0000\">&gt;&gt;&gt;&gt; pirmyn!<\/span><\/a>\u00a0<\/strong><\/p>\n<p><a href=\"https:\/\/rmvapesale.com\/lt\/product\/fihp-shisha-hookah-12000-puffs-monster-low-nicotine-vape-pen\/\"><strong>FIHP Shisha Hookah 12000 P\u016b\u010di\u0173 <span style=\"color: #ff0000\">&gt;&gt;&gt;&gt; pirmyn!<\/span><\/strong><\/a><\/p>\n<p>&nbsp;<\/p>\n<p>&nbsp;<\/p>\n<p>Raskite daugiau garintuv\u0173, kurie jums gali patikti:<strong><em><a href=\"https:\/\/rmvapesale.com\/lt\/shop-2\/\">pirkti dabar &gt;&gt;&gt;<\/a><\/em><\/strong><\/p>","protected":false},"excerpt":{"rendered":"<p>\u201eBang King Vape 30k Pro\u201c didmenin\u0117 prekyba urmu<br \/>\n\u201eVape Bang King 30000 Pro\u201c \u012ftraukimai<br \/>\n\u201eBang King 30000\u201c \u012ftraukim\u0173 \u012fkraunama vienkartin\u0117 elektronin\u0117 cigaret\u0117 d\u0117\u017eut\u0117je<\/p>\n<p><img loading=\"lazy\" decoding=\"async\" class=\"size-full wp-image-1978\" src=\"https:\/\/rmvapesale.com\/wp-content\/uploads\/2024\/09\/Disposable-Vape-Wholesale.jpg\" alt=\"Vienkartinis garintuvas didmenin\u0117 prekyba\" width=\"229\" height=\"300\" \/><\/p>\n<h3><a href=\"https:\/\/wa.me\/8617776015835\"><span style=\"color: #ff0000\"><strong>WhatsApp: +86 17776015835<\/strong><\/span><\/a><\/h3>\n<p>&nbsp;<\/p>","protected":false},"featured_media":2390,"comment_status":"open","ping_status":"closed","template":"","meta":{"_uag_custom_page_level_css":"","_lmt_disableupdate":"","_lmt_disable":"","site-sidebar-layout":"default","site-content-layout":"content-boxed-container","ast-site-content-layout":"normal-width-container","site-content-style":"boxed","site-sidebar-style":"unboxed","ast-global-header-display":"","ast-banner-title-visibility":"","ast-main-header-display":"","ast-hfb-above-header-display":"","ast-hfb-below-header-display":"","ast-hfb-mobile-header-display":"","site-post-title":"","ast-breadcrumbs-content":"","ast-featured-img":"","footer-sml-layout":"","theme-transparent-header-meta":"default","adv-header-id-meta":"","stick-header-meta":"","header-above-stick-meta":"","header-main-stick-meta":"","header-below-stick-meta":"","astra-migrate-meta-layouts":"set","ast-page-background-enabled":"default","ast-page-background-meta":{"desktop":{"background-color":"var(--ast-global-color-4)","background-image":"","background-repeat":"repeat","background-position":"center center","background-size":"auto","background-attachment":"scroll","background-type":"","background-media":"","overlay-type":"","overlay-color":"","overlay-opacity":"","overlay-gradient":""},"tablet":{"background-color":"","background-image":"","background-repeat":"repeat","background-position":"center center","background-size":"auto","background-attachment":"scroll","background-type":"","background-media":"","overlay-type":"","overlay-color":"","overlay-opacity":"","overlay-gradient":""},"mobile":{"background-color":"","background-image":"","background-repeat":"repeat","background-position":"center center","background-size":"auto","background-attachment":"scroll","background-type":"","background-media":"","overlay-type":"","overlay-color":"","overlay-opacity":"","overlay-gradient":""}},"ast-content-background-meta":{"desktop":{"background-color":"var(--ast-global-color-5)","background-image":"","background-repeat":"repeat","background-position":"center center","background-size":"auto","background-attachment":"scroll","background-type":"","background-media":"","overlay-type":"","overlay-color":"","overlay-opacity":"","overlay-gradient":""},"tablet":{"background-color":"var(--ast-global-color-5)","background-image":"","background-repeat":"repeat","background-position":"center center","background-size":"auto","background-attachment":"scroll","background-type":"","background-media":"","overlay-type":"","overlay-color":"","overlay-opacity":"","overlay-gradient":""},"mobile":{"background-color":"var(--ast-global-color-5)","background-image":"","background-repeat":"repeat","background-position":"center center","background-size":"auto","background-attachment":"scroll","background-type":"","background-media":"","overlay-type":"","overlay-color":"","overlay-opacity":"","overlay-gradient":""}},"_joinchat":[]},"product_brand":[],"product_cat":[15,25,123,26,28,135,27,60,137,136,30],"product_tag":[148,146,126,111,132,149,120],"class_list":{"0":"post-2391","1":"product","2":"type-product","3":"status-publish","4":"has-post-thumbnail","6":"product_cat-new-vape-this-week","7":"product_cat-germany-best-selling-vape","8":"product_cat-italy-wholesale-vape","9":"product_cat-netherlands-hot-sale-vape","10":"product_cat-poland-hot-sale-vape","11":"product_cat-spain-best-hot-sale-vape","12":"product_cat-fance-hot-sale-vape","13":"product_cat-bang-vapes","14":"product_cat-rechargeable-vapes","15":"product_cat-smart-screen-vapes","16":"product_cat-minimum-order-quantity-50pcs","17":"product_tag-bang-disposable-vape","18":"product_tag-best-hot-sale-vape","19":"product_tag-e-cigarettes","20":"product_tag-low-nicotine-disposable-vape","21":"product_tag-rechargeable-vape","22":"product_tag-vape-30000-puffs","23":"product_tag-vape-wholesale","24":"desktop-align-left","25":"tablet-align-left","26":"mobile-align-left","28":"first","29":"instock","30":"sale","31":"shipping-taxable","32":"purchasable","33":"product-type-simple"},"uagb_featured_image_src":{"full":["https:\/\/rmvapesale.com\/wp-content\/uploads\/2024\/10\/BangKing-30000-Pro-Disposable-Vape-Box.jpg",800,800,false],"thumbnail":["https:\/\/rmvapesale.com\/wp-content\/uploads\/2024\/10\/BangKing-30000-Pro-Disposable-Vape-Box-150x150.jpg",150,150,true],"medium":["https:\/\/rmvapesale.com\/wp-content\/uploads\/2024\/10\/BangKing-30000-Pro-Disposable-Vape-Box-300x300.jpg",300,300,true],"medium_large":["https:\/\/rmvapesale.com\/wp-content\/uploads\/2024\/10\/BangKing-30000-Pro-Disposable-Vape-Box-768x768.jpg",768,768,true],"large":["https:\/\/rmvapesale.com\/wp-content\/uploads\/2024\/10\/BangKing-30000-Pro-Disposable-Vape-Box.jpg",800,800,false],"1536x1536":["https:\/\/rmvapesale.com\/wp-content\/uploads\/2024\/10\/BangKing-30000-Pro-Disposable-Vape-Box.jpg",800,800,false],"2048x2048":["https:\/\/rmvapesale.com\/wp-content\/uploads\/2024\/10\/BangKing-30000-Pro-Disposable-Vape-Box.jpg",800,800,false],"trp-custom-language-flag":["https:\/\/rmvapesale.com\/wp-content\/uploads\/2024\/10\/BangKing-30000-Pro-Disposable-Vape-Box.jpg",12,12,false],"woocommerce_thumbnail":["https:\/\/rmvapesale.com\/wp-content\/uploads\/2024\/10\/BangKing-30000-Pro-Disposable-Vape-Box-300x300.jpg",300,300,true],"woocommerce_single":["https:\/\/rmvapesale.com\/wp-content\/uploads\/2024\/10\/BangKing-30000-Pro-Disposable-Vape-Box-600x600.jpg",600,600,true],"woocommerce_gallery_thumbnail":["https:\/\/rmvapesale.com\/wp-content\/uploads\/2024\/10\/BangKing-30000-Pro-Disposable-Vape-Box-100x100.jpg",100,100,true],"wcpr-photo-reviews":["https:\/\/rmvapesale.com\/wp-content\/uploads\/2024\/10\/BangKing-30000-Pro-Disposable-Vape-Box.jpg",500,500,false]},"uagb_author_info":{"display_name":"AMY","author_link":"https:\/\/rmvapesale.com\/lt\/author\/"},"uagb_comment_info":0,"uagb_excerpt":"Bang King Vape 30k Pro Bulk Buy Wholesale price Vape Bang King 30000 Pro Puffs Flavors Bang King 30000 Puffs Rechargeable Disposable Vape Box WhatsApp: +86 17776015835 &nbsp;","_links":{"self":[{"href":"https:\/\/rmvapesale.com\/lt\/wp-json\/wp\/v2\/product\/2391","targetHints":{"allow":["GET"]}}],"collection":[{"href":"https:\/\/rmvapesale.com\/lt\/wp-json\/wp\/v2\/product"}],"about":[{"href":"https:\/\/rmvapesale.com\/lt\/wp-json\/wp\/v2\/types\/product"}],"replies":[{"embeddable":true,"href":"https:\/\/rmvapesale.com\/lt\/wp-json\/wp\/v2\/comments?post=2391"}],"wp:featuredmedia":[{"embeddable":true,"href":"https:\/\/rmvapesale.com\/lt\/wp-json\/wp\/v2\/media\/2390"}],"wp:attachment":[{"href":"https:\/\/rmvapesale.com\/lt\/wp-json\/wp\/v2\/media?parent=2391"}],"wp:term":[{"taxonomy":"product_brand","embeddable":true,"href":"https:\/\/rmvapesale.com\/lt\/wp-json\/wp\/v2\/product_brand?post=2391"},{"taxonomy":"product_cat","embeddable":true,"href":"https:\/\/rmvapesale.com\/lt\/wp-json\/wp\/v2\/product_cat?post=2391"},{"taxonomy":"product_tag","embeddable":true,"href":"https:\/\/rmvapesale.com\/lt\/wp-json\/wp\/v2\/product_tag?post=2391"}],"curies":[{"name":"wp","href":"https:\/\/api.w.org\/{rel}","templated":true}]}}