{"id":2398,"date":"2024-10-14T07:57:57","date_gmt":"2024-10-14T07:57:57","guid":{"rendered":"https:\/\/rmvapesale.com\/?post_type=product&#038;p=2398"},"modified":"2024-10-14T08:58:13","modified_gmt":"2024-10-14T08:58:13","slug":"bang-36000-puffs-full-display-smart-vape-bulk-price","status":"publish","type":"product","link":"https:\/\/rmvapesale.com\/lt\/product\/bang-36000-puffs-full-display-smart-vape-bulk-price\/","title":{"rendered":"Bang 36000 \u012ftraukim\u0173 i\u0161manusis garintuvas su ekranu, didmenin\u0117 kaina"},"content":{"rendered":"<div class=\"B2VR9 CJHX3e\">\n<div class=\"wyccme\">\n<h1 class=\"LC20lb MBeuO DKV0Md\">Bang 36000 \u012ftraukim\u0173 i\u0161manusis garintuvas su ekranu, didmenin\u0117 kaina<\/h1>\n<div class=\"flex-shrink-0 flex flex-col relative items-end\">\n<div class=\"pt-0\">\n<div class=\"gizmo-bot-avatar flex h-8 w-8 items-center justify-center overflow-hidden rounded-full\">\n<div class=\"relative p-1 rounded-sm flex items-center justify-center bg-token-main-surface-primary text-token-text-primary h-8 w-8\">\n<p>Pristatome Bang 36000 R\u016bkali\u0173 Pilnas Ekranas I\u0161manusis Vape, revoliucinis vienkartinis vape, sukurtas pagerinti j\u016bs\u0173 r\u016bkymo patirt\u012f su pa\u017eangia technologija ir auk\u0161\u010diausiu na\u0161umu. Su \u012fsp\u016bdingu 36 000 r\u016bkali\u0173 ir dideliu 36 ml e-skys\u010dio talpa, \u0161is \u012frenginys si\u016blo ilgalaik\u012f naudojim\u0105 be da\u017en\u0173 papildym\u0173, tod\u0117l puikiai tinka r\u016bkaliams, ie\u0161kantiems ilgaam\u017ei\u0161kumo ir patogumo.<\/p>\n<p>Bang 36000 R\u016bkali\u0173 turi galing\u0105 850mAh \u012fkraunam\u0105 baterij\u0105, u\u017etikrinan\u010di\u0105 nuosekl\u0173 na\u0161um\u0105 ir ilgas r\u016bkymo sesijas. \u012ekrovimas yra greitas ir paprastas naudojant Type-C jungt\u012f, suteikiant greit\u0105 ir patikim\u0105 \u012fkrovim\u0105, kad \u012frenginys veikt\u0173 skland\u017eiai.<\/p>\n<p>Vienas i\u0161 \u0161io \u012frenginio i\u0161skirtini\u0173 bruo\u017e\u0173 yra pilno ekrano rodinys, kuris teikia realaus laiko atnaujinimus apie alyvos ir baterijos lyg\u012f, suteikdamas jums visi\u0161k\u0105 kontrol\u0119 ir matomum\u0105 j\u016bs\u0173 r\u016bkymo patirties. Be to, inovatyvi pir\u0161t\u0173 atspaud\u0173 atrakinimo funkcija u\u017etikrina, kad j\u016bs\u0173 vape likt\u0173 saugus ir asmeninis, prid\u0117dama papildom\u0105 sud\u0117tingumo ir patogumo sluoksn\u012f.<\/p>\n<p>Bang 36000 R\u016bkali\u0173 \u012ftraukia 1.0\u03a9 tinklelio rit\u0119, kuri pagerina skonio perteikim\u0105 ir gar\u0173 gamyb\u0105, si\u016blydama \u0161veln\u0173 ir patenkinam\u0105 \u012fkv\u0117pim\u0105 su kiekvienu r\u016bkaliu. Nesvarbu, ar m\u0117gstate 0%, 2%, 3% ar 5% nikotin\u0105, \u0161is vape patenkina vis\u0173 r\u016b\u0161i\u0173 r\u016bkali\u0173 poreikius, si\u016blydamas pritaikomus nikotino lygius.<\/p>\n<\/div>\n<\/div>\n<\/div>\n<\/div>\n<\/div>\n<\/div>\n<p><strong>Susisiekite su Amy, kad gautum\u0117te teising\u0105 atsakym\u0105 ir daugiau produkt\u0173 vaizdo \u012fra\u0161\u0173!<\/strong><\/p>\n<p><img loading=\"lazy\" decoding=\"async\" class=\"size-full wp-image-1978\" src=\"https:\/\/rmvapesale.com\/wp-content\/uploads\/2024\/09\/Disposable-Vape-Wholesale.jpg\" alt=\"Vienkartinis garintuvas didmenin\u0117 prekyba\" width=\"229\" height=\"300\" \/><\/p>\n<h3><a href=\"https:\/\/wa.me\/8617776015835\" target=\"_blank\" rel=\"noopener\"><span style=\"color: #ff0000\"><strong>WhatsApp: +86 17776015835<\/strong><\/span><\/a><\/h3>\n<p>&nbsp;<\/p>\n<h2><\/h2>\n<h2><strong>Bang 36000 R\u016bkali\u0173 Vape Pagrindin\u0117s Savyb\u0117s<\/strong><\/h2>\n<p>&nbsp;<\/p>\n<ul>\n<li><strong>R\u016bkali\u0173 skai\u010dius: 36 000 r\u016bkali\u0173<\/strong><\/li>\n<li><strong>36ml e-skys\u010dio talpa<\/strong><\/li>\n<li><strong>850 mAh \u012fkraunama baterija<\/strong><\/li>\n<li><strong>Pilno ekrano rodinys<\/strong> rodantis alyvos ir baterijos lygius<\/li>\n<li><strong>Pir\u0161t\u0173 atspaud\u0173 atrakinimas<\/strong> papildomam saugumui<\/li>\n<li><strong>1,0 \u03a9 tinklelio rit\u0117<\/strong> skland\u017eiam, skon\u012f turin\u010diam garo gamybai<\/li>\n<li>Galima \u012fsigyti su <strong>12 skoni\u0173<\/strong><\/li>\n<li>Nikotino stiprumai: <strong>0%, 2%, 3% ir 5%<\/strong><\/li>\n<\/ul>\n<h2><\/h2>\n<h2><strong>Populiariausias skonis Bang 36000 R\u016bkali\u0173 Pilnas Ekranas I\u0161manusis Vape<\/strong><\/h2>\n<p>Bang 36000 R\u016bkali\u0173 \u012ftraukia 1.0\u03a9 tinklelio rit\u0119, kuri pagerina skonio perteikim\u0105 ir gar\u0173 gamyb\u0105, si\u016blydama \u0161veln\u0173 ir patenkinam\u0105 \u012fkv\u0117pim\u0105 su kiekvienu r\u016bkaliu. Nesvarbu, ar m\u0117gstate 0%, 2%, 3% ar 5% nikotin\u0105, \u0161is vape patenkina vis\u0173 r\u016b\u0161i\u0173 r\u016bkali\u0173 poreikius, si\u016blydamas pritaikomus nikotino lygius.<\/p>\n<p>&nbsp;<\/p>\n<p>1. Mi\u0161rios Vaisiai<br \/>\n2. Trij\u0173 uog\u0173<span style=\"color: #ff0000\"><strong>&gt;&gt;&gt;&gt; Kar\u0161ta!<\/strong><\/span><br \/>\n3. Persiko Mang\u0173 Arb\u016bzas<br \/>\n4. M\u0117lyn\u0173j\u0173 uog\u0173 ir avie\u010di\u0173<br \/>\n5. Juodas Drakonas Ledas<span style=\"color: #ff0000\"><strong>&gt;&gt;&gt;&gt; Kar\u0161ta!<\/strong><\/span><br \/>\n6. Vynuogi\u0173 Ledas<br \/>\n7. M\u0117lyni\u0173 Ledas<br \/>\n8. Bra\u0161ki\u0173 Arb\u016bzas<br \/>\n9. Bra\u0161ki\u0173 Bananas<br \/>\n10. Bra\u0161ki\u0173 Kivi<br \/>\n11. Bra\u0161ki\u0173 Mango<br \/>\n12. Arb\u016bzo Ledas<span style=\"color: #ff0000\"><strong>&gt;&gt;&gt;&gt; Geriausias!<\/strong><\/span><\/p>\n<figure id=\"attachment_2397\" aria-describedby=\"caption-attachment-2397\" style=\"width: 500px\" class=\"wp-caption alignnone\"><img loading=\"lazy\" decoding=\"async\" class=\"wp-image-2397 size-full\" src=\"https:\/\/rmvapesale.com\/wp-content\/uploads\/2024\/10\/Bang-Vape-36000-Puffs-Disposable-Flavor.jpg\" alt=\"Bang Vape 36000 P\u016b\u010di\u0173 Vienkartinis Skonio\" width=\"500\" height=\"826\" srcset=\"https:\/\/rmvapesale.com\/wp-content\/uploads\/2024\/10\/Bang-Vape-36000-Puffs-Disposable-Flavor.jpg 500w, https:\/\/rmvapesale.com\/wp-content\/uploads\/2024\/10\/Bang-Vape-36000-Puffs-Disposable-Flavor-182x300.jpg 182w\" sizes=\"auto, (max-width: 500px) 100vw, 500px\" \/><figcaption id=\"caption-attachment-2397\" class=\"wp-caption-text\">Bang Vape 36000 P\u016b\u010di\u0173 Vienkartinis Skonio<\/figcaption><\/figure>\n<h3><\/h3>\n<h3><strong>Kod\u0117l Rmvapesale pasirinkti Bang Vape P\u016b\u010di\u0173 36000 \u012ekraunam\u0105 Vape<\/strong><strong>?<\/strong><\/h3>\n<div class=\"flex-shrink-0 flex flex-col relative items-end\">\n<div class=\"pt-0\">\n<div class=\"gizmo-bot-avatar flex h-8 w-8 items-center justify-center overflow-hidden rounded-full\">\n<div class=\"relative p-1 rounded-sm flex items-center justify-center bg-token-main-surface-primary text-token-text-primary h-8 w-8\">\n<p>&nbsp;<\/p>\n<p>Pasirink\u0119 Rmvapesale didmeniniams vienkartini\u0173 garintuv\u0173 poreikiams, gausite naudos i\u0161:<\/p>\n<ul>\n<li><strong>Konkurencinga Kaina<\/strong>: Gaukite patrauklias didmenines kainas, kurios padidins j\u016bs\u0173 verslo mar\u017eas.<\/li>\n<li><strong>Auk\u0161ta Kokyb\u0117<\/strong>: M\u016bs\u0173 garintuvai gaminami pagal auk\u0161\u010diausius standartus ir <span style=\"color: #ff0000\"><strong>garantuotai 100% original\u016bs ir autenti\u0161ki, kitaip u\u017e padirbtas prekes bus atlyginta 10 kart\u0173!<\/strong><\/span><\/li>\n<li><strong>Puikus klient\u0173 aptarnavimas<\/strong>: M\u016bs\u0173 atsidavusi komanda visada pasiruo\u0161usi jums pad\u0117ti, kad pirkimo procesas b\u016bt\u0173 sklandus ir be r\u016bpes\u010di\u0173.<\/li>\n<li><strong>Greitas pristatymas<\/strong>: Tik\u0117kit\u0117s greito ir patikimo pristatymo, u\u017etikrinan\u010dio, kad j\u016bs\u0173 u\u017esakymai visada atvykt\u0173 laiku.<\/li>\n<\/ul>\n<\/div>\n<h3><\/h3>\n<div class=\"relative p-1 rounded-sm flex items-center justify-center bg-token-main-surface-primary text-token-text-primary h-8 w-8\">\n<h3><b>DUK<\/b><\/h3>\n<p><strong>1. Kiek p\u016b\u010di\u0173 suteikia Bang 36000 P\u016b\u010di\u0173?<\/strong><br \/>\nSu <strong>Bang 36000 P\u016b\u010di\u0173<\/strong> si\u016blo ne\u012ftik\u0117tin\u0105 <strong>36 000 \u012fkv\u0117pim\u0173<\/strong>, tod\u0117l jis yra vienas ilgiausiai veikiantis vienkartinis vape rinkoje.<\/p>\n<p><strong>2. Kokios nikotino galimyb\u0117s yra prieinamos \u0161iam vape?<\/strong><br \/>\nSu <strong>Bang 36000 P\u016b\u010di\u0173 Pilnas Ekranas I\u0161manusis Vape<\/strong> yra keturi\u0173 nikotino stiprumo variant\u0173: <strong>0%, 2%, 3% ir 5%<\/strong>, leid\u017eiant vartotojams pasirinkti savo pageidaujam\u0105 nikotino lyg\u012f.<\/p>\n<p><strong>3. Kokia yra baterijos talpa ir ar ji \u012fkraunama?<\/strong><br \/>\n\u0160is vape veikia su <strong>850 mAh \u012fkraunama baterija<\/strong>. Taip pat turi <strong>Type-C<\/strong> \u012fkrovimo jungt\u012f greitam ir efektyviam \u012fkrovimui.<\/p>\n<p><strong>4. Kokias funkcijas teikia pilno ekrano ekranas?<\/strong><br \/>\nSu <strong>pilno ekrano ekranas<\/strong> ant Bang 36000 Puffs rodo tiek <strong>aliej\u0173 lygius<\/strong> ir <strong>baterijos galia<\/strong> realiuoju laiku, suteikiant jums visi\u0161k\u0105 kontrol\u0119 savo vaping patirties.<\/p>\n<p><strong>5. Kaip veikia pir\u0161t\u0173 atspaud\u0173 atrakimo funkcija?<\/strong><br \/>\nSu <strong>pir\u0161t\u0173 atspaud\u0173 atrakimo funkcija<\/strong> u\u017etikrina, kad tik j\u016bs gal\u0117tum\u0117te atrakinti ir naudoti savo \u012frengin\u012f, prid\u0117dama saugumo sluoksn\u012f j\u016bs\u0173 vape \u012frenginiui.<\/p>\n<p><strong>6. Kokie skoniai yra prieinami Bang 36000 Puffs?<\/strong><br \/>\nSu <strong>Bang 36000 P\u016b\u010di\u0173<\/strong> ateina \u012f <strong>12 skirting\u0173 skoni\u0173<\/strong>, tenkinan\u010di\u0173 plat\u0173 skoni\u0173 ir pageidavim\u0173 spektr\u0105. Populiar\u016bs skoniai apima vaisinius, sald\u017eius ir gaivius variantus kiekvienam vaperiui.<\/p>\n<\/div>\n<\/div>\n<\/div>\n<\/div>\n<div class=\"group\/conversation-turn relative flex w-full min-w-0 flex-col agent-turn\">\n<div class=\"flex-col gap-1 md:gap-3\">\n<div class=\"flex max-w-full flex-col flex-grow\">\n<div class=\"min-h-8 text-message flex w-full flex-col items-end gap-2 whitespace-normal break-words [.text-message+&amp;]:mt-5\" dir=\"auto\" data-message-author-role=\"assistant\" data-message-id=\"f226d3fc-81f3-46d5-8c46-31787fff0357\">\n<div class=\"flex w-full flex-col gap-1 empty:hidden first:pt-[3px]\">\n<div class=\"markdown prose w-full break-words dark:prose-invert light\">\n<p>&nbsp;<\/p>\n<\/div>\n<\/div>\n<\/div>\n<\/div>\n<\/div>\n<\/div>\n<h3>Apie siuntim\u0105<\/h3>\n<div class=\"flex-shrink-0 flex flex-col relative items-end\">\n<div>\n<div class=\"pt-0\">\n<div class=\"gizmo-bot-avatar flex h-8 w-8 items-center justify-center overflow-hidden rounded-full\">\n<div><\/div>\n<div class=\"relative p-1 rounded-sm flex items-center justify-center bg-token-main-surface-primary text-token-text-primary h-8 w-8\"><strong>1. Kokie siuntimo b\u016bdai naudojami?<\/strong><\/div>\n<\/div>\n<\/div>\n<\/div>\n<\/div>\n<div class=\"group\/conversation-turn relative flex w-full min-w-0 flex-col agent-turn\">\n<div class=\"flex-col gap-1 md:gap-3\">\n<div class=\"flex max-w-full flex-col flex-grow\">\n<div class=\"min-h-[20px] text-message flex w-full flex-col items-end gap-2 whitespace-normal break-words [.text-message+&amp;]:mt-5 overflow-x-auto\" dir=\"auto\" data-message-author-role=\"assistant\" data-message-id=\"22f8283b-3233-46ff-89a5-c7a41b33abda\">\n<div class=\"flex w-full flex-col gap-1 empty:hidden first:pt-[3px]\">\n<div class=\"markdown prose w-full break-words dark:prose-invert light\">\n<p>Mes bendradarbiaujame su UPS, DHL, FedEx, DPD ir kitais pirmaujan\u010diais ve\u017e\u0117jais. Mes parinksime geriausi\u0105 siuntimo b\u016bd\u0105, atsi\u017evelgdami \u012f j\u016bs\u0173 pristatymo viet\u0105, kad u\u017etikrintume, jog gaminiai jus pasieks kuo grei\u010diau.<\/p>\n<\/div>\n<p><strong>2. Per kiek laiko prek\u0117s atkeliauja?<\/strong><\/p>\n<p>\u012e Lietuv\u0105 siun\u010diami siuntiniai paprastai atvyksta per 10 darbo dien\u0173. Siuntimas \u012f Europos \u0161alis paprastai trunka apie 12\u201315 darbo dien\u0173. Mes teikiame realiuoju laiku atnaujinam\u0105 informacij\u0105 apie j\u016bs\u0173 siuntos b\u016bsen\u0105.<\/p>\n<\/div>\n<\/div>\n<\/div>\n<\/div>\n<\/div>\n<p>&nbsp;<\/p>\n<p>Kiti populiar\u016bs garintuvai, kurie jums gali patikti:<\/p>\n<p><a href=\"https:\/\/rmvapesale.com\/lt\/product\/bang-vape-30000-pro-disposables-wholesale\/\"><strong>Bang King 30000 R\u016bkymo galimybi\u0173 Vape\u00a0 \u00a0<span style=\"color: #ff0000\">&gt;&gt;&gt;&gt; pirmyn!<\/span><\/strong><\/a><\/p>\n<p><strong><a href=\"https:\/\/rmvapesale.com\/lt\/product\/faivono-bang-maxi-15000-puffs-disposable-vape-bulk-wholesale\/\">AIVONO Aim Bang Maxi 15000 P\u016btim\u0173 <span style=\"color: #ff0000\">&gt;&gt;&gt;&gt; pirmyn!<\/span><\/a>\u00a0<\/strong><\/p>\n<p><a href=\"https:\/\/rmvapesale.com\/lt\/product\/bang-box-30000-puff-double-taste-smart-screen-disposable-vape\/\"><strong>Bang Vape Box 30000 R\u016bkymo galimybi\u0173 <span style=\"color: #ff0000\">&gt;&gt;&gt;&gt; pirmyn!<\/span><\/strong><\/a><\/p>\n<p>&nbsp;<\/p>\n<p>&nbsp;<\/p>\n<p>Raskite daugiau garintuv\u0173, kurie jums gali patikti:<strong><em><a href=\"https:\/\/rmvapesale.com\/lt\/shop-2\/\">pirkti dabar &gt;&gt;&gt;<\/a><\/em><\/strong><\/p>","protected":false},"excerpt":{"rendered":"<p>Bang Vape 36k Vienkartinis Vape Didmenin\u0117 Perkant Didmenin\u0117 Kaina<br \/>\nVape Bang Puff 36000 D\u0117\u017eut\u0117 Visos Skonio Rinkinio Atsargos<br \/>\nBang 36000 R\u016bkali\u0173 \u012ekraunamas Vienkartinis Vape<\/p>\n<p><img loading=\"lazy\" decoding=\"async\" class=\"size-full wp-image-1978\" src=\"https:\/\/rmvapesale.com\/wp-content\/uploads\/2024\/09\/Disposable-Vape-Wholesale.jpg\" alt=\"Vienkartinis garintuvas didmenin\u0117 prekyba\" width=\"229\" height=\"300\" \/><\/p>\n<h3><a href=\"https:\/\/wa.me\/8617776015835\"><span style=\"color: #ff0000\"><strong>WhatsApp: +86 17776015835<\/strong><\/span><\/a><\/h3>\n<p>&nbsp;<\/p>","protected":false},"featured_media":2393,"comment_status":"open","ping_status":"closed","template":"","meta":{"_uag_custom_page_level_css":"","_lmt_disableupdate":"","_lmt_disable":"","site-sidebar-layout":"default","site-content-layout":"content-boxed-container","ast-site-content-layout":"normal-width-container","site-content-style":"boxed","site-sidebar-style":"unboxed","ast-global-header-display":"","ast-banner-title-visibility":"","ast-main-header-display":"","ast-hfb-above-header-display":"","ast-hfb-below-header-display":"","ast-hfb-mobile-header-display":"","site-post-title":"","ast-breadcrumbs-content":"","ast-featured-img":"","footer-sml-layout":"","theme-transparent-header-meta":"default","adv-header-id-meta":"","stick-header-meta":"","header-above-stick-meta":"","header-main-stick-meta":"","header-below-stick-meta":"","astra-migrate-meta-layouts":"set","ast-page-background-enabled":"default","ast-page-background-meta":{"desktop":{"background-color":"var(--ast-global-color-4)","background-image":"","background-repeat":"repeat","background-position":"center center","background-size":"auto","background-attachment":"scroll","background-type":"","background-media":"","overlay-type":"","overlay-color":"","overlay-opacity":"","overlay-gradient":""},"tablet":{"background-color":"","background-image":"","background-repeat":"repeat","background-position":"center center","background-size":"auto","background-attachment":"scroll","background-type":"","background-media":"","overlay-type":"","overlay-color":"","overlay-opacity":"","overlay-gradient":""},"mobile":{"background-color":"","background-image":"","background-repeat":"repeat","background-position":"center center","background-size":"auto","background-attachment":"scroll","background-type":"","background-media":"","overlay-type":"","overlay-color":"","overlay-opacity":"","overlay-gradient":""}},"ast-content-background-meta":{"desktop":{"background-color":"var(--ast-global-color-5)","background-image":"","background-repeat":"repeat","background-position":"center center","background-size":"auto","background-attachment":"scroll","background-type":"","background-media":"","overlay-type":"","overlay-color":"","overlay-opacity":"","overlay-gradient":""},"tablet":{"background-color":"var(--ast-global-color-5)","background-image":"","background-repeat":"repeat","background-position":"center center","background-size":"auto","background-attachment":"scroll","background-type":"","background-media":"","overlay-type":"","overlay-color":"","overlay-opacity":"","overlay-gradient":""},"mobile":{"background-color":"var(--ast-global-color-5)","background-image":"","background-repeat":"repeat","background-position":"center center","background-size":"auto","background-attachment":"scroll","background-type":"","background-media":"","overlay-type":"","overlay-color":"","overlay-opacity":"","overlay-gradient":""}},"_joinchat":[]},"product_brand":[],"product_cat":[15,25,123,26,28,135,27,60,137,136,30],"product_tag":[148,150,146,126,151,111,132,85],"class_list":{"0":"post-2398","1":"product","2":"type-product","3":"status-publish","4":"has-post-thumbnail","6":"product_cat-new-vape-this-week","7":"product_cat-germany-best-selling-vape","8":"product_cat-italy-wholesale-vape","9":"product_cat-netherlands-hot-sale-vape","10":"product_cat-poland-hot-sale-vape","11":"product_cat-spain-best-hot-sale-vape","12":"product_cat-fance-hot-sale-vape","13":"product_cat-bang-vapes","14":"product_cat-rechargeable-vapes","15":"product_cat-smart-screen-vapes","16":"product_cat-minimum-order-quantity-50pcs","17":"product_tag-bang-disposable-vape","18":"product_tag-bang-vape-bar","19":"product_tag-best-hot-sale-vape","20":"product_tag-e-cigarettes","21":"product_tag-full-display-vape","22":"product_tag-low-nicotine-disposable-vape","23":"product_tag-rechargeable-vape","24":"product_tag-smart-disposable-vape","25":"desktop-align-left","26":"tablet-align-left","27":"mobile-align-left","29":"first","30":"instock","31":"sale","32":"shipping-taxable","33":"purchasable","34":"product-type-simple"},"uagb_featured_image_src":{"full":["https:\/\/rmvapesale.com\/wp-content\/uploads\/2024\/10\/Bang-36000-Puffs-Disposable-Vape-Bulk.jpg",808,808,false],"thumbnail":["https:\/\/rmvapesale.com\/wp-content\/uploads\/2024\/10\/Bang-36000-Puffs-Disposable-Vape-Bulk-150x150.jpg",150,150,true],"medium":["https:\/\/rmvapesale.com\/wp-content\/uploads\/2024\/10\/Bang-36000-Puffs-Disposable-Vape-Bulk-300x300.jpg",300,300,true],"medium_large":["https:\/\/rmvapesale.com\/wp-content\/uploads\/2024\/10\/Bang-36000-Puffs-Disposable-Vape-Bulk-768x768.jpg",768,768,true],"large":["https:\/\/rmvapesale.com\/wp-content\/uploads\/2024\/10\/Bang-36000-Puffs-Disposable-Vape-Bulk.jpg",808,808,false],"1536x1536":["https:\/\/rmvapesale.com\/wp-content\/uploads\/2024\/10\/Bang-36000-Puffs-Disposable-Vape-Bulk.jpg",808,808,false],"2048x2048":["https:\/\/rmvapesale.com\/wp-content\/uploads\/2024\/10\/Bang-36000-Puffs-Disposable-Vape-Bulk.jpg",808,808,false],"trp-custom-language-flag":["https:\/\/rmvapesale.com\/wp-content\/uploads\/2024\/10\/Bang-36000-Puffs-Disposable-Vape-Bulk.jpg",12,12,false],"woocommerce_thumbnail":["https:\/\/rmvapesale.com\/wp-content\/uploads\/2024\/10\/Bang-36000-Puffs-Disposable-Vape-Bulk-300x300.jpg",300,300,true],"woocommerce_single":["https:\/\/rmvapesale.com\/wp-content\/uploads\/2024\/10\/Bang-36000-Puffs-Disposable-Vape-Bulk-600x600.jpg",600,600,true],"woocommerce_gallery_thumbnail":["https:\/\/rmvapesale.com\/wp-content\/uploads\/2024\/10\/Bang-36000-Puffs-Disposable-Vape-Bulk-100x100.jpg",100,100,true],"wcpr-photo-reviews":["https:\/\/rmvapesale.com\/wp-content\/uploads\/2024\/10\/Bang-36000-Puffs-Disposable-Vape-Bulk.jpg",500,500,false]},"uagb_author_info":{"display_name":"AMY","author_link":"https:\/\/rmvapesale.com\/lt\/author\/"},"uagb_comment_info":0,"uagb_excerpt":"Bang Vape 36k Disposable Vape Bulk Buy Wholesale price Vape Bang Puff 36000 Box All Flavors in Stock Bang 36000 Puffs Rechargeable Disposable Vape WhatsApp: +86 17776015835 &nbsp;","_links":{"self":[{"href":"https:\/\/rmvapesale.com\/lt\/wp-json\/wp\/v2\/product\/2398","targetHints":{"allow":["GET"]}}],"collection":[{"href":"https:\/\/rmvapesale.com\/lt\/wp-json\/wp\/v2\/product"}],"about":[{"href":"https:\/\/rmvapesale.com\/lt\/wp-json\/wp\/v2\/types\/product"}],"replies":[{"embeddable":true,"href":"https:\/\/rmvapesale.com\/lt\/wp-json\/wp\/v2\/comments?post=2398"}],"wp:featuredmedia":[{"embeddable":true,"href":"https:\/\/rmvapesale.com\/lt\/wp-json\/wp\/v2\/media\/2393"}],"wp:attachment":[{"href":"https:\/\/rmvapesale.com\/lt\/wp-json\/wp\/v2\/media?parent=2398"}],"wp:term":[{"taxonomy":"product_brand","embeddable":true,"href":"https:\/\/rmvapesale.com\/lt\/wp-json\/wp\/v2\/product_brand?post=2398"},{"taxonomy":"product_cat","embeddable":true,"href":"https:\/\/rmvapesale.com\/lt\/wp-json\/wp\/v2\/product_cat?post=2398"},{"taxonomy":"product_tag","embeddable":true,"href":"https:\/\/rmvapesale.com\/lt\/wp-json\/wp\/v2\/product_tag?post=2398"}],"curies":[{"name":"wp","href":"https:\/\/api.w.org\/{rel}","templated":true}]}}