{"id":2410,"date":"2024-10-15T03:28:17","date_gmt":"2024-10-15T03:28:17","guid":{"rendered":"https:\/\/rmvapesale.com\/?post_type=product&#038;p=2410"},"modified":"2024-10-15T08:43:04","modified_gmt":"2024-10-15T08:43:04","slug":"bang-box-20000-puffs-vape-0-2-5-nicotine","status":"publish","type":"product","link":"https:\/\/rmvapesale.com\/lt\/product\/bang-box-20000-puffs-vape-0-2-5-nicotine\/","title":{"rendered":"Bang Box 20000 \u012ftraukim\u0173 garintuvas 0% 2% 5% nikotinas"},"content":{"rendered":"<div class=\"B2VR9 CJHX3e\">\n<div class=\"wyccme\">\n<h1 class=\"LC20lb MBeuO DKV0Md\">Bang Box 20000 \u012ftraukim\u0173 garintuvas 0% 2% 5% nikotinas<\/h1>\n<div class=\"flex-shrink-0 flex flex-col relative items-end\">\n<div class=\"pt-0\">\n<div class=\"gizmo-bot-avatar flex h-8 w-8 items-center justify-center overflow-hidden rounded-full\">\n<div class=\"relative p-1 rounded-sm flex items-center justify-center bg-token-main-surface-primary text-token-text-primary h-8 w-8\">\n<p>Bang Box 20000 \u012etraukim\u0173 Garintuvas yra i\u0161skirtinis produktas garinimo rinkoje, skirtas tiek atsitiktiniams, tiek atsidavusiems garintojams. U\u017etikrindamas iki 20 000 \u012ftraukim\u0173, jis si\u016blo ilgalaik\u0119 garinimo patirt\u012f, kuri yra patogi ir ekonomi\u0161ka. \u0160is garinimo prietaisas yra \u012fvairaus stiprumo nikotino, \u012fskaitant 0%, 2%, 3% ir 5%, leid\u017eiantis vartotojams pasirinkti pageidaujam\u0105 lyg\u012f.<\/p>\n<p>Viena i\u0161 pagrindini\u0173 Bang Box 20k \u012ftraukim\u0173 savybi\u0173 yra \u012fkraunama baterija, kuri padidina jo tvarum\u0105, palyginti su tradiciniais vienkartiniais garintuvais. \u0160is Bang garintuvas yra su 25 ml e-skys\u010dio talpa, u\u017etikrinan\u010dia, kad vartotojai gal\u0117t\u0173 m\u0117gautis ilgesn\u0117mis sesijomis.<\/p>\n<p>Be to, Bang 20000 juosta yra sukurta su dviguba tinklelio spirale, kuri sustiprina skon\u012f ir gar\u0173 gamyb\u0105, tod\u0117l kiekvienas \u012ftraukimas yra patenkinamas. Aptakus ir ne\u0161iojamas dizainas leid\u017eia lengvai ne\u0161iotis, patenkinant vartotoj\u0173, kurie visada keliauja, poreikius.<\/p>\n<p>Apskritai, Bang Box 20000 \u012etraukim\u0173 Vienkartinis Garintuvas yra puikus pasirinkimas tiems, kurie ie\u0161ko patikimo ir didelio \u012ftraukimo garinimo varianto.<\/p>\n<\/div>\n<\/div>\n<\/div>\n<\/div>\n<\/div>\n<\/div>\n<p><strong>Susisiekite su Amy, kad gautum\u0117te teising\u0105 atsakym\u0105 ir daugiau produkt\u0173 vaizdo \u012fra\u0161\u0173!<\/strong><\/p>\n<p><img loading=\"lazy\" decoding=\"async\" class=\"size-full wp-image-1978\" src=\"https:\/\/rmvapesale.com\/wp-content\/uploads\/2024\/09\/Disposable-Vape-Wholesale.jpg\" alt=\"Vienkartinis garintuvas didmenin\u0117 prekyba\" width=\"229\" height=\"300\" \/><\/p>\n<h3><a href=\"https:\/\/wa.me\/8617776015835\" target=\"_blank\" rel=\"noopener\"><span style=\"color: #ff0000\"><strong>WhatsApp: +86 17776015835<\/strong><\/span><\/a><\/h3>\n<p>&nbsp;<\/p>\n<h2><\/h2>\n<h2><strong>Bang Vienkartinio Garintuvo 20000 Pagrindin\u0117s Savyb\u0117s<\/strong><\/h2>\n<p>\u012etraukimai: IKI 20000 \u012ftraukim\u0173<br \/>\nSkystis: 35 ml i\u0161 anksto u\u017epildyta<br \/>\nNikotinas: 0%, 2%, 3%, 5%<br \/>\n\u0160erdis: Tinklelio spiral\u0117 1.0\u03a9<br \/>\nBaterija: 850mAh \u012fkraunamas type-c<br \/>\nI\u0161manusis Ekrano Rodmuo Alyvai ir E-skys\u010diui<\/p>\n<h2><\/h2>\n<h2><strong>Geriausias skonis Bang 20000 \u012etraukim\u0173 I\u0161maniajam Garintuvui su Ekranu<\/strong><\/h2>\n<p>Bang Box 20000 \u012etraukim\u0173 Garintuvas si\u016blo \u012fvair\u0173 skoni\u0173 asortiment\u0105, sukurt\u0105 patenkinti \u012fvairius pageidavimus. Kiekvienas skonis sukurtas taip, kad suteikt\u0173 unikali\u0105 garinimo patirt\u012f, u\u017etikrinant, kad vartotojai gal\u0117t\u0173 rasti ka\u017ek\u0105, kas atitikt\u0173 j\u0173 skon\u012f. Populiar\u016bs variantai yra vaisi\u0173 skoniai, tokie kaip arb\u016bzas, mangas ir mi\u0161rios uogos, kurie suteikia gaivinant\u012f ir sald\u0173 poj\u016bt\u012f.<\/p>\n<p>1. Bra\u0161ki\u0173 kivis<br \/>\n2. Kivi, pasifloros, guava<span style=\"color: #ff0000\"><strong>&gt;&gt;&gt;&gt; Kar\u0161ta!<\/strong><\/span><br \/>\n3. Bra\u0161ki\u0173 arb\u016bzas<span style=\"color: #ff0000\"><strong>&gt;&gt;&gt;&gt; Kar\u0161ta!<\/strong><\/span><br \/>\n4. Avie\u010di\u0173 arb\u016bzas<br \/>\n5. M\u0117lyni\u0173 r\u016bg\u0161tus avie\u010di\u0173 ledas<br \/>\n6. Arb\u016bzo ledas<br \/>\n7. Banan\u0173 ledas<br \/>\n8. Mango persikas<br \/>\n9. M\u0117lynas razz ledas<span style=\"color: #ff0000\"><strong>&gt;&gt;&gt;&gt; Geriausias!<\/strong><\/span><br \/>\n10. P. M\u0117lynas<br \/>\n11. Vynuogi\u0173 ledas<br \/>\n12. Mango ant ledo<\/p>\n<figure id=\"attachment_2404\" aria-describedby=\"caption-attachment-2404\" style=\"width: 800px\" class=\"wp-caption alignnone\"><img loading=\"lazy\" decoding=\"async\" class=\"wp-image-2404 size-full\" src=\"https:\/\/rmvapesale.com\/wp-content\/uploads\/2024\/10\/Bang-box-20000-Puffs-Disposable-Vape-Bulk-Buy.jpg\" alt=\"Bang box 20000 Puffs vienkartinis vape didmenin\u0117 pirkimas\" width=\"800\" height=\"504\" srcset=\"https:\/\/rmvapesale.com\/wp-content\/uploads\/2024\/10\/Bang-box-20000-Puffs-Disposable-Vape-Bulk-Buy.jpg 800w, https:\/\/rmvapesale.com\/wp-content\/uploads\/2024\/10\/Bang-box-20000-Puffs-Disposable-Vape-Bulk-Buy-300x189.jpg 300w, https:\/\/rmvapesale.com\/wp-content\/uploads\/2024\/10\/Bang-box-20000-Puffs-Disposable-Vape-Bulk-Buy-768x484.jpg 768w, https:\/\/rmvapesale.com\/wp-content\/uploads\/2024\/10\/Bang-box-20000-Puffs-Disposable-Vape-Bulk-Buy-600x378.jpg 600w\" sizes=\"auto, (max-width: 800px) 100vw, 800px\" \/><figcaption id=\"caption-attachment-2404\" class=\"wp-caption-text\">Bang box 20000 Puffs vienkartinis vape didmenin\u0117 pirkimas<\/figcaption><\/figure>\n<h3><\/h3>\n<h3><strong>Kod\u0117l rinktis Rmvapesale Bang Vape Puff 20000 \u012fkraunam\u0105 vape<\/strong><strong>?<\/strong><\/h3>\n<div class=\"flex-shrink-0 flex flex-col relative items-end\">\n<div class=\"pt-0\">\n<div class=\"gizmo-bot-avatar flex h-8 w-8 items-center justify-center overflow-hidden rounded-full\">\n<div class=\"relative p-1 rounded-sm flex items-center justify-center bg-token-main-surface-primary text-token-text-primary h-8 w-8\">\n<p>&nbsp;<\/p>\n<p>Pasirink\u0119 Rmvapesale didmeniniams vienkartini\u0173 garintuv\u0173 poreikiams, gausite naudos i\u0161:<\/p>\n<ul>\n<li><strong>Konkurencinga Kaina<\/strong>: Gaukite patrauklias didmenines kainas, kurios padidins j\u016bs\u0173 verslo mar\u017eas.<\/li>\n<li><strong>Auk\u0161ta Kokyb\u0117<\/strong>: M\u016bs\u0173 garintuvai gaminami pagal auk\u0161\u010diausius standartus ir <span style=\"color: #ff0000\"><strong>garantuotai 100% original\u016bs ir autenti\u0161ki, kitaip u\u017e padirbtas prekes bus atlyginta 10 kart\u0173!<\/strong><\/span><\/li>\n<li><strong>Puikus klient\u0173 aptarnavimas<\/strong>: M\u016bs\u0173 atsidavusi komanda visada pasiruo\u0161usi jums pad\u0117ti, kad pirkimo procesas b\u016bt\u0173 sklandus ir be r\u016bpes\u010di\u0173.<\/li>\n<li><strong>Greitas pristatymas<\/strong>: Tik\u0117kit\u0117s greito ir patikimo pristatymo, u\u017etikrinan\u010dio, kad j\u016bs\u0173 u\u017esakymai visada atvykt\u0173 laiku.<\/li>\n<\/ul>\n<\/div>\n<h3><\/h3>\n<div class=\"relative p-1 rounded-sm flex items-center justify-center bg-token-main-surface-primary text-token-text-primary h-8 w-8\">\n<h3><b>DUK<\/b><\/h3>\n<p>&nbsp;<\/p>\n<\/div>\n<\/div>\n<\/div>\n<\/div>\n<div class=\"group\/conversation-turn relative flex w-full min-w-0 flex-col agent-turn\">\n<div class=\"flex-col gap-1 md:gap-3\">\n<div class=\"flex max-w-full flex-col flex-grow\">\n<div class=\"min-h-8 text-message flex w-full flex-col items-end gap-2 whitespace-normal break-words [.text-message+&amp;]:mt-5\" dir=\"auto\" data-message-author-role=\"assistant\" data-message-id=\"f226d3fc-81f3-46d5-8c46-31787fff0357\">\n<div class=\"flex w-full flex-col gap-1 empty:hidden first:pt-[3px]\">\n<div class=\"markdown prose w-full break-words dark:prose-invert light\">\n<p>1. Kiek yra p\u016btimo skai\u010dius Bang Box 20 000 Puffs vape?<br \/>\nBang Box vienkartinis vape si\u016blo iki 20 000 p\u016btim\u0173 vienam \u012frenginiui, tai ilgaam\u017e\u0117 galimyb\u0117 naudotojams, ie\u0161kantiems ilgalaikio naudojimo be da\u017en\u0173 keitim\u0173.<\/p>\n<p>2. Kokios nikotino koncentracijos yra prieinamos Bang Box 20000 vape?<br \/>\n\u0160is vape turi keturias nikotino koncentracijos galimybes: 0%, 2%, 3% ir 5%. Naudotojai gali pasirinkti pagal savo asmeninius pageidavimus ar nikotino tolerancij\u0105.<\/p>\n<p>3. Ar Bang Vape 20 000 yra \u012fkraunamas?<br \/>\nTaip, \u012frenginys yra \u012fkraunamas, leid\u017eiantis naudotojams maksimaliai i\u0161naudoti didel\u012f p\u016btim\u0173 skai\u010di\u0173, nesijaudindami, kad baterija i\u0161seks prie\u0161 baigiant e-skyst\u012f.<\/p>\n<p>4. Kokius skonius galima rasti Bang Box 20 000 \u012fkraunamame vape?<br \/>\n\u012erenginys yra prieinamas \u012fvairi\u0173 skoni\u0173. Ta\u010diau konkret\u016bs skoniai gali skirtis priklausomai nuo pardav\u0117jo ar gamintojo pasirinkimo. Da\u017eniausiai si\u016blomi populiar\u016bs vaisi\u0173, mentolio ir desert\u0173 \u012fkv\u0117pti skoniai.<\/p>\n<p>5. Ar galiu \u012fsigyti Bang vienkartin\u012f 20 000 p\u016btim\u0173 didmeniniu b\u016bdu?<br \/>\nTaip, \u012frenginys yra prieinamas didmeniniam pirkimui, tod\u0117l jis yra idealus didmeniniams pirk\u0117jams arba asmenims, norintiems \u012fsigyti didel\u012f kiek\u012f vienkartini\u0173 vape'\u0173.<\/p>\n<p>6. Ar Bang Box 20 000 R\u016bkymo galimybi\u0173 vape tinka pradedantiesiems?<br \/>\nBang Box vape yra sukurtas b\u016bti lengvai naudojamas, be prie\u017ei\u016bros. Jis tinka tiek pradedantiesiems, tiek patyrusiems vape'\u0173 m\u0117g\u0117jams d\u0117l savo draugi\u0161ko naudotojo dizaino ir didelio r\u016bkymo galimybi\u0173 skai\u010diaus.<\/p>\n<\/div>\n<\/div>\n<\/div>\n<\/div>\n<\/div>\n<\/div>\n<h3>Apie siuntim\u0105<\/h3>\n<div class=\"flex-shrink-0 flex flex-col relative items-end\">\n<div>\n<div class=\"pt-0\">\n<div class=\"gizmo-bot-avatar flex h-8 w-8 items-center justify-center overflow-hidden rounded-full\">\n<div><\/div>\n<div class=\"relative p-1 rounded-sm flex items-center justify-center bg-token-main-surface-primary text-token-text-primary h-8 w-8\"><strong>1. Kokie siuntimo b\u016bdai naudojami?<\/strong><\/div>\n<\/div>\n<\/div>\n<\/div>\n<\/div>\n<div class=\"group\/conversation-turn relative flex w-full min-w-0 flex-col agent-turn\">\n<div class=\"flex-col gap-1 md:gap-3\">\n<div class=\"flex max-w-full flex-col flex-grow\">\n<div class=\"min-h-[20px] text-message flex w-full flex-col items-end gap-2 whitespace-normal break-words [.text-message+&amp;]:mt-5 overflow-x-auto\" dir=\"auto\" data-message-author-role=\"assistant\" data-message-id=\"22f8283b-3233-46ff-89a5-c7a41b33abda\">\n<div class=\"flex w-full flex-col gap-1 empty:hidden first:pt-[3px]\">\n<div class=\"markdown prose w-full break-words dark:prose-invert light\">\n<p>Mes bendradarbiaujame su UPS, DHL, FedEx, DPD ir kitais pirmaujan\u010diais ve\u017e\u0117jais. Mes parinksime geriausi\u0105 siuntimo b\u016bd\u0105, atsi\u017evelgdami \u012f j\u016bs\u0173 pristatymo viet\u0105, kad u\u017etikrintume, jog gaminiai jus pasieks kuo grei\u010diau.<\/p>\n<\/div>\n<p><strong>2. Per kiek laiko prek\u0117s atkeliauja?<\/strong><\/p>\n<p>\u012e Lietuv\u0105 siun\u010diami siuntiniai paprastai atvyksta per 10 darbo dien\u0173. Siuntimas \u012f Europos \u0161alis paprastai trunka apie 12\u201315 darbo dien\u0173. Mes teikiame realiuoju laiku atnaujinam\u0105 informacij\u0105 apie j\u016bs\u0173 siuntos b\u016bsen\u0105.<\/p>\n<\/div>\n<\/div>\n<\/div>\n<\/div>\n<\/div>\n<p>&nbsp;<\/p>\n<p>Kiti populiar\u016bs garintuvai, kurie jums gali patikti:<\/p>\n<p><a href=\"https:\/\/rmvapesale.com\/lt\/product\/bang-vape-30000-pro-disposables-wholesale\/\"><strong>Bang King 30000 R\u016bkymo galimybi\u0173 Vape\u00a0 \u00a0<span style=\"color: #ff0000\">&gt;&gt;&gt;&gt; pirmyn!<\/span><\/strong><\/a><\/p>\n<p><strong><a href=\"https:\/\/rmvapesale.com\/lt\/product\/faivono-bang-maxi-15000-puffs-disposable-vape-bulk-wholesale\/\">AIVONO Aim Bang Maxi 15000 P\u016btim\u0173 <span style=\"color: #ff0000\">&gt;&gt;&gt;&gt; pirmyn!<\/span><\/a>\u00a0<\/strong><\/p>\n<p><a href=\"https:\/\/rmvapesale.com\/lt\/product\/bang-box-30000-puff-double-taste-smart-screen-disposable-vape\/\"><strong>Bang Vape Box 30000 R\u016bkymo galimybi\u0173 <span style=\"color: #ff0000\">&gt;&gt;&gt;&gt; pirmyn!<\/span><\/strong><\/a><\/p>\n<p>&nbsp;<\/p>\n<p>&nbsp;<\/p>\n<p>Raskite daugiau garintuv\u0173, kurie jums gali patikti:<strong><em><a href=\"https:\/\/rmvapesale.com\/lt\/shop-2\/\">pirkti dabar &gt;&gt;&gt;<\/a><\/em><\/strong><\/p>","protected":false},"excerpt":{"rendered":"<p>Bang Box 20000 \u012etraukim\u0173 Vienkartinis Garintuvas<br \/>\nBang 20000 \u012etraukim\u0173 LED Ekranas Vienkartinis Garintuvas<br \/>\nBang Box 20000 \u012etraukim\u0173 Garintuvai Vienkartinis Garintuvas<\/p>\n<p><img loading=\"lazy\" decoding=\"async\" class=\"size-full wp-image-1978\" src=\"https:\/\/rmvapesale.com\/wp-content\/uploads\/2024\/09\/Disposable-Vape-Wholesale.jpg\" alt=\"Vienkartinis garintuvas didmenin\u0117 prekyba\" width=\"229\" height=\"300\" \/><\/p>\n<h3><a href=\"https:\/\/wa.me\/8617776015835\"><span style=\"color: #ff0000\"><strong>WhatsApp: +86 17776015835<\/strong><\/span><\/a><\/h3>\n<p>&nbsp;<\/p>","protected":false},"featured_media":2407,"comment_status":"open","ping_status":"closed","template":"","meta":{"_uag_custom_page_level_css":"","_lmt_disableupdate":"","_lmt_disable":"","site-sidebar-layout":"default","site-content-layout":"content-boxed-container","ast-site-content-layout":"normal-width-container","site-content-style":"boxed","site-sidebar-style":"unboxed","ast-global-header-display":"","ast-banner-title-visibility":"","ast-main-header-display":"","ast-hfb-above-header-display":"","ast-hfb-below-header-display":"","ast-hfb-mobile-header-display":"","site-post-title":"","ast-breadcrumbs-content":"","ast-featured-img":"","footer-sml-layout":"","theme-transparent-header-meta":"default","adv-header-id-meta":"","stick-header-meta":"","header-above-stick-meta":"","header-main-stick-meta":"","header-below-stick-meta":"","astra-migrate-meta-layouts":"set","ast-page-background-enabled":"default","ast-page-background-meta":{"desktop":{"background-color":"var(--ast-global-color-4)","background-image":"","background-repeat":"repeat","background-position":"center center","background-size":"auto","background-attachment":"scroll","background-type":"","background-media":"","overlay-type":"","overlay-color":"","overlay-opacity":"","overlay-gradient":""},"tablet":{"background-color":"","background-image":"","background-repeat":"repeat","background-position":"center center","background-size":"auto","background-attachment":"scroll","background-type":"","background-media":"","overlay-type":"","overlay-color":"","overlay-opacity":"","overlay-gradient":""},"mobile":{"background-color":"","background-image":"","background-repeat":"repeat","background-position":"center center","background-size":"auto","background-attachment":"scroll","background-type":"","background-media":"","overlay-type":"","overlay-color":"","overlay-opacity":"","overlay-gradient":""}},"ast-content-background-meta":{"desktop":{"background-color":"var(--ast-global-color-5)","background-image":"","background-repeat":"repeat","background-position":"center center","background-size":"auto","background-attachment":"scroll","background-type":"","background-media":"","overlay-type":"","overlay-color":"","overlay-opacity":"","overlay-gradient":""},"tablet":{"background-color":"var(--ast-global-color-5)","background-image":"","background-repeat":"repeat","background-position":"center center","background-size":"auto","background-attachment":"scroll","background-type":"","background-media":"","overlay-type":"","overlay-color":"","overlay-opacity":"","overlay-gradient":""},"mobile":{"background-color":"var(--ast-global-color-5)","background-image":"","background-repeat":"repeat","background-position":"center center","background-size":"auto","background-attachment":"scroll","background-type":"","background-media":"","overlay-type":"","overlay-color":"","overlay-opacity":"","overlay-gradient":""}},"_joinchat":[]},"product_brand":[],"product_cat":[15,25,123,26,28,135,27,60,137,136,30],"product_tag":[152,148,150,146,126,111,132,85],"class_list":{"0":"post-2410","1":"product","2":"type-product","3":"status-publish","4":"has-post-thumbnail","6":"product_cat-new-vape-this-week","7":"product_cat-germany-best-selling-vape","8":"product_cat-italy-wholesale-vape","9":"product_cat-netherlands-hot-sale-vape","10":"product_cat-poland-hot-sale-vape","11":"product_cat-spain-best-hot-sale-vape","12":"product_cat-fance-hot-sale-vape","13":"product_cat-bang-vapes","14":"product_cat-rechargeable-vapes","15":"product_cat-smart-screen-vapes","16":"product_cat-minimum-order-quantity-50pcs","17":"product_tag-bang-20000-puff","18":"product_tag-bang-disposable-vape","19":"product_tag-bang-vape-bar","20":"product_tag-best-hot-sale-vape","21":"product_tag-e-cigarettes","22":"product_tag-low-nicotine-disposable-vape","23":"product_tag-rechargeable-vape","24":"product_tag-smart-disposable-vape","25":"desktop-align-left","26":"tablet-align-left","27":"mobile-align-left","29":"first","30":"instock","31":"sale","32":"shipping-taxable","33":"purchasable","34":"product-type-simple"},"uagb_featured_image_src":{"full":["https:\/\/rmvapesale.com\/wp-content\/uploads\/2024\/10\/Bang-box-20000-Puffs-Disposable-Vape-Rechargeable.jpg",800,800,false],"thumbnail":["https:\/\/rmvapesale.com\/wp-content\/uploads\/2024\/10\/Bang-box-20000-Puffs-Disposable-Vape-Rechargeable-150x150.jpg",150,150,true],"medium":["https:\/\/rmvapesale.com\/wp-content\/uploads\/2024\/10\/Bang-box-20000-Puffs-Disposable-Vape-Rechargeable-300x300.jpg",300,300,true],"medium_large":["https:\/\/rmvapesale.com\/wp-content\/uploads\/2024\/10\/Bang-box-20000-Puffs-Disposable-Vape-Rechargeable-768x768.jpg",768,768,true],"large":["https:\/\/rmvapesale.com\/wp-content\/uploads\/2024\/10\/Bang-box-20000-Puffs-Disposable-Vape-Rechargeable.jpg",800,800,false],"1536x1536":["https:\/\/rmvapesale.com\/wp-content\/uploads\/2024\/10\/Bang-box-20000-Puffs-Disposable-Vape-Rechargeable.jpg",800,800,false],"2048x2048":["https:\/\/rmvapesale.com\/wp-content\/uploads\/2024\/10\/Bang-box-20000-Puffs-Disposable-Vape-Rechargeable.jpg",800,800,false],"trp-custom-language-flag":["https:\/\/rmvapesale.com\/wp-content\/uploads\/2024\/10\/Bang-box-20000-Puffs-Disposable-Vape-Rechargeable.jpg",12,12,false],"woocommerce_thumbnail":["https:\/\/rmvapesale.com\/wp-content\/uploads\/2024\/10\/Bang-box-20000-Puffs-Disposable-Vape-Rechargeable-300x300.jpg",300,300,true],"woocommerce_single":["https:\/\/rmvapesale.com\/wp-content\/uploads\/2024\/10\/Bang-box-20000-Puffs-Disposable-Vape-Rechargeable-600x600.jpg",600,600,true],"woocommerce_gallery_thumbnail":["https:\/\/rmvapesale.com\/wp-content\/uploads\/2024\/10\/Bang-box-20000-Puffs-Disposable-Vape-Rechargeable-100x100.jpg",100,100,true],"wcpr-photo-reviews":["https:\/\/rmvapesale.com\/wp-content\/uploads\/2024\/10\/Bang-box-20000-Puffs-Disposable-Vape-Rechargeable.jpg",500,500,false]},"uagb_author_info":{"display_name":"AMY","author_link":"https:\/\/rmvapesale.com\/lt\/author\/"},"uagb_comment_info":0,"uagb_excerpt":"Bang Box 20000 Puffs Disposable Vape Bang 20000 Puffs LED Display Disposable Vape Bang Box 20000 Puff Vapes Disposable Vape WhatsApp: +86 17776015835 &nbsp;","_links":{"self":[{"href":"https:\/\/rmvapesale.com\/lt\/wp-json\/wp\/v2\/product\/2410","targetHints":{"allow":["GET"]}}],"collection":[{"href":"https:\/\/rmvapesale.com\/lt\/wp-json\/wp\/v2\/product"}],"about":[{"href":"https:\/\/rmvapesale.com\/lt\/wp-json\/wp\/v2\/types\/product"}],"replies":[{"embeddable":true,"href":"https:\/\/rmvapesale.com\/lt\/wp-json\/wp\/v2\/comments?post=2410"}],"wp:featuredmedia":[{"embeddable":true,"href":"https:\/\/rmvapesale.com\/lt\/wp-json\/wp\/v2\/media\/2407"}],"wp:attachment":[{"href":"https:\/\/rmvapesale.com\/lt\/wp-json\/wp\/v2\/media?parent=2410"}],"wp:term":[{"taxonomy":"product_brand","embeddable":true,"href":"https:\/\/rmvapesale.com\/lt\/wp-json\/wp\/v2\/product_brand?post=2410"},{"taxonomy":"product_cat","embeddable":true,"href":"https:\/\/rmvapesale.com\/lt\/wp-json\/wp\/v2\/product_cat?post=2410"},{"taxonomy":"product_tag","embeddable":true,"href":"https:\/\/rmvapesale.com\/lt\/wp-json\/wp\/v2\/product_tag?post=2410"}],"curies":[{"name":"wp","href":"https:\/\/api.w.org\/{rel}","templated":true}]}}