{"id":2499,"date":"2024-10-22T03:06:41","date_gmt":"2024-10-22T03:06:41","guid":{"rendered":"https:\/\/rmvapesale.com\/?post_type=product&#038;p=2499"},"modified":"2024-10-22T07:03:42","modified_gmt":"2024-10-22T07:03:42","slug":"vapme-shisha-hookah-pro-max-20000-puffs-disposable-vape-bar","status":"publish","type":"product","link":"https:\/\/rmvapesale.com\/lt\/product\/vapme-shisha-hookah-pro-max-20000-puffs-disposable-vape-bar\/","title":{"rendered":"Vapme Shisha Hookah Pro Max 20000 \u012ftraukim\u0173 vienkartinis garintuvas"},"content":{"rendered":"<div class=\"B2VR9 CJHX3e\">\n<div class=\"wyccme\">\n<div class=\"flex-shrink-0 flex flex-col relative items-end\">\n<div>\n<div class=\"pt-0\">\n<div class=\"gizmo-bot-avatar flex h-8 w-8 items-center justify-center overflow-hidden rounded-full\"><\/div>\n<\/div>\n<\/div>\n<\/div>\n<div class=\"group\/conversation-turn relative flex w-full min-w-0 flex-col agent-turn\">\n<div class=\"flex-col gap-1 md:gap-3\">\n<div class=\"flex max-w-full flex-col flex-grow\">\n<div class=\"min-h-8 text-message flex w-full flex-col items-end gap-2 whitespace-normal break-words [.text-message+&amp;]:mt-5\" dir=\"auto\" data-message-author-role=\"assistant\" data-message-id=\"601ef074-f473-428a-ad27-1d4d88bbe859\" data-message-model-slug=\"gpt-4o\">\n<div class=\"flex w-full flex-col gap-1 empty:hidden first:pt-[3px]\">\n<div class=\"markdown prose w-full break-words dark:prose-invert light\">\n<p><span style=\"font-size: 2em;font-weight: bold\">Vapme Shisha Hookah Pro Max 20000 \u012ftraukim\u0173 vienkartinis garintuvas<\/span><\/p>\n<\/div>\n<\/div>\n<\/div>\n<\/div>\n<\/div>\n<\/div>\n<div class=\"flex-shrink-0 flex flex-col relative items-end\">\n<div class=\"pt-0\">\n<div class=\"gizmo-bot-avatar flex h-8 w-8 items-center justify-center overflow-hidden rounded-full\">\n<div class=\"relative p-1 rounded-sm flex items-center justify-center bg-token-main-surface-primary text-token-text-primary h-8 w-8\">\n<p><strong>Vapme Shisha Hookah Pro Max 20000 R\u016bkom\u0173j\u0173 Putojim\u0173 <\/strong>yra auk\u0161\u010diausios kokyb\u0117s <strong>Shisha Baras<\/strong> sukurtas siekiant suteikti i\u0161skirtin\u0119 ir ilgalaik\u0119 r\u016bkymo patirt\u012f. Si\u016blo did\u017eiul\u012f 20 000 r\u016bkom\u0173j\u0173 putojim\u0173, \u0161is \u012frenginys yra idealus tiems, kurie nori ilgalaikio naudojimo be nuolatinio papildymo ar \u012fkrovimo. Jo 28 ml e-skys\u010dio talpa suma\u017eina da\u017en\u0173 keitim\u0173 poreik\u012f, tenkindamas tiek atsitiktinius vartotojus, tiek entuziastus. Apr\u016bpintas galingu 650mAh \u012fkraunamu akumuliatoriumi, <strong>Vapme Shisha Hookah 20000<\/strong> u\u017etikrina nuosekl\u0173 veikim\u0105, suteikdamas vartotojams patikimumo viso tarnavimo laikotarpio metu.<\/p>\n<p>Tiems, kurie ie\u0161ko ekonomi\u0161ko sprendimo, <strong>Vapme Shisha Hookah<\/strong>\u00a0yra prieinama didmenin\u0117ms pirkimams, tod\u0117l yra puikus pasirinkimas ma\u017emenininkams ir vape parduotuv\u0117ms. Nesvarbu, ar ie\u0161kote <strong>geriausio vienkartinio vape<\/strong> ar norite papildyti atsargas <strong>didmeniniams garintuv\u0173<\/strong>, \u0161is produktas si\u016blo puiki\u0105 vert\u0119. <strong>ma\u017eai nikotino turin\u010diu vienkartiniu garintuvu<\/strong> pasirinkimas leid\u017eia j\u012f pritaikyti platesniam poreiki\u0173 spektrui, o jo <strong>\u012fkraunamos elektronin\u0117s cigaret\u0117s<\/strong> savyb\u0117 suteikia patogumo ilgalaikiam naudojimui.<\/p>\n<p>Augant populiarumui <strong>nikotino nemokama hookah shisha<\/strong>, Vapme Shisha 20000 si\u016blo pasirinkimus tiems, kurie m\u0117gsta vaping patirt\u012f be nikotino. Platus <strong>Shisha Hookah skoni\u0173 pasirinkimas<\/strong> u\u017etikrina, kad kiekvienas \u012fkv\u0117pimas suteikt\u0173 maloni\u0105, skani\u0105 patirt\u012f, primenan\u010di\u0105 tradicines hookah sesijas.<\/p>\n<p>Su savo patvarumo, skoni\u0173 \u012fvairov\u0117s ir naudotojui draugi\u0161k\u0173 funkcij\u0173 deriniu, <strong>Vapme Shisha Hookah 20000 <\/strong>i\u0161siskiria i\u0161 <strong>vienkartines elektronines cigaretes internetu<\/strong> Lietuvos rinkoje.<\/p>\n<p>&nbsp;<\/p>\n<\/div>\n<\/div>\n<\/div>\n<\/div>\n<\/div>\n<\/div>\n<p><strong>Susisiekite su Amy ir gaukite tinkam\u0105 atsakym\u0105 bei vape kupon\u0105!<\/strong><\/p>\n<p><img loading=\"lazy\" decoding=\"async\" class=\"size-full wp-image-1978\" src=\"https:\/\/rmvapesale.com\/wp-content\/uploads\/2024\/09\/Disposable-Vape-Wholesale.jpg\" alt=\"Vienkartinis garintuvas didmenin\u0117 prekyba\" width=\"229\" height=\"300\" \/><\/p>\n<h3><a href=\"https:\/\/wa.me\/8617776015835\" target=\"_blank\" rel=\"noopener\"><span style=\"color: #ff0000\"><strong>WhatsApp: +86 17776015835<\/strong><\/span><\/a><\/h3>\n<p>&nbsp;<\/p>\n<h2><\/h2>\n<h2><strong>Vapme Shisha Pro Max 20000 Vienkartinis<\/strong><strong>\u00a0<\/strong><strong>Pagrindin\u0117s savyb\u0117s<\/strong><\/h2>\n<p><strong>20 000 \u012fkv\u0117pim\u0173:<\/strong> Sukurtas pla\u010diam naudojimui, si\u016blo iki 20 000 \u012fkv\u0117pim\u0173 viename \u012frenginyje.<\/p>\n<p><strong>28 ml E-liquido talpa:<\/strong> \u012erengtas didelis 28 ml e-liquido rezervuaras ilgesniam vapingui be da\u017en\u0173 papildym\u0173.<\/p>\n<p><strong>\u012ekraunama 650 mAh baterija:<\/strong> Yra tvirtas \u012fkraunamas akumuliatorius, u\u017etikrinantis nuolatin\u0119 gali\u0105 ir na\u0161um\u0105.<\/p>\n<p><strong>Skoni\u0173 \u012fvairov\u0117:<\/strong> Pasiekiama 24 skirtingais skoniais, atitinkan\u010diais \u012fvairius skoni\u0173 pageidavimus nuo vaisi\u0173 iki mentolio variant\u0173.<\/p>\n<p><strong>Sleek dizainas:<\/strong> Modernus ir stilingas dizainas, lengvai laikomas ir ne\u0161iojamas, tod\u0117l naudotojui draugi\u0161kas.<\/p>\n<p><strong>Eliquido ir akumuliatoriaus ekranas<\/strong><\/p>\n<figure id=\"attachment_2492\" aria-describedby=\"caption-attachment-2492\" style=\"width: 800px\" class=\"wp-caption alignnone\"><img loading=\"lazy\" decoding=\"async\" class=\"wp-image-2492 size-full\" src=\"https:\/\/rmvapesale.com\/wp-content\/uploads\/2024\/10\/Shisha-Bar-Vapme-Shisha-Pro-Max-20000.jpg\" alt=\"Shisha Bar Vapme Shisha Pro Max 20000\" width=\"800\" height=\"800\" srcset=\"https:\/\/rmvapesale.com\/wp-content\/uploads\/2024\/10\/Shisha-Bar-Vapme-Shisha-Pro-Max-20000.jpg 800w, https:\/\/rmvapesale.com\/wp-content\/uploads\/2024\/10\/Shisha-Bar-Vapme-Shisha-Pro-Max-20000-300x300.jpg 300w, https:\/\/rmvapesale.com\/wp-content\/uploads\/2024\/10\/Shisha-Bar-Vapme-Shisha-Pro-Max-20000-150x150.jpg 150w, https:\/\/rmvapesale.com\/wp-content\/uploads\/2024\/10\/Shisha-Bar-Vapme-Shisha-Pro-Max-20000-768x768.jpg 768w, https:\/\/rmvapesale.com\/wp-content\/uploads\/2024\/10\/Shisha-Bar-Vapme-Shisha-Pro-Max-20000-600x600.jpg 600w, https:\/\/rmvapesale.com\/wp-content\/uploads\/2024\/10\/Shisha-Bar-Vapme-Shisha-Pro-Max-20000-100x100.jpg 100w\" sizes=\"auto, (max-width: 800px) 100vw, 800px\" \/><figcaption id=\"caption-attachment-2492\" class=\"wp-caption-text\">Shisha Bar Vapme Shisha Pro Max 20000<\/figcaption><\/figure>\n<h2><strong>Vapme Shisha geriausias skonis <\/strong><strong>Baras<\/strong><strong>\u00a020 000 \u012fkv\u0117pim\u0173\u00a0<\/strong><\/h2>\n<p>\u012erenginio eleganti\u0161kas, modernus dizainas yra derinamas su 24 unikali\u0173 <strong>Shisha Hookah skoni\u0173 pasirinkimas<\/strong>, nuo vaisini\u0173 m\u0117gstamiausi\u0173 kaip Bra\u0161k\u0117 arb\u016bzas iki gaivinan\u010di\u0173 variant\u0173 kaip M\u0117lynasis m\u0117lyn\u0117 ledu, suteikiant ka\u017ek\u0105 kiekvienam.<\/p>\n<p>1. M\u0117lynasis m\u0117lyn\u0117 kramtomoji guma <span style=\"color: #ff0000\"><strong>&gt;&gt;&gt;&gt; Kar\u0161ta!<\/strong><\/span><br \/>\n2. Kivi, pasifloros, guava<br \/>\n3. M\u0117lynoji bra\u0161ki\u0173 limonadas<br \/>\n4. Bra\u0161k\u0117, kivi<br \/>\n5. Mi\u0161rios uogos <span style=\"color: #ff0000\"><strong>&gt;&gt;&gt;&gt; Geriausias!<\/strong><\/span><br \/>\n6. Bra\u0161k\u0117, arb\u016bzas<br \/>\n7. Vynuogi\u0173 Punch<br \/>\n8. Arb\u016bzo ledas<br \/>\n9. Persik\u0173 mango ananasas<br \/>\n10. Bra\u0161ki\u0173 ledas<br \/>\n11. Sultingas Persikas<br \/>\n12. Lady Killa<br \/>\n13. Vy\u0161nini\u0173 uog\u0173 bra\u0161k\u0117<br \/>\n14. M\u0117lyni\u0173 aviet\u0117 <span style=\"color: #ff0000\"><strong>&gt;&gt;&gt;&gt; Kar\u0161ta!<\/strong><\/span><br \/>\n15. Meil\u0117 66 <span style=\"color: #ff0000\"><strong>&gt;&gt;&gt;&gt; Kar\u0161ta!<\/strong><\/span><br \/>\n16. Arb\u016bzo bulius<br \/>\n17. Bra\u0161ki\u0173 vynuog\u0117s<br \/>\n18. Bra\u0161ki\u0173 avie\u010di\u0173 saldainiai<br \/>\n19. Balta Mamba<br \/>\n20. Arb\u016bzo vy\u0161nia<br \/>\n21. \u0160aldytas obuolys<br \/>\n22. Citrin\u0173 m\u0117tos<br \/>\n23. Juod\u0173j\u0173 serbent\u0173 ledas<br \/>\n24. Ananas\u0173 kokteilis<\/p>\n<p>&nbsp;<\/p>\n<h3><strong>Kod\u0117l rinktis Rmvapesale u\u017e Hookah Shisha Vapme 20000 p\u016btim\u0173<\/strong><strong>?<\/strong><\/h3>\n<div class=\"flex-shrink-0 flex flex-col relative items-end\">\n<div class=\"pt-0\">\n<div class=\"gizmo-bot-avatar flex h-8 w-8 items-center justify-center overflow-hidden rounded-full\">\n<div class=\"relative p-1 rounded-sm flex items-center justify-center bg-token-main-surface-primary text-token-text-primary h-8 w-8\">\n<p>&nbsp;<\/p>\n<p>Pasirink\u0119 Rmvapesale didmeniniams vienkartini\u0173 garintuv\u0173 poreikiams, gausite naudos i\u0161:<\/p>\n<ul>\n<li><strong>Konkurencinga Kaina<\/strong>: Gaukite patrauklias didmenines kainas, kurios padidins j\u016bs\u0173 verslo mar\u017eas.<\/li>\n<li><strong>Auk\u0161ta Kokyb\u0117<\/strong>: M\u016bs\u0173 garintuvai gaminami pagal auk\u0161\u010diausius standartus ir <span style=\"color: #ff0000\"><strong>garantuotai 100% original\u016bs ir autenti\u0161ki, kitaip u\u017e padirbtas prekes bus atlyginta 10 kart\u0173!<\/strong><\/span><\/li>\n<li><strong>Puikus klient\u0173 aptarnavimas<\/strong>: M\u016bs\u0173 atsidavusi komanda visada pasiruo\u0161usi jums pad\u0117ti, kad pirkimo procesas b\u016bt\u0173 sklandus ir be r\u016bpes\u010di\u0173.<\/li>\n<li><strong>Greitas pristatymas<\/strong>: Tik\u0117kit\u0117s greito ir patikimo pristatymo, u\u017etikrinan\u010dio, kad j\u016bs\u0173 u\u017esakymai visada atvykt\u0173 laiku.<\/li>\n<\/ul>\n<\/div>\n<h3><\/h3>\n<div class=\"relative p-1 rounded-sm flex items-center justify-center bg-token-main-surface-primary text-token-text-primary h-8 w-8\">\n<h3><b>DUK<\/b><\/h3>\n<div class=\"flex-shrink-0 flex flex-col relative items-end\">\n<div>\n<div class=\"pt-0\">\n<div class=\"gizmo-bot-avatar flex h-8 w-8 items-center justify-center overflow-hidden rounded-full\">\n<div class=\"relative p-1 rounded-sm flex items-center justify-center bg-token-main-surface-primary text-token-text-primary h-8 w-8\"><\/div>\n<\/div>\n<\/div>\n<\/div>\n<\/div>\n<div class=\"group\/conversation-turn relative flex w-full min-w-0 flex-col agent-turn\">\n<div class=\"flex-col gap-1 md:gap-3\">\n<div class=\"flex max-w-full flex-col flex-grow\">\n<div class=\"min-h-8 text-message flex w-full flex-col items-end gap-2 whitespace-normal break-words [.text-message+&amp;]:mt-5\" dir=\"auto\" data-message-author-role=\"assistant\" data-message-id=\"3a019841-c00e-477f-baad-0bb23e48af2d\" data-message-model-slug=\"gpt-4o\">\n<div class=\"flex w-full flex-col gap-1 empty:hidden first:pt-[3px]\">\n<div class=\"markdown prose w-full break-words dark:prose-invert light\">\n<p><strong>1. Kas yra vienkartinis Shisha Hookah baras?<\/strong><br \/>\nA <strong>shisha hookah vienkartinis baras<\/strong> yra tam tikro tipo <strong>vienkartinio garintuvo<\/strong> sukurtas imituoti tradicin\u0117s \u017earstomosios \u017eol\u0117s patirt\u012f. Jame yra akumuliatorius, kamera, u\u017epildyta skoningu vape skys\u010diu (da\u017enai vadinamu <strong>\u0161ischa \u017eol\u0117s hookah skoni\u0173<\/strong>), ir \u0161ildymo elementas. Akumuliatorius maitina \u0161ildymo rit\u0119, kuri \u0161ildo skyst\u012f, kad susidaryt\u0173 garas \u012fkv\u0117pimui.<\/p>\n<p><strong>2. Kuo skiriasi \u0161ischa \u017eol\u0117s hookah vienkartinis vape ir tradicinis hookah?<\/strong><br \/>\nTradicinis hookah naudoja anglis deginti \u0161ischa tabak\u0105, o d\u016bmai filtruojami per vanden\u012f prie\u0161 \u012fkv\u0117pim\u0105. Prie\u0161ingai, <strong>\u0161ischa \u017eol\u0117s hookah vienkartinis vape<\/strong> naudoja elektrin\u0119 \u0161ildymo rit\u0119, kad garint\u0173 e-skyst\u012f, sukurdama gar\u0105, kuris \u012fkvepiamas tiesiogiai be anglies ar vandens.<\/p>\n<p><strong>3. Koki\u0173 geriausi\u0173 \u0161ischa \u017eol\u0117s hookah vienkartini\u0173 vape prek\u0117s \u017eenkl\u0173 yra?<\/strong><br \/>\nPopuliariausi prek\u0117s \u017eenklai <strong>\u0161ischa \u017eol\u0117s hookah vienkartiniams vape<\/strong> \u012ftraukti <strong>Vapme Shisha Hookah<\/strong>, FIHP \u0160ischa \u017dol\u0117s Hookah 15000 pro ir AIVONO \u0160ischa FATMAN 15000.<\/p>\n<\/div>\n<\/div>\n<\/div>\n<\/div>\n<\/div>\n<\/div>\n<p><strong>4. Kaip su\u017einoti, kada j\u016bs\u0173 Vapme \u0160ischa \u017dol\u0117s Hookah vape yra tu\u0161\u010dias?\u00a0<\/strong><br \/>\nPasteb\u0117site, kad j\u016bs\u0173 vienkartinis vape art\u0117ja prie pabaigos, kai skonis silpn\u0117ja arba garo gamyba suma\u017e\u0117ja. Kai kurie nauji vienkartiniai vape su ekranu, kaip RandM Vape 12000, RandM Tornado 15000, Waspe 30000 puf\u0173, tur\u0117s indikatorius ekrane.<\/p>\n<p><strong>5. Kiek laiko u\u017etrunka \u012fkrauti Vapme \u0160ischa Vienkartin\u012f Vape?<\/strong><br \/>\nDaugumos elektronini\u0173 cigare\u010di\u0173 baterij\u0173 \u012fkrovimas paprastai trunka apie 3 iki 4 valandas iki pilno \u012fkrovimo, priklausomai nuo baterijos dyd\u017eio. Geriausia palaukti, kol baterija visi\u0161kai i\u0161sikraus, prie\u0161 j\u0105 \u012fkraunant. Ta\u010diau, kadangi kiekvienas \u012frenginys yra unikalus, visada pasitarkite su savo produkto instrukcija d\u0117l specifini\u0173 \u012fkrovimo gairi\u0173 ir indikatori\u0173, siekiant u\u017etikrinti optimal\u0173 veikim\u0105.<\/p>\n<\/div>\n<\/div>\n<\/div>\n<\/div>\n<div class=\"group\/conversation-turn relative flex w-full min-w-0 flex-col agent-turn\">\n<div class=\"flex-col gap-1 md:gap-3\">\n<div class=\"flex max-w-full flex-col flex-grow\">\n<div class=\"min-h-8 text-message flex w-full flex-col items-end gap-2 whitespace-normal break-words [.text-message+&amp;]:mt-5\" dir=\"auto\" data-message-author-role=\"assistant\" data-message-id=\"f226d3fc-81f3-46d5-8c46-31787fff0357\">\n<div class=\"flex w-full flex-col gap-1 empty:hidden first:pt-[3px]\">\n<div class=\"markdown prose w-full break-words dark:prose-invert light\">\n<div class=\"group\/conversation-turn relative flex w-full min-w-0 flex-col agent-turn\">\n<div class=\"flex-col gap-1 md:gap-3\">\n<div class=\"flex max-w-full flex-col flex-grow\">\n<div class=\"min-h-8 text-message flex w-full flex-col items-end gap-2 whitespace-normal break-words [.text-message+&amp;]:mt-5\" dir=\"auto\" data-message-author-role=\"assistant\" data-message-id=\"91d2b73b-9149-4888-a964-4b8464e0e6e3\" data-message-model-slug=\"gpt-4o\">\n<div class=\"flex w-full flex-col gap-1 empty:hidden first:pt-[3px]\">\n<div class=\"markdown prose w-full break-words dark:prose-invert light\">\n<p>&nbsp;<\/p>\n<\/div>\n<\/div>\n<\/div>\n<\/div>\n<\/div>\n<\/div>\n<\/div>\n<\/div>\n<\/div>\n<\/div>\n<\/div>\n<\/div>\n<h3>Apie siuntim\u0105<\/h3>\n<div class=\"flex-shrink-0 flex flex-col relative items-end\">\n<div>\n<div class=\"pt-0\">\n<div class=\"gizmo-bot-avatar flex h-8 w-8 items-center justify-center overflow-hidden rounded-full\">\n<div><\/div>\n<div class=\"relative p-1 rounded-sm flex items-center justify-center bg-token-main-surface-primary text-token-text-primary h-8 w-8\"><strong>1. Kokie siuntimo b\u016bdai naudojami?<\/strong><\/div>\n<\/div>\n<\/div>\n<\/div>\n<\/div>\n<div class=\"group\/conversation-turn relative flex w-full min-w-0 flex-col agent-turn\">\n<div class=\"flex-col gap-1 md:gap-3\">\n<div class=\"flex max-w-full flex-col flex-grow\">\n<div class=\"min-h-[20px] text-message flex w-full flex-col items-end gap-2 whitespace-normal break-words [.text-message+&amp;]:mt-5 overflow-x-auto\" dir=\"auto\" data-message-author-role=\"assistant\" data-message-id=\"22f8283b-3233-46ff-89a5-c7a41b33abda\">\n<div class=\"flex w-full flex-col gap-1 empty:hidden first:pt-[3px]\">\n<div class=\"markdown prose w-full break-words dark:prose-invert light\">\n<p>Mes bendradarbiaujame su UPS, DHL, FedEx, DPD ir kitais pirmaujan\u010diais ve\u017e\u0117jais. Mes parinksime geriausi\u0105 siuntimo b\u016bd\u0105, atsi\u017evelgdami \u012f j\u016bs\u0173 pristatymo viet\u0105, kad u\u017etikrintume, jog gaminiai jus pasieks kuo grei\u010diau.<\/p>\n<\/div>\n<p><strong>2. Per kiek laiko prek\u0117s atkeliauja?<\/strong><\/p>\n<p>\u012e Lietuv\u0105 siun\u010diami siuntiniai paprastai atvyksta per 10 darbo dien\u0173. Siuntimas \u012f Europos \u0161alis paprastai trunka apie 12\u201315 darbo dien\u0173. Mes teikiame realiuoju laiku atnaujinam\u0105 informacij\u0105 apie j\u016bs\u0173 siuntos b\u016bsen\u0105.<\/p>\n<\/div>\n<\/div>\n<\/div>\n<\/div>\n<\/div>\n<p>&nbsp;<\/p>\n<p>Kiti populiar\u016bs garintuvai, kurie jums gali patikti:<\/p>\n<p><a href=\"https:\/\/rmvapesale.com\/lt\/product\/randm-tornado-15000-puffs-15k-vape-recharge-fumot-original-vape-factory-price\/\"><strong>Randm Vape 15000 \u012ftraukim\u0173\u00a0 \u00a0<span style=\"color: #ff0000\">&gt;&gt;&gt;&gt; pirmyn!<\/span><\/strong><\/a><\/p>\n<p><strong><a href=\"https:\/\/rmvapesale.com\/lt\/product\/fumot-digital-box-12000-disposable-vape-pink-lemonade-flavor\/\">Fumot Digital Box 12000 vienkartinis garintuvas<\/a><\/strong><strong><a href=\"https:\/\/rmvapesale.com\/lt\/product\/faivono-bang-maxi-15000-puffs-disposable-vape-bulk-wholesale\/\">\u00a0<span style=\"color: #ff0000\">&gt;&gt;&gt;&gt; pirmyn!<\/span><\/a>\u00a0<\/strong><\/p>\n<p><a href=\"https:\/\/rmvapesale.com\/lt\/product\/randm-tornado-25000-puffs-disposable-vape-wholesale\/\"><strong>Fumot Vape RandM Tornado 25000 Puf\u0173 <span style=\"color: #ff0000\">&gt;&gt;&gt;&gt; pirmyn!<\/span><\/strong><\/a><\/p>\n<p>&nbsp;<\/p>\n<p>&nbsp;<\/p>\n<p>Raskite daugiau garintuv\u0173, kurie jums gali patikti:<strong><em><a href=\"https:\/\/rmvapesale.com\/lt\/shop-2\/\">pirkti dabar &gt;&gt;&gt;<\/a><\/em><\/strong><\/p>","protected":false},"excerpt":{"rendered":"<p>Vapme Shisha Hookah 20000 R\u016bkom\u0173j\u0173 Putojim\u0173 Didmenin\u0117 prekyba<br \/>\nVapme Shisha Hookah 20000 R\u016bkom\u0173j\u0173 Putojim\u0173 24 Skoni\u0173 Sand\u0117lyje<br \/>\nVapme Shisha Pro Max 20000 R\u016bkom\u0173j\u0173 Putojim\u0173 LED Ekranas 2% \u017demas Nikotino Vienkartinis Vape<\/p>\n<p><img loading=\"lazy\" decoding=\"async\" class=\"size-full wp-image-2375\" src=\"https:\/\/rmvapesale.com\/wp-content\/uploads\/2024\/10\/image.png\" alt=\"Geriausias Vienkartinis Vape\" width=\"229\" height=\"300\" \/><\/p>\n<h3><a href=\"https:\/\/wa.me\/8617776015835\"><span style=\"color: #ff0000\"><strong>WhatsApp: +86 17776015835<\/strong><\/span><\/a><\/h3>\n<p>&nbsp;<\/p>","protected":false},"featured_media":2496,"comment_status":"open","ping_status":"closed","template":"","meta":{"_uag_custom_page_level_css":"","_lmt_disableupdate":"no","_lmt_disable":"","site-sidebar-layout":"default","site-content-layout":"content-boxed-container","ast-site-content-layout":"normal-width-container","site-content-style":"boxed","site-sidebar-style":"unboxed","ast-global-header-display":"","ast-banner-title-visibility":"","ast-main-header-display":"","ast-hfb-above-header-display":"","ast-hfb-below-header-display":"","ast-hfb-mobile-header-display":"","site-post-title":"","ast-breadcrumbs-content":"","ast-featured-img":"","footer-sml-layout":"","theme-transparent-header-meta":"default","adv-header-id-meta":"","stick-header-meta":"","header-above-stick-meta":"","header-main-stick-meta":"","header-below-stick-meta":"","astra-migrate-meta-layouts":"set","ast-page-background-enabled":"default","ast-page-background-meta":{"desktop":{"background-color":"var(--ast-global-color-4)","background-image":"","background-repeat":"repeat","background-position":"center center","background-size":"auto","background-attachment":"scroll","background-type":"","background-media":"","overlay-type":"","overlay-color":"","overlay-opacity":"","overlay-gradient":""},"tablet":{"background-color":"","background-image":"","background-repeat":"repeat","background-position":"center center","background-size":"auto","background-attachment":"scroll","background-type":"","background-media":"","overlay-type":"","overlay-color":"","overlay-opacity":"","overlay-gradient":""},"mobile":{"background-color":"","background-image":"","background-repeat":"repeat","background-position":"center center","background-size":"auto","background-attachment":"scroll","background-type":"","background-media":"","overlay-type":"","overlay-color":"","overlay-opacity":"","overlay-gradient":""}},"ast-content-background-meta":{"desktop":{"background-color":"var(--ast-global-color-5)","background-image":"","background-repeat":"repeat","background-position":"center center","background-size":"auto","background-attachment":"scroll","background-type":"","background-media":"","overlay-type":"","overlay-color":"","overlay-opacity":"","overlay-gradient":""},"tablet":{"background-color":"var(--ast-global-color-5)","background-image":"","background-repeat":"repeat","background-position":"center center","background-size":"auto","background-attachment":"scroll","background-type":"","background-media":"","overlay-type":"","overlay-color":"","overlay-opacity":"","overlay-gradient":""},"mobile":{"background-color":"var(--ast-global-color-5)","background-image":"","background-repeat":"repeat","background-position":"center center","background-size":"auto","background-attachment":"scroll","background-type":"","background-media":"","overlay-type":"","overlay-color":"","overlay-opacity":"","overlay-gradient":""}},"_joinchat":[]},"product_brand":[],"product_cat":[15,25,123,26,28,135,27,137,136,30],"product_tag":[169,167,165,180,103,120,179],"class_list":{"0":"post-2499","1":"product","2":"type-product","3":"status-publish","4":"has-post-thumbnail","6":"product_cat-new-vape-this-week","7":"product_cat-germany-best-selling-vape","8":"product_cat-italy-wholesale-vape","9":"product_cat-netherlands-hot-sale-vape","10":"product_cat-poland-hot-sale-vape","11":"product_cat-spain-best-hot-sale-vape","12":"product_cat-fance-hot-sale-vape","13":"product_cat-rechargeable-vapes","14":"product_cat-smart-screen-vapes","15":"product_cat-minimum-order-quantity-50pcs","16":"product_tag-best-disposable-vape-2024","17":"product_tag-disposable-vape-with-screen","18":"product_tag-rechargeable-vapes","19":"product_tag-shisha-bar","20":"product_tag-shisha-hookah","21":"product_tag-vape-wholesale","22":"product_tag-vapme-shisha-hookah","23":"desktop-align-left","24":"tablet-align-left","25":"mobile-align-left","27":"first","28":"instock","29":"sale","30":"shipping-taxable","31":"purchasable","32":"product-type-simple"},"uagb_featured_image_src":{"full":["https:\/\/rmvapesale.com\/wp-content\/uploads\/2024\/10\/Vapme-Shisha-Hookah-Vape-20000.jpg",800,800,false],"thumbnail":["https:\/\/rmvapesale.com\/wp-content\/uploads\/2024\/10\/Vapme-Shisha-Hookah-Vape-20000-150x150.jpg",150,150,true],"medium":["https:\/\/rmvapesale.com\/wp-content\/uploads\/2024\/10\/Vapme-Shisha-Hookah-Vape-20000-300x300.jpg",300,300,true],"medium_large":["https:\/\/rmvapesale.com\/wp-content\/uploads\/2024\/10\/Vapme-Shisha-Hookah-Vape-20000-768x768.jpg",768,768,true],"large":["https:\/\/rmvapesale.com\/wp-content\/uploads\/2024\/10\/Vapme-Shisha-Hookah-Vape-20000.jpg",800,800,false],"1536x1536":["https:\/\/rmvapesale.com\/wp-content\/uploads\/2024\/10\/Vapme-Shisha-Hookah-Vape-20000.jpg",800,800,false],"2048x2048":["https:\/\/rmvapesale.com\/wp-content\/uploads\/2024\/10\/Vapme-Shisha-Hookah-Vape-20000.jpg",800,800,false],"trp-custom-language-flag":["https:\/\/rmvapesale.com\/wp-content\/uploads\/2024\/10\/Vapme-Shisha-Hookah-Vape-20000.jpg",12,12,false],"woocommerce_thumbnail":["https:\/\/rmvapesale.com\/wp-content\/uploads\/2024\/10\/Vapme-Shisha-Hookah-Vape-20000-300x300.jpg",300,300,true],"woocommerce_single":["https:\/\/rmvapesale.com\/wp-content\/uploads\/2024\/10\/Vapme-Shisha-Hookah-Vape-20000-600x600.jpg",600,600,true],"woocommerce_gallery_thumbnail":["https:\/\/rmvapesale.com\/wp-content\/uploads\/2024\/10\/Vapme-Shisha-Hookah-Vape-20000-100x100.jpg",100,100,true],"wcpr-photo-reviews":["https:\/\/rmvapesale.com\/wp-content\/uploads\/2024\/10\/Vapme-Shisha-Hookah-Vape-20000.jpg",500,500,false]},"uagb_author_info":{"display_name":"AMY","author_link":"https:\/\/rmvapesale.com\/lt\/author\/"},"uagb_comment_info":0,"uagb_excerpt":"Vapme Shisha Hookah 20000 Puffs Disposable Bar Wholesale Vapme Shisha Hookah 20000 Puffs 24 Flavor in Stock Vapme Shisha Pro Max 20000 Puffs LED Display 2% Low Nicotine Disposable Vape WhatsApp: +86 17776015835 &nbsp;","_links":{"self":[{"href":"https:\/\/rmvapesale.com\/lt\/wp-json\/wp\/v2\/product\/2499","targetHints":{"allow":["GET"]}}],"collection":[{"href":"https:\/\/rmvapesale.com\/lt\/wp-json\/wp\/v2\/product"}],"about":[{"href":"https:\/\/rmvapesale.com\/lt\/wp-json\/wp\/v2\/types\/product"}],"replies":[{"embeddable":true,"href":"https:\/\/rmvapesale.com\/lt\/wp-json\/wp\/v2\/comments?post=2499"}],"wp:featuredmedia":[{"embeddable":true,"href":"https:\/\/rmvapesale.com\/lt\/wp-json\/wp\/v2\/media\/2496"}],"wp:attachment":[{"href":"https:\/\/rmvapesale.com\/lt\/wp-json\/wp\/v2\/media?parent=2499"}],"wp:term":[{"taxonomy":"product_brand","embeddable":true,"href":"https:\/\/rmvapesale.com\/lt\/wp-json\/wp\/v2\/product_brand?post=2499"},{"taxonomy":"product_cat","embeddable":true,"href":"https:\/\/rmvapesale.com\/lt\/wp-json\/wp\/v2\/product_cat?post=2499"},{"taxonomy":"product_tag","embeddable":true,"href":"https:\/\/rmvapesale.com\/lt\/wp-json\/wp\/v2\/product_tag?post=2499"}],"curies":[{"name":"wp","href":"https:\/\/api.w.org\/{rel}","templated":true}]}}