{"id":2518,"date":"2024-10-23T02:32:46","date_gmt":"2024-10-23T02:32:46","guid":{"rendered":"https:\/\/rmvapesale.com\/?post_type=product&#038;p=2518"},"modified":"2024-10-23T03:34:28","modified_gmt":"2024-10-23T03:34:28","slug":"aivono-22000-rechargeable-vapes-with-display-screen","status":"publish","type":"product","link":"https:\/\/rmvapesale.com\/lt\/product\/aivono-22000-rechargeable-vapes-with-display-screen\/","title":{"rendered":"Aivono 22000 \u012fkraunami garintuvai su ekranu"},"content":{"rendered":"<div class=\"B2VR9 CJHX3e\">\n<div class=\"wyccme\">\n<div class=\"flex-shrink-0 flex flex-col relative items-end\">\n<div>\n<h1 class=\"pt-0\">Aivono Fatpro 22000 \u012ftraukim\u0173 pakraunami vienkartiniai garintuvai su ekranu<\/h1>\n<\/div>\n<\/div>\n<div class=\"flex-shrink-0 flex flex-col relative items-end\">\n<div class=\"pt-0\">\n<div class=\"gizmo-bot-avatar flex h-8 w-8 items-center justify-center overflow-hidden rounded-full\">\n<div class=\"relative p-1 rounded-sm flex items-center justify-center bg-token-main-surface-primary text-token-text-primary h-8 w-8\">\n<p>Su <strong>Aivono 22000<\/strong> yra moderniausias <strong>pakraunami garintuvai su ekranu<\/strong> si\u016blantys \u012fsp\u016bding\u0105 <strong>22 000 \u012ftraukim\u0173<\/strong>, tod\u0117l tai yra vienas i\u0161 <strong>populiariausi\u0173 garintuv\u0173<\/strong> ilgalaikiam naudojimui rinkoje. Jo <strong>28 ml e-skys\u010dio talpa<\/strong> u\u017etikrina nepertraukiamas garinimo sesijas, puikiai tinkan\u010dias tiek atsitiktiniams vartotojams, tiek entuziastams. \u0160is prietaisas leid\u017eia vartotojams rinktis i\u0161 <strong>nikotino koncentracij\u0173 0%, 2%, 3% ir 5%<\/strong>, tinkan\u010di\u0173 tiems, kurie teikia pirmenyb\u0119 <strong>ma\u017eai nikotino turin\u010diu vienkartiniu garintuvu<\/strong> arba didesnio stiprumo variantams.<\/p>\n<p>Maitinamas <strong>650 mAh \u012fkraunama baterija<\/strong>, Aivono 22000 garantuoja puik\u0173 na\u0161um\u0105 ir savybes <strong>C tipo greitu \u012fkrovimu<\/strong>, u\u017etikrinant, kad gal\u0117tum\u0117te greitai \u012fkrauti ir v\u0117l m\u0117gautis savo garinimo prietaisu. <strong>0,6 tinklelio rit\u0117s technologija<\/strong> pagerina skonio pateikim\u0105 ir gar\u0173 gamyb\u0105, suteikdama vartotojams nuolat sodri\u0105 ir tenkinan\u010di\u0105 patirt\u012f. Be to, prietaiso <strong>reguliuojamas oro srautas<\/strong> leid\u017eia garintojams pritaikyti savo traukim\u0105, nesvarbu, ar jie renkasi ank\u0161t\u0105, koncentruot\u0105 p\u016btim\u0105, ar laisvesn\u012f, oru pripildyt\u0105 \u012fkv\u0117pim\u0105.<\/p>\n<p>\u0160is <strong>vienkartinis garintuvas su ekranu<\/strong> taip pat teikia realaus laiko informacij\u0105 apie elektroninio skys\u010dio lyg\u012f ir baterijos veikimo laik\u0105, tod\u0117l jis yra prakti\u0161kas ir patogus. Nesvarbu, ar ie\u0161kote <strong>pirkti garintuvus<\/strong> asmeniniam naudojimui, ar ie\u0161kote <strong>didmenin\u0117s prekybos vienkartiniais garintuvais<\/strong> , <strong>Aivono Fatpro 22000<\/strong> i\u0161siskiria kaip geriausias pasirinkimas.<\/p>\n<p>Idealiai tinka tiems, kurie ie\u0161ko <strong>vienkartini\u0173 garintuv\u0173 preki\u0173 \u017eenkl\u0173<\/strong> , kuriuose pirmenyb\u0117 teikiama kokybei ir patogumui, <strong>Aivono Fatpro \u012fkraunami garintuvai<\/strong> yra prieinami perkant internetu, si\u016blantys patikim\u0105, didelio na\u0161umo <strong>22000 p\u016btim\u0173 garintuvas<\/strong> sprendim\u0105.<\/p>\n<p>&nbsp;<\/p>\n<\/div>\n<\/div>\n<\/div>\n<\/div>\n<\/div>\n<\/div>\n<p><strong>Susisiekite su Amy ir gaukite tinkam\u0105 atsakym\u0105 bei vape kupon\u0105!<\/strong><\/p>\n<p><img loading=\"lazy\" decoding=\"async\" class=\"size-full wp-image-1978\" src=\"https:\/\/rmvapesale.com\/wp-content\/uploads\/2024\/09\/Disposable-Vape-Wholesale.jpg\" alt=\"Vienkartinis garintuvas didmenin\u0117 prekyba\" width=\"229\" height=\"300\" \/><\/p>\n<h3><a href=\"https:\/\/wa.me\/8617776015835\" target=\"_blank\" rel=\"noopener\"><span style=\"color: #ff0000\"><strong>WhatsApp: +86 17776015835<\/strong><\/span><\/a><\/h3>\n<p>&nbsp;<\/p>\n<h2><\/h2>\n<h2><strong>Aivono 22000 \u012fkraunami garintuvai <\/strong><strong>Pagrindin\u0117s savyb\u0117s<\/strong><\/h2>\n<div class=\"flex-shrink-0 flex flex-col relative items-end\">\n<div>\n<div class=\"pt-0\">\n<div class=\"gizmo-bot-avatar flex h-8 w-8 items-center justify-center overflow-hidden rounded-full\">\n<div class=\"relative p-1 rounded-sm flex items-center justify-center bg-token-main-surface-primary text-token-text-primary h-8 w-8\"><\/div>\n<\/div>\n<\/div>\n<\/div>\n<\/div>\n<div class=\"group\/conversation-turn relative flex w-full min-w-0 flex-col agent-turn\">\n<div class=\"flex-col gap-1 md:gap-3\">\n<div class=\"flex max-w-full flex-col flex-grow\">\n<div class=\"min-h-8 text-message flex w-full flex-col items-end gap-2 whitespace-normal break-words [.text-message+&amp;]:mt-5\" dir=\"auto\" data-message-author-role=\"assistant\" data-message-id=\"0d28757f-3029-419a-97bc-5c073d54a71e\" data-message-model-slug=\"gpt-4o\">\n<div class=\"flex w-full flex-col gap-1 empty:hidden first:pt-[3px]\">\n<div class=\"result-streaming markdown prose w-full break-words dark:prose-invert light\">\n<p>Prek\u0117s \u017eenklas: AIVONO Vapes<br \/>\nNikotinas: 0% 2% 3% 5%<br \/>\nI\u0161p\u016btimai:22000<br \/>\nTalpa: 28 ml<br \/>\nGalimi 10 skoni\u0173<br \/>\n600mah \u012ekraunama baterija<br \/>\nPrabangi odin\u0117 versija<br \/>\nDu re\u017eimai: Eco\/Boost<\/p>\n<p>\u2611 Funkcija:<br \/>\n1. E-skys\u010dio ekranas<br \/>\n2. Baterijos ekranas<br \/>\n3. Kaljano skonis<br \/>\n4. Reguliuojamas oro srautas<\/p>\n<\/div>\n<\/div>\n<\/div>\n<\/div>\n<\/div>\n<\/div>\n<h2><\/h2>\n<h2><strong>Geriausias skonis Aivono 22000 \u012fkraunamiems garintuvams<\/strong><strong>\u00a0<\/strong><\/h2>\n<p>Su de\u0161im\u010dia skirting\u0173 skoni\u0173, \u012fskaitant du obuolius, vynuogi\u0173 m\u0117t\u0173 ir ve\u0161laus ledo, \u201eAivono Aim Fatpro 22000\u201c garintuvas si\u016blo plat\u0173 pasirinkim\u0105, atitinkant\u012f skirtingus skonius. \u0160is didel\u0117s talpos, pritaikom\u0173 nikotino lygi\u0173 ir skani\u0173 variant\u0173 derinys daro \u201eAivono Aim Fatpro\u201c puikiu pasirinkimu visiems, norintiems pagerinti savo garinimo patirt\u012f.<\/p>\n<p>1. Du obuoliai <span style=\"color: #ff0000\"><strong>&gt;&gt;&gt;&gt; Kar\u0161ta!<\/strong><\/span><br \/>\n2. Vynuogi\u0173 m\u0117ta<br \/>\n3. Ve\u0161lus ledas<br \/>\n4. Vy\u0161ni\u0173 aviet\u0117s <span style=\"color: #ff0000\"><strong>&gt;&gt;&gt;&gt; Geriausias!<\/strong><\/span><br \/>\n5. Persik\u0173 ledas<br \/>\n6. Meil\u0117 66<span style=\"color: #ff0000\"><strong>&gt;&gt;&gt;&gt; Kar\u0161ta!<\/strong><\/span><br \/>\n7. \u0160viesus sapnas<br \/>\n8. Bra\u0161ki\u0173 pun\u0161as<br \/>\n9. M\u0117lyni\u0173 guma<br \/>\n10. Uog\u0173 ledas<\/p>\n<p>&nbsp;<\/p>\n<figure id=\"attachment_2519\" aria-describedby=\"caption-attachment-2519\" style=\"width: 800px\" class=\"wp-caption alignnone\"><img loading=\"lazy\" decoding=\"async\" class=\"wp-image-2519 size-full\" src=\"https:\/\/rmvapesale.com\/wp-content\/uploads\/2024\/10\/AIM-AIVONO-FATPRO-22000.jpg\" alt=\"AIM AIVONO FATPRO 22000\" width=\"800\" height=\"800\" srcset=\"https:\/\/rmvapesale.com\/wp-content\/uploads\/2024\/10\/AIM-AIVONO-FATPRO-22000.jpg 800w, https:\/\/rmvapesale.com\/wp-content\/uploads\/2024\/10\/AIM-AIVONO-FATPRO-22000-300x300.jpg 300w, https:\/\/rmvapesale.com\/wp-content\/uploads\/2024\/10\/AIM-AIVONO-FATPRO-22000-150x150.jpg 150w, https:\/\/rmvapesale.com\/wp-content\/uploads\/2024\/10\/AIM-AIVONO-FATPRO-22000-768x768.jpg 768w, https:\/\/rmvapesale.com\/wp-content\/uploads\/2024\/10\/AIM-AIVONO-FATPRO-22000-600x600.jpg 600w, https:\/\/rmvapesale.com\/wp-content\/uploads\/2024\/10\/AIM-AIVONO-FATPRO-22000-100x100.jpg 100w\" sizes=\"auto, (max-width: 800px) 100vw, 800px\" \/><figcaption id=\"caption-attachment-2519\" class=\"wp-caption-text\">AIM AIVONO FATPRO 22000<\/figcaption><\/figure>\n<h3><strong>Kod\u0117l verta rinktis Rmvapesale d\u0117l Aivono Fatpro 22000 d\u016bm\u0173<\/strong><strong>?<\/strong><\/h3>\n<div class=\"flex-shrink-0 flex flex-col relative items-end\">\n<div class=\"pt-0\">\n<div class=\"gizmo-bot-avatar flex h-8 w-8 items-center justify-center overflow-hidden rounded-full\">\n<div class=\"relative p-1 rounded-sm flex items-center justify-center bg-token-main-surface-primary text-token-text-primary h-8 w-8\">\n<p>&nbsp;<\/p>\n<p>Pasirink\u0119 Rmvapesale didmeniniams vienkartini\u0173 garintuv\u0173 poreikiams, gausite naudos i\u0161:<\/p>\n<ul>\n<li><strong>Konkurencinga Kaina<\/strong>: Gaukite patrauklias didmenines kainas, kurios padidins j\u016bs\u0173 verslo mar\u017eas.<\/li>\n<li><strong>Auk\u0161ta Kokyb\u0117<\/strong>: M\u016bs\u0173 garintuvai gaminami pagal auk\u0161\u010diausius standartus ir <span style=\"color: #ff0000\"><strong>garantuotai 100% original\u016bs ir autenti\u0161ki, kitaip u\u017e padirbtas prekes bus atlyginta 10 kart\u0173!<\/strong><\/span><\/li>\n<li><strong>Puikus klient\u0173 aptarnavimas<\/strong>: M\u016bs\u0173 atsidavusi komanda visada pasiruo\u0161usi jums pad\u0117ti, kad pirkimo procesas b\u016bt\u0173 sklandus ir be r\u016bpes\u010di\u0173.<\/li>\n<li><strong>Greitas pristatymas<\/strong>: Tik\u0117kit\u0117s greito ir patikimo pristatymo, u\u017etikrinan\u010dio, kad j\u016bs\u0173 u\u017esakymai visada atvykt\u0173 laiku.<\/li>\n<\/ul>\n<\/div>\n<h3><\/h3>\n<div class=\"relative p-1 rounded-sm flex items-center justify-center bg-token-main-surface-primary text-token-text-primary h-8 w-8\">\n<h3><b>DUK<\/b><\/h3>\n<div class=\"flex-shrink-0 flex flex-col relative items-end\">\n<div>\n<div class=\"pt-0\">\n<div class=\"gizmo-bot-avatar flex h-8 w-8 items-center justify-center overflow-hidden rounded-full\">\n<div class=\"relative p-1 rounded-sm flex items-center justify-center bg-token-main-surface-primary text-token-text-primary h-8 w-8\"><\/div>\n<\/div>\n<\/div>\n<\/div>\n<\/div>\n<div class=\"group\/conversation-turn relative flex w-full min-w-0 flex-col agent-turn\">\n<div class=\"flex-col gap-1 md:gap-3\">\n<div class=\"flex max-w-full flex-col flex-grow\">\n<div class=\"min-h-8 text-message flex w-full flex-col items-end gap-2 whitespace-normal break-words [.text-message+&amp;]:mt-5\" dir=\"auto\" data-message-author-role=\"assistant\" data-message-id=\"3a019841-c00e-477f-baad-0bb23e48af2d\" data-message-model-slug=\"gpt-4o\">\n<div class=\"flex w-full flex-col gap-1 empty:hidden first:pt-[3px]\">\n<div class=\"markdown prose w-full break-words dark:prose-invert light\">\n<ul>\n<li><strong>Kaip naudoti vienkartin\u012f garintuv\u0105<\/strong><br \/>\nNor\u0117dami naudoti Aivono Fatpro vienkartin\u012f garintuv\u0105, tiesiog i\u0161imkite j\u012f i\u0161 pakuot\u0117s, \u012fkv\u0117pkite per kandikl\u012f ir prietaisas automati\u0161kai \u012fsijungs, i\u0161leisdamas garus. Jei norite tvirtesnio ar laisvesnio traukimo, sureguliuokite oro sraut\u0105 pagal savo pageidavimus.<\/li>\n<li><strong>Kaip \u012fkrauti Aivono Fatpro 22000 d\u016bm\u0173 vienkartin\u012f garintuv\u0105<\/strong><br \/>\n\u201eAivono Fatpro\u201c yra \u012fkraunamas ir turi 650 mAh kobalto baterij\u0105. Nor\u0117dami j\u012f \u012fkrauti, naudokite su \u012frenginiu pateikt\u0105 C tipo \u012fkrovimo laid\u0105. Prijunkite j\u012f prie maitinimo \u0161altinio, o garintuvas greitai \u012fkraus d\u0117l greito \u012fkrovimo galimyb\u0117s.<\/li>\n<li><strong>Kiek nikotino yra Aivono 22000 d\u016bmuose<\/strong><br \/>\nAivono Fatpro si\u016blo kelis nikotino lygius: 0%, 2%, 3% ir 5%, tod\u0117l vartotojai gali pasirinkti pagal savo pageidavimus, ar jie nori patirties be nikotino, ar didesnio nikotino lygio.<\/li>\n<li><strong>Kaip \u017einoti, kad garintuvas tu\u0161\u010dias?<\/strong><br \/>\nAivono Fatpro turi \u012fmontuot\u0105 ekran\u0105, kuriame rodomas e-sul\u010di\u0173 lygis. Ekrane galite steb\u0117ti e-skys\u010dio lyg\u012f, kad \u017einotum\u0117te, kada jo tr\u016bksta. Be to, jei skonis susilpn\u0117ja arba suma\u017e\u0117ja gar\u0173 gamyba, tai gali reik\u0161ti, kad e-skystis beveik tu\u0161\u010dias.<\/li>\n<li><strong>Kiek laiko tur\u0117\u010diau krauti Aivono AIM 22000 Puffs?<\/strong><br \/>\nAivono Fatpro \u012fkrovimo laikas priklausys nuo maitinimo \u0161altinio, ta\u010diau d\u0117l C tipo greitojo \u012fkrovimo technologijos jis tur\u0117t\u0173 \u012fkrauti gana greitai. Ekranas pad\u0117s jums steb\u0117ti baterijos b\u016bsen\u0105, tod\u0117l gal\u0117site matyti, kada ji visi\u0161kai \u012fkrauta.<\/li>\n<li><strong>Kur galiu nusipirkti Aivono AIM 22000 Puffs vienkartin\u012f garintuv\u0105?<\/strong><br \/>\nAivono Fatpro galima \u012fsigyti i\u0161 ma\u017emeninink\u0173 arba didmeninink\u0173, kurie prekiauja auk\u0161\u010diausios kokyb\u0117s vienkartiniais garintuvais. Jis yra prieinamas tiek individualiems pirk\u0117jams, tiek perkant dideliais kiekiais, tod\u0117l tinka asmeniniam naudojimui arba verslui. Patikrinkite internetines garintuv\u0173 parduotuves arba vietines parduotuves, kurios specializuojasi garinimo produktuose.<\/li>\n<\/ul>\n<\/div>\n<\/div>\n<\/div>\n<\/div>\n<\/div>\n<\/div>\n<p>&nbsp;<\/p>\n<\/div>\n<\/div>\n<\/div>\n<\/div>\n<h3>Apie siuntim\u0105<\/h3>\n<div class=\"flex-shrink-0 flex flex-col relative items-end\">\n<div>\n<div class=\"pt-0\">\n<div class=\"gizmo-bot-avatar flex h-8 w-8 items-center justify-center overflow-hidden rounded-full\">\n<div><\/div>\n<div class=\"relative p-1 rounded-sm flex items-center justify-center bg-token-main-surface-primary text-token-text-primary h-8 w-8\"><strong>1. Kokie siuntimo b\u016bdai naudojami?<\/strong><\/div>\n<\/div>\n<\/div>\n<\/div>\n<\/div>\n<div class=\"group\/conversation-turn relative flex w-full min-w-0 flex-col agent-turn\">\n<div class=\"flex-col gap-1 md:gap-3\">\n<div class=\"flex max-w-full flex-col flex-grow\">\n<div class=\"min-h-[20px] text-message flex w-full flex-col items-end gap-2 whitespace-normal break-words [.text-message+&amp;]:mt-5 overflow-x-auto\" dir=\"auto\" data-message-author-role=\"assistant\" data-message-id=\"22f8283b-3233-46ff-89a5-c7a41b33abda\">\n<div class=\"flex w-full flex-col gap-1 empty:hidden first:pt-[3px]\">\n<div class=\"markdown prose w-full break-words dark:prose-invert light\">\n<p>Mes bendradarbiaujame su UPS, DHL, FedEx, DPD ir kitais pirmaujan\u010diais ve\u017e\u0117jais. Mes parinksime geriausi\u0105 siuntimo b\u016bd\u0105, atsi\u017evelgdami \u012f j\u016bs\u0173 pristatymo viet\u0105, kad u\u017etikrintume, jog gaminiai jus pasieks kuo grei\u010diau.<\/p>\n<\/div>\n<p><strong>2. Per kiek laiko prek\u0117s atkeliauja?<\/strong><\/p>\n<p>\u012e Lietuv\u0105 siun\u010diami siuntiniai paprastai atvyksta per 10 darbo dien\u0173. Siuntimas \u012f Europos \u0161alis paprastai trunka apie 12\u201315 darbo dien\u0173. Mes teikiame realiuoju laiku atnaujinam\u0105 informacij\u0105 apie j\u016bs\u0173 siuntos b\u016bsen\u0105.<\/p>\n<\/div>\n<\/div>\n<\/div>\n<\/div>\n<\/div>\n<p>&nbsp;<\/p>\n<p>Kiti populiar\u016bs garintuvai, kurie jums gali patikti:<\/p>\n<p><a href=\"https:\/\/rmvapesale.com\/lt\/product\/elf-box-crystal-bar-600-puffs-disposable-vape-wholesale\/\"><strong>ELF BOX CRYSTAL BAR 600 Puffs\u00a0 \u00a0<span style=\"color: #ff0000\">&gt;&gt;&gt;&gt; pirmyn!<\/span><\/strong><\/a><\/p>\n<p><strong><a href=\"https:\/\/rmvapesale.com\/lt\/product\/fumot-digital-box-12000-disposable-vape-pink-lemonade-flavor\/\">Fumot Digital Box 12000 vienkartinis garintuvas<\/a><\/strong><strong><a href=\"https:\/\/rmvapesale.com\/lt\/product\/faivono-bang-maxi-15000-puffs-disposable-vape-bulk-wholesale\/\">\u00a0<span style=\"color: #ff0000\">&gt;&gt;&gt;&gt; pirmyn!<\/span><\/a>\u00a0<\/strong><\/p>\n<p><a href=\"https:\/\/rmvapesale.com\/lt\/product\/vapme-shisha-hookah-pro-max-20000-puffs-disposable-vape-bar\/\"><strong>Vapme Shisha Hookah 20000 Puffs <span style=\"color: #ff0000\">&gt;&gt;&gt;&gt; pirmyn!<\/span><\/strong><\/a><\/p>\n<p>&nbsp;<\/p>\n<p>&nbsp;<\/p>\n<p>Raskite daugiau garintuv\u0173, kurie jums gali patikti:<strong><em><a href=\"https:\/\/rmvapesale.com\/lt\/shop-2\/\">pirkti dabar &gt;&gt;&gt;<\/a><\/em><\/strong><\/p>","protected":false},"excerpt":{"rendered":"<p>Aivono 22000 \u012ftraukim\u0173 LED ekranas Puff 22k pakraunami garintuvai<br \/>\nAivono Aim Fatpro 22000 \u012ftraukim\u0173 vienkartinis garintuvas pigi kaina<br \/>\nDidmenin\u0117 prekyba Aivono Aim Fatpro 22000 \u012ftraukim\u0173 elektronin\u0117 cigaret\u0117<\/p>\n<p><img loading=\"lazy\" decoding=\"async\" class=\"size-full wp-image-2375\" src=\"https:\/\/rmvapesale.com\/wp-content\/uploads\/2024\/10\/image.png\" alt=\"Geriausias Vienkartinis Vape\" width=\"229\" height=\"300\" \/><\/p>\n<h3><a href=\"https:\/\/wa.me\/8617776015835\"><span style=\"color: #ff0000\"><strong>WhatsApp: +86 17776015835<\/strong><\/span><\/a><\/h3>\n<p>&nbsp;<\/p>","protected":false},"featured_media":2521,"comment_status":"open","ping_status":"closed","template":"","meta":{"_uag_custom_page_level_css":"","_lmt_disableupdate":"no","_lmt_disable":"","site-sidebar-layout":"default","site-content-layout":"content-boxed-container","ast-site-content-layout":"normal-width-container","site-content-style":"boxed","site-sidebar-style":"unboxed","ast-global-header-display":"","ast-banner-title-visibility":"","ast-main-header-display":"","ast-hfb-above-header-display":"","ast-hfb-below-header-display":"","ast-hfb-mobile-header-display":"","site-post-title":"","ast-breadcrumbs-content":"","ast-featured-img":"","footer-sml-layout":"","theme-transparent-header-meta":"default","adv-header-id-meta":"","stick-header-meta":"","header-above-stick-meta":"","header-main-stick-meta":"","header-below-stick-meta":"","astra-migrate-meta-layouts":"set","ast-page-background-enabled":"default","ast-page-background-meta":{"desktop":{"background-color":"var(--ast-global-color-4)","background-image":"","background-repeat":"repeat","background-position":"center center","background-size":"auto","background-attachment":"scroll","background-type":"","background-media":"","overlay-type":"","overlay-color":"","overlay-opacity":"","overlay-gradient":""},"tablet":{"background-color":"","background-image":"","background-repeat":"repeat","background-position":"center center","background-size":"auto","background-attachment":"scroll","background-type":"","background-media":"","overlay-type":"","overlay-color":"","overlay-opacity":"","overlay-gradient":""},"mobile":{"background-color":"","background-image":"","background-repeat":"repeat","background-position":"center center","background-size":"auto","background-attachment":"scroll","background-type":"","background-media":"","overlay-type":"","overlay-color":"","overlay-opacity":"","overlay-gradient":""}},"ast-content-background-meta":{"desktop":{"background-color":"var(--ast-global-color-5)","background-image":"","background-repeat":"repeat","background-position":"center center","background-size":"auto","background-attachment":"scroll","background-type":"","background-media":"","overlay-type":"","overlay-color":"","overlay-opacity":"","overlay-gradient":""},"tablet":{"background-color":"var(--ast-global-color-5)","background-image":"","background-repeat":"repeat","background-position":"center center","background-size":"auto","background-attachment":"scroll","background-type":"","background-media":"","overlay-type":"","overlay-color":"","overlay-opacity":"","overlay-gradient":""},"mobile":{"background-color":"var(--ast-global-color-5)","background-image":"","background-repeat":"repeat","background-position":"center center","background-size":"auto","background-attachment":"scroll","background-type":"","background-media":"","overlay-type":"","overlay-color":"","overlay-opacity":"","overlay-gradient":""}},"_joinchat":[]},"product_brand":[],"product_cat":[15,25,123,26,28,135,27,137,136,30],"product_tag":[184,169,167,185,165,120],"class_list":{"0":"post-2518","1":"product","2":"type-product","3":"status-publish","4":"has-post-thumbnail","6":"product_cat-new-vape-this-week","7":"product_cat-germany-best-selling-vape","8":"product_cat-italy-wholesale-vape","9":"product_cat-netherlands-hot-sale-vape","10":"product_cat-poland-hot-sale-vape","11":"product_cat-spain-best-hot-sale-vape","12":"product_cat-fance-hot-sale-vape","13":"product_cat-rechargeable-vapes","14":"product_cat-smart-screen-vapes","15":"product_cat-minimum-order-quantity-50pcs","16":"product_tag-ainovo-vape","17":"product_tag-best-disposable-vape-2024","18":"product_tag-disposable-vape-with-screen","19":"product_tag-puff-22k","20":"product_tag-rechargeable-vapes","21":"product_tag-vape-wholesale","22":"desktop-align-left","23":"tablet-align-left","24":"mobile-align-left","26":"first","27":"instock","28":"sale","29":"shipping-taxable","30":"purchasable","31":"product-type-simple"},"uagb_featured_image_src":{"full":["https:\/\/rmvapesale.com\/wp-content\/uploads\/2024\/10\/Aivono-Aim-22000-Puffs-Smart-Screen-Disposable-Vape.jpg",800,800,false],"thumbnail":["https:\/\/rmvapesale.com\/wp-content\/uploads\/2024\/10\/Aivono-Aim-22000-Puffs-Smart-Screen-Disposable-Vape-150x150.jpg",150,150,true],"medium":["https:\/\/rmvapesale.com\/wp-content\/uploads\/2024\/10\/Aivono-Aim-22000-Puffs-Smart-Screen-Disposable-Vape-300x300.jpg",300,300,true],"medium_large":["https:\/\/rmvapesale.com\/wp-content\/uploads\/2024\/10\/Aivono-Aim-22000-Puffs-Smart-Screen-Disposable-Vape-768x768.jpg",768,768,true],"large":["https:\/\/rmvapesale.com\/wp-content\/uploads\/2024\/10\/Aivono-Aim-22000-Puffs-Smart-Screen-Disposable-Vape.jpg",800,800,false],"1536x1536":["https:\/\/rmvapesale.com\/wp-content\/uploads\/2024\/10\/Aivono-Aim-22000-Puffs-Smart-Screen-Disposable-Vape.jpg",800,800,false],"2048x2048":["https:\/\/rmvapesale.com\/wp-content\/uploads\/2024\/10\/Aivono-Aim-22000-Puffs-Smart-Screen-Disposable-Vape.jpg",800,800,false],"trp-custom-language-flag":["https:\/\/rmvapesale.com\/wp-content\/uploads\/2024\/10\/Aivono-Aim-22000-Puffs-Smart-Screen-Disposable-Vape.jpg",12,12,false],"woocommerce_thumbnail":["https:\/\/rmvapesale.com\/wp-content\/uploads\/2024\/10\/Aivono-Aim-22000-Puffs-Smart-Screen-Disposable-Vape-300x300.jpg",300,300,true],"woocommerce_single":["https:\/\/rmvapesale.com\/wp-content\/uploads\/2024\/10\/Aivono-Aim-22000-Puffs-Smart-Screen-Disposable-Vape-600x600.jpg",600,600,true],"woocommerce_gallery_thumbnail":["https:\/\/rmvapesale.com\/wp-content\/uploads\/2024\/10\/Aivono-Aim-22000-Puffs-Smart-Screen-Disposable-Vape-100x100.jpg",100,100,true],"wcpr-photo-reviews":["https:\/\/rmvapesale.com\/wp-content\/uploads\/2024\/10\/Aivono-Aim-22000-Puffs-Smart-Screen-Disposable-Vape.jpg",500,500,false]},"uagb_author_info":{"display_name":"AMY","author_link":"https:\/\/rmvapesale.com\/lt\/author\/"},"uagb_comment_info":0,"uagb_excerpt":"Aivono 22000 Puffs LED Screen Puff 22k rechargeable vapes Aivono Aim Fatpro 22000 Puffs Disposable Vape Cheap Price Wholesale Aivono Aim Fatpro 22000 Puffs Electronic Cigarette WhatsApp: +86 17776015835 &nbsp;","_links":{"self":[{"href":"https:\/\/rmvapesale.com\/lt\/wp-json\/wp\/v2\/product\/2518","targetHints":{"allow":["GET"]}}],"collection":[{"href":"https:\/\/rmvapesale.com\/lt\/wp-json\/wp\/v2\/product"}],"about":[{"href":"https:\/\/rmvapesale.com\/lt\/wp-json\/wp\/v2\/types\/product"}],"replies":[{"embeddable":true,"href":"https:\/\/rmvapesale.com\/lt\/wp-json\/wp\/v2\/comments?post=2518"}],"wp:featuredmedia":[{"embeddable":true,"href":"https:\/\/rmvapesale.com\/lt\/wp-json\/wp\/v2\/media\/2521"}],"wp:attachment":[{"href":"https:\/\/rmvapesale.com\/lt\/wp-json\/wp\/v2\/media?parent=2518"}],"wp:term":[{"taxonomy":"product_brand","embeddable":true,"href":"https:\/\/rmvapesale.com\/lt\/wp-json\/wp\/v2\/product_brand?post=2518"},{"taxonomy":"product_cat","embeddable":true,"href":"https:\/\/rmvapesale.com\/lt\/wp-json\/wp\/v2\/product_cat?post=2518"},{"taxonomy":"product_tag","embeddable":true,"href":"https:\/\/rmvapesale.com\/lt\/wp-json\/wp\/v2\/product_tag?post=2518"}],"curies":[{"name":"wp","href":"https:\/\/api.w.org\/{rel}","templated":true}]}}