{"id":2532,"date":"2024-10-23T09:07:59","date_gmt":"2024-10-23T09:07:59","guid":{"rendered":"https:\/\/rmvapesale.com\/?post_type=product&#038;p=2532"},"modified":"2024-10-23T09:52:00","modified_gmt":"2024-10-23T09:52:00","slug":"fumot-randm-tornado-30000-puffs-30k-music-disposable-vape","status":"publish","type":"product","link":"https:\/\/rmvapesale.com\/lt\/product\/fumot-randm-tornado-30000-puffs-30k-music-disposable-vape\/","title":{"rendered":"Fumot RandM Tornado 30000 Puffs 30K muzikin\u0117 vienkartin\u0117 elektronin\u0117 cigaret\u0117"},"content":{"rendered":"<div class=\"B2VR9 CJHX3e\">\n<div class=\"wyccme\">\n<h1 class=\"LC20lb MBeuO DKV0Md\">Fumot RandM Tornado 30000 Puffs 30K muzikin\u0117 vienkartin\u0117 elektronin\u0117 cigaret\u0117<\/h1>\n<div class=\"flex-shrink-0 flex flex-col relative items-end\">\n<div class=\"pt-0\">\n<div class=\"gizmo-bot-avatar flex h-8 w-8 items-center justify-center overflow-hidden rounded-full\">\n<div class=\"relative p-1 rounded-sm flex items-center justify-center bg-token-main-surface-primary text-token-text-primary h-8 w-8\">\n<p>Su <strong>Fumot RandM Tornado 30000 Puffs 30K muzikin\u0117 vienkartin\u0117 elektronin\u0117 cigaret\u0117<\/strong> yra pa\u017eangus \u012frenginys, sukurtas tiems, kurie ie\u0161ko ilgos ir dinami\u0161kos garinimo patirties. Su \u012fsp\u016bdinga talpa iki <strong>30 000 \u012fkv\u0117pim\u0173<\/strong>, \u0161is \u012frenginys i\u0161siskiria rinkoje savo ilgaam\u017ei\u0161kumu, tod\u0117l yra <strong>kar\u0161tai parduodama elektronin\u0117 cigaret\u0117<\/strong> tiek atsitiktiniams, tiek reguliariems garintojams. Jo 85<strong>0 mAh \u012fkraunama baterija<\/strong> ir <strong>C tipo \u012fkrovimo prievadas<\/strong> u\u017etikrina greit\u0105 ir efektyv\u0173 \u012fkrovim\u0105, leid\u017eiant\u012f garinti ilgiau su minimaliu prastovos laiku.<\/p>\n<p>Kuo i\u0161siskiria <strong>RandM Tornado 30000<\/strong> atskiria tai, kad jo <strong>tinklin\u0117 kaitinimo technologija<\/strong>u\u017etikrina i\u0161skirtin\u012f <strong>skon\u012f ir gar\u0173 gamyb\u0105<\/strong>, garantuodama, kad kiekvienas \u012fkv\u0117pimas b\u016bt\u0173 sodrus ir malonus. Be to, prietaisas si\u016blo smagi\u0105 ir interaktyvi\u0105 funkcij\u0105 su <strong>muzikos sinchronizavimu<\/strong>, kur <strong>RGB \u0161viesos mirksi pagal j\u016bs\u0173 m\u0117gstam\u0173 melodij\u0173 ritm\u0105<\/strong>, sukurdamos \u012ftraukian\u010di\u0105 garinimo patirt\u012f, kuri puikiai tinka vakar\u0117liams ar asmeniniam naudojimui.<\/p>\n<p>Galima \u012fsigyti su <strong>ma\u017eai nikotino turin\u010diu vienkartiniu garintuvu<\/strong> variantais, <strong>Fumot Tornado 30000<\/strong> atitinka \u012fvairius pageidavimus, \u012fskaitant tuos, kurie ie\u0161ko <strong>\u012fkraunamos elektronin\u0117s cigaret\u0117s<\/strong> su ma\u017eesniu nikotino kiekiu. D\u0117l didelio \u012fkv\u0117pim\u0173 skai\u010diaus, muzikos integravimo ir patogaus \u012fkrovimo, <strong>Fumot Tornado 30K muzikos vienkartinis garintuvas<\/strong> yra i\u0161skirtinis rinkoje, tod\u0117l yra geriausias pasirinkimas garintojams <strong>Lietuvoje.<\/strong><\/p>\n<p>Puikiai tinka ie\u0161kantiems galimyb\u0117s <strong>pirkti Fumot vape 30000 \u012fkv\u0117pim\u0173 garintuvus<\/strong>, \u0161is prietaisas si\u016blo naujoves, skon\u012f ir pramog\u0105 viename kompakti\u0161kame pakete.<\/p>\n<\/div>\n<\/div>\n<\/div>\n<\/div>\n<\/div>\n<\/div>\n<p><strong>Susisiekite su Amy ir gaukite tinkam\u0105 atsakym\u0105 bei vape kupon\u0105!<\/strong><\/p>\n<p><img loading=\"lazy\" decoding=\"async\" class=\"size-full wp-image-1978\" src=\"https:\/\/rmvapesale.com\/wp-content\/uploads\/2024\/09\/Disposable-Vape-Wholesale.jpg\" alt=\"Vienkartinis garintuvas didmenin\u0117 prekyba\" width=\"229\" height=\"300\" \/><\/p>\n<h3><a href=\"https:\/\/wa.me\/8617776015835\" target=\"_blank\" rel=\"noopener\"><span style=\"color: #ff0000\"><strong>WhatsApp: +86 17776015835<\/strong><\/span><\/a><\/h3>\n<p>&nbsp;<\/p>\n<h2><\/h2>\n<h2><strong>Fumot Tornado 30000 vienkartinis<\/strong><strong>\u00a0<\/strong><strong>Pagrindin\u0117s savyb\u0117s<\/strong><\/h2>\n<p>Prekinis \u017eenklas: RandM TORNADO 30000<br \/>\nE-skystis: 25ml<br \/>\n\u012ekv\u0117pimai: 30000<br \/>\nRit\u0117: Tinklelio rit\u0117<br \/>\nBaterija: 850mAh<br \/>\nJungtis: Type-C<br \/>\nNikotinas (druskos kiekis): Yra 0%, 2%, 3%, 5%<br \/>\nSkoniai: Galimi 30 skirting\u0173 skoni\u0173<br \/>\nKita: LED ekranas \u0161oka pagal muzik\u0105<\/p>\n<figure id=\"attachment_2526\" aria-describedby=\"caption-attachment-2526\" style=\"width: 808px\" class=\"wp-caption alignnone\"><img loading=\"lazy\" decoding=\"async\" class=\"wp-image-2526 size-full\" src=\"https:\/\/rmvapesale.com\/wp-content\/uploads\/2024\/10\/Fumot-RandM-Tornado-30000-Puffs-Vape.jpg\" alt=\"Fumot RandM Tornado 30000 P\u016btim\u0173 Elektronin\u0117 cigaret\u0117\" width=\"808\" height=\"808\" srcset=\"https:\/\/rmvapesale.com\/wp-content\/uploads\/2024\/10\/Fumot-RandM-Tornado-30000-Puffs-Vape.jpg 808w, https:\/\/rmvapesale.com\/wp-content\/uploads\/2024\/10\/Fumot-RandM-Tornado-30000-Puffs-Vape-300x300.jpg 300w, https:\/\/rmvapesale.com\/wp-content\/uploads\/2024\/10\/Fumot-RandM-Tornado-30000-Puffs-Vape-150x150.jpg 150w, https:\/\/rmvapesale.com\/wp-content\/uploads\/2024\/10\/Fumot-RandM-Tornado-30000-Puffs-Vape-768x768.jpg 768w, https:\/\/rmvapesale.com\/wp-content\/uploads\/2024\/10\/Fumot-RandM-Tornado-30000-Puffs-Vape-600x600.jpg 600w, https:\/\/rmvapesale.com\/wp-content\/uploads\/2024\/10\/Fumot-RandM-Tornado-30000-Puffs-Vape-100x100.jpg 100w\" sizes=\"auto, (max-width: 808px) 100vw, 808px\" \/><figcaption id=\"caption-attachment-2526\" class=\"wp-caption-text\">Fumot RandM Tornado 30000 P\u016btim\u0173 Elektronin\u0117 cigaret\u0117<\/figcaption><\/figure>\n<h2><strong>Populiariausias skonis Fumot RandM Tornado 30000<\/strong><\/h2>\n<p>\u0160i Randm Tornado 30000 vienkartin\u0117 elektronin\u0117 cigaret\u0117 sukurta taip, kad su kiekvienu \u012fkv\u0117pimu atskleist\u0173 vaisinio saldumo sprogim\u0105, \u012fskaitant a\u0161tr\u0173 citrus\u0105, sodrias uogas ir tropines natas<\/p>\n<p>1. Banan\u0173 ledas<br \/>\n2. Juodasis ledas<br \/>\n3. M\u0117lyn\u0173j\u0173 avie\u010di\u0173 ledas<br \/>\n4. M\u0117lyn\u0117s su ledu<br \/>\n5. M\u0117lyn\u0117s ir aviet\u0117s<span style=\"color: #ff0000\"><strong>&gt;&gt;&gt;&gt; Kar\u0161ta!<\/strong><\/span><br \/>\n6. M\u0117lyn\u0117s, r\u016bg\u0161\u010dios aviet\u0117s <span style=\"color: #ff0000\"><strong>&gt;&gt;&gt;&gt; Kar\u0161ta!<\/strong><\/span><br \/>\n7. Vy\u0161ni\u0173 ledas<br \/>\n8. Vy\u0161ni\u0173 kola<br \/>\n9. Kolos ledas<br \/>\n10. \u0160alta m\u0117ta<br \/>\n11. Dvigubas obuolys<br \/>\n12. Dr Blue <span style=\"color: #ff0000\"><strong>&gt;&gt;&gt;&gt; Geriausias!<\/strong><\/span><br \/>\n13. Vynuogi\u0173 ledas<br \/>\n14. Ledinukas<br \/>\n15. Kiviai, pasifloros vaisiai, gvajava<br \/>\n16. Meil\u0117 66<br \/>\n17. Gaivus Ledas<br \/>\n18. Uog\u0173 Mi\u0161inys<br \/>\n19. Persik\u0173 Uogos<br \/>\n20. Persik\u0173 Ledas<br \/>\n21. Persik\u0173 Mang\u0173 Ananasai<br \/>\n22. Ananas\u0173 Ledas<br \/>\n23. Ro\u017einis Limonadas<br \/>\n24. Skittles<br \/>\n25. Bra\u0161ki\u0173 Bananai<br \/>\n26. Bra\u0161ki\u0173 Vynuog\u0117s<br \/>\n27. Bra\u0161ki\u0173 Ledas<br \/>\n28. Bra\u0161ki\u0173 Arb\u016bzas<br \/>\n29. Trigubas Mangas<br \/>\n30. Vimto<span style=\"color: #ff0000\"><strong>&gt;&gt;&gt;&gt; Kar\u0161ta!<\/strong><\/span><\/p>\n<p>&nbsp;<\/p>\n<p>&nbsp;<\/p>\n<h3><strong>Kod\u0117l verta rinktis Rmvapesale d\u0117l RandM Tornado 30000<\/strong><strong>?<\/strong><\/h3>\n<div class=\"flex-shrink-0 flex flex-col relative items-end\">\n<div class=\"pt-0\">\n<div class=\"gizmo-bot-avatar flex h-8 w-8 items-center justify-center overflow-hidden rounded-full\">\n<div class=\"relative p-1 rounded-sm flex items-center justify-center bg-token-main-surface-primary text-token-text-primary h-8 w-8\">\n<p>&nbsp;<\/p>\n<p>Pasirink\u0119 Rmvapesale didmeniniams vienkartini\u0173 garintuv\u0173 poreikiams, gausite naudos i\u0161:<\/p>\n<ul>\n<li><strong>Konkurencinga Kaina<\/strong>: Gaukite patrauklias didmenines kainas, kurios padidins j\u016bs\u0173 verslo mar\u017eas.<\/li>\n<li><strong>Auk\u0161ta Kokyb\u0117<\/strong>: M\u016bs\u0173 garintuvai gaminami pagal auk\u0161\u010diausius standartus ir <span style=\"color: #ff0000\"><strong>garantuotai 100% original\u016bs ir autenti\u0161ki, kitaip u\u017e padirbtas prekes bus atlyginta 10 kart\u0173!<\/strong><\/span><\/li>\n<li><strong>Puikus klient\u0173 aptarnavimas<\/strong>: M\u016bs\u0173 atsidavusi komanda visada pasiruo\u0161usi jums pad\u0117ti, kad pirkimo procesas b\u016bt\u0173 sklandus ir be r\u016bpes\u010di\u0173.<\/li>\n<li><strong>Greitas pristatymas<\/strong>: Tik\u0117kit\u0117s greito ir patikimo pristatymo, u\u017etikrinan\u010dio, kad j\u016bs\u0173 u\u017esakymai visada atvykt\u0173 laiku.<\/li>\n<\/ul>\n<\/div>\n<h3><\/h3>\n<div class=\"relative p-1 rounded-sm flex items-center justify-center bg-token-main-surface-primary text-token-text-primary h-8 w-8\">\n<h3><b>DUK<\/b><\/h3>\n<p>&nbsp;<\/p>\n<ul>\n<li><strong>Kaip naudoti Fumot 30k vienkartin\u012f garintuv\u0105?<\/strong><br \/>\nNor\u0117dami naudoti \u201eFumot RandM Tornado 30000 Puffs\u201c vienkartin\u012f garintuv\u0105, tiesiog i\u0161imkite prietais\u0105 i\u0161 pakuot\u0117s, \u012fkv\u0117pkite pro kandikl\u012f ir jis automati\u0161kai \u012fsijungs. M\u0117gaukit\u0117s sodriais garais, pagamintais naudojant tinklelio rit\u0117s technologij\u0105. Prietaisas taip pat turi RGB lemputes, kurios sinchronizuojasi su muzika, pagerindamos garinimo patirt\u012f.<\/li>\n<li><strong>Kaip \u012fkrauti Fumot RandM Tornado 30000 Puffs vienkartin\u012f garintuv\u0105<\/strong><br \/>\n\u201eFumot RandM Tornado 30000\u201c yra \u012fkraunamas. Jame yra 850 mAh baterija ir C tipo \u012fkrovimo prievadas. Nor\u0117dami \u012fkrauti \u012frengin\u012f, prijunkite j\u012f prie maitinimo \u0161altinio naudodami C tipo kabel\u012f, o baterija bus \u012fkraunama greitai ir efektyviai.<\/li>\n<li><strong>Kiek nikotino yra Fumot Vape RandM Tornado 30000?<\/strong><br \/>\nFumot RandM Tornado 30000 yra galimas kaip ma\u017eai nikotino turintis vienkartinis garintuvas, 0%, 2%, 5%.<\/li>\n<li><strong>Kaip \u017einoti, kad garintuvas tu\u0161\u010dias?<\/strong><br \/>\nFumot RandM Tornado 30000 neturi ekrano, kuris rodyt\u0173 e-skys\u010dio lyg\u012f, ta\u010diau galite \u017einoti, kad jis tu\u0161\u010dias, suma\u017e\u0117jus skonio ir gar\u0173 gamybai. Kai garai tampa silpni arba skonis i\u0161nyksta, tai tik\u0117tina rei\u0161kia, kad e-skystis baigiasi, net jei baterija dar \u012fkrauta.<\/li>\n<li><strong>Kiek laiko tur\u0117\u010diau krauti savo RandM Tornado 30000?<\/strong><br \/>\nTikslus krovimo laikas priklauso nuo maitinimo \u0161altinio, ta\u010diau su savo Type-C krovimo galimybe, Fumot RandM Tornado 30000 tur\u0117t\u0173 \u012fsikrauti gana greitai. Geriausia atsi\u017evelgti \u012f krovimo indikatori\u0173 (jei yra) arba steb\u0117ti prietais\u0105 krovimo metu, kad b\u016bt\u0173 i\u0161vengta perkrovimo.<\/li>\n<li><strong>Kur galiu nusipirkti Fumot RandM Tornado 30000 vienkartin\u012f garintuv\u0105?<\/strong><br \/>\nFumot RandM Tornado 30000 Puffs vienkartinis garintuvas gali b\u016bti \u012fsigytas i\u0161 ma\u017emeninink\u0173 ir internetini\u0173 garintuv\u0173 parduotuvi\u0173, kurios si\u016blo auk\u0161\u010diausios klas\u0117s vienkartinius garintuvus.<\/li>\n<\/ul>\n<\/div>\n<\/div>\n<\/div>\n<\/div>\n<h3>Apie siuntim\u0105<\/h3>\n<div class=\"flex-shrink-0 flex flex-col relative items-end\">\n<div>\n<div class=\"pt-0\">\n<div class=\"gizmo-bot-avatar flex h-8 w-8 items-center justify-center overflow-hidden rounded-full\">\n<div><\/div>\n<div class=\"relative p-1 rounded-sm flex items-center justify-center bg-token-main-surface-primary text-token-text-primary h-8 w-8\"><strong>1. Kokie siuntimo b\u016bdai naudojami?<\/strong><\/div>\n<\/div>\n<\/div>\n<\/div>\n<\/div>\n<div class=\"group\/conversation-turn relative flex w-full min-w-0 flex-col agent-turn\">\n<div class=\"flex-col gap-1 md:gap-3\">\n<div class=\"flex max-w-full flex-col flex-grow\">\n<div class=\"min-h-[20px] text-message flex w-full flex-col items-end gap-2 whitespace-normal break-words [.text-message+&amp;]:mt-5 overflow-x-auto\" dir=\"auto\" data-message-author-role=\"assistant\" data-message-id=\"22f8283b-3233-46ff-89a5-c7a41b33abda\">\n<div class=\"flex w-full flex-col gap-1 empty:hidden first:pt-[3px]\">\n<div class=\"markdown prose w-full break-words dark:prose-invert light\">\n<p>Mes bendradarbiaujame su UPS, DHL, FedEx, DPD ir kitais pirmaujan\u010diais ve\u017e\u0117jais. Mes parinksime geriausi\u0105 siuntimo b\u016bd\u0105, atsi\u017evelgdami \u012f j\u016bs\u0173 pristatymo viet\u0105, kad u\u017etikrintume, jog gaminiai jus pasieks kuo grei\u010diau.<\/p>\n<\/div>\n<p><strong>2. Per kiek laiko prek\u0117s atkeliauja?<\/strong><\/p>\n<p>\u012e Lietuv\u0105 siun\u010diami siuntiniai paprastai atvyksta per 10 darbo dien\u0173. Siuntimas \u012f Europos \u0161alis paprastai trunka apie 12\u201315 darbo dien\u0173. Mes teikiame realiuoju laiku atnaujinam\u0105 informacij\u0105 apie j\u016bs\u0173 siuntos b\u016bsen\u0105.<\/p>\n<\/div>\n<\/div>\n<\/div>\n<\/div>\n<\/div>\n<p>&nbsp;<\/p>\n<p>Kiti populiar\u016bs garintuvai, kurie jums gali patikti:<\/p>\n<p><a href=\"https:\/\/rmvapesale.com\/lt\/product\/randm-tornado-15000-puffs-15k-vape-recharge-fumot-original-vape-factory-price\/\"><strong>Randm Vape 15000 \u012ftraukim\u0173\u00a0 \u00a0<span style=\"color: #ff0000\">&gt;&gt;&gt;&gt; pirmyn!<\/span><\/strong><\/a><\/p>\n<p><strong><a href=\"https:\/\/rmvapesale.com\/lt\/product\/aivono-22000-rechargeable-vapes-with-display-screen\/\">Aivono Aim Fatpro 22000 \u012ftraukim\u0173 <span style=\"color: #ff0000\">&gt;&gt;&gt;&gt; pirmyn!<\/span><\/a>\u00a0<\/strong><\/p>\n<p><a href=\"https:\/\/rmvapesale.com\/lt\/product\/original-randm-vape-digital-puff-12000-fumot-factory-price\/\"><strong>Fumot Vape 12000 \u012ftraukim\u0173 <span style=\"color: #ff0000\">&gt;&gt;&gt;&gt; pirmyn!<\/span><\/strong><\/a><\/p>\n<p>&nbsp;<\/p>\n<p>&nbsp;<\/p>\n<p>Raskite daugiau garintuv\u0173, kurie jums gali patikti:<strong><em><a href=\"https:\/\/rmvapesale.com\/lt\/shop-2\/\">pirkti dabar &gt;&gt;&gt;<\/a><\/em><\/strong><\/p>","protected":false},"excerpt":{"rendered":"<p>Fumot RandM Tornado 30000 Puffs vienkartin\u0117 elektronin\u0117 cigaret\u0117 didmenine prekyba<br \/>\nRandM Tornado 30000 muzikin\u0117 30k \u012fkraunama elektronin\u0117 cigaret\u0117, skonis<br \/>\nRandm Fumot Tornado 30000 Puffs muzikin\u0117 0% 2% 5%<\/p>\n<p><img loading=\"lazy\" decoding=\"async\" class=\"size-full wp-image-2375\" src=\"https:\/\/rmvapesale.com\/wp-content\/uploads\/2024\/10\/image.png\" alt=\"Geriausias Vienkartinis Vape\" width=\"229\" height=\"300\" \/><\/p>\n<h3><a href=\"https:\/\/wa.me\/8617776015835\"><span style=\"color: #ff0000\"><strong>WhatsApp: +86 17776015835<\/strong><\/span><\/a><\/h3>\n<p>&nbsp;<\/p>","protected":false},"featured_media":2531,"comment_status":"open","ping_status":"closed","template":"","meta":{"_uag_custom_page_level_css":"","_lmt_disableupdate":"no","_lmt_disable":"","site-sidebar-layout":"default","site-content-layout":"content-boxed-container","ast-site-content-layout":"normal-width-container","site-content-style":"boxed","site-sidebar-style":"unboxed","ast-global-header-display":"","ast-banner-title-visibility":"","ast-main-header-display":"","ast-hfb-above-header-display":"","ast-hfb-below-header-display":"","ast-hfb-mobile-header-display":"","site-post-title":"","ast-breadcrumbs-content":"","ast-featured-img":"","footer-sml-layout":"","ast-disable-related-posts":"","theme-transparent-header-meta":"default","adv-header-id-meta":"","stick-header-meta":"","header-above-stick-meta":"","header-main-stick-meta":"","header-below-stick-meta":"","astra-migrate-meta-layouts":"set","ast-page-background-enabled":"default","ast-page-background-meta":{"desktop":{"background-color":"var(--ast-global-color-4)","background-image":"","background-repeat":"repeat","background-position":"center center","background-size":"auto","background-attachment":"scroll","background-type":"","background-media":"","overlay-type":"","overlay-color":"","overlay-opacity":"","overlay-gradient":""},"tablet":{"background-color":"","background-image":"","background-repeat":"repeat","background-position":"center center","background-size":"auto","background-attachment":"scroll","background-type":"","background-media":"","overlay-type":"","overlay-color":"","overlay-opacity":"","overlay-gradient":""},"mobile":{"background-color":"","background-image":"","background-repeat":"repeat","background-position":"center center","background-size":"auto","background-attachment":"scroll","background-type":"","background-media":"","overlay-type":"","overlay-color":"","overlay-opacity":"","overlay-gradient":""}},"ast-content-background-meta":{"desktop":{"background-color":"var(--ast-global-color-5)","background-image":"","background-repeat":"repeat","background-position":"center center","background-size":"auto","background-attachment":"scroll","background-type":"","background-media":"","overlay-type":"","overlay-color":"","overlay-opacity":"","overlay-gradient":""},"tablet":{"background-color":"var(--ast-global-color-5)","background-image":"","background-repeat":"repeat","background-position":"center center","background-size":"auto","background-attachment":"scroll","background-type":"","background-media":"","overlay-type":"","overlay-color":"","overlay-opacity":"","overlay-gradient":""},"mobile":{"background-color":"var(--ast-global-color-5)","background-image":"","background-repeat":"repeat","background-position":"center center","background-size":"auto","background-attachment":"scroll","background-type":"","background-media":"","overlay-type":"","overlay-color":"","overlay-opacity":"","overlay-gradient":""}},"_joinchat":[]},"product_brand":[],"product_cat":[15,27,51,25,123,30,26,28,31,137,136,135],"product_tag":[146,155,186,38,165,166,120],"class_list":{"0":"post-2532","1":"product","2":"type-product","3":"status-publish","4":"has-post-thumbnail","6":"product_cat-new-vape-this-week","7":"product_cat-fance-hot-sale-vape","8":"product_cat-fumot-vape","9":"product_cat-germany-best-selling-vape","10":"product_cat-italy-wholesale-vape","11":"product_cat-minimum-order-quantity-50pcs","12":"product_cat-netherlands-hot-sale-vape","13":"product_cat-poland-hot-sale-vape","14":"product_cat-randm-fumot-vape","15":"product_cat-rechargeable-vapes","16":"product_cat-smart-screen-vapes","17":"product_cat-spain-best-hot-sale-vape","18":"product_tag-best-hot-sale-vape","19":"product_tag-digital-display-box","20":"product_tag-fumot-30k","21":"product_tag-randm-vape","22":"product_tag-rechargeable-vapes","23":"product_tag-tornado-vape","24":"product_tag-vape-wholesale","25":"desktop-align-left","26":"tablet-align-left","27":"mobile-align-left","29":"first","30":"instock","31":"sale","32":"shipping-taxable","33":"purchasable","34":"product-type-simple"},"uagb_featured_image_src":{"full":["https:\/\/rmvapesale.com\/wp-content\/uploads\/2024\/10\/RandM-Tornado-30000-Puffs-Vape.jpg",808,808,false],"thumbnail":["https:\/\/rmvapesale.com\/wp-content\/uploads\/2024\/10\/RandM-Tornado-30000-Puffs-Vape-150x150.jpg",150,150,true],"medium":["https:\/\/rmvapesale.com\/wp-content\/uploads\/2024\/10\/RandM-Tornado-30000-Puffs-Vape-300x300.jpg",300,300,true],"medium_large":["https:\/\/rmvapesale.com\/wp-content\/uploads\/2024\/10\/RandM-Tornado-30000-Puffs-Vape-768x768.jpg",768,768,true],"large":["https:\/\/rmvapesale.com\/wp-content\/uploads\/2024\/10\/RandM-Tornado-30000-Puffs-Vape.jpg",808,808,false],"1536x1536":["https:\/\/rmvapesale.com\/wp-content\/uploads\/2024\/10\/RandM-Tornado-30000-Puffs-Vape.jpg",808,808,false],"2048x2048":["https:\/\/rmvapesale.com\/wp-content\/uploads\/2024\/10\/RandM-Tornado-30000-Puffs-Vape.jpg",808,808,false],"trp-custom-language-flag":["https:\/\/rmvapesale.com\/wp-content\/uploads\/2024\/10\/RandM-Tornado-30000-Puffs-Vape.jpg",12,12,false],"woocommerce_thumbnail":["https:\/\/rmvapesale.com\/wp-content\/uploads\/2024\/10\/RandM-Tornado-30000-Puffs-Vape-300x300.jpg",300,300,true],"woocommerce_single":["https:\/\/rmvapesale.com\/wp-content\/uploads\/2024\/10\/RandM-Tornado-30000-Puffs-Vape-600x600.jpg",600,600,true],"woocommerce_gallery_thumbnail":["https:\/\/rmvapesale.com\/wp-content\/uploads\/2024\/10\/RandM-Tornado-30000-Puffs-Vape-100x100.jpg",100,100,true],"wcpr-photo-reviews":["https:\/\/rmvapesale.com\/wp-content\/uploads\/2024\/10\/RandM-Tornado-30000-Puffs-Vape.jpg",500,500,false]},"uagb_author_info":{"display_name":"AMY","author_link":"https:\/\/rmvapesale.com\/lt\/author\/"},"uagb_comment_info":0,"uagb_excerpt":"Fumot RandM Tornado 30000 Puffs Disposable Vape Wholesale RandM Tornado 30000 music 30k Rechargeable Vape Flavor Randm Fumot Tornado 30000 Puffs Music 0% 2% 5% WhatsApp: +86 17776015835 &nbsp;","_links":{"self":[{"href":"https:\/\/rmvapesale.com\/lt\/wp-json\/wp\/v2\/product\/2532","targetHints":{"allow":["GET"]}}],"collection":[{"href":"https:\/\/rmvapesale.com\/lt\/wp-json\/wp\/v2\/product"}],"about":[{"href":"https:\/\/rmvapesale.com\/lt\/wp-json\/wp\/v2\/types\/product"}],"replies":[{"embeddable":true,"href":"https:\/\/rmvapesale.com\/lt\/wp-json\/wp\/v2\/comments?post=2532"}],"wp:featuredmedia":[{"embeddable":true,"href":"https:\/\/rmvapesale.com\/lt\/wp-json\/wp\/v2\/media\/2531"}],"wp:attachment":[{"href":"https:\/\/rmvapesale.com\/lt\/wp-json\/wp\/v2\/media?parent=2532"}],"wp:term":[{"taxonomy":"product_brand","embeddable":true,"href":"https:\/\/rmvapesale.com\/lt\/wp-json\/wp\/v2\/product_brand?post=2532"},{"taxonomy":"product_cat","embeddable":true,"href":"https:\/\/rmvapesale.com\/lt\/wp-json\/wp\/v2\/product_cat?post=2532"},{"taxonomy":"product_tag","embeddable":true,"href":"https:\/\/rmvapesale.com\/lt\/wp-json\/wp\/v2\/product_tag?post=2532"}],"curies":[{"name":"wp","href":"https:\/\/api.w.org\/{rel}","templated":true}]}}