{"id":2540,"date":"2024-10-24T09:31:28","date_gmt":"2024-10-24T09:31:28","guid":{"rendered":"https:\/\/rmvapesale.com\/?post_type=product&#038;p=2540"},"modified":"2024-10-24T09:55:38","modified_gmt":"2024-10-24T09:55:38","slug":"vapme-crystal-20000-puffs-20k-double-flavor-rechargeable-vapes","status":"publish","type":"product","link":"https:\/\/rmvapesale.com\/lt\/product\/vapme-crystal-20000-puffs-20k-double-flavor-rechargeable-vapes\/","title":{"rendered":"Vapme Crystal 20000 \u012ftraukim\u0173 20K dvigubo skonio \u012fkraunami garintuvai"},"content":{"rendered":"<div class=\"B2VR9 CJHX3e\">\n<div class=\"wyccme\">\n<h1 class=\"LC20lb MBeuO DKV0Md\">Vapme Crystal 20000 P\u016btim\u0173 20K Dvigubo skonio pakraunami veipai didmenin\u0117 prekyba<\/h1>\n<div class=\"flex-shrink-0 flex flex-col relative items-end\">\n<div class=\"pt-0\">\n<div class=\"gizmo-bot-avatar flex h-8 w-8 items-center justify-center overflow-hidden rounded-full\">\n<div class=\"relative p-1 rounded-sm flex items-center justify-center bg-token-main-surface-primary text-token-text-primary h-8 w-8\">\n<p>Su <strong>Vapme Crystal 20000 P\u016btim\u0173 20K Pakraunamas vienkartinis veipas<\/strong> yra novatori\u0161kas gaminys veipinimo pramon\u0117je, si\u016blantis didel\u0117s talpos prietais\u0105, skirt\u0105 tiek retkar\u010diais, tiek da\u017enai veipinantiems. Su didele <strong>20 000 \u012ftraukim\u0173<\/strong>, \u0161is <strong>vienkartinio garintuvo<\/strong> u\u017etikrina ilgalaik\u012f malonum\u0105 be nuolatini\u0173 papildym\u0173, tod\u0117l tai yra vienas i\u0161 <strong>geriausi\u0173 vienkartini\u0173 garintuv\u0173 2024 m.<\/strong>. <strong>20 ml e-skys\u010dio talpa<\/strong> leid\u017eia naudotojams ilgiau m\u0117gautis m\u0117gstamais skoniais, o maitinimas i\u0161 <strong>700 mAh \u012fkraunama baterija<\/strong> u\u017etikrina nepertraukiam\u0105 veipinimo sesij\u0105.<\/p>\n<p>Viena i\u0161 i\u0161skirtini\u0173 <strong>Vapme Crystal 20000<\/strong> savybi\u0173 yra jo <strong>dvigubo skonio<\/strong> funkcionalumas, leid\u017eiantis naudotojams perjungti du skirtingus skonius, suteikiant universalumo ir unikalios veipinimo patirties. Tiksliai suprojektuota <strong>tinklelio rit\u0117<\/strong> u\u017etikrina skland\u0173, pastov\u0173 gar\u0173 gamyb\u0105, tod\u0117l kiekvienas d\u016bmas yra turtingas skonio.<\/p>\n<p>Papildomam patogumui, \u0161is <strong>20000 \u012ftraukim\u0173 garintuvas<\/strong> yra apr\u016bpintas <strong>C tipo \u012fkrovimo prievadas<\/strong>, leid\u017eiantis greitai ir lengvai \u012fkrauti, tod\u0117l jis yra geriausias pasirinkimas garintojams, kurie nuolat juda. Nesvarbu, ar kauptum\u0117te atsargas savo <strong>Garintuv\u0173 parduotuv\u0117<\/strong>, perkate, kad gal\u0117tum\u0117te <strong>didmeniniams garintuvams<\/strong>, ar norite <strong>pirkti garintuvus internetu<\/strong>, <strong>Vapme Crystal 20K<\/strong> yra auk\u0161\u010diausios kokyb\u0117s pasirinkimas tiek ma\u017emenininkams, tiek individualiems vartotojams.<\/p>\n<p>Puikiai tinka tiems, kurie ie\u0161ko auk\u0161tos kokyb\u0117s <strong>\u012fkraunamos elektronin\u0117s cigaret\u0117s<\/strong> or <strong>d\u0117\u017eut\u0117s tipo garintuv\u0173<\/strong>, \u0161is prietaisas pasi\u017eymi i\u0161skirtiniu na\u0161umu ir patogumu, tod\u0117l jis yra privalomas bet kuriame <strong>garinimo bare<\/strong> ar kolekcijoje. I\u0161naudokite visas savo garinimo patirties galimybes su <strong>Vapme Crystal 20000 Puffs<\/strong>\u2014 universaliu ir patikimu pasirinkimu <strong>vienkartinio garintuvo<\/strong> Lietuvos rinkoje.<\/p>\n<\/div>\n<\/div>\n<\/div>\n<\/div>\n<\/div>\n<\/div>\n<p><strong>Susisiekite su Amy ir gaukite tinkam\u0105 atsakym\u0105 bei vape kupon\u0105!<\/strong><\/p>\n<p><img loading=\"lazy\" decoding=\"async\" class=\"size-full wp-image-1978\" src=\"https:\/\/rmvapesale.com\/wp-content\/uploads\/2024\/09\/Disposable-Vape-Wholesale.jpg\" alt=\"Vienkartinis garintuvas didmenin\u0117 prekyba\" width=\"229\" height=\"300\" \/><\/p>\n<h3><a href=\"https:\/\/wa.me\/8617776015835\" target=\"_blank\" rel=\"noopener\"><span style=\"color: #ff0000\"><strong>WhatsApp: +86 17776015835<\/strong><\/span><\/a><\/h3>\n<p>&nbsp;<\/p>\n<h2><\/h2>\n<h2><strong>Vapme Crystal 20000 Puffs vienkartinis<\/strong><strong>\u00a0<\/strong><strong>Pagrindin\u0117s savyb\u0117s<\/strong><\/h2>\n<p>10+10 SKONI\u0172<br \/>\nBaterija: 700mah type-c jungtis<br \/>\nTalpa: 20mL garinimo skys\u010dio<br \/>\nKaitiklis: 1.0 om\u0173 tinklelio kaitiklis<br \/>\n\u012ep\u016btimai: 20000+ \u012fp\u016btim\u0173<br \/>\n160 vnt\/d\u0117\u017eut\u0117<br \/>\n20.8 kg\/d\u0117\u017e\u0117<br \/>\nNikotinas: 2%<br \/>\n2 in 1 skonio prietaisas<\/p>\n<h2><strong>Populiariausias skonis Vapme Crystal 20000 Puffs<\/strong><\/h2>\n<p>Galimi \u012fvair\u016bs skoniai, \u012fskaitant M\u0117lyni\u0173 avie\u010di\u0173<\/p>\n<p>1 M\u0117lyni\u0173 avie\u010di\u0173 + Arb\u016bz\u0173 ledas <span style=\"color: #ff0000\"><strong>&gt;&gt;&gt;&gt; Kar\u0161ta!<\/strong><\/span><br \/>\n2 Bra\u0161ki\u0173 arb\u016bz\u0173 + Pasiflor\u0173 melion\u0173 ledas<br \/>\n3 Vy\u0161ni\u0173 ledas + M\u0117lyn\u0173j\u0173 avie\u010di\u0173 limonadas<br \/>\n4 Vynuogi\u0173 ledas + Bra\u0161ki\u0173 kiviai<br \/>\n5 Bra\u0161ki\u0173 banan\u0173 + Dviej\u0173 obuoli\u0173 <span style=\"color: #ff0000\"><strong>&gt;&gt;&gt;&gt; Kar\u0161ta!<\/strong><\/span><br \/>\n6 Uog\u0173 mi\u0161inio ledas + Persik\u0173, mang\u0173 ir ananas\u0173<br \/>\n7 Bra\u0161ki\u0173 ledas + Arb\u016bz\u0173 ir kivi\u0173 ledas<br \/>\n8 Energetinis g\u0117rimas + Vy\u0161ni\u0173 kola<br \/>\n9 Bra\u0161ki\u0173, avie\u010di\u0173 saldainiai + Persik\u0173 ledas <span style=\"color: #ff0000\"><strong>&gt;&gt;&gt;&gt; Geriausias!<\/strong><\/span><br \/>\n10 Bra\u0161ki\u0173, mang\u0173 + Kivi\u0173, pasiflor\u0173 ir gvajav\u0173<\/p>\n<figure id=\"attachment_2537\" aria-describedby=\"caption-attachment-2537\" style=\"width: 800px\" class=\"wp-caption alignnone\"><img loading=\"lazy\" decoding=\"async\" class=\"wp-image-2537 size-full\" src=\"https:\/\/rmvapesale.com\/wp-content\/uploads\/2024\/10\/Vape-Vapme-Crystal-20000-Disposable-Vape.jpg\" alt=\"Elektronin\u0117 cigaret\u0117 Vapme Crystal 20000 P\u016bpsni\u0173\" width=\"800\" height=\"800\" srcset=\"https:\/\/rmvapesale.com\/wp-content\/uploads\/2024\/10\/Vape-Vapme-Crystal-20000-Disposable-Vape.jpg 800w, https:\/\/rmvapesale.com\/wp-content\/uploads\/2024\/10\/Vape-Vapme-Crystal-20000-Disposable-Vape-300x300.jpg 300w, https:\/\/rmvapesale.com\/wp-content\/uploads\/2024\/10\/Vape-Vapme-Crystal-20000-Disposable-Vape-150x150.jpg 150w, https:\/\/rmvapesale.com\/wp-content\/uploads\/2024\/10\/Vape-Vapme-Crystal-20000-Disposable-Vape-768x768.jpg 768w, https:\/\/rmvapesale.com\/wp-content\/uploads\/2024\/10\/Vape-Vapme-Crystal-20000-Disposable-Vape-600x600.jpg 600w, https:\/\/rmvapesale.com\/wp-content\/uploads\/2024\/10\/Vape-Vapme-Crystal-20000-Disposable-Vape-100x100.jpg 100w\" sizes=\"auto, (max-width: 800px) 100vw, 800px\" \/><figcaption id=\"caption-attachment-2537\" class=\"wp-caption-text\">Elektronin\u0117 cigaret\u0117 Vapme Crystal 20000 P\u016bpsni\u0173<\/figcaption><\/figure>\n<h3><strong>Kod\u0117l verta rinktis Rmvapesale Vapme Crystal 20000 P\u016bpsni\u0173<\/strong><strong>?<\/strong><\/h3>\n<div class=\"flex-shrink-0 flex flex-col relative items-end\">\n<div class=\"pt-0\">\n<div class=\"gizmo-bot-avatar flex h-8 w-8 items-center justify-center overflow-hidden rounded-full\">\n<div class=\"relative p-1 rounded-sm flex items-center justify-center bg-token-main-surface-primary text-token-text-primary h-8 w-8\">\n<p>&nbsp;<\/p>\n<p>Pasirink\u0119 Rmvapesale didmeniniams vienkartini\u0173 garintuv\u0173 poreikiams, gausite naudos i\u0161:<\/p>\n<ul>\n<li><strong>Konkurencinga Kaina<\/strong>: Gaukite patrauklias didmenines kainas, kurios padidins j\u016bs\u0173 verslo mar\u017eas.<\/li>\n<li><strong>Auk\u0161ta Kokyb\u0117<\/strong>: M\u016bs\u0173 garintuvai gaminami pagal auk\u0161\u010diausius standartus ir <span style=\"color: #ff0000\"><strong>garantuotai 100% original\u016bs ir autenti\u0161ki, kitaip u\u017e padirbtas prekes bus atlyginta 10 kart\u0173!<\/strong><\/span><\/li>\n<li><strong>Puikus klient\u0173 aptarnavimas<\/strong>: M\u016bs\u0173 atsidavusi komanda visada pasiruo\u0161usi jums pad\u0117ti, kad pirkimo procesas b\u016bt\u0173 sklandus ir be r\u016bpes\u010di\u0173.<\/li>\n<li><strong>Greitas pristatymas<\/strong>: Tik\u0117kit\u0117s greito ir patikimo pristatymo, u\u017etikrinan\u010dio, kad j\u016bs\u0173 u\u017esakymai visada atvykt\u0173 laiku.<\/li>\n<\/ul>\n<\/div>\n<h3><\/h3>\n<div class=\"relative p-1 rounded-sm flex items-center justify-center bg-token-main-surface-primary text-token-text-primary h-8 w-8\">\n<h3><b>DUK<\/b><\/h3>\n<ul>\n<li><strong>Kaip naudoti Vapme Crystal 20000 P\u016bpsni\u0173 vienkartin\u0119 elektronin\u0119 cigaret\u0119<\/strong><br \/>\nNor\u0117dami naudoti Vapme Crystal 20000, tiesiog i\u0161imkite j\u012f i\u0161 pakuot\u0117s, \u012fkv\u0117pkite per kandikl\u012f ir prietaisas automati\u0161kai aktyvuosis. Viena unikali savyb\u0117 yra dvigubo skonio funkcija, leid\u017eianti perjungti du skirtingus skonius, kad garinimo patirtis b\u016bt\u0173 universalesn\u0117.<\/li>\n<li><strong>Kaip \u012fkrauti Vapme Crystal 20K P\u016bpsni\u0173 vienkartin\u0119 elektronin\u0119 cigaret\u0119<\/strong><br \/>\nVapme Crystal 20000 yra su 700 mAh \u012fkraunama baterija. Nor\u0117dami j\u0105 \u012fkrauti, naudokite C tipo \u012fkrovimo prievad\u0105. Prijunkite prietais\u0105 prie maitinimo \u0161altinio C tipo kabeliu ir jis greitai \u012fkraus ilgesn\u0117ms garinimo sesijoms.<\/li>\n<li><strong>Kiek nikotino yra Vapme Crystal 20000 P\u016bpsni\u0173<\/strong><br \/>\nVapme Crystal 20000 P\u016bpsni\u0173 nikotino kiekis turinyje nenurodytas. Ta\u010diau tokios vienkartin\u0117s elektronin\u0117s cigaret\u0117s da\u017eniausiai b\u016bna \u012fvairaus nikotino stiprumo (0%, 2%, 5% ir t. t.). Tiksl\u0173 nikotino kiek\u012f galite pasitikrinti pas ma\u017emeninink\u0105 arba ant gaminio pakuot\u0117s.<\/li>\n<li><strong>Kiek laiko tur\u0117\u010diau krauti savo Crystal 20000 P\u016bpsni\u0173?<\/strong><br \/>\nTikslus \u012fkrovimo laikas priklauso nuo maitinimo \u0161altinio, ta\u010diau d\u0117l C tipo greitojo \u012fkrovimo galimyb\u0117s jis tur\u0117t\u0173 \u012fkrauti gana greitai. Galite steb\u0117ti prietais\u0105 kraunant arba vadovautis bet kokiais \u012fkrovimo indikatoriais, jei toki\u0173 yra, kad \u017einotum\u0117te, kada jis visi\u0161kai \u012fkrautas.<\/li>\n<li><strong>Kur galiu \u012fsigyti Vapme Crystal 20000 P\u016bpsni\u0173 vienkartin\u0119 elektronin\u0119 cigaret\u0119<\/strong><br \/>\nVapme Crystal 20000 P\u016bpsni\u0173 galima \u012fsigyti pas elektronini\u0173 cigare\u010di\u0173 ma\u017emenininkus, internetin\u0117se elektronini\u0173 cigare\u010di\u0173 parduotuv\u0117se arba didmenin\u0117s prekybos platintojus, si\u016blan\u010dius vienkartines elektronines cigaretes. Tai populiarus pasirinkimas tiek individualiems vartotojams, tiek elektronini\u0173 cigare\u010di\u0173 parduotuvi\u0173 savininkams. Patikrinkite, ar j\u0173 yra j\u016bs\u0173 vietin\u0117se elektronini\u0173 cigare\u010di\u0173 parduotuv\u0117se arba nar\u0161ykite internetin\u0117se platformose, kurios specializuojasi garinimo produktuose.<\/li>\n<\/ul>\n<\/div>\n<\/div>\n<\/div>\n<\/div>\n<h3>Apie siuntim\u0105<\/h3>\n<div class=\"flex-shrink-0 flex flex-col relative items-end\">\n<div>\n<div class=\"pt-0\">\n<div class=\"gizmo-bot-avatar flex h-8 w-8 items-center justify-center overflow-hidden rounded-full\">\n<div><\/div>\n<div class=\"relative p-1 rounded-sm flex items-center justify-center bg-token-main-surface-primary text-token-text-primary h-8 w-8\"><strong>1. Kokie siuntimo b\u016bdai naudojami?<\/strong><\/div>\n<\/div>\n<\/div>\n<\/div>\n<\/div>\n<div class=\"group\/conversation-turn relative flex w-full min-w-0 flex-col agent-turn\">\n<div class=\"flex-col gap-1 md:gap-3\">\n<div class=\"flex max-w-full flex-col flex-grow\">\n<div class=\"min-h-[20px] text-message flex w-full flex-col items-end gap-2 whitespace-normal break-words [.text-message+&amp;]:mt-5 overflow-x-auto\" dir=\"auto\" data-message-author-role=\"assistant\" data-message-id=\"22f8283b-3233-46ff-89a5-c7a41b33abda\">\n<div class=\"flex w-full flex-col gap-1 empty:hidden first:pt-[3px]\">\n<div class=\"markdown prose w-full break-words dark:prose-invert light\">\n<p>Mes bendradarbiaujame su UPS, DHL, FedEx, DPD ir kitais pirmaujan\u010diais ve\u017e\u0117jais. Mes parinksime geriausi\u0105 siuntimo b\u016bd\u0105, atsi\u017evelgdami \u012f j\u016bs\u0173 pristatymo viet\u0105, kad u\u017etikrintume, jog gaminiai jus pasieks kuo grei\u010diau.<\/p>\n<\/div>\n<p><strong>2. Per kiek laiko prek\u0117s atkeliauja?<\/strong><\/p>\n<p>\u012e Lietuv\u0105 siun\u010diami siuntiniai paprastai atvyksta per 10 darbo dien\u0173. Siuntimas \u012f Europos \u0161alis paprastai trunka apie 12\u201315 darbo dien\u0173. Mes teikiame realiuoju laiku atnaujinam\u0105 informacij\u0105 apie j\u016bs\u0173 siuntos b\u016bsen\u0105.<\/p>\n<\/div>\n<\/div>\n<\/div>\n<\/div>\n<\/div>\n<p>&nbsp;<\/p>\n<p>Kiti populiar\u016bs garintuvai, kurie jums gali patikti:<\/p>\n<p><a href=\"https:\/\/rmvapesale.com\/lt\/product\/fumot-randm-tornado-30000-puffs-30k-music-disposable-vape\/\"><strong>RandM Tornado 30000 \u012ep\u016btim\u0173\u00a0 \u00a0<span style=\"color: #ff0000\">&gt;&gt;&gt;&gt; pirmyn!<\/span><\/strong><\/a><\/p>\n<p><strong><a href=\"https:\/\/rmvapesale.com\/lt\/product\/aivono-22000-rechargeable-vapes-with-display-screen\/\">Aivono Aim Fatpro 22000 \u012ftraukim\u0173 <span style=\"color: #ff0000\">&gt;&gt;&gt;&gt; pirmyn!<\/span><\/a>\u00a0<\/strong><\/p>\n<p><a href=\"https:\/\/rmvapesale.com\/lt\/product\/original-randm-vape-digital-puff-12000-fumot-factory-price\/\"><strong>Fumot Vape 12000 \u012ftraukim\u0173 <span style=\"color: #ff0000\">&gt;&gt;&gt;&gt; pirmyn!<\/span><\/strong><\/a><\/p>\n<p>&nbsp;<\/p>\n<p>&nbsp;<\/p>\n<p>Raskite daugiau garintuv\u0173, kurie jums gali patikti:<strong><em><a href=\"https:\/\/rmvapesale.com\/lt\/shop-2\/\">pirkti dabar &gt;&gt;&gt;<\/a><\/em><\/strong><\/p>","protected":false},"excerpt":{"rendered":"<p>Didmenin\u0117 prekyba garintuvais Vapme Crystal 20000 \u012ftraukim\u0173 vienkartinis<br \/>\nVapme Crystal 20000 P\u016btim\u0173 Dvigubo skonio vienkartinis veipas<br \/>\nVapme Crystal 20000 Dvigubas kristalinis veipo baras didmenin\u0117 prekyba<\/p>\n<p><img loading=\"lazy\" decoding=\"async\" class=\"size-full wp-image-2375\" src=\"https:\/\/rmvapesale.com\/wp-content\/uploads\/2024\/10\/image.png\" alt=\"Geriausias Vienkartinis Vape\" width=\"229\" height=\"300\" \/><\/p>\n<h3><a href=\"https:\/\/wa.me\/8617776015835\"><span style=\"color: #ff0000\"><strong>WhatsApp: +86 17776015835<\/strong><\/span><\/a><\/h3>\n<p>&nbsp;<\/p>","protected":false},"featured_media":2539,"comment_status":"open","ping_status":"closed","template":"","meta":{"_uag_custom_page_level_css":"","_lmt_disableupdate":"no","_lmt_disable":"","site-sidebar-layout":"default","site-content-layout":"content-boxed-container","ast-site-content-layout":"normal-width-container","site-content-style":"boxed","site-sidebar-style":"unboxed","ast-global-header-display":"","ast-banner-title-visibility":"","ast-main-header-display":"","ast-hfb-above-header-display":"","ast-hfb-below-header-display":"","ast-hfb-mobile-header-display":"","site-post-title":"","ast-breadcrumbs-content":"","ast-featured-img":"","footer-sml-layout":"","ast-disable-related-posts":"","theme-transparent-header-meta":"default","adv-header-id-meta":"","stick-header-meta":"","header-above-stick-meta":"","header-main-stick-meta":"","header-below-stick-meta":"","astra-migrate-meta-layouts":"set","ast-page-background-enabled":"default","ast-page-background-meta":{"desktop":{"background-color":"var(--ast-global-color-4)","background-image":"","background-repeat":"repeat","background-position":"center center","background-size":"auto","background-attachment":"scroll","background-type":"","background-media":"","overlay-type":"","overlay-color":"","overlay-opacity":"","overlay-gradient":""},"tablet":{"background-color":"","background-image":"","background-repeat":"repeat","background-position":"center center","background-size":"auto","background-attachment":"scroll","background-type":"","background-media":"","overlay-type":"","overlay-color":"","overlay-opacity":"","overlay-gradient":""},"mobile":{"background-color":"","background-image":"","background-repeat":"repeat","background-position":"center center","background-size":"auto","background-attachment":"scroll","background-type":"","background-media":"","overlay-type":"","overlay-color":"","overlay-opacity":"","overlay-gradient":""}},"ast-content-background-meta":{"desktop":{"background-color":"var(--ast-global-color-5)","background-image":"","background-repeat":"repeat","background-position":"center center","background-size":"auto","background-attachment":"scroll","background-type":"","background-media":"","overlay-type":"","overlay-color":"","overlay-opacity":"","overlay-gradient":""},"tablet":{"background-color":"var(--ast-global-color-5)","background-image":"","background-repeat":"repeat","background-position":"center center","background-size":"auto","background-attachment":"scroll","background-type":"","background-media":"","overlay-type":"","overlay-color":"","overlay-opacity":"","overlay-gradient":""},"mobile":{"background-color":"var(--ast-global-color-5)","background-image":"","background-repeat":"repeat","background-position":"center center","background-size":"auto","background-attachment":"scroll","background-type":"","background-media":"","overlay-type":"","overlay-color":"","overlay-opacity":"","overlay-gradient":""}},"_joinchat":[]},"product_brand":[],"product_cat":[15,27,25,123,30,26,28,137,136,135],"product_tag":[146,188,124,155,186,38,165,166,120],"class_list":{"0":"post-2540","1":"product","2":"type-product","3":"status-publish","4":"has-post-thumbnail","6":"product_cat-new-vape-this-week","7":"product_cat-fance-hot-sale-vape","8":"product_cat-germany-best-selling-vape","9":"product_cat-italy-wholesale-vape","10":"product_cat-minimum-order-quantity-50pcs","11":"product_cat-netherlands-hot-sale-vape","12":"product_cat-poland-hot-sale-vape","13":"product_cat-rechargeable-vapes","14":"product_cat-smart-screen-vapes","15":"product_cat-spain-best-hot-sale-vape","16":"product_tag-best-hot-sale-vape","17":"product_tag-buy-vapes-online","18":"product_tag-crystal-vape","19":"product_tag-digital-display-box","20":"product_tag-fumot-30k","21":"product_tag-randm-vape","22":"product_tag-rechargeable-vapes","23":"product_tag-tornado-vape","24":"product_tag-vape-wholesale","25":"desktop-align-left","26":"tablet-align-left","27":"mobile-align-left","29":"first","30":"instock","31":"sale","32":"shipping-taxable","33":"purchasable","34":"product-type-simple"},"uagb_featured_image_src":{"full":["https:\/\/rmvapesale.com\/wp-content\/uploads\/2024\/10\/Wholesale-Vape-Vapme-Crystal-20000-Puffs-Disposable.jpg",800,800,false],"thumbnail":["https:\/\/rmvapesale.com\/wp-content\/uploads\/2024\/10\/Wholesale-Vape-Vapme-Crystal-20000-Puffs-Disposable-150x150.jpg",150,150,true],"medium":["https:\/\/rmvapesale.com\/wp-content\/uploads\/2024\/10\/Wholesale-Vape-Vapme-Crystal-20000-Puffs-Disposable-300x300.jpg",300,300,true],"medium_large":["https:\/\/rmvapesale.com\/wp-content\/uploads\/2024\/10\/Wholesale-Vape-Vapme-Crystal-20000-Puffs-Disposable-768x768.jpg",768,768,true],"large":["https:\/\/rmvapesale.com\/wp-content\/uploads\/2024\/10\/Wholesale-Vape-Vapme-Crystal-20000-Puffs-Disposable.jpg",800,800,false],"1536x1536":["https:\/\/rmvapesale.com\/wp-content\/uploads\/2024\/10\/Wholesale-Vape-Vapme-Crystal-20000-Puffs-Disposable.jpg",800,800,false],"2048x2048":["https:\/\/rmvapesale.com\/wp-content\/uploads\/2024\/10\/Wholesale-Vape-Vapme-Crystal-20000-Puffs-Disposable.jpg",800,800,false],"trp-custom-language-flag":["https:\/\/rmvapesale.com\/wp-content\/uploads\/2024\/10\/Wholesale-Vape-Vapme-Crystal-20000-Puffs-Disposable.jpg",12,12,false],"woocommerce_thumbnail":["https:\/\/rmvapesale.com\/wp-content\/uploads\/2024\/10\/Wholesale-Vape-Vapme-Crystal-20000-Puffs-Disposable-300x300.jpg",300,300,true],"woocommerce_single":["https:\/\/rmvapesale.com\/wp-content\/uploads\/2024\/10\/Wholesale-Vape-Vapme-Crystal-20000-Puffs-Disposable-600x600.jpg",600,600,true],"woocommerce_gallery_thumbnail":["https:\/\/rmvapesale.com\/wp-content\/uploads\/2024\/10\/Wholesale-Vape-Vapme-Crystal-20000-Puffs-Disposable-100x100.jpg",100,100,true],"wcpr-photo-reviews":["https:\/\/rmvapesale.com\/wp-content\/uploads\/2024\/10\/Wholesale-Vape-Vapme-Crystal-20000-Puffs-Disposable.jpg",500,500,false]},"uagb_author_info":{"display_name":"AMY","author_link":"https:\/\/rmvapesale.com\/lt\/author\/"},"uagb_comment_info":0,"uagb_excerpt":"Wholesale Vape Vapme Crystal 20000 Puffs Disposable Vapme Crystal 20000 Puffs Dual Flavors Disposable Vape Vapme Crystal 20000 Double Crystal Vape Bar Wholesale WhatsApp: +86 17776015835 &nbsp;","_links":{"self":[{"href":"https:\/\/rmvapesale.com\/lt\/wp-json\/wp\/v2\/product\/2540","targetHints":{"allow":["GET"]}}],"collection":[{"href":"https:\/\/rmvapesale.com\/lt\/wp-json\/wp\/v2\/product"}],"about":[{"href":"https:\/\/rmvapesale.com\/lt\/wp-json\/wp\/v2\/types\/product"}],"replies":[{"embeddable":true,"href":"https:\/\/rmvapesale.com\/lt\/wp-json\/wp\/v2\/comments?post=2540"}],"wp:featuredmedia":[{"embeddable":true,"href":"https:\/\/rmvapesale.com\/lt\/wp-json\/wp\/v2\/media\/2539"}],"wp:attachment":[{"href":"https:\/\/rmvapesale.com\/lt\/wp-json\/wp\/v2\/media?parent=2540"}],"wp:term":[{"taxonomy":"product_brand","embeddable":true,"href":"https:\/\/rmvapesale.com\/lt\/wp-json\/wp\/v2\/product_brand?post=2540"},{"taxonomy":"product_cat","embeddable":true,"href":"https:\/\/rmvapesale.com\/lt\/wp-json\/wp\/v2\/product_cat?post=2540"},{"taxonomy":"product_tag","embeddable":true,"href":"https:\/\/rmvapesale.com\/lt\/wp-json\/wp\/v2\/product_tag?post=2540"}],"curies":[{"name":"wp","href":"https:\/\/api.w.org\/{rel}","templated":true}]}}