{"id":2547,"date":"2024-10-25T02:22:52","date_gmt":"2024-10-25T02:22:52","guid":{"rendered":"https:\/\/rmvapesale.com\/?post_type=product&#038;p=2547"},"modified":"2024-10-25T03:03:28","modified_gmt":"2024-10-25T03:03:28","slug":"rechargeable-vape-vapme-spacex-22000-puff-wholesale","status":"publish","type":"product","link":"https:\/\/rmvapesale.com\/lt\/product\/rechargeable-vape-vapme-spacex-22000-puff-wholesale\/","title":{"rendered":"\u012ekraunamas Vape Vapme Spacex 22000 puf\u0173 didmenin\u0117 prekyba"},"content":{"rendered":"<div class=\"B2VR9 CJHX3e\">\n<div class=\"wyccme\">\n<h1 class=\"LC20lb MBeuO DKV0Md\">\u012ekraunam\u0173 Vape Vapme Spacex 22000 R\u016bkali\u0173 Didmenin\u0117 prekyba<\/h1>\n<div class=\"flex-shrink-0 flex flex-col relative items-end\">\n<div class=\"pt-0\">\n<div class=\"gizmo-bot-avatar flex h-8 w-8 items-center justify-center overflow-hidden rounded-full\">\n<div class=\"relative p-1 rounded-sm flex items-center justify-center bg-token-main-surface-primary text-token-text-primary h-8 w-8\">\n<p>\u012ekraunamas Vape <strong>Vapme Spacex 22000 \u012ep\u016btim\u0173<\/strong> yra auk\u0161\u010diausios kokyb\u0117s<strong> i\u0161manusis vienkartinis vape<\/strong> sukurtas vartotojams, siekiantiems ilgesni\u0173 r\u016bkymo sesij\u0173 ir patogumo. Su \u012fsp\u016bdinga <strong>30 ml talpa vape skys\u010diui<\/strong> ir galimybe tiekti daugiau nei <strong>22 000 \u012ftraukim\u0173<\/strong>, \u0161is \u012frenginys yra sukurtas ilgaam\u017ei\u0161kumui ir pasitenkinimui. Jo <strong>850 mAh baterij\u0105<\/strong>, \u012fkraunamas per <strong>C tipo prievadas<\/strong>, u\u017etikrina, kad gal\u0117site m\u0117gautis savo m\u0117gstamais skoniais be pertrauk\u0173, tod\u0117l jis yra puikus tiek atsitiktiniams r\u016bkaliams, tiek da\u017eniems naudotojams. Apr\u016bpintas <strong>0,8 om\u0173 tinklelio rit\u0117<\/strong>, \u0161is <strong>\u012fkraunamas garintuvas<\/strong>\u00a0u\u017etikrina optimal\u0173 garo gamyb\u0105, u\u017etikrinant, kad kiekvienas \u012fkv\u0117pimas b\u016bt\u0173 turtingas skoniu ir \u0161velnus \u012fkv\u0117pimo metu.<\/p>\n<p>Su <strong>LED ekrano<\/strong> yra dar viena i\u0161skirtin\u0117 savyb\u0117, leid\u017eianti vartotojams lengvai steb\u0117ti baterijos b\u016bkl\u0119 ir vape skys\u010dio lygius akimirksniu, su auk\u0161tos kokyb\u0117s technologija, kuri i\u0161siskiria i\u0161 kit\u0173 <strong>vienkartinis garintuvas su ekranu<\/strong>. \u0160is <strong>ma\u017eai nikotino turin\u010diu vienkartiniu garintuvu <\/strong>\u00a0ateina su 2% nikotino stiprumu vartotojams, ie\u0161kantiems \u0161velnesnio poveikio, ir\u00a0<strong>5% nikotino <\/strong>parinktis tenkina r\u016bkalius, norin\u010dius stipresnio patirties.<\/p>\n<p>Su <strong>Vapme 22000<\/strong> yra ideali <strong>didmeniniams garintuvams<\/strong>, tai yra puikus pasirinkimas ma\u017emenininkams, norintiems papildyti populiari\u0173 produkt\u0173 atsargas. Jo didel\u0117 talpa, \u012fkraunama baterija ir skoni\u0173 \u012fvairov\u0117 daro j\u012f <strong>populiarus vape<\/strong> in the <strong>vienkartinio garintuvo<\/strong> rinkoje, suteikiant\u012f tiek kokyb\u0119, tiek patogum\u0105 viename eleganti\u0161kame pakete.<\/p>\n<\/div>\n<\/div>\n<\/div>\n<\/div>\n<\/div>\n<\/div>\n<p><strong>Susisiekite su Amy ir gaukite tinkam\u0105 atsakym\u0105 bei vape kupon\u0105!<\/strong><\/p>\n<p><img loading=\"lazy\" decoding=\"async\" class=\"size-full wp-image-1978\" src=\"https:\/\/rmvapesale.com\/wp-content\/uploads\/2024\/09\/Disposable-Vape-Wholesale.jpg\" alt=\"Vienkartinis garintuvas didmenin\u0117 prekyba\" width=\"229\" height=\"300\" \/><\/p>\n<h3><a href=\"https:\/\/wa.me\/8617776015835\" target=\"_blank\" rel=\"noopener\"><span style=\"color: #ff0000\"><strong>WhatsApp: +86 17776015835<\/strong><\/span><\/a><\/h3>\n<p>&nbsp;<\/p>\n<h2><\/h2>\n<h2><strong>Vapme 22000 <\/strong><strong>\u012ekraunamas garintuvas<\/strong><strong>\u00a0<\/strong><strong>Pagrindin\u0117s savyb\u0117s<\/strong><\/h2>\n<p>Prek\u0117s \u017eenklas: Vapme Vape<br \/>\nBaterija: 850mah tipo-C jungtis<br \/>\nTalpa: 30ml vape skys\u010dio<br \/>\nVamzdelis: 0.8 ohm tinklelio vamzdelis<br \/>\n\u012ekv\u0117pimai: daugiau nei 22000 \u012fkv\u0117pim\u0173<br \/>\nNikotinas: 2%\/5%<br \/>\nLED ekranas baterijai ir e-skys\u010diui<\/p>\n<h2><strong>Geriausias skonis <\/strong><strong>\u012ekraunamas garintuvas <\/strong><strong>Vapme 22000 <\/strong><strong>\u012ekv\u0117pimai\u00a0<\/strong><\/h2>\n<p>\u0160is <strong>d\u0117\u017eut\u0117s tipo garintuvas<\/strong> \u012frenginys si\u016blo <strong>12 jaudinantys skoniai<\/strong>, nuo r\u016bg\u0161taus sprogimo <strong>M\u0117lyna Razz Lemonada<\/strong> iki gaivios v\u0117sos <strong>Arb\u016bz\u0173 ledas<\/strong> ir tropinio mi\u0161inio <strong>Mango Persikas Ananasas<\/strong>. Nesvarbu, ar m\u0117gstate sald\u017eius, vaisinius ar ledinius skonius, Vapme Spacex turi ka\u017ek\u0105 kiekvienam skoniui.<\/p>\n<p>1. M\u0117lyna razz lemoonade<span style=\"color: #ff0000\"><strong>&gt;&gt;&gt;&gt; Kar\u0161ta!<\/strong><\/span><br \/>\n2. Persik\u0173 ledas<br \/>\n3. Arb\u016bz\u0173 ledas <span style=\"color: #ff0000\"><strong>&gt;&gt;&gt;&gt; Kar\u0161ta!<\/strong><\/span><br \/>\n4. M\u0117lyn\u0117s aviet\u0117s<br \/>\n5. Vy\u0161nios ledas<br \/>\n6. Bra\u0161ki\u0173 ledas<br \/>\n7. Bra\u0161k\u0117 arb\u016bzas<br \/>\n8. Mango persikas ananasas <span style=\"color: #ff0000\"><strong>&gt;&gt;&gt;&gt; Geriausias!<\/strong><\/span><br \/>\n9. Bra\u0161ki\u0173 kivis<br \/>\n10. Kivi pasiflor\u0173 guava<br \/>\n11. Energijos g\u0117rimas<br \/>\ncURL Too many subrequests.<\/p>\n<figure id=\"attachment_2542\" aria-describedby=\"caption-attachment-2542\" style=\"width: 800px\" class=\"wp-caption alignnone\"><img loading=\"lazy\" decoding=\"async\" class=\"wp-image-2542 size-full\" src=\"https:\/\/rmvapesale.com\/wp-content\/uploads\/2024\/10\/Disposable-Vape-Vapme-22000-Puffs-Price.jpg\" alt=\"Vienkartinis Vape Vapme 22000 \u012ekv\u0117pim\u0173 Kaina\" width=\"800\" height=\"800\" srcset=\"https:\/\/rmvapesale.com\/wp-content\/uploads\/2024\/10\/Disposable-Vape-Vapme-22000-Puffs-Price.jpg 800w, https:\/\/rmvapesale.com\/wp-content\/uploads\/2024\/10\/Disposable-Vape-Vapme-22000-Puffs-Price-300x300.jpg 300w, https:\/\/rmvapesale.com\/wp-content\/uploads\/2024\/10\/Disposable-Vape-Vapme-22000-Puffs-Price-150x150.jpg 150w, https:\/\/rmvapesale.com\/wp-content\/uploads\/2024\/10\/Disposable-Vape-Vapme-22000-Puffs-Price-768x768.jpg 768w, https:\/\/rmvapesale.com\/wp-content\/uploads\/2024\/10\/Disposable-Vape-Vapme-22000-Puffs-Price-600x600.jpg 600w, https:\/\/rmvapesale.com\/wp-content\/uploads\/2024\/10\/Disposable-Vape-Vapme-22000-Puffs-Price-100x100.jpg 100w\" sizes=\"auto, (max-width: 800px) 100vw, 800px\" \/><figcaption id=\"caption-attachment-2542\" class=\"wp-caption-text\">Vienkartinis Vape Vapme 22000 \u012ekv\u0117pim\u0173 Kaina<\/figcaption><\/figure>\n<p>&nbsp;<\/p>\n<h3><strong>Kod\u0117l rinktis Rmvapesale Vapme 22000 \u012ekv\u0117pim\u0173<\/strong><strong>?<\/strong><\/h3>\n<div class=\"flex-shrink-0 flex flex-col relative items-end\">\n<div class=\"pt-0\">\n<div class=\"gizmo-bot-avatar flex h-8 w-8 items-center justify-center overflow-hidden rounded-full\">\n<div class=\"relative p-1 rounded-sm flex items-center justify-center bg-token-main-surface-primary text-token-text-primary h-8 w-8\">\n<p>&nbsp;<\/p>\n<p>Pasirink\u0119 Rmvapesale didmeniniams vienkartini\u0173 garintuv\u0173 poreikiams, gausite naudos i\u0161:<\/p>\n<ul>\n<li><strong>Konkurencinga Kaina<\/strong>: Gaukite patrauklias didmenines kainas, kurios padidins j\u016bs\u0173 verslo mar\u017eas.<\/li>\n<li><strong>Auk\u0161ta Kokyb\u0117<\/strong>: M\u016bs\u0173 garintuvai gaminami pagal auk\u0161\u010diausius standartus ir <span style=\"color: #ff0000\"><strong>garantuotai 100% original\u016bs ir autenti\u0161ki, kitaip u\u017e padirbtas prekes bus atlyginta 10 kart\u0173!<\/strong><\/span><\/li>\n<li><strong>Puikus klient\u0173 aptarnavimas<\/strong>: M\u016bs\u0173 atsidavusi komanda visada pasiruo\u0161usi jums pad\u0117ti, kad pirkimo procesas b\u016bt\u0173 sklandus ir be r\u016bpes\u010di\u0173.<\/li>\n<li><strong>Greitas pristatymas<\/strong>: Tik\u0117kit\u0117s greito ir patikimo pristatymo, u\u017etikrinan\u010dio, kad j\u016bs\u0173 u\u017esakymai visada atvykt\u0173 laiku.<\/li>\n<\/ul>\n<\/div>\n<h3><\/h3>\n<div class=\"relative p-1 rounded-sm flex items-center justify-center bg-token-main-surface-primary text-token-text-primary h-8 w-8\">\n<h3><b>\u012ekraunamas Vape Vapme 22000 DUK<\/b><\/h3>\n<ul>\n<li><strong>Kaip \u012fkrauti Vapme Spacex 22000 \u012fkraunam\u0105 vienkartin\u012f vape<\/strong><br \/>\nVapme Spacex 22000 turi 850mAh \u012fkraunam\u0105 baterij\u0105, kuri\u0105 galima \u012fkrauti per Type-C \u012fkrovimo jungt\u012f. Papras\u010diausiai prijunkite Type-C kabel\u012f prie maitinimo \u0161altinio, kad \u012fkrautum\u0117te \u012frengin\u012f.<\/li>\n<li><strong>Kiek nikotino yra Vapme Spacex 22000 p\u016btimuose<\/strong><br \/>\nVapme Spacex 22000 P\u016btimai yra prieinami su dviem nikotino stiprumo pasirinkimais: 2% (20mg) \u0161velnesniam poj\u016b\u010diui ir 5% (50mg) vartotojams, ie\u0161kantiems stipresnio \u012fsp\u016bd\u017eio.<\/li>\n<li><strong>Kiek laiko tur\u0117\u010diau \u012fkrauti savo Vapme Spacex 22000 Vape Box?<\/strong><br \/>\nTikslaus \u012fkrovimo laikas priklauso nuo maitinimo \u0161altinio, ta\u010diau greito \u012fkrovimo galimyb\u0117 per Type-C leid\u017eia gana greitai \u012fkrauti. Steb\u0117kite LED ekran\u0105, kad su\u017einotum\u0117te, kada baterija yra pilnai \u012fkrauta, nes ekranas pateiks informacij\u0105 apie baterijos b\u016bkl\u0119.<\/li>\n<li><strong>Kur galiu \u012fsigyti Vapme Spacex 22000 vienkartinius vape?<\/strong><br \/>\nVapme Spacex 22000 P\u016btimai vienkartiniai vape gali b\u016bti \u012fsigyti i\u0161 ma\u017emeninink\u0173, vape parduotuvi\u0173 ar internetini\u0173 platform\u0173, specializuot\u0173 vape produkt\u0173 pardavimui. Taip pat jis yra prieinamas didmeninei prekybai, tod\u0117l yra populiarus pasirinkimas verslams, norintiems tur\u0117ti vienkartinius vape.<\/li>\n<li><strong>Kokie yra geriausi 2024 m. vienkartiniai garintuvai?<\/strong><br \/>\nKai kurie geriausi 2024 met\u0173 vienkartiniai vape \u012frenginiai yra:<\/p>\n<ul>\n<li><strong>Vapme Spacex 22000 \u012ep\u016btim\u0173<\/strong>: \u017dinomas d\u0117l didel\u0117s talpos, LED ekrano ir \u012fkraunamos baterijos.<\/li>\n<li><strong>Vapme Crystal 20000 Puffs<\/strong>: Populiarus d\u0117l savo Dvigubo Skonio funkcijos ir patogaus \u012fkrovimo.<\/li>\n<li><strong>Aivono Fatpro 22000 Puffs<\/strong>: Si\u016blo ilgalaik\u0119 vaping patirt\u012f su tinklelio rit\u0117s technologija ir pritaikom\u0105 oro sraut\u0105.<\/li>\n<li><strong>Fumot RandM Tornado 30000 \u012ep\u016btim\u0173<\/strong>: Yra muzikos sinchronizacija ir RGB \u0161viesos, idealiai tinka interaktyviam vapingui.<\/li>\n<\/ul>\n<\/li>\n<\/ul>\n<\/div>\n<\/div>\n<\/div>\n<\/div>\n<h3>Apie siuntim\u0105<\/h3>\n<div class=\"flex-shrink-0 flex flex-col relative items-end\">\n<div>\n<div class=\"pt-0\">\n<div class=\"gizmo-bot-avatar flex h-8 w-8 items-center justify-center overflow-hidden rounded-full\">\n<div><\/div>\n<div class=\"relative p-1 rounded-sm flex items-center justify-center bg-token-main-surface-primary text-token-text-primary h-8 w-8\"><strong>1. Kokie siuntimo b\u016bdai naudojami?<\/strong><\/div>\n<\/div>\n<\/div>\n<\/div>\n<\/div>\n<div class=\"group\/conversation-turn relative flex w-full min-w-0 flex-col agent-turn\">\n<div class=\"flex-col gap-1 md:gap-3\">\n<div class=\"flex max-w-full flex-col flex-grow\">\n<div class=\"min-h-[20px] text-message flex w-full flex-col items-end gap-2 whitespace-normal break-words [.text-message+&amp;]:mt-5 overflow-x-auto\" dir=\"auto\" data-message-author-role=\"assistant\" data-message-id=\"22f8283b-3233-46ff-89a5-c7a41b33abda\">\n<div class=\"flex w-full flex-col gap-1 empty:hidden first:pt-[3px]\">\n<div class=\"markdown prose w-full break-words dark:prose-invert light\">\n<p>Mes bendradarbiaujame su UPS, DHL, FedEx, DPD ir kitais pirmaujan\u010diais ve\u017e\u0117jais. Mes parinksime geriausi\u0105 siuntimo b\u016bd\u0105, atsi\u017evelgdami \u012f j\u016bs\u0173 pristatymo viet\u0105, kad u\u017etikrintume, jog gaminiai jus pasieks kuo grei\u010diau.<\/p>\n<\/div>\n<p><strong>2. Per kiek laiko prek\u0117s atkeliauja?<\/strong><\/p>\n<p>\u012e Lietuv\u0105 siun\u010diami siuntiniai paprastai atvyksta per 10 darbo dien\u0173. Siuntimas \u012f Europos \u0161alis paprastai trunka apie 12\u201315 darbo dien\u0173. Mes teikiame realiuoju laiku atnaujinam\u0105 informacij\u0105 apie j\u016bs\u0173 siuntos b\u016bsen\u0105.<\/p>\n<\/div>\n<\/div>\n<\/div>\n<\/div>\n<\/div>\n<p>&nbsp;<\/p>\n<p>Kiti populiar\u016bs garintuvai, kurie jums gali patikti:<\/p>\n<p><a href=\"https:\/\/rmvapesale.com\/lt\/product\/fumot-randm-tornado-30000-puffs-30k-music-disposable-vape\/\"><strong>RandM Tornado 30000 \u012ep\u016btim\u0173\u00a0 \u00a0<span style=\"color: #ff0000\">&gt;&gt;&gt;&gt; pirmyn!<\/span><\/strong><\/a><\/p>\n<p><strong><a href=\"https:\/\/rmvapesale.com\/lt\/product\/vapme-crystal-20000-puffs-20k-double-flavor-rechargeable-vapes\/\">Vapme Crystal 20000 Puffs <span style=\"color: #ff0000\">&gt;&gt;&gt;&gt; pirmyn!<\/span><\/a>\u00a0<\/strong><\/p>\n<p><a href=\"https:\/\/rmvapesale.com\/lt\/product\/original-randm-vape-digital-puff-12000-fumot-factory-price\/\"><strong>Fumot Vape 12000 \u012ftraukim\u0173 <span style=\"color: #ff0000\">&gt;&gt;&gt;&gt; pirmyn!<\/span><\/strong><\/a><\/p>\n<p>&nbsp;<\/p>\n<p>&nbsp;<\/p>\n<p>Raskite daugiau garintuv\u0173, kurie jums gali patikti:<strong><em><a href=\"https:\/\/rmvapesale.com\/lt\/shop-2\/\">pirkti dabar &gt;&gt;&gt;<\/a><\/em><\/strong><\/p>","protected":false},"excerpt":{"rendered":"<p>Didmenin\u0117 \u012fkraunam\u0173 Vape Vapme Spacex 22000 R\u016bkali\u0173 prekyba<br \/>\nVapme 22000 R\u016bkali\u0173 Vienkartinis Vape D\u0117\u017eut\u0117 su visais skoniais<br \/>\nVapme Spacex 22000 R\u016bkali\u0173 Vienkartinis Vape su ekranu<\/p>\n<p><img loading=\"lazy\" decoding=\"async\" class=\"size-full wp-image-2375\" src=\"https:\/\/rmvapesale.com\/wp-content\/uploads\/2024\/10\/image.png\" alt=\"Geriausias Vienkartinis Vape\" width=\"229\" height=\"300\" \/><\/p>\n<h3><a href=\"https:\/\/wa.me\/8617776015835\"><span style=\"color: #ff0000\"><strong>WhatsApp: +86 17776015835<\/strong><\/span><\/a><\/h3>\n<p>&nbsp;<\/p>","protected":false},"featured_media":2541,"comment_status":"open","ping_status":"closed","template":"","meta":{"_uag_custom_page_level_css":"","_lmt_disableupdate":"no","_lmt_disable":"","site-sidebar-layout":"default","site-content-layout":"content-boxed-container","ast-site-content-layout":"normal-width-container","site-content-style":"boxed","site-sidebar-style":"unboxed","ast-global-header-display":"","ast-banner-title-visibility":"","ast-main-header-display":"","ast-hfb-above-header-display":"","ast-hfb-below-header-display":"","ast-hfb-mobile-header-display":"","site-post-title":"","ast-breadcrumbs-content":"","ast-featured-img":"","footer-sml-layout":"","theme-transparent-header-meta":"default","adv-header-id-meta":"","stick-header-meta":"","header-above-stick-meta":"","header-main-stick-meta":"","header-below-stick-meta":"","astra-migrate-meta-layouts":"set","ast-page-background-enabled":"default","ast-page-background-meta":{"desktop":{"background-color":"var(--ast-global-color-4)","background-image":"","background-repeat":"repeat","background-position":"center center","background-size":"auto","background-attachment":"scroll","background-type":"","background-media":"","overlay-type":"","overlay-color":"","overlay-opacity":"","overlay-gradient":""},"tablet":{"background-color":"","background-image":"","background-repeat":"repeat","background-position":"center center","background-size":"auto","background-attachment":"scroll","background-type":"","background-media":"","overlay-type":"","overlay-color":"","overlay-opacity":"","overlay-gradient":""},"mobile":{"background-color":"","background-image":"","background-repeat":"repeat","background-position":"center center","background-size":"auto","background-attachment":"scroll","background-type":"","background-media":"","overlay-type":"","overlay-color":"","overlay-opacity":"","overlay-gradient":""}},"ast-content-background-meta":{"desktop":{"background-color":"var(--ast-global-color-5)","background-image":"","background-repeat":"repeat","background-position":"center center","background-size":"auto","background-attachment":"scroll","background-type":"","background-media":"","overlay-type":"","overlay-color":"","overlay-opacity":"","overlay-gradient":""},"tablet":{"background-color":"var(--ast-global-color-5)","background-image":"","background-repeat":"repeat","background-position":"center center","background-size":"auto","background-attachment":"scroll","background-type":"","background-media":"","overlay-type":"","overlay-color":"","overlay-opacity":"","overlay-gradient":""},"mobile":{"background-color":"var(--ast-global-color-5)","background-image":"","background-repeat":"repeat","background-position":"center center","background-size":"auto","background-attachment":"scroll","background-type":"","background-media":"","overlay-type":"","overlay-color":"","overlay-opacity":"","overlay-gradient":""}},"_joinchat":[]},"product_brand":[],"product_cat":[15,25,123,26,28,135,27,137,136,30],"product_tag":[146,188,155,167,165,120],"class_list":{"0":"post-2547","1":"product","2":"type-product","3":"status-publish","4":"has-post-thumbnail","6":"product_cat-new-vape-this-week","7":"product_cat-germany-best-selling-vape","8":"product_cat-italy-wholesale-vape","9":"product_cat-netherlands-hot-sale-vape","10":"product_cat-poland-hot-sale-vape","11":"product_cat-spain-best-hot-sale-vape","12":"product_cat-fance-hot-sale-vape","13":"product_cat-rechargeable-vapes","14":"product_cat-smart-screen-vapes","15":"product_cat-minimum-order-quantity-50pcs","16":"product_tag-best-hot-sale-vape","17":"product_tag-buy-vapes-online","18":"product_tag-digital-display-box","19":"product_tag-disposable-vape-with-screen","20":"product_tag-rechargeable-vapes","21":"product_tag-vape-wholesale","22":"desktop-align-left","23":"tablet-align-left","24":"mobile-align-left","26":"first","27":"instock","28":"sale","29":"shipping-taxable","30":"purchasable","31":"product-type-simple"},"uagb_featured_image_src":{"full":["https:\/\/rmvapesale.com\/wp-content\/uploads\/2024\/10\/Disposable-Vape-Pen-Vapme-Spacex-22000.jpg",800,800,false],"thumbnail":["https:\/\/rmvapesale.com\/wp-content\/uploads\/2024\/10\/Disposable-Vape-Pen-Vapme-Spacex-22000-150x150.jpg",150,150,true],"medium":["https:\/\/rmvapesale.com\/wp-content\/uploads\/2024\/10\/Disposable-Vape-Pen-Vapme-Spacex-22000-300x300.jpg",300,300,true],"medium_large":["https:\/\/rmvapesale.com\/wp-content\/uploads\/2024\/10\/Disposable-Vape-Pen-Vapme-Spacex-22000-768x768.jpg",768,768,true],"large":["https:\/\/rmvapesale.com\/wp-content\/uploads\/2024\/10\/Disposable-Vape-Pen-Vapme-Spacex-22000.jpg",800,800,false],"1536x1536":["https:\/\/rmvapesale.com\/wp-content\/uploads\/2024\/10\/Disposable-Vape-Pen-Vapme-Spacex-22000.jpg",800,800,false],"2048x2048":["https:\/\/rmvapesale.com\/wp-content\/uploads\/2024\/10\/Disposable-Vape-Pen-Vapme-Spacex-22000.jpg",800,800,false],"trp-custom-language-flag":["https:\/\/rmvapesale.com\/wp-content\/uploads\/2024\/10\/Disposable-Vape-Pen-Vapme-Spacex-22000.jpg",12,12,false],"woocommerce_thumbnail":["https:\/\/rmvapesale.com\/wp-content\/uploads\/2024\/10\/Disposable-Vape-Pen-Vapme-Spacex-22000-300x300.jpg",300,300,true],"woocommerce_single":["https:\/\/rmvapesale.com\/wp-content\/uploads\/2024\/10\/Disposable-Vape-Pen-Vapme-Spacex-22000-600x600.jpg",600,600,true],"woocommerce_gallery_thumbnail":["https:\/\/rmvapesale.com\/wp-content\/uploads\/2024\/10\/Disposable-Vape-Pen-Vapme-Spacex-22000-100x100.jpg",100,100,true],"wcpr-photo-reviews":["https:\/\/rmvapesale.com\/wp-content\/uploads\/2024\/10\/Disposable-Vape-Pen-Vapme-Spacex-22000.jpg",500,500,false]},"uagb_author_info":{"display_name":"AMY","author_link":"https:\/\/rmvapesale.com\/lt\/author\/"},"uagb_comment_info":0,"uagb_excerpt":"Wholesale\u00a0Rechargeable Vapes Vapme Spacex 22000 Puff Vapme 22000 Puffs Disposable Vape Box all Flavor Vapme Spacex 22000 Puff Disposable Vape with Screen WhatsApp: +86 17776015835 &nbsp;","_links":{"self":[{"href":"https:\/\/rmvapesale.com\/lt\/wp-json\/wp\/v2\/product\/2547","targetHints":{"allow":["GET"]}}],"collection":[{"href":"https:\/\/rmvapesale.com\/lt\/wp-json\/wp\/v2\/product"}],"about":[{"href":"https:\/\/rmvapesale.com\/lt\/wp-json\/wp\/v2\/types\/product"}],"replies":[{"embeddable":true,"href":"https:\/\/rmvapesale.com\/lt\/wp-json\/wp\/v2\/comments?post=2547"}],"wp:featuredmedia":[{"embeddable":true,"href":"https:\/\/rmvapesale.com\/lt\/wp-json\/wp\/v2\/media\/2541"}],"wp:attachment":[{"href":"https:\/\/rmvapesale.com\/lt\/wp-json\/wp\/v2\/media?parent=2547"}],"wp:term":[{"taxonomy":"product_brand","embeddable":true,"href":"https:\/\/rmvapesale.com\/lt\/wp-json\/wp\/v2\/product_brand?post=2547"},{"taxonomy":"product_cat","embeddable":true,"href":"https:\/\/rmvapesale.com\/lt\/wp-json\/wp\/v2\/product_cat?post=2547"},{"taxonomy":"product_tag","embeddable":true,"href":"https:\/\/rmvapesale.com\/lt\/wp-json\/wp\/v2\/product_tag?post=2547"}],"curies":[{"name":"wp","href":"https:\/\/api.w.org\/{rel}","templated":true}]}}