{"id":2554,"date":"2024-10-25T06:27:27","date_gmt":"2024-10-25T06:27:27","guid":{"rendered":"https:\/\/rmvapesale.com\/?post_type=product&#038;p=2554"},"modified":"2024-10-25T07:32:34","modified_gmt":"2024-10-25T07:32:34","slug":"aivono-aim-lost-mary-6500-puff-disposable-vape-box-wholesale","status":"publish","type":"product","link":"https:\/\/rmvapesale.com\/lt\/product\/aivono-aim-lost-mary-6500-puff-disposable-vape-box-wholesale\/","title":{"rendered":"AIVONO AIM Lost Mary 6500 \u012ftraukim\u0173 vienkartini\u0173 garintuv\u0173 d\u0117\u017eut\u0117 didmenin\u0117 prekyba"},"content":{"rendered":"<div class=\"B2VR9 CJHX3e\">\n<div class=\"wyccme\">\n<h1 class=\"LC20lb MBeuO DKV0Md\">AIVONO AIM Lost Mary 6500 \u012ftraukim\u0173 vienkartini\u0173 garintuv\u0173 d\u0117\u017eut\u0117 didmenin\u0117 prekyba<\/h1>\n<div class=\"flex-shrink-0 flex flex-col relative items-end\">\n<div class=\"pt-0\">\n<div class=\"gizmo-bot-avatar flex h-8 w-8 items-center justify-center overflow-hidden rounded-full\">\n<div class=\"relative p-1 rounded-sm flex items-center justify-center bg-token-main-surface-primary text-token-text-primary h-8 w-8\">\n<p>AIVONO AIM Lost Mary 6500 \u012ftraukim\u0173 <strong>Vienkartini\u0173 elektronini\u0173 cigare\u010di\u0173 d\u0117\u017eut\u0117<\/strong> yra auk\u0161\u010diausios kokyb\u0117s pasirinkimas <strong>6500 \u012ftraukim\u0173 elektronini\u0173 cigare\u010di\u0173<\/strong> kategorijoje, sukurta u\u017etikrinti ilgalaik\u0119 ir aromating\u0105 patirt\u012f. Su didele 13 ml e. skys\u010dio talpa, \u0161i kompakti\u0161ka ir ne\u0161iojama <strong>d\u0117\u017eut\u0117s tipo garintuvas<\/strong> puikiai tinka garintojams, ie\u0161kantiems didelio \u012ftraukim\u0173 skai\u010diaus, ma\u017eai prie\u017ei\u016bros reikalaujan\u010dios galimyb\u0117s. Maitinamas 650 mAh \u012fkraunama baterija ir naudojant Type-C \u012fkrovimo s\u0105saj\u0105, Lost Mary 6500 u\u017etikrina nuosekl\u0173 veikim\u0105 su greitais ir lengvais \u012fkrovimais, tod\u0117l tai yra idealus pasirinkimas tiems, kurie tyrin\u0117ja <strong>\u012fkraunamos elektronin\u0117s cigaret\u0117s<\/strong>.<\/p>\n<p>U\u017etikrinantis iki 6500 \u012ftraukim\u0173, \u0161is <strong>vienkartinio garintuvo<\/strong> pasi\u017eymi pa\u017eangia MESH rit\u0117s technologija, kuri si\u016blo \u0161veln\u0173, sodr\u0173 skon\u012f su kiekvienu \u012fkv\u0117pimu. Jo reguliuojama oro srauto sistema leid\u017eia vartotojams pritaikyti savo garinimo patirt\u012f, nuo grie\u017etesni\u0173 iki laisvesni\u0173 \u012ftraukim\u0173. Galimas 10 unikali\u0173 skoni\u0173, \u0161is prietaisas patenkina \u012fvairius pageidavimus, tod\u0117l tai yra geriausias pasirinkimas <strong>Garintuv\u0173 parduotuv\u0117<\/strong> savininkams ir tiems, kurie nori <strong>pirkti garintuvus internetu<\/strong>.<\/p>\n<p>Nesvarbu, ar esate <strong>garinimo bare<\/strong> savininkas, ie\u0161kantis <strong>didmeniniams garintuvams<\/strong> savo verslui, ar asmuo, ie\u0161kantis patogios, ilgalaik\u0117s galimyb\u0117s, \u0161is <strong>AIVONO<\/strong> AIM 6500 \u012ftraukim\u0173 yra sukurtas pasitenkinimui. Su savo kokybi\u0161ka konstrukcija ir \u012f vartotoj\u0105 orientuotomis funkcijomis, jis yra pasireng\u0119s b\u016bti vienu i\u0161 <strong>geriausi\u0173 vienkartini\u0173 garintuv\u0173 2024 m.<\/strong>.<\/p>\n<\/div>\n<\/div>\n<\/div>\n<\/div>\n<\/div>\n<\/div>\n<p><strong>Susisiekite su Amy ir gaukite tinkam\u0105 atsakym\u0105 bei vape kupon\u0105!<\/strong><\/p>\n<p><img loading=\"lazy\" decoding=\"async\" class=\"size-full wp-image-1978\" src=\"https:\/\/rmvapesale.com\/wp-content\/uploads\/2024\/09\/Disposable-Vape-Wholesale.jpg\" alt=\"Vienkartinis garintuvas didmenin\u0117 prekyba\" width=\"229\" height=\"300\" \/><\/p>\n<h3><a href=\"https:\/\/wa.me\/8617776015835\" target=\"_blank\" rel=\"noopener\"><span style=\"color: #ff0000\"><strong>WhatsApp: +86 17776015835<\/strong><\/span><\/a><\/h3>\n<p>&nbsp;<\/p>\n<h2><\/h2>\n<h2><strong>AIVONO Lost Mary 6500 vienkartin\u0117 elektronin\u0117 cigaret\u0117<\/strong><strong>\u00a0<\/strong><strong>Pagrindin\u0117s savyb\u0117s<\/strong><\/h2>\n<p>&nbsp;<\/p>\n<p>Kapsul\u0117s talpa: 13 ml<br \/>\nBaterija: 650mAh<br \/>\n\u012ekv\u0117pim\u0173 skai\u010dius: 6500 \u012fkv\u0117pim\u0173<br \/>\n\u012ekraunamas: Tipo \u2013 C jungtis<br \/>\nTalpa: 13 ml<br \/>\nSkoniai: 10 skoni\u0173<\/p>\n<h2><strong>Geriausias skonis <\/strong><strong>\u012ekraunamas Vape AIVONO Lost Mary 6500 \u012fkv\u0117pim\u0173<\/strong><\/h2>\n<p>\u0160is AIVONO Lost Mary 6500 \u012fkv\u0117pim\u0173\u00a0 <strong>d\u0117\u017eut\u0117s tipo garintuvas<\/strong> \u012frenginys si\u016blo <strong>12 jaudinantys skoniai<\/strong>, nuo r\u016bg\u0161taus sprogimo <strong>M\u0117lyna Razz Lemonada<\/strong> iki gaivios v\u0117sos <strong>Arb\u016bz\u0173 ledas<\/strong> ir tropinio mi\u0161inio <strong>Mango Persikas Ananasas<\/strong>. Nesvarbu, ar m\u0117gstate sald\u017eius, vaisinius ar ledinius skonius, Vapme Spacex turi ka\u017ek\u0105 kiekvienam skoniui.<\/p>\n<p>1. Aloe \u0161altas ledas<span style=\"color: #ff0000\"><strong>&gt;&gt;&gt;&gt; Kar\u0161ta!<\/strong><\/span><br \/>\n2. Vy\u0161nios cantaloupe<br \/>\n3. Bra\u0161ki\u0173 led\u0173<br \/>\n4. Bra\u0161ki\u0173 kivi ledas<br \/>\n5. Ananaso kokoso ledas<br \/>\n6. Citrina m\u0117tos<br \/>\n7. Balta persiko greipfrut\u0173 melionas<br \/>\n8. arb\u016bzo burbuliuk\u0173 kramtomoji guma ledas<span style=\"color: #ff0000\"><strong>&gt;&gt;&gt;&gt; Geriausias!<\/strong><\/span><br \/>\n9. bra\u0161ki\u0173 ledas<span style=\"color: #ff0000\"><strong>&gt;&gt;&gt;&gt; Kar\u0161ta!<\/strong><\/span><\/p>\n<figure id=\"attachment_2549\" aria-describedby=\"caption-attachment-2549\" style=\"width: 600px\" class=\"wp-caption alignnone\"><img loading=\"lazy\" decoding=\"async\" class=\"wp-image-2549 size-full\" src=\"https:\/\/rmvapesale.com\/wp-content\/uploads\/2024\/10\/AIM-PUFFSTAR-6500-Puffs-Disposable-Vape-Flavor.jpg\" alt=\"AIM PUFFSTAR 6500 P\u016bsl\u0117s vienkartinis vape skonis\" width=\"600\" height=\"600\" srcset=\"https:\/\/rmvapesale.com\/wp-content\/uploads\/2024\/10\/AIM-PUFFSTAR-6500-Puffs-Disposable-Vape-Flavor.jpg 600w, https:\/\/rmvapesale.com\/wp-content\/uploads\/2024\/10\/AIM-PUFFSTAR-6500-Puffs-Disposable-Vape-Flavor-300x300.jpg 300w, https:\/\/rmvapesale.com\/wp-content\/uploads\/2024\/10\/AIM-PUFFSTAR-6500-Puffs-Disposable-Vape-Flavor-150x150.jpg 150w, https:\/\/rmvapesale.com\/wp-content\/uploads\/2024\/10\/AIM-PUFFSTAR-6500-Puffs-Disposable-Vape-Flavor-100x100.jpg 100w\" sizes=\"auto, (max-width: 600px) 100vw, 600px\" \/><figcaption id=\"caption-attachment-2549\" class=\"wp-caption-text\">AIM PUFFSTAR 6500 P\u016bsl\u0117s vienkartinis vape skonis<\/figcaption><\/figure>\n<p>&nbsp;<\/p>\n<h3><strong>Kod\u0117l rinktis Rmvapesale AIVONO Lost Mary 6500 vienkartin\u012f vape<\/strong><strong>?<\/strong><\/h3>\n<div class=\"flex-shrink-0 flex flex-col relative items-end\">\n<div class=\"pt-0\">\n<div class=\"gizmo-bot-avatar flex h-8 w-8 items-center justify-center overflow-hidden rounded-full\">\n<div class=\"relative p-1 rounded-sm flex items-center justify-center bg-token-main-surface-primary text-token-text-primary h-8 w-8\">\n<p>&nbsp;<\/p>\n<p>Pasirink\u0119 Rmvapesale didmeniniams vienkartini\u0173 garintuv\u0173 poreikiams, gausite naudos i\u0161:<\/p>\n<ul>\n<li><strong>Konkurencinga Kaina<\/strong>: Gaukite patrauklias didmenines kainas, kurios padidins j\u016bs\u0173 verslo mar\u017eas.<\/li>\n<li><strong>Auk\u0161ta Kokyb\u0117<\/strong>: M\u016bs\u0173 garintuvai gaminami pagal auk\u0161\u010diausius standartus ir <span style=\"color: #ff0000\"><strong>garantuotai 100% original\u016bs ir autenti\u0161ki, kitaip u\u017e padirbtas prekes bus atlyginta 10 kart\u0173!<\/strong><\/span><\/li>\n<li><strong>Puikus klient\u0173 aptarnavimas<\/strong>: M\u016bs\u0173 atsidavusi komanda visada pasiruo\u0161usi jums pad\u0117ti, kad pirkimo procesas b\u016bt\u0173 sklandus ir be r\u016bpes\u010di\u0173.<\/li>\n<li><strong>Greitas pristatymas<\/strong>: Tik\u0117kit\u0117s greito ir patikimo pristatymo, u\u017etikrinan\u010dio, kad j\u016bs\u0173 u\u017esakymai visada atvykt\u0173 laiku.<\/li>\n<\/ul>\n<\/div>\n<h3><\/h3>\n<div class=\"relative p-1 rounded-sm flex items-center justify-center bg-token-main-surface-primary text-token-text-primary h-8 w-8\">\n<h3><b>\u012ekraunamas Vape AIVONO Lost Mary 6500 P\u016bsl\u0117s DUK<\/b><\/h3>\n<ul>\n<li><strong>Kaip \u012fkrauti AIVONO 6500 \u012fkraunam\u0105 vienkartin\u012f vape<\/strong><br \/>\nAIVONO Lost Mary 6500 P\u016bsl\u0117 \u012fkraunama per Type-C \u012fkrovimo jungt\u012f. Nor\u0117dami \u012fkrauti, prijunkite Type-C kabel\u012f prie maitinimo \u0161altinio, ir 650mAh baterija greitai \u012fsikraus, leid\u017eiant ilgai m\u0117gautis vapingu.<\/li>\n<li><strong>Kiek nikotino yra AIVONO Lost Mary 6500 P\u016bsl\u0117je<\/strong><br \/>\nNikotino stiprumas AIVONO Lost Mary 6500 P\u016bsl\u0117je n\u0117ra nurodytas turinyje. Ta\u010diau tokie vienkartiniai vape da\u017enai b\u016bna su \u012fvairiais nikotino lygiais, pavyzd\u017eiui, 2% (20mg) arba 5% (50mg), kad atitikt\u0173 skirtingus poreikius. Galite pasitikrinti pas pardav\u0117j\u0105 arba pakuot\u0117je d\u0117l tikslios informacijos.<\/li>\n<li><strong>Kiek laiko tur\u0117\u010diau \u012fkrauti savo Lost Mary 6500 vienkartin\u012f Vape d\u0117\u017eut\u0119?<\/strong><br \/>\nKonkre\u010dias \u012fkrovimo trukm\u0119 lemia maitinimo \u0161altinis, ta\u010diau Type-C greito \u012fkrovimo galimyb\u0117 tur\u0117t\u0173 leisti gana greitai \u012fkrauti. Steb\u0117kite \u012frengin\u012f \u012fkrovimo metu, ir rekomenduojama naudoti \u012fkrovimo indikatorius, kad su\u017einotum\u0117te, kada jis yra pilnai \u012fkrautas.<\/li>\n<li><strong>Kur galiu \u012fsigyti AIVONO Lost Mary 6500 vienkartin\u012f Vape?<\/strong><br \/>\nAIVONO Lost Mary 6500 vienkartin\u012f Vape galima \u012fsigyti <strong>elektronini\u0173 cigare\u010di\u0173 parduotuv\u0117s<\/strong>, internetin\u0117se platformose, kur galite <strong>pirkti garintuvus internetu<\/strong>, arba i\u0161 <strong>didmenin\u0117s prekybos vape<\/strong> tiek\u0117j\u0173. Patikrinkite internetinius vape ma\u017emenininkus arba vietinius parduotuves d\u0117l prieinamumo.<\/li>\n<li><strong>Kokie yra geriausi 2024 m. vienkartiniai garintuvai?<\/strong><br \/>\nKai kurie geriausi 2024 met\u0173 vienkartiniai vape \u012frenginiai yra:<\/p>\n<ul>\n<li><strong>AIVONO Lost Mary 6500 \u012ep\u016btim\u0173<\/strong>: \u017dinomi d\u0117l didelio e-skys\u010dio talpos, \u012fkraunamos baterijos ir reguliuojamo oro srauto.<\/li>\n<li><strong>Vapme Crystal 20000 Puffs<\/strong>: Yra dvigubo skonio funkcija, skirta \u012fvairiapusi\u0161kai vaping patir\u010diai.<\/li>\n<li><strong>Fumot RandM Tornado 30000 \u012ep\u016btim\u0173<\/strong>: I\u0161siskiria savo muzikai sinchronizuotomis RGB \u0161viesomis.<\/li>\n<li><strong>Aivono Fatpro 22000 Puffs<\/strong>: Si\u016blo pritaikom\u0105 oro sraut\u0105 ir pa\u017eangi\u0105 tinklelio rit\u0117s technologij\u0105.<\/li>\n<\/ul>\n<\/li>\n<\/ul>\n<\/div>\n<\/div>\n<\/div>\n<\/div>\n<h3>Apie siuntim\u0105<\/h3>\n<div class=\"flex-shrink-0 flex flex-col relative items-end\">\n<div>\n<div class=\"pt-0\">\n<div class=\"gizmo-bot-avatar flex h-8 w-8 items-center justify-center overflow-hidden rounded-full\">\n<div><\/div>\n<div class=\"relative p-1 rounded-sm flex items-center justify-center bg-token-main-surface-primary text-token-text-primary h-8 w-8\"><strong>1. Kokie siuntimo b\u016bdai naudojami?<\/strong><\/div>\n<\/div>\n<\/div>\n<\/div>\n<\/div>\n<div class=\"group\/conversation-turn relative flex w-full min-w-0 flex-col agent-turn\">\n<div class=\"flex-col gap-1 md:gap-3\">\n<div class=\"flex max-w-full flex-col flex-grow\">\n<div class=\"min-h-[20px] text-message flex w-full flex-col items-end gap-2 whitespace-normal break-words [.text-message+&amp;]:mt-5 overflow-x-auto\" dir=\"auto\" data-message-author-role=\"assistant\" data-message-id=\"22f8283b-3233-46ff-89a5-c7a41b33abda\">\n<div class=\"flex w-full flex-col gap-1 empty:hidden first:pt-[3px]\">\n<div class=\"markdown prose w-full break-words dark:prose-invert light\">\n<p>Mes bendradarbiaujame su UPS, DHL, FedEx, DPD ir kitais pirmaujan\u010diais ve\u017e\u0117jais. Mes parinksime geriausi\u0105 siuntimo b\u016bd\u0105, atsi\u017evelgdami \u012f j\u016bs\u0173 pristatymo viet\u0105, kad u\u017etikrintume, jog gaminiai jus pasieks kuo grei\u010diau.<\/p>\n<\/div>\n<p><strong>2. Per kiek laiko prek\u0117s atkeliauja?<\/strong><\/p>\n<p>\u012e Lietuv\u0105 siun\u010diami siuntiniai paprastai atvyksta per 10 darbo dien\u0173. Siuntimas \u012f Europos \u0161alis paprastai trunka apie 12\u201315 darbo dien\u0173. Mes teikiame realiuoju laiku atnaujinam\u0105 informacij\u0105 apie j\u016bs\u0173 siuntos b\u016bsen\u0105.<\/p>\n<\/div>\n<\/div>\n<\/div>\n<\/div>\n<\/div>\n<p>&nbsp;<\/p>\n<p>Kiti populiar\u016bs garintuvai, kurie jums gali patikti:<\/p>\n<p><a href=\"https:\/\/rmvapesale.com\/lt\/product\/fumot-randm-tornado-30000-puffs-30k-music-disposable-vape\/\"><strong>RandM Tornado 30000 \u012ep\u016btim\u0173\u00a0 \u00a0<span style=\"color: #ff0000\">&gt;&gt;&gt;&gt; pirmyn!<\/span><\/strong><\/a><\/p>\n<p><strong><a href=\"https:\/\/rmvapesale.com\/lt\/product\/vapme-crystal-20000-puffs-20k-double-flavor-rechargeable-vapes\/\">Vapme Crystal 20000 Puffs <span style=\"color: #ff0000\">&gt;&gt;&gt;&gt; pirmyn!<\/span><\/a>\u00a0<\/strong><\/p>\n<p><a href=\"https:\/\/rmvapesale.com\/lt\/product\/original-randm-vape-digital-puff-12000-fumot-factory-price\/\"><strong>Fumot Vape 12000 \u012ftraukim\u0173 <span style=\"color: #ff0000\">&gt;&gt;&gt;&gt; pirmyn!<\/span><\/strong><\/a><\/p>\n<p>&nbsp;<\/p>\n<p>&nbsp;<\/p>\n<p>Raskite daugiau garintuv\u0173, kurie jums gali patikti:<strong><em><a href=\"https:\/\/rmvapesale.com\/lt\/shop-2\/\">pirkti dabar &gt;&gt;&gt;<\/a><\/em><\/strong><\/p>","protected":false},"excerpt":{"rendered":"<p>AIVONO AIM 6500 \u012ftraukim\u0173 d\u0117\u017eut\u0117s elektronini\u0173 cigare\u010di\u0173 parduotuv\u0117 internetu<br \/>\nLost Mary 6500 \u012ftraukim\u0173 \u012fkraunamas elektronini\u0173 cigare\u010di\u0173 blokelis<br \/>\nAIVONO AIM Lost Mary 6500 \u012ftraukim\u0173 vienkartini\u0173 garintuv\u0173 d\u0117\u017eut\u0117 didmenin\u0117 prekyba<\/p>\n<p><img loading=\"lazy\" decoding=\"async\" class=\"size-full wp-image-2375\" src=\"https:\/\/rmvapesale.com\/wp-content\/uploads\/2024\/10\/image.png\" alt=\"Geriausias Vienkartinis Vape\" width=\"229\" height=\"300\" \/><\/p>\n<h3><a href=\"https:\/\/wa.me\/8617776015835\"><span style=\"color: #ff0000\"><strong>WhatsApp: +86 17776015835<\/strong><\/span><\/a><\/h3>\n<p>&nbsp;<\/p>","protected":false},"featured_media":2552,"comment_status":"open","ping_status":"closed","template":"","meta":{"_uag_custom_page_level_css":"","_lmt_disableupdate":"no","_lmt_disable":"","site-sidebar-layout":"default","site-content-layout":"content-boxed-container","ast-site-content-layout":"normal-width-container","site-content-style":"boxed","site-sidebar-style":"unboxed","ast-global-header-display":"","ast-banner-title-visibility":"","ast-main-header-display":"","ast-hfb-above-header-display":"","ast-hfb-below-header-display":"","ast-hfb-mobile-header-display":"","site-post-title":"","ast-breadcrumbs-content":"","ast-featured-img":"","footer-sml-layout":"","theme-transparent-header-meta":"default","adv-header-id-meta":"","stick-header-meta":"","header-above-stick-meta":"","header-main-stick-meta":"","header-below-stick-meta":"","astra-migrate-meta-layouts":"set","ast-page-background-enabled":"default","ast-page-background-meta":{"desktop":{"background-color":"var(--ast-global-color-4)","background-image":"","background-repeat":"repeat","background-position":"center center","background-size":"auto","background-attachment":"scroll","background-type":"","background-media":"","overlay-type":"","overlay-color":"","overlay-opacity":"","overlay-gradient":""},"tablet":{"background-color":"","background-image":"","background-repeat":"repeat","background-position":"center center","background-size":"auto","background-attachment":"scroll","background-type":"","background-media":"","overlay-type":"","overlay-color":"","overlay-opacity":"","overlay-gradient":""},"mobile":{"background-color":"","background-image":"","background-repeat":"repeat","background-position":"center center","background-size":"auto","background-attachment":"scroll","background-type":"","background-media":"","overlay-type":"","overlay-color":"","overlay-opacity":"","overlay-gradient":""}},"ast-content-background-meta":{"desktop":{"background-color":"var(--ast-global-color-5)","background-image":"","background-repeat":"repeat","background-position":"center center","background-size":"auto","background-attachment":"scroll","background-type":"","background-media":"","overlay-type":"","overlay-color":"","overlay-opacity":"","overlay-gradient":""},"tablet":{"background-color":"var(--ast-global-color-5)","background-image":"","background-repeat":"repeat","background-position":"center center","background-size":"auto","background-attachment":"scroll","background-type":"","background-media":"","overlay-type":"","overlay-color":"","overlay-opacity":"","overlay-gradient":""},"mobile":{"background-color":"var(--ast-global-color-5)","background-image":"","background-repeat":"repeat","background-position":"center center","background-size":"auto","background-attachment":"scroll","background-type":"","background-media":"","overlay-type":"","overlay-color":"","overlay-opacity":"","overlay-gradient":""}},"_joinchat":[]},"product_brand":[],"product_cat":[15,25,123,26,28,135,27,137,136,30],"product_tag":[146,188,167,189,190,165,120],"class_list":{"0":"post-2554","1":"product","2":"type-product","3":"status-publish","4":"has-post-thumbnail","6":"product_cat-new-vape-this-week","7":"product_cat-germany-best-selling-vape","8":"product_cat-italy-wholesale-vape","9":"product_cat-netherlands-hot-sale-vape","10":"product_cat-poland-hot-sale-vape","11":"product_cat-spain-best-hot-sale-vape","12":"product_cat-fance-hot-sale-vape","13":"product_cat-rechargeable-vapes","14":"product_cat-smart-screen-vapes","15":"product_cat-minimum-order-quantity-50pcs","16":"product_tag-best-hot-sale-vape","17":"product_tag-buy-vapes-online","18":"product_tag-disposable-vape-with-screen","19":"product_tag-lost-mary-vape","20":"product_tag-puff-6500","21":"product_tag-rechargeable-vapes","22":"product_tag-vape-wholesale","23":"desktop-align-left","24":"tablet-align-left","25":"mobile-align-left","27":"first","28":"instock","29":"sale","30":"shipping-taxable","31":"purchasable","32":"product-type-simple"},"uagb_featured_image_src":{"full":["https:\/\/rmvapesale.com\/wp-content\/uploads\/2024\/10\/AIM-PUFFSTAR-6500.jpg",600,600,false],"thumbnail":["https:\/\/rmvapesale.com\/wp-content\/uploads\/2024\/10\/AIM-PUFFSTAR-6500-150x150.jpg",150,150,true],"medium":["https:\/\/rmvapesale.com\/wp-content\/uploads\/2024\/10\/AIM-PUFFSTAR-6500-300x300.jpg",300,300,true],"medium_large":["https:\/\/rmvapesale.com\/wp-content\/uploads\/2024\/10\/AIM-PUFFSTAR-6500.jpg",600,600,false],"large":["https:\/\/rmvapesale.com\/wp-content\/uploads\/2024\/10\/AIM-PUFFSTAR-6500.jpg",600,600,false],"1536x1536":["https:\/\/rmvapesale.com\/wp-content\/uploads\/2024\/10\/AIM-PUFFSTAR-6500.jpg",600,600,false],"2048x2048":["https:\/\/rmvapesale.com\/wp-content\/uploads\/2024\/10\/AIM-PUFFSTAR-6500.jpg",600,600,false],"trp-custom-language-flag":["https:\/\/rmvapesale.com\/wp-content\/uploads\/2024\/10\/AIM-PUFFSTAR-6500.jpg",12,12,false],"woocommerce_thumbnail":["https:\/\/rmvapesale.com\/wp-content\/uploads\/2024\/10\/AIM-PUFFSTAR-6500-300x300.jpg",300,300,true],"woocommerce_single":["https:\/\/rmvapesale.com\/wp-content\/uploads\/2024\/10\/AIM-PUFFSTAR-6500.jpg",600,600,false],"woocommerce_gallery_thumbnail":["https:\/\/rmvapesale.com\/wp-content\/uploads\/2024\/10\/AIM-PUFFSTAR-6500-100x100.jpg",100,100,true],"wcpr-photo-reviews":["https:\/\/rmvapesale.com\/wp-content\/uploads\/2024\/10\/AIM-PUFFSTAR-6500.jpg",500,500,false]},"uagb_author_info":{"display_name":"AMY","author_link":"https:\/\/rmvapesale.com\/lt\/author\/"},"uagb_comment_info":0,"uagb_excerpt":"AIVONO AIM 6500 Puff Box Vape Shop Online Lost Mary 6500 Puff Rechargable Vape Bar AIVONO Lost Mary 6500 Puff Disposable Vape Box Wholesale WhatsApp: +86 17776015835 &nbsp;","_links":{"self":[{"href":"https:\/\/rmvapesale.com\/lt\/wp-json\/wp\/v2\/product\/2554","targetHints":{"allow":["GET"]}}],"collection":[{"href":"https:\/\/rmvapesale.com\/lt\/wp-json\/wp\/v2\/product"}],"about":[{"href":"https:\/\/rmvapesale.com\/lt\/wp-json\/wp\/v2\/types\/product"}],"replies":[{"embeddable":true,"href":"https:\/\/rmvapesale.com\/lt\/wp-json\/wp\/v2\/comments?post=2554"}],"wp:featuredmedia":[{"embeddable":true,"href":"https:\/\/rmvapesale.com\/lt\/wp-json\/wp\/v2\/media\/2552"}],"wp:attachment":[{"href":"https:\/\/rmvapesale.com\/lt\/wp-json\/wp\/v2\/media?parent=2554"}],"wp:term":[{"taxonomy":"product_brand","embeddable":true,"href":"https:\/\/rmvapesale.com\/lt\/wp-json\/wp\/v2\/product_brand?post=2554"},{"taxonomy":"product_cat","embeddable":true,"href":"https:\/\/rmvapesale.com\/lt\/wp-json\/wp\/v2\/product_cat?post=2554"},{"taxonomy":"product_tag","embeddable":true,"href":"https:\/\/rmvapesale.com\/lt\/wp-json\/wp\/v2\/product_tag?post=2554"}],"curies":[{"name":"wp","href":"https:\/\/api.w.org\/{rel}","templated":true}]}}