{"id":2572,"date":"2024-10-25T08:57:44","date_gmt":"2024-10-25T08:57:44","guid":{"rendered":"https:\/\/rmvapesale.com\/?post_type=product&#038;p=2572"},"modified":"2024-10-31T02:50:17","modified_gmt":"2024-10-31T02:50:17","slug":"elfworld-mx25000-puffs-rechargeable-disposable-vape-0-2-5-nicotine","status":"publish","type":"product","link":"https:\/\/rmvapesale.com\/lt\/product\/elfworld-mx25000-puffs-rechargeable-disposable-vape-0-2-5-nicotine\/","title":{"rendered":"ELFWORLD MX25000 D\u016bmai \u012ekraunamas Vienkartinis Garintuvas 0% 2% 5% Nikotino"},"content":{"rendered":"<div class=\"B2VR9 CJHX3e\">\n<div class=\"wyccme\">\n<h1 class=\"LC20lb MBeuO DKV0Md\">ELFWORLD MX25000 D\u016bmai \u012ekraunamas Vienkartinis Garintuvas 0% 2% 5% Nikotino<\/h1>\n<div class=\"flex-shrink-0 flex flex-col relative items-end\">\n<div class=\"pt-0\">\n<div class=\"gizmo-bot-avatar flex h-8 w-8 items-center justify-center overflow-hidden rounded-full\">\n<div class=\"relative p-1 rounded-sm flex items-center justify-center bg-token-main-surface-primary text-token-text-primary h-8 w-8\">\n<p>Su <strong>ELFWORLD MX25000 \u012ep\u016btim\u0173 Vienkartinis Garo<\/strong> yra sukurtas ilgam garinimo malonumui ir pritaikomoms preferencijoms, tod\u0117l jis i\u0161siskiria garinimo pasaulyje <strong>garintuv\u0173 preki\u0173 \u017eenkl\u0173<\/strong>. Su masyviu <strong>25 000 \u012fp\u016btim\u0173 garintuvu<\/strong> talpa ir dideliu <strong>25 ml e-skys\u010dio rezervuaru<\/strong>, \u0161is prietaisas si\u016blo ilgalaik\u012f pasitenkinim\u0105 be da\u017eno papildymo. Puikiai tinka tiek atsitiktiniams, tiek patyrusiems garintojams, MX suteikia auk\u0161\u010diausios kokyb\u0117s patirt\u012f kiekviename \u012ftraukime.<\/p>\n<p>Sukurtas patogumui ir efektyvumui, the <strong>ELFWORLD MX25000<\/strong> yra maitinamas patikimu <strong>850 mAh \u012fkraunama baterija<\/strong> ir naudoja <strong>C tipo \u012fkrovimas<\/strong>, u\u017etikrinant greitus ir patogius \u012fkrovimus. Nikotino druskos variantai apima 0%, 2%, 3% ir 5%, atitinkan\u010dius plat\u0173 poreiki\u0173 spektr\u0105, \u012fskaitant <strong>geriausi\u0105 garintuv\u0105 su ma\u017eu nikotino kiekiu<\/strong> ie\u0161kotojus. The <strong>tinklin\u0117 kaitinimo spiral\u0117<\/strong> technologija u\u017etikrina optimal\u0173 skon\u012f ir gar\u0173 gamyb\u0105, o reguliuojamas oro srautas ir <strong>skaitmeninis ekranas<\/strong> suteikia didesn\u0119 j\u016bs\u0173 patirties kontrol\u0119.<\/p>\n<p>Galima \u012fsigyti su <strong>didmeniniams garintuv\u0173<\/strong>, <strong>ELFWORLD MX 25000<\/strong> yra ideali didmenin\u0117s pirk\u0117jams arba bet kam, ie\u0161kan\u010diam <strong>i\u0161man\u0173j\u012f garintuv\u0105<\/strong> su pa\u017eangiais funkcijomis. Raskite \u0161\u012f <strong>vienkartinio garintuvo<\/strong> internetu arba savo m\u0117gstamiausioje <strong>Garintuv\u0173 parduotuv\u0117<\/strong>, ir pakelkite savo vaping patirt\u012f su auk\u0161tos kokyb\u0117s na\u0161umu ir patogumu.<\/p>\n<\/div>\n<\/div>\n<\/div>\n<\/div>\n<\/div>\n<\/div>\n<p><strong>Susisiekite su Amy ir gaukite tinkam\u0105 atsakym\u0105 bei vape kupon\u0105!<\/strong><\/p>\n<p><img loading=\"lazy\" decoding=\"async\" class=\"size-full wp-image-1978\" src=\"https:\/\/rmvapesale.com\/wp-content\/uploads\/2024\/09\/Disposable-Vape-Wholesale.jpg\" alt=\"Vienkartinis garintuvas didmenin\u0117 prekyba\" width=\"229\" height=\"300\" \/><\/p>\n<h3><a href=\"https:\/\/wa.me\/8617776015835\" target=\"_blank\" rel=\"noopener\"><span style=\"color: #ff0000\"><strong>WhatsApp: +86 17776015835<\/strong><\/span><\/a><\/h3>\n<p>&nbsp;<\/p>\n<h2><\/h2>\n<h2><strong>ELFWORLD MX25000 P\u016bsl\u0117s \u012fkraunama vienkartin\u0117 vape <\/strong><strong>Pagrindin\u0117s savyb\u0117s<\/strong><\/h2>\n<p>I\u0161 anksto u\u017epildyta 28ml E-skaidri<br \/>\n\u012ekraunama 850 mAh baterija<br \/>\nP\u016bsl\u0117s skai\u010dius: apie 25000 p\u016bsl\u0117s<br \/>\nDvigubi vaping re\u017eimai: \u012fprastas re\u017eimas (12W)\/turbo re\u017eimas (25W)<br \/>\n0% 2% 5% Nikotino stiprumas<br \/>\nUSB Type-C \u012fkrovimas (ne\u012ftrauktas)<br \/>\n\u012ejungiamas \u012ftraukimu<br \/>\nMTL garinimas<\/p>\n<p>&nbsp;<\/p>\n<h2><strong>Geriausias skonis <\/strong><strong>\u012ekraunama vape ELFWORLD MX 25000 p\u016bsl\u0117s<\/strong><\/h2>\n<p>1. Bra\u0161ki\u0173 ledas <span style=\"color: #ff0000\"><strong>&gt;&gt;&gt;&gt; Kar\u0161ta!<\/strong><\/span><br \/>\n2. Arb\u016bzo ledas<br \/>\ncURL Too many subrequests.<br \/>\n4. M\u0117tos<br \/>\n5. Dviguba obuolys<br \/>\n6. Sultingas persiko ledas<br \/>\n7. Blue Razz Ice <span style=\"color: #ff0000\"><strong>&gt;&gt;&gt;&gt; Kar\u0161ta!<\/strong><\/span><br \/>\n8.Ro\u017einis limonadas <span style=\"color: #ff0000\"><strong>&gt;&gt;&gt;&gt; Geriausias!<\/strong><\/span><br \/>\n9. Mi\u0161rios uogos<br \/>\n10. M\u0117lyn\u0117s arb\u016bzas<br \/>\n11. Laimo uogos apelsinas<br \/>\n12. M\u0117lyn\u0117s B Pop<br \/>\n13. Avie\u010di\u0173 persiko laimo skonio<br \/>\n14. R\u016bg\u0161tus mang\u0173 ananas\u0173 15. Persiko m\u0117lynas led\u0173 kokteilis<\/p>\n<figure id=\"attachment_2608\" aria-describedby=\"caption-attachment-2608\" style=\"width: 600px\" class=\"wp-caption alignnone\"><img loading=\"lazy\" decoding=\"async\" class=\"wp-image-2608 size-full\" src=\"https:\/\/rmvapesale.com\/wp-content\/uploads\/2024\/10\/Rechargeable-Disposable-Vape-ELFWORLD-MX-25000-Puffs.jpg\" alt=\"\u012ekraunamas vienkartinis vape ELFWORLD MX 25000 d\u016bm\u0173\" width=\"600\" height=\"849\" srcset=\"https:\/\/rmvapesale.com\/wp-content\/uploads\/2024\/10\/Rechargeable-Disposable-Vape-ELFWORLD-MX-25000-Puffs.jpg 600w, https:\/\/rmvapesale.com\/wp-content\/uploads\/2024\/10\/Rechargeable-Disposable-Vape-ELFWORLD-MX-25000-Puffs-212x300.jpg 212w\" sizes=\"auto, (max-width: 600px) 100vw, 600px\" \/><figcaption id=\"caption-attachment-2608\" class=\"wp-caption-text\">\u012ekraunamas vienkartinis vape ELFWORLD MX 25000 d\u016bm\u0173<\/figcaption><\/figure>\n<h3><strong>Kod\u0117l rinktis Rmvapesale d\u0117l ELFWORLD MX25000 D\u016bm\u0173 Vienkartinio Vape<\/strong><strong>?<\/strong><\/h3>\n<div class=\"flex-shrink-0 flex flex-col relative items-end\">\n<div class=\"pt-0\">\n<div class=\"gizmo-bot-avatar flex h-8 w-8 items-center justify-center overflow-hidden rounded-full\">\n<div class=\"relative p-1 rounded-sm flex items-center justify-center bg-token-main-surface-primary text-token-text-primary h-8 w-8\">\n<p>Sveiki atvyk\u0119 \u012f Rmvapesale, j\u016bs\u0173 patikim\u0105 veip\u0173 parduotuv\u0119, kurioje rasite auk\u0161\u010diausios kokyb\u0117s vienkartini\u0173 veip\u0173. Tur\u0117dami daugiau nei 5 met\u0173 patirt\u012f, si\u016blome populiarius vienkartini\u0173 veip\u0173 prek\u0117s \u017eenklus, tokius kaip Al Fakher, Vapme Vape, <a href=\"https:\/\/rmvapesale.com\/lt\/product\/vapme-crystal-7000-puffs-rechargeable-disposable-vape-price\/\">Vapme<\/a>, <a href=\"https:\/\/rmvapesale.com\/lt\/product-category\/bang-vapes\/\">Bang Vape<\/a>, Waspe, <a href=\"https:\/\/rmvapesale.com\/lt\/product\/wga-crystal-pro-max-extra-15k-puffs-disposable-vape-wholesale\/\">WGA<\/a> Garai ir<a href=\"https:\/\/rmvapesale.com\/lt\/product-category\/randm-fumot-vape\/\"> RandM Vape<\/a>.<\/p>\n<p>M\u016bs\u0173 asortimente yra kar\u0161tai parduodam\u0173 veip\u0173, toki\u0173 kaip <a href=\"https:\/\/rmvapesale.com\/lt\/product\/fumot-digital-box-12000-disposable-vape-pink-lemonade-flavor\/\">RandM 12k<\/a> ir sodraus skonio pasirinkim\u0173, toki\u0173 kaip <a href=\"https:\/\/rmvapesale.com\/lt\/product\/wga-crystal-plus-20000-puff-dual-flavour-disposable-vape\/\">WGA 20K \u012fkv\u0117pimas<\/a>. Kiekvienas produktas parenkamas atsi\u017evelgiant \u012f kokyb\u0119, vert\u0119 ir \u012fvairov\u0119, u\u017etikrinant, kad rastum\u0117te tobul\u0105 atitikmen\u012f savo poreikiams. Atraskite i\u0161skirtin\u012f aptarnavim\u0105 ir plat\u0173 auk\u0161\u010diausios kokyb\u0117s produkt\u0173 asortiment\u0105 \u201eRmvapesale\u201c.<\/p>\n<\/div>\n<h3><\/h3>\n<div class=\"relative p-1 rounded-sm flex items-center justify-center bg-token-main-surface-primary text-token-text-primary h-8 w-8\">\n<h3><b>ELFWORLD MX25000 Vape DUK<\/b><\/h3>\n<ul>\n<li><strong>Kaip \u012fkrauti ELFWORLD MX 25000 D\u016bm\u0173 \u012ekraunam\u0105 Vienkartin\u012f Vape?<\/strong><br \/>\nNor\u0117dami \u012fkrauti savo <strong>ELFWORLD MX 25000<\/strong> vienkartin\u012f vape, naudokite <strong>C tipo \u012fkrovimo prievadas<\/strong> \u012frenginio pagrinde esant\u012f jungt\u012f. Prisijunkite prie suderinamos maitinimo \u0161altinio greitam ir efektyviam \u012fkrovimui, steb\u0117kite baterijos lyg\u012f per skaitmenin\u012f ekran\u0105.<\/li>\n<li><strong>Kokio stiprumo nikotino yra prieinamas ELFWORLD MX 25000 D\u016bm\u0173 Vienkartiniame Vape?<\/strong><br \/>\nSu <strong>ELFWORLD MX 25000<\/strong> si\u016blo \u012fvairius <strong>nikotino druska<\/strong> parinktys: 0%, 2%, 3% ir 5%, leid\u017eian\u010dios vartotojams pasirinkti stiprum\u0105, kuris geriausiai atitinka j\u0173 pageidavimus, \u012fskaitant parinktis tiems, kurie ie\u0161ko <strong>geriausi\u0105 garintuv\u0105 su ma\u017eu nikotino kiekiu<\/strong> sprendim\u0173.<\/li>\n<li><strong>Kiek laiko tarnauja ELFWORLD 25000 \u012ftraukim\u0173 vienkartinis elektroninis cigare\u010di\u0173 \u012frenginys?<\/strong><br \/>\nSu <strong>25 000 \u012ftraukim\u0173 talpa<\/strong> ir <strong>25 ml e-skys\u010dio rezervuaru<\/strong>, <strong>ELFWORLD 25000<\/strong> yra sukurtas ilgalaikiam naudojimui, tod\u0117l idealiai tinka ilgoms garinimo sesijoms be da\u017eno papildymo ar pakeitimo.<\/li>\n<li><strong>Kur galiu nusipirkti ELFWORLD MX25000 \u012ftraukim\u0173 vienkartin\u012f elektronin\u012f cigare\u010di\u0173 \u012frengin\u012f internetu?<\/strong><br \/>\nSu <strong>ELFWORLD MX25000<\/strong> galima \u012fsigyti per \u012fvairius <strong>vienkartines elektronines cigaretes internetu<\/strong> ma\u017emenininkus ir <strong>Garintuv\u0173 parduotuv\u0117<\/strong> prekybos vietas. Tai populiarus pasirinkimas tarp <strong>didmeniniams garintuv\u0173<\/strong> pirkini\u0173 ir didmenin\u0117s prekybos galimybi\u0173.<\/li>\n<li><strong>Kuo ELFWORLD MX 25000 \u012ftraukim\u0173 vienkartinis elektroninis cigare\u010di\u0173 \u012frenginys yra protingas pasirinkimas?<\/strong><br \/>\nSu <strong>ELFWORLD MX 25000<\/strong> i\u0161siskiria savo <strong>skaitmeninis ekranas<\/strong> baterijos ir e-skys\u010dio steb\u0117jimo <strong>reguliuojamas oro srautas<\/strong>, ir <strong>tinklin\u0117 kaitinimo spiral\u0117<\/strong> technologija. Tai <strong>i\u0161man\u0173j\u012f garintuv\u0105<\/strong> u\u017etikrina auk\u0161tos kokyb\u0117s patirt\u012f su patobulinta kontrole, tod\u0117l tai yra vienas i\u0161 <strong>geriausi\u0173 vienkartini\u0173 elektronini\u0173 cigare\u010di\u0173 \u012frengini\u0173<\/strong> rinkoje.<\/li>\n<\/ul>\n<\/div>\n<\/div>\n<\/div>\n<\/div>\n<h3>Apie siuntim\u0105<\/h3>\n<div class=\"flex-shrink-0 flex flex-col relative items-end\">\n<div>\n<div class=\"pt-0\">\n<div class=\"gizmo-bot-avatar flex h-8 w-8 items-center justify-center overflow-hidden rounded-full\">\n<div><\/div>\n<div class=\"relative p-1 rounded-sm flex items-center justify-center bg-token-main-surface-primary text-token-text-primary h-8 w-8\"><strong>1. Kokie siuntimo b\u016bdai naudojami?<\/strong><\/div>\n<\/div>\n<\/div>\n<\/div>\n<\/div>\n<div class=\"group\/conversation-turn relative flex w-full min-w-0 flex-col agent-turn\">\n<div class=\"flex-col gap-1 md:gap-3\">\n<div class=\"flex max-w-full flex-col flex-grow\">\n<div class=\"min-h-[20px] text-message flex w-full flex-col items-end gap-2 whitespace-normal break-words [.text-message+&amp;]:mt-5 overflow-x-auto\" dir=\"auto\" data-message-author-role=\"assistant\" data-message-id=\"22f8283b-3233-46ff-89a5-c7a41b33abda\">\n<div class=\"flex w-full flex-col gap-1 empty:hidden first:pt-[3px]\">\n<div class=\"markdown prose w-full break-words dark:prose-invert light\">\n<p>Mes bendradarbiaujame su UPS, DHL, FedEx, DPD ir kitais pirmaujan\u010diais ve\u017e\u0117jais. Mes parinksime geriausi\u0105 siuntimo b\u016bd\u0105, atsi\u017evelgdami \u012f j\u016bs\u0173 pristatymo viet\u0105, kad u\u017etikrintume, jog gaminiai jus pasieks kuo grei\u010diau.<\/p>\n<\/div>\n<p><strong>2. Per kiek laiko prek\u0117s atkeliauja?<\/strong><\/p>\n<p>\u012e Lietuv\u0105 siun\u010diami siuntiniai paprastai atvyksta per 10 darbo dien\u0173. Siuntimas \u012f Europos \u0161alis paprastai trunka apie 12\u201315 darbo dien\u0173. Mes teikiame realiuoju laiku atnaujinam\u0105 informacij\u0105 apie j\u016bs\u0173 siuntos b\u016bsen\u0105.<\/p>\n<\/div>\n<\/div>\n<\/div>\n<\/div>\n<\/div>\n<p>&nbsp;<\/p>\n<p>Raskite daugiau garintuv\u0173, kurie jums gali patikti:<strong><em><a href=\"https:\/\/rmvapesale.com\/lt\/shop-2\/\">pirkti dabar &gt;&gt;&gt;<\/a><\/em><\/strong><\/p>","protected":false},"excerpt":{"rendered":"<p>ELFWORLD MX 25000 \u012ep\u016btim\u0173 Kar\u0161tas Vokietijos Garo I\u0161pardavimas<br \/>\nElfworld MX25000 25K \u012ep\u016btim\u0173 Vienkartinis Garo Didmenin\u0117 Prekyba<br \/>\nDideli \u012ep\u016btimai Elfworld MX25000 Vienkartinis Garo Didmenin\u0117 Prekyba<\/p>\n<p><img loading=\"lazy\" decoding=\"async\" class=\"size-full wp-image-2375\" src=\"https:\/\/rmvapesale.com\/wp-content\/uploads\/2024\/10\/image.png\" alt=\"Geriausias Vienkartinis Vape\" width=\"229\" height=\"300\" \/><\/p>\n<h3><a href=\"https:\/\/wa.me\/8617776015835\"><span style=\"color: #ff0000\"><strong>WhatsApp: +86 17776015835<\/strong><\/span><\/a><\/h3>\n<p>&nbsp;<\/p>","protected":false},"featured_media":2604,"comment_status":"open","ping_status":"closed","template":"","meta":{"_uag_custom_page_level_css":"","_lmt_disableupdate":"no","_lmt_disable":"","site-sidebar-layout":"default","site-content-layout":"content-boxed-container","ast-site-content-layout":"normal-width-container","site-content-style":"boxed","site-sidebar-style":"unboxed","ast-global-header-display":"","ast-banner-title-visibility":"","ast-main-header-display":"","ast-hfb-above-header-display":"","ast-hfb-below-header-display":"","ast-hfb-mobile-header-display":"","site-post-title":"","ast-breadcrumbs-content":"","ast-featured-img":"","footer-sml-layout":"","ast-disable-related-posts":"","theme-transparent-header-meta":"default","adv-header-id-meta":"","stick-header-meta":"","header-above-stick-meta":"","header-main-stick-meta":"","header-below-stick-meta":"","astra-migrate-meta-layouts":"set","ast-page-background-enabled":"default","ast-page-background-meta":{"desktop":{"background-color":"var(--ast-global-color-4)","background-image":"","background-repeat":"repeat","background-position":"center center","background-size":"auto","background-attachment":"scroll","background-type":"","background-media":"","overlay-type":"","overlay-color":"","overlay-opacity":"","overlay-gradient":""},"tablet":{"background-color":"","background-image":"","background-repeat":"repeat","background-position":"center center","background-size":"auto","background-attachment":"scroll","background-type":"","background-media":"","overlay-type":"","overlay-color":"","overlay-opacity":"","overlay-gradient":""},"mobile":{"background-color":"","background-image":"","background-repeat":"repeat","background-position":"center center","background-size":"auto","background-attachment":"scroll","background-type":"","background-media":"","overlay-type":"","overlay-color":"","overlay-opacity":"","overlay-gradient":""}},"ast-content-background-meta":{"desktop":{"background-color":"var(--ast-global-color-5)","background-image":"","background-repeat":"repeat","background-position":"center center","background-size":"auto","background-attachment":"scroll","background-type":"","background-media":"","overlay-type":"","overlay-color":"","overlay-opacity":"","overlay-gradient":""},"tablet":{"background-color":"var(--ast-global-color-5)","background-image":"","background-repeat":"repeat","background-position":"center center","background-size":"auto","background-attachment":"scroll","background-type":"","background-media":"","overlay-type":"","overlay-color":"","overlay-opacity":"","overlay-gradient":""},"mobile":{"background-color":"var(--ast-global-color-5)","background-image":"","background-repeat":"repeat","background-position":"center center","background-size":"auto","background-attachment":"scroll","background-type":"","background-media":"","overlay-type":"","overlay-color":"","overlay-opacity":"","overlay-gradient":""}},"_joinchat":[]},"product_brand":[],"product_cat":[15,27,25,195,123,30,26,28,137,136,135],"product_tag":[146,188,167,165,191,120],"class_list":{"0":"post-2572","1":"product","2":"type-product","3":"status-publish","4":"has-post-thumbnail","6":"product_cat-new-vape-this-week","7":"product_cat-fance-hot-sale-vape","8":"product_cat-germany-best-selling-vape","9":"product_cat-germany-warehouse","10":"product_cat-italy-wholesale-vape","11":"product_cat-minimum-order-quantity-50pcs","12":"product_cat-netherlands-hot-sale-vape","13":"product_cat-poland-hot-sale-vape","14":"product_cat-rechargeable-vapes","15":"product_cat-smart-screen-vapes","16":"product_cat-spain-best-hot-sale-vape","17":"product_tag-best-hot-sale-vape","18":"product_tag-buy-vapes-online","19":"product_tag-disposable-vape-with-screen","20":"product_tag-rechargeable-vapes","21":"product_tag-vape-box","22":"product_tag-vape-wholesale","23":"desktop-align-left","24":"tablet-align-left","25":"mobile-align-left","27":"first","28":"instock","29":"sale","30":"shipping-taxable","31":"purchasable","32":"product-type-simple"},"uagb_featured_image_src":{"full":["https:\/\/rmvapesale.com\/wp-content\/uploads\/2024\/10\/ELFWORLD-25000-Rechargeable-Disposable-Vape.jpg",800,800,false],"thumbnail":["https:\/\/rmvapesale.com\/wp-content\/uploads\/2024\/10\/ELFWORLD-25000-Rechargeable-Disposable-Vape-150x150.jpg",150,150,true],"medium":["https:\/\/rmvapesale.com\/wp-content\/uploads\/2024\/10\/ELFWORLD-25000-Rechargeable-Disposable-Vape-300x300.jpg",300,300,true],"medium_large":["https:\/\/rmvapesale.com\/wp-content\/uploads\/2024\/10\/ELFWORLD-25000-Rechargeable-Disposable-Vape-768x768.jpg",768,768,true],"large":["https:\/\/rmvapesale.com\/wp-content\/uploads\/2024\/10\/ELFWORLD-25000-Rechargeable-Disposable-Vape.jpg",800,800,false],"1536x1536":["https:\/\/rmvapesale.com\/wp-content\/uploads\/2024\/10\/ELFWORLD-25000-Rechargeable-Disposable-Vape.jpg",800,800,false],"2048x2048":["https:\/\/rmvapesale.com\/wp-content\/uploads\/2024\/10\/ELFWORLD-25000-Rechargeable-Disposable-Vape.jpg",800,800,false],"trp-custom-language-flag":["https:\/\/rmvapesale.com\/wp-content\/uploads\/2024\/10\/ELFWORLD-25000-Rechargeable-Disposable-Vape.jpg",12,12,false],"woocommerce_thumbnail":["https:\/\/rmvapesale.com\/wp-content\/uploads\/2024\/10\/ELFWORLD-25000-Rechargeable-Disposable-Vape-300x300.jpg",300,300,true],"woocommerce_single":["https:\/\/rmvapesale.com\/wp-content\/uploads\/2024\/10\/ELFWORLD-25000-Rechargeable-Disposable-Vape-600x600.jpg",600,600,true],"woocommerce_gallery_thumbnail":["https:\/\/rmvapesale.com\/wp-content\/uploads\/2024\/10\/ELFWORLD-25000-Rechargeable-Disposable-Vape-100x100.jpg",100,100,true],"wcpr-photo-reviews":["https:\/\/rmvapesale.com\/wp-content\/uploads\/2024\/10\/ELFWORLD-25000-Rechargeable-Disposable-Vape.jpg",500,500,false]},"uagb_author_info":{"display_name":"AMY","author_link":"https:\/\/rmvapesale.com\/lt\/author\/"},"uagb_comment_info":0,"uagb_excerpt":"ELFWORLD MX 25000 Puff Germany Hot Slale Vape Elfworld MX25000 25K Puffs Disposable Vape Wholesale Big Puffs Elfworld MX25000 Disposable Vape Wholesale WhatsApp: +86 17776015835 &nbsp;","_links":{"self":[{"href":"https:\/\/rmvapesale.com\/lt\/wp-json\/wp\/v2\/product\/2572","targetHints":{"allow":["GET"]}}],"collection":[{"href":"https:\/\/rmvapesale.com\/lt\/wp-json\/wp\/v2\/product"}],"about":[{"href":"https:\/\/rmvapesale.com\/lt\/wp-json\/wp\/v2\/types\/product"}],"replies":[{"embeddable":true,"href":"https:\/\/rmvapesale.com\/lt\/wp-json\/wp\/v2\/comments?post=2572"}],"wp:featuredmedia":[{"embeddable":true,"href":"https:\/\/rmvapesale.com\/lt\/wp-json\/wp\/v2\/media\/2604"}],"wp:attachment":[{"href":"https:\/\/rmvapesale.com\/lt\/wp-json\/wp\/v2\/media?parent=2572"}],"wp:term":[{"taxonomy":"product_brand","embeddable":true,"href":"https:\/\/rmvapesale.com\/lt\/wp-json\/wp\/v2\/product_brand?post=2572"},{"taxonomy":"product_cat","embeddable":true,"href":"https:\/\/rmvapesale.com\/lt\/wp-json\/wp\/v2\/product_cat?post=2572"},{"taxonomy":"product_tag","embeddable":true,"href":"https:\/\/rmvapesale.com\/lt\/wp-json\/wp\/v2\/product_tag?post=2572"}],"curies":[{"name":"wp","href":"https:\/\/api.w.org\/{rel}","templated":true}]}}