{"id":2582,"date":"2024-10-28T06:44:31","date_gmt":"2024-10-28T06:44:31","guid":{"rendered":"https:\/\/rmvapesale.com\/?post_type=product&#038;p=2582"},"modified":"2024-10-28T07:36:05","modified_gmt":"2024-10-28T07:36:05","slug":"elfworld-plus-20000-puff-smart-disposable-vape-bulk-buy","status":"publish","type":"product","link":"https:\/\/rmvapesale.com\/lt\/product\/elfworld-plus-20000-puff-smart-disposable-vape-bulk-buy\/","title":{"rendered":"ELFWORLD Plus 20000 \u012ftraukim\u0173 i\u0161manusis vienkartinis garintuvas didmenin\u0117 prekyba"},"content":{"rendered":"<div class=\"B2VR9 CJHX3e\">\n<div class=\"wyccme\">\n<h1 class=\"LC20lb MBeuO DKV0Md\">ELFWORLD Plus 20000 \u012ftraukim\u0173 i\u0161manusis vienkartinis garintuvas didmenin\u0117 prekyba<\/h1>\n<div class=\"flex-shrink-0 flex flex-col relative items-end\">\n<div class=\"pt-0\">\n<div class=\"gizmo-bot-avatar flex h-8 w-8 items-center justify-center overflow-hidden rounded-full\">\n<div class=\"relative p-1 rounded-sm flex items-center justify-center bg-token-main-surface-primary text-token-text-primary h-8 w-8\">\n<p>Su <strong>ELFWORLD Plus 20000 \u012ftraukim\u0173 i\u0161manusis vienkartinis garintuvas<\/strong> yra auk\u0161\u010diausios klas\u0117s pasirinkimas tiems, kurie ie\u0161ko pa\u017eangi\u0173 funkcij\u0173 ir pritaikomos garinimo patirties. \u0160is didel\u0117s talpos, <strong>20000 \u012ftraukim\u0173 garintuvas<\/strong> si\u016blo neprilygstam\u0105 ilgaam\u017ei\u0161kum\u0105 ir yra sukurtas su naujov\u0117mis ir stiliumi, tod\u0117l yra vienas i\u0161 <strong>geriausi\u0173 vienkartini\u0173 garintuv\u0173 2024 m.<\/strong> skirta <strong>didmeniniams garintuvams<\/strong> ir individualiems pirkimams.<\/p>\n<p>&nbsp;<\/p>\n<p>\u0160is <strong>ELFWORLD pulso garintuvas<\/strong> si\u016blo dviej\u0173 re\u017eim\u0173 pasirinkim\u0105, leid\u017eiant\u012f garintojams pritaikyti kiekvien\u0105 seans\u0105, maksimaliai padidinant pasitenkinim\u0105 ir pagerinant kiekvien\u0105 \u012fkv\u0117pim\u0105. <strong>\u012eprastas re\u017eimas<\/strong>: Suteikia nepaprast\u0105 20 000 cikl\u0173 ilgam naudojimui. <strong>Pulso re\u017eimas<\/strong>: Suteikia 10 000 intensyvi\u0173 \u012ftraukim\u0173, puikiai tinka garintojams, kurie nori sustiprinto skonio ir gar\u0173 gamybos.<\/p>\n<p>\u0160is\u00a0<strong>vienkartinis garintuvas su ekranu<\/strong> yra su realaus laiko ekranu, rodan\u010diu <strong>baterijos procent\u0105<\/strong> ir likusi\u0105 gali\u0105, tod\u0117l j\u016bs visada kontroliuojate savo garinimo patirt\u012f. \u0160i funkcija idealiai tinka vartotojams, kurie nori tikslumo ir patikimumo kiekvienu \u012ftraukimu.<\/p>\n<p>Sukurta b\u016bti ir <strong>eleganti\u0161ka, ir funkcionali<\/strong>, ELF WORLD Plus 20K skland\u017eiai sujungia pra\u0161matni\u0105 estetik\u0105 su tvirtu veikimu. Sukurta, kad tikt\u0173 vis\u0173 lygi\u0173 garintojams, \u0161i vienkartin\u0117 elektronin\u0117 cigaret\u0117 yra prieinama <strong>didmeniniams garintuv\u0173<\/strong>, tod\u0117l puikiai tinka <strong>elektronini\u0173 cigare\u010di\u0173 parduotuv\u0117s<\/strong> ir <strong>didmeniniams garintuvams<\/strong> tiek\u0117jams.<\/p>\n<p>Tiems, kurie ie\u0161ko <strong>garintuv\u0173 preki\u0173 \u017eenkl\u0173<\/strong> arba tiesiog nori <strong>pirkti garintuvus internetu<\/strong>, ELFWORLD Plus 20K nustato nauj\u0105 vienkartinio garinimo standart\u0105 su savo stiliaus, universalumo ir pa\u017eangi\u0173 funkcij\u0173 deriniu.<\/p>\n<\/div>\n<\/div>\n<\/div>\n<\/div>\n<\/div>\n<\/div>\n<p><strong>Susisiekite su Amy ir gaukite tinkam\u0105 atsakym\u0105 bei vape kupon\u0105!<\/strong><\/p>\n<p><img loading=\"lazy\" decoding=\"async\" class=\"size-full wp-image-1978\" src=\"https:\/\/rmvapesale.com\/wp-content\/uploads\/2024\/09\/Disposable-Vape-Wholesale.jpg\" alt=\"Vienkartinis garintuvas didmenin\u0117 prekyba\" width=\"229\" height=\"300\" \/><\/p>\n<h3><a href=\"https:\/\/wa.me\/8617776015835\" target=\"_blank\" rel=\"noopener\"><span style=\"color: #ff0000\"><strong>WhatsApp: +86 17776015835<\/strong><\/span><\/a><\/h3>\n<p>&nbsp;<\/p>\n<h2><\/h2>\n<h2><strong>ELFWORLD Plus 20000 \u012ftraukim\u0173 i\u0161manusis vienkartinis garintuvas <\/strong><strong>Pagrindin\u0117s savyb\u0117s<\/strong><\/h2>\n<p>I\u0161 anksto u\u017epildyta 22 ml e. skys\u010dio<br \/>\n\u012ekraunama vidin\u0117 650 mAh baterija<br \/>\nP\u016btim\u0173 skai\u010dius: Apie 20000 p\u016btim\u0173<br \/>\nHD ekranas<br \/>\n2 garinimo re\u017eimai: Normalus \/ Boost<br \/>\nOro srauto reguliavimas<br \/>\nDvigubos tinklelio rit\u0117s<br \/>\n2% \/ 5% Nikotino stiprumas<br \/>\nC tipo \u012fkrovimas (nepridedamas)<br \/>\n\u012ejungiamas \u012ftraukimu<br \/>\nMTL garinimas<\/p>\n<figure id=\"attachment_2576\" aria-describedby=\"caption-attachment-2576\" style=\"width: 600px\" class=\"wp-caption alignnone\"><img loading=\"lazy\" decoding=\"async\" class=\"wp-image-2576 size-full\" src=\"https:\/\/rmvapesale.com\/wp-content\/uploads\/2024\/10\/ELFWORLD-ELF-WORLD-Plus-20K-20000-Puffs-Disposable.jpg\" alt=\"ELFWORLD ELF WORLD Plus+ 20K 20000 p\u016btim\u0173 vienkartinis\" width=\"600\" height=\"600\" srcset=\"https:\/\/rmvapesale.com\/wp-content\/uploads\/2024\/10\/ELFWORLD-ELF-WORLD-Plus-20K-20000-Puffs-Disposable.jpg 600w, https:\/\/rmvapesale.com\/wp-content\/uploads\/2024\/10\/ELFWORLD-ELF-WORLD-Plus-20K-20000-Puffs-Disposable-300x300.jpg 300w, https:\/\/rmvapesale.com\/wp-content\/uploads\/2024\/10\/ELFWORLD-ELF-WORLD-Plus-20K-20000-Puffs-Disposable-150x150.jpg 150w, https:\/\/rmvapesale.com\/wp-content\/uploads\/2024\/10\/ELFWORLD-ELF-WORLD-Plus-20K-20000-Puffs-Disposable-100x100.jpg 100w\" sizes=\"auto, (max-width: 600px) 100vw, 600px\" \/><figcaption id=\"caption-attachment-2576\" class=\"wp-caption-text\">ELFWORLD ELF WORLD Plus+ 20K 20000 p\u016btim\u0173 vienkartinis<\/figcaption><\/figure>\n<h2><strong>Populiariausias skonis ELFWORLD Plus 20000 p\u016btim\u0173 i\u0161maniajam vienkartiniam garintuvui<\/strong><\/h2>\n<p>1. Vynuogi\u0173 citrina<br \/>\n2. Nuostabiai puikus<br \/>\n3. Vy\u0161ni\u0173 bomba <span style=\"color: #ff0000\"><strong>&gt;&gt;&gt;&gt; Kar\u0161ta!<\/strong><\/span><br \/>\n4. Sulting\u0173 persik\u0173 ledas<br \/>\n5. Uog\u0173 palaima<br \/>\n6. M\u0117lyni\u0173 avie\u010di\u0173 ledas <span style=\"color: #ff0000\"><strong>&gt;&gt;&gt;&gt; Kar\u0161ta!<\/strong><\/span><br \/>\n7. Drakono melionas<br \/>\n8. M\u0117lyni\u0173 arb\u016bzas<span style=\"color: #ff0000\"><strong>&gt;&gt;&gt;&gt; Geriausias!<\/strong><\/span><br \/>\n9. Ro\u017einis limonadas<br \/>\n10. Meksikos mangas<br \/>\n11. Bra\u0161ki\u0173 ir banan\u0173<br \/>\n12. Arb\u016bz\u0173 ledas<br \/>\n13. Balt\u0173 guminuk\u0173 ledas<br \/>\n14. Bra\u0161ki\u0173 ir mang\u0173<br \/>\n15. Majamio m\u0117ta<\/p>\n<figure id=\"attachment_2581\" aria-describedby=\"caption-attachment-2581\" style=\"width: 1024px\" class=\"wp-caption alignnone\"><img loading=\"lazy\" decoding=\"async\" class=\"wp-image-2581 size-large\" src=\"https:\/\/rmvapesale.com\/wp-content\/uploads\/2024\/10\/ELFWORLD-Plus-20K-Disposable-Vape-Pod-Wholesale-1024x716.jpg\" alt=\"ELFWORLD Plus+ 20K vienkartinis garinimo \u012frenginys didmenin\u0117 prekyba\" width=\"1024\" height=\"716\" srcset=\"https:\/\/rmvapesale.com\/wp-content\/uploads\/2024\/10\/ELFWORLD-Plus-20K-Disposable-Vape-Pod-Wholesale-1024x716.jpg 1024w, https:\/\/rmvapesale.com\/wp-content\/uploads\/2024\/10\/ELFWORLD-Plus-20K-Disposable-Vape-Pod-Wholesale-300x210.jpg 300w, https:\/\/rmvapesale.com\/wp-content\/uploads\/2024\/10\/ELFWORLD-Plus-20K-Disposable-Vape-Pod-Wholesale-768x537.jpg 768w, https:\/\/rmvapesale.com\/wp-content\/uploads\/2024\/10\/ELFWORLD-Plus-20K-Disposable-Vape-Pod-Wholesale-1536x1074.jpg 1536w, https:\/\/rmvapesale.com\/wp-content\/uploads\/2024\/10\/ELFWORLD-Plus-20K-Disposable-Vape-Pod-Wholesale-600x419.jpg 600w, https:\/\/rmvapesale.com\/wp-content\/uploads\/2024\/10\/ELFWORLD-Plus-20K-Disposable-Vape-Pod-Wholesale.jpg 1920w\" sizes=\"auto, (max-width: 1024px) 100vw, 1024px\" \/><figcaption id=\"caption-attachment-2581\" class=\"wp-caption-text\">ELFWORLD Plus+ 20K vienkartinis garinimo \u012frenginys didmenin\u0117 prekyba<\/figcaption><\/figure>\n<h3><strong>Kod\u0117l verta rinktis Rmvapesale ELFWORLD Plus 20000 \u012fp\u016btim\u0173 \u012fkraunamam vienkartiniam garintuvui<\/strong><strong>?<\/strong><\/h3>\n<div class=\"flex-shrink-0 flex flex-col relative items-end\">\n<div class=\"pt-0\">\n<div class=\"gizmo-bot-avatar flex h-8 w-8 items-center justify-center overflow-hidden rounded-full\">\n<div class=\"relative p-1 rounded-sm flex items-center justify-center bg-token-main-surface-primary text-token-text-primary h-8 w-8\">\n<p>&nbsp;<\/p>\n<p>Pasirink\u0119 Rmvapesale didmeniniams vienkartini\u0173 garintuv\u0173 poreikiams, gausite naudos i\u0161:<\/p>\n<ul>\n<li><strong>Konkurencinga Kaina<\/strong>: Gaukite patrauklias didmenines kainas, kurios padidins j\u016bs\u0173 verslo mar\u017eas.<\/li>\n<li><strong>Auk\u0161ta Kokyb\u0117<\/strong>: M\u016bs\u0173 garintuvai gaminami pagal auk\u0161\u010diausius standartus ir <span style=\"color: #ff0000\"><strong>garantuotai 100% original\u016bs ir autenti\u0161ki, kitaip u\u017e padirbtas prekes bus atlyginta 10 kart\u0173!<\/strong><\/span><\/li>\n<li><strong>Puikus klient\u0173 aptarnavimas<\/strong>: M\u016bs\u0173 atsidavusi komanda visada pasiruo\u0161usi jums pad\u0117ti, kad pirkimo procesas b\u016bt\u0173 sklandus ir be r\u016bpes\u010di\u0173.<\/li>\n<li><strong>Greitas pristatymas<\/strong>: Tik\u0117kit\u0117s greito ir patikimo pristatymo, u\u017etikrinan\u010dio, kad j\u016bs\u0173 u\u017esakymai visada atvykt\u0173 laiku.<\/li>\n<\/ul>\n<\/div>\n<h3><\/h3>\n<div class=\"relative p-1 rounded-sm flex items-center justify-center bg-token-main-surface-primary text-token-text-primary h-8 w-8\">\n<h3><b>ELFWORLD Plus 20000 \u012fp\u016btim\u0173 DUK<\/b><\/h3>\n<ul>\n<li><strong>Kaip \u012fkrauti ELFWORLD Plus 20000 \u012fp\u016btim\u0173 \u012fkraunam\u0105 vienkartin\u012f garintuv\u0105<\/strong><br \/>\nELFWORLD Plus 20K turi \u012fkraunam\u0105 baterij\u0105, kuri\u0105 galima \u012fkrauti per tam skirt\u0105 \u012fkrovimo prievad\u0105. Tiesiog prijunkite j\u012f prie Type-C suderinamo \u012fkroviklio, kad greitai ir efektyviai \u012fkrautum\u0117te, o tai padeda u\u017etikrinti nepertraukiamas garinimo sesijas.<\/li>\n<li><strong>Kiek nikotino yra ELFWORLD Plus 20000 \u012fp\u016btim\u0173 i\u0161maniajame vienkartiniame garintuve<\/strong><br \/>\nELFWORLD Plus 20K si\u016blo ma\u017eo nikotino kiekio variant\u0105, nors konkretus nikotino stiprumas (pvz., 0%, 2% arba 5%) pateiktame turinyje n\u0117ra nurodytas. Nor\u0117dami su\u017einoti tiksl\u0173 nikotino kiek\u012f, patikrinkite produkto pakuot\u0119 arba ma\u017emenininko informacij\u0105.<\/li>\n<li><strong>Kiek laiko tur\u0117\u010diau \u012fkrauti savo ELFWORLD Plus 20000 \u012fp\u016btim\u0173 vienkartinio garintuvo d\u0117\u017eut\u0119?<\/strong><br \/>\n\u012ekrovimo laikas gali skirtis priklausomai nuo maitinimo \u0161altinio. Naudojant greito \u012fkrovimo Type-C technologij\u0105, \u012frenginys grei\u010diausiai bus paruo\u0161tas per trump\u0105 laik\u0105. Steb\u0117kite \u012fkrovimo eig\u0105 ir \u017einokite, kada jis visi\u0161kai \u012fkrautas, naudodamiesi realaus laiko ekranu \u012frenginyje, kuriame rodomas baterijos procentas.<\/li>\n<li><strong>Kur galiu nusipirkti ELFWORLD Plus 20000 \u012fp\u016btim\u0173 garintuv\u0105?<\/strong><br \/>\nELFWORLD Plus 20K i\u0161man\u0173j\u012f vienkartin\u012f garintuv\u0105 galite nusipirkti garinimo reikmen\u0173 parduotuv\u0117se, <strong>garinimo baruose<\/strong>, ir <strong>didmeniniams garintuvams<\/strong> tiek\u0117j\u0173. J\u012f taip pat galima \u012fsigyti internetu per \u012fvairias garinimo reikmen\u0173 parduotuvi\u0173 platformas, tod\u0117l j\u012f lengva <strong>pirkti garintuvus internetu<\/strong>.<\/li>\n<li><strong>Kokie yra geriausi 2024 m. vienkartiniai garintuvai?<\/strong><br \/>\nKai kurie i\u0161 geriausi\u0173 vienkartini\u0173 garintuv\u0173 2024 m. yra:<\/p>\n<ul>\n<li><strong>ELFWORLD Plus 20K<\/strong>: Su 20 000 \u012fp\u016btim\u0173, dvigubais \u012fsiurbimo re\u017eimais ir realaus laiko ekranu.<\/li>\n<li><strong>Elf World i15 Pro 12000<\/strong>: Didelis \u012fp\u016btim\u0173 skai\u010dius ir \u012fkraunamas eleganti\u0161ko dizaino.<\/li>\n<li><strong>AIVONO Lost Mary 6500 \u012ep\u016btim\u0173<\/strong>: Reguliuojamas oro srautas ir kompakti\u0161kas dizainas.<\/li>\n<li><strong>Fumot RandM Tornado 30000 \u012ep\u016btim\u0173<\/strong>: Unikalus RGB ap\u0161vietimas ir ilgalaikis veikimas.<\/li>\n<\/ul>\n<\/li>\n<\/ul>\n<p>&nbsp;<\/p>\n<\/div>\n<\/div>\n<\/div>\n<\/div>\n<h3>Apie siuntim\u0105<\/h3>\n<div class=\"flex-shrink-0 flex flex-col relative items-end\">\n<div>\n<div class=\"pt-0\">\n<div class=\"gizmo-bot-avatar flex h-8 w-8 items-center justify-center overflow-hidden rounded-full\">\n<div><\/div>\n<div class=\"relative p-1 rounded-sm flex items-center justify-center bg-token-main-surface-primary text-token-text-primary h-8 w-8\"><strong>1. Kokie siuntimo b\u016bdai naudojami?<\/strong><\/div>\n<\/div>\n<\/div>\n<\/div>\n<\/div>\n<div class=\"group\/conversation-turn relative flex w-full min-w-0 flex-col agent-turn\">\n<div class=\"flex-col gap-1 md:gap-3\">\n<div class=\"flex max-w-full flex-col flex-grow\">\n<div class=\"min-h-[20px] text-message flex w-full flex-col items-end gap-2 whitespace-normal break-words [.text-message+&amp;]:mt-5 overflow-x-auto\" dir=\"auto\" data-message-author-role=\"assistant\" data-message-id=\"22f8283b-3233-46ff-89a5-c7a41b33abda\">\n<div class=\"flex w-full flex-col gap-1 empty:hidden first:pt-[3px]\">\n<div class=\"markdown prose w-full break-words dark:prose-invert light\">\n<p>Mes bendradarbiaujame su UPS, DHL, FedEx, DPD ir kitais pirmaujan\u010diais ve\u017e\u0117jais. Mes parinksime geriausi\u0105 siuntimo b\u016bd\u0105, atsi\u017evelgdami \u012f j\u016bs\u0173 pristatymo viet\u0105, kad u\u017etikrintume, jog gaminiai jus pasieks kuo grei\u010diau.<\/p>\n<\/div>\n<p><strong>2. Per kiek laiko prek\u0117s atkeliauja?<\/strong><\/p>\n<p>\u012e Lietuv\u0105 siun\u010diami siuntiniai paprastai atvyksta per 10 darbo dien\u0173. Siuntimas \u012f Europos \u0161alis paprastai trunka apie 12\u201315 darbo dien\u0173. Mes teikiame realiuoju laiku atnaujinam\u0105 informacij\u0105 apie j\u016bs\u0173 siuntos b\u016bsen\u0105.<\/p>\n<\/div>\n<\/div>\n<\/div>\n<\/div>\n<\/div>\n<p>&nbsp;<\/p>\n<p>Kiti populiar\u016bs garintuvai, kurie jums gali patikti:<\/p>\n<p><a href=\"https:\/\/rmvapesale.com\/lt\/product\/fumot-randm-tornado-30000-puffs-30k-music-disposable-vape\/\"><strong>RandM Tornado 30000 \u012ep\u016btim\u0173\u00a0 \u00a0<span style=\"color: #ff0000\">&gt;&gt;&gt;&gt; pirmyn!<\/span><\/strong><\/a><\/p>\n<p><strong><a href=\"https:\/\/rmvapesale.com\/lt\/product\/rechargeable-vape-vapme-spacex-22000-puff-wholesale\/\">Vapme Spacex 22000 \u012ep\u016btim\u0173 <span style=\"color: #ff0000\">&gt;&gt;&gt;&gt; pirmyn!<\/span><\/a>\u00a0<\/strong><\/p>\n<p><a href=\"https:\/\/rmvapesale.com\/lt\/product\/disposable-vape-poco-bl10000-puffs-wholesale\/\"><strong>POCO BL10000 \u012ep\u016btim\u0173 Vienkartinis Garintuvas <span style=\"color: #ff0000\">&gt;&gt;&gt;&gt; pirmyn!<\/span><\/strong><\/a><\/p>\n<p>&nbsp;<\/p>\n<p>&nbsp;<\/p>\n<p>Raskite daugiau garintuv\u0173, kurie jums gali patikti:<strong><em><a href=\"https:\/\/rmvapesale.com\/lt\/shop-2\/\">pirkti dabar &gt;&gt;&gt;<\/a><\/em><\/strong><\/p>","protected":false},"excerpt":{"rendered":"<p>Elf World Plus 20000 \u012ftraukim\u0173 LED ekrano vienkartinis<br \/>\nELFWORLD Plus 20000 \u012fkraunamas \u012ftraukim\u0173 garintuvas gamyklos kaina<br \/>\nELFWORLD Plus+ 20K vienkartinis garinimo \u012frenginys didmenin\u0117 prekyba<br \/>\n<span style=\"color: #ff0000\">(Siun\u010diama i\u0161 Vokietijos sand\u0117lio ir trunka apie 3\u20135 dienas, kol pasiekia daugum\u0105 Europos \u0161ali\u0173, toki\u0173 kaip Nyderlandai, Pranc\u016bzija, Italija, Ispanija, \u0160veicarija, \u0160vedija, Lenkija ir kt.)<\/span><\/p>\n<p><img loading=\"lazy\" decoding=\"async\" class=\"size-full wp-image-2375\" src=\"https:\/\/rmvapesale.com\/wp-content\/uploads\/2024\/10\/image.png\" alt=\"Geriausias Vienkartinis Vape\" width=\"229\" height=\"300\" \/><\/p>\n<h3><a href=\"https:\/\/wa.me\/8617776015835\"><span style=\"color: #ff0000\"><strong>WhatsApp: +86 17776015835<\/strong><\/span><\/a><\/h3>\n<p>&nbsp;<\/p>","protected":false},"featured_media":2580,"comment_status":"open","ping_status":"closed","template":"","meta":{"_uag_custom_page_level_css":"","_lmt_disableupdate":"no","_lmt_disable":"","site-sidebar-layout":"default","site-content-layout":"content-boxed-container","ast-site-content-layout":"normal-width-container","site-content-style":"boxed","site-sidebar-style":"unboxed","ast-global-header-display":"","ast-banner-title-visibility":"","ast-main-header-display":"","ast-hfb-above-header-display":"","ast-hfb-below-header-display":"","ast-hfb-mobile-header-display":"","site-post-title":"","ast-breadcrumbs-content":"","ast-featured-img":"","footer-sml-layout":"","ast-disable-related-posts":"","theme-transparent-header-meta":"default","adv-header-id-meta":"","stick-header-meta":"","header-above-stick-meta":"","header-main-stick-meta":"","header-below-stick-meta":"","astra-migrate-meta-layouts":"set","ast-page-background-enabled":"default","ast-page-background-meta":{"desktop":{"background-color":"var(--ast-global-color-4)","background-image":"","background-repeat":"repeat","background-position":"center center","background-size":"auto","background-attachment":"scroll","background-type":"","background-media":"","overlay-type":"","overlay-color":"","overlay-opacity":"","overlay-gradient":""},"tablet":{"background-color":"","background-image":"","background-repeat":"repeat","background-position":"center center","background-size":"auto","background-attachment":"scroll","background-type":"","background-media":"","overlay-type":"","overlay-color":"","overlay-opacity":"","overlay-gradient":""},"mobile":{"background-color":"","background-image":"","background-repeat":"repeat","background-position":"center center","background-size":"auto","background-attachment":"scroll","background-type":"","background-media":"","overlay-type":"","overlay-color":"","overlay-opacity":"","overlay-gradient":""}},"ast-content-background-meta":{"desktop":{"background-color":"var(--ast-global-color-5)","background-image":"","background-repeat":"repeat","background-position":"center center","background-size":"auto","background-attachment":"scroll","background-type":"","background-media":"","overlay-type":"","overlay-color":"","overlay-opacity":"","overlay-gradient":""},"tablet":{"background-color":"var(--ast-global-color-5)","background-image":"","background-repeat":"repeat","background-position":"center center","background-size":"auto","background-attachment":"scroll","background-type":"","background-media":"","overlay-type":"","overlay-color":"","overlay-opacity":"","overlay-gradient":""},"mobile":{"background-color":"var(--ast-global-color-5)","background-image":"","background-repeat":"repeat","background-position":"center center","background-size":"auto","background-attachment":"scroll","background-type":"","background-media":"","overlay-type":"","overlay-color":"","overlay-opacity":"","overlay-gradient":""}},"_joinchat":[]},"product_brand":[],"product_cat":[15,27,25,195,123,30,26,28,137,136,135],"product_tag":[146,188,167,194,165,191,120],"class_list":{"0":"post-2582","1":"product","2":"type-product","3":"status-publish","4":"has-post-thumbnail","6":"product_cat-new-vape-this-week","7":"product_cat-fance-hot-sale-vape","8":"product_cat-germany-best-selling-vape","9":"product_cat-germany-warehouse","10":"product_cat-italy-wholesale-vape","11":"product_cat-minimum-order-quantity-50pcs","12":"product_cat-netherlands-hot-sale-vape","13":"product_cat-poland-hot-sale-vape","14":"product_cat-rechargeable-vapes","15":"product_cat-smart-screen-vapes","16":"product_cat-spain-best-hot-sale-vape","17":"product_tag-best-hot-sale-vape","18":"product_tag-buy-vapes-online","19":"product_tag-disposable-vape-with-screen","20":"product_tag-elfworld","21":"product_tag-rechargeable-vapes","22":"product_tag-vape-box","23":"product_tag-vape-wholesale","24":"desktop-align-left","25":"tablet-align-left","26":"mobile-align-left","28":"first","29":"instock","30":"sale","31":"shipping-taxable","32":"purchasable","33":"product-type-simple"},"uagb_featured_image_src":{"full":["https:\/\/rmvapesale.com\/wp-content\/uploads\/2024\/10\/Elfworld-Plus-20000-puffs.jpg",800,800,false],"thumbnail":["https:\/\/rmvapesale.com\/wp-content\/uploads\/2024\/10\/Elfworld-Plus-20000-puffs-150x150.jpg",150,150,true],"medium":["https:\/\/rmvapesale.com\/wp-content\/uploads\/2024\/10\/Elfworld-Plus-20000-puffs-300x300.jpg",300,300,true],"medium_large":["https:\/\/rmvapesale.com\/wp-content\/uploads\/2024\/10\/Elfworld-Plus-20000-puffs-768x768.jpg",768,768,true],"large":["https:\/\/rmvapesale.com\/wp-content\/uploads\/2024\/10\/Elfworld-Plus-20000-puffs.jpg",800,800,false],"1536x1536":["https:\/\/rmvapesale.com\/wp-content\/uploads\/2024\/10\/Elfworld-Plus-20000-puffs.jpg",800,800,false],"2048x2048":["https:\/\/rmvapesale.com\/wp-content\/uploads\/2024\/10\/Elfworld-Plus-20000-puffs.jpg",800,800,false],"trp-custom-language-flag":["https:\/\/rmvapesale.com\/wp-content\/uploads\/2024\/10\/Elfworld-Plus-20000-puffs.jpg",12,12,false],"woocommerce_thumbnail":["https:\/\/rmvapesale.com\/wp-content\/uploads\/2024\/10\/Elfworld-Plus-20000-puffs-300x300.jpg",300,300,true],"woocommerce_single":["https:\/\/rmvapesale.com\/wp-content\/uploads\/2024\/10\/Elfworld-Plus-20000-puffs-600x600.jpg",600,600,true],"woocommerce_gallery_thumbnail":["https:\/\/rmvapesale.com\/wp-content\/uploads\/2024\/10\/Elfworld-Plus-20000-puffs-100x100.jpg",100,100,true],"wcpr-photo-reviews":["https:\/\/rmvapesale.com\/wp-content\/uploads\/2024\/10\/Elfworld-Plus-20000-puffs.jpg",500,500,false]},"uagb_author_info":{"display_name":"AMY","author_link":"https:\/\/rmvapesale.com\/lt\/author\/"},"uagb_comment_info":0,"uagb_excerpt":"Elf World Plus 20000 Puffs LED Display Screen Disposable ELFWORLD Plus 20000 Rechargeable Puff Vape Factory Price ELFWORLD Plus+ 20K Disposable Vape Pod Wholesale (Ship from most Germany warehouse and takes about 3-5 days\u00a0 to get arrive to most Europe countries like Netherlands, France, Italy, Spain, Switzerland, Sweden, Poland, etc. ) WhatsApp: +86 17776015835 &nbsp;","_links":{"self":[{"href":"https:\/\/rmvapesale.com\/lt\/wp-json\/wp\/v2\/product\/2582","targetHints":{"allow":["GET"]}}],"collection":[{"href":"https:\/\/rmvapesale.com\/lt\/wp-json\/wp\/v2\/product"}],"about":[{"href":"https:\/\/rmvapesale.com\/lt\/wp-json\/wp\/v2\/types\/product"}],"replies":[{"embeddable":true,"href":"https:\/\/rmvapesale.com\/lt\/wp-json\/wp\/v2\/comments?post=2582"}],"wp:featuredmedia":[{"embeddable":true,"href":"https:\/\/rmvapesale.com\/lt\/wp-json\/wp\/v2\/media\/2580"}],"wp:attachment":[{"href":"https:\/\/rmvapesale.com\/lt\/wp-json\/wp\/v2\/media?parent=2582"}],"wp:term":[{"taxonomy":"product_brand","embeddable":true,"href":"https:\/\/rmvapesale.com\/lt\/wp-json\/wp\/v2\/product_brand?post=2582"},{"taxonomy":"product_cat","embeddable":true,"href":"https:\/\/rmvapesale.com\/lt\/wp-json\/wp\/v2\/product_cat?post=2582"},{"taxonomy":"product_tag","embeddable":true,"href":"https:\/\/rmvapesale.com\/lt\/wp-json\/wp\/v2\/product_tag?post=2582"}],"curies":[{"name":"wp","href":"https:\/\/api.w.org\/{rel}","templated":true}]}}