{"id":2589,"date":"2024-10-28T08:12:17","date_gmt":"2024-10-28T08:12:17","guid":{"rendered":"https:\/\/rmvapesale.com\/?post_type=product&#038;p=2589"},"modified":"2024-10-28T08:47:41","modified_gmt":"2024-10-28T08:47:41","slug":"poco-pt12000-puffs-disposable-vape-pod-electronic-cigarette","status":"publish","type":"product","link":"https:\/\/rmvapesale.com\/lt\/product\/poco-pt12000-puffs-disposable-vape-pod-electronic-cigarette\/","title":{"rendered":"POCO PT12000 \u012ftraukim\u0173 vienkartinis garinimo ank\u0161ties elektronin\u0117 cigaret\u0117"},"content":{"rendered":"<div class=\"B2VR9 CJHX3e\">\n<div class=\"wyccme\">\n<h1 class=\"LC20lb MBeuO DKV0Md\">POCO PT12000 \u012ftraukim\u0173 vienkartinis garinimo ank\u0161ties elektronin\u0117 cigaret\u0117<\/h1>\n<div class=\"flex-shrink-0 flex flex-col relative items-end\">\n<div class=\"pt-0\">\n<div class=\"gizmo-bot-avatar flex h-8 w-8 items-center justify-center overflow-hidden rounded-full\">\n<div class=\"relative p-1 rounded-sm flex items-center justify-center bg-token-main-surface-primary text-token-text-primary h-8 w-8\">\n<p>POCO PT12000 Puffs vienkartinis garintuvas nustato standart\u0105 kaip vienas galingiausi\u0173 \u012fkraunam\u0173 vienkartini\u0173 garintuv\u0173, suteikiantis \u012fsp\u016bdingus 12 000 \u012fkv\u0117pim\u0173 eleganti\u0161ku, \u012fkraunamu dizainu. \u0160is 12 t\u016bkst. \u012fkv\u0117pim\u0173 garintuvas atne\u0161a dr\u0105s\u0173 pos\u016bk\u012f \u012f vienkartini\u0173 garintuv\u0173 rink\u0105 su funkcijomis, skirtomis patenkinti net i\u0161rankiausius garintojus. POCO PT12000 Puffs vienkartinis garintuvas, turintis auk\u0161tos kokyb\u0117s tinklin\u0119 kaitinimo spiral\u0119, yra i\u0161 anksto u\u017epildytas auk\u0161\u010diausios kokyb\u0117s nikotino druskos e-skys\u010diu, u\u017etikrinan\u010diu sodr\u0173 skon\u012f ir skland\u017eius garus kiekvien\u0105 kart\u0105.<\/p>\n<p>Maitinamas tvirta 650 mAh \u012fkraunama baterija ir patogiu C tipo \u012fkrovimo prievadu, \u0161is garintuvas greitai \u012fkraunamas, tod\u0117l jums niekada nereik\u0117s laukti. Reguliuojamo oro srauto funkcija leid\u017eia vartotojams pritaikyti kiekvien\u0105 \u012fkv\u0117pim\u0105, nesvarbu, ar jie nori grie\u017etesnio, ar atviresnio \u012fkv\u0117pimo. Su stipria 5% nikotino druskos koncentracija, \u0161is garintuvas idealiai tinka patyrusiems garintojams, ie\u0161kantiems patenkinamo gerkl\u0117s sm\u016bgio.<\/p>\n<p>Puikiai tinka didmenin\u0117s prekybos garintuv\u0173 parduotuv\u0117ms ir dideliems pirk\u0117jams, norintiems pirkti garintuvus internetu, POCO PT 12 t\u016bkst. \u012fkv\u0117pim\u0173 sujungia auk\u0161\u010diausi\u0105 kokyb\u0119 ir patogias funkcijas, sukuriant neprilygstam\u0105 garinimo patirt\u012f, kuri i\u0161siskiria i\u0161 konkurent\u0173.<\/p>\n<p>&nbsp;<\/p>\n<\/div>\n<\/div>\n<\/div>\n<\/div>\n<\/div>\n<\/div>\n<p><strong>Susisiekite su Amy ir gaukite tinkam\u0105 atsakym\u0105 bei vape kupon\u0105!<\/strong><\/p>\n<p><img loading=\"lazy\" decoding=\"async\" class=\"size-full wp-image-1978\" src=\"https:\/\/rmvapesale.com\/wp-content\/uploads\/2024\/09\/Disposable-Vape-Wholesale.jpg\" alt=\"Vienkartinis garintuvas didmenin\u0117 prekyba\" width=\"229\" height=\"300\" \/><\/p>\n<h3><a href=\"https:\/\/wa.me\/8617776015835\" target=\"_blank\" rel=\"noopener\"><span style=\"color: #ff0000\"><strong>WhatsApp: +86 17776015835<\/strong><\/span><\/a><\/h3>\n<p>&nbsp;<\/p>\n<h2><\/h2>\n<h2><strong>Vienkartinis garintuvas POCO PT12000 <\/strong><strong>Pagrindin\u0117s savyb\u0117s<\/strong><\/h2>\n<p>Nikotinas: 5%<br \/>\n\u012ekv\u0117pimai: 12000<br \/>\nTalpa: 22 ml<br \/>\nGalimi 10 skoni\u0173<br \/>\n650mah \u012fkraunama<br \/>\ntinklin\u0117 kaitinimo spiral\u0117<br \/>\nC tipo, \u012fkraunamas<\/p>\n<figure id=\"attachment_2588\" aria-describedby=\"caption-attachment-2588\" style=\"width: 800px\" class=\"wp-caption alignnone\"><img loading=\"lazy\" decoding=\"async\" class=\"wp-image-2588 size-full\" src=\"https:\/\/rmvapesale.com\/wp-content\/uploads\/2024\/10\/Poco-pt12000-For-Sale.jpg\" alt=\"Poco Pt12000 pardavimui\" width=\"800\" height=\"800\" srcset=\"https:\/\/rmvapesale.com\/wp-content\/uploads\/2024\/10\/Poco-pt12000-For-Sale.jpg 800w, https:\/\/rmvapesale.com\/wp-content\/uploads\/2024\/10\/Poco-pt12000-For-Sale-300x300.jpg 300w, https:\/\/rmvapesale.com\/wp-content\/uploads\/2024\/10\/Poco-pt12000-For-Sale-150x150.jpg 150w, https:\/\/rmvapesale.com\/wp-content\/uploads\/2024\/10\/Poco-pt12000-For-Sale-768x768.jpg 768w, https:\/\/rmvapesale.com\/wp-content\/uploads\/2024\/10\/Poco-pt12000-For-Sale-600x600.jpg 600w, https:\/\/rmvapesale.com\/wp-content\/uploads\/2024\/10\/Poco-pt12000-For-Sale-100x100.jpg 100w\" sizes=\"auto, (max-width: 800px) 100vw, 800px\" \/><figcaption id=\"caption-attachment-2588\" class=\"wp-caption-text\">Poco Pt12000 pardavimui<\/figcaption><\/figure>\n<h2><strong>Geriausi skoniai POCO PT12000 Puffs vienkartiniam garintuvui<\/strong><strong>\u00a0<\/strong><\/h2>\n<p>&nbsp;<\/p>\n<p>1. M\u0117lyni\u0173 ledas<span style=\"color: #ff0000\"><strong>&gt;&gt;&gt;&gt; Kar\u0161ta!<\/strong><\/span><br \/>\n2. Bra\u0161ki\u0173 arb\u016bzas<br \/>\n3. Juod\u0173j\u0173 led\u0173 drakono vaisi\u0173 bra\u0161k\u0117<br \/>\n4. Energinis g\u0117rimas<br \/>\n5. Persik\u0173 ledas<br \/>\n6. Vy\u0161ni\u0173 persik\u0173 limonadas<br \/>\n7. M\u0117lyni\u0173 avie\u010di\u0173 <span style=\"color: #ff0000\"><strong>&gt;&gt;&gt;&gt; Geriausias!<\/strong><\/span><br \/>\n8. Bra\u0161ki\u0173 kivi\u0173<br \/>\n9. Alavij\u0173 vynuogi\u0173<br \/>\n10. Bra\u0161ki\u0173 ledas <span style=\"color: #ff0000\"><strong>&gt;&gt;&gt;&gt; Kar\u0161ta!<\/strong><\/span><\/p>\n<p>&nbsp;<\/p>\n<h3><strong>Kod\u0117l verta rinktis Rmvapesale <\/strong><strong>POCO PT12000 <\/strong><strong>\u012ekraunamas vienkartinis garintuvas<\/strong><strong>?<\/strong><\/h3>\n<div class=\"flex-shrink-0 flex flex-col relative items-end\">\n<div class=\"pt-0\">\n<div class=\"gizmo-bot-avatar flex h-8 w-8 items-center justify-center overflow-hidden rounded-full\">\n<div class=\"relative p-1 rounded-sm flex items-center justify-center bg-token-main-surface-primary text-token-text-primary h-8 w-8\">\n<p>&nbsp;<\/p>\n<p>Pasirink\u0119 Rmvapesale didmeniniams vienkartini\u0173 garintuv\u0173 poreikiams, gausite naudos i\u0161:<\/p>\n<ul>\n<li><strong>Konkurencinga Kaina<\/strong>: Gaukite patrauklias didmenines kainas, kurios padidins j\u016bs\u0173 verslo mar\u017eas.<\/li>\n<li><strong>Auk\u0161ta Kokyb\u0117<\/strong>: M\u016bs\u0173 garintuvai gaminami pagal auk\u0161\u010diausius standartus ir <span style=\"color: #ff0000\"><strong>garantuotai 100% original\u016bs ir autenti\u0161ki, kitaip u\u017e padirbtas prekes bus atlyginta 10 kart\u0173!<\/strong><\/span><\/li>\n<li><strong>Puikus klient\u0173 aptarnavimas<\/strong>: M\u016bs\u0173 atsidavusi komanda visada pasiruo\u0161usi jums pad\u0117ti, kad pirkimo procesas b\u016bt\u0173 sklandus ir be r\u016bpes\u010di\u0173.<\/li>\n<li><strong>Greitas pristatymas<\/strong>: Tik\u0117kit\u0117s greito ir patikimo pristatymo, u\u017etikrinan\u010dio, kad j\u016bs\u0173 u\u017esakymai visada atvykt\u0173 laiku.<\/li>\n<\/ul>\n<\/div>\n<h3><\/h3>\n<div class=\"relative p-1 rounded-sm flex items-center justify-center bg-token-main-surface-primary text-token-text-primary h-8 w-8\">\n<h3><b>Garintuvas POCO <\/b><strong>PT12000 <\/strong><b>DUK apie \u012fkv\u0117pimus<\/b><\/h3>\n<p><strong>1. Kaip \u012fkrauti \u012fkraunam\u0105j\u012f vienkartin\u012f garintuv\u0105 POCO PT 12K?<\/strong><br \/>\nNor\u0117dami \u012fkrauti savo POCO PT 12000, naudokite C tipo \u012fkrovimo laid\u0105. Tiesiog \u012fki\u0161kite j\u012f \u012f \u012frenginio pagrinde esant\u012f prievad\u0105. \u012esitikinkite, kad jis prijungtas prie suderinamo maitinimo \u0161altinio, kad \u012fkrovimas b\u016bt\u0173 stabilus. POCO PT 12000 sukurtas greitam \u012fkrovimui, tod\u0117l b\u016bsite pasiruo\u0161\u0119 garinti akimirksniu!<\/p>\n<p><strong>2. Kiek nikotino yra vienkartin\u0117je garintuvo ank\u0161tyje POCO PT12000 Puffs?<\/strong><br \/>\nPOCO PT 12000 si\u016blo 5% druskos nikotino koncentracijos lyg\u012f, suteikiant\u012f stipri\u0105 ir maloni\u0105 garinimo patirt\u012f tiems, kurie ie\u0161ko stipresnio poj\u016b\u010dio.<\/p>\n<p><strong>3. Kiek laiko tur\u0117\u010diau \u012fkrauti savo vienkartin\u0119 garintuvo d\u0117\u017eut\u0119 POCO 12000 Puffs?<\/strong><br \/>\nKad pasiektum\u0117te optimal\u0173 veikim\u0105, \u012fkraukite POCO 12000 apie 1\u20132 valandas arba kol visi\u0161kai \u012fkrausite. Geriausia nevir\u0161yti \u0161io laiko, kad i\u0161laikytum\u0117te baterijos b\u016bkl\u0119.<\/p>\n<p><strong>4. Kur galiu nusipirkti vienkartinio garintuvo baro POCO PT12000 Puffs?<\/strong><br \/>\nVienkartin\u012f garintuvo bar\u0105 POCO PT12000 Puffs galima \u012fsigyti daugelyje internetini\u0173 garintuv\u0173 ma\u017emeninink\u0173, garintuv\u0173 parduotuvi\u0173 ir pasirinkt\u0173 didmenini\u0173 garintuv\u0173 platintoj\u0173. Nor\u0117dami rasti patogi\u0173 parink\u010di\u0173, apsvarstykite galimyb\u0119 nar\u0161yti populiariose internetin\u0117se garintuv\u0173 parduotuv\u0117se, pvz., rmvapesale, kad rastum\u0117te geriausius pasi\u016blymus.<\/p>\n<p><strong>5. Kokie yra geriausi vienkartiniai garintuvai 2024 m.?<\/strong><br \/>\nPOCO PT12000 yra vienas geriausi\u0173 vienkartini\u0173 garintuv\u0173 2024 m. d\u0117l didelio i\u0161p\u016btim\u0173 skai\u010diaus, reguliuojamo oro srauto, auk\u0161\u010diausios kokyb\u0117s tinklelio rit\u0117s ir \u012fkraunamos baterijos. Kokybi\u0161kas veikimas ir novatori\u0161kas dizainas i\u0161skiria j\u012f kaip geriausi\u0105 pasirinkim\u0105 ilgalaikei, skoningai garinimo patir\u010diai.<\/p>\n<\/div>\n<\/div>\n<\/div>\n<\/div>\n<h3>Apie siuntim\u0105<\/h3>\n<div class=\"flex-shrink-0 flex flex-col relative items-end\">\n<div>\n<div class=\"pt-0\">\n<div class=\"gizmo-bot-avatar flex h-8 w-8 items-center justify-center overflow-hidden rounded-full\">\n<div><\/div>\n<div class=\"relative p-1 rounded-sm flex items-center justify-center bg-token-main-surface-primary text-token-text-primary h-8 w-8\"><strong>1. Kokie siuntimo b\u016bdai naudojami?<\/strong><\/div>\n<\/div>\n<\/div>\n<\/div>\n<\/div>\n<div class=\"group\/conversation-turn relative flex w-full min-w-0 flex-col agent-turn\">\n<div class=\"flex-col gap-1 md:gap-3\">\n<div class=\"flex max-w-full flex-col flex-grow\">\n<div class=\"min-h-[20px] text-message flex w-full flex-col items-end gap-2 whitespace-normal break-words [.text-message+&amp;]:mt-5 overflow-x-auto\" dir=\"auto\" data-message-author-role=\"assistant\" data-message-id=\"22f8283b-3233-46ff-89a5-c7a41b33abda\">\n<div class=\"flex w-full flex-col gap-1 empty:hidden first:pt-[3px]\">\n<div class=\"markdown prose w-full break-words dark:prose-invert light\">\n<p>Mes bendradarbiaujame su UPS, DHL, FedEx, DPD ir kitais pirmaujan\u010diais ve\u017e\u0117jais. Mes parinksime geriausi\u0105 siuntimo b\u016bd\u0105, atsi\u017evelgdami \u012f j\u016bs\u0173 pristatymo viet\u0105, kad u\u017etikrintume, jog gaminiai jus pasieks kuo grei\u010diau.<\/p>\n<\/div>\n<p><strong>2. Per kiek laiko prek\u0117s atkeliauja?<\/strong><\/p>\n<p>\u012e Lietuv\u0105 siun\u010diami siuntiniai paprastai atvyksta per 10 darbo dien\u0173. Siuntimas \u012f Europos \u0161alis paprastai trunka apie 12\u201315 darbo dien\u0173. Mes teikiame realiuoju laiku atnaujinam\u0105 informacij\u0105 apie j\u016bs\u0173 siuntos b\u016bsen\u0105.<\/p>\n<\/div>\n<\/div>\n<\/div>\n<\/div>\n<\/div>\n<p>&nbsp;<\/p>\n<p>Kiti populiar\u016bs garintuvai, kurie jums gali patikti:<\/p>\n<p><a href=\"https:\/\/rmvapesale.com\/lt\/product\/fumot-randm-tornado-30000-puffs-30k-music-disposable-vape\/\"><strong>RandM Tornado 30000 \u012ep\u016btim\u0173\u00a0 \u00a0<span style=\"color: #ff0000\">&gt;&gt;&gt;&gt; pirmyn!<\/span><\/strong><\/a><\/p>\n<p><strong><a href=\"https:\/\/rmvapesale.com\/lt\/product\/disposable-vape-poco-bl10000-puffs-wholesale\/\">POCO BL10000 \u012ftraukim\u0173 <span style=\"color: #ff0000\">&gt;&gt;&gt;&gt; pirmyn!<\/span><\/a>\u00a0<\/strong><\/p>\n<p><a href=\"https:\/\/rmvapesale.com\/lt\/product\/original-randm-vape-digital-puff-12000-fumot-factory-price\/\"><strong>Fumot Vape 12000 \u012ftraukim\u0173 <span style=\"color: #ff0000\">&gt;&gt;&gt;&gt; pirmyn!<\/span><\/strong><\/a><\/p>\n<p>&nbsp;<\/p>\n<p>&nbsp;<\/p>\n<p>Raskite daugiau garintuv\u0173, kurie jums gali patikti:<strong><em><a href=\"https:\/\/rmvapesale.com\/lt\/shop-2\/\">pirkti dabar &gt;&gt;&gt;<\/a><\/em><\/strong><\/p>","protected":false},"excerpt":{"rendered":"<p>POCO PT 12000 Puffs vienkartinis garintuvas, gamyklin\u0117 kaina<br \/>\nES sand\u0117lyje POCO PT12000 Puffs vienkartinis garintuvas<br \/>\nPOCO PT 12000 Puffs vienkartinis garintuvas didmena<br \/>\n<span style=\"color: #ff0000\">(Siun\u010diama i\u0161 Vokietijos sand\u0117lio ir trunka apie 3\u20135 dienas, kol pasiekia daugum\u0105 Europos \u0161ali\u0173, toki\u0173 kaip Nyderlandai, Pranc\u016bzija, Italija, Ispanija, \u0160veicarija, \u0160vedija, Lenkija ir kt.)<\/span><\/p>\n<p><img loading=\"lazy\" decoding=\"async\" class=\"size-full wp-image-2375\" src=\"https:\/\/rmvapesale.com\/wp-content\/uploads\/2024\/10\/image.png\" alt=\"Geriausias Vienkartinis Vape\" width=\"229\" height=\"300\" \/><\/p>\n<h3><a href=\"https:\/\/wa.me\/8617776015835\"><span style=\"color: #ff0000\"><strong>WhatsApp: +86 17776015835<\/strong><\/span><\/a><\/h3>\n<p>&nbsp;<\/p>","protected":false},"featured_media":2586,"comment_status":"open","ping_status":"closed","template":"","meta":{"_uag_custom_page_level_css":"","_lmt_disableupdate":"no","_lmt_disable":"","site-sidebar-layout":"default","site-content-layout":"content-boxed-container","ast-site-content-layout":"normal-width-container","site-content-style":"boxed","site-sidebar-style":"unboxed","ast-global-header-display":"","ast-banner-title-visibility":"","ast-main-header-display":"","ast-hfb-above-header-display":"","ast-hfb-below-header-display":"","ast-hfb-mobile-header-display":"","site-post-title":"","ast-breadcrumbs-content":"","ast-featured-img":"","footer-sml-layout":"","theme-transparent-header-meta":"default","adv-header-id-meta":"","stick-header-meta":"","header-above-stick-meta":"","header-main-stick-meta":"","header-below-stick-meta":"","astra-migrate-meta-layouts":"set","ast-page-background-enabled":"default","ast-page-background-meta":{"desktop":{"background-color":"var(--ast-global-color-4)","background-image":"","background-repeat":"repeat","background-position":"center center","background-size":"auto","background-attachment":"scroll","background-type":"","background-media":"","overlay-type":"","overlay-color":"","overlay-opacity":"","overlay-gradient":""},"tablet":{"background-color":"","background-image":"","background-repeat":"repeat","background-position":"center center","background-size":"auto","background-attachment":"scroll","background-type":"","background-media":"","overlay-type":"","overlay-color":"","overlay-opacity":"","overlay-gradient":""},"mobile":{"background-color":"","background-image":"","background-repeat":"repeat","background-position":"center center","background-size":"auto","background-attachment":"scroll","background-type":"","background-media":"","overlay-type":"","overlay-color":"","overlay-opacity":"","overlay-gradient":""}},"ast-content-background-meta":{"desktop":{"background-color":"var(--ast-global-color-5)","background-image":"","background-repeat":"repeat","background-position":"center center","background-size":"auto","background-attachment":"scroll","background-type":"","background-media":"","overlay-type":"","overlay-color":"","overlay-opacity":"","overlay-gradient":""},"tablet":{"background-color":"var(--ast-global-color-5)","background-image":"","background-repeat":"repeat","background-position":"center center","background-size":"auto","background-attachment":"scroll","background-type":"","background-media":"","overlay-type":"","overlay-color":"","overlay-opacity":"","overlay-gradient":""},"mobile":{"background-color":"var(--ast-global-color-5)","background-image":"","background-repeat":"repeat","background-position":"center center","background-size":"auto","background-attachment":"scroll","background-type":"","background-media":"","overlay-type":"","overlay-color":"","overlay-opacity":"","overlay-gradient":""}},"_joinchat":[]},"product_brand":[],"product_cat":[15,195,25,123,26,28,135,27,137,30],"product_tag":[146,188,167,165,191,196,120],"class_list":{"0":"post-2589","1":"product","2":"type-product","3":"status-publish","4":"has-post-thumbnail","6":"product_cat-new-vape-this-week","7":"product_cat-germany-warehouse","8":"product_cat-germany-best-selling-vape","9":"product_cat-italy-wholesale-vape","10":"product_cat-netherlands-hot-sale-vape","11":"product_cat-poland-hot-sale-vape","12":"product_cat-spain-best-hot-sale-vape","13":"product_cat-fance-hot-sale-vape","14":"product_cat-rechargeable-vapes","15":"product_cat-minimum-order-quantity-50pcs","16":"product_tag-best-hot-sale-vape","17":"product_tag-buy-vapes-online","18":"product_tag-disposable-vape-with-screen","19":"product_tag-rechargeable-vapes","20":"product_tag-vape-box","21":"product_tag-vape-shop","22":"product_tag-vape-wholesale","23":"desktop-align-left","24":"tablet-align-left","25":"mobile-align-left","27":"first","28":"instock","29":"sale","30":"shipping-taxable","31":"purchasable","32":"product-type-simple"},"uagb_featured_image_src":{"full":["https:\/\/rmvapesale.com\/wp-content\/uploads\/2024\/10\/POCO-PT-12000-Puffs-Disposable-Vape.jpg",800,800,false],"thumbnail":["https:\/\/rmvapesale.com\/wp-content\/uploads\/2024\/10\/POCO-PT-12000-Puffs-Disposable-Vape-150x150.jpg",150,150,true],"medium":["https:\/\/rmvapesale.com\/wp-content\/uploads\/2024\/10\/POCO-PT-12000-Puffs-Disposable-Vape-300x300.jpg",300,300,true],"medium_large":["https:\/\/rmvapesale.com\/wp-content\/uploads\/2024\/10\/POCO-PT-12000-Puffs-Disposable-Vape-768x768.jpg",768,768,true],"large":["https:\/\/rmvapesale.com\/wp-content\/uploads\/2024\/10\/POCO-PT-12000-Puffs-Disposable-Vape.jpg",800,800,false],"1536x1536":["https:\/\/rmvapesale.com\/wp-content\/uploads\/2024\/10\/POCO-PT-12000-Puffs-Disposable-Vape.jpg",800,800,false],"2048x2048":["https:\/\/rmvapesale.com\/wp-content\/uploads\/2024\/10\/POCO-PT-12000-Puffs-Disposable-Vape.jpg",800,800,false],"trp-custom-language-flag":["https:\/\/rmvapesale.com\/wp-content\/uploads\/2024\/10\/POCO-PT-12000-Puffs-Disposable-Vape.jpg",12,12,false],"woocommerce_thumbnail":["https:\/\/rmvapesale.com\/wp-content\/uploads\/2024\/10\/POCO-PT-12000-Puffs-Disposable-Vape-300x300.jpg",300,300,true],"woocommerce_single":["https:\/\/rmvapesale.com\/wp-content\/uploads\/2024\/10\/POCO-PT-12000-Puffs-Disposable-Vape-600x600.jpg",600,600,true],"woocommerce_gallery_thumbnail":["https:\/\/rmvapesale.com\/wp-content\/uploads\/2024\/10\/POCO-PT-12000-Puffs-Disposable-Vape-100x100.jpg",100,100,true],"wcpr-photo-reviews":["https:\/\/rmvapesale.com\/wp-content\/uploads\/2024\/10\/POCO-PT-12000-Puffs-Disposable-Vape.jpg",500,500,false]},"uagb_author_info":{"display_name":"AMY","author_link":"https:\/\/rmvapesale.com\/lt\/author\/"},"uagb_comment_info":0,"uagb_excerpt":"POCO PT 12000 Puffs Disposable Vape Factory Price EU Warehouse Poco PT12000 Puffs Disposable Vape in Stock POCO PT 12000 Puffs Disposable Vape Wholesale (Ship from Germany warehouse and takes about 3-5 days\u00a0 to get arrive to most Europe countries like Netherlands, France, Italy, Spain, Switzerland, Sweden, Poland, etc. ) WhatsApp: +86 17776015835 &nbsp;","_links":{"self":[{"href":"https:\/\/rmvapesale.com\/lt\/wp-json\/wp\/v2\/product\/2589","targetHints":{"allow":["GET"]}}],"collection":[{"href":"https:\/\/rmvapesale.com\/lt\/wp-json\/wp\/v2\/product"}],"about":[{"href":"https:\/\/rmvapesale.com\/lt\/wp-json\/wp\/v2\/types\/product"}],"replies":[{"embeddable":true,"href":"https:\/\/rmvapesale.com\/lt\/wp-json\/wp\/v2\/comments?post=2589"}],"wp:featuredmedia":[{"embeddable":true,"href":"https:\/\/rmvapesale.com\/lt\/wp-json\/wp\/v2\/media\/2586"}],"wp:attachment":[{"href":"https:\/\/rmvapesale.com\/lt\/wp-json\/wp\/v2\/media?parent=2589"}],"wp:term":[{"taxonomy":"product_brand","embeddable":true,"href":"https:\/\/rmvapesale.com\/lt\/wp-json\/wp\/v2\/product_brand?post=2589"},{"taxonomy":"product_cat","embeddable":true,"href":"https:\/\/rmvapesale.com\/lt\/wp-json\/wp\/v2\/product_cat?post=2589"},{"taxonomy":"product_tag","embeddable":true,"href":"https:\/\/rmvapesale.com\/lt\/wp-json\/wp\/v2\/product_tag?post=2589"}],"curies":[{"name":"wp","href":"https:\/\/api.w.org\/{rel}","templated":true}]}}