{"id":2596,"date":"2024-10-28T09:08:31","date_gmt":"2024-10-28T09:08:31","guid":{"rendered":"https:\/\/rmvapesale.com\/?post_type=product&#038;p=2596"},"modified":"2024-10-28T09:48:39","modified_gmt":"2024-10-28T09:48:39","slug":"poco-sl15000-disposable-vape-5-nicotine-smart-vape","status":"publish","type":"product","link":"https:\/\/rmvapesale.com\/lt\/product\/poco-sl15000-disposable-vape-5-nicotine-smart-vape\/","title":{"rendered":"POCO SL15000 vienkartinis garintuvas 5% nikotino i\u0161manusis garintuvas"},"content":{"rendered":"<div class=\"B2VR9 CJHX3e\">\n<div class=\"wyccme\">\n<h1 class=\"LC20lb MBeuO DKV0Md\">POCO SL15000 vienkartinis garintuvas 5% nikotino i\u0161manusis garintuvas didmenin\u0117 prekyba<\/h1>\n<div class=\"flex-shrink-0 flex flex-col relative items-end\">\n<div class=\"pt-0\">\n<div class=\"gizmo-bot-avatar flex h-8 w-8 items-center justify-center overflow-hidden rounded-full\">\n<div class=\"relative p-1 rounded-sm flex items-center justify-center bg-token-main-surface-primary text-token-text-primary h-8 w-8\">\n<p>POCO SL15000 vienkartinis garintuvas yra modernus garinimo \u012frenginys, sukurtas patogumui ir i\u0161skirtiniam skoniui. Tur\u0117damas \u012fsp\u016bding\u0105 24 ml talp\u0105, \u0161is \u012frenginys suteikia iki 15 000 \u012ftraukim\u0173, tod\u0117l yra vienas populiariausi\u0173 vienkartini\u0173 garintuv\u0173, prieinam\u0173 rinkoje.<\/p>\n<p>Pagamintas i\u0161 auk\u0161tos kokyb\u0117s ingredient\u0173, POCO SL15000 u\u017etikrina nuosekli\u0105 ir maloni\u0105 garinimo patirt\u012f su kiekvienu \u012ftraukimu, tod\u0117l i\u0161siskiria tarp populiari\u0173 garintuv\u0173 prek\u0117s \u017eenkl\u0173. Kaip geriausias pasirinkimas tiek atsitiktiniams vartotojams, tiek atsidavusiems garinimo entuziastams, \u0161is \u012frenginys tinka ilgalaikiam naudojimui, si\u016blydamas universalum\u0105 \u012fvairiems nikotino pom\u0117giams, \u012fskaitant ma\u017eai nikotino turin\u010dias galimybes.<\/p>\n<p>Puikiai tinkantis tiek naudojimui keliaujant, tiek atsipalaidavimui namuose, POCO SL15000 \u017eada nenutr\u016bkstam\u0105 garinimo malonum\u0105. Jo eleganti\u0161kas dizainas ir patogios funkcijos daro j\u012f pagrindiniu pasirinkimu tarp dideliais kiekiais perkam\u0173 garintuv\u0173, populiar\u0117jant geriausiam 2024 m. vienkartiniam garintuvui. Kaip pakartotinai \u012fkraunamas garintuvas, \u0161io \u012frenginio patogus C tipo prievadas pagerina patirt\u012f, o ai\u0161kus ekranas stebi baterijos ir E skys\u010dio lygius \u2013 funkcija, kuri\u0105 vertina daugelis garintuv\u0173 naudotoj\u0173.<\/p>\n<p>Ie\u0161kantiems didmenin\u0117s prekybos garintuv\u0173, vienkartini\u0173 garintuv\u0173 internetu ar garintuv\u0173 parduotuv\u0117je, POCO SL15000 i\u0161siskiria savo auk\u0161tu na\u0161umu ir dizainu, idealus tiems, kurie nori 15000 \u012ftraukim\u0173 garinimo patirties be keli\u0173 \u012frengini\u0173.<\/p>\n<p>&nbsp;<\/p>\n<\/div>\n<\/div>\n<\/div>\n<\/div>\n<\/div>\n<\/div>\n<p><strong>Susisiekite su Amy ir gaukite tinkam\u0105 atsakym\u0105 bei vape kupon\u0105!<\/strong><\/p>\n<p><img loading=\"lazy\" decoding=\"async\" class=\"size-full wp-image-1978\" src=\"https:\/\/rmvapesale.com\/wp-content\/uploads\/2024\/09\/Disposable-Vape-Wholesale.jpg\" alt=\"Vienkartinis garintuvas didmenin\u0117 prekyba\" width=\"229\" height=\"300\" \/><\/p>\n<h3><a href=\"https:\/\/wa.me\/8617776015835\" target=\"_blank\" rel=\"noopener\"><span style=\"color: #ff0000\"><strong>WhatsApp: +86 17776015835<\/strong><\/span><\/a><\/h3>\n<p>&nbsp;<\/p>\n<h2><\/h2>\n<h2><strong>POCO SL15000 vienkartinis garintuvas <\/strong><strong>Pagrindin\u0117s savyb\u0117s<\/strong><\/h2>\n<p>Nikotinas: 5%<br \/>\n\u012etraukimai:15000<br \/>\nTalpa:24ml<br \/>\nGalimi 12 skoni\u0173<br \/>\nTinklelio rit\u0117<br \/>\nBaterija: 850mah<br \/>\nI\u0161manusis ekranas: baterijos talpa \/ E skys\u010dio talpa<\/p>\n<p>&nbsp;<\/p>\n<figure id=\"attachment_2591\" aria-describedby=\"caption-attachment-2591\" style=\"width: 800px\" class=\"wp-caption alignnone\"><img loading=\"lazy\" decoding=\"async\" class=\"wp-image-2591 size-full\" src=\"https:\/\/rmvapesale.com\/wp-content\/uploads\/2024\/10\/Poco-SL-15000-Puffs-Disposable-Vape-Wholesale.png\" alt=\"Poco SL 15000 \u012ftraukim\u0173 vienkartinis garintuvas didmenin\u0117 prekyba\" width=\"800\" height=\"800\" srcset=\"https:\/\/rmvapesale.com\/wp-content\/uploads\/2024\/10\/Poco-SL-15000-Puffs-Disposable-Vape-Wholesale.png 800w, https:\/\/rmvapesale.com\/wp-content\/uploads\/2024\/10\/Poco-SL-15000-Puffs-Disposable-Vape-Wholesale-300x300.png 300w, https:\/\/rmvapesale.com\/wp-content\/uploads\/2024\/10\/Poco-SL-15000-Puffs-Disposable-Vape-Wholesale-150x150.png 150w, https:\/\/rmvapesale.com\/wp-content\/uploads\/2024\/10\/Poco-SL-15000-Puffs-Disposable-Vape-Wholesale-768x768.png 768w, https:\/\/rmvapesale.com\/wp-content\/uploads\/2024\/10\/Poco-SL-15000-Puffs-Disposable-Vape-Wholesale-600x600.png 600w, https:\/\/rmvapesale.com\/wp-content\/uploads\/2024\/10\/Poco-SL-15000-Puffs-Disposable-Vape-Wholesale-100x100.png 100w\" sizes=\"auto, (max-width: 800px) 100vw, 800px\" \/><figcaption id=\"caption-attachment-2591\" class=\"wp-caption-text\">Poco SL 15000 \u012ftraukim\u0173 vienkartinis garintuvas didmenin\u0117 prekyba<\/figcaption><\/figure>\n<h2><strong>Geriausias skonis POCO <\/strong><strong>SL15000 <\/strong><strong>\u012etraukim\u0173 vienkartinis garintuvas<\/strong><strong>\u00a0<\/strong><\/h2>\n<p>\u0160is vienkartinis garintuvas su ekranu puikiai tinka tiems, kurie m\u0117gsta \u012fvairius skonius, nes jis si\u016blomas su pla\u010diu asortimentu, \u012fskaitant alavij\u0173 vynuoges, m\u0117lyni\u0173 avie\u010di\u0173 limonad\u0105, bra\u0161ki\u0173 arb\u016bz\u0105 ir daugel\u012f kit\u0173. Kiekvienas skonis sukurtas taip, kad suteikt\u0173 malon\u0173 ir skland\u0173 garinimo potyr\u012f, u\u017etikrinant\u012f, kad vartotojai gal\u0117t\u0173 m\u0117gautis savo m\u0117gstamu skoniu be kompromis\u0173.<\/p>\n<p>1.Alavij\u0173 vynuog\u0117s<br \/>\n2.M\u0117lyni\u0173 avie\u010di\u0173 limonadas <span style=\"color: #ff0000\"><strong>&gt;&gt;&gt;&gt; Kar\u0161ta!<\/strong><\/span><br \/>\n3. Bra\u0161ki\u0173 arb\u016bzas<br \/>\n4.Juodojo ledo drakono vaisius ir bra\u0161k\u0117<span style=\"color: #ff0000\"><strong>&gt;&gt;&gt;&gt; Kar\u0161ta!<\/strong><\/span><br \/>\n5.Energetinis g\u0117rimas<br \/>\n6.Bra\u0161k\u0117, aviet\u0117, kivis<br \/>\n7.Vynuog\u0117, spanguol\u0117, persikas<br \/>\n8.Gervuog\u0117, spanguol\u0117<br \/>\n9.Bra\u0161k\u0117, vy\u0161nia <span style=\"color: #ff0000\"><strong>&gt;&gt;&gt;&gt; Geriausias!<\/strong><\/span><br \/>\n10.Ananasas, bra\u0161k\u0117, bananas<br \/>\n11.Arb\u016bzas, li\u010dis<br \/>\n12.Ananasas, obuolys<\/p>\n<p>&nbsp;<\/p>\n<h3><strong>Kod\u0117l verta rinktis Rmvapesale POCO SL15000<\/strong><strong>\u00a0\u012ekraunamas vienkartinis veipas<\/strong><strong>?<\/strong><\/h3>\n<div class=\"flex-shrink-0 flex flex-col relative items-end\">\n<div class=\"pt-0\">\n<div class=\"gizmo-bot-avatar flex h-8 w-8 items-center justify-center overflow-hidden rounded-full\">\n<div class=\"relative p-1 rounded-sm flex items-center justify-center bg-token-main-surface-primary text-token-text-primary h-8 w-8\">\n<p>&nbsp;<\/p>\n<p>Pasirink\u0119 Rmvapesale didmeniniams vienkartini\u0173 garintuv\u0173 poreikiams, gausite naudos i\u0161:<\/p>\n<ul>\n<li><strong>Konkurencinga Kaina<\/strong>: Gaukite patrauklias didmenines kainas, kurios padidins j\u016bs\u0173 verslo mar\u017eas.<\/li>\n<li><strong>Auk\u0161ta Kokyb\u0117<\/strong>: M\u016bs\u0173 garintuvai gaminami pagal auk\u0161\u010diausius standartus ir <span style=\"color: #ff0000\"><strong>garantuotai 100% original\u016bs ir autenti\u0161ki, kitaip u\u017e padirbtas prekes bus atlyginta 10 kart\u0173!<\/strong><\/span><\/li>\n<li><strong>Puikus klient\u0173 aptarnavimas<\/strong>: M\u016bs\u0173 atsidavusi komanda visada pasiruo\u0161usi jums pad\u0117ti, kad pirkimo procesas b\u016bt\u0173 sklandus ir be r\u016bpes\u010di\u0173.<\/li>\n<li><strong>Greitas pristatymas<\/strong>: Tik\u0117kit\u0117s greito ir patikimo pristatymo, u\u017etikrinan\u010dio, kad j\u016bs\u0173 u\u017esakymai visada atvykt\u0173 laiku.<\/li>\n<\/ul>\n<\/div>\n<h3><\/h3>\n<div class=\"relative p-1 rounded-sm flex items-center justify-center bg-token-main-surface-primary text-token-text-primary h-8 w-8\">\n<h3><b>Garintuvas POCO SL 15000<\/b><strong>\u00a0<\/strong><b>DUK apie \u012fkv\u0117pimus<\/b><\/h3>\n<p><strong>Kaip \u012fkrauti POCO SL15000 Puffs \u012fkraunam\u0105 vienkartin\u012f garintuv\u0105?<\/strong><br \/>\nNor\u0117dami \u012fkrauti savo POCO SL15000 Puffs vienkartin\u012f garintuv\u0105, naudokite \u012frenginio Type-C \u012fkrovimo jungt\u012f. Tiesiog prijunkite prie suderinamo USB-C laido ir \u012fjunkite \u012f maitinimo \u0161altin\u012f. Tai leis greitai \u012fkrauti garintuvo \u012fkraunam\u0105 baterij\u0105, u\u017etikrinant, kad gal\u0117site m\u0117gautis nepertraukiamu garinimu.<\/p>\n<p><strong>Kiek nikotino yra POCO SL15000 garintuve?<\/strong><br \/>\nPOCO SL15000 garintuvas si\u016blo nikotino parinktis, pritaikytas skirtingiems pageidavimams, \u012fskaitant ma\u017e\u0105 nikotino kiek\u012f. Pasirinkite koncentracij\u0105, kuri geriausiai atitinka j\u016bs\u0173 poreikius, kad gal\u0117tum\u0117te m\u0117gautis individualizuotu garinimu su auk\u0161tos kokyb\u0117s ingredientais ir ilgalaikiu skoniu.<\/p>\n<p><strong>Kiek laiko tur\u0117\u010diau krauti savo POCO SL15000 vienkartin\u0119 garinimo d\u0117\u017eut\u0119?<\/strong><br \/>\nNorint optimaliai \u012fkrauti, POCO SL15000 vienkartin\u0119 garinimo d\u0117\u017eut\u0119 kraukite tol, kol \u012frenginio baterijos ekrane bus rodomas pilnas \u012fkrovimas. Pilnas \u012fkrovimas paprastai trunka kelias valandas, priklausomai nuo j\u016bs\u0173 maitinimo \u0161altinio, ir palaikys ilgesn\u012f garinim\u0105 vis\u0105 dien\u0105.<\/p>\n<p><strong>Kur galiu nusipirkti POCO SL15000 Puffs garinimo juostel\u0119?<\/strong><br \/>\nPOCO SL15000 Puffs garinimo juostel\u0119 galima patogiai \u012fsigyti internetu arba garinimo reikmen\u0173 parduotuv\u0117je. Daugelis internetini\u0173 ma\u017emeninink\u0173 si\u016blo didmeninio pirkimo galimybes, tod\u0117l patikrinkite internete geriausius pasi\u016blymus, didmeninius garintuvus ir specialias akcijas.<\/p>\n<p><strong>Kokie yra geriausi vienkartiniai garintuvai 2024 metams?<\/strong><br \/>\nPOCO SL15000 yra vienas geriausi\u0173 vienkartini\u0173 garintuv\u0173 2024 metais d\u0117l savo ilgalaik\u0117s 15 000 \u012fkv\u0117pim\u0173 talpos, patogaus dizaino ir gausaus skoni\u0173 pasirinkimo. Tai geriausias pasirinkimas d\u0117\u017eut\u0117s tipo garintuv\u0173 kategorijoje ir toliau i\u0161siskiria geriausi\u0173 10 vienkartini\u0173 garintuv\u0173 preki\u0173 \u017eenkl\u0173 s\u0105ra\u0161uose, tod\u0117l yra m\u0117gstamas tiek individuali\u0173 naudotoj\u0173, tiek ma\u017emeninink\u0173.<\/p>\n<\/div>\n<\/div>\n<\/div>\n<\/div>\n<h3>Apie siuntim\u0105<\/h3>\n<div class=\"flex-shrink-0 flex flex-col relative items-end\">\n<div>\n<div class=\"pt-0\">\n<div class=\"gizmo-bot-avatar flex h-8 w-8 items-center justify-center overflow-hidden rounded-full\">\n<div><\/div>\n<div class=\"relative p-1 rounded-sm flex items-center justify-center bg-token-main-surface-primary text-token-text-primary h-8 w-8\"><strong>1. Kokie siuntimo b\u016bdai naudojami?<\/strong><\/div>\n<\/div>\n<\/div>\n<\/div>\n<\/div>\n<div class=\"group\/conversation-turn relative flex w-full min-w-0 flex-col agent-turn\">\n<div class=\"flex-col gap-1 md:gap-3\">\n<div class=\"flex max-w-full flex-col flex-grow\">\n<div class=\"min-h-[20px] text-message flex w-full flex-col items-end gap-2 whitespace-normal break-words [.text-message+&amp;]:mt-5 overflow-x-auto\" dir=\"auto\" data-message-author-role=\"assistant\" data-message-id=\"22f8283b-3233-46ff-89a5-c7a41b33abda\">\n<div class=\"flex w-full flex-col gap-1 empty:hidden first:pt-[3px]\">\n<div class=\"markdown prose w-full break-words dark:prose-invert light\">\n<p>Mes bendradarbiaujame su UPS, DHL, FedEx, DPD ir kitais pirmaujan\u010diais ve\u017e\u0117jais. Mes parinksime geriausi\u0105 siuntimo b\u016bd\u0105, atsi\u017evelgdami \u012f j\u016bs\u0173 pristatymo viet\u0105, kad u\u017etikrintume, jog gaminiai jus pasieks kuo grei\u010diau.<\/p>\n<\/div>\n<p><strong>2. Per kiek laiko prek\u0117s atkeliauja?<\/strong><\/p>\n<p>\u012e Lietuv\u0105 siun\u010diami siuntiniai paprastai atvyksta per 10 darbo dien\u0173. Siuntimas \u012f Europos \u0161alis paprastai trunka apie 12\u201315 darbo dien\u0173. Mes teikiame realiuoju laiku atnaujinam\u0105 informacij\u0105 apie j\u016bs\u0173 siuntos b\u016bsen\u0105.<\/p>\n<\/div>\n<\/div>\n<\/div>\n<\/div>\n<\/div>\n<p>&nbsp;<\/p>\n<p>Kiti populiar\u016bs garintuvai, kurie jums gali patikti:<\/p>\n<p><a href=\"https:\/\/rmvapesale.com\/lt\/product\/poco-pt12000-puffs-disposable-vape-pod-electronic-cigarette\/\"><strong>POCO PT 12000 \u012ftraukim\u0173\u00a0 \u00a0<span style=\"color: #ff0000\">&gt;&gt;&gt;&gt; pirmyn!<\/span><\/strong><\/a><\/p>\n<p><strong><a href=\"https:\/\/rmvapesale.com\/lt\/product\/disposable-vape-poco-bl10000-puffs-wholesale\/\">POCO BL10000 \u012ftraukim\u0173 <span style=\"color: #ff0000\">&gt;&gt;&gt;&gt; pirmyn!<\/span><\/a>\u00a0<\/strong><\/p>\n<p><a href=\"https:\/\/rmvapesale.com\/lt\/product\/original-randm-vape-digital-puff-12000-fumot-factory-price\/\"><strong>Fumot Vape 12000 \u012ftraukim\u0173 <span style=\"color: #ff0000\">&gt;&gt;&gt;&gt; pirmyn!<\/span><\/strong><\/a><\/p>\n<p>&nbsp;<\/p>\n<p>&nbsp;<\/p>\n<p>Raskite daugiau garintuv\u0173, kurie jums gali patikti:<strong><em><a href=\"https:\/\/rmvapesale.com\/lt\/shop-2\/\">pirkti dabar &gt;&gt;&gt;<\/a><\/em><\/strong><\/p>","protected":false},"excerpt":{"rendered":"<p>POCO SL15000 vienkartinis garintuvas didmenin\u0117 kaina<br \/>\nES sand\u0117lio Poco SL 15000 \u012ftraukim\u0173, i\u0161manusis ekranas<br \/>\nPOCO vienkartinis garintuvo d\u0117\u017eut\u0117 5% E cigaret\u0117<br \/>\n<span style=\"color: #ff0000\">(Siun\u010diama i\u0161 Vokietijos sand\u0117lio ir trunka apie 3\u20135 dienas, kol pasiekia daugum\u0105 Europos \u0161ali\u0173, toki\u0173 kaip Nyderlandai, Pranc\u016bzija, Italija, Ispanija, \u0160veicarija, \u0160vedija, Lenkija ir kt.)<\/span><\/p>\n<p><img loading=\"lazy\" decoding=\"async\" class=\"size-full wp-image-2375\" src=\"https:\/\/rmvapesale.com\/wp-content\/uploads\/2024\/10\/image.png\" alt=\"Geriausias Vienkartinis Vape\" width=\"229\" height=\"300\" \/><\/p>\n<h3><a href=\"https:\/\/wa.me\/8617776015835\"><span style=\"color: #ff0000\"><strong>WhatsApp: +86 17776015835<\/strong><\/span><\/a><\/h3>\n<p>&nbsp;<\/p>","protected":false},"featured_media":2590,"comment_status":"open","ping_status":"closed","template":"","meta":{"_uag_custom_page_level_css":"","_lmt_disableupdate":"no","_lmt_disable":"","site-sidebar-layout":"default","site-content-layout":"content-boxed-container","ast-site-content-layout":"normal-width-container","site-content-style":"boxed","site-sidebar-style":"unboxed","ast-global-header-display":"","ast-banner-title-visibility":"","ast-main-header-display":"","ast-hfb-above-header-display":"","ast-hfb-below-header-display":"","ast-hfb-mobile-header-display":"","site-post-title":"","ast-breadcrumbs-content":"","ast-featured-img":"","footer-sml-layout":"","theme-transparent-header-meta":"default","adv-header-id-meta":"","stick-header-meta":"","header-above-stick-meta":"","header-main-stick-meta":"","header-below-stick-meta":"","astra-migrate-meta-layouts":"set","ast-page-background-enabled":"default","ast-page-background-meta":{"desktop":{"background-color":"var(--ast-global-color-4)","background-image":"","background-repeat":"repeat","background-position":"center center","background-size":"auto","background-attachment":"scroll","background-type":"","background-media":"","overlay-type":"","overlay-color":"","overlay-opacity":"","overlay-gradient":""},"tablet":{"background-color":"","background-image":"","background-repeat":"repeat","background-position":"center center","background-size":"auto","background-attachment":"scroll","background-type":"","background-media":"","overlay-type":"","overlay-color":"","overlay-opacity":"","overlay-gradient":""},"mobile":{"background-color":"","background-image":"","background-repeat":"repeat","background-position":"center center","background-size":"auto","background-attachment":"scroll","background-type":"","background-media":"","overlay-type":"","overlay-color":"","overlay-opacity":"","overlay-gradient":""}},"ast-content-background-meta":{"desktop":{"background-color":"var(--ast-global-color-5)","background-image":"","background-repeat":"repeat","background-position":"center center","background-size":"auto","background-attachment":"scroll","background-type":"","background-media":"","overlay-type":"","overlay-color":"","overlay-opacity":"","overlay-gradient":""},"tablet":{"background-color":"var(--ast-global-color-5)","background-image":"","background-repeat":"repeat","background-position":"center center","background-size":"auto","background-attachment":"scroll","background-type":"","background-media":"","overlay-type":"","overlay-color":"","overlay-opacity":"","overlay-gradient":""},"mobile":{"background-color":"var(--ast-global-color-5)","background-image":"","background-repeat":"repeat","background-position":"center center","background-size":"auto","background-attachment":"scroll","background-type":"","background-media":"","overlay-type":"","overlay-color":"","overlay-opacity":"","overlay-gradient":""}},"_joinchat":[]},"product_brand":[],"product_cat":[15,195,25,123,26,28,135,27,137,30],"product_tag":[146,188,167,197,165,191,196,120],"class_list":{"0":"post-2596","1":"product","2":"type-product","3":"status-publish","4":"has-post-thumbnail","6":"product_cat-new-vape-this-week","7":"product_cat-germany-warehouse","8":"product_cat-germany-best-selling-vape","9":"product_cat-italy-wholesale-vape","10":"product_cat-netherlands-hot-sale-vape","11":"product_cat-poland-hot-sale-vape","12":"product_cat-spain-best-hot-sale-vape","13":"product_cat-fance-hot-sale-vape","14":"product_cat-rechargeable-vapes","15":"product_cat-minimum-order-quantity-50pcs","16":"product_tag-best-hot-sale-vape","17":"product_tag-buy-vapes-online","18":"product_tag-disposable-vape-with-screen","19":"product_tag-germany-hot-sale-vape","20":"product_tag-rechargeable-vapes","21":"product_tag-vape-box","22":"product_tag-vape-shop","23":"product_tag-vape-wholesale","24":"desktop-align-left","25":"tablet-align-left","26":"mobile-align-left","28":"first","29":"instock","30":"sale","31":"shipping-taxable","32":"purchasable","33":"product-type-simple"},"uagb_featured_image_src":{"full":["https:\/\/rmvapesale.com\/wp-content\/uploads\/2024\/10\/15K-Puffs-Screen-Poco-SL15000-Disposable-Vape.png",800,800,false],"thumbnail":["https:\/\/rmvapesale.com\/wp-content\/uploads\/2024\/10\/15K-Puffs-Screen-Poco-SL15000-Disposable-Vape-150x150.png",150,150,true],"medium":["https:\/\/rmvapesale.com\/wp-content\/uploads\/2024\/10\/15K-Puffs-Screen-Poco-SL15000-Disposable-Vape-300x300.png",300,300,true],"medium_large":["https:\/\/rmvapesale.com\/wp-content\/uploads\/2024\/10\/15K-Puffs-Screen-Poco-SL15000-Disposable-Vape-768x768.png",768,768,true],"large":["https:\/\/rmvapesale.com\/wp-content\/uploads\/2024\/10\/15K-Puffs-Screen-Poco-SL15000-Disposable-Vape.png",800,800,false],"1536x1536":["https:\/\/rmvapesale.com\/wp-content\/uploads\/2024\/10\/15K-Puffs-Screen-Poco-SL15000-Disposable-Vape.png",800,800,false],"2048x2048":["https:\/\/rmvapesale.com\/wp-content\/uploads\/2024\/10\/15K-Puffs-Screen-Poco-SL15000-Disposable-Vape.png",800,800,false],"trp-custom-language-flag":["https:\/\/rmvapesale.com\/wp-content\/uploads\/2024\/10\/15K-Puffs-Screen-Poco-SL15000-Disposable-Vape.png",12,12,false],"woocommerce_thumbnail":["https:\/\/rmvapesale.com\/wp-content\/uploads\/2024\/10\/15K-Puffs-Screen-Poco-SL15000-Disposable-Vape-300x300.png",300,300,true],"woocommerce_single":["https:\/\/rmvapesale.com\/wp-content\/uploads\/2024\/10\/15K-Puffs-Screen-Poco-SL15000-Disposable-Vape-600x600.png",600,600,true],"woocommerce_gallery_thumbnail":["https:\/\/rmvapesale.com\/wp-content\/uploads\/2024\/10\/15K-Puffs-Screen-Poco-SL15000-Disposable-Vape-100x100.png",100,100,true],"wcpr-photo-reviews":["https:\/\/rmvapesale.com\/wp-content\/uploads\/2024\/10\/15K-Puffs-Screen-Poco-SL15000-Disposable-Vape.png",500,500,false]},"uagb_author_info":{"display_name":"AMY","author_link":"https:\/\/rmvapesale.com\/lt\/author\/"},"uagb_comment_info":0,"uagb_excerpt":"POCO SL15000 Disposable Vape Wholesale Price EU Warehouse Poco SL 15000 Puffs Smart Screen POCO Disposable Vape Box 5% E Cigarette (Ship from Germany warehouse and takes about 3-5 days\u00a0 to get arrive to most Europe countries like Netherlands, France, Italy, Spain, Switzerland, Sweden, Poland, etc. ) WhatsApp: +86 17776015835 &nbsp;","_links":{"self":[{"href":"https:\/\/rmvapesale.com\/lt\/wp-json\/wp\/v2\/product\/2596","targetHints":{"allow":["GET"]}}],"collection":[{"href":"https:\/\/rmvapesale.com\/lt\/wp-json\/wp\/v2\/product"}],"about":[{"href":"https:\/\/rmvapesale.com\/lt\/wp-json\/wp\/v2\/types\/product"}],"replies":[{"embeddable":true,"href":"https:\/\/rmvapesale.com\/lt\/wp-json\/wp\/v2\/comments?post=2596"}],"wp:featuredmedia":[{"embeddable":true,"href":"https:\/\/rmvapesale.com\/lt\/wp-json\/wp\/v2\/media\/2590"}],"wp:attachment":[{"href":"https:\/\/rmvapesale.com\/lt\/wp-json\/wp\/v2\/media?parent=2596"}],"wp:term":[{"taxonomy":"product_brand","embeddable":true,"href":"https:\/\/rmvapesale.com\/lt\/wp-json\/wp\/v2\/product_brand?post=2596"},{"taxonomy":"product_cat","embeddable":true,"href":"https:\/\/rmvapesale.com\/lt\/wp-json\/wp\/v2\/product_cat?post=2596"},{"taxonomy":"product_tag","embeddable":true,"href":"https:\/\/rmvapesale.com\/lt\/wp-json\/wp\/v2\/product_tag?post=2596"}],"curies":[{"name":"wp","href":"https:\/\/api.w.org\/{rel}","templated":true}]}}