{"id":2609,"date":"2024-10-30T08:06:20","date_gmt":"2024-10-30T08:06:20","guid":{"rendered":"https:\/\/rmvapesale.com\/?post_type=product&#038;p=2609"},"modified":"2024-10-31T03:48:31","modified_gmt":"2024-10-31T03:48:31","slug":"smart-disposable-vape-elfworld-ai-22000-puffs-led-display","status":"publish","type":"product","link":"https:\/\/rmvapesale.com\/lt\/product\/smart-disposable-vape-elfworld-ai-22000-puffs-led-display\/","title":{"rendered":"I\u0161manusis vienkartinis garintuvas ELFWORLD AI 22000 \u012ftraukim\u0173 LED ekranas"},"content":{"rendered":"<div class=\"B2VR9 CJHX3e\">\n<div class=\"wyccme\">\n<h1 class=\"LC20lb MBeuO DKV0Md\">I\u0161manusis vienkartinis garintuvas ELFWORLD AI 22000 \u012ftraukim\u0173 LED ekranas<\/h1>\n<div class=\"flex-shrink-0 flex flex-col relative items-end\">\n<div class=\"pt-0\">\n<div class=\"gizmo-bot-avatar flex h-8 w-8 items-center justify-center overflow-hidden rounded-full\">\n<div class=\"relative p-1 rounded-sm flex items-center justify-center bg-token-main-surface-primary text-token-text-primary h-8 w-8\">\n<p><strong>I\u0161manusis vienkartinis garintuvas ELFWORLD AI 22000 \u012ftraukim\u0173 LED ekranas<\/strong> yra galutinis pasirinkimas vaperiams, kurie siekia inovacij\u0173, stiliaus ir ilgesn\u0117s vaping patirties. Su dideliu <strong>22000 d\u016bm\u0173 talpa<\/strong>, \u0161is didelis d\u016bm\u0173 kiekis <strong>vienkartinio garintuvo<\/strong> si\u016blo ilgalaik\u012f, be r\u016bpes\u010di\u0173 sprendim\u0105 tiek patyrusiems vaperiams, tiek naujokams.<\/p>\n<p><strong>Eleganti\u0161kas dizainas ir ne\u0161iojamas dydis<\/strong><br \/>\nSu <strong>Elf World AI 22000<\/strong> parodo eleganti\u0161k\u0105, modern\u0173 dizain\u0105, sukurt\u0105 su skland\u017eiomis linijomis ir auk\u0161tos kokyb\u0117s apdaila, kuri atrodo taip pat gerai, kaip ir jau\u010diasi. \u0160is <strong>d\u0117\u017eut\u0117s tipo garintuvas<\/strong> kompakti\u0161kas ir lengvas, tod\u0117l lengva ne\u0161iotis. Nepaisant lengvo svorio, jis sukurtas atlaikyti kasdien\u012f naudojim\u0105, u\u017etikrinant patvarum\u0105 be auk\u0161tos kokyb\u0117s i\u0161vaizdos praradimo.<\/p>\n<p><strong>I\u0161manioji technologija su reguliuojamu oro srautu<\/strong><br \/>\nKaip tikras <strong>I\u0161manusis vape<\/strong>, AI 22000 si\u016blo pritaikom\u0105 patirt\u012f su savo reguliuojamu oro srauto funkcija, leid\u017eian\u010dia vartotojams pasirinkti tinkam\u0105 \u012fkv\u0117pimo stiprum\u0105 pagal j\u0173 pageidavimus. \u0160is <strong>\u012fkraunamas garintuvas<\/strong> apima galing\u0105 baterij\u0105 ir LED ekran\u0105, suteikiant\u012f realaus laiko indikatorius apie baterijos b\u016bkl\u0119 ir e-skiesto lyg\u012f. \u0160i funkcija u\u017etikrina, kad visada \u017einotum\u0117te, kada \u012fkrauti ir b\u016bti pasiruo\u0161usiam nepertraukiamam d\u016bmavimui. Prietaiso <strong>C tipo \u012fkrovimas<\/strong> jungtis leid\u017eia greitai ir patogiai \u012fkrauti, idealiai tinka u\u017eimtiems vartotojams, kurie nori patikimo vape.<\/p>\n<p><strong>I\u0161vada<\/strong><br \/>\nELFWORLD<strong> 22000 Puff I\u0161manusis vienkartinis vape<\/strong>\u00a0yra stiliaus, pa\u017eangios technologijos ir ilgaam\u017ei\u0161kumo derinys, tod\u0117l jis yra vienas i\u0161 <strong>geriausi\u0173 vienkartini\u0173 vape<\/strong> pasiekiam\u0173. Tiems, kurie ie\u0161ko didel\u0117s talpos, patvarios ir turin\u010dios daug funkcij\u0173 galimyb\u0117s, ElfWorld AI 22000 yra ideali pasirinktis. Atraskite patogum\u0105 ir kokyb\u0119 \u0161io auk\u0161\u010diausios klas\u0117s vape, \u012fsigyti <strong>elektronini\u0173 cigare\u010di\u0173 parduotuv\u0117s<\/strong>, <strong>vienkartines elektronines cigaretes internetu<\/strong>, arba per <strong>didmeniniams garintuv\u0173<\/strong> didmenin\u0117s prekybos galimybes.<\/p>\n<\/div>\n<\/div>\n<\/div>\n<\/div>\n<\/div>\n<\/div>\n<p><strong>Susisiekite su Amy ir gaukite tinkam\u0105 atsakym\u0105 bei vape kupon\u0105!<\/strong><\/p>\n<p><img loading=\"lazy\" decoding=\"async\" class=\"size-full wp-image-1978\" src=\"https:\/\/rmvapesale.com\/wp-content\/uploads\/2024\/09\/Disposable-Vape-Wholesale.jpg\" alt=\"Vienkartinis garintuvas didmenin\u0117 prekyba\" width=\"229\" height=\"300\" \/><\/p>\n<h3><a href=\"https:\/\/wa.me\/8617776015835\" target=\"_blank\" rel=\"noopener\"><span style=\"color: #ff0000\"><strong>WhatsApp: +86 17776015835<\/strong><\/span><\/a><\/h3>\n<p>&nbsp;<\/p>\n<h2><\/h2>\n<h2><strong>ELFWORLD AI 22000 I\u0161manusis vienkartinis vape <\/strong><strong>Pagrindin\u0117s savyb\u0117s<\/strong><\/h2>\n<ul class=\"wp-block-list\">\n<li>\u012ekv\u0117pim\u0173: 22000 \u012fkv\u0117pim\u0173<\/li>\n<li>Nikotino stiprumas: 0%2%3%5%<\/li>\n<li>Talpa: 26 ml<\/li>\n<li>Akumuliatorius: 650 mAh<\/li>\n<li>Vamzdelio med\u017eiaga: 1.0*2 ohm dvigubo tinklelio vamzdelis<\/li>\n<li>Ekranas: Skaitmeninis Ekranas<\/li>\n<li>\u012ekrovimas: Type-C \u012fkraunamas<\/li>\n<li>Reguliuojamas oro srautas<\/li>\n<li>Yra 10 skoni\u0173<\/li>\n<\/ul>\n<figure id=\"attachment_2619\" aria-describedby=\"caption-attachment-2619\" style=\"width: 600px\" class=\"wp-caption alignnone\"><img loading=\"lazy\" decoding=\"async\" class=\"wp-image-2619 size-full\" src=\"https:\/\/rmvapesale.com\/wp-content\/uploads\/2024\/10\/Vape-22000-Puff-Rechargeable-Disposable-Vape.png\" alt=\"Vape 22000 Puff \u012fkraunamas vienkartinis vape\" width=\"600\" height=\"849\" srcset=\"https:\/\/rmvapesale.com\/wp-content\/uploads\/2024\/10\/Vape-22000-Puff-Rechargeable-Disposable-Vape.png 600w, https:\/\/rmvapesale.com\/wp-content\/uploads\/2024\/10\/Vape-22000-Puff-Rechargeable-Disposable-Vape-212x300.png 212w\" sizes=\"auto, (max-width: 600px) 100vw, 600px\" \/><figcaption id=\"caption-attachment-2619\" class=\"wp-caption-text\">Vape 22000 Puff \u012fkraunamas vienkartinis vape<\/figcaption><\/figure>\n<h2><strong>Geriausias skonis <\/strong><strong>ELFWORLD AI 22000 Puff i\u0161manusis vienkartinis vape<\/strong><\/h2>\n<p>Kiekvienu \u012fkv\u0117pimu <strong>Elf World AI 22000<\/strong> pateikia pilnavidurius, dr\u0105sius skonius, kurie i\u0161lieka nuosekl\u016bs nuo pirmojo \u012fkv\u0117pimo iki paskutinio. Pasirinkus i\u0161 plataus asortimento, \u0161is <strong>\u017eemo nikotino garintuvas<\/strong> u\u017etikrina patenkinan\u010di\u0105 ir \u0161velni\u0105 patirt\u012f vartotojams, kurie vertina kokyb\u0119 ir skon\u012f.<\/p>\n<p>1. Mango obuolys kriau\u0161\u0117<br \/>\n2.\u0160aldytas mango<br \/>\n3.\u017dalioji obuolys<br \/>\n4.Tigro kraujas <span style=\"color: #ff0000\"><strong>&gt;&gt;&gt;&gt; Kar\u0161ta!<\/strong><\/span><br \/>\n5.M\u0117lyni\u0173 ledas <span style=\"color: #ff0000\"><strong>&gt;&gt;&gt;&gt; Kar\u0161ta!<\/strong><\/span><br \/>\n6.M\u0117t\u0173<br \/>\n7.Mix uogos <span style=\"color: #ff0000\"><strong>&gt;&gt;&gt;&gt; Geriausias!<\/strong><\/span><br \/>\n8.Vynuogi\u0173 ledas<br \/>\n9.Vynuogi\u0173 arbata<br \/>\n10.M\u0117t\u0173 m\u0117lyn\u0117s<br \/>\n11.Bra\u0161ki\u0173 ledas<br \/>\n12. Sulting\u0173 persik\u0173 ledas<br \/>\n13. M\u0117lyni\u0173 avie\u010di\u0173 ledas<br \/>\n14. Linksmasis citrin\u0173 skonis<br \/>\n15. Bra\u0161ki\u0173 arb\u016bzas<\/p>\n<p>&nbsp;<\/p>\n<h3><strong>Kod\u0117l verta rinktis Rmvapesale ELFWORLD 22000 \u012ftraukim\u0173 LED ekran\u0105 vienkartiniam garintuvui<\/strong><strong>?<\/strong><\/h3>\n<div class=\"flex-shrink-0 flex flex-col relative items-end\">\n<div class=\"pt-0\">\n<div class=\"gizmo-bot-avatar flex h-8 w-8 items-center justify-center overflow-hidden rounded-full\">\n<div class=\"relative p-1 rounded-sm flex items-center justify-center bg-token-main-surface-primary text-token-text-primary h-8 w-8\">\n<p>Sveiki atvyk\u0119 \u012f Rmvapesale, j\u016bs\u0173 patikim\u0105 veip\u0173 parduotuv\u0119, kurioje rasite auk\u0161\u010diausios kokyb\u0117s vienkartini\u0173 veip\u0173. Tur\u0117dami daugiau nei 5 met\u0173 patirt\u012f, si\u016blome populiarius vienkartini\u0173 veip\u0173 prek\u0117s \u017eenklus, tokius kaip Al Fakher, Vapme Vape, <a href=\"https:\/\/rmvapesale.com\/lt\/product\/vapme-crystal-7000-puffs-rechargeable-disposable-vape-price\/\">Vapme<\/a>, <a href=\"https:\/\/rmvapesale.com\/lt\/product-category\/bang-vapes\/\">Bang Vape<\/a>, Waspe, <a href=\"https:\/\/rmvapesale.com\/lt\/product\/wga-crystal-pro-max-extra-15k-puffs-disposable-vape-wholesale\/\">WGA<\/a> Garai ir<a href=\"https:\/\/rmvapesale.com\/lt\/product-category\/randm-fumot-vape\/\"> RandM Vape<\/a>.<\/p>\n<p>M\u016bs\u0173 asortimente yra kar\u0161tai parduodam\u0173 veip\u0173, toki\u0173 kaip <a href=\"https:\/\/rmvapesale.com\/lt\/product\/fumot-digital-box-12000-disposable-vape-pink-lemonade-flavor\/\">RandM 12k<\/a> ir sodraus skonio pasirinkim\u0173, toki\u0173 kaip <a href=\"https:\/\/rmvapesale.com\/lt\/product\/wga-crystal-pro-max-extra-15k-puffs-disposable-vape-wholesale\/\">WGA Crystal Pro Max 15K \u012ftraukim\u0173<\/a>. Kiekvienas produktas parenkamas atsi\u017evelgiant \u012f kokyb\u0119, vert\u0119 ir \u012fvairov\u0119, u\u017etikrinant, kad rastum\u0117te tobul\u0105 atitikmen\u012f savo poreikiams. Atraskite i\u0161skirtin\u012f aptarnavim\u0105 ir plat\u0173 auk\u0161\u010diausios kokyb\u0117s produkt\u0173 asortiment\u0105 \u201eRmvapesale\u201c.<\/p>\n<\/div>\n<h3><\/h3>\n<div class=\"relative p-1 rounded-sm flex items-center justify-center bg-token-main-surface-primary text-token-text-primary h-8 w-8\">\n<h3><b>ELFWORLD 22000 Garintuvo DUK<\/b><\/h3>\n<\/div>\n<p><strong>Ar galiu \u012fsine\u0161ti vienkartin\u012f garintuv\u0105 \u012f l\u0117ktuv\u0105?<\/strong><br \/>\nTaip, vienkartinius garintuvus, tokius kaip <strong>Elf World AI 22000 \u012etraukim\u0173<\/strong> galima ve\u017etis l\u0117ktuvu, bet tik rankiniame baga\u017ee d\u0117l baterij\u0173 taisykli\u0173. \u012esitikinkite, kad prietaisas yra i\u0161jungtas, ir patikrinkite oro linij\u0173 gaires d\u0117l bet koki\u0173 apribojim\u0173, taikom\u0173 garinimo produktams.<\/p>\n<p><strong>Ar Elf World AI 22000 \u012etraukim\u0173 i\u0161manusis vienkartinis garintuvas tinka pradedantiesiems?<\/strong><br \/>\nTaip, <strong>Elf World AI 22000 \u012etraukim\u0173<\/strong> yra patogus pradedantiesiems. Jis pasi\u017eymi patogiu, eleganti\u0161ku dizainu, reguliuojamu oro srautu ir patogiu <strong>LED ekranas<\/strong> baterijos ir e-sul\u010di\u0173 lygi\u0173 steb\u0117jimu, tod\u0117l pradedantiesiems lengva steb\u0117ti naudojim\u0105.<\/p>\n<p><strong>Kurie yra populiar\u016bs vienkartiniai garintuvai su ekranu?<\/strong><br \/>\nTarp <strong>populiari\u0173 vienkartini\u0173 garintuv\u0173<\/strong> su ekranu, <strong>Elf World AI 22000 \u012etraukim\u0173<\/strong> i\u0161siskiria savo pa\u017eangiomis funkcijomis, ilgai trunkan\u010diais 22 000 \u012ftraukimais ir reguliuojamu oro srautu, tod\u0117l tai yra geriausias pasirinkimas garintojams, ie\u0161kantiems auk\u0161t\u0173j\u0173 technologij\u0173 patirties.<\/p>\n<p><strong>Kaip su\u017einoti, ar mano Elf World i\u0161manusis vienkartinis garintuvas tu\u0161\u010dias?<\/strong><br \/>\nSu <strong>LED ekrano<\/strong> ant <strong>Elf World AI 22000 \u012etraukim\u0173<\/strong> teikia realaus laiko informacij\u0105 apie baterijos veikimo trukm\u0119 ir e-\u012fkrovimo lygius, tod\u0117l galite lengvai patikrinti, kada vape yra beveik i\u0161naudotas arba tu\u0161\u010dias.<\/p>\n<p><strong>Kiek laiko tur\u0117t\u0173 tarnauti Elf World AI 22000 R\u016bkymo pypk\u0117?<\/strong><br \/>\nSu <strong>Elf World AI 22000 \u012etraukim\u0173<\/strong> sukurtas tarnauti ma\u017edaug <strong>22 000 \u012ftraukim\u0173<\/strong>, tod\u0117l yra ilgaam\u017e\u0117 pasirinktis tiek lengviems, tiek da\u017eniems vartotojams. Su saikingu naudojimu \u0161i \u012franga gali tarnauti savaites, priklausomai nuo individuali\u0173 naudojimo \u012fpro\u010di\u0173.<\/p>\n<div class=\"relative p-1 rounded-sm flex items-center justify-center bg-token-main-surface-primary text-token-text-primary h-8 w-8\">\n<p>&nbsp;<\/p>\n<\/div>\n<\/div>\n<\/div>\n<\/div>\n<h3>Apie siuntim\u0105<\/h3>\n<div class=\"flex-shrink-0 flex flex-col relative items-end\">\n<div>\n<div class=\"pt-0\">\n<div class=\"gizmo-bot-avatar flex h-8 w-8 items-center justify-center overflow-hidden rounded-full\">\n<div><\/div>\n<div class=\"relative p-1 rounded-sm flex items-center justify-center bg-token-main-surface-primary text-token-text-primary h-8 w-8\"><strong>1. Kokie siuntimo b\u016bdai naudojami?<\/strong><\/div>\n<\/div>\n<\/div>\n<\/div>\n<\/div>\n<div class=\"group\/conversation-turn relative flex w-full min-w-0 flex-col agent-turn\">\n<div class=\"flex-col gap-1 md:gap-3\">\n<div class=\"flex max-w-full flex-col flex-grow\">\n<div class=\"min-h-[20px] text-message flex w-full flex-col items-end gap-2 whitespace-normal break-words [.text-message+&amp;]:mt-5 overflow-x-auto\" dir=\"auto\" data-message-author-role=\"assistant\" data-message-id=\"22f8283b-3233-46ff-89a5-c7a41b33abda\">\n<div class=\"flex w-full flex-col gap-1 empty:hidden first:pt-[3px]\">\n<div class=\"markdown prose w-full break-words dark:prose-invert light\">\n<p>Mes bendradarbiaujame su UPS, DHL, FedEx, DPD ir kitais pirmaujan\u010diais ve\u017e\u0117jais. Mes parinksime geriausi\u0105 siuntimo b\u016bd\u0105, atsi\u017evelgdami \u012f j\u016bs\u0173 pristatymo viet\u0105, kad u\u017etikrintume, jog gaminiai jus pasieks kuo grei\u010diau.<\/p>\n<\/div>\n<p><strong>2. Per kiek laiko prek\u0117s atkeliauja?<\/strong><\/p>\n<p>\u012e Lietuv\u0105 siun\u010diami siuntiniai paprastai atvyksta per 10 darbo dien\u0173. Siuntimas \u012f Europos \u0161alis paprastai trunka apie 12\u201315 darbo dien\u0173. Mes teikiame realiuoju laiku atnaujinam\u0105 informacij\u0105 apie j\u016bs\u0173 siuntos b\u016bsen\u0105.<\/p>\n<\/div>\n<\/div>\n<\/div>\n<\/div>\n<\/div>\n<p>&nbsp;<\/p>\n<p>Raskite daugiau garintuv\u0173, kurie jums gali patikti:<strong><em><a href=\"https:\/\/rmvapesale.com\/lt\/shop-2\/\">pirkti dabar &gt;&gt;&gt;<\/a><\/em><\/strong><\/p>","protected":false},"excerpt":{"rendered":"<p>Elf World AI 22000 D\u016bm\u0173 ekranas Vienkartinis Vape<br \/>\nVape 22000 D\u016bm\u0173 \u012fkraunamas vienkartinis elektroninis cigaretes<br \/>\nELFWORLD AI 22000 D\u016bm\u0173 vienkartinis Vape didmenin\u0117 prekyba<\/p>\n<p><img loading=\"lazy\" decoding=\"async\" class=\"size-full wp-image-2375\" src=\"https:\/\/rmvapesale.com\/wp-content\/uploads\/2024\/10\/image.png\" alt=\"Geriausias Vienkartinis Vape\" width=\"229\" height=\"300\" \/><\/p>\n<h3><a href=\"https:\/\/wa.me\/8617776015835\"><span style=\"color: #ff0000\"><strong>WhatsApp: +86 17776015835<\/strong><\/span><\/a><\/h3>\n<p>&nbsp;<\/p>","protected":false},"featured_media":2617,"comment_status":"open","ping_status":"closed","template":"","meta":{"_uag_custom_page_level_css":"","_lmt_disableupdate":"no","_lmt_disable":"","site-sidebar-layout":"default","site-content-layout":"content-boxed-container","ast-site-content-layout":"normal-width-container","site-content-style":"boxed","site-sidebar-style":"unboxed","ast-global-header-display":"","ast-banner-title-visibility":"","ast-main-header-display":"","ast-hfb-above-header-display":"","ast-hfb-below-header-display":"","ast-hfb-mobile-header-display":"","site-post-title":"","ast-breadcrumbs-content":"","ast-featured-img":"","footer-sml-layout":"","ast-disable-related-posts":"","theme-transparent-header-meta":"default","adv-header-id-meta":"","stick-header-meta":"","header-above-stick-meta":"","header-main-stick-meta":"","header-below-stick-meta":"","astra-migrate-meta-layouts":"set","ast-page-background-enabled":"default","ast-page-background-meta":{"desktop":{"background-color":"var(--ast-global-color-4)","background-image":"","background-repeat":"repeat","background-position":"center center","background-size":"auto","background-attachment":"scroll","background-type":"","background-media":"","overlay-type":"","overlay-color":"","overlay-opacity":"","overlay-gradient":""},"tablet":{"background-color":"","background-image":"","background-repeat":"repeat","background-position":"center center","background-size":"auto","background-attachment":"scroll","background-type":"","background-media":"","overlay-type":"","overlay-color":"","overlay-opacity":"","overlay-gradient":""},"mobile":{"background-color":"","background-image":"","background-repeat":"repeat","background-position":"center center","background-size":"auto","background-attachment":"scroll","background-type":"","background-media":"","overlay-type":"","overlay-color":"","overlay-opacity":"","overlay-gradient":""}},"ast-content-background-meta":{"desktop":{"background-color":"var(--ast-global-color-5)","background-image":"","background-repeat":"repeat","background-position":"center center","background-size":"auto","background-attachment":"scroll","background-type":"","background-media":"","overlay-type":"","overlay-color":"","overlay-opacity":"","overlay-gradient":""},"tablet":{"background-color":"var(--ast-global-color-5)","background-image":"","background-repeat":"repeat","background-position":"center center","background-size":"auto","background-attachment":"scroll","background-type":"","background-media":"","overlay-type":"","overlay-color":"","overlay-opacity":"","overlay-gradient":""},"mobile":{"background-color":"var(--ast-global-color-5)","background-image":"","background-repeat":"repeat","background-position":"center center","background-size":"auto","background-attachment":"scroll","background-type":"","background-media":"","overlay-type":"","overlay-color":"","overlay-opacity":"","overlay-gradient":""}},"_joinchat":[]},"product_brand":[],"product_cat":[15,27,25,195,123,30,26,28,137,136,135],"product_tag":[146,188,167,198,165,85,191,120],"class_list":{"0":"post-2609","1":"product","2":"type-product","3":"status-publish","4":"has-post-thumbnail","6":"product_cat-new-vape-this-week","7":"product_cat-fance-hot-sale-vape","8":"product_cat-germany-best-selling-vape","9":"product_cat-germany-warehouse","10":"product_cat-italy-wholesale-vape","11":"product_cat-minimum-order-quantity-50pcs","12":"product_cat-netherlands-hot-sale-vape","13":"product_cat-poland-hot-sale-vape","14":"product_cat-rechargeable-vapes","15":"product_cat-smart-screen-vapes","16":"product_cat-spain-best-hot-sale-vape","17":"product_tag-best-hot-sale-vape","18":"product_tag-buy-vapes-online","19":"product_tag-disposable-vape-with-screen","20":"product_tag-elfworld-vape","21":"product_tag-rechargeable-vapes","22":"product_tag-smart-disposable-vape","23":"product_tag-vape-box","24":"product_tag-vape-wholesale","25":"desktop-align-left","26":"tablet-align-left","27":"mobile-align-left","29":"first","30":"instock","31":"sale","32":"shipping-taxable","33":"purchasable","34":"product-type-simple"},"uagb_featured_image_src":{"full":["https:\/\/rmvapesale.com\/wp-content\/uploads\/2024\/10\/ELFWORLD-AI-22000-Puffs-Disposable-Vape.png",800,800,false],"thumbnail":["https:\/\/rmvapesale.com\/wp-content\/uploads\/2024\/10\/ELFWORLD-AI-22000-Puffs-Disposable-Vape-150x150.png",150,150,true],"medium":["https:\/\/rmvapesale.com\/wp-content\/uploads\/2024\/10\/ELFWORLD-AI-22000-Puffs-Disposable-Vape-300x300.png",300,300,true],"medium_large":["https:\/\/rmvapesale.com\/wp-content\/uploads\/2024\/10\/ELFWORLD-AI-22000-Puffs-Disposable-Vape-768x768.png",768,768,true],"large":["https:\/\/rmvapesale.com\/wp-content\/uploads\/2024\/10\/ELFWORLD-AI-22000-Puffs-Disposable-Vape.png",800,800,false],"1536x1536":["https:\/\/rmvapesale.com\/wp-content\/uploads\/2024\/10\/ELFWORLD-AI-22000-Puffs-Disposable-Vape.png",800,800,false],"2048x2048":["https:\/\/rmvapesale.com\/wp-content\/uploads\/2024\/10\/ELFWORLD-AI-22000-Puffs-Disposable-Vape.png",800,800,false],"trp-custom-language-flag":["https:\/\/rmvapesale.com\/wp-content\/uploads\/2024\/10\/ELFWORLD-AI-22000-Puffs-Disposable-Vape.png",12,12,false],"woocommerce_thumbnail":["https:\/\/rmvapesale.com\/wp-content\/uploads\/2024\/10\/ELFWORLD-AI-22000-Puffs-Disposable-Vape-300x300.png",300,300,true],"woocommerce_single":["https:\/\/rmvapesale.com\/wp-content\/uploads\/2024\/10\/ELFWORLD-AI-22000-Puffs-Disposable-Vape-600x600.png",600,600,true],"woocommerce_gallery_thumbnail":["https:\/\/rmvapesale.com\/wp-content\/uploads\/2024\/10\/ELFWORLD-AI-22000-Puffs-Disposable-Vape-100x100.png",100,100,true],"wcpr-photo-reviews":["https:\/\/rmvapesale.com\/wp-content\/uploads\/2024\/10\/ELFWORLD-AI-22000-Puffs-Disposable-Vape.png",500,500,false]},"uagb_author_info":{"display_name":"AMY","author_link":"https:\/\/rmvapesale.com\/lt\/author\/"},"uagb_comment_info":0,"uagb_excerpt":"Elf World AI 22000 Puffs Screen Display Disposable Vape Vape 22000 Puff Rechargeable Disposable E-Cigarette ELFWORLD AI 22000 Puffs Disposable Vape Wholesale WhatsApp: +86 17776015835 &nbsp;","_links":{"self":[{"href":"https:\/\/rmvapesale.com\/lt\/wp-json\/wp\/v2\/product\/2609","targetHints":{"allow":["GET"]}}],"collection":[{"href":"https:\/\/rmvapesale.com\/lt\/wp-json\/wp\/v2\/product"}],"about":[{"href":"https:\/\/rmvapesale.com\/lt\/wp-json\/wp\/v2\/types\/product"}],"replies":[{"embeddable":true,"href":"https:\/\/rmvapesale.com\/lt\/wp-json\/wp\/v2\/comments?post=2609"}],"wp:featuredmedia":[{"embeddable":true,"href":"https:\/\/rmvapesale.com\/lt\/wp-json\/wp\/v2\/media\/2617"}],"wp:attachment":[{"href":"https:\/\/rmvapesale.com\/lt\/wp-json\/wp\/v2\/media?parent=2609"}],"wp:term":[{"taxonomy":"product_brand","embeddable":true,"href":"https:\/\/rmvapesale.com\/lt\/wp-json\/wp\/v2\/product_brand?post=2609"},{"taxonomy":"product_cat","embeddable":true,"href":"https:\/\/rmvapesale.com\/lt\/wp-json\/wp\/v2\/product_cat?post=2609"},{"taxonomy":"product_tag","embeddable":true,"href":"https:\/\/rmvapesale.com\/lt\/wp-json\/wp\/v2\/product_tag?post=2609"}],"curies":[{"name":"wp","href":"https:\/\/api.w.org\/{rel}","templated":true}]}}