{"id":2620,"date":"2024-10-31T02:49:55","date_gmt":"2024-10-31T02:49:55","guid":{"rendered":"https:\/\/rmvapesale.com\/?post_type=product&#038;p=2620"},"modified":"2024-10-31T07:50:14","modified_gmt":"2024-10-31T07:50:14","slug":"bang-box-vape-tornado-40000-puff-2-5-low-nicotine","status":"publish","type":"product","link":"https:\/\/rmvapesale.com\/lt\/product\/bang-box-vape-tornado-40000-puff-2-5-low-nicotine\/","title":{"rendered":"\u201eBang Box Vape Tornado 40000 Puff 2% 5%\u201c su ma\u017eu nikotino kiekiu"},"content":{"rendered":"<div class=\"B2VR9 CJHX3e\">\n<div class=\"wyccme\">\n<h1 class=\"LC20lb MBeuO DKV0Md\">\u201eBang Box Vape Tornado 40000 Puff 2% 5%\u201c su ma\u017eu nikotino kiekiu<\/h1>\n<div class=\"flex-shrink-0 flex flex-col relative items-end\">\n<div class=\"pt-0\">\n<div class=\"gizmo-bot-avatar flex h-8 w-8 items-center justify-center overflow-hidden rounded-full\">\n<div class=\"relative p-1 rounded-sm flex items-center justify-center bg-token-main-surface-primary text-token-text-primary h-8 w-8\">\n<p>Su <strong>Bang Box Vape Tornado 40000 Puff<\/strong> yra auk\u0161\u010diausios kokyb\u0117s, didel\u0117s talpos <strong>vienkartinio garintuvo<\/strong> sukurtas tiems, kurie teikia pirmenyb\u0119 ilgaam\u017ei\u0161kumui, galingam na\u0161umui ir i\u0161skirtinei skoni\u0173 \u012fvairovei. Si\u016blo ne\u012ftik\u0117tin\u0105 <strong>40 000 \u012ftraukim\u0173<\/strong>, \u0161is <strong>bang vape<\/strong> suteikia maloni\u0105 garinimo patirt\u012f su kiekvienu \u012fkv\u0117pimu, d\u0117ka savo <strong>40 ml e-skys\u010dio talpos<\/strong> ir dvigubo nikotino pasirinkimo <strong>2% ir 5%<\/strong>.<\/p>\n<p>Sukurtas patenkinti garintoj\u0173, kurie m\u0117gsta patikim\u0105, <strong>\u012fkraunamas vienkartinis garintuvas<\/strong>, <strong>Bang Tornado 40000<\/strong> yra su <strong>850 mAh baterij\u0105<\/strong> ir a <strong>C tipo \u012fkrovimo prievadas<\/strong> greitam ir patogiam \u012fkrovimui kelyje. The <strong>skaitmeninis ekranas<\/strong> informuoja vartotojus apie baterijos ir e-sul\u010di\u0173 lyg\u012f, kad niekada neb\u016btum\u0117te u\u017ekluptas netik\u0117tai. Kiekvienas <strong>Bang Box<\/strong> yra su 10 atskirai supakuot\u0173 \u012frengini\u0173, tod\u0117l tai puikus pasirinkimas tiek asmeniniam naudojimui, tiek didmeniniams u\u017esakymams.<\/p>\n<\/div>\n<p>Su <strong>Bang Original<\/strong> Tornado serija nustato nauj\u0105 standart\u0105 didel\u0117s talpos <strong>ma\u017eas nikotino kiekis<\/strong> vienkartin\u0117ms elektronin\u0117ms cigaret\u0117ms, idealiai tinkan\u010dioms tiems, kurie vertina itin ilgai veikiant\u012f prietais\u0105 su i\u0161skirtine skonio kokybe. Jos <strong>\u012fkraunama baterija<\/strong> ir <strong>skaitmeninis ekranas<\/strong> padaro j\u012f geriausiu pasirinkimu <strong>Bang vienkartin\u0117 elektronin\u0117 cigaret\u0117<\/strong> rinkoje, suteikiant auk\u0161\u010diausios kokyb\u0117s patirt\u012f, kuri yra ir patogi naudoti, ir efektyvi.<\/p>\n<p>Nesvarbu, ar ie\u0161kote <strong>Bang bar vape<\/strong> parink\u010di\u0173 dideliais kiekiais, ie\u0161kote didelio d\u016bm\u0173 kiekio <strong>bang box vape<\/strong> kad papildytum\u0117te savo elektronini\u0173 cigare\u010di\u0173 parduotuv\u0119, ar tiesiog norite <strong>Bang Box<\/strong> kuris sukurtas ilgam, \u201e <strong>Bang vape 40000 Puff<\/strong> \u201c yra skirtas patenkinti visus garinimo poreikius.<\/p>\n<p>&nbsp;<\/p>\n<\/div>\n<\/div>\n<\/div>\n<\/div>\n<\/div>\n<p><strong>Susisiekite su Amy ir gaukite tinkam\u0105 atsakym\u0105 bei vape kupon\u0105!<\/strong><\/p>\n<p><img loading=\"lazy\" decoding=\"async\" class=\"size-full wp-image-1978\" src=\"https:\/\/rmvapesale.com\/wp-content\/uploads\/2024\/09\/Disposable-Vape-Wholesale.jpg\" alt=\"Vienkartinis garintuvas didmenin\u0117 prekyba\" width=\"229\" height=\"300\" \/><\/p>\n<h3><a href=\"https:\/\/wa.me\/8617776015835\" target=\"_blank\" rel=\"noopener\"><span style=\"color: #ff0000\"><strong>WhatsApp: +86 17776015835<\/strong><\/span><\/a><\/h3>\n<p>&nbsp;<\/p>\n<h2><\/h2>\n<h2><strong>Bang Box Vape Tornado 40000 <\/strong><strong>Pagrindin\u0117s savyb\u0117s<\/strong><\/h2>\n<p>Prek\u0117s \u017eenklas: Bang Vape<br \/>\nP\u016btimai: 40000<br \/>\nE-skystis: 40ml<br \/>\nNikotinas: 2% \/ 5%<br \/>\nBaterija: 850mAh<br \/>\nType-c \u012fkrovimo laidas<br \/>\nEkranas: Skaitmeninis Ekranas<\/p>\n<h2><strong>Geriausias skonis <\/strong><strong>\u012ekraunamas Bang Box Vape Tornado 40000<\/strong><\/h2>\n<p>Su <strong>Bang Box Vape Tornado<\/strong> yra 12 fantasti\u0161k\u0173 skoni\u0173, kad patenkint\u0173 plat\u0173 skoni\u0173 pasirinkim\u0105, nuo gaivaus <strong>Persik\u0173 ledas<\/strong> ir saldaus <strong>Triple Berry<\/strong> iki egzoti\u0161ko <strong>Love66<\/strong> ir aitraus <strong>M\u0117lyni\u0173 citrina<\/strong>. Kiti populiar\u016bs pasirinkimai yra:<\/p>\n<p>1. Persik\u0173 ledas<br \/>\n2. Meil\u011766 <span style=\"color: #ff0000\"><strong>&gt;&gt;&gt;&gt; Kar\u0161ta!<\/strong><\/span><br \/>\n3. Trigubos uogos<br \/>\n4. M\u0117lyni\u0173 citrina<br \/>\n5.Energetinis g\u0117rimas<br \/>\n6. Dvigubas obuolys<br \/>\n7. Mangas, persikas<br \/>\n8. M\u0117lyni\u0173 vynuog\u0117<br \/>\n9. Bra\u0161k\u0117s ir arb\u016bzas <span style=\"color: #ff0000\"><strong>&gt;&gt;&gt;&gt; Geriausias!<\/strong><\/span><br \/>\n10. Bra\u0161ki\u0173 kivis<br \/>\n11.M\u0117lyni\u0173 Avie\u010di\u0173 <span style=\"color: #ff0000\"><strong>&gt;&gt;&gt;&gt; Kar\u0161ta!<\/strong><\/span><br \/>\n12. Arb\u016bzas<\/p>\n<figure id=\"attachment_2623\" aria-describedby=\"caption-attachment-2623\" style=\"width: 620px\" class=\"wp-caption alignnone\"><img loading=\"lazy\" decoding=\"async\" class=\"wp-image-2623 size-large\" src=\"https:\/\/rmvapesale.com\/wp-content\/uploads\/2024\/10\/Bang-Box-Vape-40000-Flavor-620x1024.jpg\" alt=\"Bang Box Vape 40000 Skoniai\" width=\"620\" height=\"1024\" srcset=\"https:\/\/rmvapesale.com\/wp-content\/uploads\/2024\/10\/Bang-Box-Vape-40000-Flavor-620x1024.jpg 620w, https:\/\/rmvapesale.com\/wp-content\/uploads\/2024\/10\/Bang-Box-Vape-40000-Flavor-182x300.jpg 182w, https:\/\/rmvapesale.com\/wp-content\/uploads\/2024\/10\/Bang-Box-Vape-40000-Flavor-768x1268.jpg 768w, https:\/\/rmvapesale.com\/wp-content\/uploads\/2024\/10\/Bang-Box-Vape-40000-Flavor-600x991.jpg 600w, https:\/\/rmvapesale.com\/wp-content\/uploads\/2024\/10\/Bang-Box-Vape-40000-Flavor.jpg 800w\" sizes=\"auto, (max-width: 620px) 100vw, 620px\" \/><figcaption id=\"caption-attachment-2623\" class=\"wp-caption-text\">Bang Box Vape 40000 Skoniai<\/figcaption><\/figure>\n<h3><strong>Kod\u0117l verta rinktis Rmvapesale Bang 40000 Puffs vienkartin\u012f garintuv\u0105<\/strong><strong>?<\/strong><\/h3>\n<div class=\"flex-shrink-0 flex flex-col relative items-end\">\n<div class=\"pt-0\">\n<div class=\"gizmo-bot-avatar flex h-8 w-8 items-center justify-center overflow-hidden rounded-full\">\n<div class=\"relative p-1 rounded-sm flex items-center justify-center bg-token-main-surface-primary text-token-text-primary h-8 w-8\">\n<p>Sveiki atvyk\u0119 \u012f Rmvapesale, j\u016bs\u0173 patikim\u0105 veip\u0173 parduotuv\u0119, kurioje rasite auk\u0161\u010diausios kokyb\u0117s vienkartini\u0173 veip\u0173. Tur\u0117dami daugiau nei 5 met\u0173 patirt\u012f, si\u016blome populiarius vienkartini\u0173 veip\u0173 prek\u0117s \u017eenklus, tokius kaip Al Fakher, Vapme Vape, <a href=\"https:\/\/rmvapesale.com\/lt\/product\/vapme-crystal-7000-puffs-rechargeable-disposable-vape-price\/\">Vapme<\/a>, <a href=\"https:\/\/rmvapesale.com\/lt\/product-category\/bang-vapes\/\">Bang Vape<\/a>, Waspe, <a href=\"https:\/\/rmvapesale.com\/lt\/product\/wga-crystal-pro-max-extra-15k-puffs-disposable-vape-wholesale\/\">WGA<\/a> Garai ir<a href=\"https:\/\/rmvapesale.com\/lt\/product-category\/randm-fumot-vape\/\"> RandM Vape<\/a>.<\/p>\n<p>M\u016bs\u0173 asortimente yra kar\u0161tai parduodam\u0173 veip\u0173, toki\u0173 kaip <a href=\"https:\/\/rmvapesale.com\/lt\/product\/smart-disposable-vape-elfworld-ai-22000-puffs-led-display\/\">ELFWORLD AI 22000 i\u0161p\u016btimai<\/a> ir sodraus skonio pasirinkim\u0173, toki\u0173 kaip <a href=\"https:\/\/rmvapesale.com\/lt\/product\/randm-tornado-25000-puffs-disposable-vape-wholesale\/\">RandM 25000 i\u0161p\u016btimai<\/a>. Kiekvienas produktas parenkamas atsi\u017evelgiant \u012f kokyb\u0119, vert\u0119 ir \u012fvairov\u0119, u\u017etikrinant, kad rastum\u0117te tobul\u0105 atitikmen\u012f savo poreikiams. Atraskite i\u0161skirtin\u012f aptarnavim\u0105 ir plat\u0173 auk\u0161\u010diausios kokyb\u0117s produkt\u0173 asortiment\u0105 \u201eRmvapesale\u201c.<\/p>\n<\/div>\n<h3><\/h3>\n<div class=\"relative p-1 rounded-sm flex items-center justify-center bg-token-main-surface-primary text-token-text-primary h-8 w-8\">\n<h3><b>Bang Box 40000 i\u0161p\u016btim\u0173 garintuvas DUK<\/b><\/h3>\n<\/div>\n<p><strong>1. Kaip \u017einoti, kada mano vienkartinis garintuvas tu\u0161\u010dias?<\/strong><br \/>\nSu <strong>Bang Box Vape Tornado 40000 Puff<\/strong>, <strong>skaitmeninis ekranas<\/strong> rodo ir baterijos, ir e-skys\u010dio lyg\u012f. Kai e-skys\u010dio indikatorius rodo tu\u0161\u010di\u0105 arba, pilnai \u012fkrovus, nebejau\u010diate skonio ar gar\u0173, laikas i\u0161mesti garintuv\u0105.<\/p>\n<p><strong>2. Kiek laiko u\u017etrunka \u012fkrauti Bang Box Vape 40000?<\/strong><br \/>\nSu <strong>Bang Box Vape Tornado 40000<\/strong> yra su <strong>C tipo \u012fkrovimo prievadas<\/strong> ir <strong>850 mAh baterij\u0105<\/strong>. \u012ekrovimas paprastai trunka apie 1\u20131,5 valandos, tod\u0117l prietaisas yra paruo\u0161tas ilgalaikiam naudojimui.<\/p>\n<p><strong>3. Kiek nikotino yra \u201eBang Vape Tornado 40000\u201c?<\/strong><br \/>\nSu <strong>\u201eBang Vape Tornado 40000\u201c p\u016bstukai<\/strong> si\u016blo <strong>du nikotino stiprumo variantus<\/strong>: 2% (20 mg) ir 5% (50 mg) druskos nikotino, pritaikytus tiek vidutinio, tiek didesnio nikotino kiekio pageidaujantiems vartotojams.<\/p>\n<p><strong>4. Kaip pirkti \u201eBang Vapes\u201c dideliais kiekiais?<\/strong><br \/>\nSu <strong>Bang Box Vape Tornado 40000 Puff<\/strong> yra supakuota \u012f <strong>d\u0117\u017eutes po 10 vienet\u0173<\/strong> , tod\u0117l idealiai tinka pirkimams dideliais kiekiais. Daugelis ma\u017emeninink\u0173 ir internetini\u0173 <strong>elektronini\u0173 cigare\u010di\u0173 parduotuv\u0117s<\/strong> si\u016blo didmenines prekybos galimybes, leid\u017eian\u010dias jums apsir\u016bpinti <strong>\u201eBang Vapes\u201c<\/strong> didmenine prekyba. Susisiekimas su \u012fgaliotaisiais <strong>bang vape<\/strong> platintojais arba apsilankymas patikimoje internetin\u0117je parduotuv\u0117je <strong>Garintuv\u0173 parduotuv\u0117<\/strong> da\u017enai yra geriausias b\u016bdas pirkti dideliais kiekiais.<\/p>\n<p><strong>5. Ar galiu atsine\u0161ti vienkartin\u012f vape \u012f l\u0117ktuv\u0105?<\/strong><br \/>\nTaip, galite atsine\u0161ti vienkartinius garintuvus, tokius kaip <strong>Bang Box Vape Tornado 40000<\/strong> \u012f l\u0117ktuv\u0105, bet laikykite j\u012f savo <strong>rankiniame baga\u017ee<\/strong> registruotas baga\u017eas turi apribojimus li\u010dio baterijoms. B\u016btinai patikrinkite konkre\u010dios oro linij\u0173 bendrov\u0117s taisykles ir venkite naudoti ar \u012fkrauti garintuv\u0105 l\u0117ktuve.<\/p>\n<\/div>\n<\/div>\n<\/div>\n<h3>Apie siuntim\u0105<\/h3>\n<div class=\"flex-shrink-0 flex flex-col relative items-end\">\n<div>\n<div class=\"pt-0\">\n<div class=\"gizmo-bot-avatar flex h-8 w-8 items-center justify-center overflow-hidden rounded-full\">\n<div><\/div>\n<div class=\"relative p-1 rounded-sm flex items-center justify-center bg-token-main-surface-primary text-token-text-primary h-8 w-8\"><strong>1. Kokie siuntimo b\u016bdai naudojami?<\/strong><\/div>\n<\/div>\n<\/div>\n<\/div>\n<\/div>\n<div class=\"group\/conversation-turn relative flex w-full min-w-0 flex-col agent-turn\">\n<div class=\"flex-col gap-1 md:gap-3\">\n<div class=\"flex max-w-full flex-col flex-grow\">\n<div class=\"min-h-[20px] text-message flex w-full flex-col items-end gap-2 whitespace-normal break-words [.text-message+&amp;]:mt-5 overflow-x-auto\" dir=\"auto\" data-message-author-role=\"assistant\" data-message-id=\"22f8283b-3233-46ff-89a5-c7a41b33abda\">\n<div class=\"flex w-full flex-col gap-1 empty:hidden first:pt-[3px]\">\n<div class=\"markdown prose w-full break-words dark:prose-invert light\">\n<p>Mes bendradarbiaujame su UPS, DHL, FedEx, DPD ir kitais pirmaujan\u010diais ve\u017e\u0117jais. Mes parinksime geriausi\u0105 siuntimo b\u016bd\u0105, atsi\u017evelgdami \u012f j\u016bs\u0173 pristatymo viet\u0105, kad u\u017etikrintume, jog gaminiai jus pasieks kuo grei\u010diau.<\/p>\n<\/div>\n<p><strong>2. Per kiek laiko prek\u0117s atkeliauja?<\/strong><\/p>\n<p>\u012e Lietuv\u0105 siun\u010diami siuntiniai paprastai atvyksta per 10 darbo dien\u0173. Siuntimas \u012f Europos \u0161alis paprastai trunka apie 12\u201315 darbo dien\u0173. Mes teikiame realiuoju laiku atnaujinam\u0105 informacij\u0105 apie j\u016bs\u0173 siuntos b\u016bsen\u0105.<\/p>\n<\/div>\n<\/div>\n<\/div>\n<\/div>\n<\/div>\n<p>&nbsp;<\/p>\n<p>Raskite daugiau garintuv\u0173, kurie jums gali patikti:<strong><em><a href=\"https:\/\/rmvapesale.com\/lt\/shop-2\/\">pirkti dabar &gt;&gt;&gt;<\/a><\/em><\/strong><\/p>","protected":false},"excerpt":{"rendered":"<p>Bang Vape Tornado 40000 Puffs Didmenin\u0117 prekyba<br \/>\nBang Vape Tornado 40000 Puffs Love66 Skonis<br \/>\nPirkite Bang Disposable Vape internetu pigia kaina<\/p>\n<p><img loading=\"lazy\" decoding=\"async\" class=\"size-full wp-image-2375\" src=\"https:\/\/rmvapesale.com\/wp-content\/uploads\/2024\/10\/image.png\" alt=\"Geriausias Vienkartinis Vape\" width=\"229\" height=\"300\" \/><\/p>\n<h3><a href=\"https:\/\/wa.me\/8617776015835\"><span style=\"color: #ff0000\"><strong>WhatsApp: +86 17776015835<\/strong><\/span><\/a><\/h3>\n<p>&nbsp;<\/p>","protected":false},"featured_media":2621,"comment_status":"open","ping_status":"closed","template":"","meta":{"_uag_custom_page_level_css":"","_lmt_disableupdate":"no","_lmt_disable":"","site-sidebar-layout":"default","site-content-layout":"content-boxed-container","ast-site-content-layout":"normal-width-container","site-content-style":"boxed","site-sidebar-style":"unboxed","ast-global-header-display":"","ast-banner-title-visibility":"","ast-main-header-display":"","ast-hfb-above-header-display":"","ast-hfb-below-header-display":"","ast-hfb-mobile-header-display":"","site-post-title":"","ast-breadcrumbs-content":"","ast-featured-img":"","footer-sml-layout":"","theme-transparent-header-meta":"default","adv-header-id-meta":"","stick-header-meta":"","header-above-stick-meta":"","header-main-stick-meta":"","header-below-stick-meta":"","astra-migrate-meta-layouts":"set","ast-page-background-enabled":"default","ast-page-background-meta":{"desktop":{"background-color":"var(--ast-global-color-4)","background-image":"","background-repeat":"repeat","background-position":"center center","background-size":"auto","background-attachment":"scroll","background-type":"","background-media":"","overlay-type":"","overlay-color":"","overlay-opacity":"","overlay-gradient":""},"tablet":{"background-color":"","background-image":"","background-repeat":"repeat","background-position":"center center","background-size":"auto","background-attachment":"scroll","background-type":"","background-media":"","overlay-type":"","overlay-color":"","overlay-opacity":"","overlay-gradient":""},"mobile":{"background-color":"","background-image":"","background-repeat":"repeat","background-position":"center center","background-size":"auto","background-attachment":"scroll","background-type":"","background-media":"","overlay-type":"","overlay-color":"","overlay-opacity":"","overlay-gradient":""}},"ast-content-background-meta":{"desktop":{"background-color":"var(--ast-global-color-5)","background-image":"","background-repeat":"repeat","background-position":"center center","background-size":"auto","background-attachment":"scroll","background-type":"","background-media":"","overlay-type":"","overlay-color":"","overlay-opacity":"","overlay-gradient":""},"tablet":{"background-color":"var(--ast-global-color-5)","background-image":"","background-repeat":"repeat","background-position":"center center","background-size":"auto","background-attachment":"scroll","background-type":"","background-media":"","overlay-type":"","overlay-color":"","overlay-opacity":"","overlay-gradient":""},"mobile":{"background-color":"var(--ast-global-color-5)","background-image":"","background-repeat":"repeat","background-position":"center center","background-size":"auto","background-attachment":"scroll","background-type":"","background-media":"","overlay-type":"","overlay-color":"","overlay-opacity":"","overlay-gradient":""}},"_joinchat":[]},"product_brand":[],"product_cat":[15,25,123,26,28,135,27,60,137,136,30],"product_tag":[187,146,188,167,165,85,191,120],"class_list":{"0":"post-2620","1":"product","2":"type-product","3":"status-publish","4":"has-post-thumbnail","6":"product_cat-new-vape-this-week","7":"product_cat-germany-best-selling-vape","8":"product_cat-italy-wholesale-vape","9":"product_cat-netherlands-hot-sale-vape","10":"product_cat-poland-hot-sale-vape","11":"product_cat-spain-best-hot-sale-vape","12":"product_cat-fance-hot-sale-vape","13":"product_cat-bang-vapes","14":"product_cat-rechargeable-vapes","15":"product_cat-smart-screen-vapes","16":"product_cat-minimum-order-quantity-50pcs","17":"product_tag-bang-box-vape","18":"product_tag-best-hot-sale-vape","19":"product_tag-buy-vapes-online","20":"product_tag-disposable-vape-with-screen","21":"product_tag-rechargeable-vapes","22":"product_tag-smart-disposable-vape","23":"product_tag-vape-box","24":"product_tag-vape-wholesale","25":"desktop-align-left","26":"tablet-align-left","27":"mobile-align-left","29":"first","30":"instock","31":"sale","32":"shipping-taxable","33":"purchasable","34":"product-type-simple"},"uagb_featured_image_src":{"full":["https:\/\/rmvapesale.com\/wp-content\/uploads\/2024\/10\/Bang-Bars-40000-Vape-Wholesale.jpg",800,800,false],"thumbnail":["https:\/\/rmvapesale.com\/wp-content\/uploads\/2024\/10\/Bang-Bars-40000-Vape-Wholesale-150x150.jpg",150,150,true],"medium":["https:\/\/rmvapesale.com\/wp-content\/uploads\/2024\/10\/Bang-Bars-40000-Vape-Wholesale-300x300.jpg",300,300,true],"medium_large":["https:\/\/rmvapesale.com\/wp-content\/uploads\/2024\/10\/Bang-Bars-40000-Vape-Wholesale-768x768.jpg",768,768,true],"large":["https:\/\/rmvapesale.com\/wp-content\/uploads\/2024\/10\/Bang-Bars-40000-Vape-Wholesale.jpg",800,800,false],"1536x1536":["https:\/\/rmvapesale.com\/wp-content\/uploads\/2024\/10\/Bang-Bars-40000-Vape-Wholesale.jpg",800,800,false],"2048x2048":["https:\/\/rmvapesale.com\/wp-content\/uploads\/2024\/10\/Bang-Bars-40000-Vape-Wholesale.jpg",800,800,false],"trp-custom-language-flag":["https:\/\/rmvapesale.com\/wp-content\/uploads\/2024\/10\/Bang-Bars-40000-Vape-Wholesale.jpg",12,12,false],"woocommerce_thumbnail":["https:\/\/rmvapesale.com\/wp-content\/uploads\/2024\/10\/Bang-Bars-40000-Vape-Wholesale-300x300.jpg",300,300,true],"woocommerce_single":["https:\/\/rmvapesale.com\/wp-content\/uploads\/2024\/10\/Bang-Bars-40000-Vape-Wholesale-600x600.jpg",600,600,true],"woocommerce_gallery_thumbnail":["https:\/\/rmvapesale.com\/wp-content\/uploads\/2024\/10\/Bang-Bars-40000-Vape-Wholesale-100x100.jpg",100,100,true],"wcpr-photo-reviews":["https:\/\/rmvapesale.com\/wp-content\/uploads\/2024\/10\/Bang-Bars-40000-Vape-Wholesale.jpg",500,500,false]},"uagb_author_info":{"display_name":"AMY","author_link":"https:\/\/rmvapesale.com\/lt\/author\/"},"uagb_comment_info":0,"uagb_excerpt":"Bang Vape Tornado 40000 Puffs Wholesale Bang Vape Tornado 40000 Puffs Love66 Flavor Buy Bang Disposable Vape on Line Cheap Price WhatsApp: +86 17776015835 &nbsp;","_links":{"self":[{"href":"https:\/\/rmvapesale.com\/lt\/wp-json\/wp\/v2\/product\/2620","targetHints":{"allow":["GET"]}}],"collection":[{"href":"https:\/\/rmvapesale.com\/lt\/wp-json\/wp\/v2\/product"}],"about":[{"href":"https:\/\/rmvapesale.com\/lt\/wp-json\/wp\/v2\/types\/product"}],"replies":[{"embeddable":true,"href":"https:\/\/rmvapesale.com\/lt\/wp-json\/wp\/v2\/comments?post=2620"}],"wp:featuredmedia":[{"embeddable":true,"href":"https:\/\/rmvapesale.com\/lt\/wp-json\/wp\/v2\/media\/2621"}],"wp:attachment":[{"href":"https:\/\/rmvapesale.com\/lt\/wp-json\/wp\/v2\/media?parent=2620"}],"wp:term":[{"taxonomy":"product_brand","embeddable":true,"href":"https:\/\/rmvapesale.com\/lt\/wp-json\/wp\/v2\/product_brand?post=2620"},{"taxonomy":"product_cat","embeddable":true,"href":"https:\/\/rmvapesale.com\/lt\/wp-json\/wp\/v2\/product_cat?post=2620"},{"taxonomy":"product_tag","embeddable":true,"href":"https:\/\/rmvapesale.com\/lt\/wp-json\/wp\/v2\/product_tag?post=2620"}],"curies":[{"name":"wp","href":"https:\/\/api.w.org\/{rel}","templated":true}]}}