{"id":2628,"date":"2024-10-31T08:10:13","date_gmt":"2024-10-31T08:10:13","guid":{"rendered":"https:\/\/rmvapesale.com\/?post_type=product&#038;p=2628"},"modified":"2024-10-31T09:26:49","modified_gmt":"2024-10-31T09:26:49","slug":"bang-vape-12000-puff-rechargeable-disposable-vape-wholesale","status":"publish","type":"product","link":"https:\/\/rmvapesale.com\/lt\/product\/bang-vape-12000-puff-rechargeable-disposable-vape-wholesale\/","title":{"rendered":"Bang Vape 12000 R\u016bkali\u0173 \u012ekraunama Vienkartin\u0117 Vape Didmenin\u0117 prekyba"},"content":{"rendered":"<div class=\"B2VR9 CJHX3e\">\n<div class=\"wyccme\">\n<h1 class=\"LC20lb MBeuO DKV0Md\">Bang Vape 12000 R\u016bkali\u0173 \u012ekraunama Vienkartin\u0117 Vape Didmenin\u0117 prekyba<\/h1>\n<div class=\"flex-shrink-0 flex flex-col relative items-end\">\n<div class=\"pt-0\">\n<div class=\"gizmo-bot-avatar flex h-8 w-8 items-center justify-center overflow-hidden rounded-full\">\n<div class=\"relative p-1 rounded-sm flex items-center justify-center bg-token-main-surface-primary text-token-text-primary h-8 w-8\"><\/div>\n<p>Su <strong>Bang Vape 12000 p\u016btim\u0173 \u012fkraunamas vienkartinis vape<\/strong> suteikia galing\u0105 na\u0161um\u0105 ir \u012fvairi\u0173 skoni\u0173 pasirinkim\u0105, tod\u0117l yra populiarus vape kiekvienam, ie\u0161kan\u010diam auk\u0161tos kokyb\u0117s vienkartinio vaping patirties. Su \u012fsp\u016bdingu <strong>12 000 \u012fkv\u0117pim\u0173<\/strong> ir a <strong>\u012fkraunamu 550mAh baterija<\/strong>, \u0161is <strong>Bang Vape<\/strong> yra sukurta patogumui ir ilgalaikiam malonumui. The <strong>18ml elektroninio skys\u010dio talpa<\/strong> u\u017etikrina nuosekl\u0173 skon\u012f viso naudojimo metu, o nikotino stiprumai yra prieinami tiek <strong>0%, 2% ir 5%<\/strong> pritaikomam pasitenkinimui.<\/p>\n<p>Su lengvai naudojamu, nereikalaujan\u010diu prie\u017ei\u016bros dizainu, \u0161is <strong>Bang Vape Vienkartinis<\/strong> yra puikus tiek pradedantiesiems, tiek patyrusiems vaperiams. Patirk kokyb\u0119 su kiekvienu p\u016btimu ir m\u0117gaukis paprastumu su <strong>Bang Bars<\/strong> patogioje <strong>p\u016bstel\u0117jimo gar\u0105<\/strong> formatas.<\/p>\n<p>Nor\u0117dami i\u0161nagrin\u0117ti vis\u0105 <strong>Bang Vape 12000 P\u016b\u010di\u0173<\/strong>asortiment\u0105, apsilankykite <strong>rmvapesale<\/strong>, patikimo <strong>Garintuv\u0173 parduotuv\u0117<\/strong> si\u016blymo <strong>elektronini\u0173 cigare\u010di\u0173 didmeninei prekybai<\/strong> ir puiki\u0173 pasi\u016blym\u0173 apie <strong>Bang Box<\/strong> ir kit\u0173 <strong>Bang vienkartinis garintuvas<\/strong> produktams.<\/p>\n<p>&nbsp;<\/p>\n<\/div>\n<\/div>\n<\/div>\n<\/div>\n<\/div>\n<p><strong>Susisiekite su Amy ir gaukite tinkam\u0105 atsakym\u0105 bei vape kupon\u0105!<\/strong><\/p>\n<p><img loading=\"lazy\" decoding=\"async\" class=\"size-full wp-image-1978\" src=\"https:\/\/rmvapesale.com\/wp-content\/uploads\/2024\/09\/Disposable-Vape-Wholesale.jpg\" alt=\"Vienkartinis garintuvas didmenin\u0117 prekyba\" width=\"229\" height=\"300\" \/><\/p>\n<h3><a href=\"https:\/\/wa.me\/8617776015835\" target=\"_blank\" rel=\"noopener\"><span style=\"color: #ff0000\"><strong>WhatsApp: +86 17776015835<\/strong><\/span><\/a><\/h3>\n<p>&nbsp;<\/p>\n<h2>Bang Vape 12000 R\u016bkymo pagrindin\u0117s savyb\u0117s:<\/h2>\n<ul>\n<li><strong>Did\u017eiulis 12 000 \u012fkv\u0117pim\u0173<\/strong> su \u0161velniu, nuosekliu tiekimu<\/li>\n<li><strong>\u012ekraunama 550mAh baterija<\/strong> su Type-C jungtimi greitam \u012fkrovimui<\/li>\n<li><strong>18ml elektroninio skys\u010dio talpa<\/strong> kiekviename \u012frenginyje, u\u017etikrinant retesn\u012f keitim\u0105<\/li>\n<li><strong>Nikotin\u0173 pasirinkimai<\/strong>: Pasirinkite tarp 2% arba 5% idealiai patir\u010diai<\/li>\n<li><strong>12 nuostabi\u0173 skoni\u0173<\/strong>: M\u0117gaukit\u0117s unikaliomis galimyb\u0117mis kaip <strong>M\u0117lyni\u0173 ledas, Juodojo drakono ledas, Vy\u0161nini\u0173 kola, Arb\u016bzo burbuliukai ir Persiko ledas<\/strong><\/li>\n<\/ul>\n<h2><strong>Geriausias skonis <\/strong><strong>\u012ekraunama Bang Box Vape 12000<\/strong><\/h2>\n<p>Su <strong>Bang Box Vape 12000<\/strong> yra 12 fantasti\u0161k\u0173 skoni\u0173, kad patenkint\u0173 plat\u0173 skoni\u0173 pasirinkim\u0105, nuo gaivaus <strong>Persik\u0173 ledas<\/strong> ir saldaus <strong>Triple Berry<\/strong> \u012f a\u0161tr\u0173 skon\u012f <strong>M\u0117lyni\u0173 citrina<\/strong>. Kiti populiar\u016bs pasirinkimai yra:<\/p>\n<p>1. Arb\u016bzas <span style=\"color: #ff0000\"><strong>&gt;&gt;&gt;&gt; Kar\u0161ta!<\/strong><\/span><br \/>\n2.Bra\u0161ki\u0173 arb\u016bzas<br \/>\n3. M\u0117lyni\u0173 ledas<br \/>\n4. M\u0117lyni\u0173 aviet\u0117 <span style=\"color: #ff0000\"><strong>&gt;&gt;&gt;&gt; Kar\u0161ta!<\/strong><\/span><br \/>\n5. Bra\u0161k\u0117 mango<br \/>\n6. Juodojo drakono ledas<br \/>\n7. Vy\u0161ni\u0173 kola<br \/>\n8. M\u0117lyni\u0173 vynuog\u0117<br \/>\n9. Trij\u0173 uog\u0173 mi\u0161inys <span style=\"color: #ff0000\"><strong>&gt;&gt;&gt;&gt; Geriausias!<\/strong><\/span><br \/>\n10. Bra\u0161ki\u0173 kivis<br \/>\n11. Persik\u0173 ledas<br \/>\n12.Arb\u016bz\u0173 kramtomoji guma<\/p>\n<figure id=\"attachment_2635\" aria-describedby=\"caption-attachment-2635\" style=\"width: 600px\" class=\"wp-caption alignnone\"><img loading=\"lazy\" decoding=\"async\" class=\"wp-image-2635 size-full\" src=\"https:\/\/rmvapesale.com\/wp-content\/uploads\/2024\/10\/Bang-Vape-Dispsable-Wholesale.jpg\" alt=\"Bang Vape vienkartiniai didmenin\u0117 prekyba\" width=\"600\" height=\"1050\" srcset=\"https:\/\/rmvapesale.com\/wp-content\/uploads\/2024\/10\/Bang-Vape-Dispsable-Wholesale.jpg 600w, https:\/\/rmvapesale.com\/wp-content\/uploads\/2024\/10\/Bang-Vape-Dispsable-Wholesale-171x300.jpg 171w, https:\/\/rmvapesale.com\/wp-content\/uploads\/2024\/10\/Bang-Vape-Dispsable-Wholesale-585x1024.jpg 585w\" sizes=\"auto, (max-width: 600px) 100vw, 600px\" \/><figcaption id=\"caption-attachment-2635\" class=\"wp-caption-text\">Bang Vape vienkartiniai didmenin\u0117 prekyba<\/figcaption><\/figure>\n<h3><strong>Kod\u0117l rinktis Rmvapesale Bang 12000 R\u016bkymo vienkartin\u012f vape<\/strong><strong>?<\/strong><\/h3>\n<div class=\"flex-shrink-0 flex flex-col relative items-end\">\n<div class=\"pt-0\">\n<div class=\"gizmo-bot-avatar flex h-8 w-8 items-center justify-center overflow-hidden rounded-full\">\n<div class=\"relative p-1 rounded-sm flex items-center justify-center bg-token-main-surface-primary text-token-text-primary h-8 w-8\">\n<p>Sveiki atvyk\u0119 \u012f Rmvapesale, j\u016bs\u0173 patikim\u0105 veip\u0173 parduotuv\u0119, kurioje rasite auk\u0161\u010diausios kokyb\u0117s vienkartini\u0173 veip\u0173. Tur\u0117dami daugiau nei 5 met\u0173 patirt\u012f, si\u016blome populiarius vienkartini\u0173 veip\u0173 prek\u0117s \u017eenklus, tokius kaip Al Fakher, Vapme Vape, <a href=\"https:\/\/rmvapesale.com\/lt\/product\/vapme-crystal-7000-puffs-rechargeable-disposable-vape-price\/\">Vapme<\/a>, <a href=\"https:\/\/rmvapesale.com\/lt\/product-category\/bang-vapes\/\">Bang Vape<\/a>, Waspe, <a href=\"https:\/\/rmvapesale.com\/lt\/product\/wga-crystal-pro-max-extra-15k-puffs-disposable-vape-wholesale\/\">WGA<\/a> Garai ir<a href=\"https:\/\/rmvapesale.com\/lt\/product-category\/randm-fumot-vape\/\"> RandM Vape<\/a>.<\/p>\n<p>M\u016bs\u0173 asortimente yra kar\u0161tai parduodam\u0173 veip\u0173, toki\u0173 kaip <a href=\"https:\/\/rmvapesale.com\/lt\/product\/bang-box-vape-tornado-40000-puff-2-5-low-nicotine\/\">Bang Box Vape 40000 R\u016bkymo<\/a> ir sodraus skonio pasirinkim\u0173, toki\u0173 kaip <a href=\"https:\/\/rmvapesale.com\/lt\/product\/randm-tornado-25000-puffs-disposable-vape-wholesale\/\">RandM 25000 i\u0161p\u016btimai<\/a>. Kiekvienas produktas parenkamas atsi\u017evelgiant \u012f kokyb\u0119, vert\u0119 ir \u012fvairov\u0119, u\u017etikrinant, kad rastum\u0117te tobul\u0105 atitikmen\u012f savo poreikiams. Atraskite i\u0161skirtin\u012f aptarnavim\u0105 ir plat\u0173 auk\u0161\u010diausios kokyb\u0117s produkt\u0173 asortiment\u0105 \u201eRmvapesale\u201c.<\/p>\n<\/div>\n<h3><\/h3>\n<h3>DUK apie Bang Vape 12000 R\u016bkymo pakraunam\u0105 vienkartin\u012f Vape<\/h3>\n<ol>\n<li><strong>Kaip su\u017einoti, kada mano vienkartinis vape yra tu\u0161\u010dias?<\/strong> Kai j\u016bs\u0173 <strong>Bang Vape 12000 R\u016bkymo<\/strong> vienkartinis vape yra tu\u0161\u010dias, galite pasteb\u0117ti skonio intensyvumo ir garo gamybos suma\u017e\u0117jim\u0105. Be to, jei \u012frenginys visi\u0161kai nebegamina garo, grei\u010diausiai tai rei\u0161kia, kad e-skystis visi\u0161kai i\u0161naudotas. Pakraunamas, bet vienkartinis, jis skirtas keisti, kai i\u0161naudojamas.<\/li>\n<li><strong>Kiek laiko u\u017etrunka \u012fkrauti Bang 12000 R\u016bkymo?<\/strong> Su <strong>Bang 12000<\/strong> turi <strong>550mAh baterij\u0105<\/strong> ir paprastai u\u017etrunka apie <strong>1\u20132 valandas pilnam \u012fkrovimui<\/strong> per savo Type-C \u012fkrovimo jungt\u012f. \u0160i greito \u012fkrovimo funkcija u\u017etikrina, kad greitai v\u0117l gal\u0117tum\u0117te m\u0117gautis savo vape.<\/li>\n<li><strong>Kiek nikotino yra Bang Vape Tornado 12000?<\/strong> Su <strong>Bang Vape Tornado 12000<\/strong> si\u016blo nikotino stiprumus <strong>2% (20mg)<\/strong> ir <strong>5% (50mg)<\/strong>, leid\u017eiant jums pasirinkti jums tinkamiausi\u0105 lyg\u012f.<\/li>\n<li><strong>Kur \u012fsigyti Bang Vape didmenin\u0117mis kainomis?<\/strong> J\u016bs galite \u012fsigyti Bang Vape, \u012fskaitant <strong>Bang Vape 12000 P\u016bsl\u0117s, Bang 30k P\u016bsl\u0117s <\/strong>ir kitus populiarius modelius, didmenin\u0117mis kainomis <strong>rmvapesale<\/strong>\u012fsigyti <strong>Garintuv\u0173 parduotuv\u0117<\/strong> . \u0160is patikimas <strong>Bang vienkartini\u0173 vape<\/strong> si\u016blo \u012fvairi\u0173<\/li>\n<li><strong>Ar galiu \u012fsine\u0161ti vienkartin\u012f garintuv\u0105 \u012f l\u0117ktuv\u0105?<\/strong> tiek ma\u017emeniniams, tiek didmeniniams pirk\u0117jams.<\/li>\n<\/ol>\n<\/div>\n<\/div>\n<\/div>\n<h3>Apie siuntim\u0105<\/h3>\n<div class=\"flex-shrink-0 flex flex-col relative items-end\">\n<div>\n<div class=\"pt-0\">\n<div class=\"gizmo-bot-avatar flex h-8 w-8 items-center justify-center overflow-hidden rounded-full\">\n<div><\/div>\n<div class=\"relative p-1 rounded-sm flex items-center justify-center bg-token-main-surface-primary text-token-text-primary h-8 w-8\"><strong>Taip, galite \u012fsine\u0161ti vienkartin\u012f vape \u012f l\u0117ktuv\u0105, ta\u010diau jis tur\u0117t\u0173 b\u016bti laikomas j\u016bs\u0173 rankiniame baga\u017ee, pagal oro linij\u0173 taisykles d\u0117l elektronini\u0173 \u012frengini\u0173. Prie\u0161 skryd\u012f b\u016btinai pasitikrinkite su oro linijomis ir venkite naudoti j\u012f skryd\u017eio metu.<\/strong><\/div>\n<\/div>\n<\/div>\n<\/div>\n<\/div>\n<div class=\"group\/conversation-turn relative flex w-full min-w-0 flex-col agent-turn\">\n<div class=\"flex-col gap-1 md:gap-3\">\n<div class=\"flex max-w-full flex-col flex-grow\">\n<div class=\"min-h-[20px] text-message flex w-full flex-col items-end gap-2 whitespace-normal break-words [.text-message+&amp;]:mt-5 overflow-x-auto\" dir=\"auto\" data-message-author-role=\"assistant\" data-message-id=\"22f8283b-3233-46ff-89a5-c7a41b33abda\">\n<div class=\"flex w-full flex-col gap-1 empty:hidden first:pt-[3px]\">\n<div class=\"markdown prose w-full break-words dark:prose-invert light\">\n<p>Mes bendradarbiaujame su UPS, DHL, FedEx, DPD ir kitais pirmaujan\u010diais ve\u017e\u0117jais. Mes parinksime geriausi\u0105 siuntimo b\u016bd\u0105, atsi\u017evelgdami \u012f j\u016bs\u0173 pristatymo viet\u0105, kad u\u017etikrintume, jog gaminiai jus pasieks kuo grei\u010diau.<\/p>\n<\/div>\n<p><strong>2. Per kiek laiko prek\u0117s atkeliauja?<\/strong><\/p>\n<p>\u012e Lietuv\u0105 siun\u010diami siuntiniai paprastai atvyksta per 10 darbo dien\u0173. Siuntimas \u012f Europos \u0161alis paprastai trunka apie 12\u201315 darbo dien\u0173. Mes teikiame realiuoju laiku atnaujinam\u0105 informacij\u0105 apie j\u016bs\u0173 siuntos b\u016bsen\u0105.<\/p>\n<\/div>\n<\/div>\n<\/div>\n<\/div>\n<\/div>\n<p>&nbsp;<\/p>\n<p>Raskite daugiau garintuv\u0173, kurie jums gali patikti:<strong><em><a href=\"https:\/\/rmvapesale.com\/lt\/shop-2\/\">pirkti dabar &gt;&gt;&gt;<\/a><\/em><\/strong><\/p>","protected":false},"excerpt":{"rendered":"<p>Originalus Bang Vape 12000 R\u016bkali\u0173 Didmenin\u0117 kaina<br \/>\nBang 12000 R\u016bkali\u0173 \u012ekraunamas Vape Didmenin\u0117 pirkimas<br \/>\nPirkti Bang Vienkartin\u012f Vape 0% 2% 3% 5% Nikotinas<\/p>\n<p><img loading=\"lazy\" decoding=\"async\" class=\"size-full wp-image-2375\" src=\"https:\/\/rmvapesale.com\/wp-content\/uploads\/2024\/10\/image.png\" alt=\"Geriausias Vienkartinis Vape\" width=\"229\" height=\"300\" \/><\/p>\n<h3><a href=\"https:\/\/wa.me\/8617776015835\"><span style=\"color: #ff0000\"><strong>WhatsApp: +86 17776015835<\/strong><\/span><\/a><\/h3>\n<p>&nbsp;<\/p>","protected":false},"featured_media":2633,"comment_status":"open","ping_status":"closed","template":"","meta":{"_uag_custom_page_level_css":"","_lmt_disableupdate":"no","_lmt_disable":"","site-sidebar-layout":"default","site-content-layout":"content-boxed-container","ast-site-content-layout":"normal-width-container","site-content-style":"boxed","site-sidebar-style":"unboxed","ast-global-header-display":"","ast-banner-title-visibility":"","ast-main-header-display":"","ast-hfb-above-header-display":"","ast-hfb-below-header-display":"","ast-hfb-mobile-header-display":"","site-post-title":"","ast-breadcrumbs-content":"","ast-featured-img":"","footer-sml-layout":"","theme-transparent-header-meta":"default","adv-header-id-meta":"","stick-header-meta":"","header-above-stick-meta":"","header-main-stick-meta":"","header-below-stick-meta":"","astra-migrate-meta-layouts":"set","ast-page-background-enabled":"default","ast-page-background-meta":{"desktop":{"background-color":"var(--ast-global-color-4)","background-image":"","background-repeat":"repeat","background-position":"center center","background-size":"auto","background-attachment":"scroll","background-type":"","background-media":"","overlay-type":"","overlay-color":"","overlay-opacity":"","overlay-gradient":""},"tablet":{"background-color":"","background-image":"","background-repeat":"repeat","background-position":"center center","background-size":"auto","background-attachment":"scroll","background-type":"","background-media":"","overlay-type":"","overlay-color":"","overlay-opacity":"","overlay-gradient":""},"mobile":{"background-color":"","background-image":"","background-repeat":"repeat","background-position":"center center","background-size":"auto","background-attachment":"scroll","background-type":"","background-media":"","overlay-type":"","overlay-color":"","overlay-opacity":"","overlay-gradient":""}},"ast-content-background-meta":{"desktop":{"background-color":"var(--ast-global-color-5)","background-image":"","background-repeat":"repeat","background-position":"center center","background-size":"auto","background-attachment":"scroll","background-type":"","background-media":"","overlay-type":"","overlay-color":"","overlay-opacity":"","overlay-gradient":""},"tablet":{"background-color":"var(--ast-global-color-5)","background-image":"","background-repeat":"repeat","background-position":"center center","background-size":"auto","background-attachment":"scroll","background-type":"","background-media":"","overlay-type":"","overlay-color":"","overlay-opacity":"","overlay-gradient":""},"mobile":{"background-color":"var(--ast-global-color-5)","background-image":"","background-repeat":"repeat","background-position":"center center","background-size":"auto","background-attachment":"scroll","background-type":"","background-media":"","overlay-type":"","overlay-color":"","overlay-opacity":"","overlay-gradient":""}},"_joinchat":[]},"product_brand":[],"product_cat":[15,25,123,26,28,135,27,60,137,136,30],"product_tag":[187,199,146,188,167,165,191,120],"class_list":{"0":"post-2628","1":"product","2":"type-product","3":"status-publish","4":"has-post-thumbnail","6":"product_cat-new-vape-this-week","7":"product_cat-germany-best-selling-vape","8":"product_cat-italy-wholesale-vape","9":"product_cat-netherlands-hot-sale-vape","10":"product_cat-poland-hot-sale-vape","11":"product_cat-spain-best-hot-sale-vape","12":"product_cat-fance-hot-sale-vape","13":"product_cat-bang-vapes","14":"product_cat-rechargeable-vapes","15":"product_cat-smart-screen-vapes","16":"product_cat-minimum-order-quantity-50pcs","17":"product_tag-bang-box-vape","18":"product_tag-bang-vape","19":"product_tag-best-hot-sale-vape","20":"product_tag-buy-vapes-online","21":"product_tag-disposable-vape-with-screen","22":"product_tag-rechargeable-vapes","23":"product_tag-vape-box","24":"product_tag-vape-wholesale","25":"desktop-align-left","26":"tablet-align-left","27":"mobile-align-left","29":"first","30":"instock","31":"sale","32":"shipping-taxable","33":"purchasable","34":"product-type-simple"},"uagb_featured_image_src":{"full":["https:\/\/rmvapesale.com\/wp-content\/uploads\/2024\/10\/Bang-Rechargeable-Vape-12000-Puff-Wholesale.jpg",600,634,false],"thumbnail":["https:\/\/rmvapesale.com\/wp-content\/uploads\/2024\/10\/Bang-Rechargeable-Vape-12000-Puff-Wholesale-150x150.jpg",150,150,true],"medium":["https:\/\/rmvapesale.com\/wp-content\/uploads\/2024\/10\/Bang-Rechargeable-Vape-12000-Puff-Wholesale-284x300.jpg",284,300,true],"medium_large":["https:\/\/rmvapesale.com\/wp-content\/uploads\/2024\/10\/Bang-Rechargeable-Vape-12000-Puff-Wholesale.jpg",600,634,false],"large":["https:\/\/rmvapesale.com\/wp-content\/uploads\/2024\/10\/Bang-Rechargeable-Vape-12000-Puff-Wholesale.jpg",600,634,false],"1536x1536":["https:\/\/rmvapesale.com\/wp-content\/uploads\/2024\/10\/Bang-Rechargeable-Vape-12000-Puff-Wholesale.jpg",600,634,false],"2048x2048":["https:\/\/rmvapesale.com\/wp-content\/uploads\/2024\/10\/Bang-Rechargeable-Vape-12000-Puff-Wholesale.jpg",600,634,false],"trp-custom-language-flag":["https:\/\/rmvapesale.com\/wp-content\/uploads\/2024\/10\/Bang-Rechargeable-Vape-12000-Puff-Wholesale.jpg",11,12,false],"woocommerce_thumbnail":["https:\/\/rmvapesale.com\/wp-content\/uploads\/2024\/10\/Bang-Rechargeable-Vape-12000-Puff-Wholesale-300x300.jpg",300,300,true],"woocommerce_single":["https:\/\/rmvapesale.com\/wp-content\/uploads\/2024\/10\/Bang-Rechargeable-Vape-12000-Puff-Wholesale.jpg",600,634,false],"woocommerce_gallery_thumbnail":["https:\/\/rmvapesale.com\/wp-content\/uploads\/2024\/10\/Bang-Rechargeable-Vape-12000-Puff-Wholesale-100x100.jpg",100,100,true],"wcpr-photo-reviews":["https:\/\/rmvapesale.com\/wp-content\/uploads\/2024\/10\/Bang-Rechargeable-Vape-12000-Puff-Wholesale.jpg",473,500,false]},"uagb_author_info":{"display_name":"AMY","author_link":"https:\/\/rmvapesale.com\/lt\/author\/"},"uagb_comment_info":0,"uagb_excerpt":"Original Bang Vape 12000 Puffs Wholesale Price Bang 12000 Puffs Rechargeable Vape Bulk Buy Buy Bang Disposable Vape 0% 2% 3% 5% Nicotine WhatsApp: +86 17776015835 &nbsp;","_links":{"self":[{"href":"https:\/\/rmvapesale.com\/lt\/wp-json\/wp\/v2\/product\/2628","targetHints":{"allow":["GET"]}}],"collection":[{"href":"https:\/\/rmvapesale.com\/lt\/wp-json\/wp\/v2\/product"}],"about":[{"href":"https:\/\/rmvapesale.com\/lt\/wp-json\/wp\/v2\/types\/product"}],"replies":[{"embeddable":true,"href":"https:\/\/rmvapesale.com\/lt\/wp-json\/wp\/v2\/comments?post=2628"}],"wp:featuredmedia":[{"embeddable":true,"href":"https:\/\/rmvapesale.com\/lt\/wp-json\/wp\/v2\/media\/2633"}],"wp:attachment":[{"href":"https:\/\/rmvapesale.com\/lt\/wp-json\/wp\/v2\/media?parent=2628"}],"wp:term":[{"taxonomy":"product_brand","embeddable":true,"href":"https:\/\/rmvapesale.com\/lt\/wp-json\/wp\/v2\/product_brand?post=2628"},{"taxonomy":"product_cat","embeddable":true,"href":"https:\/\/rmvapesale.com\/lt\/wp-json\/wp\/v2\/product_cat?post=2628"},{"taxonomy":"product_tag","embeddable":true,"href":"https:\/\/rmvapesale.com\/lt\/wp-json\/wp\/v2\/product_tag?post=2628"}],"curies":[{"name":"wp","href":"https:\/\/api.w.org\/{rel}","templated":true}]}}