{"id":2644,"date":"2024-11-01T03:33:21","date_gmt":"2024-11-01T03:33:21","guid":{"rendered":"https:\/\/rmvapesale.com\/?post_type=product&#038;p=2644"},"modified":"2024-11-01T07:28:51","modified_gmt":"2024-11-01T07:28:51","slug":"puff-vape-cold-mountain-alps-30000-shisha-hookah-bar-wholesale","status":"publish","type":"product","link":"https:\/\/rmvapesale.com\/lt\/product\/puff-vape-cold-mountain-alps-30000-shisha-hookah-bar-wholesale\/","title":{"rendered":"Puff Vape \u0160altas Kalnas ALPS 30000 \u0160i\u0161a Vamzdis Didmenin\u0117 prekyba"},"content":{"rendered":"<div class=\"B2VR9 CJHX3e\">\n<div class=\"wyccme\">\n<h1 class=\"LC20lb MBeuO DKV0Md\">Puff Vape Cold Mountain ALPS 30000 \u0160i\u0161os \u017eiebtuv\u0117lis didmenin\u0117 kaina<\/h1>\n<div class=\"flex-shrink-0 flex flex-col relative items-end\">\n<div class=\"pt-0\">\n<div class=\"gizmo-bot-avatar flex h-8 w-8 items-center justify-center overflow-hidden rounded-full\">\n<div class=\"relative p-1 rounded-sm flex items-center justify-center bg-token-main-surface-primary text-token-text-primary h-8 w-8\">\n<p>Su <strong>Puff Vape Cold Mountain ALPS \u0160i\u0161os \u017eiebtuv\u0117lis\u00a0<\/strong>yra auk\u0161\u010diausios kokyb\u0117s \u012frenginys, kuris suteikia i\u0161skirtin\u0119 vaping patirt\u012f, idealiai tinka tiems, kurie vertina ilgaam\u017ei\u0161kum\u0105 ir na\u0161um\u0105. Su nuostabiu <strong>30 000 \u012fkv\u0117pim\u0173<\/strong>, \u0161is <strong>vienkartinio garintuvo<\/strong> sukurtas b\u016bti ilgaam\u017eis ir suteikti nuolatin\u012f pasitenkinim\u0105.<\/p>\n<p>Su <strong>Cold Mountain ALPS<\/strong> yra naujausias vienkartini\u0173 elektronini\u0173 cigare\u010di\u0173 inovacij\u0173 sprendimas, si\u016blantis efektyvesn\u012f ir ekonomi\u0161kesn\u012f sprendim\u0105 nei kiti \u012frenginiai, taupydamas <strong>10-20%<\/strong> bendrai naudojant. Be to, integruotas <strong>LED ekranas<\/strong> pa\u0161alina sp\u0117liones d\u0117l vaping, ai\u0161kiai rodo j\u016bs\u0173 baterijos ir elektroninio skys\u010dio b\u016bsen\u0105 realiu laiku. Apr\u016bpintas <strong>0,5 om\u0173 tinklelio rit\u0117<\/strong>, Cold Mountain ALPS <strong>\u0161alikas \u0161i\u0161os <\/strong>pasi\u017eymi skoniu kiekvieno \u012fkv\u0117pimo metu, suteikdama \u0161veln\u0173 ir turting\u0105 gar\u0105. Jo \u012fsp\u016bdingas <strong>35 ml e-skys\u010dio talp\u0105<\/strong> suma\u017eina da\u017en\u0173 keitim\u0173 poreik\u012f, idealiai tinka ilgesniam naudojimui. Pasirinkite i\u0161 ma\u017eo nikotino stiprumo<strong> 2%<\/strong>, pritaikyto j\u016bs\u0173 asmeniniams pageidavimams.<\/p>\n<p>\u0160is <strong>\u0161aliko vape<\/strong> \u012frenginys turi patikim\u0105 <strong>850 mAh \u012fkraunama baterija<\/strong>, u\u017etikrinant galing\u0105 veikim\u0105 viso tarnavimo laikotarpio metu. \u0160i <strong>C tipo \u012fkrovimas<\/strong> technologija suteikia greit\u0105 ir efektyvi\u0105 \u012fkrovim\u0105, suma\u017eindama prastov\u0173 laik\u0105 ir i\u0161laikydama j\u016bs\u0173 vape paruo\u0161t\u0105 naudoti. Papildomai patogumui, vape turi i\u0161man\u0173j\u012f <strong>LCD skaitmeninis ekranas<\/strong> kuris rodo likusios baterijos \u012fkrovos ir e-skys\u010dio lygius, leid\u017eiant lengvai steb\u0117ti b\u016bsen\u0105.<\/p>\n<p>Atraskite prabangi\u0105 ir visi\u0161kai reguliuojam\u0105 <strong>kaljan\u0173 baras<\/strong> patirt\u012f su <strong>Cold Mountain ALPS vienkartinis vape<\/strong>. Pakelkite savo vaping \u017eaidim\u0105 su <strong>didmeniniams garintuvams<\/strong>, kuris yra prieinamas didmeninei prekybai konkurencinga kaina. Raskite tai ir daugiau savo patikimame <strong>p\u016bstel\u0117jimo gar\u0105<\/strong> tiek\u0117j\u0173, kur kokyb\u0117 ir veikimas susitinka su prieinamumu.<\/p>\n<\/div>\n<\/div>\n<\/div>\n<\/div>\n<\/div>\n<\/div>\n<p><strong>Susisiekite su Amy ir gaukite tinkam\u0105 atsakym\u0105 bei vape kupon\u0105!<\/strong><\/p>\n<p><img loading=\"lazy\" decoding=\"async\" class=\"size-full wp-image-1978\" src=\"https:\/\/rmvapesale.com\/wp-content\/uploads\/2024\/09\/Disposable-Vape-Wholesale.jpg\" alt=\"Vienkartinis garintuvas didmenin\u0117 prekyba\" width=\"229\" height=\"300\" \/><\/p>\n<h3><a href=\"https:\/\/wa.me\/8617776015835\" target=\"_blank\" rel=\"noopener\"><span style=\"color: #ff0000\"><strong>WhatsApp: +86 17776015835<\/strong><\/span><\/a><\/h3>\n<p>&nbsp;<\/p>\n<h2><\/h2>\n<h2><strong>Puff Vape Cold Mountain ALPS 30000 <\/strong><strong>Pagrindin\u0117s savyb\u0117s<\/strong><\/h2>\n<p>Tipas: \u012ekraunamas vape<br \/>\nE-skystis: 35ml<br \/>\nTinklelio rit\u0117: Didelis d\u016bmas<br \/>\n\u012ekv\u0117pim\u0173: 30000 \u012fkv\u0117pim\u0173<br \/>\nVar\u017ea: 0,5\u03a9<br \/>\nDruskingas nikotinas: 2%<br \/>\nApa\u010dioje Type-C \u012fkrovimas<br \/>\nEkranas<\/p>\n<figure id=\"attachment_2643\" aria-describedby=\"caption-attachment-2643\" style=\"width: 800px\" class=\"wp-caption alignnone\"><img loading=\"lazy\" decoding=\"async\" class=\"wp-image-2643 size-full\" src=\"https:\/\/rmvapesale.com\/wp-content\/uploads\/2024\/11\/Wholesale-COLD-MOUNTAIN-ALPS-30000-Disposable-Vape.jpg\" alt=\"Didmenin\u0117 COLD MOUNTAIN ALPS 30000 vienkartinis vape\" width=\"800\" height=\"800\" srcset=\"https:\/\/rmvapesale.com\/wp-content\/uploads\/2024\/11\/Wholesale-COLD-MOUNTAIN-ALPS-30000-Disposable-Vape.jpg 800w, https:\/\/rmvapesale.com\/wp-content\/uploads\/2024\/11\/Wholesale-COLD-MOUNTAIN-ALPS-30000-Disposable-Vape-300x300.jpg 300w, https:\/\/rmvapesale.com\/wp-content\/uploads\/2024\/11\/Wholesale-COLD-MOUNTAIN-ALPS-30000-Disposable-Vape-150x150.jpg 150w, https:\/\/rmvapesale.com\/wp-content\/uploads\/2024\/11\/Wholesale-COLD-MOUNTAIN-ALPS-30000-Disposable-Vape-768x768.jpg 768w, https:\/\/rmvapesale.com\/wp-content\/uploads\/2024\/11\/Wholesale-COLD-MOUNTAIN-ALPS-30000-Disposable-Vape-600x600.jpg 600w, https:\/\/rmvapesale.com\/wp-content\/uploads\/2024\/11\/Wholesale-COLD-MOUNTAIN-ALPS-30000-Disposable-Vape-100x100.jpg 100w\" sizes=\"auto, (max-width: 800px) 100vw, 800px\" \/><figcaption id=\"caption-attachment-2643\" class=\"wp-caption-text\">Didmenin\u0117 COLD MOUNTAIN ALPS 30000 vienkartinis vape<\/figcaption><\/figure>\n<h2><strong>Geriausias skonis <\/strong><strong>Puff Vape Cold Mountain ALPS 30000 p\u016btim\u0173<\/strong><\/h2>\n<p>1. Drakon\u0173 Melionas<br \/>\n2. Bra\u0161ki\u0173 arb\u016bzas\u00a0 <span style=\"color: #ff0000\"><strong>&gt;&gt;&gt;&gt; Kar\u0161ta!<\/strong><\/span><br \/>\n3. Ro\u017ein\u0117 Lemona<br \/>\n4. Juoda Led\u0173 Drakono Vaisi\u0173 Bra\u0161k\u0117<br \/>\n5. Pasifloros Kivi<br \/>\n6. Arb\u016bzas<br \/>\n7. Bra\u0161ki\u0173 bananas<br \/>\n8. Aloe Vynuog\u0117<br \/>\n9. M\u0117lyni\u0173 Vy\u0161ni\u0173 Kolos <span style=\"color: #ff0000\"><strong>&gt;&gt;&gt;&gt; Geriausias!<\/strong><\/span><br \/>\n10. Mangas<\/p>\n<p>&nbsp;<\/p>\n<h3><strong>Kod\u0117l verta rinktis Rmvapesale <\/strong><strong>ALPIOS\u00a0<\/strong><strong>\u012ekraunamas 30000 P\u016b\u010di\u0173 Vape<\/strong><strong>?<\/strong><\/h3>\n<div class=\"flex-shrink-0 flex flex-col relative items-end\">\n<div class=\"pt-0\">\n<div class=\"gizmo-bot-avatar flex h-8 w-8 items-center justify-center overflow-hidden rounded-full\">\n<div class=\"relative p-1 rounded-sm flex items-center justify-center bg-token-main-surface-primary text-token-text-primary h-8 w-8\">\n<p>Pasirink\u0119 Rmvapesale didmeniniams vienkartini\u0173 garintuv\u0173 poreikiams, gausite naudos i\u0161:<\/p>\n<ul>\n<li><strong>Konkurencinga Kaina<\/strong>: Gaukite patrauklias didmenines kainas, kurios padidins j\u016bs\u0173 verslo mar\u017eas.<\/li>\n<li><strong>Auk\u0161ta Kokyb\u0117<\/strong>: M\u016bs\u0173 garintuvai gaminami pagal auk\u0161\u010diausius standartus ir <span style=\"color: #ff0000\"><strong>garantuotai 100% original\u016bs ir autenti\u0161ki, kitaip u\u017e padirbtas prekes bus atlyginta 10 kart\u0173!<\/strong><\/span><\/li>\n<li><strong>Puikus klient\u0173 aptarnavimas<\/strong>: M\u016bs\u0173 atsidavusi komanda visada pasiruo\u0161usi jums pad\u0117ti, kad pirkimo procesas b\u016bt\u0173 sklandus ir be r\u016bpes\u010di\u0173.<\/li>\n<li><strong>Greitas pristatymas<\/strong>: Tik\u0117kit\u0117s greito ir patikimo pristatymo, u\u017etikrinan\u010dio, kad j\u016bs\u0173 u\u017esakymai visada atvykt\u0173 laiku.<\/li>\n<\/ul>\n<\/div>\n<h3><\/h3>\n<div class=\"relative p-1 rounded-sm flex items-center justify-center bg-token-main-surface-primary text-token-text-primary h-8 w-8\">\n<h3><b>Cold Mountain ALPIOS 30000 \u0160i\u0161a DUK\u00a0<\/b><\/h3>\n<\/div>\n<ol>\n<li><strong>Kaip su\u017einoti, kada mano vienkartinis vape yra tu\u0161\u010dias?<\/strong>\n<ul>\n<li>Su <strong>Cold Mountain ALPS 30000<\/strong> yra apr\u016bpintas <strong>LCD skaitmeninis ekranas<\/strong> kuris rodo likusio e-\u016bdens lyg\u012f. Kai ekranas rodo, kad e-liquido lygis yra \u017eemas arba patiriate reik\u0161ming\u0105 garo gamybos ir skonio suma\u017e\u0117jim\u0105, laikas keisti vienkartin\u012f vape.<\/li>\n<\/ul>\n<\/li>\n<li><strong>Kiek laiko u\u017etrunka \u012fkrauti Puff Vape Cold Mountain ALPS 30000?<\/strong>\n<ul>\n<li>Su <strong>Cold Mountain ALPS 30000<\/strong> savyb\u0117s <strong>Type-C \u012fkrovimo technologija<\/strong>, kuri u\u017etikrina greit\u0105 ir efektyv\u0173 \u012fkrovim\u0105. Vidutini\u0161kai, \u012frenginiui visi\u0161kai \u012fkrauti reikalinga apie <strong>1-2 valandas<\/strong> priklausomai nuo maitinimo \u0161altinio.<\/li>\n<\/ul>\n<\/li>\n<li><strong>Kiek nikotino yra Cold Mountain ALPS 30000 Shisha?<\/strong>\n<ul>\n<li>Su <strong>Cold Mountain ALPS 30000 Shisha<\/strong> si\u016blo skirtingus nikotino stiprumo variantus <strong>2%.<\/strong><\/li>\n<\/ul>\n<\/li>\n<li><strong>Kur \u012fsigyti Puff Vape didmenine kaina?<\/strong>\n<ul>\n<li>J\u016bs galite \u012fsigyti <strong>Puff Vape Cold Mountain ALPS 30000<\/strong> ir kit\u0173 <strong>didmeniniams garintuvams<\/strong> patikim\u0173 tiek\u0117j\u0173, toki\u0173 kaip <strong>rmvapesale<\/strong> arba specializuot\u0173 <strong>elektronini\u0173 cigare\u010di\u0173 parduotuv\u0117s<\/strong> kur si\u016bloma didmenin\u0117 pirkimo galimyb\u0117. Patikrinkite j\u0173 interneto platformas d\u0117l konkurencing\u0173 didmenini\u0173 kain\u0173.<\/li>\n<\/ul>\n<\/li>\n<li><strong>Ar galiu \u012fsine\u0161ti vienkartin\u012f garintuv\u0105 \u012f l\u0117ktuv\u0105?<\/strong>\n<ul>\n<li>Taip, galite \u012fsine\u0161ti <strong>vienkartinio garintuvo<\/strong> skryd\u017eio metu, bet jis turi b\u016bti \u012fdedamas \u012f j\u016bs\u0173 <strong>rankin\u012f baga\u017e\u0105<\/strong>, o ne \u012f registruot\u0105 baga\u017e\u0105, d\u0117l oro linij\u0173 saugumo reikalavim\u0173, susijusi\u0173 su li\u010dio baterijomis. U\u017etikrinkite, kad \u012frenginys b\u016bt\u0173 i\u0161jungtas ir laikykit\u0117s bet koki\u0173 oro linij\u0173 nustatyt\u0173 gairi\u0173. Visada pasitikrinkite su oro linijomis prie\u0161 kelion\u0119.<\/li>\n<\/ul>\n<\/li>\n<\/ol>\n<\/div>\n<\/div>\n<\/div>\n<h3>Apie siuntim\u0105<\/h3>\n<div class=\"flex-shrink-0 flex flex-col relative items-end\">\n<div>\n<div class=\"pt-0\">\n<div class=\"gizmo-bot-avatar flex h-8 w-8 items-center justify-center overflow-hidden rounded-full\">\n<div><\/div>\n<div class=\"relative p-1 rounded-sm flex items-center justify-center bg-token-main-surface-primary text-token-text-primary h-8 w-8\"><strong>1. Kokie siuntimo b\u016bdai naudojami?<\/strong><\/div>\n<\/div>\n<\/div>\n<\/div>\n<\/div>\n<div class=\"group\/conversation-turn relative flex w-full min-w-0 flex-col agent-turn\">\n<div class=\"flex-col gap-1 md:gap-3\">\n<div class=\"flex max-w-full flex-col flex-grow\">\n<div class=\"min-h-[20px] text-message flex w-full flex-col items-end gap-2 whitespace-normal break-words [.text-message+&amp;]:mt-5 overflow-x-auto\" dir=\"auto\" data-message-author-role=\"assistant\" data-message-id=\"22f8283b-3233-46ff-89a5-c7a41b33abda\">\n<div class=\"flex w-full flex-col gap-1 empty:hidden first:pt-[3px]\">\n<div class=\"markdown prose w-full break-words dark:prose-invert light\">\n<p>Mes bendradarbiaujame su UPS, DHL, FedEx, DPD ir kitais pirmaujan\u010diais ve\u017e\u0117jais. Mes parinksime geriausi\u0105 siuntimo b\u016bd\u0105, atsi\u017evelgdami \u012f j\u016bs\u0173 pristatymo viet\u0105, kad u\u017etikrintume, jog gaminiai jus pasieks kuo grei\u010diau.<\/p>\n<\/div>\n<p><strong>2. Per kiek laiko prek\u0117s atkeliauja?<\/strong><\/p>\n<p>\u012e Lietuv\u0105 siun\u010diami siuntiniai paprastai atvyksta per 10 darbo dien\u0173. Siuntimas \u012f Europos \u0161alis paprastai trunka apie 12\u201315 darbo dien\u0173. Mes teikiame realiuoju laiku atnaujinam\u0105 informacij\u0105 apie j\u016bs\u0173 siuntos b\u016bsen\u0105.<\/p>\n<\/div>\n<\/div>\n<\/div>\n<\/div>\n<\/div>\n<p>&nbsp;<\/p>\n<p>Kiti populiar\u016bs garintuvai, kurie jums gali patikti:<\/p>\n<p><a href=\"https:\/\/rmvapesale.com\/lt\/product\/full-screen-disposable-vape-hzko-supernova-30000-puffs-wholesale\/\"><strong>HZKO \"Supernova 25000\" p\u016bstukai\u00a0 \u00a0<span style=\"color: #ff0000\">&gt;&gt;&gt;&gt; pirmyn!<\/span><\/strong><\/a><\/p>\n<p><strong><a href=\"https:\/\/rmvapesale.com\/lt\/product\/poco-sl15000-disposable-vape-5-nicotine-smart-vape\/\">POCO SL15000 vienkartinis garintuvas <span style=\"color: #ff0000\">&gt;&gt;&gt;&gt; pirmyn!<\/span><\/a>\u00a0<\/strong><\/p>\n<p><a href=\"https:\/\/rmvapesale.com\/lt\/product\/original-randm-vape-digital-puff-12000-fumot-factory-price\/\"><strong>Fumot Vape 12000 \u012ftraukim\u0173 <span style=\"color: #ff0000\">&gt;&gt;&gt;&gt; pirmyn!<\/span><\/strong><\/a><\/p>\n<p>&nbsp;<\/p>\n<p>&nbsp;<\/p>\n<p>Raskite daugiau garintuv\u0173, kurie jums gali patikti:<strong><em><a href=\"https:\/\/rmvapesale.com\/lt\/shop-2\/\">pirkti dabar &gt;&gt;&gt;<\/a><\/em><\/strong><\/p>","protected":false},"excerpt":{"rendered":"<p>Cold Mountain Alps vienkartinis vape su 30 t\u016bkst. p\u016btim\u0173<br \/>\nPod Cold Mountain Alps 30000 p\u016btim\u0173 ES sand\u0117lis<br \/>\nDidmenin\u0117 prekyba COLD MOUNTAIN ALPS 30000 p\u016btim\u0173 vienkartinis<br \/>\n<span style=\"color: #ff0000\">(Siun\u010diama i\u0161 ES sand\u0117lio ir atkeliauja per 3\u20137 dienas \u012f daugum\u0105 Europos \u0161ali\u0173, toki\u0173 kaip Nyderlandai, Pranc\u016bzija, Italija, Ispanija, \u0160veicarija, \u0160vedija, Lenkija ir kt.)<\/span><\/p>\n<p><img loading=\"lazy\" decoding=\"async\" class=\"size-full wp-image-2375\" src=\"https:\/\/rmvapesale.com\/wp-content\/uploads\/2024\/10\/image.png\" alt=\"Geriausias Vienkartinis Vape\" width=\"229\" height=\"300\" \/><\/p>\n<h3><a href=\"https:\/\/wa.me\/8617776015835\"><span style=\"color: #ff0000\"><strong>WhatsApp: +86 17776015835<\/strong><\/span><\/a><\/h3>\n<p>&nbsp;<\/p>","protected":false},"featured_media":2641,"comment_status":"open","ping_status":"closed","template":"","meta":{"_uag_custom_page_level_css":"","_lmt_disableupdate":"no","_lmt_disable":"","site-sidebar-layout":"default","site-content-layout":"content-boxed-container","ast-site-content-layout":"normal-width-container","site-content-style":"boxed","site-sidebar-style":"unboxed","ast-global-header-display":"","ast-banner-title-visibility":"","ast-main-header-display":"","ast-hfb-above-header-display":"","ast-hfb-below-header-display":"","ast-hfb-mobile-header-display":"","site-post-title":"","ast-breadcrumbs-content":"","ast-featured-img":"","footer-sml-layout":"","theme-transparent-header-meta":"default","adv-header-id-meta":"","stick-header-meta":"","header-above-stick-meta":"","header-main-stick-meta":"","header-below-stick-meta":"","astra-migrate-meta-layouts":"set","ast-page-background-enabled":"default","ast-page-background-meta":{"desktop":{"background-color":"var(--ast-global-color-4)","background-image":"","background-repeat":"repeat","background-position":"center center","background-size":"auto","background-attachment":"scroll","background-type":"","background-media":"","overlay-type":"","overlay-color":"","overlay-opacity":"","overlay-gradient":""},"tablet":{"background-color":"","background-image":"","background-repeat":"repeat","background-position":"center center","background-size":"auto","background-attachment":"scroll","background-type":"","background-media":"","overlay-type":"","overlay-color":"","overlay-opacity":"","overlay-gradient":""},"mobile":{"background-color":"","background-image":"","background-repeat":"repeat","background-position":"center center","background-size":"auto","background-attachment":"scroll","background-type":"","background-media":"","overlay-type":"","overlay-color":"","overlay-opacity":"","overlay-gradient":""}},"ast-content-background-meta":{"desktop":{"background-color":"var(--ast-global-color-5)","background-image":"","background-repeat":"repeat","background-position":"center center","background-size":"auto","background-attachment":"scroll","background-type":"","background-media":"","overlay-type":"","overlay-color":"","overlay-opacity":"","overlay-gradient":""},"tablet":{"background-color":"var(--ast-global-color-5)","background-image":"","background-repeat":"repeat","background-position":"center center","background-size":"auto","background-attachment":"scroll","background-type":"","background-media":"","overlay-type":"","overlay-color":"","overlay-opacity":"","overlay-gradient":""},"mobile":{"background-color":"var(--ast-global-color-5)","background-image":"","background-repeat":"repeat","background-position":"center center","background-size":"auto","background-attachment":"scroll","background-type":"","background-media":"","overlay-type":"","overlay-color":"","overlay-opacity":"","overlay-gradient":""}},"_joinchat":[]},"product_brand":[],"product_cat":[15,195,25,123,26,28,135,27,137,136,30],"product_tag":[146,188,167,197,165,180,154,191,196,120],"class_list":{"0":"post-2644","1":"product","2":"type-product","3":"status-publish","4":"has-post-thumbnail","6":"product_cat-new-vape-this-week","7":"product_cat-germany-warehouse","8":"product_cat-germany-best-selling-vape","9":"product_cat-italy-wholesale-vape","10":"product_cat-netherlands-hot-sale-vape","11":"product_cat-poland-hot-sale-vape","12":"product_cat-spain-best-hot-sale-vape","13":"product_cat-fance-hot-sale-vape","14":"product_cat-rechargeable-vapes","15":"product_cat-smart-screen-vapes","16":"product_cat-minimum-order-quantity-50pcs","17":"product_tag-best-hot-sale-vape","18":"product_tag-buy-vapes-online","19":"product_tag-disposable-vape-with-screen","20":"product_tag-germany-hot-sale-vape","21":"product_tag-rechargeable-vapes","22":"product_tag-shisha-bar","23":"product_tag-smart-vape","24":"product_tag-vape-box","25":"product_tag-vape-shop","26":"product_tag-vape-wholesale","27":"desktop-align-left","28":"tablet-align-left","29":"mobile-align-left","31":"first","32":"instock","33":"sale","34":"shipping-taxable","35":"purchasable","36":"product-type-simple"},"uagb_featured_image_src":{"full":["https:\/\/rmvapesale.com\/wp-content\/uploads\/2024\/11\/Cold-Mountain-ALPS-Shisha-Hookah.jpg",800,800,false],"thumbnail":["https:\/\/rmvapesale.com\/wp-content\/uploads\/2024\/11\/Cold-Mountain-ALPS-Shisha-Hookah-150x150.jpg",150,150,true],"medium":["https:\/\/rmvapesale.com\/wp-content\/uploads\/2024\/11\/Cold-Mountain-ALPS-Shisha-Hookah-300x300.jpg",300,300,true],"medium_large":["https:\/\/rmvapesale.com\/wp-content\/uploads\/2024\/11\/Cold-Mountain-ALPS-Shisha-Hookah-768x768.jpg",768,768,true],"large":["https:\/\/rmvapesale.com\/wp-content\/uploads\/2024\/11\/Cold-Mountain-ALPS-Shisha-Hookah.jpg",800,800,false],"1536x1536":["https:\/\/rmvapesale.com\/wp-content\/uploads\/2024\/11\/Cold-Mountain-ALPS-Shisha-Hookah.jpg",800,800,false],"2048x2048":["https:\/\/rmvapesale.com\/wp-content\/uploads\/2024\/11\/Cold-Mountain-ALPS-Shisha-Hookah.jpg",800,800,false],"trp-custom-language-flag":["https:\/\/rmvapesale.com\/wp-content\/uploads\/2024\/11\/Cold-Mountain-ALPS-Shisha-Hookah.jpg",12,12,false],"woocommerce_thumbnail":["https:\/\/rmvapesale.com\/wp-content\/uploads\/2024\/11\/Cold-Mountain-ALPS-Shisha-Hookah-300x300.jpg",300,300,true],"woocommerce_single":["https:\/\/rmvapesale.com\/wp-content\/uploads\/2024\/11\/Cold-Mountain-ALPS-Shisha-Hookah-600x600.jpg",600,600,true],"woocommerce_gallery_thumbnail":["https:\/\/rmvapesale.com\/wp-content\/uploads\/2024\/11\/Cold-Mountain-ALPS-Shisha-Hookah-100x100.jpg",100,100,true],"wcpr-photo-reviews":["https:\/\/rmvapesale.com\/wp-content\/uploads\/2024\/11\/Cold-Mountain-ALPS-Shisha-Hookah.jpg",500,500,false]},"uagb_author_info":{"display_name":"AMY","author_link":"https:\/\/rmvapesale.com\/lt\/author\/"},"uagb_comment_info":0,"uagb_excerpt":"Cold Mountain Alps Disposable Vape With 30K Puffs Pod Cold Mountain Alps 30000 Puff EU Warehouse Wholesale COLD MOUNTAIN ALPS 30000 Puffs Disposable (Ship from EU warehouse and takes about 3-7 days\u00a0 to get arrive to most Europe countries like Netherlands, France, Italy, Spain, Switzerland, Sweden, Poland, etc. ) WhatsApp: +86 17776015835 &nbsp;","_links":{"self":[{"href":"https:\/\/rmvapesale.com\/lt\/wp-json\/wp\/v2\/product\/2644","targetHints":{"allow":["GET"]}}],"collection":[{"href":"https:\/\/rmvapesale.com\/lt\/wp-json\/wp\/v2\/product"}],"about":[{"href":"https:\/\/rmvapesale.com\/lt\/wp-json\/wp\/v2\/types\/product"}],"replies":[{"embeddable":true,"href":"https:\/\/rmvapesale.com\/lt\/wp-json\/wp\/v2\/comments?post=2644"}],"wp:featuredmedia":[{"embeddable":true,"href":"https:\/\/rmvapesale.com\/lt\/wp-json\/wp\/v2\/media\/2641"}],"wp:attachment":[{"href":"https:\/\/rmvapesale.com\/lt\/wp-json\/wp\/v2\/media?parent=2644"}],"wp:term":[{"taxonomy":"product_brand","embeddable":true,"href":"https:\/\/rmvapesale.com\/lt\/wp-json\/wp\/v2\/product_brand?post=2644"},{"taxonomy":"product_cat","embeddable":true,"href":"https:\/\/rmvapesale.com\/lt\/wp-json\/wp\/v2\/product_cat?post=2644"},{"taxonomy":"product_tag","embeddable":true,"href":"https:\/\/rmvapesale.com\/lt\/wp-json\/wp\/v2\/product_tag?post=2644"}],"curies":[{"name":"wp","href":"https:\/\/api.w.org\/{rel}","templated":true}]}}