{"id":2661,"date":"2024-11-04T06:37:48","date_gmt":"2024-11-04T06:37:48","guid":{"rendered":"https:\/\/rmvapesale.com\/?post_type=product&#038;p=2661"},"modified":"2024-11-04T07:54:04","modified_gmt":"2024-11-04T07:54:04","slug":"vopk-shisha-bar-20000-puffs-low-nicotine-rechargeable-disposable-vape-pen","status":"publish","type":"product","link":"https:\/\/rmvapesale.com\/lt\/product\/vopk-shisha-bar-20000-puffs-low-nicotine-rechargeable-disposable-vape-pen\/","title":{"rendered":"VOPK Shisha BAR 20000 Puffs \u017demas nikotino \u012fkraunamas vienkartinis vape ra\u0161iklis"},"content":{"rendered":"<div class=\"B2VR9 CJHX3e\">\n<div class=\"wyccme\">\n<h1 class=\"LC20lb MBeuO DKV0Md\">VOPK Shisha BAR 20000 Puffs \u017demas nikotino \u012fkraunamas vienkartinis vape ra\u0161iklis<\/h1>\n<div class=\"flex-shrink-0 flex flex-col relative items-end\">\n<div class=\"pt-0\">\n<div class=\"gizmo-bot-avatar flex h-8 w-8 items-center justify-center overflow-hidden rounded-full\">\n<div class=\"relative p-1 rounded-sm flex items-center justify-center bg-token-main-surface-primary text-token-text-primary h-8 w-8\">\n<p>Pristatome <strong>VOPK Shisha BAR 20000 Puffs \u017demas nikotino \u012fkraunamas vienkartinis vape ra\u0161iklis<\/strong>, galutinis pasirinkimas shisha ir vape entuziastams, siekiantiems i\u0161skirtin\u0117s kokyb\u0117s ir na\u0161umo. \u0160is pa\u017eangus \u012frenginys si\u016blo \u012fsp\u016bding\u0105 <strong>20000 puf\u0173<\/strong>, u\u017etikrinant ilg\u0105 vaping patirt\u012f be nuolatinio keitimo nepatogum\u0173.<\/p>\n<p>Sukurtas atsi\u017evelgiant \u012f skirtingus poreikius, <strong>VOPK Shisha BAR<\/strong> ateina su <strong>reguliuojamais nikotino pasirinkimais<\/strong> of <strong>0%, 2%, 3% ir 5%<\/strong>, leid\u017eian\u010diais pritaikyti nikotino kiek\u012f. Didelis <strong>28ML e-skys\u010dio talpa<\/strong> u\u017etikrina galimyb\u0119 ilgiau vaping be da\u017en\u0173 papildym\u0173, o taip pat <strong>850 mAh \u012fkraunama baterija<\/strong> sukomponuotais su <strong>C tipo \u012fkrovimas<\/strong> garantuoja efektyvius ir greitus \u012fkrovimus, tod\u0117l puikiai tinka nuolat judantiems.<\/p>\n<p>Su <strong>VOPK Shisha BAR<\/strong> sujungia geriausius abiej\u0173 pasauli\u0173 bruo\u017eus: tradicin\u0117s <strong>kaljan\u0173 baras<\/strong> skoni\u0173 esm\u0119 ir \u0161iuolaikin\u0119 vaping technologij\u0105. Jo eleganti\u0161kas ir ne\u0161iojamas dizainas leid\u017eia j\u012f naudoti bet kur, ar tai b\u016bt\u0173 shisha lounge ar keliaujant. Su daugybe ry\u0161ki\u0173 skoni\u0173 ir patikimu na\u0161umu, nenuostabu, kad <strong>VOPK<\/strong> i\u0161siskiria tarp <strong>garintuv\u0173 preki\u0173 \u017eenkl\u0173<\/strong> ir yra labai geid\u017eiamas d\u0117l <strong>didmeniniams garintuvams<\/strong>.<\/p>\n<p>Tiems, kurie nori pasinerti \u012f turting\u0105 kult\u016br\u0105 <strong>\u0161isha \u017eiebtuv\u0117lis<\/strong> naudodamiesi patogumu <strong>\u012fkraunamas vienkartinis garintuvas<\/strong>, <strong>VOPK Shisha BAR 20000<\/strong> yra j\u016bs\u0173 ideali kompanion\u0117. Su\u017einokite, kod\u0117l \u0161is \u012frenginys sukelia bangas rinkoje d\u0117l <strong>vienkartini\u0173 garintuv\u0173 preki\u0173 \u017eenkl\u0173<\/strong> ir m\u0117gaukit\u0117s auk\u0161\u010diausios kokyb\u0117s patirtimi, kuri privers gr\u012f\u017eti dar kart\u0105. Pirkite savo i\u0161 <strong>vienkartines elektronines cigaretes internetu<\/strong> ar \u012fsigykite didmeniniu b\u016bdu savo <strong>kaljan\u0173 baras<\/strong> ir <strong>vienkartiniai kaljanai didmenin\u0117 prekyba<\/strong> pasirinkimais \u0161iandien!<\/p>\n<p>Pasiruo\u0161kite pasinerti \u012f i\u0161auk\u0161tint\u0105 skonio ir na\u0161umo pasaul\u012f su <strong>VOPK Shisha BAR 20000 Puffs<\/strong> \u2014 j\u016bs\u0173 galutinis pasirinkimas pasaulyje <strong>20000 p\u016btimo vape<\/strong>.<\/p>\n<\/div>\n<\/div>\n<\/div>\n<\/div>\n<\/div>\n<\/div>\n<p><strong>Susisiekite su Amy ir gaukite tinkam\u0105 atsakym\u0105 bei vape kupon\u0105!<\/strong><\/p>\n<p><img loading=\"lazy\" decoding=\"async\" class=\"size-full wp-image-1978\" src=\"https:\/\/rmvapesale.com\/wp-content\/uploads\/2024\/09\/Disposable-Vape-Wholesale.jpg\" alt=\"Vienkartinis garintuvas didmenin\u0117 prekyba\" width=\"229\" height=\"300\" \/><\/p>\n<h3><a href=\"https:\/\/wa.me\/8617776015835\" target=\"_blank\" rel=\"noopener\"><span style=\"color: #ff0000\"><strong>WhatsApp: +86 17776015835<\/strong><\/span><\/a><\/h3>\n<p>&nbsp;<\/p>\n<h2><\/h2>\n<h2><strong>VOPK Shisha BAR 20000 \u012fkraunamas vienkartinis vape <\/strong><strong>Pagrindin\u0117s savyb\u0117s<\/strong><\/h2>\n<p>I\u0161 anksto u\u017epildyta 28ml E-skaidri<br \/>\n\u012ekraunama 850 mAh baterija<br \/>\nP\u016btim\u0173 skai\u010dius: Apie 20000 p\u016btim\u0173<br \/>\n0% 2% 5% Nikotino stiprumas<br \/>\nUSB Type-C \u012fkrovimas (ne\u012ftrauktas)<br \/>\nLED ekranas i\u0161manusis ekranas<br \/>\nMTL garinimas<\/p>\n<figure id=\"attachment_2653\" aria-describedby=\"caption-attachment-2653\" style=\"width: 800px\" class=\"wp-caption alignnone\"><img loading=\"lazy\" decoding=\"async\" class=\"wp-image-2653 size-full\" src=\"https:\/\/rmvapesale.com\/wp-content\/uploads\/2024\/11\/VOPK-Shisha-BAR-20000-Low-Nicotine-Disposable-Vape.jpg\" alt=\"VOPK Shisha BAR 20000 ma\u017eo nikotino vienkartinis vape\" width=\"800\" height=\"799\" srcset=\"https:\/\/rmvapesale.com\/wp-content\/uploads\/2024\/11\/VOPK-Shisha-BAR-20000-Low-Nicotine-Disposable-Vape.jpg 800w, https:\/\/rmvapesale.com\/wp-content\/uploads\/2024\/11\/VOPK-Shisha-BAR-20000-Low-Nicotine-Disposable-Vape-300x300.jpg 300w, https:\/\/rmvapesale.com\/wp-content\/uploads\/2024\/11\/VOPK-Shisha-BAR-20000-Low-Nicotine-Disposable-Vape-150x150.jpg 150w, https:\/\/rmvapesale.com\/wp-content\/uploads\/2024\/11\/VOPK-Shisha-BAR-20000-Low-Nicotine-Disposable-Vape-768x767.jpg 768w, https:\/\/rmvapesale.com\/wp-content\/uploads\/2024\/11\/VOPK-Shisha-BAR-20000-Low-Nicotine-Disposable-Vape-600x599.jpg 600w, https:\/\/rmvapesale.com\/wp-content\/uploads\/2024\/11\/VOPK-Shisha-BAR-20000-Low-Nicotine-Disposable-Vape-100x100.jpg 100w\" sizes=\"auto, (max-width: 800px) 100vw, 800px\" \/><figcaption id=\"caption-attachment-2653\" class=\"wp-caption-text\">VOPK Shisha BAR 20000 ma\u017eo nikotino vienkartinis vape<\/figcaption><\/figure>\n<h2><strong>Geriausias skonis <\/strong><strong>VOPK Shisha BAR 20000<\/strong><\/h2>\n<p>1. M\u0117lyn\u0117s su ledu <span style=\"color: #ff0000\"><strong>&gt;&gt;&gt;&gt; Kar\u0161ta!<\/strong><\/span><br \/>\n2. Bra\u0161k\u0117 su kiviu<br \/>\n3. Mi\u0161rios uogos <span style=\"color: #ff0000\"><strong>&gt;&gt;&gt;&gt; Geriausias!<\/strong><\/span><br \/>\n4. Bra\u0161ki\u0173 arb\u016bzas<br \/>\n5.Arb\u016bz\u0173 ledas<br \/>\n6. Persikas mango ananasas<br \/>\n7. M\u0117lyn\u0117s aviet\u0117s<br \/>\n8. Bra\u0161ki\u0173 avie\u010di\u0173 saldainis<br \/>\n9. Arb\u016bzas vy\u0161nia <span style=\"color: #ff0000\"><strong>&gt;&gt;&gt;&gt; Kar\u0161ta!<\/strong><\/span><br \/>\n10 Juod\u0173j\u0173 serbent\u0173 ledai<\/p>\n<figure id=\"attachment_2660\" aria-describedby=\"caption-attachment-2660\" style=\"width: 640px\" class=\"wp-caption alignnone\"><img loading=\"lazy\" decoding=\"async\" class=\"wp-image-2660 size-large\" src=\"https:\/\/rmvapesale.com\/wp-content\/uploads\/2024\/11\/VOPK-Shisha-Hookah-BAR-Disposable-Vape-Wholesale-640x1024.jpg\" alt=\"VOPK Shisha Hookah BAR Vienkartinis Vape Didmenin\u0117 prekyba\" width=\"640\" height=\"1024\" srcset=\"https:\/\/rmvapesale.com\/wp-content\/uploads\/2024\/11\/VOPK-Shisha-Hookah-BAR-Disposable-Vape-Wholesale-640x1024.jpg 640w, https:\/\/rmvapesale.com\/wp-content\/uploads\/2024\/11\/VOPK-Shisha-Hookah-BAR-Disposable-Vape-Wholesale-188x300.jpg 188w, https:\/\/rmvapesale.com\/wp-content\/uploads\/2024\/11\/VOPK-Shisha-Hookah-BAR-Disposable-Vape-Wholesale-768x1229.jpg 768w, https:\/\/rmvapesale.com\/wp-content\/uploads\/2024\/11\/VOPK-Shisha-Hookah-BAR-Disposable-Vape-Wholesale-600x960.jpg 600w, https:\/\/rmvapesale.com\/wp-content\/uploads\/2024\/11\/VOPK-Shisha-Hookah-BAR-Disposable-Vape-Wholesale.jpg 800w\" sizes=\"auto, (max-width: 640px) 100vw, 640px\" \/><figcaption id=\"caption-attachment-2660\" class=\"wp-caption-text\">VOPK Shisha Hookah BAR Vienkartinis Vape Didmenin\u0117 prekyba<\/figcaption><\/figure>\n<h3><strong>Kod\u0117l verta rinktis Rmvapesale <\/strong><strong>VOPK Shisha BAR Vienkartinis V<\/strong><strong>Didmenin\u0117 prekyba veipais<\/strong><strong>?<\/strong><\/h3>\n<div class=\"flex-shrink-0 flex flex-col relative items-end\">\n<div class=\"pt-0\">\n<div class=\"gizmo-bot-avatar flex h-8 w-8 items-center justify-center overflow-hidden rounded-full\">\n<div class=\"relative p-1 rounded-sm flex items-center justify-center bg-token-main-surface-primary text-token-text-primary h-8 w-8\">\n<p>Sveiki atvyk\u0119 \u012f Rmvapesale, j\u016bs\u0173 patikim\u0105 veip\u0173 parduotuv\u0119, kurioje rasite auk\u0161\u010diausios kokyb\u0117s vienkartini\u0173 veip\u0173. Tur\u0117dami daugiau nei 5 met\u0173 patirt\u012f, si\u016blome populiarius vienkartini\u0173 veip\u0173 prek\u0117s \u017eenklus, tokius kaip Al Fakher, Vapme Vape, <a href=\"https:\/\/rmvapesale.com\/lt\/product\/vapme-crystal-7000-puffs-rechargeable-disposable-vape-price\/\">Vapme<\/a>, <a href=\"https:\/\/rmvapesale.com\/lt\/product-category\/bang-vapes\/\">Bang Vape<\/a>, Waspe, <a href=\"https:\/\/rmvapesale.com\/lt\/product\/wga-crystal-pro-max-extra-15k-puffs-disposable-vape-wholesale\/\">WGA<\/a> Garai ir<a href=\"https:\/\/rmvapesale.com\/lt\/product-category\/randm-fumot-vape\/\"> RandM Vape<\/a>.<\/p>\n<p>M\u016bs\u0173 asortimente yra kar\u0161tai parduodam\u0173 veip\u0173, toki\u0173 kaip <a href=\"https:\/\/rmvapesale.com\/lt\/product\/fumot-digital-box-12000-disposable-vape-pink-lemonade-flavor\/\">RandM 12k<\/a> ir sodraus skonio pasirinkim\u0173, toki\u0173 kaip <a href=\"https:\/\/rmvapesale.com\/lt\/product\/wga-crystal-plus-20000-puff-dual-flavour-disposable-vape\/\">WGA 20K \u012fkv\u0117pimas<\/a>. Kiekvienas produktas parenkamas atsi\u017evelgiant \u012f kokyb\u0119, vert\u0119 ir \u012fvairov\u0119, u\u017etikrinant, kad rastum\u0117te tobul\u0105 atitikmen\u012f savo poreikiams. Atraskite i\u0161skirtin\u012f aptarnavim\u0105 ir plat\u0173 auk\u0161\u010diausios kokyb\u0117s produkt\u0173 asortiment\u0105 \u201eRmvapesale\u201c.<\/p>\n<\/div>\n<h3><\/h3>\n<div class=\"relative p-1 rounded-sm flex items-center justify-center bg-token-main-surface-primary text-token-text-primary h-8 w-8\">\n<h3><b>VOPK Shisha BAR 20000 P\u016bsl\u0117s Vape DUK<\/b><\/h3>\n<p><strong>1. Kaip \u017einoti, kada mano vienkartinis garintuvas tu\u0161\u010dias?<\/strong><br \/>\nKai j\u016bs\u0173 <strong>VOPK Shisha BAR 20000<\/strong> vienkartinis vape turi ma\u017eai e-skys\u010dio, galite pasteb\u0117ti suma\u017e\u0117jus\u012f garo kiek\u012f arba silpnesn\u012f skon\u012f. Integruotas <strong>i\u0161manus ekranas<\/strong> \u012frenginyje taip pat rodys likusio e-skys\u010dio lyg\u012f. Jei ekranas rodo, kad e-skystis i\u0161naudotas, laikas keisti vape.<\/p>\n<p><strong>2. Kiek laiko u\u017etrunka \u012fkrauti VOPK Shisha 20000?<\/strong><br \/>\n\u012ekraunant j\u016bs\u0173 <strong>VOPK Shisha 20000<\/strong> paprastai u\u017etrunka apie 1,5 iki 2 valandas naudojant <strong>C tipo \u012fkrovimo prievadas<\/strong>. \u012esitikinkite, kad naudojate patikim\u0105 \u012fkrovikl\u012f, kad u\u017etikrintum\u0117te saug\u0173 ir efektyv\u0173 \u012fkrovim\u0105. Kai \u012frenginys visi\u0161kai \u012fkrautas, jis yra sukurtas palaikyti ilgalaikes vaping sesijas.<\/p>\n<p><strong>3. Kiek nikotino yra VOPK Shisha \u017eiebtuv\u0117lyje 20000?<\/strong><br \/>\nSu <strong>VOPK Shisha BAR 20000<\/strong> ateina su reguliuojamomis nikotino stiprumo galimyb\u0117mis, leid\u017eian\u010diomis pasirinkti tarp <strong>0%, 2%, 3% ir 5% nikotino<\/strong>. \u0160i pritaikymo galimyb\u0117 u\u017etikrina visi\u0161k\u0105 kontrol\u0119 j\u016bs\u0173 nikotino suvartojimui, tod\u0117l ji tinka \u012fvairiems pageidavimams.<\/p>\n<p><strong>4. Kur \u012fsigyti VOPK Shisha \u017eiebtuv\u0117l\u012f 20000 p\u016btimo didmenin\u0117mis kainomis?<\/strong><br \/>\nGalite \u012fsigyti <strong>VOPK Shisha BAR 20000 P\u016btas<\/strong> didmenin\u0117mis kainomis i\u0161 patikim\u0173 <strong>didmenin\u0117s prekybos vape<\/strong> tiek\u0117j\u0173. Nor\u0117dami gauti geriausias pasi\u016blymus, apsilankykite patikimuose <strong>elektronini\u0173 cigare\u010di\u0173 parduotuv\u0117s<\/strong> arba patikrinkite <strong>interneto platformose<\/strong> specializuotose <strong>vienkartiniais garintuvais<\/strong> ir <strong>elektronini\u0173 cigare\u010di\u0173 didmeninei prekybai<\/strong> galimyb\u0117se.<\/p>\n<p><strong>5. Ar galiu atsine\u0161ti vienkartin\u012f vape \u012f l\u0117ktuv\u0105?<\/strong><br \/>\nTaip, galite atsine\u0161ti savo <strong>VOPK Shisha BAR 20000<\/strong> nepertraukiam\u0105 vape l\u0117ktuve, ta\u010diau yra gair\u0117s, kuri\u0173 reikia laikytis. Prietaisas tur\u0117t\u0173 b\u016bti ne\u0161iojamas j\u016bs\u0173 <strong>rankin\u012f baga\u017e\u0105<\/strong>, nes elektroniniai vaping \u012frenginiai paprastai n\u0117ra leid\u017eiami \u012f registruot\u0105 baga\u017e\u0105. \u012esitikinkite, kad patikrinote konkre\u010dios oro linijos taisykles ir \u012fsitikinkite, kad vape yra i\u0161jungtas skryd\u017eio metu, kad i\u0161vengtum\u0117te nety\u010dinio \u012fjungimo.<\/p>\n<\/div>\n<\/div>\n<\/div>\n<\/div>\n<h3>Apie siuntim\u0105<\/h3>\n<div class=\"flex-shrink-0 flex flex-col relative items-end\">\n<div>\n<div class=\"pt-0\">\n<div class=\"gizmo-bot-avatar flex h-8 w-8 items-center justify-center overflow-hidden rounded-full\">\n<div><\/div>\n<div class=\"relative p-1 rounded-sm flex items-center justify-center bg-token-main-surface-primary text-token-text-primary h-8 w-8\"><strong>1. Kokie siuntimo b\u016bdai naudojami?<\/strong><\/div>\n<\/div>\n<\/div>\n<\/div>\n<\/div>\n<div class=\"group\/conversation-turn relative flex w-full min-w-0 flex-col agent-turn\">\n<div class=\"flex-col gap-1 md:gap-3\">\n<div class=\"flex max-w-full flex-col flex-grow\">\n<div class=\"min-h-[20px] text-message flex w-full flex-col items-end gap-2 whitespace-normal break-words [.text-message+&amp;]:mt-5 overflow-x-auto\" dir=\"auto\" data-message-author-role=\"assistant\" data-message-id=\"22f8283b-3233-46ff-89a5-c7a41b33abda\">\n<div class=\"flex w-full flex-col gap-1 empty:hidden first:pt-[3px]\">\n<div class=\"markdown prose w-full break-words dark:prose-invert light\">\n<p>Mes bendradarbiaujame su UPS, DHL, FedEx, DPD ir kitais pirmaujan\u010diais ve\u017e\u0117jais. Mes parinksime geriausi\u0105 siuntimo b\u016bd\u0105, atsi\u017evelgdami \u012f j\u016bs\u0173 pristatymo viet\u0105, kad u\u017etikrintume, jog gaminiai jus pasieks kuo grei\u010diau.<\/p>\n<\/div>\n<p><strong>2. Per kiek laiko prek\u0117s atkeliauja?<\/strong><\/p>\n<p>\u012e Lietuv\u0105 siun\u010diami siuntiniai paprastai atvyksta per 10 darbo dien\u0173. Siuntimas \u012f Europos \u0161alis paprastai trunka apie 12\u201315 darbo dien\u0173. Mes teikiame realiuoju laiku atnaujinam\u0105 informacij\u0105 apie j\u016bs\u0173 siuntos b\u016bsen\u0105.<\/p>\n<\/div>\n<\/div>\n<\/div>\n<\/div>\n<\/div>\n<p>&nbsp;<\/p>\n<p>Raskite daugiau garintuv\u0173, kurie jums gali patikti:<strong><em><a href=\"https:\/\/rmvapesale.com\/lt\/shop-2\/\">pirkti dabar &gt;&gt;&gt;<\/a><\/em><\/strong><\/p>","protected":false},"excerpt":{"rendered":"<p>VOPK Shisha Hookah BAR Didmenin\u0117 Prekyba 20000 Puf\u0173 Didelis Pirkimas<br \/>\nVOPK Shisha BAR 20000 Puf\u0173 0% 2% 3% 5% \u017demas Nikotino Vienkartinis Vape Didmenin\u0117 Prekyba<br \/>\nShisha Hookah VOPK 20000 Puf\u0173 Didmenin\u0117 Prekyba \u012ekraunamas Vienkartinis Vape<\/p>\n<p><img loading=\"lazy\" decoding=\"async\" class=\"size-full wp-image-2375\" src=\"https:\/\/rmvapesale.com\/wp-content\/uploads\/2024\/10\/image.png\" alt=\"Geriausias Vienkartinis Vape\" width=\"229\" height=\"300\" \/><\/p>\n<h3><a href=\"https:\/\/wa.me\/8617776015835\"><span style=\"color: #ff0000\"><strong>WhatsApp: +86 17776015835<\/strong><\/span><\/a><\/h3>\n<p>&nbsp;<\/p>","protected":false},"featured_media":2657,"comment_status":"open","ping_status":"closed","template":"","meta":{"_uag_custom_page_level_css":"","_lmt_disableupdate":"no","_lmt_disable":"","site-sidebar-layout":"default","site-content-layout":"content-boxed-container","ast-site-content-layout":"normal-width-container","site-content-style":"boxed","site-sidebar-style":"unboxed","ast-global-header-display":"","ast-banner-title-visibility":"","ast-main-header-display":"","ast-hfb-above-header-display":"","ast-hfb-below-header-display":"","ast-hfb-mobile-header-display":"","site-post-title":"","ast-breadcrumbs-content":"","ast-featured-img":"","footer-sml-layout":"","theme-transparent-header-meta":"default","adv-header-id-meta":"","stick-header-meta":"","header-above-stick-meta":"","header-main-stick-meta":"","header-below-stick-meta":"","astra-migrate-meta-layouts":"set","ast-page-background-enabled":"default","ast-page-background-meta":{"desktop":{"background-color":"var(--ast-global-color-4)","background-image":"","background-repeat":"repeat","background-position":"center center","background-size":"auto","background-attachment":"scroll","background-type":"","background-media":"","overlay-type":"","overlay-color":"","overlay-opacity":"","overlay-gradient":""},"tablet":{"background-color":"","background-image":"","background-repeat":"repeat","background-position":"center center","background-size":"auto","background-attachment":"scroll","background-type":"","background-media":"","overlay-type":"","overlay-color":"","overlay-opacity":"","overlay-gradient":""},"mobile":{"background-color":"","background-image":"","background-repeat":"repeat","background-position":"center center","background-size":"auto","background-attachment":"scroll","background-type":"","background-media":"","overlay-type":"","overlay-color":"","overlay-opacity":"","overlay-gradient":""}},"ast-content-background-meta":{"desktop":{"background-color":"var(--ast-global-color-5)","background-image":"","background-repeat":"repeat","background-position":"center center","background-size":"auto","background-attachment":"scroll","background-type":"","background-media":"","overlay-type":"","overlay-color":"","overlay-opacity":"","overlay-gradient":""},"tablet":{"background-color":"var(--ast-global-color-5)","background-image":"","background-repeat":"repeat","background-position":"center center","background-size":"auto","background-attachment":"scroll","background-type":"","background-media":"","overlay-type":"","overlay-color":"","overlay-opacity":"","overlay-gradient":""},"mobile":{"background-color":"var(--ast-global-color-5)","background-image":"","background-repeat":"repeat","background-position":"center center","background-size":"auto","background-attachment":"scroll","background-type":"","background-media":"","overlay-type":"","overlay-color":"","overlay-opacity":"","overlay-gradient":""}},"_joinchat":[]},"product_brand":[],"product_cat":[15,25,123,26,28,135,27,137,136,30],"product_tag":[146,188,200,167,165,180,120],"class_list":{"0":"post-2661","1":"product","2":"type-product","3":"status-publish","4":"has-post-thumbnail","6":"product_cat-new-vape-this-week","7":"product_cat-germany-best-selling-vape","8":"product_cat-italy-wholesale-vape","9":"product_cat-netherlands-hot-sale-vape","10":"product_cat-poland-hot-sale-vape","11":"product_cat-spain-best-hot-sale-vape","12":"product_cat-fance-hot-sale-vape","13":"product_cat-rechargeable-vapes","14":"product_cat-smart-screen-vapes","15":"product_cat-minimum-order-quantity-50pcs","16":"product_tag-best-hot-sale-vape","17":"product_tag-buy-vapes-online","18":"product_tag-disposable-hookah-wholesale","19":"product_tag-disposable-vape-with-screen","20":"product_tag-rechargeable-vapes","21":"product_tag-shisha-bar","22":"product_tag-vape-wholesale","23":"desktop-align-left","24":"tablet-align-left","25":"mobile-align-left","27":"first","28":"instock","29":"sale","30":"shipping-taxable","31":"purchasable","32":"product-type-simple"},"uagb_featured_image_src":{"full":["https:\/\/rmvapesale.com\/wp-content\/uploads\/2024\/11\/VOPK-Shisha-Hookah-BAR-20000-Puff-Disposable-Vape.jpg",800,800,false],"thumbnail":["https:\/\/rmvapesale.com\/wp-content\/uploads\/2024\/11\/VOPK-Shisha-Hookah-BAR-20000-Puff-Disposable-Vape-150x150.jpg",150,150,true],"medium":["https:\/\/rmvapesale.com\/wp-content\/uploads\/2024\/11\/VOPK-Shisha-Hookah-BAR-20000-Puff-Disposable-Vape-300x300.jpg",300,300,true],"medium_large":["https:\/\/rmvapesale.com\/wp-content\/uploads\/2024\/11\/VOPK-Shisha-Hookah-BAR-20000-Puff-Disposable-Vape-768x768.jpg",768,768,true],"large":["https:\/\/rmvapesale.com\/wp-content\/uploads\/2024\/11\/VOPK-Shisha-Hookah-BAR-20000-Puff-Disposable-Vape.jpg",800,800,false],"1536x1536":["https:\/\/rmvapesale.com\/wp-content\/uploads\/2024\/11\/VOPK-Shisha-Hookah-BAR-20000-Puff-Disposable-Vape.jpg",800,800,false],"2048x2048":["https:\/\/rmvapesale.com\/wp-content\/uploads\/2024\/11\/VOPK-Shisha-Hookah-BAR-20000-Puff-Disposable-Vape.jpg",800,800,false],"trp-custom-language-flag":["https:\/\/rmvapesale.com\/wp-content\/uploads\/2024\/11\/VOPK-Shisha-Hookah-BAR-20000-Puff-Disposable-Vape.jpg",12,12,false],"woocommerce_thumbnail":["https:\/\/rmvapesale.com\/wp-content\/uploads\/2024\/11\/VOPK-Shisha-Hookah-BAR-20000-Puff-Disposable-Vape-300x300.jpg",300,300,true],"woocommerce_single":["https:\/\/rmvapesale.com\/wp-content\/uploads\/2024\/11\/VOPK-Shisha-Hookah-BAR-20000-Puff-Disposable-Vape-600x600.jpg",600,600,true],"woocommerce_gallery_thumbnail":["https:\/\/rmvapesale.com\/wp-content\/uploads\/2024\/11\/VOPK-Shisha-Hookah-BAR-20000-Puff-Disposable-Vape-100x100.jpg",100,100,true],"wcpr-photo-reviews":["https:\/\/rmvapesale.com\/wp-content\/uploads\/2024\/11\/VOPK-Shisha-Hookah-BAR-20000-Puff-Disposable-Vape.jpg",500,500,false]},"uagb_author_info":{"display_name":"AMY","author_link":"https:\/\/rmvapesale.com\/lt\/author\/"},"uagb_comment_info":0,"uagb_excerpt":"VOPK Shisha Hookah BAR Wholesale 20000 Puffs Bulk Buy VOPK Shisha BAR 20000 Puffs 0% 2% 3% 5% Low Nicotine Disposable Vape Wholesale Shisha Hookah VOPK 20000 Puffs Bulk Buy Rechargeable Disposable Vape WhatsApp: +86 17776015835 &nbsp;","_links":{"self":[{"href":"https:\/\/rmvapesale.com\/lt\/wp-json\/wp\/v2\/product\/2661","targetHints":{"allow":["GET"]}}],"collection":[{"href":"https:\/\/rmvapesale.com\/lt\/wp-json\/wp\/v2\/product"}],"about":[{"href":"https:\/\/rmvapesale.com\/lt\/wp-json\/wp\/v2\/types\/product"}],"replies":[{"embeddable":true,"href":"https:\/\/rmvapesale.com\/lt\/wp-json\/wp\/v2\/comments?post=2661"}],"wp:featuredmedia":[{"embeddable":true,"href":"https:\/\/rmvapesale.com\/lt\/wp-json\/wp\/v2\/media\/2657"}],"wp:attachment":[{"href":"https:\/\/rmvapesale.com\/lt\/wp-json\/wp\/v2\/media?parent=2661"}],"wp:term":[{"taxonomy":"product_brand","embeddable":true,"href":"https:\/\/rmvapesale.com\/lt\/wp-json\/wp\/v2\/product_brand?post=2661"},{"taxonomy":"product_cat","embeddable":true,"href":"https:\/\/rmvapesale.com\/lt\/wp-json\/wp\/v2\/product_cat?post=2661"},{"taxonomy":"product_tag","embeddable":true,"href":"https:\/\/rmvapesale.com\/lt\/wp-json\/wp\/v2\/product_tag?post=2661"}],"curies":[{"name":"wp","href":"https:\/\/api.w.org\/{rel}","templated":true}]}}