{"id":2670,"date":"2024-11-05T09:03:06","date_gmt":"2024-11-05T09:03:06","guid":{"rendered":"https:\/\/rmvapesale.com\/?post_type=product&#038;p=2670"},"modified":"2024-11-05T09:49:38","modified_gmt":"2024-11-05T09:49:38","slug":"elfbar-combo-25000-puffs-rechargeable-disposable-vape-wholesale","status":"publish","type":"product","link":"https:\/\/rmvapesale.com\/lt\/product\/elfbar-combo-25000-puffs-rechargeable-disposable-vape-wholesale\/","title":{"rendered":"ElfBar Combo 25000 \u012fkv\u0117pim\u0173 \u012fkraunamas vienkartinis garintuvas didmenin\u0117 prekyba"},"content":{"rendered":"<div class=\"B2VR9 CJHX3e\">\n<div class=\"wyccme\">\n<h1 class=\"LC20lb MBeuO DKV0Md\">ElfBar Combo 25000 \u012fkv\u0117pim\u0173 \u012fkraunamas vienkartinis garintuvas didmenin\u0117 prekyba<\/h1>\n<div class=\"flex-shrink-0 flex flex-col relative items-end\">\n<div class=\"pt-0\">\n<div class=\"gizmo-bot-avatar flex h-8 w-8 items-center justify-center overflow-hidden rounded-full\">\n<div class=\"relative p-1 rounded-sm flex items-center justify-center bg-token-main-surface-primary text-token-text-primary h-8 w-8\">\n<p>Su <strong>Elfbar Combo 25000 \u012ftraukim\u0173 vienkartinis garintuvas<\/strong> yra novatori\u0161kas ir universalus garinimo \u012frenginys, sukurtas i\u0161 esm\u0117s pakeisti j\u016bs\u0173 garinimo patirt\u012f. Aptakaus ir stilingo dizaino, jis sujungia <strong>du skirtingus skonius<\/strong> ir suteikia <strong>dvigubus garinimo re\u017eimus<\/strong>, si\u016blydamas jums neprilygstam\u0105 \u012fvairov\u0119 ir pasitenkinim\u0105. \u0160is \u012frenginys i\u0161siskiria tarp <strong>populiariais vienkartini\u0173 garintuv\u0173 preki\u0173 \u017eenklais<\/strong> d\u0117l savo auk\u0161\u010diausios technologijos ir patogumo.<\/p>\n<h3><strong>Grynas<\/strong><\/h3>\n<p>M\u0117gaukit\u0117s ne\u012ftik\u0117tinu skoni\u0173 deriniu <strong>\u017dalias obuolys<\/strong> ir <strong>Dvigubas obuoli\u0173 kaljanas<\/strong>, sumaniai sumai\u0161ytas, kad suteikt\u0173 gaiv\u0173 ir kaljano \u012fkv\u0117pt\u0105 skon\u012f. The <strong>ElfBar Pods Combo 25000<\/strong> u\u017etikrina, kad kiekvienas \u012fkv\u0117pimas b\u016bt\u0173 \u0161velnus ir aromatingas, tod\u0117l tai yra vienas i\u0161 <strong>geriausi\u0173 vienkartini\u0173 garintuv\u0173 2024 m.<\/strong>.<\/p>\n<h3><strong>Didelis \u012fkv\u0117pim\u0173 skai\u010dius<\/strong><\/h3>\n<p>M\u0117gaukit\u0117s iki <strong>25 000 \u012fkv\u0117pim\u0173<\/strong> i\u0161 25 ml e. skys\u010dio talpyklos, suteikian\u010dios ilgalaik\u012f pasitenkinim\u0105 be da\u017eno keitimo r\u016bpes\u010di\u0173. \u0160is prietaisas puikiai tinka tiems, kurie nori ilgesnio naudojimo, tiek keliaujant, tiek kasdien m\u0117gaujantis.<\/p>\n<h3><strong>I\u0161manusis ekranas<\/strong><\/h3>\n<p>\u012erengtas su <strong>i\u0161manusis ekranas<\/strong>, <strong>Elf bar Combo 25000<\/strong> suteikia jums realaus laiko atnaujinimus apie skonio re\u017eim\u0105, galios lyg\u012f, e. skys\u010dio b\u016bsen\u0105 ir baterijos veikimo laik\u0105. <strong>Patobulinta dviguba oro srauto sistema<\/strong> suteikia pritaikomas parinktis, pagerinan\u010dias j\u016bs\u0173 garinimo patirt\u012f grynais ir nuosekliais garais.<\/p>\n<h3><strong>\u012ekraunamas patogumui<\/strong><\/h3>\n<p>Atsisveikinkite su vienkartini\u0173 garintuv\u0173 nepatogumais su <strong>850 mAh \u012fkraunama baterija<\/strong>. Efektyvus dizainas kartu su patogiu <strong>C tipo greitu \u012fkrovimu<\/strong>u\u017etikrina minimali\u0105 prastov\u0105 tarp naudojim\u0173, tod\u0117l tai yra puikus pasirinkimas tarp <strong>\u012fkraunamos elektronin\u0117s cigaret\u0117s<\/strong>.<\/p>\n<h3><strong>Auk\u0161\u010diausios kokyb\u0117s nikotino stiprumas<\/strong><\/h3>\n<p>Su <strong>5% (50 mg) nikotino koncentracija<\/strong>, <strong>Elf Bar Combo 25000<\/strong> si\u016blo patenkinam\u0105 sm\u016bg\u012f, kuris puikiai tinka garintojams, ie\u0161kantiems stiprios nikotino patirties.<\/p>\n<h3><strong>Didmenin\u0117 prekyba<\/strong><\/h3>\n<p>Su <strong>Elfbar Combo 25000<\/strong> galima \u012fsigyti <strong>elektronini\u0173 cigare\u010di\u0173 didmeninei prekybai<\/strong> kainomis, tod\u0117l tai yra idealus pasirinkimas ma\u017emenininkams ir platintojams, norintiems apsir\u016bpinti <strong>populiariais elektroniniais cigare\u010di\u0173 prietaisais<\/strong>. Apsilankykite patikimuose <strong>elektronini\u0173 cigare\u010di\u0173 parduotuv\u0117s<\/strong> arba \u012fsigykite per <strong>vienkartines elektronines cigaretes internetu<\/strong> tiek\u0117jus, kad gautum\u0117te geriausius pasi\u016blymus <strong>Elf Bar<\/strong> produktams.<\/p>\n<p>Ie\u0161kantiems i\u0161skirtinio <strong>p\u016bstel\u0117jimo gar\u0105<\/strong> kuris skland\u017eiai derina skon\u012f, inovacijas ir patogum\u0105, <strong>Elfbar Combo 25000 Puffs<\/strong> yra geriausias pasirinkimas. Patirkite geriausias garinimo technologijas su \u0161iuo <strong>ELF BAR<\/strong> stebuklu.<\/p>\n<p>\u012esigykite savo \u0161iandien i\u0161 <strong>ELFBAR<\/strong> platintoj\u0173 ir prisijunkite prie patenkint\u0173 garintoj\u0173 bendruomen\u0117s, besim\u0117gaujan\u010dios vienu i\u0161 geriausi\u0173 <strong>geriausi\u0173 vienkartini\u0173 gar\u0173 preki\u0173 \u017eenkl\u0173<\/strong> pramon\u0117je!<\/p>\n<\/div>\n<\/div>\n<\/div>\n<\/div>\n<\/div>\n<\/div>\n<p><strong>Susisiekite su Amy ir gaukite tinkam\u0105 atsakym\u0105 bei vape kupon\u0105!<\/strong><\/p>\n<p><img loading=\"lazy\" decoding=\"async\" class=\"size-full wp-image-1978\" src=\"https:\/\/rmvapesale.com\/wp-content\/uploads\/2024\/09\/Disposable-Vape-Wholesale.jpg\" alt=\"Vienkartinis garintuvas didmenin\u0117 prekyba\" width=\"229\" height=\"300\" \/><\/p>\n<h3><a href=\"https:\/\/wa.me\/8617776015835\" target=\"_blank\" rel=\"noopener\"><span style=\"color: #ff0000\"><strong>WhatsApp: +86 17776015835<\/strong><\/span><\/a><\/h3>\n<p>&nbsp;<\/p>\n<h2><\/h2>\n<h2><strong>ElfBar Combo 25000 \u012fkraunama elektronin\u0117 cigaret\u0117 <\/strong><strong>Pagrindin\u0117s savyb\u0117s<\/strong><\/h2>\n<p>Modelis: COMBO 25000<br \/>\nSkoniai: \u017dalias obuolys + Dvigubas obuoli\u0173 kaljanas<br \/>\nP\u016btimai: 25000<br \/>\nNikotino stiprumas: 5% (50 mg)<br \/>\nSkys\u010dio t\u016bris: 25 ml<br \/>\nBaterija<br \/>\nBaterijos talpa: 700mAh<\/p>\n<p>&nbsp;<\/p>\n<h2><strong>Geriausias ElfBar Combo 25000 \u012fkv\u0117pim\u0173 skonis<\/strong><\/h2>\n<p>&nbsp;<\/p>\n<p>1. Arb\u016bzas + Bra\u0161k\u0117s <span style=\"color: #ff0000\"><strong>&gt;&gt;&gt;&gt; Kar\u0161ta!<\/strong><\/span><br \/>\n2. Obuolys + Persik\u0173 sultys<br \/>\n3. Vynuog\u0117s + Mary Drink<br \/>\n4. \u017daliosios vynuog\u0117s + Vynuog\u0117s <span style=\"color: #ff0000\"><strong>&gt;&gt;&gt;&gt; Geriausias!<\/strong><\/span><br \/>\n5. \u017dalias obuolys + Dvigubas obuolys<br \/>\n6. \u017dalioji citrina + Ananasas<br \/>\n7. Persikas Mango + Arb\u016bzas <span style=\"color: #ff0000\"><strong>&gt;&gt;&gt;&gt; Kar\u0161ta!<\/strong><\/span><\/p>\n<figure id=\"attachment_2663\" aria-describedby=\"caption-attachment-2663\" style=\"width: 286px\" class=\"wp-caption alignnone\"><img loading=\"lazy\" decoding=\"async\" class=\"size-medium wp-image-2663\" src=\"https:\/\/rmvapesale.com\/wp-content\/uploads\/2024\/11\/Elf-Bar-COMBO-25000-Disposable-Vape-286x300.jpg\" alt=\"Elf Bar COMBO 25000 vienkartinis garintuvas\" width=\"286\" height=\"300\" srcset=\"https:\/\/rmvapesale.com\/wp-content\/uploads\/2024\/11\/Elf-Bar-COMBO-25000-Disposable-Vape-286x300.jpg 286w, https:\/\/rmvapesale.com\/wp-content\/uploads\/2024\/11\/Elf-Bar-COMBO-25000-Disposable-Vape-975x1024.jpg 975w, https:\/\/rmvapesale.com\/wp-content\/uploads\/2024\/11\/Elf-Bar-COMBO-25000-Disposable-Vape-768x806.jpg 768w, https:\/\/rmvapesale.com\/wp-content\/uploads\/2024\/11\/Elf-Bar-COMBO-25000-Disposable-Vape-600x630.jpg 600w, https:\/\/rmvapesale.com\/wp-content\/uploads\/2024\/11\/Elf-Bar-COMBO-25000-Disposable-Vape.jpg 1000w\" sizes=\"auto, (max-width: 286px) 100vw, 286px\" \/><figcaption id=\"caption-attachment-2663\" class=\"wp-caption-text\">Elf Bar COMBO 25000 vienkartinis garintuvas<\/figcaption><\/figure>\n<h3><strong>Kod\u0117l verta rinktis Rmvapesale Elf Bar <\/strong><strong>Vienkartinis V<\/strong><strong>Didmenin\u0117 prekyba veipais<\/strong><strong>?<\/strong><\/h3>\n<div class=\"flex-shrink-0 flex flex-col relative items-end\">\n<div class=\"pt-0\">\n<div class=\"gizmo-bot-avatar flex h-8 w-8 items-center justify-center overflow-hidden rounded-full\">\n<div class=\"relative p-1 rounded-sm flex items-center justify-center bg-token-main-surface-primary text-token-text-primary h-8 w-8\">\n<p>Sveiki atvyk\u0119 \u012f Rmvapesale, j\u016bs\u0173 patikim\u0105 veip\u0173 parduotuv\u0119, kurioje rasite auk\u0161\u010diausios kokyb\u0117s vienkartini\u0173 veip\u0173. Tur\u0117dami daugiau nei 5 met\u0173 patirt\u012f, si\u016blome populiarius vienkartini\u0173 veip\u0173 prek\u0117s \u017eenklus, tokius kaip Al Fakher, Vapme Vape, <a href=\"https:\/\/rmvapesale.com\/lt\/product\/vapme-crystal-7000-puffs-rechargeable-disposable-vape-price\/\">Vapme<\/a>, <a href=\"https:\/\/rmvapesale.com\/lt\/product-category\/bang-vapes\/\">Bang Vape<\/a>, Waspe, <a href=\"https:\/\/rmvapesale.com\/lt\/product\/wga-crystal-pro-max-extra-15k-puffs-disposable-vape-wholesale\/\">WGA<\/a> Garai ir<a href=\"https:\/\/rmvapesale.com\/lt\/product-category\/randm-fumot-vape\/\"> RandM Vape<\/a>.<\/p>\n<p>M\u016bs\u0173 asortimente yra kar\u0161tai parduodam\u0173 veip\u0173, toki\u0173 kaip <a href=\"https:\/\/rmvapesale.com\/lt\/product\/fumot-digital-box-12000-disposable-vape-pink-lemonade-flavor\/\">RandM 12k<\/a> ir sodraus skonio pasirinkim\u0173, toki\u0173 kaip <a href=\"https:\/\/rmvapesale.com\/lt\/product\/wga-crystal-plus-20000-puff-dual-flavour-disposable-vape\/\">WGA 20K \u012fkv\u0117pimas<\/a>. Kiekvienas produktas parenkamas atsi\u017evelgiant \u012f kokyb\u0119, vert\u0119 ir \u012fvairov\u0119, u\u017etikrinant, kad rastum\u0117te tobul\u0105 atitikmen\u012f savo poreikiams. Atraskite i\u0161skirtin\u012f aptarnavim\u0105 ir plat\u0173 auk\u0161\u010diausios kokyb\u0117s produkt\u0173 asortiment\u0105 \u201eRmvapesale\u201c.<\/p>\n<\/div>\n<h3><\/h3>\n<div class=\"relative p-1 rounded-sm flex items-center justify-center bg-token-main-surface-primary text-token-text-primary h-8 w-8\">\n<h3><b>Elf Bar Vape COMBO 25000 \u012fkv\u0117pim\u0173 DUK<\/b><\/h3>\n<\/div>\n<h3>1. <strong>Kaip su\u017einoti, kada mano vienkartiniai \u201eElfBar\u201c garinimo ank\u0161tys yra tu\u0161\u010dios?<\/strong><\/h3>\n<ul>\n<li>Su <strong>i\u0161manusis ekranas<\/strong> \u201eElf Bar Combo 25000\u201c ai\u0161kiai parodo j\u016bs\u0173 e. skys\u010dio lyg\u012f. Kai ekrane rodoma, kad e. skys\u010dio b\u016bsena yra \u017eema arba tu\u0161\u010dia, arba jei jau\u010diate pastebim\u0105 skonio ir gar\u0173 gamybos suma\u017e\u0117jim\u0105, laikas pakeisti \u012frengin\u012f.<\/li>\n<\/ul>\n<h3>2. <strong>Per kiek laiko \u012fkraunamas \u201eElfBar Combo 25000 Puffs\u201c?<\/strong><\/h3>\n<ul>\n<li>\u201eElf Bar Combo 25000\u201c yra su <strong>700 mAh \u012fkraunama baterija<\/strong> ir greitai \u012fkraunamas per <strong>C tipo \u012fkrovimo prievadas<\/strong>. Paprastai tai trunka apie <strong>1\u20132 valandas<\/strong> visi\u0161kai \u012fkrauti, priklausomai nuo maitinimo \u0161altinio.<\/li>\n<\/ul>\n<h3>3. <strong>Kiek nikotino yra \u201eElf Bar Vape Combo 25000 Puff\u201c?<\/strong><\/h3>\n<ul>\n<li>\u201eElf Bar Combo 25000\u201c sud\u0117tyje yra <strong>5% (50 mg) nikotino stiprumo<\/strong>, kuris suteikia stipr\u0173 ir patenkinam\u0105 poj\u016bt\u012f, tinkant\u012f tiems, kurie m\u0117gsta didesn\u0119 nikotino koncentracij\u0105.<\/li>\n<\/ul>\n<h3>4. <strong>Kur galiu \u012fsigyti \u201eElfBar Combo 25000 Puffs\u201c didmenin\u0117mis kainomis?<\/strong><\/h3>\n<ul>\n<li>\u201eElf Bar Combo 25000 Puff\u201c galite \u012fsigyti <strong>didmenin\u0117mis kainomis<\/strong> i\u0161 \u012fvairi\u0173 internetini\u0173 gar\u0173 platintoj\u0173 arba specializuot\u0173 <strong>gar\u0173 didmenini\u0173 tiek\u0117j\u0173<\/strong>. Patikrinkite patikimus <strong>elektronini\u0173 cigare\u010di\u0173 parduotuv\u0117s<\/strong> ir internetinius ma\u017emenininkus, kurie si\u016blo <strong>didelius pirkimus<\/strong> \u201eElf Bar\u201c produktams.<\/li>\n<\/ul>\n<h3>5. <strong>Ar galiu \u012fsine\u0161ti vienkartin\u012f garintuv\u0105 \u012f l\u0117ktuv\u0105?<\/strong><\/h3>\n<ul>\n<li>Taip, galite \u012fsine\u0161ti <strong>vienkartinio garintuvo<\/strong> \u012f l\u0117ktuv\u0105, bet jis turi b\u016bti supakuotas \u012f j\u016bs\u0173 <strong>rankin\u012f baga\u017e\u0105<\/strong>. \u012esitikinkite, kad prietaisas yra i\u0161jungtas ir saugiai laikomas, ir nepamir\u0161kite patikrinti konkre\u010dios oro linij\u0173 bendrov\u0117s taisykli\u0173 ir paskirties \u0161alies garinimo politikos.<\/li>\n<\/ul>\n<\/div>\n<\/div>\n<\/div>\n<h3>Apie siuntim\u0105<\/h3>\n<div class=\"flex-shrink-0 flex flex-col relative items-end\">\n<div>\n<div class=\"pt-0\">\n<div class=\"gizmo-bot-avatar flex h-8 w-8 items-center justify-center overflow-hidden rounded-full\">\n<div><\/div>\n<div class=\"relative p-1 rounded-sm flex items-center justify-center bg-token-main-surface-primary text-token-text-primary h-8 w-8\"><strong>1. Kokie siuntimo b\u016bdai naudojami?<\/strong><\/div>\n<\/div>\n<\/div>\n<\/div>\n<\/div>\n<div class=\"group\/conversation-turn relative flex w-full min-w-0 flex-col agent-turn\">\n<div class=\"flex-col gap-1 md:gap-3\">\n<div class=\"flex max-w-full flex-col flex-grow\">\n<div class=\"min-h-[20px] text-message flex w-full flex-col items-end gap-2 whitespace-normal break-words [.text-message+&amp;]:mt-5 overflow-x-auto\" dir=\"auto\" data-message-author-role=\"assistant\" data-message-id=\"22f8283b-3233-46ff-89a5-c7a41b33abda\">\n<div class=\"flex w-full flex-col gap-1 empty:hidden first:pt-[3px]\">\n<div class=\"markdown prose w-full break-words dark:prose-invert light\">\n<p>Mes bendradarbiaujame su UPS, DHL, FedEx, DPD ir kitais pirmaujan\u010diais ve\u017e\u0117jais. Mes parinksime geriausi\u0105 siuntimo b\u016bd\u0105, atsi\u017evelgdami \u012f j\u016bs\u0173 pristatymo viet\u0105, kad u\u017etikrintume, jog gaminiai jus pasieks kuo grei\u010diau.<\/p>\n<\/div>\n<p><strong>2. Per kiek laiko prek\u0117s atkeliauja?<\/strong><\/p>\n<p>\u012e Lietuv\u0105 siun\u010diami siuntiniai paprastai atvyksta per 10 darbo dien\u0173. Siuntimas \u012f Europos \u0161alis paprastai trunka apie 12\u201315 darbo dien\u0173. Mes teikiame realiuoju laiku atnaujinam\u0105 informacij\u0105 apie j\u016bs\u0173 siuntos b\u016bsen\u0105.<\/p>\n<\/div>\n<\/div>\n<\/div>\n<\/div>\n<\/div>\n<p>&nbsp;<\/p>\n<p>Raskite daugiau garintuv\u0173, kurie jums gali patikti:<strong><em><a href=\"https:\/\/rmvapesale.com\/lt\/shop-2\/\">pirkti dabar &gt;&gt;&gt;<\/a><\/em><\/strong><\/p>","protected":false},"excerpt":{"rendered":"<p>ELFBAR COMBO 25000 \u017dalias obuolys + Dvigubas obuolys<br \/>\nELFBAR Vape COMBO 25000 \u012ftraukim\u0173 didmenin\u0117 gamyklos kaina<br \/>\nElfBar Pods COMBO 25000 Didelis kiekis 5% Nikotinas<\/p>\n<p><img loading=\"lazy\" decoding=\"async\" class=\"size-full wp-image-2375\" src=\"https:\/\/rmvapesale.com\/wp-content\/uploads\/2024\/10\/image.png\" alt=\"Geriausias Vienkartinis Vape\" width=\"229\" height=\"300\" \/><\/p>\n<h3><a href=\"https:\/\/wa.me\/8617776015835\"><span style=\"color: #ff0000\"><strong>WhatsApp: +86 17776015835<\/strong><\/span><\/a><\/h3>\n<p>&nbsp;<\/p>","protected":false},"featured_media":2662,"comment_status":"open","ping_status":"closed","template":"","meta":{"_uag_custom_page_level_css":"","_lmt_disableupdate":"no","_lmt_disable":"","site-sidebar-layout":"default","site-content-layout":"content-boxed-container","ast-site-content-layout":"normal-width-container","site-content-style":"boxed","site-sidebar-style":"unboxed","ast-global-header-display":"","ast-banner-title-visibility":"","ast-main-header-display":"","ast-hfb-above-header-display":"","ast-hfb-below-header-display":"","ast-hfb-mobile-header-display":"","site-post-title":"","ast-breadcrumbs-content":"","ast-featured-img":"","footer-sml-layout":"","theme-transparent-header-meta":"default","adv-header-id-meta":"","stick-header-meta":"","header-above-stick-meta":"","header-main-stick-meta":"","header-below-stick-meta":"","astra-migrate-meta-layouts":"set","ast-page-background-enabled":"default","ast-page-background-meta":{"desktop":{"background-color":"var(--ast-global-color-4)","background-image":"","background-repeat":"repeat","background-position":"center center","background-size":"auto","background-attachment":"scroll","background-type":"","background-media":"","overlay-type":"","overlay-color":"","overlay-opacity":"","overlay-gradient":""},"tablet":{"background-color":"","background-image":"","background-repeat":"repeat","background-position":"center center","background-size":"auto","background-attachment":"scroll","background-type":"","background-media":"","overlay-type":"","overlay-color":"","overlay-opacity":"","overlay-gradient":""},"mobile":{"background-color":"","background-image":"","background-repeat":"repeat","background-position":"center center","background-size":"auto","background-attachment":"scroll","background-type":"","background-media":"","overlay-type":"","overlay-color":"","overlay-opacity":"","overlay-gradient":""}},"ast-content-background-meta":{"desktop":{"background-color":"var(--ast-global-color-5)","background-image":"","background-repeat":"repeat","background-position":"center center","background-size":"auto","background-attachment":"scroll","background-type":"","background-media":"","overlay-type":"","overlay-color":"","overlay-opacity":"","overlay-gradient":""},"tablet":{"background-color":"var(--ast-global-color-5)","background-image":"","background-repeat":"repeat","background-position":"center center","background-size":"auto","background-attachment":"scroll","background-type":"","background-media":"","overlay-type":"","overlay-color":"","overlay-opacity":"","overlay-gradient":""},"mobile":{"background-color":"var(--ast-global-color-5)","background-image":"","background-repeat":"repeat","background-position":"center center","background-size":"auto","background-attachment":"scroll","background-type":"","background-media":"","overlay-type":"","overlay-color":"","overlay-opacity":"","overlay-gradient":""}},"_joinchat":[]},"product_brand":[],"product_cat":[15,25,123,26,28,135,27,137,136,30],"product_tag":[146,188,200,167,201,202,165,180,120],"class_list":{"0":"post-2670","1":"product","2":"type-product","3":"status-publish","4":"has-post-thumbnail","6":"product_cat-new-vape-this-week","7":"product_cat-germany-best-selling-vape","8":"product_cat-italy-wholesale-vape","9":"product_cat-netherlands-hot-sale-vape","10":"product_cat-poland-hot-sale-vape","11":"product_cat-spain-best-hot-sale-vape","12":"product_cat-fance-hot-sale-vape","13":"product_cat-rechargeable-vapes","14":"product_cat-smart-screen-vapes","15":"product_cat-minimum-order-quantity-50pcs","16":"product_tag-best-hot-sale-vape","17":"product_tag-buy-vapes-online","18":"product_tag-disposable-hookah-wholesale","19":"product_tag-disposable-vape-with-screen","20":"product_tag-elfbar","21":"product_tag-elfbar-pods","22":"product_tag-rechargeable-vapes","23":"product_tag-shisha-bar","24":"product_tag-vape-wholesale","25":"desktop-align-left","26":"tablet-align-left","27":"mobile-align-left","29":"first","30":"instock","31":"sale","32":"shipping-taxable","33":"purchasable","34":"product-type-simple"},"uagb_featured_image_src":{"full":["https:\/\/rmvapesale.com\/wp-content\/uploads\/2024\/11\/Elf-Bar-COMBO-25000-Blackurrant-Raspberry-Grape.jpg",1000,1000,false],"thumbnail":["https:\/\/rmvapesale.com\/wp-content\/uploads\/2024\/11\/Elf-Bar-COMBO-25000-Blackurrant-Raspberry-Grape-150x150.jpg",150,150,true],"medium":["https:\/\/rmvapesale.com\/wp-content\/uploads\/2024\/11\/Elf-Bar-COMBO-25000-Blackurrant-Raspberry-Grape-300x300.jpg",300,300,true],"medium_large":["https:\/\/rmvapesale.com\/wp-content\/uploads\/2024\/11\/Elf-Bar-COMBO-25000-Blackurrant-Raspberry-Grape-768x768.jpg",768,768,true],"large":["https:\/\/rmvapesale.com\/wp-content\/uploads\/2024\/11\/Elf-Bar-COMBO-25000-Blackurrant-Raspberry-Grape.jpg",1000,1000,false],"1536x1536":["https:\/\/rmvapesale.com\/wp-content\/uploads\/2024\/11\/Elf-Bar-COMBO-25000-Blackurrant-Raspberry-Grape.jpg",1000,1000,false],"2048x2048":["https:\/\/rmvapesale.com\/wp-content\/uploads\/2024\/11\/Elf-Bar-COMBO-25000-Blackurrant-Raspberry-Grape.jpg",1000,1000,false],"trp-custom-language-flag":["https:\/\/rmvapesale.com\/wp-content\/uploads\/2024\/11\/Elf-Bar-COMBO-25000-Blackurrant-Raspberry-Grape.jpg",12,12,false],"woocommerce_thumbnail":["https:\/\/rmvapesale.com\/wp-content\/uploads\/2024\/11\/Elf-Bar-COMBO-25000-Blackurrant-Raspberry-Grape-300x300.jpg",300,300,true],"woocommerce_single":["https:\/\/rmvapesale.com\/wp-content\/uploads\/2024\/11\/Elf-Bar-COMBO-25000-Blackurrant-Raspberry-Grape-600x600.jpg",600,600,true],"woocommerce_gallery_thumbnail":["https:\/\/rmvapesale.com\/wp-content\/uploads\/2024\/11\/Elf-Bar-COMBO-25000-Blackurrant-Raspberry-Grape-100x100.jpg",100,100,true],"wcpr-photo-reviews":["https:\/\/rmvapesale.com\/wp-content\/uploads\/2024\/11\/Elf-Bar-COMBO-25000-Blackurrant-Raspberry-Grape.jpg",500,500,false]},"uagb_author_info":{"display_name":"AMY","author_link":"https:\/\/rmvapesale.com\/lt\/author\/"},"uagb_comment_info":0,"uagb_excerpt":"ELFBAR COMBO 25000 Green Apple + Double Apple ELFBAR Vape COMBO 25000 puff Wholesale Factory Price ElfBar Pods COMBO 25000 Bulk Buy 5% Nicotine WhatsApp: +86 17776015835 &nbsp;","_links":{"self":[{"href":"https:\/\/rmvapesale.com\/lt\/wp-json\/wp\/v2\/product\/2670","targetHints":{"allow":["GET"]}}],"collection":[{"href":"https:\/\/rmvapesale.com\/lt\/wp-json\/wp\/v2\/product"}],"about":[{"href":"https:\/\/rmvapesale.com\/lt\/wp-json\/wp\/v2\/types\/product"}],"replies":[{"embeddable":true,"href":"https:\/\/rmvapesale.com\/lt\/wp-json\/wp\/v2\/comments?post=2670"}],"wp:featuredmedia":[{"embeddable":true,"href":"https:\/\/rmvapesale.com\/lt\/wp-json\/wp\/v2\/media\/2662"}],"wp:attachment":[{"href":"https:\/\/rmvapesale.com\/lt\/wp-json\/wp\/v2\/media?parent=2670"}],"wp:term":[{"taxonomy":"product_brand","embeddable":true,"href":"https:\/\/rmvapesale.com\/lt\/wp-json\/wp\/v2\/product_brand?post=2670"},{"taxonomy":"product_cat","embeddable":true,"href":"https:\/\/rmvapesale.com\/lt\/wp-json\/wp\/v2\/product_cat?post=2670"},{"taxonomy":"product_tag","embeddable":true,"href":"https:\/\/rmvapesale.com\/lt\/wp-json\/wp\/v2\/product_tag?post=2670"}],"curies":[{"name":"wp","href":"https:\/\/api.w.org\/{rel}","templated":true}]}}