{"id":2678,"date":"2024-11-06T09:28:10","date_gmt":"2024-11-06T09:28:10","guid":{"rendered":"https:\/\/rmvapesale.com\/?post_type=product&#038;p=2678"},"modified":"2024-11-06T10:01:09","modified_gmt":"2024-11-06T10:01:09","slug":"vozol-star-20000-puffs-rechargeable-disposable-vape-wholesale-uk","status":"publish","type":"product","link":"https:\/\/rmvapesale.com\/lt\/product\/vozol-star-20000-puffs-rechargeable-disposable-vape-wholesale-uk\/","title":{"rendered":"VOZOL Star 20000 \u012ftraukim\u0173 \u012fkraunamas vienkartinis garintuvas didmenin\u0117 prekyba JK"},"content":{"rendered":"<h1>VOZOL Star 20000 \u012ftraukim\u0173 \u012fkraunamas vienkartinis garintuvas didmenin\u0117 prekyba JK<\/h1>\n<p><strong>VOZOL Star 20000 Puffs \u012ekraunamas vienkartinis vape<\/strong>, auk\u0161tos kokyb\u0117s vaping \u012frenginys, skirtas tiems, kurie reikalauja kokyb\u0117s, patogumo ir stiliaus. Puikiai tinka vaperiams Lietuvoje, ie\u0161kantiems ilgalaiki\u0173 ir patenkinam\u0173 seans\u0173, \u0161is vienkartinis vape ra\u0161iklis sujungia pa\u017eangiausi\u0105 technologij\u0105 su eleganti\u0161ku, naudotojui draugi\u0161ku dizainu.<\/p>\n<p>Su <strong>VOZOL Star 20000 Puffs Vienkartinis vape<\/strong> yra viena i\u0161 populiariausi\u0173 vienkartini\u0173 vape prek\u0117s \u017eenkl\u0173, jungian\u010di\u0173 patogum\u0105 su auk\u0161ta veikimo kokybe. Nesvarbu, ar ie\u0161kote <strong>geriausio vienkartinio vape 2024 metais<\/strong>, galingas <strong>p\u016bstel\u0117jimo gar\u0105<\/strong> variantas, ar \u012frenginio, kuris \u012fkrauna greitai, VOZOL Star atitinka visus reikalavimus. Galima \u012fsigyti <strong>elektronini\u0173 cigare\u010di\u0173 didmeninei prekybai<\/strong> ir individualiems pirkimams, tai puikus pasirinkimas tiems, kurie nori kokyb\u0117s ir kiekio viename pakete.<\/p>\n<p>Vaperiams Lietuvoje, raskite <strong>VOZOL Star 20000 Puffs Vienkartinis vape<\/strong> patikimuose <strong>didmenin\u0117s prekybos vape<\/strong> platintoj\u0173 ar u\u017esisakykite i\u0161 patikim\u0173 <strong>vienkartines elektronines cigaretes internetu<\/strong> platform\u0173. Kaip populiarus pasirinkimas tarp <strong>\u012fkraunamos elektronin\u0117s cigaret\u0117s<\/strong>, VOZOL u\u017etikrina, kad m\u0117gautum\u0117t\u0117s kiekvienu \u012fkv\u0117pimu, nesukant d\u0117mesio nuo skonio ar veikimo kokyb\u0117s.<\/p>\n<p>Atraskite galutin\u0119 vaping patirt\u012f su <strong>VOZOL Star 20000<\/strong>. U\u017esisakykite \u0161iandien ir pakelkite savo vape \u017eaidim\u0105 \u012f patogiausi\u0105 ir skaniausi\u0105 b\u016bd\u0105!<\/p>\n<p>&nbsp;<\/p>\n<p><strong>Susisiekite su Amy, kad gautum\u0117te teising\u0105 atsakym\u0105 ir didmenin\u0119 kain\u0105!<\/strong><\/p>\n<p><img loading=\"lazy\" decoding=\"async\" class=\"size-medium wp-image-1814\" src=\"https:\/\/rmvapesale.com\/wp-content\/uploads\/2024\/04\/whatsapp-amy-229x300.jpg\" alt=\"whatsapp amy\" width=\"229\" height=\"300\" srcset=\"https:\/\/rmvapesale.com\/wp-content\/uploads\/2024\/04\/whatsapp-amy-229x300.jpg 229w, https:\/\/rmvapesale.com\/wp-content\/uploads\/2024\/04\/whatsapp-amy-783x1024.jpg 783w, https:\/\/rmvapesale.com\/wp-content\/uploads\/2024\/04\/whatsapp-amy-768x1005.jpg 768w, https:\/\/rmvapesale.com\/wp-content\/uploads\/2024\/04\/whatsapp-amy-600x785.jpg 600w, https:\/\/rmvapesale.com\/wp-content\/uploads\/2024\/04\/whatsapp-amy.jpg 990w\" sizes=\"auto, (max-width: 229px) 100vw, 229px\" \/><\/p>\n<h2><\/h2>\n<h2><strong>VOZOL Star 20000 Puffs \u012fkraunamas Vape <\/strong><\/h2>\n<h2><strong>Pagrindin\u0117s savyb\u0117s<\/strong><\/h2>\n<p>Prek\u0117: Vozol<br \/>\nModelis: Star 20000<br \/>\nPuffs: Iki 20000 Ekologi\u0161kas re\u017eimas (Galia re\u017eimas 15000 )<br \/>\nVamzdelio tipas: Dvigubas tinklelio vamzdelis<br \/>\nEkranas: Spalvotas ekranas<br \/>\nDizainas: Visai permatomas<br \/>\nBaterija: 650 mAh<br \/>\nSkys\u010dio talpa: 24ML<\/p>\n<p>&nbsp;<\/p>\n<figure id=\"attachment_2677\" aria-describedby=\"caption-attachment-2677\" style=\"width: 550px\" class=\"wp-caption alignnone\"><img loading=\"lazy\" decoding=\"async\" class=\"wp-image-2677 size-full\" src=\"https:\/\/rmvapesale.com\/wp-content\/uploads\/2024\/11\/Vozol-Vista-20000-Vape-Rechargeable-Vape.png\" alt=\"Vozol Vista 20000 Vape \u012fkraunamas Vape\" width=\"550\" height=\"550\" srcset=\"https:\/\/rmvapesale.com\/wp-content\/uploads\/2024\/11\/Vozol-Vista-20000-Vape-Rechargeable-Vape.png 550w, https:\/\/rmvapesale.com\/wp-content\/uploads\/2024\/11\/Vozol-Vista-20000-Vape-Rechargeable-Vape-300x300.png 300w, https:\/\/rmvapesale.com\/wp-content\/uploads\/2024\/11\/Vozol-Vista-20000-Vape-Rechargeable-Vape-150x150.png 150w, https:\/\/rmvapesale.com\/wp-content\/uploads\/2024\/11\/Vozol-Vista-20000-Vape-Rechargeable-Vape-100x100.png 100w\" sizes=\"auto, (max-width: 550px) 100vw, 550px\" \/><figcaption id=\"caption-attachment-2677\" class=\"wp-caption-text\">Vozol Vista 20000 Vape \u012fkraunamas Vape<\/figcaption><\/figure>\n<h2><strong>Kokia yra populiariausia VOZOL <\/strong><strong>Vape <\/strong><strong>Star 20000 Puffs skoni\u0173?<\/strong><\/h2>\n<p>1. Arb\u016bzas ledas<br \/>\n2. Vynuog\u0117 ledas<br \/>\n3. Mango ledas<br \/>\n4. Dviguba obuolio ledas<br \/>\n5. Bra\u0161ki\u0173 ir kivi\u0173<br \/>\n6. Avie\u010di\u0173 arb\u016bzas<br \/>\n7. M\u0117lynas Razz ledas<br \/>\n8. Bra\u0161k\u0117s Mango<br \/>\n9. Persik\u0173, mang\u0173 ir arb\u016bz\u0173<br \/>\n10. Vy\u0161nin\u0117 Cola<br \/>\n11. Sultingas Persikas ledas<br \/>\n12. Drakono Strawnana<br \/>\n13. Mi\u0161rios uogos<br \/>\n14. Citrina Laimas<br \/>\n15. Tropinis Sprogimas<br \/>\n16. M\u0117lyni\u0173 Audra<br \/>\n17. Kvepianti Citrina<br \/>\n18. Apelsinas Ananasas Lichee<br \/>\n19. Meil\u0117 77<br \/>\n20. Avie\u010di\u0173 obuoli\u0173 arbata su arb\u016bzu ir ananasu<\/p>\n<h3><strong>Kod\u0117l verta rinktis Rmvapesale <\/strong><b>VOZOL Star 20000 Vape <\/b><strong>Didmenin\u0117 prekyba<\/strong><strong>?<\/strong><\/h3>\n<div class=\"flex-shrink-0 flex flex-col relative items-end\">\n<div class=\"pt-0\">\n<div class=\"gizmo-bot-avatar flex h-8 w-8 items-center justify-center overflow-hidden rounded-full\">\n<div class=\"relative p-1 rounded-sm flex items-center justify-center bg-token-main-surface-primary text-token-text-primary h-8 w-8\">\n<p>Sveiki atvyk\u0119 \u012f Rmvapesale, j\u016bs\u0173 patikim\u0105 veip\u0173 parduotuv\u0119, kurioje rasite auk\u0161\u010diausios kokyb\u0117s vienkartini\u0173 veip\u0173. Tur\u0117dami daugiau nei 5 met\u0173 patirt\u012f, si\u016blome populiarius vienkartini\u0173 veip\u0173 prek\u0117s \u017eenklus, tokius kaip Al Fakher, Vapme Vape, <a href=\"https:\/\/rmvapesale.com\/lt\/product\/vapme-crystal-7000-puffs-rechargeable-disposable-vape-price\/\">Vapme<\/a>, <a href=\"https:\/\/rmvapesale.com\/lt\/product-category\/bang-vapes\/\">Bang Vape<\/a>, Waspe, <a href=\"https:\/\/rmvapesale.com\/lt\/product\/wga-crystal-pro-max-extra-15k-puffs-disposable-vape-wholesale\/\">WGA<\/a> Garai ir<a href=\"https:\/\/rmvapesale.com\/lt\/product-category\/randm-fumot-vape\/\"> RandM Vape<\/a>.<\/p>\n<p>M\u016bs\u0173 asortimente yra kar\u0161tai parduodam\u0173 veip\u0173, toki\u0173 kaip <a href=\"https:\/\/rmvapesale.com\/lt\/product\/fumot-digital-box-12000-disposable-vape-pink-lemonade-flavor\/\">RandM 12k<\/a> ir sodraus skonio pasirinkim\u0173, toki\u0173 kaip <a href=\"https:\/\/rmvapesale.com\/lt\/product\/wga-crystal-plus-20000-puff-dual-flavour-disposable-vape\/\">WGA 20K \u012fkv\u0117pimas<\/a>. Kiekvienas produktas parenkamas atsi\u017evelgiant \u012f kokyb\u0119, vert\u0119 ir \u012fvairov\u0119, u\u017etikrinant, kad rastum\u0117te tobul\u0105 atitikmen\u012f savo poreikiams. Atraskite i\u0161skirtin\u012f aptarnavim\u0105 ir plat\u0173 auk\u0161\u010diausios kokyb\u0117s produkt\u0173 asortiment\u0105 \u201eRmvapesale\u201c.<\/p>\n<\/div>\n<\/div>\n<\/div>\n<\/div>\n<h3><\/h3>\n<h3><b>VOZOL Star 20000 Puf\u0173 \u012fkraunamas Vape DAUGIAU INFORMACIJOS<\/b><\/h3>\n<p><strong>Klausimas: Kas yra VOZOL Star 20 000 Puf\u0173?<\/strong><br \/>\nAtsakymas: VOZOL Star 20 000 Puf\u0173 yra didel\u0117s talpos, \u012fkraunamas vienkartinis vape \u012frenginys, si\u016blantis \u012fsp\u016bding\u0105 daugiau nei 20 000 puf\u0173. Jame yra eleganti\u0161kas dizainas, LED ekranas realiu laiku rodyti baterijos ir e-skys\u010dio lygius, bei pa\u017eangi tinklelio rit\u0117s technologija nuosekniam ir skoniui turtingam garo gamybai.<\/p>\n<p><strong>Klausimas: Kiek puf\u0173 suteikia VOZOL Star 20000 puf\u0173?<\/strong><br \/>\nAtsakymas: VOZOL Star 20000 suteikia daugiau nei 20 000 puf\u0173, u\u017etikrinant ilgalaik\u012f naudojim\u0105 ir be r\u016bpes\u010di\u0173 vaping patirt\u012f.<\/p>\n<p><strong>Klausimas: Ar VOZOL Star 20000 \u012fkraunamas vape turi ekran\u0105?<\/strong><br \/>\nAtsakymas: Taip, VOZOL Star 20000 turi patog\u0173 LED ekran\u0105, kuris rodo svarbi\u0105 informacij\u0105, toki\u0105 kaip baterijos veikimo laik\u0105 ir e-skys\u010dio lygius, leid\u017eiant jums b\u016bti gerai informuotam vaping metu.<\/p>\n<p><strong>Klausimas: Kiek laiko u\u017etrunka pilnai \u012fkrauti VOZOL Star 20K vienkartin\u012f vape?<\/strong><br \/>\nAtsakymas: VOZOL Star 20K vienkartinis vape turi greito \u012fkrovimo technologij\u0105 ir gali b\u016bti pilnai \u012fkrautas vos per 30 minu\u010di\u0173, leid\u017eiant greitai gr\u012f\u017eti prie vaping veiklos.<\/p>\n<p><strong>Klausimas: Kokie skoniai yra prieinami VOZOL vape Star 20000?<\/strong><br \/>\nAtsakymas: VOZOL vape Star 20000 si\u016blo \u012fvairius \u012fdomius skonius. Nors konkret\u016bs skoniai gali skirtis, galite tik\u0117tis \u012fvairi\u0173 pasirinkim\u0173, pritaikyt\u0173 skirtingiems poreikiams.<\/p>\n<p><strong>Klausimas: Kur galima \u012fsigyti VOZOL Star 20000?<\/strong><br \/>\nAtsakymas: VOZOL Star 20000 galite \u012fsigyti patikimuose vape parduotuv\u0117se arba u\u017esisakyti i\u0161 patikim\u0173 didmenini\u0173 platintoj\u0173 ir internetini\u0173 vape platform\u0173. Ie\u0161kokite galimybi\u0173 pasi\u016blym\u0173 <strong>elektronini\u0173 cigare\u010di\u0173 didmeninei prekybai<\/strong> or <strong>vienkartines elektronines cigaretes internetu<\/strong> kad gautum\u0117te geriausias kainas.<\/p>\n<p>&nbsp;<\/p>","protected":false},"excerpt":{"rendered":"<p>Vozol 20000 Puffs \u012ekraunamas vape LED ekranas<br \/>\nVozol Star 20000 Vienkartinis vape didmenin\u0117 pigiai kaina<br \/>\nVOZOL Star 20000 Puffs Vienkartinis vape 5% Nikotinas<\/p>\n<p><img loading=\"lazy\" decoding=\"async\" class=\"size-medium wp-image-1814\" src=\"https:\/\/rmvapesale.com\/wp-content\/uploads\/2024\/04\/whatsapp-amy-229x300.jpg\" alt=\"whatsapp amy\" width=\"229\" height=\"300\" srcset=\"https:\/\/rmvapesale.com\/wp-content\/uploads\/2024\/04\/whatsapp-amy-229x300.jpg 229w, https:\/\/rmvapesale.com\/wp-content\/uploads\/2024\/04\/whatsapp-amy-783x1024.jpg 783w, https:\/\/rmvapesale.com\/wp-content\/uploads\/2024\/04\/whatsapp-amy-768x1005.jpg 768w, https:\/\/rmvapesale.com\/wp-content\/uploads\/2024\/04\/whatsapp-amy-600x785.jpg 600w, https:\/\/rmvapesale.com\/wp-content\/uploads\/2024\/04\/whatsapp-amy.jpg 990w\" sizes=\"auto, (max-width: 229px) 100vw, 229px\" \/><\/p>\n<h3><span style=\"color: #ff0000\"><strong>WhatsApp: +86 17776015835<\/strong><\/span><\/h3>","protected":false},"featured_media":2673,"comment_status":"open","ping_status":"closed","template":"","meta":{"_uag_custom_page_level_css":"","_lmt_disableupdate":"no","_lmt_disable":"","site-sidebar-layout":"default","site-content-layout":"content-boxed-container","ast-site-content-layout":"normal-width-container","site-content-style":"boxed","site-sidebar-style":"unboxed","ast-global-header-display":"","ast-banner-title-visibility":"","ast-main-header-display":"","ast-hfb-above-header-display":"","ast-hfb-below-header-display":"","ast-hfb-mobile-header-display":"","site-post-title":"","ast-breadcrumbs-content":"","ast-featured-img":"","footer-sml-layout":"","ast-disable-related-posts":"","theme-transparent-header-meta":"default","adv-header-id-meta":"","stick-header-meta":"","header-above-stick-meta":"","header-main-stick-meta":"","header-below-stick-meta":"","astra-migrate-meta-layouts":"set","ast-page-background-enabled":"default","ast-page-background-meta":{"desktop":{"background-color":"var(--ast-global-color-4)","background-image":"","background-repeat":"repeat","background-position":"center center","background-size":"auto","background-attachment":"scroll","background-type":"","background-media":"","overlay-type":"","overlay-color":"","overlay-opacity":"","overlay-gradient":""},"tablet":{"background-color":"","background-image":"","background-repeat":"repeat","background-position":"center center","background-size":"auto","background-attachment":"scroll","background-type":"","background-media":"","overlay-type":"","overlay-color":"","overlay-opacity":"","overlay-gradient":""},"mobile":{"background-color":"","background-image":"","background-repeat":"repeat","background-position":"center center","background-size":"auto","background-attachment":"scroll","background-type":"","background-media":"","overlay-type":"","overlay-color":"","overlay-opacity":"","overlay-gradient":""}},"ast-content-background-meta":{"desktop":{"background-color":"var(--ast-global-color-5)","background-image":"","background-repeat":"repeat","background-position":"center center","background-size":"auto","background-attachment":"scroll","background-type":"","background-media":"","overlay-type":"","overlay-color":"","overlay-opacity":"","overlay-gradient":""},"tablet":{"background-color":"var(--ast-global-color-5)","background-image":"","background-repeat":"repeat","background-position":"center center","background-size":"auto","background-attachment":"scroll","background-type":"","background-media":"","overlay-type":"","overlay-color":"","overlay-opacity":"","overlay-gradient":""},"mobile":{"background-color":"var(--ast-global-color-5)","background-image":"","background-repeat":"repeat","background-position":"center center","background-size":"auto","background-attachment":"scroll","background-type":"","background-media":"","overlay-type":"","overlay-color":"","overlay-opacity":"","overlay-gradient":""}},"_joinchat":[]},"product_brand":[],"product_cat":[25,27,123,30,26,15,28,137,136,135],"product_tag":[40,54,154,203,204,37],"class_list":{"0":"post-2678","1":"product","2":"type-product","3":"status-publish","4":"has-post-thumbnail","6":"product_cat-germany-best-selling-vape","7":"product_cat-fance-hot-sale-vape","8":"product_cat-italy-wholesale-vape","9":"product_cat-minimum-order-quantity-50pcs","10":"product_cat-netherlands-hot-sale-vape","11":"product_cat-new-vape-this-week","12":"product_cat-poland-hot-sale-vape","13":"product_cat-rechargeable-vapes","14":"product_cat-smart-screen-vapes","15":"product_cat-spain-best-hot-sale-vape","16":"product_tag-hot-sale-vape","17":"product_tag-rechargeable-disposable-vape","18":"product_tag-smart-vape","19":"product_tag-vozol-star-20000-puffs","20":"product_tag-vozol-vape-uk","21":"product_tag-wholesale-vape-price","22":"desktop-align-left","23":"tablet-align-left","24":"mobile-align-left","26":"first","27":"instock","28":"sale","29":"shipping-taxable","30":"purchasable","31":"product-type-simple"},"uagb_featured_image_src":{"full":["https:\/\/rmvapesale.com\/wp-content\/uploads\/2024\/11\/VOZOL-Star-20000-Puffs-Disposable-Vape-Wholesale.png",550,550,false],"thumbnail":["https:\/\/rmvapesale.com\/wp-content\/uploads\/2024\/11\/VOZOL-Star-20000-Puffs-Disposable-Vape-Wholesale-150x150.png",150,150,true],"medium":["https:\/\/rmvapesale.com\/wp-content\/uploads\/2024\/11\/VOZOL-Star-20000-Puffs-Disposable-Vape-Wholesale-300x300.png",300,300,true],"medium_large":["https:\/\/rmvapesale.com\/wp-content\/uploads\/2024\/11\/VOZOL-Star-20000-Puffs-Disposable-Vape-Wholesale.png",550,550,false],"large":["https:\/\/rmvapesale.com\/wp-content\/uploads\/2024\/11\/VOZOL-Star-20000-Puffs-Disposable-Vape-Wholesale.png",550,550,false],"1536x1536":["https:\/\/rmvapesale.com\/wp-content\/uploads\/2024\/11\/VOZOL-Star-20000-Puffs-Disposable-Vape-Wholesale.png",550,550,false],"2048x2048":["https:\/\/rmvapesale.com\/wp-content\/uploads\/2024\/11\/VOZOL-Star-20000-Puffs-Disposable-Vape-Wholesale.png",550,550,false],"trp-custom-language-flag":["https:\/\/rmvapesale.com\/wp-content\/uploads\/2024\/11\/VOZOL-Star-20000-Puffs-Disposable-Vape-Wholesale.png",12,12,false],"woocommerce_thumbnail":["https:\/\/rmvapesale.com\/wp-content\/uploads\/2024\/11\/VOZOL-Star-20000-Puffs-Disposable-Vape-Wholesale-300x300.png",300,300,true],"woocommerce_single":["https:\/\/rmvapesale.com\/wp-content\/uploads\/2024\/11\/VOZOL-Star-20000-Puffs-Disposable-Vape-Wholesale.png",550,550,false],"woocommerce_gallery_thumbnail":["https:\/\/rmvapesale.com\/wp-content\/uploads\/2024\/11\/VOZOL-Star-20000-Puffs-Disposable-Vape-Wholesale-100x100.png",100,100,true],"wcpr-photo-reviews":["https:\/\/rmvapesale.com\/wp-content\/uploads\/2024\/11\/VOZOL-Star-20000-Puffs-Disposable-Vape-Wholesale.png",500,500,false]},"uagb_author_info":{"display_name":"AMY","author_link":"https:\/\/rmvapesale.com\/lt\/author\/"},"uagb_comment_info":0,"uagb_excerpt":"Vozol 20000 Puffs Rechargeable Vape LED Display Vozol Star 20000 Disposable Vape Wholesale Cheap Price VOZOL Star 20000 Puffs Disposable Vape 5% Nicotine WhatsApp: +86 17776015835","_links":{"self":[{"href":"https:\/\/rmvapesale.com\/lt\/wp-json\/wp\/v2\/product\/2678","targetHints":{"allow":["GET"]}}],"collection":[{"href":"https:\/\/rmvapesale.com\/lt\/wp-json\/wp\/v2\/product"}],"about":[{"href":"https:\/\/rmvapesale.com\/lt\/wp-json\/wp\/v2\/types\/product"}],"replies":[{"embeddable":true,"href":"https:\/\/rmvapesale.com\/lt\/wp-json\/wp\/v2\/comments?post=2678"}],"wp:featuredmedia":[{"embeddable":true,"href":"https:\/\/rmvapesale.com\/lt\/wp-json\/wp\/v2\/media\/2673"}],"wp:attachment":[{"href":"https:\/\/rmvapesale.com\/lt\/wp-json\/wp\/v2\/media?parent=2678"}],"wp:term":[{"taxonomy":"product_brand","embeddable":true,"href":"https:\/\/rmvapesale.com\/lt\/wp-json\/wp\/v2\/product_brand?post=2678"},{"taxonomy":"product_cat","embeddable":true,"href":"https:\/\/rmvapesale.com\/lt\/wp-json\/wp\/v2\/product_cat?post=2678"},{"taxonomy":"product_tag","embeddable":true,"href":"https:\/\/rmvapesale.com\/lt\/wp-json\/wp\/v2\/product_tag?post=2678"}],"curies":[{"name":"wp","href":"https:\/\/api.w.org\/{rel}","templated":true}]}}