{"id":2680,"date":"2024-11-06T09:47:09","date_gmt":"2024-11-06T09:47:09","guid":{"rendered":"https:\/\/rmvapesale.com\/?post_type=product&#038;p=2680"},"modified":"2024-11-07T08:24:43","modified_gmt":"2024-11-07T08:24:43","slug":"vopk-ultra-30000-puffs-double-flavor-digital-screen-rechargeable-disposable-vapes","status":"publish","type":"product","link":"https:\/\/rmvapesale.com\/lt\/product\/vopk-ultra-30000-puffs-double-flavor-digital-screen-rechargeable-disposable-vapes\/","title":{"rendered":"VOPK ULTRA 30000 \u010ciulptuk\u0173 su dvigubu skoniu, skaitmeninis ekranas, \u012fkraunamos vienkartin\u0117s vape'\u0117s"},"content":{"rendered":"<div class=\"B2VR9 CJHX3e\">\n<div class=\"wyccme\">\n<h1 class=\"LC20lb MBeuO DKV0Md\">VOPK ULTRA 30000 \u010ciulptuk\u0173 su dvigubu skoniu, skaitmeninis ekranas, \u012fkraunamos vienkartin\u0117s vape'\u0117s<\/h1>\n<div class=\"flex-shrink-0 flex flex-col relative items-end\">\n<div class=\"pt-0\">\n<div class=\"gizmo-bot-avatar flex h-8 w-8 items-center justify-center overflow-hidden rounded-full\">\n<div class=\"relative p-1 rounded-sm flex items-center justify-center bg-token-main-surface-primary text-token-text-primary h-8 w-8\">\n<p>Su <strong>VOPK ULTRA 30000 \u010ciulptuk\u0173 su dvigubu skoniu, skaitmeninis ekranas, \u012fkraunamos vienkartin\u0117s vape'\u0117s<\/strong> yra auk\u0161\u010diausios kokyb\u0117s vaping \u012frenginys, skirtas tiems, kurie ie\u0161ko auk\u0161tos veiklos, ilgaam\u017eio naudojimo varianto. Su dideliu <strong>30 000 \u012fkv\u0117pim\u0173<\/strong> ir reik\u0161mingu <strong>36ml e-skys\u010dio talpa<\/strong>, \u0161is \u012frenginys u\u017etikrina skland\u0173 ir ilgalaik\u012f vaping patirt\u012f. Puikiai tinka tiek entuziastams, tiek pradedantiesiems, \u0161is <strong>vienkartinis vape ra\u0161iklis<\/strong> sukurtas siekiant pasi\u016blyti optimal\u0173 patogum\u0105 ir stili\u0173.<\/p>\n<p>\u012erengtas su <strong>dviguba tinklelio rit\u0117<\/strong> stipriam skonio perteikimui, <strong>VOPK Ultra 30000<\/strong> sukuria storus, patenkinamus debesis, kurie pagerina kiekvien\u0105 \u012fkv\u0117pim\u0105. Integruotas <strong>i\u0161manusis ekranas su lietimui jautriu ekranu<\/strong> suteikia vartotojams lengv\u0105 prieig\u0105 prie b\u016btin\u0173 \u012frenginio duomen\u0173, leid\u017eiant greitai reguliuoti du prieinamus vaping re\u017eimus, kad patirtis b\u016bt\u0173 visi\u0161kai personalizuota.<\/p>\n<p>\u012ekrovimas yra greitas ir efektyvus d\u0117ka <strong>Type-C \u012fkraunama<\/strong> dizaino, ir su <strong>5% nikotino<\/strong> turiniu, kiekvienas \u012fkv\u0117pimas suteikia skland\u0173 ir patenkinam\u0105 \u012fvyk\u012f, kur\u012f m\u0117gsta vaperiai. \u0160is \u012frenginys taip pat puikus pasirinkimas tiems, kurie nori <strong>didmenine prekyba<\/strong> arba tyrin\u0117ti <strong>elektronini\u0173 cigare\u010di\u0173 didmeninei prekybai<\/strong> galimybes, patenkindamas kiekvieno, vertinan\u010dio kokyb\u0119 ir prieinamum\u0105, poreikius.<\/p>\n<p>Nesvarbu, ar jus domina <strong>populiariais vienkartini\u0173 garintuv\u0173 preki\u0173 \u017eenklais<\/strong> ar patikimas <strong>ma\u017eai nikotino turin\u010diu vienkartiniu garintuvu<\/strong> parinktis, tai <strong>VOPK Ultra 30000<\/strong> si\u016blo galing\u0105 talpos, skonio ir patogumo derin\u012f, tod\u0117l yra viena i\u0161 populiariausi\u0173 pasirinkim\u0173 vaperiams visoje rinkoje.<\/p>\n<p>&nbsp;<\/p>\n<\/div>\n<\/div>\n<\/div>\n<\/div>\n<\/div>\n<\/div>\n<p><strong>Susisiekite su Amy ir gaukite tinkam\u0105 atsakym\u0105 bei vape kupon\u0105!<\/strong><\/p>\n<p><img loading=\"lazy\" decoding=\"async\" class=\"size-full wp-image-1978\" src=\"https:\/\/rmvapesale.com\/wp-content\/uploads\/2024\/09\/Disposable-Vape-Wholesale.jpg\" alt=\"Vienkartinis garintuvas didmenin\u0117 prekyba\" width=\"229\" height=\"300\" \/><\/p>\n<h3><a href=\"https:\/\/wa.me\/8617776015835\" target=\"_blank\" rel=\"noopener\"><span style=\"color: #ff0000\"><strong>WhatsApp: +86 17776015835<\/strong><\/span><\/a><\/h3>\n<p>&nbsp;<\/p>\n<h2><\/h2>\n<h2><strong>VOPK ULTRA 30000 Skaitmeninis ekranas \u012fkraunami vienkartiniai vape <\/strong><strong>Pagrindin\u0117s savyb\u0117s<\/strong><\/h2>\n<p>Prek\u0117: Vopk<br \/>\nModelio pavadinimas: Vopk Ultra 30000<br \/>\n30 000 \u012fkv\u0117pim\u0173 ilgesniam naudojimui<br \/>\n36ML E-liquido talpa ma\u017eesniam papildymui ir ilgiau trunkan\u010diam malonumui<br \/>\nDviguba tinklelio rit\u0117 intensyviam skoniui ir storoms debesims<br \/>\nI\u0161manusis ekranas su lietimui jautriu ekranu patogiam nustatym\u0173 valdymui<br \/>\nDu re\u017eimai, leid\u017eiantys pritaikyti j\u016bs\u0173 vaping patirt\u012f<br \/>\nType-C \u012fkrovimas greitam ir efektyviam \u012fkrovimui<br \/>\n5% nikotinas, suteikiantis malon\u0173 \u012fkv\u0117pim\u0105 su kiekvienu p\u016btimu<\/p>\n<p>&nbsp;<\/p>\n<h2><strong>Geriausias skonis VOPK ULTRA 30000 Skaitmeninis ekranas \u012fkraunami vienkartiniai vape<\/strong><\/h2>\n<p>1. Bra\u0161k\u0117, arb\u016bzas + Kivi, Pasiflor\u0117, Guava <span style=\"color: #ff0000\"><strong>&gt;&gt;&gt;&gt; Kar\u0161ta!<\/strong><\/span><br \/>\n2. M\u0117lyn\u0117, aviet\u0117 + Persikas, Mangas, Arb\u016bzas<br \/>\n3. M\u0117lynas Razz Gummy Bear + Bra\u0161k\u0117, Kivi <span style=\"color: #ff0000\"><strong>&gt;&gt;&gt;&gt; Kar\u0161ta!<\/strong><\/span><br \/>\n4. M\u0117lynas Razz Vy\u0161nios + Bra\u0161k\u0117, Aviet\u0117<br \/>\n5. Gazuotas citrinos ir laimo skonis + \u0160vie\u017eias arb\u016bzas su m\u0117tomis<br \/>\n6. Arb\u016bzas ledas + M\u0117lynas Razz ledas <span style=\"color: #ff0000\"><strong>&gt;&gt;&gt;&gt; Geriausias!<\/strong><\/span><br \/>\n7. M\u0117lyno Razz Ananasas + Trij\u0173 Mango<br \/>\n8. Vynuogi\u0173 Uog\u0173 Sprogimas + kriau\u0161\u0117 Obuoli\u0173 Avie\u010di\u0173<br \/>\n9. Bra\u0161ki\u0173 Spanguoli\u0173 Vy\u0161nios + Ananas\u0173 Aistra Laimo<br \/>\n10. M\u0117lyni\u0173 Bra\u0161ki\u0173 Mentolas + M\u0117lyni\u0173 Avie\u010di\u0173 Mentolas<\/p>\n<p>&nbsp;<\/p>\n<figure id=\"attachment_2687\" aria-describedby=\"caption-attachment-2687\" style=\"width: 1000px\" class=\"wp-caption alignnone\"><img loading=\"lazy\" decoding=\"async\" class=\"wp-image-2687 size-full\" src=\"https:\/\/rmvapesale.com\/wp-content\/uploads\/2024\/11\/VOPK-ULTRA-30000-Puffs-Digital-ScreenRechargeable-Disposable-Vapes.jpg\" alt=\"VOPK ULTRA 30000 P\u016bsl\u0117s Skaitmeninis Ekranas \u012ekraunamos Vienkartin\u0117s Vape\" width=\"1000\" height=\"1000\" srcset=\"https:\/\/rmvapesale.com\/wp-content\/uploads\/2024\/11\/VOPK-ULTRA-30000-Puffs-Digital-ScreenRechargeable-Disposable-Vapes.jpg 1000w, https:\/\/rmvapesale.com\/wp-content\/uploads\/2024\/11\/VOPK-ULTRA-30000-Puffs-Digital-ScreenRechargeable-Disposable-Vapes-300x300.jpg 300w, https:\/\/rmvapesale.com\/wp-content\/uploads\/2024\/11\/VOPK-ULTRA-30000-Puffs-Digital-ScreenRechargeable-Disposable-Vapes-150x150.jpg 150w, https:\/\/rmvapesale.com\/wp-content\/uploads\/2024\/11\/VOPK-ULTRA-30000-Puffs-Digital-ScreenRechargeable-Disposable-Vapes-768x768.jpg 768w, https:\/\/rmvapesale.com\/wp-content\/uploads\/2024\/11\/VOPK-ULTRA-30000-Puffs-Digital-ScreenRechargeable-Disposable-Vapes-600x600.jpg 600w, https:\/\/rmvapesale.com\/wp-content\/uploads\/2024\/11\/VOPK-ULTRA-30000-Puffs-Digital-ScreenRechargeable-Disposable-Vapes-100x100.jpg 100w\" sizes=\"auto, (max-width: 1000px) 100vw, 1000px\" \/><figcaption id=\"caption-attachment-2687\" class=\"wp-caption-text\">VOPK ULTRA 30000 P\u016bsl\u0117s Skaitmeninis Ekranas \u012ekraunamos Vienkartin\u0117s Vape<\/figcaption><\/figure>\n<h3><strong>Kod\u0117l Rmvapesale Pasirinkti VOPK <\/strong><strong>Vienkartinis V<\/strong><strong>Didmenin\u0117 prekyba veipais<\/strong><strong>?<\/strong><\/h3>\n<div class=\"flex-shrink-0 flex flex-col relative items-end\">\n<div class=\"pt-0\">\n<div class=\"gizmo-bot-avatar flex h-8 w-8 items-center justify-center overflow-hidden rounded-full\">\n<div class=\"relative p-1 rounded-sm flex items-center justify-center bg-token-main-surface-primary text-token-text-primary h-8 w-8\">\n<p>Sveiki atvyk\u0119 \u012f Rmvapesale, j\u016bs\u0173 patikim\u0105 veip\u0173 parduotuv\u0119, kurioje rasite auk\u0161\u010diausios kokyb\u0117s vienkartini\u0173 veip\u0173. Tur\u0117dami daugiau nei 5 met\u0173 patirt\u012f, si\u016blome populiarius vienkartini\u0173 veip\u0173 prek\u0117s \u017eenklus, tokius kaip Al Fakher, Vapme Vape, <a href=\"https:\/\/rmvapesale.com\/lt\/product\/vapme-crystal-7000-puffs-rechargeable-disposable-vape-price\/\">Vapme<\/a>, <a href=\"https:\/\/rmvapesale.com\/lt\/product-category\/bang-vapes\/\">Bang Vape<\/a>, Waspe, <a href=\"https:\/\/rmvapesale.com\/lt\/product\/wga-crystal-pro-max-extra-15k-puffs-disposable-vape-wholesale\/\">WGA<\/a> Garai ir<a href=\"https:\/\/rmvapesale.com\/lt\/product-category\/randm-fumot-vape\/\"> RandM Vape<\/a>.<\/p>\n<p>M\u016bs\u0173 asortimente yra kar\u0161tai parduodam\u0173 veip\u0173, toki\u0173 kaip <a href=\"https:\/\/rmvapesale.com\/lt\/product\/fumot-digital-box-12000-disposable-vape-pink-lemonade-flavor\/\">RandM 12k<\/a> ir sodraus skonio pasirinkim\u0173, toki\u0173 kaip <a href=\"https:\/\/rmvapesale.com\/lt\/product\/elfbar-combo-25000-puffs-rechargeable-disposable-vape-wholesale\/\">ELFBAR Combo 25000 \u012ftraukim\u0173<\/a>. Kiekvienas produktas parenkamas atsi\u017evelgiant \u012f kokyb\u0119, vert\u0119 ir \u012fvairov\u0119, u\u017etikrinant, kad rastum\u0117te tobul\u0105 atitikmen\u012f savo poreikiams. Atraskite i\u0161skirtin\u012f aptarnavim\u0105 ir plat\u0173 auk\u0161\u010diausios kokyb\u0117s produkt\u0173 asortiment\u0105 \u201eRmvapesale\u201c.<\/p>\n<\/div>\n<h3><\/h3>\n<div class=\"relative p-1 rounded-sm flex items-center justify-center bg-token-main-surface-primary text-token-text-primary h-8 w-8\">\n<h3><b>VOPK 30000 Skaitmeninis Ekranas \u012ekraunamos Vienkartin\u0117s Vape DUK<\/b><\/h3>\n<\/div>\n<p><strong>Klausimas: Kaip su\u017einoti, kada mano VOPK ULTRA 30000 Skaitmeninis Ekranas \u012ekraunamos Vienkartin\u0117s Vape yra tu\u0161\u010dia?<\/strong><br \/>\nVOPK ULTRA 30000 turi i\u0161man\u0173 skaitmenin\u012f ekran\u0105, kuris rodo e-skys\u010dio lyg\u012f, tod\u0117l lengva pamatyti, kada vape pradeda baigtis. Kai e-skys\u010dio rodinys rodo, kad jis arti tu\u0161\u010dio arba pastebite suma\u017e\u0117jus\u012f garo ir skonio kokyb\u0119, laikas keisti \u012frengin\u012f.<\/p>\n<p><strong>Klausimas: Kiek laiko u\u017etrunka \u012fkrauti VOPK ULTRA 30000 P\u016bsl\u0117s Vape?<\/strong><br \/>\nVOPK ULTRA 30000 yra sukurta su Type-C greitu \u012fkrovimu, leid\u017eian\u010diu pilnai \u012fkrauti per ma\u017edaug 1-1,5 valandos.<\/p>\n<p><strong>Klausimas: Kiek nikotino yra VOPK ULTRA 30000 Puffs vienkartiniame vape?<\/strong><br \/>\n\u0160is vape turi 5% (50 mg) nikotino stiprum\u0105, suteikiant\u012f \u0161veln\u0173 ir patenkinam\u0105 \u012fkv\u0117pim\u0105 su kiekvienu \u012fkv\u0117pimu.<\/p>\n<p><strong>Klausimas: Kur galima \u012fsigyti VOPK ULTRA 30000 Puffs \u012fkraunamus vienkartinius vape didmenin\u0117mis kainomis?<\/strong><br \/>\nDaugeliui vape tiek\u0117j\u0173 si\u016bloma \u012fsigyti VOPK ULTRA 30000 didmenin\u0117mis kainomis. Galite patikrinti internetinius didmeninius vape parduotuves arba susisiekti su <strong>vape didmenin\u0117s prekybos platintojais<\/strong> gauti geriausias kainas.<\/p>\n<p><strong>Ar galiu \u012fsine\u0161ti \u012fkraunam\u0105 vienkartin\u012f vape \u012f l\u0117ktuv\u0105?<\/strong><br \/>\nTaip, galite \u012fsigyti \u012fkraunamus vienkartinius vape, tokius kaip VOPK ULTRA 30000, l\u0117ktuve, ta\u010diau jie turi b\u016bti supakuoti \u012f j\u016bs\u0173 rankin\u012f baga\u017e\u0105, nes li\u010dio baterijos paprastai n\u0117ra leid\u017eiamos \u012f registruot\u0105 baga\u017e\u0105. B\u016btinai patikrinkite konkre\u010dios oro linij\u0173 politik\u0105, nes ji gali skirtis.<\/p>\n<p><strong>Klausimas: Kiek \u012fkv\u0117pim\u0173 suteikia VOPK 30000 skaitmeninis ekranas \u012fkraunamas vienkartinis vape?<\/strong><br \/>\nVOPK 30000 si\u016blo ilgalaik\u0119 talp\u0105 iki <strong>30 000 \u012fkv\u0117pim\u0173<\/strong>.<\/p>\n<p><strong>Klausimas: Kiek laiko u\u017etrunka pilnai \u012fkrauti VOPK 30000 vape?<\/strong><br \/>\nSu Type-C \u012fkrovimu, VOPK 30000 paprastai pasiekia piln\u0105 \u012fkrov\u0105 per <strong>1-1,5 valandos<\/strong>.<\/p>\n<\/div>\n<\/div>\n<\/div>\n<h3>Apie siuntim\u0105<\/h3>\n<div class=\"flex-shrink-0 flex flex-col relative items-end\">\n<div>\n<div class=\"pt-0\">\n<div class=\"gizmo-bot-avatar flex h-8 w-8 items-center justify-center overflow-hidden rounded-full\">\n<div><\/div>\n<div class=\"relative p-1 rounded-sm flex items-center justify-center bg-token-main-surface-primary text-token-text-primary h-8 w-8\"><strong>1. Kokie siuntimo b\u016bdai naudojami?<\/strong><\/div>\n<\/div>\n<\/div>\n<\/div>\n<\/div>\n<div class=\"group\/conversation-turn relative flex w-full min-w-0 flex-col agent-turn\">\n<div class=\"flex-col gap-1 md:gap-3\">\n<div class=\"flex max-w-full flex-col flex-grow\">\n<div class=\"min-h-[20px] text-message flex w-full flex-col items-end gap-2 whitespace-normal break-words [.text-message+&amp;]:mt-5 overflow-x-auto\" dir=\"auto\" data-message-author-role=\"assistant\" data-message-id=\"22f8283b-3233-46ff-89a5-c7a41b33abda\">\n<div class=\"flex w-full flex-col gap-1 empty:hidden first:pt-[3px]\">\n<div class=\"markdown prose w-full break-words dark:prose-invert light\">\n<p>Mes bendradarbiaujame su UPS, DHL, FedEx, DPD ir kitais pirmaujan\u010diais ve\u017e\u0117jais. Mes parinksime geriausi\u0105 siuntimo b\u016bd\u0105, atsi\u017evelgdami \u012f j\u016bs\u0173 pristatymo viet\u0105, kad u\u017etikrintume, jog gaminiai jus pasieks kuo grei\u010diau.<\/p>\n<\/div>\n<p><strong>2. Per kiek laiko prek\u0117s atkeliauja?<\/strong><\/p>\n<p>\u012e Lietuv\u0105 siun\u010diami siuntiniai paprastai atvyksta per 10 darbo dien\u0173. Siuntimas \u012f Europos \u0161alis paprastai trunka apie 12\u201315 darbo dien\u0173. Mes teikiame realiuoju laiku atnaujinam\u0105 informacij\u0105 apie j\u016bs\u0173 siuntos b\u016bsen\u0105.<\/p>\n<\/div>\n<\/div>\n<\/div>\n<\/div>\n<\/div>\n<p>&nbsp;<\/p>\n<p>Raskite daugiau garintuv\u0173, kurie jums gali patikti:<strong><em><a href=\"https:\/\/rmvapesale.com\/lt\/shop-2\/\">pirkti dabar &gt;&gt;&gt;<\/a><\/em><\/strong><\/p>","protected":false},"excerpt":{"rendered":"<p>VOPK ULTRA 30000 Puffs Dvigubo skonio skaitmeninis ekranas ma\u017eo nikotino vienkartin\u0117s vape<br \/>\nVOPK 30000 Puffs didmenin\u0117 pirkimo partija \u012fkraunamos vienkartin\u0117s vape Pod<br \/>\nVOPK ULTRA 30000 Puffs Dvigubo skonio vienkartin\u0117s vape ra\u0161iklis<\/p>\n<p><img loading=\"lazy\" decoding=\"async\" class=\"size-full wp-image-2375\" src=\"https:\/\/rmvapesale.com\/wp-content\/uploads\/2024\/10\/image.png\" alt=\"Geriausias Vienkartinis Vape\" width=\"229\" height=\"300\" \/><\/p>\n<h3><a href=\"https:\/\/wa.me\/8617776015835\"><span style=\"color: #ff0000\"><strong>WhatsApp: +86 17776015835<\/strong><\/span><\/a><\/h3>\n<p>&nbsp;<\/p>","protected":false},"featured_media":2682,"comment_status":"open","ping_status":"closed","template":"","meta":{"_uag_custom_page_level_css":"","_lmt_disableupdate":"no","_lmt_disable":"","site-sidebar-layout":"default","site-content-layout":"content-boxed-container","ast-site-content-layout":"normal-width-container","site-content-style":"boxed","site-sidebar-style":"unboxed","ast-global-header-display":"","ast-banner-title-visibility":"","ast-main-header-display":"","ast-hfb-above-header-display":"","ast-hfb-below-header-display":"","ast-hfb-mobile-header-display":"","site-post-title":"","ast-breadcrumbs-content":"","ast-featured-img":"","footer-sml-layout":"","theme-transparent-header-meta":"default","adv-header-id-meta":"","stick-header-meta":"","header-above-stick-meta":"","header-main-stick-meta":"","header-below-stick-meta":"","astra-migrate-meta-layouts":"set","ast-page-background-enabled":"default","ast-page-background-meta":{"desktop":{"background-color":"var(--ast-global-color-4)","background-image":"","background-repeat":"repeat","background-position":"center center","background-size":"auto","background-attachment":"scroll","background-type":"","background-media":"","overlay-type":"","overlay-color":"","overlay-opacity":"","overlay-gradient":""},"tablet":{"background-color":"","background-image":"","background-repeat":"repeat","background-position":"center center","background-size":"auto","background-attachment":"scroll","background-type":"","background-media":"","overlay-type":"","overlay-color":"","overlay-opacity":"","overlay-gradient":""},"mobile":{"background-color":"","background-image":"","background-repeat":"repeat","background-position":"center center","background-size":"auto","background-attachment":"scroll","background-type":"","background-media":"","overlay-type":"","overlay-color":"","overlay-opacity":"","overlay-gradient":""}},"ast-content-background-meta":{"desktop":{"background-color":"var(--ast-global-color-5)","background-image":"","background-repeat":"repeat","background-position":"center center","background-size":"auto","background-attachment":"scroll","background-type":"","background-media":"","overlay-type":"","overlay-color":"","overlay-opacity":"","overlay-gradient":""},"tablet":{"background-color":"var(--ast-global-color-5)","background-image":"","background-repeat":"repeat","background-position":"center center","background-size":"auto","background-attachment":"scroll","background-type":"","background-media":"","overlay-type":"","overlay-color":"","overlay-opacity":"","overlay-gradient":""},"mobile":{"background-color":"var(--ast-global-color-5)","background-image":"","background-repeat":"repeat","background-position":"center center","background-size":"auto","background-attachment":"scroll","background-type":"","background-media":"","overlay-type":"","overlay-color":"","overlay-opacity":"","overlay-gradient":""}},"_joinchat":[]},"product_brand":[],"product_cat":[15,25,123,26,28,135,27,137,136,30],"product_tag":[146,188,200,167,127,180,120],"class_list":{"0":"post-2680","1":"product","2":"type-product","3":"status-publish","4":"has-post-thumbnail","6":"product_cat-new-vape-this-week","7":"product_cat-germany-best-selling-vape","8":"product_cat-italy-wholesale-vape","9":"product_cat-netherlands-hot-sale-vape","10":"product_cat-poland-hot-sale-vape","11":"product_cat-spain-best-hot-sale-vape","12":"product_cat-fance-hot-sale-vape","13":"product_cat-rechargeable-vapes","14":"product_cat-smart-screen-vapes","15":"product_cat-minimum-order-quantity-50pcs","16":"product_tag-best-hot-sale-vape","17":"product_tag-buy-vapes-online","18":"product_tag-disposable-hookah-wholesale","19":"product_tag-disposable-vape-with-screen","20":"product_tag-puff-30k","21":"product_tag-shisha-bar","22":"product_tag-vape-wholesale","23":"desktop-align-left","24":"tablet-align-left","25":"mobile-align-left","27":"first","28":"instock","29":"sale","30":"shipping-taxable","31":"purchasable","32":"product-type-simple"},"uagb_featured_image_src":{"full":["https:\/\/rmvapesale.com\/wp-content\/uploads\/2024\/11\/VOPK-ULTRA-30000-Double-Flavor-Digital-Disposable-Vapes-Pen-Wholesale.jpg",800,800,false],"thumbnail":["https:\/\/rmvapesale.com\/wp-content\/uploads\/2024\/11\/VOPK-ULTRA-30000-Double-Flavor-Digital-Disposable-Vapes-Pen-Wholesale-150x150.jpg",150,150,true],"medium":["https:\/\/rmvapesale.com\/wp-content\/uploads\/2024\/11\/VOPK-ULTRA-30000-Double-Flavor-Digital-Disposable-Vapes-Pen-Wholesale-300x300.jpg",300,300,true],"medium_large":["https:\/\/rmvapesale.com\/wp-content\/uploads\/2024\/11\/VOPK-ULTRA-30000-Double-Flavor-Digital-Disposable-Vapes-Pen-Wholesale-768x768.jpg",768,768,true],"large":["https:\/\/rmvapesale.com\/wp-content\/uploads\/2024\/11\/VOPK-ULTRA-30000-Double-Flavor-Digital-Disposable-Vapes-Pen-Wholesale.jpg",800,800,false],"1536x1536":["https:\/\/rmvapesale.com\/wp-content\/uploads\/2024\/11\/VOPK-ULTRA-30000-Double-Flavor-Digital-Disposable-Vapes-Pen-Wholesale.jpg",800,800,false],"2048x2048":["https:\/\/rmvapesale.com\/wp-content\/uploads\/2024\/11\/VOPK-ULTRA-30000-Double-Flavor-Digital-Disposable-Vapes-Pen-Wholesale.jpg",800,800,false],"trp-custom-language-flag":["https:\/\/rmvapesale.com\/wp-content\/uploads\/2024\/11\/VOPK-ULTRA-30000-Double-Flavor-Digital-Disposable-Vapes-Pen-Wholesale.jpg",12,12,false],"woocommerce_thumbnail":["https:\/\/rmvapesale.com\/wp-content\/uploads\/2024\/11\/VOPK-ULTRA-30000-Double-Flavor-Digital-Disposable-Vapes-Pen-Wholesale-300x300.jpg",300,300,true],"woocommerce_single":["https:\/\/rmvapesale.com\/wp-content\/uploads\/2024\/11\/VOPK-ULTRA-30000-Double-Flavor-Digital-Disposable-Vapes-Pen-Wholesale-600x600.jpg",600,600,true],"woocommerce_gallery_thumbnail":["https:\/\/rmvapesale.com\/wp-content\/uploads\/2024\/11\/VOPK-ULTRA-30000-Double-Flavor-Digital-Disposable-Vapes-Pen-Wholesale-100x100.jpg",100,100,true],"wcpr-photo-reviews":["https:\/\/rmvapesale.com\/wp-content\/uploads\/2024\/11\/VOPK-ULTRA-30000-Double-Flavor-Digital-Disposable-Vapes-Pen-Wholesale.jpg",500,500,false]},"uagb_author_info":{"display_name":"AMY","author_link":"https:\/\/rmvapesale.com\/lt\/author\/"},"uagb_comment_info":0,"uagb_excerpt":"VOPK ULTRA 30000 Puffs Double Flavor Digital Screen Low Nicotine Disposable Vapes VOPK 30000 Puffs Bulk Buy Wholesale Rechargeable Disposable Vapes Pod VOPK ULTRA 30000 Puffs Double Flavor Disposable Vapes Pen WhatsApp: +86 17776015835 &nbsp;","_links":{"self":[{"href":"https:\/\/rmvapesale.com\/lt\/wp-json\/wp\/v2\/product\/2680","targetHints":{"allow":["GET"]}}],"collection":[{"href":"https:\/\/rmvapesale.com\/lt\/wp-json\/wp\/v2\/product"}],"about":[{"href":"https:\/\/rmvapesale.com\/lt\/wp-json\/wp\/v2\/types\/product"}],"replies":[{"embeddable":true,"href":"https:\/\/rmvapesale.com\/lt\/wp-json\/wp\/v2\/comments?post=2680"}],"wp:featuredmedia":[{"embeddable":true,"href":"https:\/\/rmvapesale.com\/lt\/wp-json\/wp\/v2\/media\/2682"}],"wp:attachment":[{"href":"https:\/\/rmvapesale.com\/lt\/wp-json\/wp\/v2\/media?parent=2680"}],"wp:term":[{"taxonomy":"product_brand","embeddable":true,"href":"https:\/\/rmvapesale.com\/lt\/wp-json\/wp\/v2\/product_brand?post=2680"},{"taxonomy":"product_cat","embeddable":true,"href":"https:\/\/rmvapesale.com\/lt\/wp-json\/wp\/v2\/product_cat?post=2680"},{"taxonomy":"product_tag","embeddable":true,"href":"https:\/\/rmvapesale.com\/lt\/wp-json\/wp\/v2\/product_tag?post=2680"}],"curies":[{"name":"wp","href":"https:\/\/api.w.org\/{rel}","templated":true}]}}