{"id":2695,"date":"2024-11-07T09:50:56","date_gmt":"2024-11-07T09:50:56","guid":{"rendered":"https:\/\/rmvapesale.com\/?post_type=product&#038;p=2695"},"modified":"2024-11-08T03:15:20","modified_gmt":"2024-11-08T03:15:20","slug":"jnr-mediamax-40000-smart-vape-phone-call-rechargeable-disposable-wholesale","status":"publish","type":"product","link":"https:\/\/rmvapesale.com\/lt\/product\/jnr-mediamax-40000-smart-vape-phone-call-rechargeable-disposable-wholesale\/","title":{"rendered":"JNR MediaMax 40000 i\u0161manusis vape telefono skambutis \u012fkraunamas vienkartinis didmenin\u0117 prekyba"},"content":{"rendered":"<div class=\"B2VR9 CJHX3e\">\n<div class=\"wyccme\">\n<h1 class=\"LC20lb MBeuO DKV0Md\">JNR MediaMax 40000 i\u0161manusis vape telefono skambutis \u012fkraunamas vienkartinis didmenin\u0117 prekyba<\/h1>\n<div class=\"flex-shrink-0 flex flex-col relative items-end\">\n<div class=\"pt-0\">\n<div class=\"gizmo-bot-avatar flex h-8 w-8 items-center justify-center overflow-hidden rounded-full\">\n<div class=\"relative p-1 rounded-sm flex items-center justify-center bg-token-main-surface-primary text-token-text-primary h-8 w-8\">\n<p>JNR MediaMax 40000 i\u0161manusis vape kei\u010dia vapingo pasaul\u012f unikaliu pa\u017eangiausi\u0173 technologij\u0173 ir didelio na\u0161umo funkcij\u0173 deriniu. \u017dinomas kaip pirmasis pasaulyje <strong>40 000 \u012ftraukim\u0173 vienkartinis vape<\/strong> \u012frengtas i\u0161manaus telefono skambu\u010di\u0173 funkcija, \u0161is \u012frenginys si\u016blo \u012fsp\u016bding\u0105 <strong>21 ml i\u0161 anksto u\u017epildyto e-skys\u010dio<\/strong> ir a <strong>1000 mAh \u012fkraunama baterija<\/strong> kad gal\u0117tum\u0117te ilgiau vapinti su minimaliais \u012fkrovimais.<\/p>\n<p>Su dviem vapingo re\u017eimais\u2014<strong>\u012eprastas re\u017eimas<\/strong> iki 40 000 \u012ftraukim\u0173 ir <strong>Pulso re\u017eimas<\/strong> 20 000 \u012ftraukim\u0173\u2014JNR MediaMax 400000 <strong>p\u016bstel\u0117jimo gar\u0105<\/strong> si\u016blo i\u0161skirtin\u012f universalum\u0105 ir valdym\u0105. The <strong>2,4 colio HD jutiklinis ekranas<\/strong> u\u017etikrina naudojimo paprastum\u0105, leid\u017eiant\u012f realiuoju laiku steb\u0117ti baterijos veikimo laik\u0105, e-skys\u010dio lyg\u012f ir \u012frenginio nustatymus.<\/p>\n<p>\u017dengdamas \u017eingsn\u012f toliau i\u0161manaus vapingo link, \u0161is vape apima <strong>skambu\u010di\u0173 ir prane\u0161im\u0173 prane\u0161imai<\/strong>, nuotolinis kameros valdymas, a <strong>telefono paie\u0161kos funkcija<\/strong>, ir a <strong>u\u017erakinimo re\u017eimas<\/strong> siekiant u\u017etikrinti privatum\u0105 ir saugum\u0105. Sukurta <strong>MTL (i\u0161 burnos \u012f plau\u010dius) garinimui<\/strong>, \u0161is prietaisas taip pat suteikia patenkinam\u0105 sm\u016bg\u012f su <strong>5% (50 mg) nikotino stiprumu<\/strong>.<\/p>\n<p>Stilingo dizaino, patogumo ir <strong>i\u0161maniojo telefono funkcijomis<\/strong>, JNR MediaMax 40K i\u0161kelia kartel\u0119 auk\u0161tai <strong>vienkartiniais garintuvais<\/strong>. Idealiai tinka tiems, kurie nori sujungti novatori\u0161kas technologijas su tradicine garinimo patirtimi, JNR MediaMax 40000 galima \u012fsigyti <strong>didmenine prekyba<\/strong> ir <strong>didmenin\u0117 prekyba<\/strong> u\u017esakymai, atitinkantys visus j\u016bs\u0173 poreikius. Atraskite <strong>i\u0161man\u0173j\u012f garintuv\u0105<\/strong> JNR MediaMax \u0161iandien ir i\u0161 naujo apibr\u0117\u017ekite savo garinimo patirt\u012f.<\/p>\n<p>&nbsp;<\/p>\n<\/div>\n<\/div>\n<\/div>\n<\/div>\n<\/div>\n<\/div>\n<p><strong>Susisiekite su Amy ir gaukite tinkam\u0105 atsakym\u0105 bei vape kupon\u0105!<\/strong><\/p>\n<p><img loading=\"lazy\" decoding=\"async\" class=\"size-full wp-image-1978\" src=\"https:\/\/rmvapesale.com\/wp-content\/uploads\/2024\/09\/Disposable-Vape-Wholesale.jpg\" alt=\"Vienkartinis garintuvas didmenin\u0117 prekyba\" width=\"229\" height=\"300\" \/><\/p>\n<h3><a href=\"https:\/\/wa.me\/8617776015835\" target=\"_blank\" rel=\"noopener\"><span style=\"color: #ff0000\"><strong>WhatsApp: +86 17776015835<\/strong><\/span><\/a><\/h3>\n<p>&nbsp;<\/p>\n<h2><\/h2>\n<h2><strong>JNR MediaMax 40000 i\u0161manieji \u012fkraunami vienkartiniai garintuvai <\/strong><strong>Pagrindin\u0117s savyb\u0117s<\/strong><\/h2>\n<p>Prek\u0117s \u017eenklas: JNR Vape<br \/>\nPirmasis pasaulyje 40K vienkartinis rinkinys su i\u0161manaus telefono funkcijomis<br \/>\nAliejus: 21 ml i\u0161 anksto u\u017epildyt\u0173 e. sul\u010di\u0173<br \/>\nNikotinas: 5% (50 mg) nikotino stiprumas<br \/>\nBaterija: 1000 mAh \u012fkraunama baterija<br \/>\n\u012eprastas \/ Impulsinis re\u017eimas: 40000 \u012fkv\u0117pim\u0173 \u012fprastu re\u017eimu \/ 20000 \u012fkv\u0117pim\u0173 impulsiniu re\u017eimu<br \/>\n2,4 colio HD jutiklinis ekranas<br \/>\nSkambu\u010di\u0173 ir teksto funkcijos: Skambutis<br \/>\nNuotolin\u0117 kamera: nuotolinis kameros valdymas<br \/>\nTelefono paie\u0161kos funkcija<br \/>\nU\u017erakinimo re\u017eimas<br \/>\nMTL garinimas<\/p>\n<p>&nbsp;<\/p>\n<h2><strong>Geriausias skonis JNR MediaMax 40000 i\u0161maniesiems vienkartiniams garintuvams<\/strong><\/h2>\n<p>1. M\u0117lyni\u0173 avie\u010di\u0173 ledas <span style=\"color: #ff0000\"><strong>&gt;&gt;&gt;&gt; Kar\u0161ta!<\/strong><\/span><br \/>\n2. Bra\u0161ki\u0173 ledas<br \/>\n3. Arb\u016bz\u0173 ledas<br \/>\n4. Majamio m\u0117ta<br \/>\n5. R\u016bg\u0161\u010di\u0173 obuoli\u0173 ledas<br \/>\n6. M\u0117lyn\u0117s ir arb\u016bzas <span style=\"color: #ff0000\"><strong>&gt;&gt;&gt;&gt; Kar\u0161ta!<\/strong><\/span><br \/>\n7. Fcuking Fab<br \/>\n8. Vy\u0161ni\u0173, bra\u0161ki\u0173 ir avie\u010di\u0173 <span style=\"color: #ff0000\"><strong>&gt;&gt;&gt;&gt; Geriausias!<\/strong><\/span><br \/>\n9. Persik\u0173, mang\u0173 ir arb\u016bz\u0173<br \/>\n10.Bra\u0161ki\u0173 bananas<\/p>\n<figure id=\"attachment_2689\" aria-describedby=\"caption-attachment-2689\" style=\"width: 800px\" class=\"wp-caption alignnone\"><img loading=\"lazy\" decoding=\"async\" class=\"wp-image-2689 size-full\" src=\"https:\/\/rmvapesale.com\/wp-content\/uploads\/2024\/11\/JNR-Mediamax-40000-Best-Vape-2024.jpg\" alt=\"JNR Mediamax 40000 geriausias garintuvas 2024 m.\" width=\"800\" height=\"800\" srcset=\"https:\/\/rmvapesale.com\/wp-content\/uploads\/2024\/11\/JNR-Mediamax-40000-Best-Vape-2024.jpg 800w, https:\/\/rmvapesale.com\/wp-content\/uploads\/2024\/11\/JNR-Mediamax-40000-Best-Vape-2024-300x300.jpg 300w, https:\/\/rmvapesale.com\/wp-content\/uploads\/2024\/11\/JNR-Mediamax-40000-Best-Vape-2024-150x150.jpg 150w, https:\/\/rmvapesale.com\/wp-content\/uploads\/2024\/11\/JNR-Mediamax-40000-Best-Vape-2024-768x768.jpg 768w, https:\/\/rmvapesale.com\/wp-content\/uploads\/2024\/11\/JNR-Mediamax-40000-Best-Vape-2024-600x600.jpg 600w, https:\/\/rmvapesale.com\/wp-content\/uploads\/2024\/11\/JNR-Mediamax-40000-Best-Vape-2024-100x100.jpg 100w\" sizes=\"auto, (max-width: 800px) 100vw, 800px\" \/><figcaption id=\"caption-attachment-2689\" class=\"wp-caption-text\">JNR Mediamax 40000 geriausias garintuvas 2024 m.<\/figcaption><\/figure>\n<h3><strong>Kod\u0117l verta rinktis Rmvapesale JNR MediaMax 40000 Smart<\/strong><strong>\u00a0V<\/strong><strong>Didmenin\u0117 prekyba veipais<\/strong><strong>?<\/strong><\/h3>\n<div class=\"flex-shrink-0 flex flex-col relative items-end\">\n<div class=\"pt-0\">\n<div class=\"gizmo-bot-avatar flex h-8 w-8 items-center justify-center overflow-hidden rounded-full\">\n<div class=\"relative p-1 rounded-sm flex items-center justify-center bg-token-main-surface-primary text-token-text-primary h-8 w-8\">\n<p>Sveiki atvyk\u0119 \u012f Rmvapesale, j\u016bs\u0173 patikim\u0105 veip\u0173 parduotuv\u0119, kurioje rasite auk\u0161\u010diausios kokyb\u0117s vienkartini\u0173 veip\u0173. Tur\u0117dami daugiau nei 5 met\u0173 patirt\u012f, si\u016blome populiarius vienkartini\u0173 veip\u0173 prek\u0117s \u017eenklus, tokius kaip Al Fakher, Vapme Vape, <a href=\"https:\/\/rmvapesale.com\/lt\/product\/vapme-crystal-7000-puffs-rechargeable-disposable-vape-price\/\">Vapme<\/a>, <a href=\"https:\/\/rmvapesale.com\/lt\/product-category\/bang-vapes\/\">Bang Vape<\/a>, Waspe, <a href=\"https:\/\/rmvapesale.com\/lt\/product\/wga-crystal-pro-max-extra-15k-puffs-disposable-vape-wholesale\/\">WGA<\/a> Garai ir<a href=\"https:\/\/rmvapesale.com\/lt\/product-category\/randm-fumot-vape\/\"> RandM Vape<\/a>.<\/p>\n<p>M\u016bs\u0173 asortimente yra kar\u0161tai parduodam\u0173 veip\u0173, toki\u0173 kaip <a href=\"https:\/\/rmvapesale.com\/lt\/product\/fumot-digital-box-12000-disposable-vape-pink-lemonade-flavor\/\">RandM 12k<\/a> ir sodraus skonio pasirinkim\u0173, toki\u0173 kaip <a href=\"https:\/\/rmvapesale.com\/lt\/product\/elfbar-combo-25000-puffs-rechargeable-disposable-vape-wholesale\/\">ELFBAR Combo 25000 \u012ftraukim\u0173<\/a>. Kiekvienas produktas parenkamas atsi\u017evelgiant \u012f kokyb\u0119, vert\u0119 ir \u012fvairov\u0119, u\u017etikrinant, kad rastum\u0117te tobul\u0105 atitikmen\u012f savo poreikiams. Atraskite i\u0161skirtin\u012f aptarnavim\u0105 ir plat\u0173 auk\u0161\u010diausios kokyb\u0117s produkt\u0173 asortiment\u0105 \u201eRmvapesale\u201c.<\/p>\n<\/div>\n<h3><\/h3>\n<div class=\"relative p-1 rounded-sm flex items-center justify-center bg-token-main-surface-primary text-token-text-primary h-8 w-8\">\n<h3><b>JNR MediaMax 40000 skaitmeninio ekrano \u012fkraunamas vienkartinis garintuvas DUK<\/b><\/h3>\n<p>&nbsp;<\/p>\n<\/div>\n<div class=\"flex max-w-full flex-col flex-grow\">\n<div class=\"min-h-8 text-message flex w-full flex-col items-end gap-2 whitespace-normal break-words [.text-message+&amp;]:mt-5\" dir=\"auto\" data-message-author-role=\"assistant\" data-message-id=\"97cb2f27-e2e6-4ecb-a3cc-49b64fba0d8b\" data-message-model-slug=\"gpt-4o\">\n<div class=\"flex w-full flex-col gap-1 empty:hidden first:pt-[3px]\">\n<div class=\"markdown prose w-full break-words dark:prose-invert light\">\n<ol>\n<li><strong>Kaip su\u017einoti, kada mano JNR MediaMax 40000 Smart Vape yra tu\u0161\u010dias?<\/strong><br \/>\nSu <strong>2,4 colio HD jutiklinis ekranas<\/strong> J\u016bs\u0173 JNR MediaMax 40000 Smart Vape ekrane bus rodomas e-skys\u010dio lygis, tod\u0117l bus lengva sekti, kada jis senka arba yra tu\u0161\u010dias.<\/li>\n<li><strong>Kiek laiko u\u017etrunka \u012fkrauti JNR MediaMax 40000 Smart \u012fkraunam\u0105 garintuv\u0105?<\/strong><br \/>\nJNR MediaMax 40000 funkcijos <strong>greitas C tipo \u012fkrovimas<\/strong> ir visi\u0161kai \u012fkraunamas ma\u017edaug <strong>viena valanda<\/strong>.<\/li>\n<li><strong>Kiek nikotino yra vienkartiniame \u201eJNR MediaMax 40000 Smart\u201c vape?<\/strong><br \/>\n\u0160is \u012frenginys sukurtas su <strong>5% (50 mg) nikotino stiprumu<\/strong> kad suteikt\u0173 patenkinam\u0105 garinimo patirt\u012f.<\/li>\n<li><strong>Kur galiu \u012fsigyti \u201eJNR 40000 Puff\u201c vape didmenine kaina?<\/strong><br \/>\n\u201eJNR MediaMax 40000\u201c galima \u012fsigyti <strong>didmeniniams ir dideliems u\u017esakymams<\/strong> per \u012fgaliotus vape tiek\u0117jus ir internetines didmenin\u0117s prekybos vape parduotuves.<\/li>\n<li><strong>Ar galiu \u012fsine\u0161ti \u012fkraunam\u0105 vienkartin\u012f vape \u012f l\u0117ktuv\u0105?<\/strong><br \/>\nTaip, galite \u012fsine\u0161ti \u012fkraunam\u0105 vienkartin\u012f vape, pavyzd\u017eiui, \u201eJNR MediaMax 40000\u201c, \u012f savo rankin\u012f baga\u017e\u0105, ta\u010diau svarbu patikrinti oro linij\u0173 ir vietos taisykles d\u0117l bet koki\u0173 konkre\u010di\u0173 apribojim\u0173. B\u016btinai i\u0161junkite j\u012f skryd\u017eio metu.<\/li>\n<li><strong>Kiek \u012fkv\u0117pim\u0173 suteikia \u201eJNR MediaMax 40000 Smart Vape\u201c?<\/strong><br \/>\n\u201eJNR MediaMax\u201c si\u016blo <strong>iki 40 000 \u012fkv\u0117pim\u0173<\/strong> \u012fprastu re\u017eimu ir <strong>20 000 \u012fkv\u0117pim\u0173 pulso re\u017eimu<\/strong> kad patirtis b\u016bt\u0173 universali ir ilgalaik\u0117.<\/li>\n<li><strong>Per kiek laiko visi\u0161kai \u012fkraunamas \u201eJNR MediaMax 40000\u201c vape?<\/strong><br \/>\nSu <strong>1000 mAh \u012fkraunama baterija<\/strong> visi\u0161kai \u012fkraunamas ma\u017edaug per <strong>viena valanda<\/strong> su savo efektyvia C tipo \u012fkrovimo technologija.<\/li>\n<\/ol>\n<\/div>\n<\/div>\n<\/div>\n<\/div>\n<div class=\"mb-2 flex gap-3 empty:hidden -ml-2\"><\/div>\n<p>&nbsp;<\/p>\n<\/div>\n<\/div>\n<\/div>\n<h3>Apie siuntim\u0105<\/h3>\n<div class=\"flex-shrink-0 flex flex-col relative items-end\">\n<div>\n<div class=\"pt-0\">\n<div class=\"gizmo-bot-avatar flex h-8 w-8 items-center justify-center overflow-hidden rounded-full\">\n<div><\/div>\n<div class=\"relative p-1 rounded-sm flex items-center justify-center bg-token-main-surface-primary text-token-text-primary h-8 w-8\"><strong>1. Kokie siuntimo b\u016bdai naudojami?<\/strong><\/div>\n<\/div>\n<\/div>\n<\/div>\n<\/div>\n<div class=\"group\/conversation-turn relative flex w-full min-w-0 flex-col agent-turn\">\n<div class=\"flex-col gap-1 md:gap-3\">\n<div class=\"flex max-w-full flex-col flex-grow\">\n<div class=\"min-h-[20px] text-message flex w-full flex-col items-end gap-2 whitespace-normal break-words [.text-message+&amp;]:mt-5 overflow-x-auto\" dir=\"auto\" data-message-author-role=\"assistant\" data-message-id=\"22f8283b-3233-46ff-89a5-c7a41b33abda\">\n<div class=\"flex w-full flex-col gap-1 empty:hidden first:pt-[3px]\">\n<div class=\"markdown prose w-full break-words dark:prose-invert light\">\n<p>Mes bendradarbiaujame su UPS, DHL, FedEx, DPD ir kitais pirmaujan\u010diais ve\u017e\u0117jais. Mes parinksime geriausi\u0105 siuntimo b\u016bd\u0105, atsi\u017evelgdami \u012f j\u016bs\u0173 pristatymo viet\u0105, kad u\u017etikrintume, jog gaminiai jus pasieks kuo grei\u010diau.<\/p>\n<\/div>\n<p><strong>2. Per kiek laiko prek\u0117s atkeliauja?<\/strong><\/p>\n<p>\u012e Lietuv\u0105 siun\u010diami siuntiniai paprastai atvyksta per 10 darbo dien\u0173. Siuntimas \u012f Europos \u0161alis paprastai trunka apie 12\u201315 darbo dien\u0173. Mes teikiame realiuoju laiku atnaujinam\u0105 informacij\u0105 apie j\u016bs\u0173 siuntos b\u016bsen\u0105.<\/p>\n<\/div>\n<\/div>\n<\/div>\n<\/div>\n<\/div>\n<p>&nbsp;<\/p>\n<p>Raskite daugiau garintuv\u0173, kurie jums gali patikti:<strong><em><a href=\"https:\/\/rmvapesale.com\/lt\/shop-2\/\">pirkti dabar &gt;&gt;&gt;<\/a><\/em><\/strong><\/p>","protected":false},"excerpt":{"rendered":"<p>JNR Mediamax 40000 geriausias vienkartinis vape 2024 m.<br \/>\nJNR 40000 \u012fkraunamas vienkartinis vape didmenin\u0117 kaina<br \/>\nDidmenin\u0117 prekyba JNR Mediamax 40000 \u012ftraukim\u0173 i\u0161manusis vape su telefono skambu\u010diais<\/p>\n<p><img loading=\"lazy\" decoding=\"async\" class=\"size-full wp-image-2375\" src=\"https:\/\/rmvapesale.com\/wp-content\/uploads\/2024\/10\/image.png\" alt=\"Geriausias Vienkartinis Vape\" width=\"229\" height=\"300\" \/><\/p>\n<h3><a href=\"https:\/\/wa.me\/8617776015835\"><span style=\"color: #ff0000\"><strong>WhatsApp: +86 17776015835<\/strong><\/span><\/a><\/h3>\n<p>&nbsp;<\/p>","protected":false},"featured_media":2690,"comment_status":"open","ping_status":"closed","template":"","meta":{"_uag_custom_page_level_css":"","_lmt_disableupdate":"no","_lmt_disable":"","site-sidebar-layout":"default","site-content-layout":"content-boxed-container","ast-site-content-layout":"normal-width-container","site-content-style":"boxed","site-sidebar-style":"unboxed","ast-global-header-display":"","ast-banner-title-visibility":"","ast-main-header-display":"","ast-hfb-above-header-display":"","ast-hfb-below-header-display":"","ast-hfb-mobile-header-display":"","site-post-title":"","ast-breadcrumbs-content":"","ast-featured-img":"","footer-sml-layout":"","theme-transparent-header-meta":"default","adv-header-id-meta":"","stick-header-meta":"","header-above-stick-meta":"","header-main-stick-meta":"","header-below-stick-meta":"","astra-migrate-meta-layouts":"set","ast-page-background-enabled":"default","ast-page-background-meta":{"desktop":{"background-color":"var(--ast-global-color-4)","background-image":"","background-repeat":"repeat","background-position":"center center","background-size":"auto","background-attachment":"scroll","background-type":"","background-media":"","overlay-type":"","overlay-color":"","overlay-opacity":"","overlay-gradient":""},"tablet":{"background-color":"","background-image":"","background-repeat":"repeat","background-position":"center center","background-size":"auto","background-attachment":"scroll","background-type":"","background-media":"","overlay-type":"","overlay-color":"","overlay-opacity":"","overlay-gradient":""},"mobile":{"background-color":"","background-image":"","background-repeat":"repeat","background-position":"center center","background-size":"auto","background-attachment":"scroll","background-type":"","background-media":"","overlay-type":"","overlay-color":"","overlay-opacity":"","overlay-gradient":""}},"ast-content-background-meta":{"desktop":{"background-color":"var(--ast-global-color-5)","background-image":"","background-repeat":"repeat","background-position":"center center","background-size":"auto","background-attachment":"scroll","background-type":"","background-media":"","overlay-type":"","overlay-color":"","overlay-opacity":"","overlay-gradient":""},"tablet":{"background-color":"var(--ast-global-color-5)","background-image":"","background-repeat":"repeat","background-position":"center center","background-size":"auto","background-attachment":"scroll","background-type":"","background-media":"","overlay-type":"","overlay-color":"","overlay-opacity":"","overlay-gradient":""},"mobile":{"background-color":"var(--ast-global-color-5)","background-image":"","background-repeat":"repeat","background-position":"center center","background-size":"auto","background-attachment":"scroll","background-type":"","background-media":"","overlay-type":"","overlay-color":"","overlay-opacity":"","overlay-gradient":""}},"_joinchat":[]},"product_brand":[],"product_cat":[15,25,123,26,28,135,27,137,136,30],"product_tag":[146,188,167,205,207,206,120],"class_list":{"0":"post-2695","1":"product","2":"type-product","3":"status-publish","4":"has-post-thumbnail","6":"product_cat-new-vape-this-week","7":"product_cat-germany-best-selling-vape","8":"product_cat-italy-wholesale-vape","9":"product_cat-netherlands-hot-sale-vape","10":"product_cat-poland-hot-sale-vape","11":"product_cat-spain-best-hot-sale-vape","12":"product_cat-fance-hot-sale-vape","13":"product_cat-rechargeable-vapes","14":"product_cat-smart-screen-vapes","15":"product_cat-minimum-order-quantity-50pcs","16":"product_tag-best-hot-sale-vape","17":"product_tag-buy-vapes-online","18":"product_tag-disposable-vape-with-screen","19":"product_tag-jnr-vape","20":"product_tag-puff-vape","21":"product_tag-smart-phone-vape","22":"product_tag-vape-wholesale","23":"desktop-align-left","24":"tablet-align-left","25":"mobile-align-left","27":"first","28":"instock","29":"sale","30":"shipping-taxable","31":"purchasable","32":"product-type-simple"},"uagb_featured_image_src":{"full":["https:\/\/rmvapesale.com\/wp-content\/uploads\/2024\/11\/JNR-MediaMax-40000-Disposable-Vape-Wholesale.jpg",800,800,false],"thumbnail":["https:\/\/rmvapesale.com\/wp-content\/uploads\/2024\/11\/JNR-MediaMax-40000-Disposable-Vape-Wholesale-150x150.jpg",150,150,true],"medium":["https:\/\/rmvapesale.com\/wp-content\/uploads\/2024\/11\/JNR-MediaMax-40000-Disposable-Vape-Wholesale-300x300.jpg",300,300,true],"medium_large":["https:\/\/rmvapesale.com\/wp-content\/uploads\/2024\/11\/JNR-MediaMax-40000-Disposable-Vape-Wholesale-768x768.jpg",768,768,true],"large":["https:\/\/rmvapesale.com\/wp-content\/uploads\/2024\/11\/JNR-MediaMax-40000-Disposable-Vape-Wholesale.jpg",800,800,false],"1536x1536":["https:\/\/rmvapesale.com\/wp-content\/uploads\/2024\/11\/JNR-MediaMax-40000-Disposable-Vape-Wholesale.jpg",800,800,false],"2048x2048":["https:\/\/rmvapesale.com\/wp-content\/uploads\/2024\/11\/JNR-MediaMax-40000-Disposable-Vape-Wholesale.jpg",800,800,false],"trp-custom-language-flag":["https:\/\/rmvapesale.com\/wp-content\/uploads\/2024\/11\/JNR-MediaMax-40000-Disposable-Vape-Wholesale.jpg",12,12,false],"woocommerce_thumbnail":["https:\/\/rmvapesale.com\/wp-content\/uploads\/2024\/11\/JNR-MediaMax-40000-Disposable-Vape-Wholesale-300x300.jpg",300,300,true],"woocommerce_single":["https:\/\/rmvapesale.com\/wp-content\/uploads\/2024\/11\/JNR-MediaMax-40000-Disposable-Vape-Wholesale-600x600.jpg",600,600,true],"woocommerce_gallery_thumbnail":["https:\/\/rmvapesale.com\/wp-content\/uploads\/2024\/11\/JNR-MediaMax-40000-Disposable-Vape-Wholesale-100x100.jpg",100,100,true],"wcpr-photo-reviews":["https:\/\/rmvapesale.com\/wp-content\/uploads\/2024\/11\/JNR-MediaMax-40000-Disposable-Vape-Wholesale.jpg",500,500,false]},"uagb_author_info":{"display_name":"AMY","author_link":"https:\/\/rmvapesale.com\/lt\/author\/"},"uagb_comment_info":0,"uagb_excerpt":"JNR Mediamax 40000 Best Disposable Vape 2024 JNR 40000 Rechargeable Disposable Vape Wholesale Price Wholesale JNR Mediamax 40000 Puffs Phone Call Smart Vape WhatsApp: +86 17776015835 &nbsp;","_links":{"self":[{"href":"https:\/\/rmvapesale.com\/lt\/wp-json\/wp\/v2\/product\/2695","targetHints":{"allow":["GET"]}}],"collection":[{"href":"https:\/\/rmvapesale.com\/lt\/wp-json\/wp\/v2\/product"}],"about":[{"href":"https:\/\/rmvapesale.com\/lt\/wp-json\/wp\/v2\/types\/product"}],"replies":[{"embeddable":true,"href":"https:\/\/rmvapesale.com\/lt\/wp-json\/wp\/v2\/comments?post=2695"}],"wp:featuredmedia":[{"embeddable":true,"href":"https:\/\/rmvapesale.com\/lt\/wp-json\/wp\/v2\/media\/2690"}],"wp:attachment":[{"href":"https:\/\/rmvapesale.com\/lt\/wp-json\/wp\/v2\/media?parent=2695"}],"wp:term":[{"taxonomy":"product_brand","embeddable":true,"href":"https:\/\/rmvapesale.com\/lt\/wp-json\/wp\/v2\/product_brand?post=2695"},{"taxonomy":"product_cat","embeddable":true,"href":"https:\/\/rmvapesale.com\/lt\/wp-json\/wp\/v2\/product_cat?post=2695"},{"taxonomy":"product_tag","embeddable":true,"href":"https:\/\/rmvapesale.com\/lt\/wp-json\/wp\/v2\/product_tag?post=2695"}],"curies":[{"name":"wp","href":"https:\/\/api.w.org\/{rel}","templated":true}]}}