{"id":2702,"date":"2024-11-08T07:20:19","date_gmt":"2024-11-08T07:20:19","guid":{"rendered":"https:\/\/rmvapesale.com\/?post_type=product&#038;p=2702"},"modified":"2024-11-08T07:51:08","modified_gmt":"2024-11-08T07:51:08","slug":"bang-king-shisha-25000-crown-bar-rechargeable-disposable-vape","status":"publish","type":"product","link":"https:\/\/rmvapesale.com\/lt\/product\/bang-king-shisha-25000-crown-bar-rechargeable-disposable-vape\/","title":{"rendered":"Bang King Shisha 25000 Crown Bar \u012fkraunamas vienkartinis garintuvas"},"content":{"rendered":"<div class=\"B2VR9 CJHX3e\">\n<div class=\"wyccme\">\n<h1 class=\"LC20lb MBeuO DKV0Md\">Bang King Shisha 25000 Crown Bar \u012fkraunamas vienkartinis garintuvas<\/h1>\n<div class=\"flex-shrink-0 flex flex-col relative items-end\">\n<div class=\"pt-0\">\n<div class=\"gizmo-bot-avatar flex h-8 w-8 items-center justify-center overflow-hidden rounded-full\">\n<div class=\"relative p-1 rounded-sm flex items-center justify-center bg-token-main-surface-primary text-token-text-primary h-8 w-8\">\n<p>Pasiruo\u0161kite pakelti savo vape \u017eaidim\u0105 su <strong>Bang King Shisha 25000 Crown Bar<\/strong>\u2014 galutinis \u012fkraunamas vienkartinis vape i\u0161 <strong>populiariais vienkartini\u0173 garintuv\u0173 preki\u0173 \u017eenklais <\/strong><strong>Bang Vape<\/strong>. \u0160is \u012frenginys n\u0117ra tik vape; jis skirtas kiekvien\u0105 \u012fkv\u0117pim\u0105 pakelti \u012f kit\u0105 lyg\u012f. Su iki <strong>25 000 \u012fkv\u0117pim\u0173<\/strong>, galite pamir\u0161ti nuolatin\u012f keitim\u0105 ir m\u0117gautis valandomis skland\u017ei\u0173, maloni\u0173 debes\u0173, kurie trunka.<\/p>\n<h3><\/h3>\n<ul>\n<li><strong>Didelis p\u016btimo skai\u010dius<\/strong>: Eikite visais \u012fmanomais b\u016bdais su <strong>iki 25 000 \u012fkv\u0117pim\u0173<\/strong>! Tai daugiau nei pakankamai ilgalaikiam malonumui.<\/li>\n<li><strong>Daugiau nei dosnus E-sviesto talpa<\/strong>: U\u017epildyta <strong>30 ml e-sviesto<\/strong>, tod\u0117l galite vape'inti be pertraukos.<\/li>\n<li><strong>\u012ekraunama baterija<\/strong>: Apr\u016bpintas galingu <strong>650 mAh baterija<\/strong> ir <strong>C tipo \u012fkrovimas<\/strong> greitiems, be r\u016bpes\u010di\u0173 \u012fkrovimams.<\/li>\n<li><strong>Kompakti\u0161kas ir ne\u0161iojamas dizainas<\/strong>: Puikiai eleganti\u0161kas, <strong>Bang King Shisha Bar<\/strong> lengvai telpa \u012f rank\u0105 ar ki\u0161en\u0119. Imk j\u012f bet kur, nuo klubo iki sofos!<\/li>\n<li><strong>Skoni\u0173 Eksplozija<\/strong>: Su <strong>12 nuostabi\u0173 skoni\u0173<\/strong> kaip Vimto Bull E Shisha Lemon Mint ir Ghiaccio Di Anguria, tikrai rasite tinkam\u0105 bet kokiai nuotaikai.<\/li>\n<li><strong>LED Ekranas I\u0161manusis ekranas:<\/strong> Su skaitmeniniu ekran\u0117liu, rodanciu baterijos ir aliejaus lyg\u012f patogiam naudojimui.<\/li>\n<\/ul>\n<p>Ar ie\u0161kote <strong>Didmenin\u0117s pirkimo<\/strong> galimybi\u0173, reikalingas patikimas <strong>Vienkartinis Vape ra\u0161iklis<\/strong>, ar tiesiog norite i\u0161siskirian\u010dio <strong>ma\u017eai nikotino turin\u010diu vienkartiniu garintuvu<\/strong>, <strong>Bang King Shisha 25000<\/strong> yra jums. Puikus pasirinkimas m\u0117g\u0117jams <strong>\u012fkraunamos elektronin\u0117s cigaret\u0117s<\/strong>, <strong>elektronini\u0173 cigare\u010di\u0173 didmeninei prekybai<\/strong>. Gauk savo dabar ir m\u0117gaukis nepaprasta vape patirtimi!<\/p>\n<p>Jei esate pasiruo\u0161\u0119s auk\u0161tos kokyb\u0117s<strong> kaljan\u0173 baras<\/strong> patir\u010diai, kuri suteikia skon\u012f, ne\u0161iojamum\u0105 ir gali\u0105, <strong>Bang King 25000 Crown Bar<\/strong> laukiama.<\/p>\n<p>&nbsp;<\/p>\n<\/div>\n<\/div>\n<\/div>\n<\/div>\n<\/div>\n<\/div>\n<p><strong>Susisiekite su Amy ir gaukite tinkam\u0105 atsakym\u0105 bei vape kupon\u0105!<\/strong><\/p>\n<p><img loading=\"lazy\" decoding=\"async\" class=\"size-full wp-image-1978\" src=\"https:\/\/rmvapesale.com\/wp-content\/uploads\/2024\/09\/Disposable-Vape-Wholesale.jpg\" alt=\"Vienkartinis garintuvas didmenin\u0117 prekyba\" width=\"229\" height=\"300\" \/><\/p>\n<h3><a href=\"https:\/\/wa.me\/8617776015835\" target=\"_blank\" rel=\"noopener\"><span style=\"color: #ff0000\"><strong>WhatsApp: +86 17776015835<\/strong><\/span><\/a><\/h3>\n<p>&nbsp;<\/p>\n<h2><\/h2>\n<h2><strong>Bang King Shisha 25000 Crown Bar \u012fkraunamas vienkartinis garintuvas <\/strong><strong>Pagrindin\u0117s savyb\u0117s<\/strong><\/h2>\n<p>Prek\u0117s \u017eenklas: Bang Vape<br \/>\nPuff: 25000 p\u016btim\u0173<br \/>\nAliejus: 30ml i\u0161 anksto u\u017epildytas E-lygis<br \/>\nNikotinas: 0% 2% 5% nikotino stiprumas<br \/>\nBaterija: 650mAh \u012fkraunama baterija<\/p>\n<p>&nbsp;<\/p>\n<h2><strong>Vir\u0161utin\u0117 skoni\u0173 pasirinktis Bang King Shisha 25000 Crown Bar vienkartiniai \u012fkvepiami \u012frenginiai<\/strong><\/h2>\n<p>1. M\u0117lyna avie\u010di\u0173 limonadas <span style=\"color: #ff0000\"><strong>&gt;&gt;&gt;&gt; Kar\u0161ta!<\/strong><\/span><br \/>\n2. M\u0117lynojo spanguoli\u0173 r\u016bg\u0161tusis aviet\u0117 <span style=\"color: #ff0000\"><strong>&gt;&gt;&gt;&gt; Geriausias!<\/strong><\/span><br \/>\n3. Bloga kraujo<br \/>\n4. CUSH MAN<br \/>\n5. Dvigubo obuolio<br \/>\n6.Arb\u016bz\u0173 ledas<br \/>\n7.Vimto Jautis <span style=\"color: #ff0000\"><strong>&gt;&gt;&gt;&gt; Kar\u0161ta!<\/strong><\/span><br \/>\n8. M\u0117lyni\u0173 vynuog\u0117<br \/>\n9.Citrin\u0173 vy\u0161nia<br \/>\n10.Arb\u016bz\u0173, melion\u0173 ir pasiflor\u0173 vaisiai<br \/>\n11.Kaljano citrin\u0173 m\u0117ta<br \/>\n12.Persik\u0173 ledas<\/p>\n<figure id=\"attachment_2696\" aria-describedby=\"caption-attachment-2696\" style=\"width: 800px\" class=\"wp-caption alignnone\"><img loading=\"lazy\" decoding=\"async\" class=\"wp-image-2696 size-full\" src=\"https:\/\/rmvapesale.com\/wp-content\/uploads\/2024\/11\/Bang-King-25000-EShisha-Disposable-Vape.png\" alt=\"\u201eBang King 25000 EShisha\u201c vienkartinis garintuvas\" width=\"800\" height=\"800\" srcset=\"https:\/\/rmvapesale.com\/wp-content\/uploads\/2024\/11\/Bang-King-25000-EShisha-Disposable-Vape.png 800w, https:\/\/rmvapesale.com\/wp-content\/uploads\/2024\/11\/Bang-King-25000-EShisha-Disposable-Vape-300x300.png 300w, https:\/\/rmvapesale.com\/wp-content\/uploads\/2024\/11\/Bang-King-25000-EShisha-Disposable-Vape-150x150.png 150w, https:\/\/rmvapesale.com\/wp-content\/uploads\/2024\/11\/Bang-King-25000-EShisha-Disposable-Vape-768x768.png 768w, https:\/\/rmvapesale.com\/wp-content\/uploads\/2024\/11\/Bang-King-25000-EShisha-Disposable-Vape-600x600.png 600w, https:\/\/rmvapesale.com\/wp-content\/uploads\/2024\/11\/Bang-King-25000-EShisha-Disposable-Vape-100x100.png 100w\" sizes=\"auto, (max-width: 800px) 100vw, 800px\" \/><figcaption id=\"caption-attachment-2696\" class=\"wp-caption-text\">\u201eBang King 25000 EShisha\u201c vienkartinis garintuvas<\/figcaption><\/figure>\n<h3><\/h3>\n<h3><strong>Kod\u0117l verta rinktis Rmvapesale, norint \u012fsigyti \u201eBang Shisha 25000\u201c <\/strong><strong>V<\/strong><strong>Didmenin\u0117 prekyba veipais<\/strong><strong>?<\/strong><\/h3>\n<div class=\"flex-shrink-0 flex flex-col relative items-end\">\n<div class=\"pt-0\">\n<div class=\"gizmo-bot-avatar flex h-8 w-8 items-center justify-center overflow-hidden rounded-full\">\n<div class=\"relative p-1 rounded-sm flex items-center justify-center bg-token-main-surface-primary text-token-text-primary h-8 w-8\">\n<p>Sveiki atvyk\u0119 \u012f Rmvapesale, j\u016bs\u0173 patikim\u0105 veip\u0173 parduotuv\u0119, kurioje rasite auk\u0161\u010diausios kokyb\u0117s vienkartini\u0173 veip\u0173. Tur\u0117dami daugiau nei 5 met\u0173 patirt\u012f, si\u016blome populiarius vienkartini\u0173 veip\u0173 prek\u0117s \u017eenklus, tokius kaip Al Fakher, Vapme Vape, <a href=\"https:\/\/rmvapesale.com\/lt\/product\/vapme-crystal-7000-puffs-rechargeable-disposable-vape-price\/\">Vapme<\/a>, <a href=\"https:\/\/rmvapesale.com\/lt\/product-category\/bang-vapes\/\">Bang Vape<\/a>, Waspe, <a href=\"https:\/\/rmvapesale.com\/lt\/product\/wga-crystal-pro-max-extra-15k-puffs-disposable-vape-wholesale\/\">WGA<\/a> Garai ir<a href=\"https:\/\/rmvapesale.com\/lt\/product-category\/randm-fumot-vape\/\"> RandM Vape<\/a>.<\/p>\n<p>M\u016bs\u0173 asortimente yra kar\u0161tai parduodam\u0173 veip\u0173, toki\u0173 kaip <a href=\"https:\/\/rmvapesale.com\/lt\/product\/fumot-digital-box-12000-disposable-vape-pink-lemonade-flavor\/\">RandM 12k<\/a> ir sodraus skonio pasirinkim\u0173, toki\u0173 kaip <a href=\"https:\/\/rmvapesale.com\/lt\/product\/elfbar-combo-25000-puffs-rechargeable-disposable-vape-wholesale\/\">ELFBAR Combo 25000 \u012ftraukim\u0173<\/a>. Kiekvienas produktas parenkamas atsi\u017evelgiant \u012f kokyb\u0119, vert\u0119 ir \u012fvairov\u0119, u\u017etikrinant, kad rastum\u0117te tobul\u0105 atitikmen\u012f savo poreikiams. Atraskite i\u0161skirtin\u012f aptarnavim\u0105 ir plat\u0173 auk\u0161\u010diausios kokyb\u0117s produkt\u0173 asortiment\u0105 \u201eRmvapesale\u201c.<\/p>\n<\/div>\n<h3><\/h3>\n<div class=\"relative p-1 rounded-sm flex items-center justify-center bg-token-main-surface-primary text-token-text-primary h-8 w-8\">\n<h3><b>\u201eBang King Shisha 25000 Crown Bar Screen\u201c \u012fkraunamas vienkartinis garintuvas DUK<\/b><\/h3>\n<p><strong>K: Kokie populiariausi \u201eBang King Shisha 25000\u201c vienkartinio garintuvo skoniai?<\/strong><br \/>\nA: <strong>Bang King Shisha 25000<\/strong> si\u016blo daugyb\u0119 populiari\u0173 skoni\u0173, \u012fskaitant <strong>\u201eVimto Bull E Shisha\u201c, citrin\u0173 m\u0117ta ir \u201eGhiaccio Di Anguria\u201c<\/strong>. \u0160ie skoniai tinka \u012fvairiems poreikiams ir suteikia sodr\u0173 bei malon\u0173 garinimo poj\u016bt\u012f.<\/p>\n<p><strong>K: Kaip su\u017einoti, kada mano \u201eBang Shisha 25000 Smart Vape\u201c garintuvas tu\u0161\u010dias?<\/strong><br \/>\nA: \u017dinosite, kad laikas \u012fkrauti arba pakeisti garintuv\u0105, kai <strong>gar\u0173 susidaro \u017eymiai ma\u017eiau<\/strong>, o <strong>skonis taip pat gali b\u016bti silpnesnis arba prideg\u0119s<\/strong>. Kai kurie garintuvai taip pat gali tur\u0117ti LED indikatori\u0173, kuris apie tai \u012fsp\u0117s.<\/p>\n<p><strong>K: Kiek laiko u\u017etrunka \u012fkrauti \u201eBang 25000\u201c \u012fkraunam\u0105j\u012f garintuv\u0105?<\/strong><br \/>\nA: <strong>Bang 25000<\/strong> \u012fkraunamas vape pasi\u017eymi <strong>650 mAh baterija<\/strong> ir palaiko <strong>C tipo \u012fkrovimas<\/strong>, paprastai u\u017etrunka apie <strong>1\u20132 valandas pilnam \u012fkrovimui<\/strong>.<\/p>\n<p><strong>K: Kur galima \u012fsigyti Bang Shisha 25000 Puffs Vapes didmenine kaina?<\/strong><br \/>\nA: Galite \u012fsigyti <strong>Bang Shisha 25000<\/strong> didmenin\u0117mis kainomis i\u0161 internetini\u0173 <strong>gar\u0173 didmenini\u0173 tiek\u0117j\u0173<\/strong>. Ie\u0161kokite patikim\u0173 <strong>elektronini\u0173 cigare\u010di\u0173 parduotuv\u0117s<\/strong> , si\u016blan\u010di\u0173 masinius pirkimus <strong>Bang vienkartini\u0173 vape<\/strong> u\u017e geriausias kainas.<\/p>\n<p><strong>Ar galiu \u012fsine\u0161ti \u012fkraunam\u0105 vienkartin\u012f vape \u012f l\u0117ktuv\u0105?<\/strong><br \/>\nA: Taip, galite ve\u017etis \u012fkraunamus vienkartinius vape l\u0117ktuvu, ta\u010diau jie turi b\u016bti <strong>ve\u017eami rankiniame baga\u017ee<\/strong>, nes avialinij\u0173 taisykl\u0117s paprastai reikalauja, kad vape b\u016bt\u0173 rankiniame baga\u017ee d\u0117l baterij\u0173 taisykli\u0173.<\/p>\n<p><strong>K: Kiek \u012fkv\u0117pim\u0173 suteikia Bang Shisha 25000 Vape?<\/strong><br \/>\nA: <strong>Bang Shisha 25000<\/strong> suteikia <strong>iki 25 000 \u012fkv\u0117pim\u0173<\/strong>, u\u017etikrindamas ilgesn\u012f, patog\u0173 garinimo potyr\u012f.<\/p>\n<p><strong>K: Kiek laiko u\u017etrunka visi\u0161kai \u012fkrauti Bang 25000 vape?<\/strong><br \/>\nA: Pilnas \u012fkrovimas ant <strong>Bang 25000 vape<\/strong> u\u017etrunka ma\u017edaug <strong>1\u20132 valandos<\/strong> d\u0117l savo <strong>Type-C greito \u012fkrovimo galimyb\u0117s<\/strong> su <strong>650 mAh baterija<\/strong>.<\/p>\n<\/div>\n<div class=\"mb-2 flex gap-3 empty:hidden -ml-2\"><\/div>\n<p>&nbsp;<\/p>\n<\/div>\n<\/div>\n<\/div>\n<h3>Apie siuntim\u0105<\/h3>\n<div class=\"flex-shrink-0 flex flex-col relative items-end\">\n<div>\n<div class=\"pt-0\">\n<div class=\"gizmo-bot-avatar flex h-8 w-8 items-center justify-center overflow-hidden rounded-full\">\n<div><\/div>\n<div class=\"relative p-1 rounded-sm flex items-center justify-center bg-token-main-surface-primary text-token-text-primary h-8 w-8\"><strong>1. Kokie siuntimo b\u016bdai naudojami?<\/strong><\/div>\n<\/div>\n<\/div>\n<\/div>\n<\/div>\n<div class=\"group\/conversation-turn relative flex w-full min-w-0 flex-col agent-turn\">\n<div class=\"flex-col gap-1 md:gap-3\">\n<div class=\"flex max-w-full flex-col flex-grow\">\n<div class=\"min-h-[20px] text-message flex w-full flex-col items-end gap-2 whitespace-normal break-words [.text-message+&amp;]:mt-5 overflow-x-auto\" dir=\"auto\" data-message-author-role=\"assistant\" data-message-id=\"22f8283b-3233-46ff-89a5-c7a41b33abda\">\n<div class=\"flex w-full flex-col gap-1 empty:hidden first:pt-[3px]\">\n<div class=\"markdown prose w-full break-words dark:prose-invert light\">\n<p>Mes bendradarbiaujame su UPS, DHL, FedEx, DPD ir kitais pirmaujan\u010diais ve\u017e\u0117jais. Mes parinksime geriausi\u0105 siuntimo b\u016bd\u0105, atsi\u017evelgdami \u012f j\u016bs\u0173 pristatymo viet\u0105, kad u\u017etikrintume, jog gaminiai jus pasieks kuo grei\u010diau.<\/p>\n<\/div>\n<p><strong>2. Per kiek laiko prek\u0117s atkeliauja?<\/strong><\/p>\n<p>\u012e Lietuv\u0105 siun\u010diami siuntiniai paprastai atvyksta per 10 darbo dien\u0173. Siuntimas \u012f Europos \u0161alis paprastai trunka apie 12\u201315 darbo dien\u0173. Mes teikiame realiuoju laiku atnaujinam\u0105 informacij\u0105 apie j\u016bs\u0173 siuntos b\u016bsen\u0105.<\/p>\n<\/div>\n<\/div>\n<\/div>\n<\/div>\n<\/div>\n<p>&nbsp;<\/p>\n<p>Raskite daugiau garintuv\u0173, kurie jums gali patikti:<strong><em><a href=\"https:\/\/rmvapesale.com\/lt\/shop-2\/\">pirkti dabar &gt;&gt;&gt;<\/a><\/em><\/strong><\/p>","protected":false},"excerpt":{"rendered":"<p>Bang King 25000 P\u016b\u0161\u010di\u0173 0% 2% 5% Ma\u017eai nikotino vienkartinis Vape<br \/>\nBang King 25000 Vienkartinio Vape didmenin\u0117 kaina<br \/>\nBang King Shisha 25000 Dideli\u0173 debes\u0173 ekranas Vienkartinis Vape<\/p>\n<p><img loading=\"lazy\" decoding=\"async\" class=\"size-full wp-image-2375\" src=\"https:\/\/rmvapesale.com\/wp-content\/uploads\/2024\/10\/image.png\" alt=\"Geriausias Vienkartinis Vape\" width=\"229\" height=\"300\" \/><\/p>\n<h3><a href=\"https:\/\/wa.me\/8617776015835\"><span style=\"color: #ff0000\"><strong>WhatsApp: +86 17776015835<\/strong><\/span><\/a><\/h3>\n<p>&nbsp;<\/p>","protected":false},"featured_media":2698,"comment_status":"open","ping_status":"closed","template":"","meta":{"_uag_custom_page_level_css":"","_lmt_disableupdate":"no","_lmt_disable":"","site-sidebar-layout":"default","site-content-layout":"content-boxed-container","ast-site-content-layout":"normal-width-container","site-content-style":"boxed","site-sidebar-style":"unboxed","ast-global-header-display":"","ast-banner-title-visibility":"","ast-main-header-display":"","ast-hfb-above-header-display":"","ast-hfb-below-header-display":"","ast-hfb-mobile-header-display":"","site-post-title":"","ast-breadcrumbs-content":"","ast-featured-img":"","footer-sml-layout":"","ast-disable-related-posts":"","theme-transparent-header-meta":"default","adv-header-id-meta":"","stick-header-meta":"","header-above-stick-meta":"","header-main-stick-meta":"","header-below-stick-meta":"","astra-migrate-meta-layouts":"set","ast-page-background-enabled":"default","ast-page-background-meta":{"desktop":{"background-color":"var(--ast-global-color-4)","background-image":"","background-repeat":"repeat","background-position":"center center","background-size":"auto","background-attachment":"scroll","background-type":"","background-media":"","overlay-type":"","overlay-color":"","overlay-opacity":"","overlay-gradient":""},"tablet":{"background-color":"","background-image":"","background-repeat":"repeat","background-position":"center center","background-size":"auto","background-attachment":"scroll","background-type":"","background-media":"","overlay-type":"","overlay-color":"","overlay-opacity":"","overlay-gradient":""},"mobile":{"background-color":"","background-image":"","background-repeat":"repeat","background-position":"center center","background-size":"auto","background-attachment":"scroll","background-type":"","background-media":"","overlay-type":"","overlay-color":"","overlay-opacity":"","overlay-gradient":""}},"ast-content-background-meta":{"desktop":{"background-color":"var(--ast-global-color-5)","background-image":"","background-repeat":"repeat","background-position":"center center","background-size":"auto","background-attachment":"scroll","background-type":"","background-media":"","overlay-type":"","overlay-color":"","overlay-opacity":"","overlay-gradient":""},"tablet":{"background-color":"var(--ast-global-color-5)","background-image":"","background-repeat":"repeat","background-position":"center center","background-size":"auto","background-attachment":"scroll","background-type":"","background-media":"","overlay-type":"","overlay-color":"","overlay-opacity":"","overlay-gradient":""},"mobile":{"background-color":"var(--ast-global-color-5)","background-image":"","background-repeat":"repeat","background-position":"center center","background-size":"auto","background-attachment":"scroll","background-type":"","background-media":"","overlay-type":"","overlay-color":"","overlay-opacity":"","overlay-gradient":""}},"_joinchat":[]},"product_brand":[],"product_cat":[15,27,25,123,30,26,28,137,136,135],"product_tag":[169,188,208,167,207,206,120],"class_list":{"0":"post-2702","1":"product","2":"type-product","3":"status-publish","4":"has-post-thumbnail","6":"product_cat-new-vape-this-week","7":"product_cat-fance-hot-sale-vape","8":"product_cat-germany-best-selling-vape","9":"product_cat-italy-wholesale-vape","10":"product_cat-minimum-order-quantity-50pcs","11":"product_cat-netherlands-hot-sale-vape","12":"product_cat-poland-hot-sale-vape","13":"product_cat-rechargeable-vapes","14":"product_cat-smart-screen-vapes","15":"product_cat-spain-best-hot-sale-vape","16":"product_tag-best-disposable-vape-2024","17":"product_tag-buy-vapes-online","18":"product_tag-crown-bar","19":"product_tag-disposable-vape-with-screen","20":"product_tag-puff-vape","21":"product_tag-smart-phone-vape","22":"product_tag-vape-wholesale","23":"desktop-align-left","24":"tablet-align-left","25":"mobile-align-left","27":"first","28":"instock","29":"sale","30":"shipping-taxable","31":"purchasable","32":"product-type-simple"},"uagb_featured_image_src":{"full":["https:\/\/rmvapesale.com\/wp-content\/uploads\/2024\/11\/BangKing-25000-Puffs-Crown-Bar-Disposable-Vape.png",800,800,false],"thumbnail":["https:\/\/rmvapesale.com\/wp-content\/uploads\/2024\/11\/BangKing-25000-Puffs-Crown-Bar-Disposable-Vape-150x150.png",150,150,true],"medium":["https:\/\/rmvapesale.com\/wp-content\/uploads\/2024\/11\/BangKing-25000-Puffs-Crown-Bar-Disposable-Vape-300x300.png",300,300,true],"medium_large":["https:\/\/rmvapesale.com\/wp-content\/uploads\/2024\/11\/BangKing-25000-Puffs-Crown-Bar-Disposable-Vape-768x768.png",768,768,true],"large":["https:\/\/rmvapesale.com\/wp-content\/uploads\/2024\/11\/BangKing-25000-Puffs-Crown-Bar-Disposable-Vape.png",800,800,false],"1536x1536":["https:\/\/rmvapesale.com\/wp-content\/uploads\/2024\/11\/BangKing-25000-Puffs-Crown-Bar-Disposable-Vape.png",800,800,false],"2048x2048":["https:\/\/rmvapesale.com\/wp-content\/uploads\/2024\/11\/BangKing-25000-Puffs-Crown-Bar-Disposable-Vape.png",800,800,false],"trp-custom-language-flag":["https:\/\/rmvapesale.com\/wp-content\/uploads\/2024\/11\/BangKing-25000-Puffs-Crown-Bar-Disposable-Vape.png",12,12,false],"woocommerce_thumbnail":["https:\/\/rmvapesale.com\/wp-content\/uploads\/2024\/11\/BangKing-25000-Puffs-Crown-Bar-Disposable-Vape-300x300.png",300,300,true],"woocommerce_single":["https:\/\/rmvapesale.com\/wp-content\/uploads\/2024\/11\/BangKing-25000-Puffs-Crown-Bar-Disposable-Vape-600x600.png",600,600,true],"woocommerce_gallery_thumbnail":["https:\/\/rmvapesale.com\/wp-content\/uploads\/2024\/11\/BangKing-25000-Puffs-Crown-Bar-Disposable-Vape-100x100.png",100,100,true],"wcpr-photo-reviews":["https:\/\/rmvapesale.com\/wp-content\/uploads\/2024\/11\/BangKing-25000-Puffs-Crown-Bar-Disposable-Vape.png",500,500,false]},"uagb_author_info":{"display_name":"AMY","author_link":"https:\/\/rmvapesale.com\/lt\/author\/"},"uagb_comment_info":0,"uagb_excerpt":"Bang King 25000 Puffs 0% 2% 5% Low Nicotine Disposable Vape Bang King 25000 Disposable Vape Wholesale Supplier Price Bang King Shisha 25000 Big Clouds Display Screen Disposable Vape WhatsApp: +86 17776015835 &nbsp;","_links":{"self":[{"href":"https:\/\/rmvapesale.com\/lt\/wp-json\/wp\/v2\/product\/2702","targetHints":{"allow":["GET"]}}],"collection":[{"href":"https:\/\/rmvapesale.com\/lt\/wp-json\/wp\/v2\/product"}],"about":[{"href":"https:\/\/rmvapesale.com\/lt\/wp-json\/wp\/v2\/types\/product"}],"replies":[{"embeddable":true,"href":"https:\/\/rmvapesale.com\/lt\/wp-json\/wp\/v2\/comments?post=2702"}],"wp:featuredmedia":[{"embeddable":true,"href":"https:\/\/rmvapesale.com\/lt\/wp-json\/wp\/v2\/media\/2698"}],"wp:attachment":[{"href":"https:\/\/rmvapesale.com\/lt\/wp-json\/wp\/v2\/media?parent=2702"}],"wp:term":[{"taxonomy":"product_brand","embeddable":true,"href":"https:\/\/rmvapesale.com\/lt\/wp-json\/wp\/v2\/product_brand?post=2702"},{"taxonomy":"product_cat","embeddable":true,"href":"https:\/\/rmvapesale.com\/lt\/wp-json\/wp\/v2\/product_cat?post=2702"},{"taxonomy":"product_tag","embeddable":true,"href":"https:\/\/rmvapesale.com\/lt\/wp-json\/wp\/v2\/product_tag?post=2702"}],"curies":[{"name":"wp","href":"https:\/\/api.w.org\/{rel}","templated":true}]}}