{"id":2728,"date":"2024-11-12T09:27:46","date_gmt":"2024-11-12T09:27:46","guid":{"rendered":"https:\/\/rmvapesale.com\/?post_type=product&#038;p=2728"},"modified":"2024-11-12T09:34:14","modified_gmt":"2024-11-12T09:34:14","slug":"randm-tornado-9000-puff-rechargeable-diposable-vape-wholesale-blueberry-raspberry-flavor","status":"publish","type":"product","link":"https:\/\/rmvapesale.com\/lt\/product\/randm-tornado-9000-puff-rechargeable-diposable-vape-wholesale-blueberry-raspberry-flavor\/","title":{"rendered":"RandM Tornado 9000 p\u016bslinis vienkartinis vape didmenin\u0117 m\u0117lyni\u0173-avie\u010di\u0173 skonis"},"content":{"rendered":"<div class=\"B2VR9 CJHX3e\">\n<div class=\"wyccme\">\n<h1 class=\"LC20lb MBeuO DKV0Md\">RandM Tornado 9000 p\u016bslinis vienkartinis vape didmenin\u0117 m\u0117lyni\u0173-avie\u010di\u0173 skonis<\/h1>\n<div class=\"flex-shrink-0 flex flex-col relative items-end\">\n<div class=\"pt-0\">\n<div class=\"gizmo-bot-avatar flex h-8 w-8 items-center justify-center overflow-hidden rounded-full\">\n<div class=\"relative p-1 rounded-sm flex items-center justify-center bg-token-main-surface-primary text-token-text-primary h-8 w-8\">\n<p>\u201eRandM Tornado 9000 Puff \u012ekraunamas Vienkartinis Vape Blueberry Raspberry Skoniu sukurtas suteikti vartotojams auk\u0161tos kokyb\u0117s ir ilgaam\u017e\u0119 patirt\u012f. Su daugiau nei 9000+ \u012fkv\u0117pim\u0173, \u0161is \u012frenginys yra puikus tiems, kurie ie\u0161ko patogumo nesuma\u017einant kokyb\u0117s. 18 ml e-skys\u010dio talpa suteikia \u0161velni\u0105 m\u0117lyni\u0173 ir avie\u010di\u0173 mi\u0161in\u012f, jungiant sald\u017eius ir r\u016bg\u0161tus tonus kiekviename \u012fkv\u0117pime. Pagerintas nic salt, \u0161is vape u\u017etikrina malon\u0173 ir nuosekl\u0173 nikotino doz\u0119, tod\u0117l yra idealus vartotojams, m\u0117gstantiems turtingus skonius su stipriu poskoniu.<\/p>\n<p>\u0160is \u012frenginys turi 850mAh \u012fkraunam\u0105 baterij\u0105, leid\u017eian\u010di\u0105 greitai ir paprastai \u012fkrauti per Type-C jungt\u012f, u\u017etikrinant, kad gal\u0117tum\u0117te toliau m\u0117gautis vaping be pertrauk\u0173. \u201eRandM Tornado 9000\u201c traukos aktyvuojama mechanika leid\u017eia paprastai naudoti \u2013 tiesiog \u012fkv\u0117pkite, kad m\u0117gautum\u0117t\u0117s skaniu garu. Ry\u0161kus RGB ap\u0161vietimas suteikia stiling\u0105 akcent\u0105 vape, padarydamas j\u012f i\u0161skirtin\u012f bet kokioje aplinkoje. Nesvarbu, ar esate patyr\u0119s vartotojas, ar naujokas, \u201eRandM Tornado 9K\u201c Blueberry Raspberry si\u016blo auk\u0161tos kokyb\u0117s patirt\u012f, skirt\u0105 malonumui ir patikimumui.<\/p>\n<p>&nbsp;<\/p>\n<\/div>\n<\/div>\n<\/div>\n<\/div>\n<\/div>\n<\/div>\n<p><strong>Susisiekite su Amy ir gaukite tinkam\u0105 atsakym\u0105 bei vape kupon\u0105!<\/strong><\/p>\n<p><img loading=\"lazy\" decoding=\"async\" class=\"size-full wp-image-1978\" src=\"https:\/\/rmvapesale.com\/wp-content\/uploads\/2024\/09\/Disposable-Vape-Wholesale.jpg\" alt=\"Vienkartinis garintuvas didmenin\u0117 prekyba\" width=\"229\" height=\"300\" \/><\/p>\n<h3><a href=\"https:\/\/wa.me\/8617776015835\" target=\"_blank\" rel=\"noopener\"><span style=\"color: #ff0000\"><strong>WhatsApp: +86 17776015835<\/strong><\/span><\/a><\/h3>\n<p>&nbsp;<\/p>\n<h2><\/h2>\n<h2><strong>RandM Tornado 9000 <\/strong><strong>Pagrindin\u0117s savyb\u0117s<\/strong><\/h2>\n<ul>\n<li>Daugiau nei 9000 \u012fkv\u0117pim\u0173 ilgesniam naudojimui ir pasitenkinimui<\/li>\n<li>18 ml Blueberry Raspberry nic salt e-skys\u010dio subalansuotam skoniui<\/li>\n<li>850mAh \u012fkraunama baterija su greitu Type-C \u012fkrovimu<\/li>\n<li>Traukos aktyvuojamas, be mygtuk\u0173, paprastas naudoti<\/li>\n<li>Stilingas RGB ap\u0161vietimas suteikia spalving\u0105 vizualin\u012f patrauklum\u0105<\/li>\n<\/ul>\n<p>&nbsp;<\/p>\n<h2><strong>Populiariausias skonis RandM Tornado 9000<\/strong><\/h2>\n<p>1 M\u0117lyn\u0117s Aviet\u0117s <span style=\"color: #ff0000\"><strong>&gt;&gt;&gt;&gt; Kar\u0161ta!<\/strong><\/span><br \/>\n2 Ponas M\u0117lynasis <span style=\"color: #ff0000\"><strong>&gt;&gt;&gt;&gt; Kar\u0161ta!<\/strong><\/span><br \/>\n3 Bra\u0161ki\u0173 Arb\u016bzas<br \/>\n4 Apelsin\u0173 Soda<br \/>\n5 Arb\u016bz\u0173 Kvapnioji Guma<br \/>\n6 Vaivoryk\u0161t\u0117s Saldainiai<br \/>\n7 Ro\u017einis Limonadas <span style=\"color: #ff0000\"><strong>&gt;&gt;&gt;&gt; Kar\u0161ta!<\/strong><\/span><br \/>\n8 Persik\u0173 Mango Ananasas<br \/>\n9 Bra\u0161ki\u0173 ir banan\u0173<br \/>\n10 Gaivus ledas<br \/>\n11 Juodojo drakono ledas<br \/>\n12 Alavij\u0173 ir vynuogi\u0173<br \/>\n13 M\u0117lyn\u0173j\u0173 avie\u010di\u0173 ledas<br \/>\n14 Kiviai, pasifloros ir gvajavos<br \/>\n15 Guminukas<br \/>\n16 Uog\u0173 mi\u0161inys <span style=\"color: #ff0000\"><strong>&gt;&gt;&gt;&gt; Kar\u0161ta!<\/strong><\/span><br \/>\n17 Gaivi m\u0117ta<br \/>\n18 Avie\u010di\u0173 ir arb\u016bz\u0173<br \/>\n19 Persik\u0173 limonadas<br \/>\n20 Gvajav\u0173 ledas<br \/>\n21 Bra\u0161ki\u0173 limonadas<br \/>\n22 Arb\u016bz\u0173 ir m\u0117lyn\u0173j\u0173 avie\u010di\u0173 ledas<br \/>\n23 Banan\u0173 kremas<br \/>\n24 Persik\u0173 ir uog\u0173<br \/>\n25 Bra\u0161ki\u0173 kremas<br \/>\n26 R\u016bg\u0161tus saldainis<br \/>\n27 Citrina<br \/>\n28 Vy\u0161nia<br \/>\n29 Putojanti Vy\u0161nia <span style=\"color: #ff0000\"><strong>&gt;&gt;&gt;&gt; Kar\u0161ta!<\/strong><\/span><br \/>\n30 M\u0117lyn\u0117 Vy\u0161nia Spanguol\u0117<br \/>\n31 Vimto<br \/>\n32 Skittles<br \/>\n33 Juodas Ledas <span style=\"color: #ff0000\"><strong>&gt;&gt;&gt;&gt; Geriausias!<\/strong><\/span><br \/>\n34 Vynuog\u0117<br \/>\n35 M\u0117lynas Skanus Ledas<br \/>\n36 Bra\u0161ki\u0173 ledas<br \/>\n37 M\u0117lyni\u0173 Avie\u010di\u0173 Ku\u0161as<br \/>\n38 Ledinukas<br \/>\n39 M\u0117lyni\u0173 R\u016bg\u0161ti Aviet\u0117<br \/>\n40 Ananasas<br \/>\n41 Vy\u0161ni\u0173 Persik\u0173 Limonadas<br \/>\n42 Bra\u0161ki\u0173 Avie\u010di\u0173 Vy\u0161ni\u0173 Ledas<br \/>\n43 Trigubas Mangas<br \/>\n44 Bra\u0161ki\u0173 Avie\u010di\u0173 Ledas<br \/>\n45 Bra\u0161ki\u0173 Arb\u016bz\u0173 Kvapnioji Guma<br \/>\n46 Pagrindinis Bra\u0161ki\u0173 Arb\u016bzas<br \/>\n47 Arb\u016bz\u0173 Ledas<br \/>\n48 M\u0117lyni\u0173 Ledas <span style=\"color: #ff0000\"><strong>&gt;&gt;&gt;&gt; Kar\u0161ta!<\/strong><\/span><br \/>\n49 Arb\u016bz\u0173 Skittles<br \/>\n50 Bra\u0161ki\u0173 Mangas<br \/>\n51 Bra\u0161ki\u0173 Granatas<br \/>\n52 Vasaros Persik\u0173 Ledas<br \/>\n53 Vy\u0161ni\u0173 Uoga<br \/>\n54 Vy\u0161ni\u0173 Kola<br \/>\n55 Pagrindinis Arb\u016bzas<br \/>\n56 Bra\u0161ki\u0173 Vynuog\u0117<br \/>\n57 Tigro Kraujas <span style=\"color: #ff0000\"><strong>&gt;&gt;&gt;&gt; Kar\u0161ta!<\/strong><\/span><br \/>\n58 Mineralinis Vanduo<\/p>\n<p>&nbsp;<\/p>\n<h3><\/h3>\n<h3><strong>Kod\u0117l verta rinktis Rmvapesale RandM Tornado 9000 <\/strong><strong>V<\/strong><strong>Didmenin\u0117 prekyba veipais<\/strong><strong>?<\/strong><\/h3>\n<div class=\"flex-shrink-0 flex flex-col relative items-end\">\n<div class=\"pt-0\">\n<div class=\"gizmo-bot-avatar flex h-8 w-8 items-center justify-center overflow-hidden rounded-full\">\n<div class=\"relative p-1 rounded-sm flex items-center justify-center bg-token-main-surface-primary text-token-text-primary h-8 w-8\">\n<p>Sveiki atvyk\u0119 \u012f Rmvapesale, j\u016bs\u0173 patikim\u0105 veip\u0173 parduotuv\u0119, kurioje rasite auk\u0161\u010diausios kokyb\u0117s vienkartini\u0173 veip\u0173. Tur\u0117dami daugiau nei 5 met\u0173 patirt\u012f, si\u016blome populiarius vienkartini\u0173 veip\u0173 prek\u0117s \u017eenklus, tokius kaip Al Fakher, Vapme Vape, <a href=\"https:\/\/rmvapesale.com\/lt\/product\/vapme-crystal-7000-puffs-rechargeable-disposable-vape-price\/\">Vapme<\/a>, <a href=\"https:\/\/rmvapesale.com\/lt\/product-category\/bang-vapes\/\">Bang Vape<\/a>, Waspe, <a href=\"https:\/\/rmvapesale.com\/lt\/product\/wga-crystal-pro-max-extra-15k-puffs-disposable-vape-wholesale\/\">WGA<\/a> Garai ir<a href=\"https:\/\/rmvapesale.com\/lt\/product-category\/randm-fumot-vape\/\"> RandM Vape<\/a>.<\/p>\n<p>M\u016bs\u0173 asortimente yra kar\u0161tai parduodam\u0173 veip\u0173, toki\u0173 kaip <a href=\"https:\/\/rmvapesale.com\/lt\/product\/fumot-digital-box-12000-disposable-vape-pink-lemonade-flavor\/\">RandM 12k<\/a> ir sodraus skonio pasirinkim\u0173, toki\u0173 kaip <a href=\"https:\/\/rmvapesale.com\/lt\/product\/elfbar-combo-25000-puffs-rechargeable-disposable-vape-wholesale\/\">ELFBAR Combo 25000 \u012ftraukim\u0173<\/a>. Kiekvienas produktas parenkamas atsi\u017evelgiant \u012f kokyb\u0119, vert\u0119 ir \u012fvairov\u0119, u\u017etikrinant, kad rastum\u0117te tobul\u0105 atitikmen\u012f savo poreikiams. Atraskite i\u0161skirtin\u012f aptarnavim\u0105 ir plat\u0173 auk\u0161\u010diausios kokyb\u0117s produkt\u0173 asortiment\u0105 \u201eRmvapesale\u201c.<\/p>\n<\/div>\n<h3><\/h3>\n<div class=\"relative p-1 rounded-sm flex items-center justify-center bg-token-main-surface-primary text-token-text-primary h-8 w-8\">\n<h3><b>RandM 9000 \u012ekraunamos Vienkartin\u0117s Vape DUK<\/b><\/h3>\n<ol>\n<li><strong>Kokie populiar\u016bs \u201eRandM 9000\u201c p\u016btim\u0173 vienkartin\u0117s garinimo priemon\u0117s skoniai?<\/strong><br \/>\nPopuliar\u016bs \u201eRandM 9000\u201c vienkartin\u0117s garinimo priemon\u0117s skoniai yra \u201eBlue Razz Ice\u201c, kuriame derinami sald\u017eios aviet\u0117s su v\u0117siu, lediniu poskoniu. Kiti skoniai gali skirtis priklausomai nuo prieinamumo ir regionini\u0173 pageidavim\u0173.<\/li>\n<li><strong>Kaip su\u017einoti, kada mano \u201eRandM Tornado 9000\u201c yra tu\u0161\u010dia?<\/strong><br \/>\nKai j\u016bs\u0173 \u201eRandM Tornado 9000\u201c bus tu\u0161\u010dia, pasteb\u0117site, kad suma\u017e\u0117jo gar\u0173 gamyba ir skonis. Be to, traukimas gali jaustis silpnesnis arba gaminti ma\u017eai gar\u0173, o tai rodo, kad e-skys\u010dio atsargos i\u0161seko.<\/li>\n<li><strong>Kiek laiko u\u017etrunka \u012fkrauti \u201eRandM 9000\u201c p\u016btim\u0173 garinimo priemon\u0119?<\/strong><br \/>\n\u201eRandM Tornado 9000\u201c \u012fkrovimo laikas gali skirtis, ta\u010diau paprastai 850 mAh baterijai visi\u0161kai \u012fkrauti per C tipo prievad\u0105 prireikia ma\u017edaug 1\u20132 valand\u0173.<\/li>\n<li><strong>Kiek nikotino yra \u201eRandM Tornado 9k\u201c p\u016btim\u0173 vienkartin\u0117je garinimo priemon\u0117je?<\/strong><br \/>\n\u201eRandM Tornado 9000\u201c sud\u0117tyje yra nikotino druskos, ta\u010diau tiksli nikotino koncentracija gali skirtis priklausomai nuo regiono ir gaminio versijos. Nor\u0117dami su\u017einoti tiksl\u0173 nikotino lyg\u012f, geriausia patikrinti pakuot\u0119 arba gaminio specifikacijas.<\/li>\n<li><strong>Kur \u012fsigyti \u201eFumot Tornado 9000\u201c p\u016btim\u0173 garinimo priemoni\u0173 didmenine kaina?<\/strong><br \/>\n\u201eFumot Tornado 9000\u201c p\u016btim\u0173 garinimo priemoni\u0173 didmenin\u0117mis kainomis galite \u012fsigyti i\u0161 \u012fgaliot\u0173 garinimo priemoni\u0173 platintoj\u0173 arba internetini\u0173 didmenin\u0117s prekybos garinimo priemoni\u0173 parduotuvi\u0173. Daugelis svetaini\u0173 si\u016blo didmenin\u0117s prekybos galimybes b\u016btent \u201eRandM\u201c ir \u201eFumot\u201c preki\u0173 \u017eenklams.<\/li>\n<li><strong>Ar galiu \u012fsine\u0161ti vienkartin\u012f garintuv\u0105 \u012f l\u0117ktuv\u0105?<\/strong><br \/>\nTaip, vienkartines garinimo priemones galite ve\u017etis l\u0117ktuve rankiniame baga\u017ee, ta\u010diau d\u0117l baterij\u0173 reikalavim\u0173 jos negali b\u016bti registruotame baga\u017ee. Prie\u0161 keliaudami visada pasitikrinkite oro linij\u0173 ir TSA gaires.<\/li>\n<li><strong>Kiek p\u016btim\u0173 suteikia \u201eRandM Vape 9000\u201c p\u016btim\u0173 garinimo priemon\u0117?<\/strong><br \/>\n\u201eRandM Tornado 9000\u201c vienkartin\u0117 garinimo priemon\u0117 suteikia daugiau nei 9000 p\u016btim\u0173, tod\u0117l tai yra ilgaam\u017eis pasirinkimas, palyginti su kitomis vienkartin\u0117mis garinimo priemon\u0117mis.<\/li>\n<\/ol>\n<\/div>\n<div class=\"mb-2 flex gap-3 empty:hidden -ml-2\"><\/div>\n<p>&nbsp;<\/p>\n<\/div>\n<\/div>\n<\/div>\n<h3>Apie siuntim\u0105<\/h3>\n<div class=\"flex-shrink-0 flex flex-col relative items-end\">\n<div>\n<div class=\"pt-0\">\n<div class=\"gizmo-bot-avatar flex h-8 w-8 items-center justify-center overflow-hidden rounded-full\">\n<div><\/div>\n<div class=\"relative p-1 rounded-sm flex items-center justify-center bg-token-main-surface-primary text-token-text-primary h-8 w-8\"><strong>1. Kokie siuntimo b\u016bdai naudojami?<\/strong><\/div>\n<\/div>\n<\/div>\n<\/div>\n<\/div>\n<div class=\"group\/conversation-turn relative flex w-full min-w-0 flex-col agent-turn\">\n<div class=\"flex-col gap-1 md:gap-3\">\n<div class=\"flex max-w-full flex-col flex-grow\">\n<div class=\"min-h-[20px] text-message flex w-full flex-col items-end gap-2 whitespace-normal break-words [.text-message+&amp;]:mt-5 overflow-x-auto\" dir=\"auto\" data-message-author-role=\"assistant\" data-message-id=\"22f8283b-3233-46ff-89a5-c7a41b33abda\">\n<div class=\"flex w-full flex-col gap-1 empty:hidden first:pt-[3px]\">\n<div class=\"markdown prose w-full break-words dark:prose-invert light\">\n<p>Mes bendradarbiaujame su UPS, DHL, FedEx, DPD ir kitais pirmaujan\u010diais ve\u017e\u0117jais. Mes parinksime geriausi\u0105 siuntimo b\u016bd\u0105, atsi\u017evelgdami \u012f j\u016bs\u0173 pristatymo viet\u0105, kad u\u017etikrintume, jog gaminiai jus pasieks kuo grei\u010diau.<\/p>\n<\/div>\n<p><strong>2. Per kiek laiko prek\u0117s atkeliauja?<\/strong><\/p>\n<p>\u012e Lietuv\u0105 siun\u010diami siuntiniai paprastai atvyksta per 10 darbo dien\u0173. Siuntimas \u012f Europos \u0161alis paprastai trunka apie 12\u201315 darbo dien\u0173. Mes teikiame realiuoju laiku atnaujinam\u0105 informacij\u0105 apie j\u016bs\u0173 siuntos b\u016bsen\u0105.<\/p>\n<\/div>\n<\/div>\n<\/div>\n<\/div>\n<\/div>\n<p>&nbsp;<\/p>\n<p>Raskite daugiau garintuv\u0173, kurie jums gali patikti:<strong><em><a href=\"https:\/\/rmvapesale.com\/lt\/shop-2\/\">pirkti dabar &gt;&gt;&gt;<\/a><\/em><\/strong><\/p>","protected":false},"excerpt":{"rendered":"<p>RandM Tornado 9000 \u012ftraukim\u0173 vienkartinis garintuvas<br \/>\nRandM 9000 \u012ftraukim\u0173 vienkartinis garintuvas. Visi skoniai yra sand\u0117lyje<br \/>\nRandM Tornado 9000 \u012ftraukim\u0173 9K vienkartin\u0117 lazdel\u0117<\/p>\n<p><img loading=\"lazy\" decoding=\"async\" class=\"size-full wp-image-2375\" src=\"https:\/\/rmvapesale.com\/wp-content\/uploads\/2024\/10\/image.png\" alt=\"Geriausias Vienkartinis Vape\" width=\"229\" height=\"300\" \/><\/p>\n<h3><a href=\"https:\/\/wa.me\/8617776015835\"><span style=\"color: #ff0000\"><strong>WhatsApp: +86 17776015835<\/strong><\/span><\/a><\/h3>\n<p>&nbsp;<\/p>","protected":false},"featured_media":2723,"comment_status":"open","ping_status":"closed","template":"","meta":{"_uag_custom_page_level_css":"","_lmt_disableupdate":"no","_lmt_disable":"","site-sidebar-layout":"default","site-content-layout":"content-boxed-container","ast-site-content-layout":"normal-width-container","site-content-style":"boxed","site-sidebar-style":"unboxed","ast-global-header-display":"","ast-banner-title-visibility":"","ast-main-header-display":"","ast-hfb-above-header-display":"","ast-hfb-below-header-display":"","ast-hfb-mobile-header-display":"","site-post-title":"","ast-breadcrumbs-content":"","ast-featured-img":"","footer-sml-layout":"","ast-disable-related-posts":"","theme-transparent-header-meta":"default","adv-header-id-meta":"","stick-header-meta":"","header-above-stick-meta":"","header-main-stick-meta":"","header-below-stick-meta":"","astra-migrate-meta-layouts":"set","ast-page-background-enabled":"default","ast-page-background-meta":{"desktop":{"background-color":"var(--ast-global-color-4)","background-image":"","background-repeat":"repeat","background-position":"center center","background-size":"auto","background-attachment":"scroll","background-type":"","background-media":"","overlay-type":"","overlay-color":"","overlay-opacity":"","overlay-gradient":""},"tablet":{"background-color":"","background-image":"","background-repeat":"repeat","background-position":"center center","background-size":"auto","background-attachment":"scroll","background-type":"","background-media":"","overlay-type":"","overlay-color":"","overlay-opacity":"","overlay-gradient":""},"mobile":{"background-color":"","background-image":"","background-repeat":"repeat","background-position":"center center","background-size":"auto","background-attachment":"scroll","background-type":"","background-media":"","overlay-type":"","overlay-color":"","overlay-opacity":"","overlay-gradient":""}},"ast-content-background-meta":{"desktop":{"background-color":"var(--ast-global-color-5)","background-image":"","background-repeat":"repeat","background-position":"center center","background-size":"auto","background-attachment":"scroll","background-type":"","background-media":"","overlay-type":"","overlay-color":"","overlay-opacity":"","overlay-gradient":""},"tablet":{"background-color":"var(--ast-global-color-5)","background-image":"","background-repeat":"repeat","background-position":"center center","background-size":"auto","background-attachment":"scroll","background-type":"","background-media":"","overlay-type":"","overlay-color":"","overlay-opacity":"","overlay-gradient":""},"mobile":{"background-color":"var(--ast-global-color-5)","background-image":"","background-repeat":"repeat","background-position":"center center","background-size":"auto","background-attachment":"scroll","background-type":"","background-media":"","overlay-type":"","overlay-color":"","overlay-opacity":"","overlay-gradient":""}},"_joinchat":[]},"product_brand":[],"product_cat":[15,27,25,123,30,26,28,137,136,135],"product_tag":[169,207,181,120],"class_list":{"0":"post-2728","1":"product","2":"type-product","3":"status-publish","4":"has-post-thumbnail","6":"product_cat-new-vape-this-week","7":"product_cat-fance-hot-sale-vape","8":"product_cat-germany-best-selling-vape","9":"product_cat-italy-wholesale-vape","10":"product_cat-minimum-order-quantity-50pcs","11":"product_cat-netherlands-hot-sale-vape","12":"product_cat-poland-hot-sale-vape","13":"product_cat-rechargeable-vapes","14":"product_cat-smart-screen-vapes","15":"product_cat-spain-best-hot-sale-vape","16":"product_tag-best-disposable-vape-2024","17":"product_tag-puff-vape","18":"product_tag-randm-tornado-9000","19":"product_tag-vape-wholesale","20":"desktop-align-left","21":"tablet-align-left","22":"mobile-align-left","24":"first","25":"instock","26":"sale","27":"shipping-taxable","28":"purchasable","29":"product-type-simple"},"uagb_featured_image_src":{"full":["https:\/\/rmvapesale.com\/wp-content\/uploads\/2024\/11\/RandM-Tornado-9000-Blueberry-raspberry.png",800,800,false],"thumbnail":["https:\/\/rmvapesale.com\/wp-content\/uploads\/2024\/11\/RandM-Tornado-9000-Blueberry-raspberry-150x150.png",150,150,true],"medium":["https:\/\/rmvapesale.com\/wp-content\/uploads\/2024\/11\/RandM-Tornado-9000-Blueberry-raspberry-300x300.png",300,300,true],"medium_large":["https:\/\/rmvapesale.com\/wp-content\/uploads\/2024\/11\/RandM-Tornado-9000-Blueberry-raspberry-768x768.png",768,768,true],"large":["https:\/\/rmvapesale.com\/wp-content\/uploads\/2024\/11\/RandM-Tornado-9000-Blueberry-raspberry.png",800,800,false],"1536x1536":["https:\/\/rmvapesale.com\/wp-content\/uploads\/2024\/11\/RandM-Tornado-9000-Blueberry-raspberry.png",800,800,false],"2048x2048":["https:\/\/rmvapesale.com\/wp-content\/uploads\/2024\/11\/RandM-Tornado-9000-Blueberry-raspberry.png",800,800,false],"trp-custom-language-flag":["https:\/\/rmvapesale.com\/wp-content\/uploads\/2024\/11\/RandM-Tornado-9000-Blueberry-raspberry.png",12,12,false],"woocommerce_thumbnail":["https:\/\/rmvapesale.com\/wp-content\/uploads\/2024\/11\/RandM-Tornado-9000-Blueberry-raspberry-300x300.png",300,300,true],"woocommerce_single":["https:\/\/rmvapesale.com\/wp-content\/uploads\/2024\/11\/RandM-Tornado-9000-Blueberry-raspberry-600x600.png",600,600,true],"woocommerce_gallery_thumbnail":["https:\/\/rmvapesale.com\/wp-content\/uploads\/2024\/11\/RandM-Tornado-9000-Blueberry-raspberry-100x100.png",100,100,true],"wcpr-photo-reviews":["https:\/\/rmvapesale.com\/wp-content\/uploads\/2024\/11\/RandM-Tornado-9000-Blueberry-raspberry.png",500,500,false]},"uagb_author_info":{"display_name":"AMY","author_link":"https:\/\/rmvapesale.com\/lt\/author\/"},"uagb_comment_info":0,"uagb_excerpt":"RandM Tornado 9000 Puffs Disposable Vape Device RandM 9000 puffs Disposable Vape All Flavor in Stock RandM Tornado 9000 Puff 9K Disposable Bar WhatsApp: +86 17776015835 &nbsp;","_links":{"self":[{"href":"https:\/\/rmvapesale.com\/lt\/wp-json\/wp\/v2\/product\/2728","targetHints":{"allow":["GET"]}}],"collection":[{"href":"https:\/\/rmvapesale.com\/lt\/wp-json\/wp\/v2\/product"}],"about":[{"href":"https:\/\/rmvapesale.com\/lt\/wp-json\/wp\/v2\/types\/product"}],"replies":[{"embeddable":true,"href":"https:\/\/rmvapesale.com\/lt\/wp-json\/wp\/v2\/comments?post=2728"}],"wp:featuredmedia":[{"embeddable":true,"href":"https:\/\/rmvapesale.com\/lt\/wp-json\/wp\/v2\/media\/2723"}],"wp:attachment":[{"href":"https:\/\/rmvapesale.com\/lt\/wp-json\/wp\/v2\/media?parent=2728"}],"wp:term":[{"taxonomy":"product_brand","embeddable":true,"href":"https:\/\/rmvapesale.com\/lt\/wp-json\/wp\/v2\/product_brand?post=2728"},{"taxonomy":"product_cat","embeddable":true,"href":"https:\/\/rmvapesale.com\/lt\/wp-json\/wp\/v2\/product_cat?post=2728"},{"taxonomy":"product_tag","embeddable":true,"href":"https:\/\/rmvapesale.com\/lt\/wp-json\/wp\/v2\/product_tag?post=2728"}],"curies":[{"name":"wp","href":"https:\/\/api.w.org\/{rel}","templated":true}]}}