{"id":2729,"date":"2024-11-14T06:19:37","date_gmt":"2024-11-14T06:19:37","guid":{"rendered":"https:\/\/rmvapesale.com\/?post_type=product&#038;p=2729"},"modified":"2024-11-14T06:57:21","modified_gmt":"2024-11-14T06:57:21","slug":"fumot-12000-puffs-randm-rechargeable-disposable-vape-watermelon-bubblegum-flavour-germany-wholesale-price","status":"publish","type":"product","link":"https:\/\/rmvapesale.com\/lt\/product\/fumot-12000-puffs-randm-rechargeable-disposable-vape-watermelon-bubblegum-flavour-germany-wholesale-price\/","title":{"rendered":"Fumot 12000 \u012ftraukim\u0173 RandM \u012fkraunamas vienkartinis garintuvas arb\u016bzin\u0117s kramtomosios gumos skonio Vokietija didmenin\u0117 kaina"},"content":{"rendered":"<div class=\"B2VR9 CJHX3e\">\n<div class=\"wyccme\">\n<h1 class=\"LC20lb MBeuO DKV0Md\">Fumot 12000 \u012ftraukim\u0173 RandM \u012fkraunamas vienkartinis garintuvas arb\u016bzin\u0117s kramtomosios gumos skonio Vokietija didmenin\u0117 kaina<\/h1>\n<p>&nbsp;<\/p>\n<div class=\"flex-shrink-0 flex flex-col relative items-end\">\n<div class=\"pt-0\">\n<div class=\"gizmo-bot-avatar flex h-8 w-8 items-center justify-center overflow-hidden rounded-full\">\n<div class=\"relative p-1 rounded-sm flex items-center justify-center bg-token-main-surface-primary text-token-text-primary h-8 w-8\">\n<p>Fumot 12000 Puffs RandM \u012fkraunamas vienkartinis vape su arb\u016bzo gumos skoniu suteikia unikali\u0105, sald\u017ei\u0105 ir vaisi\u0173 \u012fkv\u0117pimo patirt\u012f. Derinant sulting\u0105 arb\u016bzo skon\u012f su nostalgi\u0161ku gumos saldumu, \u0161is Randm vape yra tobulas tiems, kurie m\u0117gsta skoni\u0173 \u012fvairov\u0119 kiekvienu \u012fkv\u0117pimu. Su 20 ml e-skys\u010dio talpa, \u0161is \u012frenginys si\u016blo \u012fsp\u016bdingus 12 000 \u012fkv\u0117pim\u0173, u\u017etikrinan\u010di\u0173 ilgalaik\u012f malonum\u0105. Pritaikytas didmeninei prekybai Lietuvoje, \u0161is Fumot 12000 produktas yra puiki galimyb\u0117 ma\u017emenininkams, norintiems tur\u0117ti paklaus\u0173, auk\u0161tos kokyb\u0117s skon\u012f.<\/p>\n<p>\u012erengtas \u012fkraunamu 550mAh akumuliatoriumi ir USB Type-C \u012fkrovimo jungtimi, Fumot 12000 leid\u017eia vartotojams lengvai \u012fkrauti ir palaikyti savo vape paruo\u0161t\u0105 bet kada, kai tik reikia. Integruotas LED ekranas patogiai rodo akumuliatoriaus ir e-skys\u010dio lygius, tod\u0117l vartotojai visada b\u016bna informuoti. Pa\u017eangi tinklelio rit\u0117s technologija pagerina garo nuoseklum\u0105, suteikdama \u0161veln\u0173 ir malon\u0173 \u012fkv\u0117pim\u0105 su kiekvienu naudojimu. Si\u016blomas keli\u0173 nikotino lygi\u0173, \u012fskaitant 2% ir 5%, \u0161is \u012frenginys patenkina \u012fvairius poreikius, tod\u0117l yra universalus pasirinkimas tiek pradedantiesiems, tiek patyrusiems vaperiams.<\/p>\n<p>&nbsp;<\/p>\n<\/div>\n<\/div>\n<\/div>\n<\/div>\n<\/div>\n<\/div>\n<p><strong>Susisiekite su Amy ir gaukite tinkam\u0105 atsakym\u0105 bei vape kupon\u0105!<\/strong><\/p>\n<p><img loading=\"lazy\" decoding=\"async\" class=\"size-full wp-image-1978\" src=\"https:\/\/rmvapesale.com\/wp-content\/uploads\/2024\/09\/Disposable-Vape-Wholesale.jpg\" alt=\"Vienkartinis garintuvas didmenin\u0117 prekyba\" width=\"229\" height=\"300\" \/><\/p>\n<h3><a href=\"https:\/\/wa.me\/8617776015835\" target=\"_blank\" rel=\"noopener\"><span style=\"color: #ff0000\"><strong>WhatsApp: +86 17776015835<\/strong><\/span><\/a><\/h3>\n<p>&nbsp;<\/p>\n<h2><\/h2>\n<h2><strong>Fumot 12000 Puffs Pagrindin\u0117s savyb\u0117s<\/strong><\/h2>\n<ul>\n<li>Daugiau nei 9000 \u012fkv\u0117pim\u0173 ilgesniam naudojimui ir pasitenkinimui<\/li>\n<li>18 ml Blueberry Raspberry nic salt e-skys\u010dio subalansuotam skoniui<\/li>\n<li>850mAh \u012fkraunama baterija su greitu Type-C \u012fkrovimu<\/li>\n<li>Traukos aktyvuojamas, be mygtuk\u0173, paprastas naudoti<\/li>\n<li>Stilingas RGB ap\u0161vietimas suteikia spalving\u0105 vizualin\u012f patrauklum\u0105<\/li>\n<\/ul>\n<p>&nbsp;<\/p>\n<h2><strong>Geriausi skoniai Fumot 12000 Puffs<\/strong><\/h2>\n<p>1 V\u0117si m\u0117t\u0173 <span style=\"color: #ff0000\"><strong>&gt;&gt;&gt;&gt; Kar\u0161ta!<\/strong><\/span><br \/>\n2 Arb\u016bz\u0173 ledas<br \/>\n3 Vynuogi\u0173 ledas<br \/>\n4 M\u0117lyni\u0173 avie\u010di\u0173 <span style=\"color: #ff0000\"><strong>&gt;&gt;&gt;&gt; Kar\u0161ta!<\/strong><\/span><br \/>\n5 Bra\u0161ki\u0173 arb\u016bz\u0173<br \/>\n6 Bra\u0161ki\u0173 banan\u0173<br \/>\n7 Sultingas ledas<br \/>\n8 Vy\u0161nia<br \/>\n9 Bra\u0161ki\u0173 ledas<br \/>\n10 Ledinukas<br \/>\n11 Ro\u017einis limonadas <span style=\"color: #ff0000\"><strong>&gt;&gt;&gt;&gt; Kar\u0161ta!<\/strong><\/span><br \/>\n12 Mangas su ledu<br \/>\n13 Mi\u0161rios uogos<br \/>\n14 Bra\u0161kin\u0117 spurg\u0105<br \/>\n15 Bra\u0161ki\u0173 ir vynuogi\u0173<br \/>\n16 Vy\u0161ni\u0173 kola<br \/>\n17 M\u0117lynasis daktaras<br \/>\n18 M\u0117lyn\u0117 su ledu <span style=\"color: #ff0000\"><strong>&gt;&gt;&gt;&gt; Kar\u0161ta!<\/strong><\/span><br \/>\n19 Kivio, pasifloros ir guavos<br \/>\n20 Bra\u0161ki\u0173 ir kivio<br \/>\n21 Persik\u0173 ir mang\u0173<br \/>\n22 Persik\u0173 ledas<br \/>\n23 Raudonojo obuolio ledas<br \/>\n24 M\u0117lyni\u0173 ir kramtomosios gumos <span style=\"color: #ff0000\"><strong>&gt;&gt;&gt;&gt; Geriausias!<\/strong><\/span><br \/>\n25 Uog\u0173 limonadas<br \/>\n26 M\u0117lyni\u0173 ir avie\u010di\u0173 limonadas<br \/>\n27 M\u0117lynoji r\u016bg\u0161\u010dioji aviet\u0117<br \/>\n28 Bra\u0161ki\u0173 ir Red Bull<br \/>\n29 Obuoli\u0173 uog\u0173 sprogimas<br \/>\n30 Arb\u016bz\u0173 kramtomoji guma<br \/>\n31 Avie\u010di\u0173 arb\u016bzas<br \/>\n32 Juodas ledas<br \/>\n33 M\u0117lyni\u0173 vy\u0161ni\u0173 spanguoli\u0173<br \/>\n34 Bra\u0161ki\u0173 granatas<br \/>\n35 Vimto<br \/>\n36 Vy\u0161ni\u0173 uogos<br \/>\n37 Citrina<br \/>\n38 Bingo gniu\u017edymas<br \/>\n39 M\u0117lyni\u0173 kivis<br \/>\n40 Obuoli\u0173 cinamonas<\/p>\n<h3><\/h3>\n<h3><strong>Kod\u0117l verta rinktis Rmvapesale RandM Tornado 9000 <\/strong><strong>V<\/strong><strong>Didmenin\u0117 prekyba veipais<\/strong><strong>?<\/strong><\/h3>\n<div class=\"flex-shrink-0 flex flex-col relative items-end\">\n<div class=\"pt-0\">\n<div class=\"gizmo-bot-avatar flex h-8 w-8 items-center justify-center overflow-hidden rounded-full\">\n<div class=\"relative p-1 rounded-sm flex items-center justify-center bg-token-main-surface-primary text-token-text-primary h-8 w-8\">\n<p>Sveiki atvyk\u0119 \u012f Rmvapesale, j\u016bs\u0173 patikim\u0105 veip\u0173 parduotuv\u0119, kurioje rasite auk\u0161\u010diausios kokyb\u0117s vienkartini\u0173 veip\u0173. Tur\u0117dami daugiau nei 5 met\u0173 patirt\u012f, si\u016blome populiarius vienkartini\u0173 veip\u0173 prek\u0117s \u017eenklus, tokius kaip Al Fakher, Vapme Vape, <a href=\"https:\/\/rmvapesale.com\/lt\/product\/vapme-crystal-7000-puffs-rechargeable-disposable-vape-price\/\">Vapme<\/a>, <a href=\"https:\/\/rmvapesale.com\/lt\/product-category\/bang-vapes\/\">Bang Vape<\/a>, Waspe, <a href=\"https:\/\/rmvapesale.com\/lt\/product\/wga-crystal-pro-max-extra-15k-puffs-disposable-vape-wholesale\/\">WGA<\/a> Garai ir<a href=\"https:\/\/rmvapesale.com\/lt\/product-category\/randm-fumot-vape\/\"> RandM Vape<\/a>.<\/p>\n<p>M\u016bs\u0173 asortimente yra kar\u0161tai parduodam\u0173 veip\u0173, toki\u0173 kaip <a href=\"https:\/\/rmvapesale.com\/lt\/product\/fumot-digital-box-12000-disposable-vape-pink-lemonade-flavor\/\">RandM 12000<\/a> ir sodraus skonio pasirinkim\u0173, toki\u0173 kaip <a href=\"https:\/\/rmvapesale.com\/lt\/product\/elfbar-combo-25000-puffs-rechargeable-disposable-vape-wholesale\/\">ELFBAR Combo 25000 \u012ftraukim\u0173<\/a>. Kiekvienas produktas parenkamas atsi\u017evelgiant \u012f kokyb\u0119, vert\u0119 ir \u012fvairov\u0119, u\u017etikrinant, kad rastum\u0117te tobul\u0105 atitikmen\u012f savo poreikiams. Atraskite i\u0161skirtin\u012f aptarnavim\u0105 ir plat\u0173 auk\u0161\u010diausios kokyb\u0117s produkt\u0173 asortiment\u0105 \u201eRmvapesale\u201c.<\/p>\n<\/div>\n<h3><\/h3>\n<div class=\"relative p-1 rounded-sm flex items-center justify-center bg-token-main-surface-primary text-token-text-primary h-8 w-8\">\n<h3><b>Fumot 12000 P\u016btim\u0173 pakartotinai \u012fkraunamo vienkartinio elektroninio prietaiso DUK<\/b><\/h3>\n<p><strong>Kur \u012fsigyti Fumot 12000 skaitmenin\u012f d\u0117\u017eut\u0117s vape?<\/strong><br \/>\nNor\u0117dami gauti geriausias pasi\u016blymus d\u0117l Fumot 12000 Puffs RandM vienkartinio vape, \u012fskaitant didmenines kainas, apsilankykite Rmvapesale internetin\u0117je vape parduotuv\u0117je.<\/p>\n<p><strong>Kokie yra populiariausi skoni\u0173 variantai Fumot 12000 vienkartiniam vape?<\/strong><br \/>\nPopuliariausi skoniai yra m\u0117lyni\u0173 gumos, bra\u0161ki\u0173 arb\u016bzas, Lush Ice, Grape Ice ir \u0161vie\u017eias m\u0117tin\u0117.<\/p>\n<p><strong>Kaip su\u017einoti, kada mano Fumot Vape 12000 Puffs i\u0161sikrauna?<\/strong><br \/>\nLED ekranas parodys ma\u017e\u0105 e-skys\u010dio ir akumuliatoriaus lyg\u012f, nurodydamas, kada reikia \u012fkrauti ar pakeisti vape.<\/p>\n<p><strong>Kiek laiko u\u017etrunka \u012fkrauti RandM 12000 \u012fkraunam\u0105 vape?<\/strong><br \/>\nPaprastai u\u017etrunka apie 1-2 valandas visi\u0161kai \u012fkrauti naudojant Type-C \u012fkrovikl\u012f.<\/p>\n<p><strong>Kiek nikotino yra Fumot RandM 12000 vienkartiniame vape?<\/strong><br \/>\n\u012erenginys si\u016blomas su 2% (20 mg) ir 5% (50 mg) nikotino variantais.<\/p>\n<p><strong>Kur \u012fsigyti RandM 12k puf\u0173 vape didmenin\u0117mis kainomis?<\/strong><br \/>\nRmvapesale internetin\u0117 vape parduotuv\u0117 si\u016blo didmenines kainas RandM 12000 Puffs vape \u012frenginiams.<\/p>\n<p><strong>Ar galiu \u012fsine\u0161ti vienkartin\u012f garintuv\u0105 \u012f l\u0117ktuv\u0105?<\/strong><br \/>\nTaip, vienkartiniai vape leid\u017eiami rankiniame baga\u017ee, ta\u010diau turi atitikti oro linij\u0173 taisykles d\u0117l li\u010dio baterij\u0173.<\/p>\n<p><strong>Kiek \u012fkv\u0117pim\u0173 suteikia RandM Fumot 12k Vape?<\/strong><br \/>\nRandM Fumot 12000 si\u016blo iki 12 000 \u012fkv\u0117pim\u0173 vienam \u012frenginiui.<\/p>\n<p><strong>Kiek laiko u\u017etrunka visi\u0161kai \u012fkrauti RandM Tornado 12000 vape?<\/strong><br \/>\nApie 1-2 valandas u\u017etrunka visi\u0161kai \u012fkrauti RandM Tornado 12000 vape naudojant Type-C USB \u012fkrovikl\u012f.<\/p>\n<\/div>\n<div class=\"mb-2 flex gap-3 empty:hidden -ml-2\"><\/div>\n<p>&nbsp;<\/p>\n<\/div>\n<\/div>\n<\/div>\n<h3>Apie siuntim\u0105<\/h3>\n<div class=\"flex-shrink-0 flex flex-col relative items-end\">\n<div>\n<div class=\"pt-0\">\n<div class=\"gizmo-bot-avatar flex h-8 w-8 items-center justify-center overflow-hidden rounded-full\">\n<div><\/div>\n<div class=\"relative p-1 rounded-sm flex items-center justify-center bg-token-main-surface-primary text-token-text-primary h-8 w-8\"><strong>1. Kokie siuntimo b\u016bdai naudojami?<\/strong><\/div>\n<\/div>\n<\/div>\n<\/div>\n<\/div>\n<div class=\"group\/conversation-turn relative flex w-full min-w-0 flex-col agent-turn\">\n<div class=\"flex-col gap-1 md:gap-3\">\n<div class=\"flex max-w-full flex-col flex-grow\">\n<div class=\"min-h-[20px] text-message flex w-full flex-col items-end gap-2 whitespace-normal break-words [.text-message+&amp;]:mt-5 overflow-x-auto\" dir=\"auto\" data-message-author-role=\"assistant\" data-message-id=\"22f8283b-3233-46ff-89a5-c7a41b33abda\">\n<div class=\"flex w-full flex-col gap-1 empty:hidden first:pt-[3px]\">\n<div class=\"markdown prose w-full break-words dark:prose-invert light\">\n<p>Mes bendradarbiaujame su UPS, DHL, FedEx, DPD ir kitais pirmaujan\u010diais ve\u017e\u0117jais. Mes parinksime geriausi\u0105 siuntimo b\u016bd\u0105, atsi\u017evelgdami \u012f j\u016bs\u0173 pristatymo viet\u0105, kad u\u017etikrintume, jog gaminiai jus pasieks kuo grei\u010diau.<\/p>\n<\/div>\n<p><strong>2. Per kiek laiko prek\u0117s atkeliauja?<\/strong><\/p>\n<p>\u012e Lietuv\u0105 siun\u010diami siuntiniai paprastai atvyksta per 10 darbo dien\u0173. Siuntimas \u012f Europos \u0161alis paprastai trunka apie 12\u201315 darbo dien\u0173. Mes teikiame realiuoju laiku atnaujinam\u0105 informacij\u0105 apie j\u016bs\u0173 siuntos b\u016bsen\u0105.<\/p>\n<\/div>\n<\/div>\n<\/div>\n<\/div>\n<\/div>\n<p>&nbsp;<\/p>\n<p>Raskite daugiau garintuv\u0173, kurie jums gali patikti:<strong><em><a href=\"https:\/\/rmvapesale.com\/lt\/shop-2\/\">pirkti dabar &gt;&gt;&gt;<\/a><\/em><\/strong><\/p>","protected":false},"excerpt":{"rendered":"<p>Fumot RandM 12000 Puffs Digital Box vienkartinis garintuvas<br \/>\nFumot 12000 \u012fkraunamas vienkartinis garintuvas, didmenin\u0117 kaina<br \/>\nRandM Vape Fumot 12000 ma\u017eai nikotino turintis vienkartinis garintuvas 2%<\/p>\n<p><img loading=\"lazy\" decoding=\"async\" class=\"size-full wp-image-2375\" src=\"https:\/\/rmvapesale.com\/wp-content\/uploads\/2024\/10\/image.png\" alt=\"Geriausias Vienkartinis Vape\" width=\"229\" height=\"300\" \/><\/p>\n<h3><a href=\"https:\/\/wa.me\/8617776015835\"><span style=\"color: #ff0000\"><strong>WhatsApp: +86 17776015835<\/strong><\/span><\/a><\/h3>\n<p>&nbsp;<\/p>","protected":false},"featured_media":2733,"comment_status":"open","ping_status":"closed","template":"","meta":{"_uag_custom_page_level_css":"","_lmt_disableupdate":"no","_lmt_disable":"","site-sidebar-layout":"default","site-content-layout":"content-boxed-container","ast-site-content-layout":"normal-width-container","site-content-style":"boxed","site-sidebar-style":"unboxed","ast-global-header-display":"","ast-banner-title-visibility":"","ast-main-header-display":"","ast-hfb-above-header-display":"","ast-hfb-below-header-display":"","ast-hfb-mobile-header-display":"","site-post-title":"","ast-breadcrumbs-content":"","ast-featured-img":"","footer-sml-layout":"","ast-disable-related-posts":"","theme-transparent-header-meta":"default","adv-header-id-meta":"","stick-header-meta":"","header-above-stick-meta":"","header-main-stick-meta":"","header-below-stick-meta":"","astra-migrate-meta-layouts":"set","ast-page-background-enabled":"default","ast-page-background-meta":{"desktop":{"background-color":"var(--ast-global-color-4)","background-image":"","background-repeat":"repeat","background-position":"center center","background-size":"auto","background-attachment":"scroll","background-type":"","background-media":"","overlay-type":"","overlay-color":"","overlay-opacity":"","overlay-gradient":""},"tablet":{"background-color":"","background-image":"","background-repeat":"repeat","background-position":"center center","background-size":"auto","background-attachment":"scroll","background-type":"","background-media":"","overlay-type":"","overlay-color":"","overlay-opacity":"","overlay-gradient":""},"mobile":{"background-color":"","background-image":"","background-repeat":"repeat","background-position":"center center","background-size":"auto","background-attachment":"scroll","background-type":"","background-media":"","overlay-type":"","overlay-color":"","overlay-opacity":"","overlay-gradient":""}},"ast-content-background-meta":{"desktop":{"background-color":"var(--ast-global-color-5)","background-image":"","background-repeat":"repeat","background-position":"center center","background-size":"auto","background-attachment":"scroll","background-type":"","background-media":"","overlay-type":"","overlay-color":"","overlay-opacity":"","overlay-gradient":""},"tablet":{"background-color":"var(--ast-global-color-5)","background-image":"","background-repeat":"repeat","background-position":"center center","background-size":"auto","background-attachment":"scroll","background-type":"","background-media":"","overlay-type":"","overlay-color":"","overlay-opacity":"","overlay-gradient":""},"mobile":{"background-color":"var(--ast-global-color-5)","background-image":"","background-repeat":"repeat","background-position":"center center","background-size":"auto","background-attachment":"scroll","background-type":"","background-media":"","overlay-type":"","overlay-color":"","overlay-opacity":"","overlay-gradient":""}},"_joinchat":[]},"product_brand":[],"product_cat":[15,27,51,25,123,30,26,28,31,137,136,135],"product_tag":[212,214,39,213,38],"class_list":{"0":"post-2729","1":"product","2":"type-product","3":"status-publish","4":"has-post-thumbnail","6":"product_cat-new-vape-this-week","7":"product_cat-fance-hot-sale-vape","8":"product_cat-fumot-vape","9":"product_cat-germany-best-selling-vape","10":"product_cat-italy-wholesale-vape","11":"product_cat-minimum-order-quantity-50pcs","12":"product_cat-netherlands-hot-sale-vape","13":"product_cat-poland-hot-sale-vape","14":"product_cat-randm-fumot-vape","15":"product_cat-rechargeable-vapes","16":"product_cat-smart-screen-vapes","17":"product_cat-spain-best-hot-sale-vape","18":"product_tag-fumot-12000","19":"product_tag-fumot-12k","20":"product_tag-fumot-vape","21":"product_tag-randm-12000","22":"product_tag-randm-vape","23":"desktop-align-left","24":"tablet-align-left","25":"mobile-align-left","27":"first","28":"instock","29":"sale","30":"shipping-taxable","31":"purchasable","32":"product-type-simple"},"uagb_featured_image_src":{"full":["https:\/\/rmvapesale.com\/wp-content\/uploads\/2024\/11\/RandM-Vape-12000-Puffs-Disposable-Vape-Cheap-Price.jpg",800,800,false],"thumbnail":["https:\/\/rmvapesale.com\/wp-content\/uploads\/2024\/11\/RandM-Vape-12000-Puffs-Disposable-Vape-Cheap-Price-150x150.jpg",150,150,true],"medium":["https:\/\/rmvapesale.com\/wp-content\/uploads\/2024\/11\/RandM-Vape-12000-Puffs-Disposable-Vape-Cheap-Price-300x300.jpg",300,300,true],"medium_large":["https:\/\/rmvapesale.com\/wp-content\/uploads\/2024\/11\/RandM-Vape-12000-Puffs-Disposable-Vape-Cheap-Price-768x768.jpg",768,768,true],"large":["https:\/\/rmvapesale.com\/wp-content\/uploads\/2024\/11\/RandM-Vape-12000-Puffs-Disposable-Vape-Cheap-Price.jpg",800,800,false],"1536x1536":["https:\/\/rmvapesale.com\/wp-content\/uploads\/2024\/11\/RandM-Vape-12000-Puffs-Disposable-Vape-Cheap-Price.jpg",800,800,false],"2048x2048":["https:\/\/rmvapesale.com\/wp-content\/uploads\/2024\/11\/RandM-Vape-12000-Puffs-Disposable-Vape-Cheap-Price.jpg",800,800,false],"trp-custom-language-flag":["https:\/\/rmvapesale.com\/wp-content\/uploads\/2024\/11\/RandM-Vape-12000-Puffs-Disposable-Vape-Cheap-Price.jpg",12,12,false],"woocommerce_thumbnail":["https:\/\/rmvapesale.com\/wp-content\/uploads\/2024\/11\/RandM-Vape-12000-Puffs-Disposable-Vape-Cheap-Price-300x300.jpg",300,300,true],"woocommerce_single":["https:\/\/rmvapesale.com\/wp-content\/uploads\/2024\/11\/RandM-Vape-12000-Puffs-Disposable-Vape-Cheap-Price-600x600.jpg",600,600,true],"woocommerce_gallery_thumbnail":["https:\/\/rmvapesale.com\/wp-content\/uploads\/2024\/11\/RandM-Vape-12000-Puffs-Disposable-Vape-Cheap-Price-100x100.jpg",100,100,true],"wcpr-photo-reviews":["https:\/\/rmvapesale.com\/wp-content\/uploads\/2024\/11\/RandM-Vape-12000-Puffs-Disposable-Vape-Cheap-Price.jpg",500,500,false]},"uagb_author_info":{"display_name":"AMY","author_link":"https:\/\/rmvapesale.com\/lt\/author\/"},"uagb_comment_info":0,"uagb_excerpt":"Fumot RandM 12000 Puffs Digital Box Disposable Vape Fumot 12000 Rechargeable Disposable Vape Wholesale Price RandM Vape Fumot 12000 Low Nicotine Disposable Vape 2% WhatsApp: +86 17776015835 &nbsp;","_links":{"self":[{"href":"https:\/\/rmvapesale.com\/lt\/wp-json\/wp\/v2\/product\/2729","targetHints":{"allow":["GET"]}}],"collection":[{"href":"https:\/\/rmvapesale.com\/lt\/wp-json\/wp\/v2\/product"}],"about":[{"href":"https:\/\/rmvapesale.com\/lt\/wp-json\/wp\/v2\/types\/product"}],"replies":[{"embeddable":true,"href":"https:\/\/rmvapesale.com\/lt\/wp-json\/wp\/v2\/comments?post=2729"}],"wp:featuredmedia":[{"embeddable":true,"href":"https:\/\/rmvapesale.com\/lt\/wp-json\/wp\/v2\/media\/2733"}],"wp:attachment":[{"href":"https:\/\/rmvapesale.com\/lt\/wp-json\/wp\/v2\/media?parent=2729"}],"wp:term":[{"taxonomy":"product_brand","embeddable":true,"href":"https:\/\/rmvapesale.com\/lt\/wp-json\/wp\/v2\/product_brand?post=2729"},{"taxonomy":"product_cat","embeddable":true,"href":"https:\/\/rmvapesale.com\/lt\/wp-json\/wp\/v2\/product_cat?post=2729"},{"taxonomy":"product_tag","embeddable":true,"href":"https:\/\/rmvapesale.com\/lt\/wp-json\/wp\/v2\/product_tag?post=2729"}],"curies":[{"name":"wp","href":"https:\/\/api.w.org\/{rel}","templated":true}]}}