{"id":2751,"date":"2024-11-18T03:50:24","date_gmt":"2024-11-18T03:50:24","guid":{"rendered":"https:\/\/rmvapesale.com\/?post_type=product&#038;p=2751"},"modified":"2024-11-18T07:14:21","modified_gmt":"2024-11-18T07:14:21","slug":"jnr-falcon-x-18000-puffs-rechargeable-disposable-vape-wholesale-cheap-price","status":"publish","type":"product","link":"https:\/\/rmvapesale.com\/lt\/product\/jnr-falcon-x-18000-puffs-rechargeable-disposable-vape-wholesale-cheap-price\/","title":{"rendered":"JNR Falcon X 18000 P\u016btim\u0173 \u012ekraunamas Vienkartinis Vape Didmenin\u0117 Pigia kaina"},"content":{"rendered":"<div class=\"B2VR9 CJHX3e\">\n<div class=\"wyccme\">\n<h1 class=\"LC20lb MBeuO DKV0Md\">JNR Falcon X 18000 P\u016btim\u0173 \u012ekraunamas Vienkartinis Vape Didmenin\u0117 Pigia kaina<\/h1>\n<div class=\"flex-shrink-0 flex flex-col relative items-end\">\n<div class=\"pt-0\">\n<div class=\"gizmo-bot-avatar flex h-8 w-8 items-center justify-center overflow-hidden rounded-full\">\n<div class=\"relative p-1 rounded-sm flex items-center justify-center bg-token-main-surface-primary text-token-text-primary h-8 w-8\">\n<p>Su <strong>JNR Falcon X 18000 R\u016bkom\u0173j\u0173 P\u016bsli\u0173 \u012ekraunamas Vienkartinis Vape <\/strong>yra pa\u017eangus \u012frenginys, skirtas suteikti iki ne\u012ftik\u0117tino <strong>18 000 \u012ftraukim\u0173<\/strong> pasitenkinimo, skanaus vaping'o. Prie\u0161pildytas <strong>24 ml auk\u0161\u010diausios kokyb\u0117s e-liquido<\/strong>, \u0161is \u012frenginys yra prieinamas \u012fvairi\u0173 2% <strong>ma\u017eos nikotino galimyb\u0117mis<\/strong> kurios tenkina kiekvieno poreikius. Eleganti\u0161kas, skaidrus dizainas yra tiek stilingas, tiek funkcionalus, leid\u017eiantis lengvai steb\u0117ti likus\u012f e-liquido kiek\u012f. Pasirinkite i\u0161 <strong>28 auk\u0161\u010diausios kokyb\u0117s skoni\u0173<\/strong>, \u012fskaitant klient\u0173 m\u0117gstamiausius kaip <strong>Bra\u0161ki\u0173 ir kivi\u0173<\/strong>, <strong>M\u0117lyni\u0173 avie\u010di\u0173 ledas<\/strong>, ir <strong>Vy\u0161ni\u0173 kola<\/strong>, kad suteikt\u0173 nepamir\u0161tam\u0105 vaping'o patirt\u012f, pritaikyt\u0105 j\u016bs\u0173 skoniui.<\/p>\n<p>Su <strong>JNR 18000 Vienkartinis Vape<\/strong> veikia su ilgalaikiu <strong>950mAh \u012fkraunamu akumuliatoriumi<\/strong>, u\u017etikrinan\u010diu nuolatin\u012f veikim\u0105 nuo pirmo iki paskutinio \u012fkv\u0117pimo. Integruotas ekranas leid\u017eia steb\u0117ti tiek akumuliatoriaus, tiek e-liquido lygius, kad niekada neb\u016btum\u0117te nustebinti. Tobulas didmeniniams pirk\u0117jams, \u0161is JNR 18000 vape \u012frenginys yra pagrindinis pasirinkimas klientams, ie\u0161kantiems didel\u0117s talpos, patikimo vape, kuris sujungia patogum\u0105, stili\u0173 ir i\u0161skirtin\u0119 vert\u0119.<\/p>\n<\/div>\n<\/div>\n<\/div>\n<\/div>\n<\/div>\n<\/div>\n<p><strong>Susisiekite su Amy ir gaukite tinkam\u0105 atsakym\u0105 bei vape kupon\u0105!<\/strong><\/p>\n<p><img loading=\"lazy\" decoding=\"async\" class=\"size-full wp-image-1978\" src=\"https:\/\/rmvapesale.com\/wp-content\/uploads\/2024\/09\/Disposable-Vape-Wholesale.jpg\" alt=\"Vienkartinis garintuvas didmenin\u0117 prekyba\" width=\"229\" height=\"300\" \/><\/p>\n<h3><a href=\"https:\/\/wa.me\/8617776015835\" target=\"_blank\" rel=\"noopener\"><span style=\"color: #ff0000\"><strong>WhatsApp: +86 17776015835<\/strong><\/span><\/a><\/h3>\n<p>&nbsp;<\/p>\n<h2><\/h2>\n<h2><strong>JNR Falcon X 18000 P\u016bsli\u0173 Svarbiausios savyb\u0117s<\/strong><\/h2>\n<ul>\n<li>Iki <strong>18 000 \u012ftraukim\u0173<\/strong> su kiekvienu \u012frenginiu<\/li>\n<li><strong>950mAh \u012fkraunamu akumuliatoriumi<\/strong> ilgalaike galia<\/li>\n<li>I\u0161 anksto u\u017epildytas <strong>24ml auk\u0161tos kokyb\u0117s e-skystis<\/strong><\/li>\n<li>Ekranas baterijos ir e-skys\u010dio lygiui rodyti<\/li>\n<li>Galima \u012fsigyti su <strong>28 unikali\u0173 ma\u017eo nikotino skoni\u0173<\/strong><\/li>\n<\/ul>\n<figure id=\"attachment_2745\" aria-describedby=\"caption-attachment-2745\" style=\"width: 800px\" class=\"wp-caption alignnone\"><img loading=\"lazy\" decoding=\"async\" class=\"wp-image-2745 size-full\" src=\"https:\/\/rmvapesale.com\/wp-content\/uploads\/2024\/11\/JNR-18000-Puff-Disposable-Vape.jpg\" alt=\"JNR 18000 P\u016bpeli\u0173 vienkartinis Vape\" width=\"800\" height=\"800\" srcset=\"https:\/\/rmvapesale.com\/wp-content\/uploads\/2024\/11\/JNR-18000-Puff-Disposable-Vape.jpg 800w, https:\/\/rmvapesale.com\/wp-content\/uploads\/2024\/11\/JNR-18000-Puff-Disposable-Vape-300x300.jpg 300w, https:\/\/rmvapesale.com\/wp-content\/uploads\/2024\/11\/JNR-18000-Puff-Disposable-Vape-150x150.jpg 150w, https:\/\/rmvapesale.com\/wp-content\/uploads\/2024\/11\/JNR-18000-Puff-Disposable-Vape-768x768.jpg 768w, https:\/\/rmvapesale.com\/wp-content\/uploads\/2024\/11\/JNR-18000-Puff-Disposable-Vape-600x600.jpg 600w, https:\/\/rmvapesale.com\/wp-content\/uploads\/2024\/11\/JNR-18000-Puff-Disposable-Vape-100x100.jpg 100w\" sizes=\"auto, (max-width: 800px) 100vw, 800px\" \/><figcaption id=\"caption-attachment-2745\" class=\"wp-caption-text\">JNR 18000 P\u016bpeli\u0173 vienkartinis Vape<\/figcaption><\/figure>\n<h2><strong>Populiariausias skonis JNR JNR Falcon X 18000 P\u016bpeli\u0173<\/strong><\/h2>\n<p>1. M\u0117lyni\u0173 avie\u010di\u0173 ledas <span style=\"color: #ff0000\"><strong>&gt;&gt;&gt;&gt; Kar\u0161ta!<\/strong><\/span><br \/>\n2.M\u0117lyni\u0173 avie\u010di\u0173 <span style=\"color: #ff0000\"><strong>&gt;&gt;&gt;&gt; Kar\u0161ta!<\/strong><\/span><br \/>\n3.V\u0117sus m\u0117tin\u0117lis<br \/>\n4.Kiwi arb\u016bzo ledas<br \/>\n5.Vynuogi\u0173 ledas<br \/>\n6.Serbent\u0173 kiwi<br \/>\n7.Serbent\u0173 arb\u016bzo ledas<br \/>\n8.Arbuzo ledas<br \/>\n9. Bra\u0161ki\u0173 ledas<br \/>\n10.Mi\u0161ri\u0173 uog\u0173 <span style=\"color: #ff0000\"><strong>&gt;&gt;&gt;&gt; Geriausias!<\/strong><\/span><br \/>\n11.Arb\u016bz\u0173 kramtomoji guma <span style=\"color: #ff0000\"><strong>&gt;&gt;&gt;&gt; Kar\u0161ta!<\/strong><\/span><br \/>\n12. R\u016bg\u0161\u010di\u0173 obuoli\u0173 ledas<br \/>\n13.Persik\u0173 ledas<br \/>\n14.Uog\u0173 sprogimas<br \/>\n15.M\u0117lyni\u0173 avie\u010di\u0173 vy\u0161nios<br \/>\n16.Vy\u0161ni\u0173 uogos<br \/>\n17.Serbent\u0173 banan\u0173<br \/>\n18.M\u0117lyni\u0173 kiwi<br \/>\n19.Passion fruit kiwi<br \/>\n20.Balta persiko Razz<br \/>\n21. M\u0117lynas Razz Vy\u0161nios<br \/>\n22. Vy\u0161nios Arb\u016bzo \u0160aldymas<br \/>\n23. Vy\u0161nios Kolos<br \/>\n24. Banana Ledas<br \/>\n25. Skittles<br \/>\n26. Trij\u0173 Melion\u0173 Mi\u0161inys<br \/>\n27. Ponas Blue <span style=\"color: #ff0000\"><strong>&gt;&gt;&gt;&gt; Kar\u0161ta!<\/strong><\/span><br \/>\n28. Vy\u0161ni\u0173 Ledas<br \/>\n29. Arb\u016bzas Lychee<\/p>\n<p>&nbsp;<\/p>\n<h3><strong>Kod\u0117l Rmvapesale pasirinkti JNR 18000 P\u016btim\u0173 <\/strong><strong>V<\/strong><strong>Didmenin\u0117 prekyba veipais<\/strong><strong>?<\/strong><\/h3>\n<div class=\"flex-shrink-0 flex flex-col relative items-end\">\n<div class=\"pt-0\">\n<div class=\"gizmo-bot-avatar flex h-8 w-8 items-center justify-center overflow-hidden rounded-full\">\n<div class=\"relative p-1 rounded-sm flex items-center justify-center bg-token-main-surface-primary text-token-text-primary h-8 w-8\">\n<p>Sveiki atvyk\u0119 \u012f Rmvapesale, j\u016bs\u0173 patikim\u0105 veip\u0173 parduotuv\u0119, kurioje rasite auk\u0161\u010diausios kokyb\u0117s vienkartini\u0173 veip\u0173. Tur\u0117dami daugiau nei 5 met\u0173 patirt\u012f, si\u016blome populiarius vienkartini\u0173 veip\u0173 prek\u0117s \u017eenklus, tokius kaip Al Fakher, Vapme Vape, <a href=\"https:\/\/rmvapesale.com\/lt\/product\/vapme-crystal-7000-puffs-rechargeable-disposable-vape-price\/\">Vapme<\/a>, <a href=\"https:\/\/rmvapesale.com\/lt\/product-category\/bang-vapes\/\">Bang Vape<\/a>, Waspe, <a href=\"https:\/\/rmvapesale.com\/lt\/product\/wga-crystal-pro-max-extra-15k-puffs-disposable-vape-wholesale\/\">WGA<\/a> Garai ir<a href=\"https:\/\/rmvapesale.com\/lt\/product-category\/randm-fumot-vape\/\"> RandM Vape<\/a>.<\/p>\n<p>M\u016bs\u0173 asortimente yra kar\u0161tai parduodam\u0173 veip\u0173, toki\u0173 kaip <a href=\"https:\/\/rmvapesale.com\/lt\/product\/fumot-randm-12000-strawberry-kiwi-flavor-disposable-vape-wholesale-netherlands\/\">RandM 12000 \u012fkv\u0117pim\u0173<\/a> ir sodraus skonio pasirinkim\u0173, toki\u0173 kaip <a href=\"https:\/\/rmvapesale.com\/lt\/product\/wga-crystal-pro-max-extra-15k-puffs-disposable-vape-wholesale\/\">WGA 15K<\/a>. Kiekvienas produktas parenkamas atsi\u017evelgiant \u012f kokyb\u0119, vert\u0119 ir \u012fvairov\u0119, u\u017etikrinant, kad rastum\u0117te tobul\u0105 atitikmen\u012f savo poreikiams. Atraskite i\u0161skirtin\u012f aptarnavim\u0105 ir plat\u0173 auk\u0161\u010diausios kokyb\u0117s produkt\u0173 asortiment\u0105 \u201eRmvapesale\u201c.<\/p>\n<\/div>\n<h3><\/h3>\n<div class=\"relative p-1 rounded-sm flex items-center justify-center bg-token-main-surface-primary text-token-text-primary h-8 w-8\">\n<h3><b>JNR 18000 P\u016bki \u012ekraunamas Vienkartinis Vape DUK apie tai<\/b><\/h3>\n<div class=\"group\/conversation-turn relative flex w-full min-w-0 flex-col agent-turn\">\n<div class=\"flex-col gap-1 md:gap-3\">\n<div class=\"flex max-w-full flex-col flex-grow\">\n<div class=\"min-h-8 text-message flex w-full flex-col items-end gap-2 whitespace-normal break-words [.text-message+&amp;]:mt-5\" dir=\"auto\" data-message-author-role=\"assistant\" data-message-id=\"00c9b302-bc9c-4550-94ba-5a295efa2be3\" data-message-model-slug=\"gpt-4o\">\n<div class=\"flex w-full flex-col gap-1 empty:hidden first:pt-[3px]\">\n<div class=\"markdown prose w-full break-words dark:prose-invert light\">\n<div class=\"flex-shrink-0 flex flex-col relative items-end\">\n<div>\n<div class=\"pt-0\">\n<div class=\"gizmo-bot-avatar flex h-8 w-8 items-center justify-center overflow-hidden rounded-full\">\n<div class=\"relative p-1 rounded-sm flex items-center justify-center bg-token-main-surface-primary text-token-text-primary h-8 w-8\">\n<div class=\"flex-shrink-0 flex flex-col relative items-end\">\n<div>\n<div class=\"pt-0\">\n<div class=\"gizmo-bot-avatar flex h-8 w-8 items-center justify-center overflow-hidden rounded-full\">\n<div class=\"relative p-1 rounded-sm flex items-center justify-center bg-token-main-surface-primary text-token-text-primary h-8 w-8\">\n<ul>\n<li><strong>How many puffs does the JNR Falcon 16000 Puffs Rechargeable Vape provide?<\/strong><br \/>\nJNR Falcon X si\u016blo iki <strong>18 000 \u012ftraukim\u0173<\/strong>, tod\u0117l jis yra vienas ilgiausiai veikiantis vienkartinis vape, prieinamas rinkoje.<\/li>\n<li><strong>Kokie yra populiariausi skoniai JNR Falcon X 18000 Skaitmeninis d\u0117\u017eut\u0117s vape?<\/strong><br \/>\nPopuliariausi skoniai apima <strong>Bra\u0161k\u0117 Vynuog\u0117 Ledas<\/strong>, <strong>M\u0117lyni\u0173 avie\u010di\u0173 ledas<\/strong>, <strong>Vy\u0161ni\u0173 kola<\/strong>, <strong>Persik\u0173 ledas<\/strong>, ir <strong>Mi\u0161rios uogos<\/strong>.<\/li>\n<li><strong>Kaip su\u017einoti, kada mano JNR Vape JNR18000 P\u016bki yra tu\u0161\u010dias?<\/strong><br \/>\nJNR Falcon X turi <strong>skaitmeniniu ekranu<\/strong> kuris rodo likus\u012f e-skyst\u012f ir akumuliatoriaus lyg\u012f, padedant\u012f steb\u0117ti, kada jis pradeda baigtis arba yra tu\u0161\u010dias.<\/li>\n<li><strong>Kiek nikotino yra JNR 18000 P\u016bki Vienkartiniame Vape?<\/strong><br \/>\nJNR 18000 P\u016bki Vienkartinis Vape yra prieinamas su <strong>2% (20mg)<\/strong> or <strong>5% (50mg)<\/strong> nikotino druska, patenkanti \u012fvairius poreikius.<\/li>\n<li><strong>cURL Too many subrequests.<\/strong><br \/>\nNaudojant <strong>Type-C greito \u012fkrovimo jungt\u012f<\/strong>, JNR 18000 da\u017eniausiai \u012fkraunamas visi\u0161kai per <strong>1 iki 1,5 valandos<\/strong>.<\/li>\n<li><strong>Kur \u012fsigyti JNR Falcon X 18000 Vape didmenin\u0117mis kainomis?<\/strong><br \/>\nSiekiant geriausi\u0173 didmenini\u0173 kain\u0173, rekomenduojama apsilankyti <strong>Rmvapesale<\/strong>, internetin\u0117je vape parduotuv\u0117je, si\u016blan\u010dioje konkurencingas kainas u\u017e didel\u012f kiek\u012f.<\/li>\n<\/ul>\n<\/div>\n<\/div>\n<\/div>\n<\/div>\n<\/div>\n<\/div>\n<\/div>\n<\/div>\n<\/div>\n<\/div>\n<div class=\"group\/conversation-turn relative flex w-full min-w-0 flex-col agent-turn\">\n<div class=\"flex-col gap-1 md:gap-3\">\n<div class=\"flex max-w-full flex-col flex-grow\">\n<div class=\"min-h-8 text-message flex w-full flex-col items-end gap-2 whitespace-normal break-words [.text-message+&amp;]:mt-5\" dir=\"auto\" data-message-author-role=\"assistant\" data-message-id=\"a3dc01bd-23b0-4fd7-bb9a-7827522cefd8\" data-message-model-slug=\"gpt-4o\">\n<div class=\"flex w-full flex-col gap-1 empty:hidden first:pt-[3px]\">\n<div class=\"markdown prose w-full break-words dark:prose-invert light\">\n<p>&nbsp;<\/p>\n<\/div>\n<\/div>\n<\/div>\n<\/div>\n<\/div>\n<\/div>\n<\/div>\n<\/div>\n<\/div>\n<\/div>\n<\/div>\n<\/div>\n<\/div>\n<div class=\"mb-2 flex gap-3 empty:hidden -ml-2\"><\/div>\n<p>&nbsp;<\/p>\n<\/div>\n<\/div>\n<\/div>\n<h3>Apie siuntim\u0105<\/h3>\n<div class=\"flex-shrink-0 flex flex-col relative items-end\">\n<div>\n<div class=\"pt-0\">\n<div class=\"gizmo-bot-avatar flex h-8 w-8 items-center justify-center overflow-hidden rounded-full\">\n<div><\/div>\n<div class=\"relative p-1 rounded-sm flex items-center justify-center bg-token-main-surface-primary text-token-text-primary h-8 w-8\"><strong>1. Kokie siuntimo b\u016bdai naudojami?<\/strong><\/div>\n<\/div>\n<\/div>\n<\/div>\n<\/div>\n<div class=\"group\/conversation-turn relative flex w-full min-w-0 flex-col agent-turn\">\n<div class=\"flex-col gap-1 md:gap-3\">\n<div class=\"flex max-w-full flex-col flex-grow\">\n<div class=\"min-h-[20px] text-message flex w-full flex-col items-end gap-2 whitespace-normal break-words [.text-message+&amp;]:mt-5 overflow-x-auto\" dir=\"auto\" data-message-author-role=\"assistant\" data-message-id=\"22f8283b-3233-46ff-89a5-c7a41b33abda\">\n<div class=\"flex w-full flex-col gap-1 empty:hidden first:pt-[3px]\">\n<div class=\"markdown prose w-full break-words dark:prose-invert light\">\n<p>Mes bendradarbiaujame su UPS, DHL, FedEx, DPD ir kitais pirmaujan\u010diais ve\u017e\u0117jais. Mes parinksime geriausi\u0105 siuntimo b\u016bd\u0105, atsi\u017evelgdami \u012f j\u016bs\u0173 pristatymo viet\u0105, kad u\u017etikrintume, jog gaminiai jus pasieks kuo grei\u010diau.<\/p>\n<\/div>\n<p><strong>2. Per kiek laiko prek\u0117s atkeliauja?<\/strong><\/p>\n<p>\u012e Lietuv\u0105 siun\u010diami siuntiniai paprastai atvyksta per 10 darbo dien\u0173. Siuntimas \u012f Europos \u0161alis paprastai trunka apie 12\u201315 darbo dien\u0173. Mes teikiame realiuoju laiku atnaujinam\u0105 informacij\u0105 apie j\u016bs\u0173 siuntos b\u016bsen\u0105.<\/p>\n<\/div>\n<\/div>\n<\/div>\n<\/div>\n<\/div>\n<p>&nbsp;<\/p>\n<p>Raskite daugiau garintuv\u0173, kurie jums gali patikti:<strong><em><a href=\"https:\/\/rmvapesale.com\/lt\/shop-2\/\">pirkti dabar &gt;&gt;&gt;<\/a><\/em><\/strong><\/p>","protected":false},"excerpt":{"rendered":"<p>Su <strong>JNR Falcon X 18000 R\u016bkom\u0173j\u0173 P\u016bsli\u0173 \u012ekraunamas Vienkartinis Vape <\/strong>yra pa\u017eangus \u012frenginys, skirtas suteikti iki ne\u012ftik\u0117tino <strong>18 000 \u012ftraukim\u0173<\/strong> pasitenkinimo, skanaus vaping'o. Prie\u0161pildytas <strong>24 ml auk\u0161\u010diausios kokyb\u0117s e-liquido<\/strong>, \u0161is \u012frenginys yra prieinamas \u012fvairi\u0173 2% <strong>ma\u017eos nikotino galimyb\u0117mis<\/strong> kurios tenkina kiekvieno poreikius.<\/p>\n<p><img loading=\"lazy\" decoding=\"async\" class=\"size-full wp-image-2375\" src=\"https:\/\/rmvapesale.com\/wp-content\/uploads\/2024\/10\/image.png\" alt=\"Geriausias Vienkartinis Vape\" width=\"229\" height=\"300\" \/><\/p>\n<h3><a href=\"https:\/\/wa.me\/8617776015835\"><span style=\"color: #ff0000\"><strong>WhatsApp: +86 17776015835<\/strong><\/span><\/a><\/h3>\n<p>&nbsp;<\/p>","protected":false},"featured_media":2748,"comment_status":"open","ping_status":"closed","template":"","meta":{"_uag_custom_page_level_css":"","_lmt_disableupdate":"no","_lmt_disable":"","site-sidebar-layout":"default","site-content-layout":"content-boxed-container","ast-site-content-layout":"normal-width-container","site-content-style":"boxed","site-sidebar-style":"unboxed","ast-global-header-display":"","ast-banner-title-visibility":"","ast-main-header-display":"","ast-hfb-above-header-display":"","ast-hfb-below-header-display":"","ast-hfb-mobile-header-display":"","site-post-title":"","ast-breadcrumbs-content":"","ast-featured-img":"","footer-sml-layout":"","theme-transparent-header-meta":"default","adv-header-id-meta":"","stick-header-meta":"","header-above-stick-meta":"","header-main-stick-meta":"","header-below-stick-meta":"","astra-migrate-meta-layouts":"set","ast-page-background-enabled":"default","ast-page-background-meta":{"desktop":{"background-color":"var(--ast-global-color-4)","background-image":"","background-repeat":"repeat","background-position":"center center","background-size":"auto","background-attachment":"scroll","background-type":"","background-media":"","overlay-type":"","overlay-color":"","overlay-opacity":"","overlay-gradient":""},"tablet":{"background-color":"","background-image":"","background-repeat":"repeat","background-position":"center center","background-size":"auto","background-attachment":"scroll","background-type":"","background-media":"","overlay-type":"","overlay-color":"","overlay-opacity":"","overlay-gradient":""},"mobile":{"background-color":"","background-image":"","background-repeat":"repeat","background-position":"center center","background-size":"auto","background-attachment":"scroll","background-type":"","background-media":"","overlay-type":"","overlay-color":"","overlay-opacity":"","overlay-gradient":""}},"ast-content-background-meta":{"desktop":{"background-color":"var(--ast-global-color-5)","background-image":"","background-repeat":"repeat","background-position":"center center","background-size":"auto","background-attachment":"scroll","background-type":"","background-media":"","overlay-type":"","overlay-color":"","overlay-opacity":"","overlay-gradient":""},"tablet":{"background-color":"var(--ast-global-color-5)","background-image":"","background-repeat":"repeat","background-position":"center center","background-size":"auto","background-attachment":"scroll","background-type":"","background-media":"","overlay-type":"","overlay-color":"","overlay-opacity":"","overlay-gradient":""},"mobile":{"background-color":"var(--ast-global-color-5)","background-image":"","background-repeat":"repeat","background-position":"center center","background-size":"auto","background-attachment":"scroll","background-type":"","background-media":"","overlay-type":"","overlay-color":"","overlay-opacity":"","overlay-gradient":""}},"_joinchat":[]},"product_brand":[],"product_cat":[15,25,123,26,28,135,27,137,30],"product_tag":[218,217,205],"class_list":{"0":"post-2751","1":"product","2":"type-product","3":"status-publish","4":"has-post-thumbnail","6":"product_cat-new-vape-this-week","7":"product_cat-germany-best-selling-vape","8":"product_cat-italy-wholesale-vape","9":"product_cat-netherlands-hot-sale-vape","10":"product_cat-poland-hot-sale-vape","11":"product_cat-spain-best-hot-sale-vape","12":"product_cat-fance-hot-sale-vape","13":"product_cat-rechargeable-vapes","14":"product_cat-minimum-order-quantity-50pcs","15":"product_tag-jnr-18000-puffs","16":"product_tag-jnr-falcon-x-18000","17":"product_tag-jnr-vape","18":"desktop-align-left","19":"tablet-align-left","20":"mobile-align-left","22":"first","23":"instock","24":"sale","25":"shipping-taxable","26":"purchasable","27":"product-type-simple"},"uagb_featured_image_src":{"full":["https:\/\/rmvapesale.com\/wp-content\/uploads\/2024\/11\/JNR-Falcon-X-18000-Disposable-Vape-Box.jpg",800,800,false],"thumbnail":["https:\/\/rmvapesale.com\/wp-content\/uploads\/2024\/11\/JNR-Falcon-X-18000-Disposable-Vape-Box-150x150.jpg",150,150,true],"medium":["https:\/\/rmvapesale.com\/wp-content\/uploads\/2024\/11\/JNR-Falcon-X-18000-Disposable-Vape-Box-300x300.jpg",300,300,true],"medium_large":["https:\/\/rmvapesale.com\/wp-content\/uploads\/2024\/11\/JNR-Falcon-X-18000-Disposable-Vape-Box-768x768.jpg",768,768,true],"large":["https:\/\/rmvapesale.com\/wp-content\/uploads\/2024\/11\/JNR-Falcon-X-18000-Disposable-Vape-Box.jpg",800,800,false],"1536x1536":["https:\/\/rmvapesale.com\/wp-content\/uploads\/2024\/11\/JNR-Falcon-X-18000-Disposable-Vape-Box.jpg",800,800,false],"2048x2048":["https:\/\/rmvapesale.com\/wp-content\/uploads\/2024\/11\/JNR-Falcon-X-18000-Disposable-Vape-Box.jpg",800,800,false],"trp-custom-language-flag":["https:\/\/rmvapesale.com\/wp-content\/uploads\/2024\/11\/JNR-Falcon-X-18000-Disposable-Vape-Box.jpg",12,12,false],"woocommerce_thumbnail":["https:\/\/rmvapesale.com\/wp-content\/uploads\/2024\/11\/JNR-Falcon-X-18000-Disposable-Vape-Box-300x300.jpg",300,300,true],"woocommerce_single":["https:\/\/rmvapesale.com\/wp-content\/uploads\/2024\/11\/JNR-Falcon-X-18000-Disposable-Vape-Box-600x600.jpg",600,600,true],"woocommerce_gallery_thumbnail":["https:\/\/rmvapesale.com\/wp-content\/uploads\/2024\/11\/JNR-Falcon-X-18000-Disposable-Vape-Box-100x100.jpg",100,100,true],"wcpr-photo-reviews":["https:\/\/rmvapesale.com\/wp-content\/uploads\/2024\/11\/JNR-Falcon-X-18000-Disposable-Vape-Box.jpg",500,500,false]},"uagb_author_info":{"display_name":"AMY","author_link":"https:\/\/rmvapesale.com\/lt\/author\/"},"uagb_comment_info":0,"uagb_excerpt":"The JNR Falcon X 18000 Puffs Rechargeable Disposable Vape is a cutting-edge device designed to deliver up to an incredible 18,000 puffs of satisfying, flavorful vaping. Pre-filled with 24ml of premium e-liquid, this device is available in an array of 2% low nicotine options that cater to every preference. WhatsApp: +86 17776015835 &nbsp;","_links":{"self":[{"href":"https:\/\/rmvapesale.com\/lt\/wp-json\/wp\/v2\/product\/2751","targetHints":{"allow":["GET"]}}],"collection":[{"href":"https:\/\/rmvapesale.com\/lt\/wp-json\/wp\/v2\/product"}],"about":[{"href":"https:\/\/rmvapesale.com\/lt\/wp-json\/wp\/v2\/types\/product"}],"replies":[{"embeddable":true,"href":"https:\/\/rmvapesale.com\/lt\/wp-json\/wp\/v2\/comments?post=2751"}],"wp:featuredmedia":[{"embeddable":true,"href":"https:\/\/rmvapesale.com\/lt\/wp-json\/wp\/v2\/media\/2748"}],"wp:attachment":[{"href":"https:\/\/rmvapesale.com\/lt\/wp-json\/wp\/v2\/media?parent=2751"}],"wp:term":[{"taxonomy":"product_brand","embeddable":true,"href":"https:\/\/rmvapesale.com\/lt\/wp-json\/wp\/v2\/product_brand?post=2751"},{"taxonomy":"product_cat","embeddable":true,"href":"https:\/\/rmvapesale.com\/lt\/wp-json\/wp\/v2\/product_cat?post=2751"},{"taxonomy":"product_tag","embeddable":true,"href":"https:\/\/rmvapesale.com\/lt\/wp-json\/wp\/v2\/product_tag?post=2751"}],"curies":[{"name":"wp","href":"https:\/\/api.w.org\/{rel}","templated":true}]}}