{"id":2761,"date":"2024-11-20T07:54:06","date_gmt":"2024-11-20T07:54:06","guid":{"rendered":"https:\/\/rmvapesale.com\/?post_type=product&#038;p=2761"},"modified":"2024-11-20T08:51:16","modified_gmt":"2024-11-20T08:51:16","slug":"waspe-vape-40000-puffs-double-flavor-led-screen-disposable-vape-wholesale-price","status":"publish","type":"product","link":"https:\/\/rmvapesale.com\/lt\/product\/waspe-vape-40000-puffs-double-flavor-led-screen-disposable-vape-wholesale-price\/","title":{"rendered":"WASPE Vape 40000 P\u016btim\u0173 Dvigubo Skonio LED Ekranas Vienkartinis Vape Didmenin\u0117 Kaina"},"content":{"rendered":"<div class=\"B2VR9 CJHX3e\">\n<div class=\"wyccme\">\n<h1 class=\"LC20lb MBeuO DKV0Md\">WASPE Vape 40000 P\u016btim\u0173 Dvigubo Skonio LED Ekranas Vienkartinis Vape Didmenin\u0117 Kaina<\/h1>\n<div class=\"flex-shrink-0 flex flex-col relative items-end\">\n<div class=\"pt-0\">\n<div class=\"gizmo-bot-avatar flex h-8 w-8 items-center justify-center overflow-hidden rounded-full\">\n<div class=\"relative p-1 rounded-sm flex items-center justify-center bg-token-main-surface-primary text-token-text-primary h-8 w-8\">\n<p>Su <strong>WASPE Vape 40000 \u012fp\u016btim\u0173, dvigubo skonio, vienkartinis garintuvas<\/strong>, modernus prietaisas, skirtas garintojams, ie\u0161kantiems ilgalaikio veikimo, patogumo ir ry\u0161ki\u0173 skoni\u0173 potyri\u0173. \u0160is inovatyvus garintuvas sujungia <strong>dvigubo skonio technologij\u0105<\/strong> su galinga \u012fkraunama baterija, u\u017etikrinan\u010dia, kad kiekvienas \u012fp\u016btimas b\u016bt\u0173 malonus ir sklandus. \u0160is prietaisas i\u0161siskiria savo <strong>dvigubo skonio technologij\u0105<\/strong> ir <strong>40 000 \u012fp\u016btim\u0173 talpa<\/strong>, tod\u0117l yra puikus pasirinkimas visiems, norintiems suderinti patogum\u0105 su i\u0161skirtine garinimo patirtimi. Jo <strong>ne\u0161iojamas ir nereikalaujantis prie\u017ei\u016bros dizainas<\/strong> puikiai tinka kasdieniam naudojimui, o i\u0161manusis LED ekranas u\u017etikrina, kad visada kontroliuotum\u0117te savo prietais\u0105.<\/p>\n<\/div>\n<p>Su <strong>WASPE Vape vienkartinis garintuvas<\/strong> yra idealus tiems, kurie dirba <strong>garintuv\u0173 didmenin\u0117s prekybos rinkoje<\/strong>. Su savo <strong>inovatyviomis savyb\u0117mis<\/strong>, patvariu dizainu ir didele \u012fp\u016btim\u0173 talpa, \u0161is produktas yra b\u016btinas j\u016bs\u0173 asortimentui. Jo <strong>didmenin\u0119 kain\u0105<\/strong> ir populiarumas <strong>vienkartini\u0173 garintuv\u0173 preki\u0173 \u017eenkl\u0173<\/strong> kategorijoje daro j\u012f i\u0161skirtiniu pasirinkimu. Pakelkite savo garinimo patirt\u012f su <strong>WASPE 40K dvigubo skonio garintuvu<\/strong>\u2014kur pa\u017eangios technologijos susitinka su dr\u0105siais, patenkinan\u010diais skoniais. Puikiai tinka asmeniniam naudojimui arba didmeniniam pirkimui!<\/p>\n<\/div>\n<\/div>\n<\/div>\n<\/div>\n<\/div>\n<p><strong>Susisiekite su Amy ir gaukite tinkam\u0105 atsakym\u0105 bei vape kupon\u0105!<\/strong><\/p>\n<p><img loading=\"lazy\" decoding=\"async\" class=\"size-full wp-image-1978\" src=\"https:\/\/rmvapesale.com\/wp-content\/uploads\/2024\/09\/Disposable-Vape-Wholesale.jpg\" alt=\"Vienkartinis garintuvas didmenin\u0117 prekyba\" width=\"229\" height=\"300\" \/><\/p>\n<h3><a href=\"https:\/\/wa.me\/8617776015835\" target=\"_blank\" rel=\"noopener\"><span style=\"color: #ff0000\"><strong>WhatsApp: +86 17776015835<\/strong><\/span><\/a><\/h3>\n<p>&nbsp;<\/p>\n<h2><\/h2>\n<h2><strong>WASPE Vape 40000 \u012fkv\u0117pim\u0173 pagrindin\u0117s savyb\u0117s<\/strong><\/h2>\n<ul>\n<li><strong>Neprilygstamas \u012fkv\u0117pim\u0173 skai\u010dius<\/strong>: Su ne\u012ftik\u0117tinu <strong>40 000 \u012ftraukim\u0173<\/strong>, \u0161is prietaisas si\u016blo neprilygstam\u0105 ilgaam\u017ei\u0161kum\u0105, pa\u0161alindamas da\u017eno keitimo vargus.<\/li>\n<li><strong>Gausus elektroninio skys\u010dio t\u016bris<\/strong>: I\u0161 anksto u\u017epildytas su <strong>36 ml auk\u0161\u010diausios kokyb\u0117s elektroninio skys\u010dio<\/strong>, suteikiant ilgesn\u0119 garinimo sesij\u0105 su ma\u017eiau pertrauk\u0173.<\/li>\n<li><strong>\u012ekraunama 850 mAh baterija<\/strong>: \u012erengta su <strong>C tipo greito \u012fkrovimo prievadas<\/strong>, baterija u\u017etikrina greit\u0105 \u012fkrovim\u0105 ir pastovi\u0105 gali\u0105, tod\u0117l tai yra idealus pasirinkimas <strong>\u012fkraunamas garintuvas<\/strong> garintojams keliaujant.<\/li>\n<li><strong>Dvigubos tinklelio rit\u0117s<\/strong>: Pa\u017eangi rit\u0117s technologija pagerina skonio perdavim\u0105 ir sukuria lygius, tankius debesis, puikiai tinkan\u010dius skonio entuziastams.<\/li>\n<li><strong>Nikotino parinktys<\/strong>: Galima \u012fsigyti su <strong>0%, 2% arba 5% nikotino stiprumai<\/strong>, atsi\u017evelgiant \u012f \u012fvairius pageidavimus pritaikytam potyriui.<\/li>\n<li><strong>Dvigubo skonio inovacija<\/strong>: M\u0117gaukit\u0117s <strong>dviem skirtingais skoniais<\/strong> viename prietaise, pvz., <em>Bra\u0161kinis bananas<\/em> sukomponuotais su <em>Ananas\u0173 ir kokos\u0173 ledai<\/em>, gaiviai ir unikaliam garinimo potyriui.<\/li>\n<li><strong>LED ekranas<\/strong>: B\u016bkite informuoti su <strong>i\u0161maniuoju LED ekranu<\/strong>, kuriame realiuoju laiku rodomi d\u016bm\u0173 skai\u010dius, baterijos veikimo laikas ir aktyvus skonis.<\/li>\n<li>&nbsp;\n<p><figure id=\"attachment_2757\" aria-describedby=\"caption-attachment-2757\" style=\"width: 800px\" class=\"wp-caption alignnone\"><img loading=\"lazy\" decoding=\"async\" class=\"wp-image-2757 size-full\" src=\"https:\/\/rmvapesale.com\/wp-content\/uploads\/2024\/11\/Waspe-40000-Puffs-Dispsoable-Vape-Wholesale.jpg\" alt=\"Didmenin\u0117 prekyba WASPE 40000 Puffs vienkartiniais garintuvais\" width=\"800\" height=\"800\" srcset=\"https:\/\/rmvapesale.com\/wp-content\/uploads\/2024\/11\/Waspe-40000-Puffs-Dispsoable-Vape-Wholesale.jpg 800w, https:\/\/rmvapesale.com\/wp-content\/uploads\/2024\/11\/Waspe-40000-Puffs-Dispsoable-Vape-Wholesale-300x300.jpg 300w, https:\/\/rmvapesale.com\/wp-content\/uploads\/2024\/11\/Waspe-40000-Puffs-Dispsoable-Vape-Wholesale-150x150.jpg 150w, https:\/\/rmvapesale.com\/wp-content\/uploads\/2024\/11\/Waspe-40000-Puffs-Dispsoable-Vape-Wholesale-768x768.jpg 768w, https:\/\/rmvapesale.com\/wp-content\/uploads\/2024\/11\/Waspe-40000-Puffs-Dispsoable-Vape-Wholesale-600x600.jpg 600w, https:\/\/rmvapesale.com\/wp-content\/uploads\/2024\/11\/Waspe-40000-Puffs-Dispsoable-Vape-Wholesale-100x100.jpg 100w\" sizes=\"auto, (max-width: 800px) 100vw, 800px\" \/><figcaption id=\"caption-attachment-2757\" class=\"wp-caption-text\">Didmenin\u0117 prekyba WASPE 40000 Puffs vienkartiniais garintuvais<\/figcaption><\/figure><\/li>\n<\/ul>\n<h2><strong>Populiariausias WASPE Vape 40k Puffs skonis<\/strong><\/h2>\n<p>1 arb\u016bz\u0173 ledai \/ Citrin\u0173 ir \u017eali\u0173j\u0173 citrin\u0173 <span style=\"color: #ff0000\"><strong>&gt;&gt;&gt;&gt; Kar\u0161ta!<\/strong><\/span><br \/>\n2 putojantys vy\u0161ni\u0173 ledai \/ M\u0117lyni\u0173 cukraus vata<br \/>\n3 bra\u0161ki\u0173 arb\u016bzas \/ m\u0117lyni\u0173 aviet\u0117 <span style=\"color: #ff0000\"><strong>&gt;&gt;&gt;&gt; Kar\u0161ta!<\/strong><\/span><br \/>\n4 red bull ledas \/ bra\u0161ki\u0173 mangas<br \/>\n5 persik\u0173 ledas \/ ananas\u0173 mang\u0173 persikas<br \/>\n6 vynuogi\u0173 ledas \/ bra\u0161ki\u0173 kivis<br \/>\n7 uog\u0173 mi\u0161inys \/ dvigubo obuolio ledas<br \/>\n8 m\u0117lyn\u0173j\u0173 avie\u010di\u0173 limonadas \/ arb\u016bz\u0173 kramtomoji guma<br \/>\n9 bra\u0161ki\u0173 avie\u010di\u0173 vy\u0161nia \/ meil\u0117 666<br \/>\n10 bra\u0161ki\u0173 bananas \/ ananas\u0173 kokos\u0173 ledas<br \/>\n11 bra\u0161ki\u0173 arb\u016bz\u0173 kramtomoji guma \/ vaisi\u0173 mi\u0161inys<br \/>\n12 vy\u0161ni\u0173 kolos ledas \/ bra\u0161ki\u0173 avie\u010di\u0173 saldainis <span style=\"color: #ff0000\"><strong>&gt;&gt;&gt;&gt; Geriausias!<\/strong><\/span><br \/>\n13 r\u016bg\u0161tus obuolys aviet\u0117 \/ bra\u0161ki\u0173 didysis sprogimas<br \/>\n14 persik\u0173 uoga \/ arb\u016bz\u0173 mang\u0173 persikas<br \/>\n15 m\u0117lyni\u0173 ledas \/ juodojo drakono ledas<br \/>\n16 bra\u0161ki\u0173 vy\u0161nia \/ kivi\u0173 pasifloros gvajava<\/p>\n<p>&nbsp;<\/p>\n<h3><strong>Kod\u0117l verta rinktis Rmvapesale Waspe 40000 Puffs <\/strong><strong>V<\/strong><strong>Didmenin\u0117 prekyba veipais<\/strong><strong>?<\/strong><\/h3>\n<div class=\"flex-shrink-0 flex flex-col relative items-end\">\n<div class=\"pt-0\">\n<div class=\"gizmo-bot-avatar flex h-8 w-8 items-center justify-center overflow-hidden rounded-full\">\n<div class=\"relative p-1 rounded-sm flex items-center justify-center bg-token-main-surface-primary text-token-text-primary h-8 w-8\">\n<p>Sveiki atvyk\u0119 \u012f Rmvapesale, j\u016bs\u0173 patikim\u0105 veip\u0173 parduotuv\u0119, kurioje rasite auk\u0161\u010diausios kokyb\u0117s vienkartini\u0173 veip\u0173. Tur\u0117dami daugiau nei 5 met\u0173 patirt\u012f, si\u016blome populiarius vienkartini\u0173 veip\u0173 prek\u0117s \u017eenklus, tokius kaip Al Fakher, Vapme Vape, <a href=\"https:\/\/rmvapesale.com\/lt\/product\/vapme-crystal-7000-puffs-rechargeable-disposable-vape-price\/\">Vapme<\/a>, <a href=\"https:\/\/rmvapesale.com\/lt\/product-category\/bang-vapes\/\">Bang Vape<\/a>, Waspe, <a href=\"https:\/\/rmvapesale.com\/lt\/product\/wga-crystal-pro-max-extra-15k-puffs-disposable-vape-wholesale\/\">WGA<\/a> Garai ir<a href=\"https:\/\/rmvapesale.com\/lt\/product-category\/randm-fumot-vape\/\"> RandM Vape<\/a>.<\/p>\n<p>M\u016bs\u0173 asortimente yra kar\u0161tai parduodam\u0173 veip\u0173, toki\u0173 kaip <a href=\"https:\/\/rmvapesale.com\/lt\/product\/fumot-randm-12000-strawberry-kiwi-flavor-disposable-vape-wholesale-netherlands\/\">RandM 12000 \u012fkv\u0117pim\u0173<\/a> ir sodraus skonio pasirinkim\u0173, toki\u0173 kaip <a href=\"https:\/\/rmvapesale.com\/lt\/product\/wga-crystal-pro-max-extra-15k-puffs-disposable-vape-wholesale\/\">WGA 15K<\/a>. Kiekvienas produktas parenkamas atsi\u017evelgiant \u012f kokyb\u0119, vert\u0119 ir \u012fvairov\u0119, u\u017etikrinant, kad rastum\u0117te tobul\u0105 atitikmen\u012f savo poreikiams. Atraskite i\u0161skirtin\u012f aptarnavim\u0105 ir plat\u0173 auk\u0161\u010diausios kokyb\u0117s produkt\u0173 asortiment\u0105 \u201eRmvapesale\u201c.<\/p>\n<\/div>\n<h3><\/h3>\n<div class=\"relative p-1 rounded-sm flex items-center justify-center bg-token-main-surface-primary text-token-text-primary h-8 w-8\">\n<h3><b>Waspe 40000 Puffs \u012ekraunamos vienkartin\u0117s elektronin\u0117s cigaret\u0117s DUK<\/b><\/h3>\n<div class=\"group\/conversation-turn relative flex w-full min-w-0 flex-col agent-turn\">\n<div class=\"flex-col gap-1 md:gap-3\">\n<div class=\"flex max-w-full flex-col flex-grow\">\n<div class=\"min-h-8 text-message flex w-full flex-col items-end gap-2 whitespace-normal break-words [.text-message+&amp;]:mt-5\" dir=\"auto\" data-message-author-role=\"assistant\" data-message-id=\"00c9b302-bc9c-4550-94ba-5a295efa2be3\" data-message-model-slug=\"gpt-4o\">\n<div class=\"flex w-full flex-col gap-1 empty:hidden first:pt-[3px]\">\n<div class=\"markdown prose w-full break-words dark:prose-invert light\">\n<div class=\"flex-shrink-0 flex flex-col relative items-end\">\n<div>\n<div class=\"pt-0\">\n<div class=\"gizmo-bot-avatar flex h-8 w-8 items-center justify-center overflow-hidden rounded-full\">\n<div class=\"relative p-1 rounded-sm flex items-center justify-center bg-token-main-surface-primary text-token-text-primary h-8 w-8\">\n<div class=\"flex-shrink-0 flex flex-col relative items-end\">\n<div>\n<div class=\"pt-0\">\n<div class=\"gizmo-bot-avatar flex h-8 w-8 items-center justify-center overflow-hidden rounded-full\">\n<div class=\"relative p-1 rounded-sm flex items-center justify-center bg-token-main-surface-primary text-token-text-primary h-8 w-8\">\n<p><strong>K: Kokie populiar\u016bs Waspe 40000 Puffs vienkartin\u0117s elektronin\u0117s cigaret\u0117s skoniai?<\/strong><br \/>\nA: <strong>Waspe Vape 40000 Puffs<\/strong> si\u016blo dvigub\u0173 skoni\u0173 derinius, tokius kaip <em>Bra\u0161kinis bananas<\/em> ir <em>Ananas\u0173 ir kokos\u0173 ledai<\/em>, tod\u0117l tai yra geriausias pasirinkimas ie\u0161kantiems gaivios ir unikalios skonio patirties.<\/p>\n<p><strong>K: Kaip su\u017einoti, kada mano \u201eWaspe 40000 Smart Vape\u201c yra tu\u0161\u010dias?<\/strong><br \/>\nA: <strong>LED ekrano ekranas<\/strong> \u201eWaspe 40000 Smart Vape\u201c rodo e-skys\u010dio lyg\u012f. Kai jis rodo, kad e-skystis yra tu\u0161\u010dias, laikas pakeisti \u012frengin\u012f.<\/p>\n<p><strong>K: Kiek laiko u\u017etrunka \u012fkrauti \u201eWaspe 40000\u201c \u012fkraunam\u0105 garintuv\u0105?<\/strong><br \/>\nA: \u201eWaspe 40000\u201c naudoja <strong>C tipo greito \u012fkrovimo prievadas<\/strong>, tod\u0117l jis visi\u0161kai \u012fkraunamas ma\u017edaug per <strong>45\u201360 minu\u010di\u0173<\/strong>.<\/p>\n<p><strong>K: Kiek nikotino yra \u201eWaspe 40000\u201c vienkartiniame garintuve?<\/strong><br \/>\nA: \u201eWaspe 40000\u201c galima \u012fsigyti <strong>0%, 2% arba 5% nikotino stiprumai<\/strong> (atitinka 50 mg 5% pasirinkimui), atsi\u017evelgiant \u012f skirtingus pageidavimus.<\/p>\n<p><strong>K: Kur galiu nusipirkti \u201eWaspe 40000 Puff Vapes\u201c didmenin\u0117mis kainomis?<\/strong><br \/>\nA: <strong>\u201eWaspe 40000 Puffs\u201c vienkartinis garintuvas<\/strong> galima \u012fsigyti per <strong>elektronini\u0173 cigare\u010di\u0173 didmeninei prekybai<\/strong> platintojai ir internetiniai ma\u017emenininkai, kurie specializuojasi <strong>didmenine prekyba<\/strong> ir <strong>populiariais vienkartini\u0173 garintuv\u0173 preki\u0173 \u017eenklais<\/strong>.<\/p>\n<p><strong>K: Kiek \u012fkv\u0117pim\u0173 suteikia \u201eWaspe Vape 40000 Puffs\u201c?<\/strong><br \/>\nA: \u201eWaspe Vape\u201c si\u016blo \u012fsp\u016bding\u0105 <strong>40 000 \u012ftraukim\u0173<\/strong>, u\u017etikrinantis ilgesn\u012f pasitenkinim\u0105 ir patogum\u0105.<\/p>\n<p><strong>K: Kiek laiko u\u017etrunka visi\u0161kai \u012fkrauti \u201eWaspe 40000\u201c vienkartin\u012f garintuv\u0105?<\/strong><br \/>\nA: Visi\u0161kas \u201eWaspe 40000\u201c \u012fkrovimas trunka ma\u017edaug <strong>45\u201360 minu\u010di\u0173<\/strong>, d\u0117l savo efektyvios <strong>C tipo \u012fkrovimo sistemos<\/strong>.<\/p>\n<\/div>\n<\/div>\n<\/div>\n<\/div>\n<\/div>\n<\/div>\n<\/div>\n<\/div>\n<\/div>\n<\/div>\n<div class=\"group\/conversation-turn relative flex w-full min-w-0 flex-col agent-turn\">\n<div class=\"flex-col gap-1 md:gap-3\">\n<div class=\"flex max-w-full flex-col flex-grow\">\n<div class=\"min-h-8 text-message flex w-full flex-col items-end gap-2 whitespace-normal break-words [.text-message+&amp;]:mt-5\" dir=\"auto\" data-message-author-role=\"assistant\" data-message-id=\"a3dc01bd-23b0-4fd7-bb9a-7827522cefd8\" data-message-model-slug=\"gpt-4o\">\n<div class=\"flex w-full flex-col gap-1 empty:hidden first:pt-[3px]\"><\/div>\n<\/div>\n<\/div>\n<\/div>\n<\/div>\n<\/div>\n<\/div>\n<\/div>\n<\/div>\n<\/div>\n<\/div>\n<\/div>\n<\/div>\n<\/div>\n<\/div>\n<h3>Apie siuntim\u0105<\/h3>\n<div class=\"flex-shrink-0 flex flex-col relative items-end\">\n<div>\n<div class=\"pt-0\">\n<div class=\"gizmo-bot-avatar flex h-8 w-8 items-center justify-center overflow-hidden rounded-full\">\n<div><\/div>\n<div class=\"relative p-1 rounded-sm flex items-center justify-center bg-token-main-surface-primary text-token-text-primary h-8 w-8\"><strong>1. Kokie siuntimo b\u016bdai naudojami?<\/strong><\/div>\n<\/div>\n<\/div>\n<\/div>\n<\/div>\n<div class=\"group\/conversation-turn relative flex w-full min-w-0 flex-col agent-turn\">\n<div class=\"flex-col gap-1 md:gap-3\">\n<div class=\"flex max-w-full flex-col flex-grow\">\n<div class=\"min-h-[20px] text-message flex w-full flex-col items-end gap-2 whitespace-normal break-words [.text-message+&amp;]:mt-5 overflow-x-auto\" dir=\"auto\" data-message-author-role=\"assistant\" data-message-id=\"22f8283b-3233-46ff-89a5-c7a41b33abda\">\n<div class=\"flex w-full flex-col gap-1 empty:hidden first:pt-[3px]\">\n<div class=\"markdown prose w-full break-words dark:prose-invert light\">\n<p>Mes bendradarbiaujame su UPS, DHL, FedEx, DPD ir kitais pirmaujan\u010diais ve\u017e\u0117jais. Mes parinksime geriausi\u0105 siuntimo b\u016bd\u0105, atsi\u017evelgdami \u012f j\u016bs\u0173 pristatymo viet\u0105, kad u\u017etikrintume, jog gaminiai jus pasieks kuo grei\u010diau.<\/p>\n<\/div>\n<p><strong>2. Per kiek laiko prek\u0117s atkeliauja?<\/strong><\/p>\n<p>\u012e Lietuv\u0105 siun\u010diami siuntiniai paprastai atvyksta per 10 darbo dien\u0173. Siuntimas \u012f Europos \u0161alis paprastai trunka apie 12\u201315 darbo dien\u0173. Mes teikiame realiuoju laiku atnaujinam\u0105 informacij\u0105 apie j\u016bs\u0173 siuntos b\u016bsen\u0105.<\/p>\n<\/div>\n<\/div>\n<\/div>\n<\/div>\n<\/div>\n<p>&nbsp;<\/p>\n<p>Raskite daugiau garintuv\u0173, kurie jums gali patikti:<strong><em><a href=\"https:\/\/rmvapesale.com\/lt\/shop-2\/\">pirkti dabar &gt;&gt;&gt;<\/a><\/em><\/strong><\/p>","protected":false},"excerpt":{"rendered":"<p>WASPE Vape 40000 Puffs \u012frenginys i\u0161siskiria dvigubu skoniu ir 40 000 d\u016bm\u0173 talpa, tod\u0117l yra puikus pasirinkimas visiems, norintiems suderinti patogum\u0105 su i\u0161skirtine garinimo patirtimi.<\/p>\n<p><img loading=\"lazy\" decoding=\"async\" class=\"size-full wp-image-2375\" src=\"https:\/\/rmvapesale.com\/wp-content\/uploads\/2024\/10\/image.png\" alt=\"Geriausias Vienkartinis Vape\" width=\"229\" height=\"300\" \/><\/p>\n<h3><a href=\"https:\/\/wa.me\/8617776015835\"><span style=\"color: #ff0000\"><strong>WhatsApp: +86 17776015835<\/strong><\/span><\/a><\/h3>\n<p>&nbsp;<\/p>","protected":false},"featured_media":2759,"comment_status":"open","ping_status":"closed","template":"","meta":{"_uag_custom_page_level_css":"","_lmt_disableupdate":"no","_lmt_disable":"","site-sidebar-layout":"default","site-content-layout":"content-boxed-container","ast-site-content-layout":"normal-width-container","site-content-style":"boxed","site-sidebar-style":"unboxed","ast-global-header-display":"","ast-banner-title-visibility":"","ast-main-header-display":"","ast-hfb-above-header-display":"","ast-hfb-below-header-display":"","ast-hfb-mobile-header-display":"","site-post-title":"","ast-breadcrumbs-content":"","ast-featured-img":"","footer-sml-layout":"","theme-transparent-header-meta":"default","adv-header-id-meta":"","stick-header-meta":"","header-above-stick-meta":"","header-main-stick-meta":"","header-below-stick-meta":"","astra-migrate-meta-layouts":"set","ast-page-background-enabled":"default","ast-page-background-meta":{"desktop":{"background-color":"var(--ast-global-color-4)","background-image":"","background-repeat":"repeat","background-position":"center center","background-size":"auto","background-attachment":"scroll","background-type":"","background-media":"","overlay-type":"","overlay-color":"","overlay-opacity":"","overlay-gradient":""},"tablet":{"background-color":"","background-image":"","background-repeat":"repeat","background-position":"center center","background-size":"auto","background-attachment":"scroll","background-type":"","background-media":"","overlay-type":"","overlay-color":"","overlay-opacity":"","overlay-gradient":""},"mobile":{"background-color":"","background-image":"","background-repeat":"repeat","background-position":"center center","background-size":"auto","background-attachment":"scroll","background-type":"","background-media":"","overlay-type":"","overlay-color":"","overlay-opacity":"","overlay-gradient":""}},"ast-content-background-meta":{"desktop":{"background-color":"var(--ast-global-color-5)","background-image":"","background-repeat":"repeat","background-position":"center center","background-size":"auto","background-attachment":"scroll","background-type":"","background-media":"","overlay-type":"","overlay-color":"","overlay-opacity":"","overlay-gradient":""},"tablet":{"background-color":"var(--ast-global-color-5)","background-image":"","background-repeat":"repeat","background-position":"center center","background-size":"auto","background-attachment":"scroll","background-type":"","background-media":"","overlay-type":"","overlay-color":"","overlay-opacity":"","overlay-gradient":""},"mobile":{"background-color":"var(--ast-global-color-5)","background-image":"","background-repeat":"repeat","background-position":"center center","background-size":"auto","background-attachment":"scroll","background-type":"","background-media":"","overlay-type":"","overlay-color":"","overlay-opacity":"","overlay-gradient":""}},"_joinchat":[]},"product_brand":[],"product_cat":[15,25,123,26,28,135,27,137,136,30],"product_tag":[222,220,221],"class_list":{"0":"post-2761","1":"product","2":"type-product","3":"status-publish","4":"has-post-thumbnail","6":"product_cat-new-vape-this-week","7":"product_cat-germany-best-selling-vape","8":"product_cat-italy-wholesale-vape","9":"product_cat-netherlands-hot-sale-vape","10":"product_cat-poland-hot-sale-vape","11":"product_cat-spain-best-hot-sale-vape","12":"product_cat-fance-hot-sale-vape","13":"product_cat-rechargeable-vapes","14":"product_cat-smart-screen-vapes","15":"product_cat-minimum-order-quantity-50pcs","16":"product_tag-double-flavor-vape","17":"product_tag-waspe-40000","18":"product_tag-waspe-vape","19":"desktop-align-left","20":"tablet-align-left","21":"mobile-align-left","23":"first","24":"instock","25":"sale","26":"shipping-taxable","27":"purchasable","28":"product-type-simple"},"uagb_featured_image_src":{"full":["https:\/\/rmvapesale.com\/wp-content\/uploads\/2024\/11\/WASPE-40000-Rechargeable-Disposable-Vape.jpg",1000,1000,false],"thumbnail":["https:\/\/rmvapesale.com\/wp-content\/uploads\/2024\/11\/WASPE-40000-Rechargeable-Disposable-Vape-150x150.jpg",150,150,true],"medium":["https:\/\/rmvapesale.com\/wp-content\/uploads\/2024\/11\/WASPE-40000-Rechargeable-Disposable-Vape-300x300.jpg",300,300,true],"medium_large":["https:\/\/rmvapesale.com\/wp-content\/uploads\/2024\/11\/WASPE-40000-Rechargeable-Disposable-Vape-768x768.jpg",768,768,true],"large":["https:\/\/rmvapesale.com\/wp-content\/uploads\/2024\/11\/WASPE-40000-Rechargeable-Disposable-Vape.jpg",1000,1000,false],"1536x1536":["https:\/\/rmvapesale.com\/wp-content\/uploads\/2024\/11\/WASPE-40000-Rechargeable-Disposable-Vape.jpg",1000,1000,false],"2048x2048":["https:\/\/rmvapesale.com\/wp-content\/uploads\/2024\/11\/WASPE-40000-Rechargeable-Disposable-Vape.jpg",1000,1000,false],"trp-custom-language-flag":["https:\/\/rmvapesale.com\/wp-content\/uploads\/2024\/11\/WASPE-40000-Rechargeable-Disposable-Vape.jpg",12,12,false],"woocommerce_thumbnail":["https:\/\/rmvapesale.com\/wp-content\/uploads\/2024\/11\/WASPE-40000-Rechargeable-Disposable-Vape-300x300.jpg",300,300,true],"woocommerce_single":["https:\/\/rmvapesale.com\/wp-content\/uploads\/2024\/11\/WASPE-40000-Rechargeable-Disposable-Vape-600x600.jpg",600,600,true],"woocommerce_gallery_thumbnail":["https:\/\/rmvapesale.com\/wp-content\/uploads\/2024\/11\/WASPE-40000-Rechargeable-Disposable-Vape-100x100.jpg",100,100,true],"wcpr-photo-reviews":["https:\/\/rmvapesale.com\/wp-content\/uploads\/2024\/11\/WASPE-40000-Rechargeable-Disposable-Vape.jpg",500,500,false]},"uagb_author_info":{"display_name":"AMY","author_link":"https:\/\/rmvapesale.com\/lt\/author\/"},"uagb_comment_info":0,"uagb_excerpt":"WASPE Vape 40000 Puffs device stands out with its dual-flavor technology and 40,000-puff capacity, making it a top choice for anyone looking to combine convenience with an exceptional vaping experience. WhatsApp: +86 17776015835 &nbsp;","_links":{"self":[{"href":"https:\/\/rmvapesale.com\/lt\/wp-json\/wp\/v2\/product\/2761","targetHints":{"allow":["GET"]}}],"collection":[{"href":"https:\/\/rmvapesale.com\/lt\/wp-json\/wp\/v2\/product"}],"about":[{"href":"https:\/\/rmvapesale.com\/lt\/wp-json\/wp\/v2\/types\/product"}],"replies":[{"embeddable":true,"href":"https:\/\/rmvapesale.com\/lt\/wp-json\/wp\/v2\/comments?post=2761"}],"wp:featuredmedia":[{"embeddable":true,"href":"https:\/\/rmvapesale.com\/lt\/wp-json\/wp\/v2\/media\/2759"}],"wp:attachment":[{"href":"https:\/\/rmvapesale.com\/lt\/wp-json\/wp\/v2\/media?parent=2761"}],"wp:term":[{"taxonomy":"product_brand","embeddable":true,"href":"https:\/\/rmvapesale.com\/lt\/wp-json\/wp\/v2\/product_brand?post=2761"},{"taxonomy":"product_cat","embeddable":true,"href":"https:\/\/rmvapesale.com\/lt\/wp-json\/wp\/v2\/product_cat?post=2761"},{"taxonomy":"product_tag","embeddable":true,"href":"https:\/\/rmvapesale.com\/lt\/wp-json\/wp\/v2\/product_tag?post=2761"}],"curies":[{"name":"wp","href":"https:\/\/api.w.org\/{rel}","templated":true}]}}