{"id":2767,"date":"2024-11-21T08:44:14","date_gmt":"2024-11-21T08:44:14","guid":{"rendered":"https:\/\/rmvapesale.com\/?post_type=product&#038;p=2767"},"modified":"2024-11-21T09:11:37","modified_gmt":"2024-11-21T09:11:37","slug":"jnr-alien-10000-puffs-rechargeable-disposable-vape-bulk-price","status":"publish","type":"product","link":"https:\/\/rmvapesale.com\/lt\/product\/jnr-alien-10000-puffs-rechargeable-disposable-vape-bulk-price\/","title":{"rendered":"JNR Alien 10000 \u012ftraukim\u0173 \u012fkraunamas vienkartinis vape didmenin\u0117 kaina"},"content":{"rendered":"<div class=\"B2VR9 CJHX3e\">\n<div class=\"wyccme\">\n<h1 class=\"LC20lb MBeuO DKV0Md\">JNR Alien 10000 \u012ftraukim\u0173 \u012fkraunamas vienkartinis vape didmenin\u0117 kaina<\/h1>\n<div class=\"flex-shrink-0 flex flex-col relative items-end\">\n<div class=\"pt-0\">\n<div class=\"gizmo-bot-avatar flex h-8 w-8 items-center justify-center overflow-hidden rounded-full\">\n<div class=\"relative p-1 rounded-sm flex items-center justify-center bg-token-main-surface-primary text-token-text-primary h-8 w-8\">\n<p>Su <strong>JNR Alien 10000 Puf\u0173 \u012ekraunamas Vienkartinis Vape<\/strong> sukurtas tiems, kurie vertina patogum\u0105 ir na\u0161um\u0105. Su i\u0161 anksto u\u017epildytu <strong>20 ml e-skys\u010dio talpa<\/strong>, \u0161is \u012frenginys si\u016blo iki <strong>10 000 puf\u0173<\/strong>, u\u017etikrinant ilgalaikes vaping sesijas be da\u017en\u0173 keitim\u0173. Veikia patikimu <strong>850 mAh \u012fkraunama baterija<\/strong>, jis u\u017etikrina nuolatin\u012f garo gamyb\u0105, o pa\u017eangi <strong>tinklin\u0117 kaitinimo technologija<\/strong> pagerina tiek skon\u012f, tiek debes\u0173 i\u0161metim\u0105, suteikdama auk\u0161tesn\u0119 patirt\u012f. Alien JNR 10000 skirtas <strong>MTL (burno \u012f burn\u0105) vapingui<\/strong>, \u0161is \u012frenginys turi be r\u016bpes\u010di\u0173 <strong>traukiam\u0105j\u012f aktyvuojam\u0105 mechanizm\u0105<\/strong>, tod\u0117l puikiai tinka naudotojams, kurie vertina paprastum\u0105 nesuma\u017eindami na\u0161umo.<\/p>\n<p>Kompakti\u0161kas ir ne\u0161iojamas, <strong>JNR Alien 10000 \u012ekraunamas Vape<\/strong> yra idealus naudoti keliaujant. \u012ekraunama baterija palaiko ilgalaik\u012f naudojim\u0105, o lengvas dizainas leid\u017eia patogiai ne\u0161iotis. Su <strong>5% nikotino stiprumo<\/strong>, jis suteikia malon\u0173 poj\u016bt\u012f, kuris patenkina naudotojus, ie\u0161kan\u010dius stiprios, bet \u0161velnios vaping patirties. Nesvarbu, ar esate ma\u017emenininkas, ar didmeninis pirk\u0117jas, <strong>JNR Alien 10000 Puf\u0173<\/strong> si\u016blo i\u0161skirtin\u0119 vert\u0119 u\u017e <strong>didmenin\u0117s kainos<\/strong>, tai daro j\u012f i\u0161skirtiniu produktu vape didmeninei reikmei.<\/p>\n<\/div>\n<\/div>\n<\/div>\n<\/div>\n<\/div>\n<\/div>\n<p><strong>Susisiekite su Amy ir gaukite tinkam\u0105 atsakym\u0105 bei vape kupon\u0105!<\/strong><\/p>\n<p><img loading=\"lazy\" decoding=\"async\" class=\"size-full wp-image-1978\" src=\"https:\/\/rmvapesale.com\/wp-content\/uploads\/2024\/09\/Disposable-Vape-Wholesale.jpg\" alt=\"Vienkartinis garintuvas didmenin\u0117 prekyba\" width=\"229\" height=\"300\" \/><\/p>\n<h3><a href=\"https:\/\/wa.me\/8617776015835\" target=\"_blank\" rel=\"noopener\"><span style=\"color: #ff0000\"><strong>WhatsApp: +86 17776015835<\/strong><\/span><\/a><\/h3>\n<p>&nbsp;<\/p>\n<h2><\/h2>\n<h2><strong>JNR Alien 10000 P\u016b\u010di\u0173 Pagrindin\u0117s Savyb\u0117s<\/strong><\/h2>\n<ul>\n<li><strong>Pateikia iki 10 000 p\u016b\u010di\u0173 kiekviename \u012frenginyje<\/strong><\/li>\n<li><strong>20 ml e-skys\u010dio i\u0161 anksto pripildyta, kad reik\u0117t\u0173 ma\u017eiau keisti<\/strong><\/li>\n<li><strong>850mAh \u012fkraunama baterija ilgesniems seansams<\/strong><\/li>\n<li><strong>Tinklelio rit\u0117s technologija pagerina skon\u012f ir gar\u0105<\/strong><\/li>\n<li><strong>Kompakti\u0161kas, \u012fkv\u0117pimo aktyvuotas dizainas, skirtas lengvam naudojimui<\/strong><\/li>\n<\/ul>\n<h2><\/h2>\n<h2><strong>Geriausias skonis JNR Alien 10kPuffs<\/strong><\/h2>\n<p>1. Juodoji Drakono Ledas<br \/>\n2. M\u0117lynas Razz Vy\u0161nios <span style=\"color: #ff0000\"><strong>&gt;&gt;&gt;&gt; Kar\u0161ta!<\/strong><\/span><br \/>\n3. M\u0117lyn\u0173j\u0173 avie\u010di\u0173 ledas <span style=\"color: #ff0000\"><strong>&gt;&gt;&gt;&gt; Kar\u0161ta!<\/strong><\/span><br \/>\n4. M\u0117lyni\u0173 Burbuoli\u0173 Kramtomoji Guma<br \/>\n5. M\u0117lyni\u0173 Vy\u0161n\u0117 Cranberry<br \/>\n6. M\u0117lyni\u0173 Ledas<br \/>\n7. R\u016bg\u0161tus M\u0117lyni\u0173 Avie\u010di\u0173 Skonis<br \/>\n8. Putojanti Vy\u0161nini\u0173 Kolos<br \/>\n9. Vynuog\u0117s su ledu<br \/>\n10. Guava Ledas<br \/>\n11. Kivi Aistra Vaisi\u0173 Guava<br \/>\n12. Bra\u0161k\u0117s Kivi<br \/>\n13. Mi\u0161rus Uog\u0173 Mi\u0161inys<br \/>\n14. Ponas M\u0117lynasis<br \/>\n15. Passion Fruit<br \/>\n16. Persik\u0173 uogos<br \/>\n17. Persik\u0173 m\u0117lyni\u0173 saldainiai<br \/>\n18. Persik\u0173 ledas<br \/>\n19. Persik\u0173 mango ananasas <span style=\"color: #ff0000\"><strong>&gt;&gt;&gt;&gt; Kar\u0161ta!<\/strong><\/span><br \/>\n20. R\u016bg\u0161tus obuolys<br \/>\ncURL Too many subrequests.<br \/>\n22. Bra\u0161ki\u0173 ledas<br \/>\n23. Bra\u0161ki\u0173 avie\u010di\u0173 vy\u0161ni\u0173 ledas <span style=\"color: #ff0000\"><strong>&gt;&gt;&gt;&gt; Geriausias!<\/strong><\/span><br \/>\n24. Bra\u0161ki\u0173 arb\u016bzo ledas<br \/>\n25. Bra\u0161ki\u0173 arb\u016bzo limonadas<br \/>\n26. Arb\u016bzo burbulin\u0117 guma<br \/>\n27. Arb\u016bzo ledas<br \/>\n28. Banano ledas<br \/>\n29. M\u0117lyni\u0173 kiwio<br \/>\n30. Vy\u0161nini\u0173 uog\u0173 uogien\u0117<br \/>\n31. Kolos ledas<br \/>\n32. \u0160altas m\u0117t\u0173<br \/>\n33. Dvigubas obuolys<br \/>\n34. Gumin\u0117 me\u0161ka<br \/>\n35. Prabangi ledin\u0117<br \/>\n36. Avie\u010di\u0173 arb\u016bzas<br \/>\n37. Bra\u0161ki\u0173 saldainiai ledai<br \/>\n38. Bra\u0161ki\u0173 pi\u00f1a colada<br \/>\n39. Bra\u0161ki\u0173 granatas<br \/>\n40. Bra\u0161ki\u0173 avie\u010di\u0173 ledas<br \/>\n41. Tropinis g\u0117rimas<br \/>\n42. Arb\u016bzo Brazz ledas<br \/>\n43. Arb\u016bzas li\u010dis<\/p>\n<p>&nbsp;<\/p>\n<h3><strong>Kod\u0117l rinktis Rmvapesale Alien JNR 10000 p\u016btimo vienkartin\u012f vape <\/strong><strong>V<\/strong><strong>Didmenin\u0117 prekyba veipais<\/strong><strong>?<\/strong><\/h3>\n<div class=\"flex-shrink-0 flex flex-col relative items-end\">\n<div class=\"pt-0\">\n<div class=\"gizmo-bot-avatar flex h-8 w-8 items-center justify-center overflow-hidden rounded-full\">\n<div class=\"relative p-1 rounded-sm flex items-center justify-center bg-token-main-surface-primary text-token-text-primary h-8 w-8\">\n<p>Sveiki atvyk\u0119 \u012f Rmvapesale, j\u016bs\u0173 patikim\u0105 veip\u0173 parduotuv\u0119, kurioje rasite auk\u0161\u010diausios kokyb\u0117s vienkartini\u0173 veip\u0173. Tur\u0117dami daugiau nei 5 met\u0173 patirt\u012f, si\u016blome populiarius vienkartini\u0173 veip\u0173 prek\u0117s \u017eenklus, tokius kaip Al Fakher, Vapme Vape, <a href=\"https:\/\/rmvapesale.com\/lt\/product-category\/bang-vapes\/\">Bang Vape<\/a>, Waspe, WGA Vape ir<a href=\"https:\/\/rmvapesale.com\/lt\/product-category\/randm-fumot-vape\/\"> RandM Vape<\/a>.<\/p>\n<p>M\u016bs\u0173 asortimente yra kar\u0161tai parduodam\u0173 veip\u0173, toki\u0173 kaip <a href=\"https:\/\/rmvapesale.com\/lt\/product\/randm-tornado-15000-puffs-vape-wholesale\/\">RandM Tornado 15000<\/a> ir gausus skoni\u0173 pasirinkimas, pavyzd\u017eiui, Vapme 70000. Kiekvienas produktas yra parenkamas atsi\u017evelgiant \u012f kokyb\u0119, vert\u0119 ir \u012fvairov\u0119, u\u017etikrinant, kad rastum\u0117te tobulai tinkan\u010di\u0105 prek\u0119. Atraskite i\u0161skirtin\u012f aptarnavim\u0105 ir plat\u0173 auk\u0161\u010diausios kokyb\u0117s produkt\u0173 asortiment\u0105 Rmvapesale.<\/p>\n<\/div>\n<h3><\/h3>\n<div class=\"relative p-1 rounded-sm flex items-center justify-center bg-token-main-surface-primary text-token-text-primary h-8 w-8\">\n<h3><b> DUK apie <\/b><b>Alien JNR 10000 \u012fkraunamas vienkartinis vape<\/b><\/h3>\n<div class=\"group\/conversation-turn relative flex w-full min-w-0 flex-col agent-turn\">\n<div class=\"flex-col gap-1 md:gap-3\">\n<div class=\"flex max-w-full flex-col flex-grow\">\n<div class=\"min-h-8 text-message flex w-full flex-col items-end gap-2 whitespace-normal break-words [.text-message+&amp;]:mt-5\" dir=\"auto\" data-message-author-role=\"assistant\" data-message-id=\"00c9b302-bc9c-4550-94ba-5a295efa2be3\" data-message-model-slug=\"gpt-4o\">\n<div class=\"flex w-full flex-col gap-1 empty:hidden first:pt-[3px]\">\n<div class=\"markdown prose w-full break-words dark:prose-invert light\">\n<div class=\"flex-shrink-0 flex flex-col relative items-end\">\n<div>\n<div class=\"pt-0\">\n<div class=\"gizmo-bot-avatar flex h-8 w-8 items-center justify-center overflow-hidden rounded-full\">\n<div class=\"relative p-1 rounded-sm flex items-center justify-center bg-token-main-surface-primary text-token-text-primary h-8 w-8\">\n<div class=\"flex-shrink-0 flex flex-col relative items-end\">\n<div>\n<div class=\"pt-0\">\n<div class=\"gizmo-bot-avatar flex h-8 w-8 items-center justify-center overflow-hidden rounded-full\">\n<div class=\"relative p-1 rounded-sm flex items-center justify-center bg-token-main-surface-primary text-token-text-primary h-8 w-8\">\n<p><strong>1. Kiek nikotino yra vienkartiniame \u201eJNR 10000\u201c vape?<\/strong><br \/>\nSu <strong>Vienkartinis vape \u201eJNR Alien 10k\u201c<\/strong> yra <strong>5% nikotino stiprumas (50 mg)<\/strong>, si\u016blantis stipr\u0173, bet \u0161veln\u0173 nikotino poj\u016bt\u012f.<\/p>\n<p><strong>2. Kur galiu \u012fsigyti \u201eJNR Alien 10k Puffs\u201c didmenine kaina?<\/strong><br \/>\nGalite \u012fsigyti <strong>\u201eJNR Alien 10k Puffs\u201c<\/strong> at <strong>didmenin\u0117mis kainomis<\/strong> per patikimus vape didmenininkus, platintojus arba internetines platformas, kurios specializuojasi didmenin\u0117je vape prekyboje.<\/p>\n<p><strong>3. Kaip su\u017einoti, kada mano \u201eJNR 10000 Puffs Smart Vape\u201c yra tu\u0161\u010dias?<\/strong><br \/>\nJ\u016bs\u0173 <strong>\u201eJNR 10000 Vape\u201c<\/strong> gali b\u016bti tu\u0161\u010dias, jei pastebite pridegus\u012f ar nemalon\u0173 skon\u012f, suma\u017e\u0117jusi\u0105 gar\u0173 gamyb\u0105 arba prietaisas nebe\u012fsijungia, kai naudojamas.<\/p>\n<p><strong>4. Kiek laiko i\u0161lieka skonis vienkartiniame \u201eJNR 10000\u201c vape?<\/strong><br \/>\nSkoniai <strong>\u201eJNR Alien 10000\u201c<\/strong> i\u0161lieka pastov\u016bs ir patenkinami per vis\u0105 jo naudojimo laik\u0105 <strong>10 000 puf\u0173<\/strong>, u\u017etikrinant, kad skonis nenukent\u0117t\u0173.<\/p>\n<p><strong>5. Kokie yra populiar\u016bs \u201eJNR Alien 10k Puffs\u201c vienkartini\u0173 vape skoniai?<\/strong><br \/>\nPopuliariausi skoniai <strong>\u201eJNR Alien 10k Puffs\u201c<\/strong> yra Mango Ice, Strawberry Watermelon, Blueberry Raspberry ir Cool Mint, atitinkantys \u012fvairius pageidavimus.<\/p>\n<p><strong>6. Kiek \u012ftraukim\u0173 suteikia \u201eJNR 10000 Vape\u201c?<\/strong><br \/>\nSu <strong>JNR Alien 10k Vape<\/strong> si\u016blo <strong>10 000 puf\u0173<\/strong>, tai ilgalaik\u0117 ir patogi galimyb\u0117 tiek sunk\u0173, tiek kasdien\u012f vartotoj\u0105.<\/p>\n<p><strong>7. Kiek laiko u\u017etrunka \u012fkrauti JNR 10000 Puffs \u012fkraunam\u0105 Vape?<\/strong><br \/>\nSu <strong>JNR 10000 Puffs Vape<\/strong> visi\u0161kai \u012fkraunama ma\u017edaug per <strong>1 iki 1,5 valandos<\/strong>, d\u0117l savo efektyvios <strong>C tipo \u012fkrovimo prievadas<\/strong>.<\/p>\n<\/div>\n<\/div>\n<\/div>\n<\/div>\n<\/div>\n<\/div>\n<\/div>\n<\/div>\n<\/div>\n<\/div>\n<div class=\"group\/conversation-turn relative flex w-full min-w-0 flex-col agent-turn\">\n<div class=\"flex-col gap-1 md:gap-3\">\n<div class=\"flex max-w-full flex-col flex-grow\">\n<div class=\"min-h-8 text-message flex w-full flex-col items-end gap-2 whitespace-normal break-words [.text-message+&amp;]:mt-5\" dir=\"auto\" data-message-author-role=\"assistant\" data-message-id=\"a3dc01bd-23b0-4fd7-bb9a-7827522cefd8\" data-message-model-slug=\"gpt-4o\">\n<div class=\"flex w-full flex-col gap-1 empty:hidden first:pt-[3px]\"><\/div>\n<\/div>\n<\/div>\n<\/div>\n<\/div>\n<\/div>\n<\/div>\n<\/div>\n<\/div>\n<\/div>\n<\/div>\n<\/div>\n<\/div>\n<\/div>\n<\/div>\n<h3>Apie siuntim\u0105<\/h3>\n<div class=\"flex-shrink-0 flex flex-col relative items-end\">\n<div>\n<div class=\"pt-0\">\n<div class=\"gizmo-bot-avatar flex h-8 w-8 items-center justify-center overflow-hidden rounded-full\">\n<div><\/div>\n<div class=\"relative p-1 rounded-sm flex items-center justify-center bg-token-main-surface-primary text-token-text-primary h-8 w-8\"><strong>1. Kokie siuntimo b\u016bdai naudojami?<\/strong><\/div>\n<\/div>\n<\/div>\n<\/div>\n<\/div>\n<div class=\"group\/conversation-turn relative flex w-full min-w-0 flex-col agent-turn\">\n<div class=\"flex-col gap-1 md:gap-3\">\n<div class=\"flex max-w-full flex-col flex-grow\">\n<div class=\"min-h-[20px] text-message flex w-full flex-col items-end gap-2 whitespace-normal break-words [.text-message+&amp;]:mt-5 overflow-x-auto\" dir=\"auto\" data-message-author-role=\"assistant\" data-message-id=\"22f8283b-3233-46ff-89a5-c7a41b33abda\">\n<div class=\"flex w-full flex-col gap-1 empty:hidden first:pt-[3px]\">\n<div class=\"markdown prose w-full break-words dark:prose-invert light\">\n<p>Mes bendradarbiaujame su UPS, DHL, FedEx, DPD ir kitais pirmaujan\u010diais ve\u017e\u0117jais. Mes parinksime geriausi\u0105 siuntimo b\u016bd\u0105, atsi\u017evelgdami \u012f j\u016bs\u0173 pristatymo viet\u0105, kad u\u017etikrintume, jog gaminiai jus pasieks kuo grei\u010diau.<\/p>\n<\/div>\n<p><strong>2. Per kiek laiko prek\u0117s atkeliauja?<\/strong><\/p>\n<p>\u012e Lietuv\u0105 siun\u010diami siuntiniai paprastai atvyksta per 10 darbo dien\u0173. Siuntimas \u012f Europos \u0161alis paprastai trunka apie 12\u201315 darbo dien\u0173. Mes teikiame realiuoju laiku atnaujinam\u0105 informacij\u0105 apie j\u016bs\u0173 siuntos b\u016bsen\u0105.<\/p>\n<\/div>\n<\/div>\n<\/div>\n<\/div>\n<\/div>\n<p>&nbsp;<\/p>\n<p>Raskite daugiau garintuv\u0173, kurie jums gali patikti:<strong><em><a href=\"https:\/\/rmvapesale.com\/lt\/shop-2\/\">pirkti dabar &gt;&gt;&gt;<\/a><\/em><\/strong><\/p>","protected":false},"excerpt":{"rendered":"<p>Su <strong>JNR Alien 10000 Puf\u0173 \u012ekraunamas Vienkartinis Vape<\/strong> sukurtas tiems, kurie vertina patogum\u0105 ir na\u0161um\u0105. Su i\u0161 anksto u\u017epildytu <strong>20 ml e-skys\u010dio talpa<\/strong>, \u0161is \u012frenginys si\u016blo iki <strong>10 000 puf\u0173<\/strong>, u\u017etikrinant ilgalaikes vaping sesijas be da\u017en\u0173 keitim\u0173.<\/p>\n<p><img loading=\"lazy\" decoding=\"async\" class=\"size-full wp-image-2375\" src=\"https:\/\/rmvapesale.com\/wp-content\/uploads\/2024\/10\/image.png\" alt=\"Geriausias Vienkartinis Vape\" width=\"229\" height=\"300\" \/><\/p>\n<h3><a href=\"https:\/\/wa.me\/8617776015835\"><span style=\"color: #ff0000\"><strong>WhatsApp: +86 17776015835<\/strong><\/span><\/a><\/h3>\n<p>&nbsp;<\/p>","protected":false},"featured_media":2762,"comment_status":"open","ping_status":"closed","template":"","meta":{"_uag_custom_page_level_css":"","_lmt_disableupdate":"no","_lmt_disable":"","site-sidebar-layout":"default","site-content-layout":"content-boxed-container","ast-site-content-layout":"normal-width-container","site-content-style":"boxed","site-sidebar-style":"unboxed","ast-global-header-display":"","ast-banner-title-visibility":"","ast-main-header-display":"","ast-hfb-above-header-display":"","ast-hfb-below-header-display":"","ast-hfb-mobile-header-display":"","site-post-title":"","ast-breadcrumbs-content":"","ast-featured-img":"","footer-sml-layout":"","theme-transparent-header-meta":"default","adv-header-id-meta":"","stick-header-meta":"","header-above-stick-meta":"","header-main-stick-meta":"","header-below-stick-meta":"","astra-migrate-meta-layouts":"set","ast-page-background-enabled":"default","ast-page-background-meta":{"desktop":{"background-color":"var(--ast-global-color-4)","background-image":"","background-repeat":"repeat","background-position":"center center","background-size":"auto","background-attachment":"scroll","background-type":"","background-media":"","overlay-type":"","overlay-color":"","overlay-opacity":"","overlay-gradient":""},"tablet":{"background-color":"","background-image":"","background-repeat":"repeat","background-position":"center center","background-size":"auto","background-attachment":"scroll","background-type":"","background-media":"","overlay-type":"","overlay-color":"","overlay-opacity":"","overlay-gradient":""},"mobile":{"background-color":"","background-image":"","background-repeat":"repeat","background-position":"center center","background-size":"auto","background-attachment":"scroll","background-type":"","background-media":"","overlay-type":"","overlay-color":"","overlay-opacity":"","overlay-gradient":""}},"ast-content-background-meta":{"desktop":{"background-color":"var(--ast-global-color-5)","background-image":"","background-repeat":"repeat","background-position":"center center","background-size":"auto","background-attachment":"scroll","background-type":"","background-media":"","overlay-type":"","overlay-color":"","overlay-opacity":"","overlay-gradient":""},"tablet":{"background-color":"var(--ast-global-color-5)","background-image":"","background-repeat":"repeat","background-position":"center center","background-size":"auto","background-attachment":"scroll","background-type":"","background-media":"","overlay-type":"","overlay-color":"","overlay-opacity":"","overlay-gradient":""},"mobile":{"background-color":"var(--ast-global-color-5)","background-image":"","background-repeat":"repeat","background-position":"center center","background-size":"auto","background-attachment":"scroll","background-type":"","background-media":"","overlay-type":"","overlay-color":"","overlay-opacity":"","overlay-gradient":""}},"_joinchat":[]},"product_brand":[],"product_cat":[15,25,123,26,28,135,27,137,136,30],"product_tag":[223,224,205],"class_list":{"0":"post-2767","1":"product","2":"type-product","3":"status-publish","4":"has-post-thumbnail","6":"product_cat-new-vape-this-week","7":"product_cat-germany-best-selling-vape","8":"product_cat-italy-wholesale-vape","9":"product_cat-netherlands-hot-sale-vape","10":"product_cat-poland-hot-sale-vape","11":"product_cat-spain-best-hot-sale-vape","12":"product_cat-fance-hot-sale-vape","13":"product_cat-rechargeable-vapes","14":"product_cat-smart-screen-vapes","15":"product_cat-minimum-order-quantity-50pcs","16":"product_tag-jnr","17":"product_tag-jnr-10000","18":"product_tag-jnr-vape","19":"desktop-align-left","20":"tablet-align-left","21":"mobile-align-left","23":"first","24":"instock","25":"sale","26":"shipping-taxable","27":"purchasable","28":"product-type-simple"},"uagb_featured_image_src":{"full":["https:\/\/rmvapesale.com\/wp-content\/uploads\/2024\/11\/JNR-Alien-10000-Puffs-Bulk-Price.png",800,800,false],"thumbnail":["https:\/\/rmvapesale.com\/wp-content\/uploads\/2024\/11\/JNR-Alien-10000-Puffs-Bulk-Price-150x150.png",150,150,true],"medium":["https:\/\/rmvapesale.com\/wp-content\/uploads\/2024\/11\/JNR-Alien-10000-Puffs-Bulk-Price-300x300.png",300,300,true],"medium_large":["https:\/\/rmvapesale.com\/wp-content\/uploads\/2024\/11\/JNR-Alien-10000-Puffs-Bulk-Price-768x768.png",768,768,true],"large":["https:\/\/rmvapesale.com\/wp-content\/uploads\/2024\/11\/JNR-Alien-10000-Puffs-Bulk-Price.png",800,800,false],"1536x1536":["https:\/\/rmvapesale.com\/wp-content\/uploads\/2024\/11\/JNR-Alien-10000-Puffs-Bulk-Price.png",800,800,false],"2048x2048":["https:\/\/rmvapesale.com\/wp-content\/uploads\/2024\/11\/JNR-Alien-10000-Puffs-Bulk-Price.png",800,800,false],"trp-custom-language-flag":["https:\/\/rmvapesale.com\/wp-content\/uploads\/2024\/11\/JNR-Alien-10000-Puffs-Bulk-Price.png",12,12,false],"woocommerce_thumbnail":["https:\/\/rmvapesale.com\/wp-content\/uploads\/2024\/11\/JNR-Alien-10000-Puffs-Bulk-Price-300x300.png",300,300,true],"woocommerce_single":["https:\/\/rmvapesale.com\/wp-content\/uploads\/2024\/11\/JNR-Alien-10000-Puffs-Bulk-Price-600x600.png",600,600,true],"woocommerce_gallery_thumbnail":["https:\/\/rmvapesale.com\/wp-content\/uploads\/2024\/11\/JNR-Alien-10000-Puffs-Bulk-Price-100x100.png",100,100,true],"wcpr-photo-reviews":["https:\/\/rmvapesale.com\/wp-content\/uploads\/2024\/11\/JNR-Alien-10000-Puffs-Bulk-Price.png",500,500,false]},"uagb_author_info":{"display_name":"AMY","author_link":"https:\/\/rmvapesale.com\/lt\/author\/"},"uagb_comment_info":0,"uagb_excerpt":"The JNR Alien 10000 Puffs Rechargeable Disposable Vape is engineered for those who prioritize both convenience and performance. With a pre-filled 20ml e-liquid capacity, this device offers up to 10,000 puffs, ensuring extended vaping sessions without frequent replacements. WhatsApp: +86 17776015835 &nbsp;","_links":{"self":[{"href":"https:\/\/rmvapesale.com\/lt\/wp-json\/wp\/v2\/product\/2767","targetHints":{"allow":["GET"]}}],"collection":[{"href":"https:\/\/rmvapesale.com\/lt\/wp-json\/wp\/v2\/product"}],"about":[{"href":"https:\/\/rmvapesale.com\/lt\/wp-json\/wp\/v2\/types\/product"}],"replies":[{"embeddable":true,"href":"https:\/\/rmvapesale.com\/lt\/wp-json\/wp\/v2\/comments?post=2767"}],"wp:featuredmedia":[{"embeddable":true,"href":"https:\/\/rmvapesale.com\/lt\/wp-json\/wp\/v2\/media\/2762"}],"wp:attachment":[{"href":"https:\/\/rmvapesale.com\/lt\/wp-json\/wp\/v2\/media?parent=2767"}],"wp:term":[{"taxonomy":"product_brand","embeddable":true,"href":"https:\/\/rmvapesale.com\/lt\/wp-json\/wp\/v2\/product_brand?post=2767"},{"taxonomy":"product_cat","embeddable":true,"href":"https:\/\/rmvapesale.com\/lt\/wp-json\/wp\/v2\/product_cat?post=2767"},{"taxonomy":"product_tag","embeddable":true,"href":"https:\/\/rmvapesale.com\/lt\/wp-json\/wp\/v2\/product_tag?post=2767"}],"curies":[{"name":"wp","href":"https:\/\/api.w.org\/{rel}","templated":true}]}}