{"id":2782,"date":"2024-11-26T06:22:12","date_gmt":"2024-11-26T06:22:12","guid":{"rendered":"https:\/\/rmvapesale.com\/?post_type=product&#038;p=2782"},"modified":"2024-11-26T06:36:14","modified_gmt":"2024-11-26T06:36:14","slug":"jnr-phonevape-30000-30k-smart-disposable-vape-wholesale","status":"publish","type":"product","link":"https:\/\/rmvapesale.com\/lt\/product\/jnr-phonevape-30000-30k-smart-disposable-vape-wholesale\/","title":{"rendered":"JNR PhoneVape 30000 30K i\u0161manusis vienkartinis vape didmenin\u0117 prekyba"},"content":{"rendered":"<div class=\"B2VR9 CJHX3e\">\n<div class=\"wyccme\">\n<h1 class=\"LC20lb MBeuO DKV0Md\">JNR PhoneVape 30000 30K i\u0161manusis vienkartinis vape didmenin\u0117 prekyba<\/h1>\n<div class=\"flex-shrink-0 flex flex-col relative items-end\">\n<div class=\"pt-0\">\n<div class=\"gizmo-bot-avatar flex h-8 w-8 items-center justify-center overflow-hidden rounded-full\">\n<div class=\"relative p-1 rounded-sm flex items-center justify-center bg-token-main-surface-primary text-token-text-primary h-8 w-8\">\n<p>Su <strong>JNR PhoneVape 30000 i\u0161manusis vienkartinis garintuvas<\/strong>, revoliucinis prietaisas, apjungiantis pa\u017eangiausias technologijas su i\u0161skirtiniu na\u0161umu. \u0160is i\u0161manusis vienkartinis garintuvas, sukurtas \u0161iuolaikiniams garintojams, si\u016blo did\u017eiul\u012f <strong>30 000 \u012fkv\u0117pim\u0173<\/strong> in <strong>\u012eprastas re\u017eimas<\/strong> ir <strong>18 000 \u012ftraukim\u0173<\/strong> in <strong>Pulso re\u017eimas<\/strong>, tod\u0117l puikiai tinka ilgalaikiam naudojimui. Jo <strong>pilnas ekrano ekranas<\/strong> pateikia realaus laiko duomenis, \u012fskaitant baterijos veikimo laik\u0105, e-sul\u010di\u0173 lyg\u012f, laik\u0105 ir net kalendoriaus funkcijas, nuolat informuodamas jus. Su savo <strong>reguliuojama oro srauto sistema<\/strong>, galite pritaikyti savo \u012ftraukimo intensyvum\u0105 pagal savo pageidavimus. Puikiai tinka tiek atsitiktiniams, tiek patyrusiems vartotojams, <strong>JNR PhoneVape<\/strong> pakelia garinimo patogum\u0105 \u012f kit\u0105 lyg\u012f.<\/p>\n<p>Kuo i\u0161siskiria <strong>JNR PhoneVape 30K<\/strong> atskiria tai, kad jo <strong>i\u0161maniosios funkcijos<\/strong>. \u0160is prietaisas palaiko <strong>skambu\u010di\u0173 ir tekstini\u0173 prane\u0161im\u0173 prane\u0161imai<\/strong>, a <strong>nuotolinis kameros valdymas<\/strong> funkcija ir unikalus <strong>Raskite savo garintuv\u0105<\/strong> funkcija per savo <strong>WearinOS programos integracija<\/strong>. Jo <strong>u\u017erakinimo re\u017eimas<\/strong> u\u017etikrina saugum\u0105, kai nenaudojamas, o <strong>C tipo \u012fkraunama baterija<\/strong> visi\u0161kai \u012fkraunama vos per <strong>1,5\u20132 valandas<\/strong>, u\u017etikrinanti nuolatin\u0119 gali\u0105 ilgoms garinimo sesijoms. Galima \u012fvairi\u0173 skoni\u0173, \u012fskaitant <strong>M\u0117lyni\u0173 avie\u010di\u0173 ledas<\/strong> ir <strong>Bra\u0161ki\u0173 ledas<\/strong>, \u0161is \u012fkraunamas vienkartinis garintuvas garantuoja ir pasitenkinim\u0105, ir stili\u0173. Didmeniniai pirk\u0117jai gali pasinaudoti konkurencingomis kainomis, tod\u0117l <strong>JNR PhoneVape 30000<\/strong> yra neprilygstamas pasirinkimas perkant dideliais kiekiais.<\/p>\n<\/div>\n<\/div>\n<\/div>\n<\/div>\n<\/div>\n<\/div>\n<p><strong>Susisiekite su Amy ir gaukite tinkam\u0105 atsakym\u0105 bei vape kupon\u0105!<\/strong><\/p>\n<p><img loading=\"lazy\" decoding=\"async\" class=\"size-full wp-image-1978\" src=\"https:\/\/rmvapesale.com\/wp-content\/uploads\/2024\/09\/Disposable-Vape-Wholesale.jpg\" alt=\"Vienkartinis garintuvas didmenin\u0117 prekyba\" width=\"229\" height=\"300\" \/><\/p>\n<h3><a href=\"https:\/\/wa.me\/8617776015835\" target=\"_blank\" rel=\"noopener\"><span style=\"color: #ff0000\"><strong>WhatsApp: +86 17776015835<\/strong><\/span><\/a><\/h3>\n<p>&nbsp;<\/p>\n<h2><\/h2>\n<h2><strong>JNR PhoneVape 30000 \u012fkv\u0117pim\u0173 pagrindin\u0117s savyb\u0117s<\/strong><\/h2>\n<ul>\n<li><strong>Didelis \u012fkv\u0117pim\u0173 skai\u010dius<\/strong>: Iki 30 000 \u012fkv\u0117pim\u0173 \u012fprastu re\u017eimu, 18 000 pulso re\u017eimu.<\/li>\n<li><strong>I\u0161manusis ekranas<\/strong>: Realaus laiko duomenys apie laik\u0105, baterijos ir e-sul\u010di\u0173 lygius.<\/li>\n<li><strong>I\u0161pl\u0117stin\u0117s funkcijos<\/strong>: Skambinti<\/li>\n<li><strong>\u012ekraunama baterija<\/strong>: C tipo greitas \u012fkrovimas per 1,5\u20132 valandas.<\/li>\n<li><strong>Pritaikomas oro srautas<\/strong>: Reguliuojamas oro srautas individualiai garinimo patir\u010diai.<\/li>\n<\/ul>\n<h2><strong>Geriausias skonis JNR Phone Vape 30000<\/strong><\/h2>\n<p>1. M\u0117lyni\u0173 avie\u010di\u0173 ledas <span style=\"color: #ff0000\"><strong>&gt;&gt;&gt;&gt; Kar\u0161ta!<\/strong><\/span><br \/>\n2. Bra\u0161ki\u0173 ledas<br \/>\n3. Arb\u016bz\u0173 ledas<br \/>\n4. Majamio m\u0117ta <span style=\"color: #ff0000\"><strong>&gt;&gt;&gt;&gt; Kar\u0161ta!<\/strong><\/span><br \/>\n5. Banan\u0173 ledas<br \/>\n6. Vy\u0161ni\u0173, bra\u0161ki\u0173 ir avie\u010di\u0173 <span style=\"color: #ff0000\"><strong>&gt;&gt;&gt;&gt; Geriausias!<\/strong><\/span><br \/>\n7. R\u016bg\u0161\u010di\u0173 obuoli\u0173 ledas<br \/>\n8. M\u0117lyni\u0173 arb\u016bzas<br \/>\n9. Persik\u0173 mang\u0173 arb\u016bzas<br \/>\n10. Fcuking Fab<\/p>\n<p>&nbsp;<\/p>\n<h3><strong>Kod\u0117l verta rinktis Rmvapesale JNR PhoneVape 30K \u012ftraukimams <\/strong><strong>V<\/strong><strong>Didmenin\u0117 prekyba veipais<\/strong><strong>?<\/strong><\/h3>\n<div class=\"flex-shrink-0 flex flex-col relative items-end\">\n<div class=\"pt-0\">\n<div class=\"gizmo-bot-avatar flex h-8 w-8 items-center justify-center overflow-hidden rounded-full\">\n<div class=\"relative p-1 rounded-sm flex items-center justify-center bg-token-main-surface-primary text-token-text-primary h-8 w-8\">\n<p>Sveiki atvyk\u0119 \u012f Rmvapesale, j\u016bs\u0173 patikim\u0105 veip\u0173 parduotuv\u0119, kurioje rasite auk\u0161\u010diausios kokyb\u0117s vienkartini\u0173 veip\u0173. Tur\u0117dami daugiau nei 5 met\u0173 patirt\u012f, si\u016blome populiarius vienkartini\u0173 veip\u0173 prek\u0117s \u017eenklus, tokius kaip Al Fakher, Vapme Vape, <a href=\"https:\/\/rmvapesale.com\/lt\/product-category\/bang-vapes\/\">Bang Vape<\/a>, Waspe, WGA Vape ir<a href=\"https:\/\/rmvapesale.com\/lt\/product-category\/randm-fumot-vape\/\"> RandM Vape<\/a>.<\/p>\n<p>M\u016bs\u0173 asortimente yra kar\u0161tai parduodam\u0173 veip\u0173, toki\u0173 kaip <a href=\"https:\/\/rmvapesale.com\/lt\/product\/randm-tornado-15000-puffs-vape-wholesale\/\">RandM Tornado 15000<\/a> ir gausus skoni\u0173 pasirinkimas, pavyzd\u017eiui, Vapme 70000. Kiekvienas produktas yra parenkamas atsi\u017evelgiant \u012f kokyb\u0119, vert\u0119 ir \u012fvairov\u0119, u\u017etikrinant, kad rastum\u0117te tobulai tinkan\u010di\u0105 prek\u0119. Atraskite i\u0161skirtin\u012f aptarnavim\u0105 ir plat\u0173 auk\u0161\u010diausios kokyb\u0117s produkt\u0173 asortiment\u0105 Rmvapesale.<\/p>\n<\/div>\n<h3><\/h3>\n<div class=\"relative p-1 rounded-sm flex items-center justify-center bg-token-main-surface-primary text-token-text-primary h-8 w-8\">\n<h3><b> DUK apie JNR Phone Vape 30K<\/b><b>\u00a0\u012ekraunamas vienkartinis veipas<\/b><\/h3>\n<div class=\"group\/conversation-turn relative flex w-full min-w-0 flex-col agent-turn\">\n<div class=\"flex-col gap-1 md:gap-3\">\n<div class=\"flex max-w-full flex-col flex-grow\">\n<div class=\"min-h-8 text-message flex w-full flex-col items-end gap-2 whitespace-normal break-words [.text-message+&amp;]:mt-5\" dir=\"auto\" data-message-author-role=\"assistant\" data-message-id=\"00c9b302-bc9c-4550-94ba-5a295efa2be3\" data-message-model-slug=\"gpt-4o\">\n<div class=\"flex w-full flex-col gap-1 empty:hidden first:pt-[3px]\">\n<div class=\"markdown prose w-full break-words dark:prose-invert light\">\n<div class=\"flex-shrink-0 flex flex-col relative items-end\">\n<div>\n<div class=\"pt-0\">\n<div class=\"gizmo-bot-avatar flex h-8 w-8 items-center justify-center overflow-hidden rounded-full\">\n<div class=\"relative p-1 rounded-sm flex items-center justify-center bg-token-main-surface-primary text-token-text-primary h-8 w-8\">\n<div class=\"flex-shrink-0 flex flex-col relative items-end\">\n<div>\n<div class=\"pt-0\">\n<div class=\"gizmo-bot-avatar flex h-8 w-8 items-center justify-center overflow-hidden rounded-full\">\n<div class=\"relative p-1 rounded-sm flex items-center justify-center bg-token-main-surface-primary text-token-text-primary h-8 w-8\">\n<ul>\n<li><strong>Kur Pranc\u016bzijoje pirkti JNR PhoneVape 30000 \u012ftraukim\u0173 didmenin\u0117mis kainomis<\/strong><br \/>\nGalite \u012fsigyti <strong>JNR PhoneVape 30000 \u012ftraukim\u0173<\/strong> didmenin\u0117mis kainomis internetu per patikimas didmenin\u0117s prekybos platformas arba platintojus, si\u016blan\u010dius tarptautin\u012f pristatym\u0105 \u012f Pranc\u016bzij\u0105. B\u016btinai ie\u0161kokite dideli\u0173 nuolaid\u0173 arba \u012fgaliot\u0173 pardav\u0117j\u0173, kad gautum\u0117te konkurencingas kainas.<\/li>\n<li><strong>Kiek \u012ftraukim\u0173 suteikia JNR PhoneVape 30000 Vape?<\/strong><br \/>\nSu <strong>JNR PhoneVape 30000 Vape<\/strong> suteikia iki <strong>30 000 \u012ftraukim\u0173 \u012fprastu re\u017eimu<\/strong> ir <strong>18 000 \u012ftraukim\u0173 pulso re\u017eimu<\/strong>, tod\u0117l jis puikiai tinka ilgam naudojimui.<\/li>\n<li><strong>Kiek laiko tarnauja populiar\u016bs JNR Phone Vape 30000 vienkartinio garinimo ra\u0161iklio skoniai?<\/strong><br \/>\nPopuliari\u0173 skoni\u0173, toki\u0173 kaip <strong>M\u0117lyni\u0173 avie\u010di\u0173 ledas<\/strong> or <strong>Persik\u0173 ledas<\/strong> gyvavimo trukm\u0117 priklauso nuo naudojimo \u012fpro\u010di\u0173. Paprastai, su iki <strong>30 000 \u012fkv\u0117pim\u0173<\/strong>, jis gali trukti savaites ar net m\u0117nesius vidutiniams vartotojams.<\/li>\n<li><strong>Kokie yra populiar\u016bs JNR PhoneVape 30k \u012ftraukim\u0173 vienkartinio garinimo ra\u0161iklio skoniai?<\/strong><br \/>\nPopuliar\u016bs skoniai <strong>JNR PhoneVape 30k \u012ekv\u0117pim\u0173<\/strong> \u012ftraukti <strong>M\u0117lyni\u0173 avie\u010di\u0173 ledas<\/strong>, <strong>Persik\u0173 ledas<\/strong>, ir kiti vaisiniai, lediniai mi\u0161iniai, kurie suteikia gaiv\u0173 ir pastov\u0173 skon\u012f.<\/li>\n<li><strong>Kiek laiko u\u017etrunka \u012fkrauti JNR PhoneVape 30k \u012ekv\u0117pim\u0173 \u012ekraunam\u0105 Garintuv\u0105?<\/strong><br \/>\nSu <strong>JNR PhoneVape 30k \u012ekv\u0117pim\u0173 \u012ekraunamas Garintuvas<\/strong> u\u017etrunka ma\u017edaug <strong>1,5\u20132 valandas<\/strong> visi\u0161kai \u012fkrauti per savo <strong>C tipo \u012fkrovimo prievadas<\/strong>.<\/li>\n<li><strong>Kiek nikotino yra JNR Phone Vape 30000 Vienkartiniame Garintuve?<\/strong><br \/>\nSu <strong>JNR Phone Vape 30000 Vienkartinis Garintuvas<\/strong> yra <strong>2% (20mg\/ml) nikotino stiprumo<\/strong>, si\u016blantis \u0161velnesn\u0119 ir lengvesn\u0119 garinimo patirt\u012f, idealiai tinkan\u010di\u0105 vartotojams, kuriems reikia ma\u017eai nikotino.<\/li>\n<\/ul>\n<\/div>\n<\/div>\n<\/div>\n<\/div>\n<\/div>\n<\/div>\n<\/div>\n<\/div>\n<\/div>\n<\/div>\n<div class=\"group\/conversation-turn relative flex w-full min-w-0 flex-col agent-turn\">\n<div class=\"flex-col gap-1 md:gap-3\">\n<div class=\"flex max-w-full flex-col flex-grow\">\n<div class=\"min-h-8 text-message flex w-full flex-col items-end gap-2 whitespace-normal break-words [.text-message+&amp;]:mt-5\" dir=\"auto\" data-message-author-role=\"assistant\" data-message-id=\"a3dc01bd-23b0-4fd7-bb9a-7827522cefd8\" data-message-model-slug=\"gpt-4o\">\n<div class=\"flex w-full flex-col gap-1 empty:hidden first:pt-[3px]\"><\/div>\n<\/div>\n<\/div>\n<\/div>\n<\/div>\n<\/div>\n<\/div>\n<\/div>\n<\/div>\n<\/div>\n<\/div>\n<\/div>\n<\/div>\n<\/div>\n<\/div>\n<h3>Apie siuntim\u0105<\/h3>\n<div class=\"flex-shrink-0 flex flex-col relative items-end\">\n<div>\n<div class=\"pt-0\">\n<div class=\"gizmo-bot-avatar flex h-8 w-8 items-center justify-center overflow-hidden rounded-full\">\n<div><\/div>\n<div class=\"relative p-1 rounded-sm flex items-center justify-center bg-token-main-surface-primary text-token-text-primary h-8 w-8\"><strong>1. Kokie siuntimo b\u016bdai naudojami?<\/strong><\/div>\n<\/div>\n<\/div>\n<\/div>\n<\/div>\n<div class=\"group\/conversation-turn relative flex w-full min-w-0 flex-col agent-turn\">\n<div class=\"flex-col gap-1 md:gap-3\">\n<div class=\"flex max-w-full flex-col flex-grow\">\n<div class=\"min-h-[20px] text-message flex w-full flex-col items-end gap-2 whitespace-normal break-words [.text-message+&amp;]:mt-5 overflow-x-auto\" dir=\"auto\" data-message-author-role=\"assistant\" data-message-id=\"22f8283b-3233-46ff-89a5-c7a41b33abda\">\n<div class=\"flex w-full flex-col gap-1 empty:hidden first:pt-[3px]\">\n<div class=\"markdown prose w-full break-words dark:prose-invert light\">\n<p>Mes bendradarbiaujame su UPS, DHL, FedEx, DPD ir kitais pirmaujan\u010diais ve\u017e\u0117jais. Mes parinksime geriausi\u0105 siuntimo b\u016bd\u0105, atsi\u017evelgdami \u012f j\u016bs\u0173 pristatymo viet\u0105, kad u\u017etikrintume, jog gaminiai jus pasieks kuo grei\u010diau.<\/p>\n<\/div>\n<p><strong>2. Per kiek laiko prek\u0117s atkeliauja?<\/strong><\/p>\n<p>\u012e Lietuv\u0105 siun\u010diami siuntiniai paprastai atvyksta per 10 darbo dien\u0173. Siuntimas \u012f Europos \u0161alis paprastai trunka apie 12\u201315 darbo dien\u0173. Mes teikiame realiuoju laiku atnaujinam\u0105 informacij\u0105 apie j\u016bs\u0173 siuntos b\u016bsen\u0105.<\/p>\n<\/div>\n<\/div>\n<\/div>\n<\/div>\n<\/div>\n<p>&nbsp;<\/p>\n<p>Raskite daugiau garintuv\u0173, kurie jums gali patikti:<strong><em><a href=\"https:\/\/rmvapesale.com\/lt\/shop-2\/\">pirkti dabar &gt;&gt;&gt;<\/a><\/em><\/strong><\/p>","protected":false},"excerpt":{"rendered":"<p>Su <strong>JNR PhoneVape 30000 i\u0161manusis vienkartinis garintuvas <\/strong>sukurtas \u0161iuolaikiniams garintojams, si\u016blo did\u017eiul\u012f <strong>30 000 \u012fkv\u0117pim\u0173<\/strong> in <strong>\u012eprastas re\u017eimas<\/strong> ir <strong>18 000 \u012ftraukim\u0173<\/strong> in <strong>Pulso re\u017eimas<\/strong>, tod\u0117l puikiai tinka ilgalaikiam naudojimui.<\/p>\n<p><img loading=\"lazy\" decoding=\"async\" class=\"size-full wp-image-2375\" src=\"https:\/\/rmvapesale.com\/wp-content\/uploads\/2024\/10\/image.png\" alt=\"Geriausias Vienkartinis Vape\" width=\"229\" height=\"300\" \/><\/p>\n<h3><a href=\"https:\/\/wa.me\/8617776015835\"><span style=\"color: #ff0000\"><strong>WhatsApp: +86 17776015835<\/strong><\/span><\/a><\/h3>\n<p>&nbsp;<\/p>","protected":false},"featured_media":2778,"comment_status":"open","ping_status":"closed","template":"","meta":{"_uag_custom_page_level_css":"","_lmt_disableupdate":"no","_lmt_disable":"","site-sidebar-layout":"default","site-content-layout":"content-boxed-container","ast-site-content-layout":"normal-width-container","site-content-style":"boxed","site-sidebar-style":"unboxed","ast-global-header-display":"","ast-banner-title-visibility":"","ast-main-header-display":"","ast-hfb-above-header-display":"","ast-hfb-below-header-display":"","ast-hfb-mobile-header-display":"","site-post-title":"","ast-breadcrumbs-content":"","ast-featured-img":"","footer-sml-layout":"","ast-disable-related-posts":"","theme-transparent-header-meta":"default","adv-header-id-meta":"","stick-header-meta":"","header-above-stick-meta":"","header-main-stick-meta":"","header-below-stick-meta":"","astra-migrate-meta-layouts":"set","ast-page-background-enabled":"default","ast-page-background-meta":{"desktop":{"background-color":"var(--ast-global-color-4)","background-image":"","background-repeat":"repeat","background-position":"center center","background-size":"auto","background-attachment":"scroll","background-type":"","background-media":"","overlay-type":"","overlay-color":"","overlay-opacity":"","overlay-gradient":""},"tablet":{"background-color":"","background-image":"","background-repeat":"repeat","background-position":"center center","background-size":"auto","background-attachment":"scroll","background-type":"","background-media":"","overlay-type":"","overlay-color":"","overlay-opacity":"","overlay-gradient":""},"mobile":{"background-color":"","background-image":"","background-repeat":"repeat","background-position":"center center","background-size":"auto","background-attachment":"scroll","background-type":"","background-media":"","overlay-type":"","overlay-color":"","overlay-opacity":"","overlay-gradient":""}},"ast-content-background-meta":{"desktop":{"background-color":"var(--ast-global-color-5)","background-image":"","background-repeat":"repeat","background-position":"center center","background-size":"auto","background-attachment":"scroll","background-type":"","background-media":"","overlay-type":"","overlay-color":"","overlay-opacity":"","overlay-gradient":""},"tablet":{"background-color":"var(--ast-global-color-5)","background-image":"","background-repeat":"repeat","background-position":"center center","background-size":"auto","background-attachment":"scroll","background-type":"","background-media":"","overlay-type":"","overlay-color":"","overlay-opacity":"","overlay-gradient":""},"mobile":{"background-color":"var(--ast-global-color-5)","background-image":"","background-repeat":"repeat","background-position":"center center","background-size":"auto","background-attachment":"scroll","background-type":"","background-media":"","overlay-type":"","overlay-color":"","overlay-opacity":"","overlay-gradient":""}},"_joinchat":[]},"product_brand":[],"product_cat":[15,27,25,123,30,26,28,137,136,135],"product_tag":[223,230,231,205,229,228],"class_list":{"0":"post-2782","1":"product","2":"type-product","3":"status-publish","4":"has-post-thumbnail","6":"product_cat-new-vape-this-week","7":"product_cat-fance-hot-sale-vape","8":"product_cat-germany-best-selling-vape","9":"product_cat-italy-wholesale-vape","10":"product_cat-minimum-order-quantity-50pcs","11":"product_cat-netherlands-hot-sale-vape","12":"product_cat-poland-hot-sale-vape","13":"product_cat-rechargeable-vapes","14":"product_cat-smart-screen-vapes","15":"product_cat-spain-best-hot-sale-vape","16":"product_tag-jnr","17":"product_tag-jnr-phonevape-30000","18":"product_tag-jnr-phonevape-30k","19":"product_tag-jnr-vape","20":"product_tag-smart-disposable-vapes","21":"product_tag-touch-screen-vape","22":"desktop-align-left","23":"tablet-align-left","24":"mobile-align-left","26":"first","27":"instock","28":"sale","29":"shipping-taxable","30":"purchasable","31":"product-type-simple"},"uagb_featured_image_src":{"full":["https:\/\/rmvapesale.com\/wp-content\/uploads\/2024\/11\/JNR-Phone-Vape-30000-Disposable-Vape-Wholeale.png",1126,1126,false],"thumbnail":["https:\/\/rmvapesale.com\/wp-content\/uploads\/2024\/11\/JNR-Phone-Vape-30000-Disposable-Vape-Wholeale-150x150.png",150,150,true],"medium":["https:\/\/rmvapesale.com\/wp-content\/uploads\/2024\/11\/JNR-Phone-Vape-30000-Disposable-Vape-Wholeale-300x300.png",300,300,true],"medium_large":["https:\/\/rmvapesale.com\/wp-content\/uploads\/2024\/11\/JNR-Phone-Vape-30000-Disposable-Vape-Wholeale-768x768.png",768,768,true],"large":["https:\/\/rmvapesale.com\/wp-content\/uploads\/2024\/11\/JNR-Phone-Vape-30000-Disposable-Vape-Wholeale-1024x1024.png",1024,1024,true],"1536x1536":["https:\/\/rmvapesale.com\/wp-content\/uploads\/2024\/11\/JNR-Phone-Vape-30000-Disposable-Vape-Wholeale.png",1126,1126,false],"2048x2048":["https:\/\/rmvapesale.com\/wp-content\/uploads\/2024\/11\/JNR-Phone-Vape-30000-Disposable-Vape-Wholeale.png",1126,1126,false],"trp-custom-language-flag":["https:\/\/rmvapesale.com\/wp-content\/uploads\/2024\/11\/JNR-Phone-Vape-30000-Disposable-Vape-Wholeale.png",12,12,false],"woocommerce_thumbnail":["https:\/\/rmvapesale.com\/wp-content\/uploads\/2024\/11\/JNR-Phone-Vape-30000-Disposable-Vape-Wholeale-300x300.png",300,300,true],"woocommerce_single":["https:\/\/rmvapesale.com\/wp-content\/uploads\/2024\/11\/JNR-Phone-Vape-30000-Disposable-Vape-Wholeale-600x600.png",600,600,true],"woocommerce_gallery_thumbnail":["https:\/\/rmvapesale.com\/wp-content\/uploads\/2024\/11\/JNR-Phone-Vape-30000-Disposable-Vape-Wholeale-100x100.png",100,100,true],"wcpr-photo-reviews":["https:\/\/rmvapesale.com\/wp-content\/uploads\/2024\/11\/JNR-Phone-Vape-30000-Disposable-Vape-Wholeale.png",500,500,false]},"uagb_author_info":{"display_name":"AMY","author_link":"https:\/\/rmvapesale.com\/lt\/author\/"},"uagb_comment_info":0,"uagb_excerpt":"The JNR PhoneVape 30000 Smart Disposable Vape designed for modern vapers, offers a massive 30,000 puffs in Regular Mode and 18,000 puffs in Pulse Mode, making it perfect for long-lasting use. WhatsApp: +86 17776015835 &nbsp;","_links":{"self":[{"href":"https:\/\/rmvapesale.com\/lt\/wp-json\/wp\/v2\/product\/2782","targetHints":{"allow":["GET"]}}],"collection":[{"href":"https:\/\/rmvapesale.com\/lt\/wp-json\/wp\/v2\/product"}],"about":[{"href":"https:\/\/rmvapesale.com\/lt\/wp-json\/wp\/v2\/types\/product"}],"replies":[{"embeddable":true,"href":"https:\/\/rmvapesale.com\/lt\/wp-json\/wp\/v2\/comments?post=2782"}],"wp:featuredmedia":[{"embeddable":true,"href":"https:\/\/rmvapesale.com\/lt\/wp-json\/wp\/v2\/media\/2778"}],"wp:attachment":[{"href":"https:\/\/rmvapesale.com\/lt\/wp-json\/wp\/v2\/media?parent=2782"}],"wp:term":[{"taxonomy":"product_brand","embeddable":true,"href":"https:\/\/rmvapesale.com\/lt\/wp-json\/wp\/v2\/product_brand?post=2782"},{"taxonomy":"product_cat","embeddable":true,"href":"https:\/\/rmvapesale.com\/lt\/wp-json\/wp\/v2\/product_cat?post=2782"},{"taxonomy":"product_tag","embeddable":true,"href":"https:\/\/rmvapesale.com\/lt\/wp-json\/wp\/v2\/product_tag?post=2782"}],"curies":[{"name":"wp","href":"https:\/\/api.w.org\/{rel}","templated":true}]}}