{"id":2799,"date":"2024-11-28T03:16:57","date_gmt":"2024-11-28T03:16:57","guid":{"rendered":"https:\/\/rmvapesale.com\/?post_type=product&#038;p=2799"},"modified":"2024-11-28T03:38:01","modified_gmt":"2024-11-28T03:38:01","slug":"wga-30000-puffs-double-flavors-refillable-disposable-vape-bulk-price","status":"publish","type":"product","link":"https:\/\/rmvapesale.com\/lt\/product\/wga-30000-puffs-double-flavors-refillable-disposable-vape-bulk-price\/","title":{"rendered":"WGA 30000 \u012fp\u016btim\u0173, dvigubi skoniai, pakartotinai u\u017epildomas, vienkartinis garintuvas, didmenin\u0117 kaina"},"content":{"rendered":"<div class=\"B2VR9 CJHX3e\">\n<div class=\"wyccme\">\n<h1 class=\"LC20lb MBeuO DKV0Md\">WGA 30000 P\u016btim\u0173 Dvigubo Skonio Daugkartinis Vienkartinis Garintuvas Didmenin\u0117 Kaina<\/h1>\n<div class=\"flex-shrink-0 flex flex-col relative items-end\">\n<div class=\"pt-0\">\n<div class=\"gizmo-bot-avatar flex h-8 w-8 items-center justify-center overflow-hidden rounded-full\">\n<div class=\"relative p-1 rounded-sm flex items-center justify-center bg-token-main-surface-primary text-token-text-primary h-8 w-8\">\n<p>Su <strong>WGA 30000 P\u016btim\u0173 Dvigubo Skonio Daugkartinis Vienkartinis Garintuvas<\/strong>, tai revoliucinis prietaisas, skirtas garintojams, ie\u0161kantiems neprilygstamo universalumo ir na\u0161umo. Tur\u0117damas talp\u0105 <strong>30 000 \u012fkv\u0117pim\u0173<\/strong>, \u0161is garintuvas si\u016blo ne\u012ftik\u0117tinai ilgalaik\u0119 patirt\u012f, puikiai tinkan\u010di\u0105 ilgam naudojimui ar dideliems pirkimams. Jo <strong>dvigubo skonio sistema<\/strong> leid\u017eia naudotojams lengvai perjungti du skonius, suteikiant dinami\u0161k\u0105 garinimo patirt\u012f, kuri niekada netampa monotoni\u0161ka. Kiekviename prietaise yra <strong>2 ml i\u0161 anksto u\u017epildyto e-skys\u010dio<\/strong> talpa, kartu su papildomu <strong>20 ml daugkartinio u\u017epildymo skyriumi<\/strong>, u\u017etikrinan\u010diu lankstum\u0105 ir geresn\u012f skonio valdym\u0105. Maitinamas <strong>650 mAh C tipo \u012fkraunama baterija<\/strong> ir apr\u016bpintas <strong>tinklin\u0117 kaitinimo spiral\u0117<\/strong>, \u0161is prietaisas u\u017etikrina nuosekl\u0173, skland\u0173 gar\u0105 su optimaliu skoniu.<\/p>\n<p>Su <strong>WGA 30k garintuvas<\/strong> yra sukurtas patogumui ir funkcionalumui, turintis <strong>LED skaitmeninis ekranas<\/strong> , kuris informuoja apie baterijos ir e-skys\u010dio lygius. Su <strong>2% nikotino stiprumu<\/strong>, jis skirtas tiems, kurie ie\u0161ko ma\u017eai nikotino turin\u010dio, malonaus garinimo varianto. Pasirinkite i\u0161 <strong>15+ auk\u0161\u010diausios kokyb\u0117s skoni\u0173<\/strong>, kuri\u0173 kiekvienas sukurtas taip, kad suteikt\u0173 i\u0161skirtin\u0119 skonio patirt\u012f. Puikiai tinka didmeniniams pirk\u0117jams ar individualiems naudotojams, \u0161is wga 30k <strong>i\u0161manusis vienkartinis garintuvas<\/strong> sujungia stili\u0173, inovacijas ir na\u0161um\u0105, kad garinimas b\u016bt\u0173 dar auk\u0161tesnio lygio.<\/p>\n<\/div>\n<\/div>\n<\/div>\n<\/div>\n<\/div>\n<\/div>\n<p><strong>Susisiekite su Amy ir gaukite tinkam\u0105 atsakym\u0105 bei vape kupon\u0105!<\/strong><\/p>\n<p><img loading=\"lazy\" decoding=\"async\" class=\"size-full wp-image-1978\" src=\"https:\/\/rmvapesale.com\/wp-content\/uploads\/2024\/09\/Disposable-Vape-Wholesale.jpg\" alt=\"Vienkartinis garintuvas didmenin\u0117 prekyba\" width=\"229\" height=\"300\" \/><\/p>\n<h3><a href=\"https:\/\/wa.me\/8617776015835\" target=\"_blank\" rel=\"noopener\"><span style=\"color: #ff0000\"><strong>WhatsApp: +86 17776015835<\/strong><\/span><\/a><\/h3>\n<p>&nbsp;<\/p>\n<h2><\/h2>\n<h2><strong>WGA 30000 P\u016btim\u0173 Pagrindin\u0117s Savyb\u0117s<\/strong><\/h2>\n<ul>\n<li>Iki <strong>30 000 \u012fkv\u0117pim\u0173<\/strong> prailgintam naudojimui<\/li>\n<li><strong>Dviej\u0173 skoni\u0173 sistema<\/strong> dinami\u0161kai ir pritaikomai patir\u010diai<\/li>\n<li><strong>650 mAh C tipo \u012fkraunama baterija<\/strong> u\u017etikrina greit\u0105 \u012fkrovim\u0105<\/li>\n<li><strong>LED ekrano<\/strong> rodo baterijos ir e-skys\u010dio lygius<\/li>\n<li>Apima <strong>2ml+20ml papildomos e-skys\u010dio talpos<\/strong> d\u0117l papildomo lankstumo<\/li>\n<\/ul>\n<h2><strong>Populiariausi WGA 30K skoniai<\/strong><\/h2>\n<p>1.Ledynin\u0117 m\u0117ta + Triguba mentolis<br \/>\n2.Limon Laimas + Citrin\u0173 \u0161lapia ko\u0161\u0117<br \/>\n3.F1zzy Vy\u0161nia + Vy\u0161nia Aviet\u0117 <span style=\"color: #ff0000\"><strong>&gt;&gt;&gt;&gt; Kar\u0161ta!<\/strong><\/span><br \/>\n4.Arb\u016bz\u0173 ledas + Dvigubas obuolys<br \/>\n5.Ananas\u0173 ledas + sultingas mangas<br \/>\n6.Guminis me\u0161kiukas + saldainiai \"Skittles\"<br \/>\n7.M\u0117lynojo avie\u010di\u0173 skonio vy\u0161nia + saldainiai \"Skittles\"<br \/>\n8.Misteris M\u0117lynasis + m\u0117lyna r\u016bg\u0161\u010dioji aviet\u0117 <span style=\"color: #ff0000\"><strong>&gt;&gt;&gt;&gt; Kar\u0161ta!<\/strong><\/span><br \/>\n9.Sakuros vynuog\u0117s + vynuogi\u0173 guminis me\u0161kiukas<br \/>\n10.M\u0117lyn\u0117, aviet\u0117, vy\u0161nia + m\u0117lyn\u0117, bra\u0161k\u0117, spanguol\u0117<br \/>\n11.Sultingas persikas + mangas, persikas, arb\u016bzas<br \/>\n12.Bra\u0161ki\u0173, avie\u010di\u0173 ledas + bra\u0161ki\u0173 skonio saldainiai \"Skittles\" <span style=\"color: #ff0000\"><strong>&gt;&gt;&gt;&gt; Geriausias!<\/strong><\/span><br \/>\n13.M\u0117lyni\u0173 ledas + bra\u0161ki\u0173 ledas<br \/>\n14.Persikas, gvajava, bra\u0161k\u0117 + sultingas persikas<br \/>\n15.M\u0117lynasis ledo kokteilis + Ro\u017einis ledo kokteilis<\/p>\n<p>&nbsp;<\/p>\n<h3><strong>Kod\u0117l verta rinktis Rmvapesale WGA 30000 Puffs <\/strong><strong>V<\/strong><strong>Didmenin\u0117 prekyba veipais<\/strong><strong>?<\/strong><\/h3>\n<div class=\"flex-shrink-0 flex flex-col relative items-end\">\n<div class=\"pt-0\">\n<div class=\"gizmo-bot-avatar flex h-8 w-8 items-center justify-center overflow-hidden rounded-full\">\n<div class=\"relative p-1 rounded-sm flex items-center justify-center bg-token-main-surface-primary text-token-text-primary h-8 w-8\">\n<p>Sveiki atvyk\u0119 \u012f Rmvapesale, j\u016bs\u0173 patikim\u0105 veip\u0173 parduotuv\u0119, kurioje rasite auk\u0161\u010diausios kokyb\u0117s vienkartini\u0173 veip\u0173. Tur\u0117dami daugiau nei 5 met\u0173 patirt\u012f, si\u016blome populiarius vienkartini\u0173 veip\u0173 prek\u0117s \u017eenklus, tokius kaip Al Fakher, Vapme Vape, <a href=\"https:\/\/rmvapesale.com\/lt\/product-category\/bang-vapes\/\">Bang Vape<\/a>, Waspe, WGA Vape ir<a href=\"https:\/\/rmvapesale.com\/lt\/product-category\/randm-fumot-vape\/\"> RandM Vape<\/a>.<\/p>\n<p>M\u016bs\u0173 asortimente yra kar\u0161tai parduodam\u0173 veip\u0173, toki\u0173 kaip <a href=\"https:\/\/rmvapesale.com\/lt\/product\/randm-tornado-15000-puffs-vape-wholesale\/\">RandM Tornado 15000<\/a> ir gausus skoni\u0173 pasirinkimas, pavyzd\u017eiui, Vapme 70000. Kiekvienas produktas yra parenkamas atsi\u017evelgiant \u012f kokyb\u0119, vert\u0119 ir \u012fvairov\u0119, u\u017etikrinant, kad rastum\u0117te tobulai tinkan\u010di\u0105 prek\u0119. Atraskite i\u0161skirtin\u012f aptarnavim\u0105 ir plat\u0173 auk\u0161\u010diausios kokyb\u0117s produkt\u0173 asortiment\u0105 Rmvapesale.<\/p>\n<\/div>\n<h3><\/h3>\n<div class=\"relative p-1 rounded-sm flex items-center justify-center bg-token-main-surface-primary text-token-text-primary h-8 w-8\">\n<h3><b> DUK apie <\/b><b>WGA 30K \u012ekraunamas vienkartinis garintuvas<\/b><\/h3>\n<div class=\"group\/conversation-turn relative flex w-full min-w-0 flex-col agent-turn\">\n<div class=\"flex-col gap-1 md:gap-3\">\n<div class=\"flex max-w-full flex-col flex-grow\">\n<div class=\"min-h-8 text-message flex w-full flex-col items-end gap-2 whitespace-normal break-words [.text-message+&amp;]:mt-5\" dir=\"auto\" data-message-author-role=\"assistant\" data-message-id=\"00c9b302-bc9c-4550-94ba-5a295efa2be3\" data-message-model-slug=\"gpt-4o\">\n<div class=\"flex w-full flex-col gap-1 empty:hidden first:pt-[3px]\">\n<div class=\"markdown prose w-full break-words dark:prose-invert light\">\n<div class=\"flex-shrink-0 flex flex-col relative items-end\">\n<div>\n<div class=\"pt-0\">\n<div class=\"gizmo-bot-avatar flex h-8 w-8 items-center justify-center overflow-hidden rounded-full\">\n<div class=\"relative p-1 rounded-sm flex items-center justify-center bg-token-main-surface-primary text-token-text-primary h-8 w-8\">\n<div class=\"flex-shrink-0 flex flex-col relative items-end\">\n<div>\n<div class=\"pt-0\">\n<div class=\"gizmo-bot-avatar flex h-8 w-8 items-center justify-center overflow-hidden rounded-full\">\n<div class=\"relative p-1 rounded-sm flex items-center justify-center bg-token-main-surface-primary text-token-text-primary h-8 w-8\">\n<ul>\n<li><strong>Kur \u012fsigyti WGA 30k garintuv\u0173 didmenine kaina Lietuvoje<\/strong><br \/>\nGalite \u012fsigyti <strong>WGA 30k garintuvas<\/strong> didmenin\u0117mis kainomis per patikimus internetinius ma\u017emenininkus ir garintuv\u0173 platintojus, kurie siun\u010dia \u012f Lietuv\u0105. Pasirinkite patikimus tiek\u0117jus, kurie specializuojasi <strong>elektronini\u0173 cigare\u010di\u0173 didmeninei prekybai<\/strong> autenti\u0161kiems produktams.<\/li>\n<li><strong>Kiek \u012fkv\u0117pim\u0173 suteikia WGA 30k puff garintuvas?<\/strong><br \/>\nSu <strong>WGA 30k garintuvas<\/strong> suteikia \u012fsp\u016bding\u0105 <strong>30 000 \u012fkv\u0117pim\u0173<\/strong>, tod\u0117l puikiai tinka ilgesniam naudojimui ir dideliems pirk\u0117jams.<\/li>\n<li><strong>Kiek laiko tarnauja populiarus WGA 30000 vienkartinis garintuvas?<\/strong><br \/>\n\u201e <strong>WGA 30000 garintuvo<\/strong> \u201c tarnavimo laikas priklauso nuo individuali\u0173 naudojimo \u012fpro\u010di\u0173. Vidutini\u0161kai, reguliariai naudojantiems asmenims jis gali tarnauti nuo <strong>2 iki 4 savai\u010di\u0173<\/strong>.<\/li>\n<li><strong>Kokie yra populiar\u016bs WGA 30k Puff vienkartin\u0117s garintuvo d\u0117\u017eut\u0117s skoniai?<\/strong><br \/>\nPopuliar\u016bs skoniai <strong>WGA 30k garintuvas<\/strong> \u012ftraukti <strong>M\u0117lyni\u0173 avie\u010di\u0173 ledas<\/strong>, <strong>Bra\u0161kinis bananas<\/strong>, <strong>\u0160altas m\u0117tos<\/strong>, ir kiti \u201e <strong>15+ auk\u0161\u010diausios kokyb\u0117s skoni\u0173<\/strong> \u201c pasirinkimai yra prieinami.<\/li>\n<li><strong>Kiek laiko u\u017etrunka \u012fkrauti WGA LEGEND ULTRA 30K Puffs \u012fkraunam\u0105j\u012f garintuv\u0105?<\/strong><br \/>\nSu <strong>WGA LEGEND ULTRA 30k<\/strong> vape turi <strong>650 mAh C tipo \u012fkraunama baterija<\/strong>, kuriam visi\u0161kai \u012fkrauti paprastai reikia <strong>45 minu\u010di\u0173 iki 1 valandos<\/strong> kad b\u016bt\u0173 visi\u0161kai \u012fkrautas.<\/li>\n<li><strong>Kiek nikotino yra vienkartin\u0117je WGA LEGEND ULTRA 30000 Vape?<\/strong><br \/>\nSu <strong>WGA LEGEND ULTRA 30000 vape<\/strong> yra <strong>2% nikotino stiprumu<\/strong>, suteikiant maloni\u0105, bet ma\u017eai nikotino turin\u010di\u0105 patirt\u012f.<\/li>\n<\/ul>\n<\/div>\n<\/div>\n<\/div>\n<\/div>\n<\/div>\n<\/div>\n<\/div>\n<\/div>\n<\/div>\n<\/div>\n<div class=\"group\/conversation-turn relative flex w-full min-w-0 flex-col agent-turn\">\n<div class=\"flex-col gap-1 md:gap-3\">\n<div class=\"flex max-w-full flex-col flex-grow\">\n<div class=\"min-h-8 text-message flex w-full flex-col items-end gap-2 whitespace-normal break-words [.text-message+&amp;]:mt-5\" dir=\"auto\" data-message-author-role=\"assistant\" data-message-id=\"a3dc01bd-23b0-4fd7-bb9a-7827522cefd8\" data-message-model-slug=\"gpt-4o\">\n<div class=\"flex w-full flex-col gap-1 empty:hidden first:pt-[3px]\"><\/div>\n<\/div>\n<\/div>\n<\/div>\n<\/div>\n<\/div>\n<\/div>\n<\/div>\n<\/div>\n<\/div>\n<\/div>\n<\/div>\n<\/div>\n<\/div>\n<\/div>\n<h3>Apie siuntim\u0105<\/h3>\n<div class=\"flex-shrink-0 flex flex-col relative items-end\">\n<div>\n<div class=\"pt-0\">\n<div class=\"gizmo-bot-avatar flex h-8 w-8 items-center justify-center overflow-hidden rounded-full\">\n<div><\/div>\n<div class=\"relative p-1 rounded-sm flex items-center justify-center bg-token-main-surface-primary text-token-text-primary h-8 w-8\"><strong>1. Kokie siuntimo b\u016bdai naudojami?<\/strong><\/div>\n<\/div>\n<\/div>\n<\/div>\n<\/div>\n<div class=\"group\/conversation-turn relative flex w-full min-w-0 flex-col agent-turn\">\n<div class=\"flex-col gap-1 md:gap-3\">\n<div class=\"flex max-w-full flex-col flex-grow\">\n<div class=\"min-h-[20px] text-message flex w-full flex-col items-end gap-2 whitespace-normal break-words [.text-message+&amp;]:mt-5 overflow-x-auto\" dir=\"auto\" data-message-author-role=\"assistant\" data-message-id=\"22f8283b-3233-46ff-89a5-c7a41b33abda\">\n<div class=\"flex w-full flex-col gap-1 empty:hidden first:pt-[3px]\">\n<div class=\"markdown prose w-full break-words dark:prose-invert light\">\n<p>Mes bendradarbiaujame su UPS, DHL, FedEx, DPD ir kitais pirmaujan\u010diais ve\u017e\u0117jais. Mes parinksime geriausi\u0105 siuntimo b\u016bd\u0105, atsi\u017evelgdami \u012f j\u016bs\u0173 pristatymo viet\u0105, kad u\u017etikrintume, jog gaminiai jus pasieks kuo grei\u010diau.<\/p>\n<\/div>\n<p><strong>2. Per kiek laiko prek\u0117s atkeliauja?<\/strong><\/p>\n<p>\u012e Lietuv\u0105 siun\u010diami siuntiniai paprastai atvyksta per 10 darbo dien\u0173. Siuntimas \u012f Europos \u0161alis paprastai trunka apie 12\u201315 darbo dien\u0173. Mes teikiame realiuoju laiku atnaujinam\u0105 informacij\u0105 apie j\u016bs\u0173 siuntos b\u016bsen\u0105.<\/p>\n<\/div>\n<\/div>\n<\/div>\n<\/div>\n<\/div>\n<p>&nbsp;<\/p>\n<p>Raskite daugiau garintuv\u0173, kurie jums gali patikti:<strong><em><a href=\"https:\/\/rmvapesale.com\/lt\/shop-2\/\">pirkti dabar &gt;&gt;&gt;<\/a><\/em><\/strong><\/p>","protected":false},"excerpt":{"rendered":"<p>Su <strong>WGA 30000 P\u016btim\u0173 Dvigubo Skonio Daugkartinis Vienkartinis Garintuvas<\/strong>, tai revoliucinis prietaisas, skirtas garintojams, ie\u0161kantiems neprilygstamo universalumo ir na\u0161umo. Tur\u0117damas talp\u0105 <strong>30 000 p\u016btim\u0173.<\/strong><\/p>\n<p><img loading=\"lazy\" decoding=\"async\" class=\"size-full wp-image-2375\" src=\"https:\/\/rmvapesale.com\/wp-content\/uploads\/2024\/10\/image.png\" alt=\"Geriausias Vienkartinis Vape\" width=\"229\" height=\"300\" \/><\/p>\n<h3><a href=\"https:\/\/wa.me\/8617776015835\"><span style=\"color: #ff0000\"><strong>WhatsApp: +86 17776015835<\/strong><\/span><\/a><\/h3>\n<p>&nbsp;<\/p>","protected":false},"featured_media":2796,"comment_status":"open","ping_status":"closed","template":"","meta":{"_uag_custom_page_level_css":"","_lmt_disableupdate":"no","_lmt_disable":"","site-sidebar-layout":"default","site-content-layout":"content-boxed-container","ast-site-content-layout":"normal-width-container","site-content-style":"boxed","site-sidebar-style":"unboxed","ast-global-header-display":"","ast-banner-title-visibility":"","ast-main-header-display":"","ast-hfb-above-header-display":"","ast-hfb-below-header-display":"","ast-hfb-mobile-header-display":"","site-post-title":"","ast-breadcrumbs-content":"","ast-featured-img":"","footer-sml-layout":"","theme-transparent-header-meta":"default","adv-header-id-meta":"","stick-header-meta":"","header-above-stick-meta":"","header-main-stick-meta":"","header-below-stick-meta":"","astra-migrate-meta-layouts":"set","ast-page-background-enabled":"default","ast-page-background-meta":{"desktop":{"background-color":"var(--ast-global-color-4)","background-image":"","background-repeat":"repeat","background-position":"center center","background-size":"auto","background-attachment":"scroll","background-type":"","background-media":"","overlay-type":"","overlay-color":"","overlay-opacity":"","overlay-gradient":""},"tablet":{"background-color":"","background-image":"","background-repeat":"repeat","background-position":"center center","background-size":"auto","background-attachment":"scroll","background-type":"","background-media":"","overlay-type":"","overlay-color":"","overlay-opacity":"","overlay-gradient":""},"mobile":{"background-color":"","background-image":"","background-repeat":"repeat","background-position":"center center","background-size":"auto","background-attachment":"scroll","background-type":"","background-media":"","overlay-type":"","overlay-color":"","overlay-opacity":"","overlay-gradient":""}},"ast-content-background-meta":{"desktop":{"background-color":"var(--ast-global-color-5)","background-image":"","background-repeat":"repeat","background-position":"center center","background-size":"auto","background-attachment":"scroll","background-type":"","background-media":"","overlay-type":"","overlay-color":"","overlay-opacity":"","overlay-gradient":""},"tablet":{"background-color":"var(--ast-global-color-5)","background-image":"","background-repeat":"repeat","background-position":"center center","background-size":"auto","background-attachment":"scroll","background-type":"","background-media":"","overlay-type":"","overlay-color":"","overlay-opacity":"","overlay-gradient":""},"mobile":{"background-color":"var(--ast-global-color-5)","background-image":"","background-repeat":"repeat","background-position":"center center","background-size":"auto","background-attachment":"scroll","background-type":"","background-media":"","overlay-type":"","overlay-color":"","overlay-opacity":"","overlay-gradient":""}},"_joinchat":[]},"product_brand":[],"product_cat":[15,25,123,26,28,135,27,137,136,30],"product_tag":[229,232,69],"class_list":{"0":"post-2799","1":"product","2":"type-product","3":"status-publish","4":"has-post-thumbnail","6":"product_cat-new-vape-this-week","7":"product_cat-germany-best-selling-vape","8":"product_cat-italy-wholesale-vape","9":"product_cat-netherlands-hot-sale-vape","10":"product_cat-poland-hot-sale-vape","11":"product_cat-spain-best-hot-sale-vape","12":"product_cat-fance-hot-sale-vape","13":"product_cat-rechargeable-vapes","14":"product_cat-smart-screen-vapes","15":"product_cat-minimum-order-quantity-50pcs","16":"product_tag-smart-disposable-vapes","17":"product_tag-wga-30k","18":"product_tag-wga-vape","19":"desktop-align-left","20":"tablet-align-left","21":"mobile-align-left","23":"first","24":"instock","25":"sale","26":"shipping-taxable","27":"purchasable","28":"product-type-simple"},"uagb_featured_image_src":{"full":["https:\/\/rmvapesale.com\/wp-content\/uploads\/2024\/11\/WGA-Legend-Ultra-30000-Disposable-Vape.jpg",1126,1126,false],"thumbnail":["https:\/\/rmvapesale.com\/wp-content\/uploads\/2024\/11\/WGA-Legend-Ultra-30000-Disposable-Vape-150x150.jpg",150,150,true],"medium":["https:\/\/rmvapesale.com\/wp-content\/uploads\/2024\/11\/WGA-Legend-Ultra-30000-Disposable-Vape-300x300.jpg",300,300,true],"medium_large":["https:\/\/rmvapesale.com\/wp-content\/uploads\/2024\/11\/WGA-Legend-Ultra-30000-Disposable-Vape-768x768.jpg",768,768,true],"large":["https:\/\/rmvapesale.com\/wp-content\/uploads\/2024\/11\/WGA-Legend-Ultra-30000-Disposable-Vape-1024x1024.jpg",1024,1024,true],"1536x1536":["https:\/\/rmvapesale.com\/wp-content\/uploads\/2024\/11\/WGA-Legend-Ultra-30000-Disposable-Vape.jpg",1126,1126,false],"2048x2048":["https:\/\/rmvapesale.com\/wp-content\/uploads\/2024\/11\/WGA-Legend-Ultra-30000-Disposable-Vape.jpg",1126,1126,false],"trp-custom-language-flag":["https:\/\/rmvapesale.com\/wp-content\/uploads\/2024\/11\/WGA-Legend-Ultra-30000-Disposable-Vape.jpg",12,12,false],"woocommerce_thumbnail":["https:\/\/rmvapesale.com\/wp-content\/uploads\/2024\/11\/WGA-Legend-Ultra-30000-Disposable-Vape-300x300.jpg",300,300,true],"woocommerce_single":["https:\/\/rmvapesale.com\/wp-content\/uploads\/2024\/11\/WGA-Legend-Ultra-30000-Disposable-Vape-600x600.jpg",600,600,true],"woocommerce_gallery_thumbnail":["https:\/\/rmvapesale.com\/wp-content\/uploads\/2024\/11\/WGA-Legend-Ultra-30000-Disposable-Vape-100x100.jpg",100,100,true],"wcpr-photo-reviews":["https:\/\/rmvapesale.com\/wp-content\/uploads\/2024\/11\/WGA-Legend-Ultra-30000-Disposable-Vape.jpg",500,500,false]},"uagb_author_info":{"display_name":"AMY","author_link":"https:\/\/rmvapesale.com\/lt\/author\/"},"uagb_comment_info":0,"uagb_excerpt":"The WGA 30000 Puffs Double Flavors Refillable Disposable Vape, a revolutionary device designed for vapers seeking unmatched versatility and performance. With a capacity of 30,000 puffs. WhatsApp: +86 17776015835 &nbsp;","_links":{"self":[{"href":"https:\/\/rmvapesale.com\/lt\/wp-json\/wp\/v2\/product\/2799","targetHints":{"allow":["GET"]}}],"collection":[{"href":"https:\/\/rmvapesale.com\/lt\/wp-json\/wp\/v2\/product"}],"about":[{"href":"https:\/\/rmvapesale.com\/lt\/wp-json\/wp\/v2\/types\/product"}],"replies":[{"embeddable":true,"href":"https:\/\/rmvapesale.com\/lt\/wp-json\/wp\/v2\/comments?post=2799"}],"wp:featuredmedia":[{"embeddable":true,"href":"https:\/\/rmvapesale.com\/lt\/wp-json\/wp\/v2\/media\/2796"}],"wp:attachment":[{"href":"https:\/\/rmvapesale.com\/lt\/wp-json\/wp\/v2\/media?parent=2799"}],"wp:term":[{"taxonomy":"product_brand","embeddable":true,"href":"https:\/\/rmvapesale.com\/lt\/wp-json\/wp\/v2\/product_brand?post=2799"},{"taxonomy":"product_cat","embeddable":true,"href":"https:\/\/rmvapesale.com\/lt\/wp-json\/wp\/v2\/product_cat?post=2799"},{"taxonomy":"product_tag","embeddable":true,"href":"https:\/\/rmvapesale.com\/lt\/wp-json\/wp\/v2\/product_tag?post=2799"}],"curies":[{"name":"wp","href":"https:\/\/api.w.org\/{rel}","templated":true}]}}