{"id":2831,"date":"2024-12-02T03:50:09","date_gmt":"2024-12-02T03:50:09","guid":{"rendered":"https:\/\/rmvapesale.com\/?post_type=product&#038;p=2831"},"modified":"2024-12-03T09:57:39","modified_gmt":"2024-12-03T09:57:39","slug":"randm-tornado-15000-puff-fumot-vape-bulk-buy-price","status":"publish","type":"product","link":"https:\/\/rmvapesale.com\/lt\/product\/randm-tornado-15000-puff-fumot-vape-bulk-buy-price\/","title":{"rendered":"RandM Tornado 15000 P\u016b\u0161\u010di\u0173 Fumot Vape Didmenin\u0117 Kaina"},"content":{"rendered":"<div class=\"B2VR9 CJHX3e\">\n<div class=\"wyccme\">\n<h1 class=\"LC20lb MBeuO DKV0Md\">RandM Tornado 15000 P\u016b\u0161\u010di\u0173 Fumot Vape Didmenin\u0117 Kaina<\/h1>\n<div class=\"flex-shrink-0 flex flex-col relative items-end\">\n<div class=\"pt-0\">\n<div class=\"gizmo-bot-avatar flex h-8 w-8 items-center justify-center overflow-hidden rounded-full\">\n<div class=\"relative p-1 rounded-sm flex items-center justify-center bg-token-main-surface-primary text-token-text-primary h-8 w-8\">\n<p>Su <strong>RandM Tornado 15000 P\u016bkeli\u0173 D\u016bm\u0173 Vape<\/strong> yra tobulai suderintas na\u0161umas ir stilius, tod\u0117l yra auk\u0161\u010diausios klas\u0117s pasirinkimas vaperiams, ie\u0161kantiems auk\u0161tos kokyb\u0117s vienkartinio \u012frenginio. Si\u016blo \u012fsp\u016bding\u0105 <strong>15 000 p\u016btim\u0173<\/strong>, \u0161is <strong>\u012fkraunamas vienkartinis garintuvas<\/strong> veikia su <strong>850 mAh baterij\u0105<\/strong> greitas ir patogus <strong>USB Type-C \u012fkrovimas<\/strong>.<\/p>\n<p>Viena i\u0161 i\u0161skirtini\u0173 savybi\u0173 yra jos ry\u0161ki <strong>LED ekrano<\/strong>, kuri teikia realiu laiku atnaujinimus apie baterijos b\u016bkl\u0119 ir aliejaus lygius. Tai u\u017etikrina, kad netik\u0117tai neprarastum\u0117te galios ar e-liquido, prid\u0117dama patogumo j\u016bs\u0173 vaping patir\u010diai. Su pa\u017eangiu <strong>tinklin\u0117 kaitinimo technologija<\/strong>, vape nuosekliai teikia skland\u0173 gar\u0105 ir turting\u0105 skon\u012f nuo prad\u017eios iki pabaigos.<\/p>\n<p>Su <strong>41 nepakei\u010diam\u0173 skoni\u0173<\/strong> pasirinkimui, \u012fskaitant vaisinius, mentolio ir desertinius profilius, yra ka\u017ekas kiekvieno skoniui. Populiar\u016bs variantai kaip Mango Ledas, Bra\u0161ki\u0173 Arb\u016bzas ir M\u0117lyni\u0173 Aviet\u0117 sukurti suteikti patenkinan\u010di\u0105 ir gaivi\u0105 patirt\u012f. Nesvarbu, ar esate pradedantysis, ar patyr\u0119s vaperis, <strong>RandM 15000<\/strong> si\u016blo pritaikom\u0105 nikotino stiprum\u0105 nuo <strong>2% arba 5%<\/strong>, atitinkan\u010dius \u012fvairius poreikius.<\/p>\n<p>Kompakti\u0161kas, ne\u0161iojamas ir stilingas, <strong>RandM Vape 15000<\/strong> yra idealus asmeniniam naudojimui arba didmeniniams pirkimams <strong>elektronini\u0173 cigare\u010di\u0173 didmeninei prekybai<\/strong>. Pakelkite savo vaping kelion\u0119 su \u0161iuo inovatyviu, auk\u0161tos kokyb\u0117s \u012frenginiu, kuris sujungia pa\u017eangias funkcijas su eleganti\u0161ku, naudotojui draugi\u0161ku dizainu.<\/p>\n<\/div>\n<\/div>\n<\/div>\n<\/div>\n<\/div>\n<\/div>\n<p><strong>Susisiekite su Amy ir gaukite tinkam\u0105 atsakym\u0105 bei vape kupon\u0105!<\/strong><\/p>\n<p><img loading=\"lazy\" decoding=\"async\" class=\"size-full wp-image-1978\" src=\"https:\/\/rmvapesale.com\/wp-content\/uploads\/2024\/09\/Disposable-Vape-Wholesale.jpg\" alt=\"Vienkartinis garintuvas didmenin\u0117 prekyba\" width=\"229\" height=\"300\" \/><\/p>\n<h3><a href=\"https:\/\/wa.me\/8617776015835\" target=\"_blank\" rel=\"noopener\"><span style=\"color: #ff0000\"><strong>WhatsApp: +86 17776015835<\/strong><\/span><\/a><\/h3>\n<p>&nbsp;<\/p>\n<h2><\/h2>\n<h2><strong>RandM Tornado 15000 Pagrindin\u0117s savyb\u0117s<\/strong><\/h2>\n<ul>\n<li>Iki 32 000 \u012fkv\u0117pim\u0173 su dvigubais 26 ml kapsul\u0117mis.<\/li>\n<li>Dvigubas skonio perjungimas \u012fvairovei.<\/li>\n<li>Pritaikomi nikotino lygiai (0%-5%).<\/li>\n<li>\u012ekraunama 650 mAh baterija su C tipo prievadu.<\/li>\n<li>Pagerintas skonis per 1,0 om\u0173 Mesh Coil.<\/li>\n<\/ul>\n<h2><strong>Populiariausias skonis RandM Tornado 15k<\/strong><\/h2>\n<p>&nbsp;<\/p>\n<p>1. M\u0117lyna Razz Lemonada<br \/>\n2. Persiko Ledas<br \/>\n3. R\u016bg\u0161tus obuolys<br \/>\n4. Arb\u016bz\u0173 ledas<br \/>\n5. M\u0117lyn\u0117s ant ledo<br \/>\n6. M\u0117lyn\u0117s ir aviet\u0117s<br \/>\n7. Ananaso ledas<br \/>\n8. Vy\u0161nia<br \/>\n9. Bra\u0161ki\u0173 ledas<br \/>\n10. Vimto<br \/>\n11. Vynuog\u0117s ledas<br \/>\n12.Cola Ledas<br \/>\n13. Bra\u0161k\u0117s ir arb\u016bzas<br \/>\n14. Ro\u017ein\u0117 Lemonada<br \/>\n15. Mi\u0161rus uog\u0173 mi\u0161inys<br \/>\n16. Persikas ir mangas<br \/>\n17. Drakono vaisius<br \/>\n18. Bra\u0161k\u0117s ir vynuog\u0117s<br \/>\n19. Ponas M\u0117lynasis<br \/>\n20. Sodrus ledas<br \/>\n21. Led\u0173 ledinukas<br \/>\n22. Bra\u0161ki\u0173 Kivi<br \/>\n23. Kivi, Pasiflor\u0173, Guava<br \/>\n24. Trij\u0173 uog\u0173<br \/>\n25. Banan\u0173 Ledas<br \/>\n26. Persiko M\u0117lyni\u0173 Saldainis<br \/>\n27. Obuoli\u0173, persik\u0173 ir kriau\u0161i\u0173<br \/>\n28. Uog\u0173 limonadas<br \/>\n29. M\u0117lyni\u0173 avie\u010di\u0173 vy\u0161nios<br \/>\n30. M\u0117lyni\u0173 kramtomoji guma<br \/>\n31. M\u0117lyni\u0173, vy\u0161ni\u0173 ir spanguoli\u0173<br \/>\n32. M\u0117lyni\u0173 granatas<br \/>\n33. R\u016bg\u0161\u010diosios m\u0117lynosios aviet\u0117s<br \/>\n34. Vy\u0161ni\u0173 kola<br \/>\n35. Gumin\u0117 Me\u0161ka<br \/>\n36. Citrina<br \/>\n37. Mango Ledai<br \/>\n38. Raudonos energijos ledas<br \/>\n39. Bra\u0161kinis bananas<br \/>\n40. Bra\u0161kinis \u201eRed Bull\u201c<br \/>\n41. Bra\u0161ki\u0173 arb\u016bz\u0173 limonadas<br \/>\n42. Led\u0173 Arbata Citrin\u0173 Ledas<br \/>\n43. Led\u0173 Arbata Persiko Ledas<br \/>\n44.Fizzy Vy\u0161nios<br \/>\n45.Skittles<\/p>\n<p>&nbsp;<\/p>\n<h3><strong>Kod\u0117l rinktis Rmvapesale Fumot Vape 15k\u00a0<\/strong><strong>V<\/strong><strong>Didmenin\u0117 prekyba veipais<\/strong><strong>?<\/strong><\/h3>\n<div class=\"flex-shrink-0 flex flex-col relative items-end\">\n<div class=\"pt-0\">\n<div class=\"gizmo-bot-avatar flex h-8 w-8 items-center justify-center overflow-hidden rounded-full\">\n<div class=\"relative p-1 rounded-sm flex items-center justify-center bg-token-main-surface-primary text-token-text-primary h-8 w-8\">\n<p>Sveiki atvyk\u0119 \u012f Rmvapesale, j\u016bs\u0173 patikim\u0105 veip\u0173 parduotuv\u0119, kurioje rasite auk\u0161\u010diausios kokyb\u0117s vienkartini\u0173 veip\u0173. Tur\u0117dami daugiau nei 5 met\u0173 patirt\u012f, si\u016blome populiarius vienkartini\u0173 veip\u0173 prek\u0117s \u017eenklus, tokius kaip Al Fakher, Vapme Vape, <a href=\"https:\/\/rmvapesale.com\/lt\/product-category\/bang-vapes\/\">Bang Vape<\/a>, Waspe, WGA Vape ir<a href=\"https:\/\/rmvapesale.com\/lt\/product-category\/randm-fumot-vape\/\"> RandM Vape<\/a>.<\/p>\n<p>M\u016bs\u0173 asortimente yra kar\u0161tai parduodam\u0173 veip\u0173, toki\u0173 kaip <a href=\"https:\/\/rmvapesale.com\/lt\/product\/randm-tornado-15000-puffs-vape-wholesale\/\">RandM Tornado 15000<\/a> ir gausus skoni\u0173 pasirinkimas, pavyzd\u017eiui, Vapme 70000. Kiekvienas produktas yra parenkamas atsi\u017evelgiant \u012f kokyb\u0119, vert\u0119 ir \u012fvairov\u0119, u\u017etikrinant, kad rastum\u0117te tobulai tinkan\u010di\u0105 prek\u0119. Atraskite i\u0161skirtin\u012f aptarnavim\u0105 ir plat\u0173 auk\u0161\u010diausios kokyb\u0117s produkt\u0173 asortiment\u0105 Rmvapesale.<\/p>\n<\/div>\n<h3><\/h3>\n<div class=\"relative p-1 rounded-sm flex items-center justify-center bg-token-main-surface-primary text-token-text-primary h-8 w-8\">\n<h3><b> DUK RmVape 15000 <\/b><b>\u012ekraunamas vienkartinis veipas<\/b><\/h3>\n<div class=\"group\/conversation-turn relative flex w-full min-w-0 flex-col agent-turn\">\n<div class=\"flex-col gap-1 md:gap-3\">\n<div class=\"flex max-w-full flex-col flex-grow\">\n<div class=\"min-h-8 text-message flex w-full flex-col items-end gap-2 whitespace-normal break-words [.text-message+&amp;]:mt-5\" dir=\"auto\" data-message-author-role=\"assistant\" data-message-id=\"00c9b302-bc9c-4550-94ba-5a295efa2be3\" data-message-model-slug=\"gpt-4o\">\n<div class=\"flex w-full flex-col gap-1 empty:hidden first:pt-[3px]\">\n<div class=\"markdown prose w-full break-words dark:prose-invert light\">\n<div class=\"flex-shrink-0 flex flex-col relative items-end\">\n<div>\n<div class=\"pt-0\">\n<div class=\"gizmo-bot-avatar flex h-8 w-8 items-center justify-center overflow-hidden rounded-full\">\n<div class=\"relative p-1 rounded-sm flex items-center justify-center bg-token-main-surface-primary text-token-text-primary h-8 w-8\">\n<div class=\"flex-shrink-0 flex flex-col relative items-end\">\n<div>\n<div class=\"pt-0\">\n<div class=\"gizmo-bot-avatar flex h-8 w-8 items-center justify-center overflow-hidden rounded-full\">\n<div class=\"relative p-1 rounded-sm flex items-center justify-center bg-token-main-surface-primary text-token-text-primary h-8 w-8\">\n<p>&nbsp;<\/p>\n<p><strong>Kur \u012fsigyti RmVape Tornado 15000 d\u016bm\u0173 p\u016bsli\u0173 vape didmenin\u0117mis kainomis Lietuvoje<\/strong><br \/>\nNor\u0117dami \u012fsigyti RmVape Tornado 15000 d\u016bm\u0173 p\u016bsli\u0173 vape didmenin\u0117mis kainomis Lietuvoje, susisiekite su \u012fgaliotais platintojais arba internetin\u0117mis vape didmenin\u0117s prekybos tiek\u0117jais, specializuojan\u010diais RmVape produktus. U\u017etikrinkite, kad tiek\u0117jas teikia originalius produktus ir laikosi ES reglament\u0173.<\/p>\n<p><strong>Kiek d\u016bm\u0173 p\u016bsli\u0173 suteikia Fumot Vape 15000?<\/strong><br \/>\nFumot Vape 15000 suteikia iki 15 000 d\u016bm\u0173 p\u016bsli\u0173, si\u016blydamas i\u0161skirtin\u012f ilgaam\u017ei\u0161kum\u0105 ir vert\u0119 vartotojams.<\/p>\n<p><strong>Kiek laiko tarnauja populiarus RmVape Tornado 15k vienkartinis vape ra\u0161iklis?<\/strong><br \/>\nRmVape Tornado 15k vienkartinis vape ra\u0161iklis gali tarnauti dvi ar tris savaites vidutiniams vartotojams, priklausomai nuo naudojimo \u012fpro\u010di\u0173 ir da\u017enumo.<\/p>\n<p><strong>Kokie yra populiariausi skoniai Fumot 15000 Puffs vienkartiniame d\u0117\u017eut\u0117je?<\/strong><br \/>\nPopuliariausi skoniai Fumot 15000 Puffs yra Mango Ledas, Bra\u0161k\u0117 Arb\u016bzas ir M\u0117lyni\u0173 Aviet\u0117, taip pat kiti vaisiniai, mentolio ir desert\u0173 \u012fkv\u0117pti skoniai i\u0161 plataus skonio pasirinkimo.<\/p>\n<p><strong>Kiek laiko u\u017etrunka \u012fkrauti RmVape 15k \u012fkraunam\u0105 vape?<\/strong><br \/>\nRmVape 15k \u012fkraunamas vape \u012fkraunamas ma\u017edaug per 1-2 valandas, d\u0117ka USB Type-C greito \u012fkrovimo technologijos.<\/p>\n<p><strong>Kiek nikotino yra RmVape Tornado 15000 vienkartiniame vape?<\/strong><br \/>\nRmVape Tornado 15000 vienkartinis vape si\u016blo nikotino stiprumus 2% (20mg) ir 5% (50mg), suteikdami pasirinkimus skirtingiems vartotoj\u0173 poreikiams.<\/p>\n<\/div>\n<\/div>\n<\/div>\n<\/div>\n<\/div>\n<\/div>\n<\/div>\n<\/div>\n<\/div>\n<\/div>\n<div class=\"group\/conversation-turn relative flex w-full min-w-0 flex-col agent-turn\">\n<div class=\"flex-col gap-1 md:gap-3\">\n<div class=\"flex max-w-full flex-col flex-grow\">\n<div class=\"min-h-8 text-message flex w-full flex-col items-end gap-2 whitespace-normal break-words [.text-message+&amp;]:mt-5\" dir=\"auto\" data-message-author-role=\"assistant\" data-message-id=\"a3dc01bd-23b0-4fd7-bb9a-7827522cefd8\" data-message-model-slug=\"gpt-4o\">\n<div class=\"flex w-full flex-col gap-1 empty:hidden first:pt-[3px]\"><\/div>\n<\/div>\n<\/div>\n<\/div>\n<\/div>\n<\/div>\n<\/div>\n<\/div>\n<\/div>\n<\/div>\n<\/div>\n<\/div>\n<\/div>\n<\/div>\n<\/div>\n<h3>Apie siuntim\u0105<\/h3>\n<div class=\"flex-shrink-0 flex flex-col relative items-end\">\n<div>\n<div class=\"pt-0\">\n<div class=\"gizmo-bot-avatar flex h-8 w-8 items-center justify-center overflow-hidden rounded-full\">\n<div><\/div>\n<div class=\"relative p-1 rounded-sm flex items-center justify-center bg-token-main-surface-primary text-token-text-primary h-8 w-8\"><strong>1. Kokie siuntimo b\u016bdai naudojami?<\/strong><\/div>\n<\/div>\n<\/div>\n<\/div>\n<\/div>\n<div class=\"group\/conversation-turn relative flex w-full min-w-0 flex-col agent-turn\">\n<div class=\"flex-col gap-1 md:gap-3\">\n<div class=\"flex max-w-full flex-col flex-grow\">\n<div class=\"min-h-[20px] text-message flex w-full flex-col items-end gap-2 whitespace-normal break-words [.text-message+&amp;]:mt-5 overflow-x-auto\" dir=\"auto\" data-message-author-role=\"assistant\" data-message-id=\"22f8283b-3233-46ff-89a5-c7a41b33abda\">\n<div class=\"flex w-full flex-col gap-1 empty:hidden first:pt-[3px]\">\n<div class=\"markdown prose w-full break-words dark:prose-invert light\">\n<p>Mes bendradarbiaujame su UPS, DHL, FedEx, DPD ir kitais pirmaujan\u010diais ve\u017e\u0117jais. Mes parinksime geriausi\u0105 siuntimo b\u016bd\u0105, atsi\u017evelgdami \u012f j\u016bs\u0173 pristatymo viet\u0105, kad u\u017etikrintume, jog gaminiai jus pasieks kuo grei\u010diau.<\/p>\n<\/div>\n<p><strong>2. Per kiek laiko prek\u0117s atkeliauja?<\/strong><\/p>\n<p>\u012e Lietuv\u0105 siun\u010diami siuntiniai paprastai atvyksta per 10 darbo dien\u0173. Siuntimas \u012f Europos \u0161alis paprastai trunka apie 12\u201315 darbo dien\u0173. Mes teikiame realiuoju laiku atnaujinam\u0105 informacij\u0105 apie j\u016bs\u0173 siuntos b\u016bsen\u0105.<\/p>\n<\/div>\n<\/div>\n<\/div>\n<\/div>\n<\/div>\n<p>&nbsp;<\/p>\n<p>Raskite daugiau garintuv\u0173, kurie jums gali patikti:<strong><em><a href=\"https:\/\/rmvapesale.com\/lt\/shop-2\/\">pirkti dabar &gt;&gt;&gt;<\/a><\/em><\/strong><\/p>","protected":false},"excerpt":{"rendered":"<p>Randm Tornado 15000 P\u016bkeli\u0173 D\u016bm\u0173 Skaitmeninis Vienkartinis Vape<br \/>\nRandm 15000 D\u016bm\u0173 Tornado Vape Didmenin\u0117<br \/>\nD\u016bm\u0173 RandM 15k Vienkartinis Vape Didmenin\u0117 Kaina<\/p>\n<p><img loading=\"lazy\" decoding=\"async\" class=\"size-full wp-image-2375\" src=\"https:\/\/rmvapesale.com\/wp-content\/uploads\/2024\/10\/image.png\" alt=\"Geriausias Vienkartinis Vape\" width=\"229\" height=\"300\" \/><\/p>\n<h3><a href=\"https:\/\/wa.me\/8617776015835\"><span style=\"color: #ff0000\"><strong>WhatsApp: +86 17776015835<\/strong><\/span><\/a><\/h3>\n<p>&nbsp;<\/p>","protected":false},"featured_media":2826,"comment_status":"open","ping_status":"closed","template":"","meta":{"_uag_custom_page_level_css":"","_lmt_disableupdate":"no","_lmt_disable":"","site-sidebar-layout":"default","site-content-layout":"content-boxed-container","ast-site-content-layout":"normal-width-container","site-content-style":"boxed","site-sidebar-style":"unboxed","ast-global-header-display":"","ast-banner-title-visibility":"","ast-main-header-display":"","ast-hfb-above-header-display":"","ast-hfb-below-header-display":"","ast-hfb-mobile-header-display":"","site-post-title":"","ast-breadcrumbs-content":"","ast-featured-img":"","footer-sml-layout":"","ast-disable-related-posts":"","theme-transparent-header-meta":"default","adv-header-id-meta":"","stick-header-meta":"","header-above-stick-meta":"","header-main-stick-meta":"","header-below-stick-meta":"","astra-migrate-meta-layouts":"set","ast-page-background-enabled":"default","ast-page-background-meta":{"desktop":{"background-color":"var(--ast-global-color-4)","background-image":"","background-repeat":"repeat","background-position":"center center","background-size":"auto","background-attachment":"scroll","background-type":"","background-media":"","overlay-type":"","overlay-color":"","overlay-opacity":"","overlay-gradient":""},"tablet":{"background-color":"","background-image":"","background-repeat":"repeat","background-position":"center center","background-size":"auto","background-attachment":"scroll","background-type":"","background-media":"","overlay-type":"","overlay-color":"","overlay-opacity":"","overlay-gradient":""},"mobile":{"background-color":"","background-image":"","background-repeat":"repeat","background-position":"center center","background-size":"auto","background-attachment":"scroll","background-type":"","background-media":"","overlay-type":"","overlay-color":"","overlay-opacity":"","overlay-gradient":""}},"ast-content-background-meta":{"desktop":{"background-color":"var(--ast-global-color-5)","background-image":"","background-repeat":"repeat","background-position":"center center","background-size":"auto","background-attachment":"scroll","background-type":"","background-media":"","overlay-type":"","overlay-color":"","overlay-opacity":"","overlay-gradient":""},"tablet":{"background-color":"var(--ast-global-color-5)","background-image":"","background-repeat":"repeat","background-position":"center center","background-size":"auto","background-attachment":"scroll","background-type":"","background-media":"","overlay-type":"","overlay-color":"","overlay-opacity":"","overlay-gradient":""},"mobile":{"background-color":"var(--ast-global-color-5)","background-image":"","background-repeat":"repeat","background-position":"center center","background-size":"auto","background-attachment":"scroll","background-type":"","background-media":"","overlay-type":"","overlay-color":"","overlay-opacity":"","overlay-gradient":""}},"_joinchat":[]},"product_brand":[],"product_cat":[15,27,51,25,123,30,26,28,31,137,136,135],"product_tag":[235,39,171,236,234,38],"class_list":{"0":"post-2831","1":"product","2":"type-product","3":"status-publish","4":"has-post-thumbnail","6":"product_cat-new-vape-this-week","7":"product_cat-fance-hot-sale-vape","8":"product_cat-fumot-vape","9":"product_cat-germany-best-selling-vape","10":"product_cat-italy-wholesale-vape","11":"product_cat-minimum-order-quantity-50pcs","12":"product_cat-netherlands-hot-sale-vape","13":"product_cat-poland-hot-sale-vape","14":"product_cat-randm-fumot-vape","15":"product_cat-rechargeable-vapes","16":"product_cat-smart-screen-vapes","17":"product_cat-spain-best-hot-sale-vape","18":"product_tag-fumot-15k","19":"product_tag-fumot-vape","20":"product_tag-randm-15000","21":"product_tag-randm-15k","22":"product_tag-randm-tornado-15000","23":"product_tag-randm-vape","24":"desktop-align-left","25":"tablet-align-left","26":"mobile-align-left","28":"first","29":"instock","30":"sale","31":"shipping-taxable","32":"purchasable","33":"product-type-simple"},"uagb_featured_image_src":{"full":["https:\/\/rmvapesale.com\/wp-content\/uploads\/2024\/12\/Fumot-RandM-15000-Puffs-Disposable-Vape.jpg",1130,1126,false],"thumbnail":["https:\/\/rmvapesale.com\/wp-content\/uploads\/2024\/12\/Fumot-RandM-15000-Puffs-Disposable-Vape-150x150.jpg",150,150,true],"medium":["https:\/\/rmvapesale.com\/wp-content\/uploads\/2024\/12\/Fumot-RandM-15000-Puffs-Disposable-Vape-300x300.jpg",300,300,true],"medium_large":["https:\/\/rmvapesale.com\/wp-content\/uploads\/2024\/12\/Fumot-RandM-15000-Puffs-Disposable-Vape-768x765.jpg",768,765,true],"large":["https:\/\/rmvapesale.com\/wp-content\/uploads\/2024\/12\/Fumot-RandM-15000-Puffs-Disposable-Vape-1024x1020.jpg",1024,1020,true],"1536x1536":["https:\/\/rmvapesale.com\/wp-content\/uploads\/2024\/12\/Fumot-RandM-15000-Puffs-Disposable-Vape.jpg",1130,1126,false],"2048x2048":["https:\/\/rmvapesale.com\/wp-content\/uploads\/2024\/12\/Fumot-RandM-15000-Puffs-Disposable-Vape.jpg",1130,1126,false],"trp-custom-language-flag":["https:\/\/rmvapesale.com\/wp-content\/uploads\/2024\/12\/Fumot-RandM-15000-Puffs-Disposable-Vape.jpg",12,12,false],"woocommerce_thumbnail":["https:\/\/rmvapesale.com\/wp-content\/uploads\/2024\/12\/Fumot-RandM-15000-Puffs-Disposable-Vape-300x300.jpg",300,300,true],"woocommerce_single":["https:\/\/rmvapesale.com\/wp-content\/uploads\/2024\/12\/Fumot-RandM-15000-Puffs-Disposable-Vape-600x598.jpg",600,598,true],"woocommerce_gallery_thumbnail":["https:\/\/rmvapesale.com\/wp-content\/uploads\/2024\/12\/Fumot-RandM-15000-Puffs-Disposable-Vape-100x100.jpg",100,100,true],"wcpr-photo-reviews":["https:\/\/rmvapesale.com\/wp-content\/uploads\/2024\/12\/Fumot-RandM-15000-Puffs-Disposable-Vape.jpg",500,498,false]},"uagb_author_info":{"display_name":"AMY","author_link":"https:\/\/rmvapesale.com\/lt\/author\/"},"uagb_comment_info":0,"uagb_excerpt":"Randm Tornado 15000 Puffs Fumot Digital Disposable Vape Randm 15000 Fumot Tornado Vape Wholesale Fumot RandM 15k Disposable Vape Bulk Price WhatsApp: +86 17776015835 &nbsp;","_links":{"self":[{"href":"https:\/\/rmvapesale.com\/lt\/wp-json\/wp\/v2\/product\/2831","targetHints":{"allow":["GET"]}}],"collection":[{"href":"https:\/\/rmvapesale.com\/lt\/wp-json\/wp\/v2\/product"}],"about":[{"href":"https:\/\/rmvapesale.com\/lt\/wp-json\/wp\/v2\/types\/product"}],"replies":[{"embeddable":true,"href":"https:\/\/rmvapesale.com\/lt\/wp-json\/wp\/v2\/comments?post=2831"}],"wp:featuredmedia":[{"embeddable":true,"href":"https:\/\/rmvapesale.com\/lt\/wp-json\/wp\/v2\/media\/2826"}],"wp:attachment":[{"href":"https:\/\/rmvapesale.com\/lt\/wp-json\/wp\/v2\/media?parent=2831"}],"wp:term":[{"taxonomy":"product_brand","embeddable":true,"href":"https:\/\/rmvapesale.com\/lt\/wp-json\/wp\/v2\/product_brand?post=2831"},{"taxonomy":"product_cat","embeddable":true,"href":"https:\/\/rmvapesale.com\/lt\/wp-json\/wp\/v2\/product_cat?post=2831"},{"taxonomy":"product_tag","embeddable":true,"href":"https:\/\/rmvapesale.com\/lt\/wp-json\/wp\/v2\/product_tag?post=2831"}],"curies":[{"name":"wp","href":"https:\/\/api.w.org\/{rel}","templated":true}]}}