{"id":2854,"date":"2024-12-09T09:37:36","date_gmt":"2024-12-09T09:37:36","guid":{"rendered":"https:\/\/rmvapesale.com\/?post_type=product&#038;p=2854"},"modified":"2024-12-09T09:52:38","modified_gmt":"2024-12-09T09:52:38","slug":"bang-vape-36000-puffs-rechargeable-disposable-vape-wholesale-price","status":"publish","type":"product","link":"https:\/\/rmvapesale.com\/lt\/product\/bang-vape-36000-puffs-rechargeable-disposable-vape-wholesale-price\/","title":{"rendered":"Bang Vape 36000 \u012ftraukim\u0173 \u012fkraunamas vienkartinis garintuvas, didmenin\u0117 kaina"},"content":{"rendered":"<div class=\"B2VR9 CJHX3e\">\n<div class=\"wyccme\">\n<div class=\"flex-shrink-0 flex flex-col relative items-end\">\n<div class=\"pt-0\">\n<div class=\"gizmo-bot-avatar flex h-8 w-8 items-center justify-center overflow-hidden rounded-full\">\n<div class=\"relative p-1 rounded-sm flex items-center justify-center bg-token-main-surface-primary text-token-text-primary h-8 w-8\">\n<div class=\"flex-shrink-0 flex flex-col relative items-end\">\n<div>\n<div class=\"pt-0\">\n<div class=\"gizmo-bot-avatar flex h-8 w-8 items-center justify-center overflow-hidden rounded-full\">\n<h1 class=\"relative p-1 rounded-sm flex items-center justify-center bg-token-main-surface-primary text-token-text-primary h-8 w-8\"><strong style=\"font-size: 1.5em\">Bang Vape 36000 \u012ftraukim\u0173 \u012fkraunamas vienkartinis garintuvas, didmenin\u0117 kaina<\/strong><\/h1>\n<\/div>\n<\/div>\n<\/div>\n<\/div>\n<\/div>\n<\/div>\n<\/div>\n<\/div>\n<div class=\"group\/conversation-turn relative flex w-full min-w-0 flex-col agent-turn\">\n<div class=\"flex-col gap-1 md:gap-3\">\n<div class=\"flex max-w-full flex-col flex-grow\">\n<div class=\"min-h-8 text-message flex w-full flex-col items-end gap-2 whitespace-normal break-words text-start [.text-message+&amp;]:mt-5\" dir=\"auto\" data-message-author-role=\"assistant\" data-message-id=\"80ece0c4-ead1-4ed9-a9f0-ddc22582b4f4\" data-message-model-slug=\"gpt-4o\">\n<div class=\"flex w-full flex-col gap-1 empty:hidden first:pt-[3px]\">\n<div class=\"markdown prose w-full break-words dark:prose-invert light\">\n<h3><\/h3>\n<\/div>\n<\/div>\n<\/div>\n<\/div>\n<\/div>\n<\/div>\n<div class=\"flex-shrink-0 flex flex-col relative items-end\">\n<div class=\"pt-0\">\n<div class=\"gizmo-bot-avatar flex h-8 w-8 items-center justify-center overflow-hidden rounded-full\">\n<div class=\"relative p-1 rounded-sm flex items-center justify-center bg-token-main-surface-primary text-token-text-primary h-8 w-8\">\n<p>Bang Vape 36000 P\u016btim\u0173 \u012ekraunamas Vienkartinis Garintuvas yra auk\u0161\u010diausios klas\u0117s prietaisas, skirtas u\u017etikrinti neprilygstam\u0105 na\u0161um\u0105, i\u0161skirtin\u012f skon\u012f ir nepaprast\u0105 ilgaam\u017ei\u0161kum\u0105. Su 36 000 galim\u0173 p\u016btim\u0173, jis sukurtas vartotojams, kuriems reikia ilgesnio naudojimo ir auk\u0161\u010diausios kokyb\u0117s pasitenkinimo be nuolatinio keitimo vargo.<\/p>\n<p>Bang Vape 36000 taip pat turi i\u0161man\u0173 LED ekran\u0105, kuris rodo baterijos ir e-skys\u010dio lygius, tod\u0117l visada tiksliai \u017einosite, kada laikas \u012fkrauti ar papildyti. Su galimyb\u0117mis pasirinkti 0%, 2%, 3% ir 5% nikotino stiprum\u0105, \u0161is prietaisas gali b\u016bti pritaikytas j\u016bs\u0173 pageidaujamam nikotino stiprumui, tod\u0117l puikiai tinka tiek atsitiktiniams, tiek intensyviems garintojams.<\/p>\n<p>Didmenin\u0117mis kainomis Bang Vape 36000 P\u016btim\u0173 \u012ekraunamas Vienkartinis Garintuvas si\u016blo ne\u012ftik\u0117tin\u0105 vert\u0119 ma\u017emenininkams ir garinimo verslams. D\u0117l ilgalaikio veikimo, universali\u0173 skonio variant\u0173 ir pritaikom\u0173 nikotino stiprum\u0173 jis yra idealus produktas tiems, kurie ie\u0161ko auk\u0161tos kokyb\u0117s vienkartini\u0173 garintuv\u0173 u\u017e prieinam\u0105 didmenin\u0119 kain\u0105.<\/p>\n<p>Nesvarbu, ar pildote savo parduotuv\u0117s atsargas, ar tiesiog ie\u0161kote auk\u0161tos kokyb\u0117s garinimo patirties, Bang 36000 pateisina visus l\u016bkes\u010dius. M\u0117gaukit\u0117s puikia garinimo patirtimi, kuri trunka ilgiau, skaniau kvepia ir suteikia daugiau vert\u0117s \u2013 \u012fsigykite savo Bang 36000 P\u016btim\u0173 \u0161iandien!<\/p>\n<\/div>\n<\/div>\n<\/div>\n<\/div>\n<\/div>\n<\/div>\n<p><strong>Susisiekite su Amy ir gaukite tinkam\u0105 atsakym\u0105 bei vape kupon\u0105!<\/strong><\/p>\n<p><img loading=\"lazy\" decoding=\"async\" class=\"size-full wp-image-1978\" src=\"https:\/\/rmvapesale.com\/wp-content\/uploads\/2024\/09\/Disposable-Vape-Wholesale.jpg\" alt=\"Vienkartinis garintuvas didmenin\u0117 prekyba\" width=\"229\" height=\"300\" \/><\/p>\n<h3><a href=\"https:\/\/wa.me\/8617776015835\" target=\"_blank\" rel=\"noopener\"><span style=\"color: #ff0000\"><strong>WhatsApp: +86 17776015835<\/strong><\/span><\/a><\/h3>\n<h2><\/h2>\n<h2><strong>Bang Vape 36000 Pagrindin\u0117s Savyb\u0117s<\/strong><\/h2>\n<p>Prek\u0117s Pavadinimas: Bang King P\u016btim\u0173 E-Cigaret\u0117<br \/>\nP\u016btim\u0173: 36000<br \/>\nSkys\u010dio Talpa: 30ml<br \/>\nKaitinimo Elementas: 0.6ohm Tinklinis Kaitinimo Elementas<br \/>\nNikotinas: 0%, 2%, 3%, 5%<br \/>\nBaterija: 650mah Baterija C Tipo<br \/>\nSkoni\u0173 Kiekis: 12 Skoni\u0173<br \/>\nFunkcija: TINKLINIS KAITINIMO ELEMENTAS+Oro Srauto Reguliavimas+Patikima Galia+LED Indikatorius<\/p>\n<h2><\/h2>\n<h2><strong>\u00a0Bang 36000 Skoni\u0173 S\u0105ra\u0161as<\/strong><\/h2>\n<p>1. M\u0117lyni\u0173 ir avie\u010di\u0173 ledas<br \/>\n2. Sultingas persik\u0173 ledas<br \/>\n3. Bra\u0161ki\u0173 arb\u016bzas<br \/>\n4. Bra\u0161ki\u0173 ir Kivio<br \/>\n5. Arb\u016bz\u0173 ledas<br \/>\n6. Persik\u0173 mang\u0173 arb\u016bzas<br \/>\n7. Bra\u0161ki\u0173 bananas<br \/>\n8. Kiviai pasifloros gvajava<br \/>\n9. Atogr\u0105\u017e\u0173 vaisiai<br \/>\n10. Vynuogi\u0173 obuolys<br \/>\n11. Trigub\u0173 uog\u0173 ledas<br \/>\n12. Ponas M\u0117lynasis<\/p>\n<p>&nbsp;<\/p>\n<p>&nbsp;<\/p>\n<h3><strong>Kod\u0117l verta rinktis Rmvapesale, skirt\u0105 Bang Vape 36000 Puffs <\/strong><strong>V<\/strong><strong>Didmenin\u0117 prekyba veipais<\/strong><strong>?<\/strong><\/h3>\n<div class=\"flex-shrink-0 flex flex-col relative items-end\">\n<div class=\"pt-0\">\n<div class=\"gizmo-bot-avatar flex h-8 w-8 items-center justify-center overflow-hidden rounded-full\">\n<div class=\"relative p-1 rounded-sm flex items-center justify-center bg-token-main-surface-primary text-token-text-primary h-8 w-8\">\n<p>Sveiki atvyk\u0119 \u012f Rmvapesale, j\u016bs\u0173 patikim\u0105 veip\u0173 parduotuv\u0119, kurioje rasite auk\u0161\u010diausios kokyb\u0117s vienkartini\u0173 veip\u0173. Tur\u0117dami daugiau nei 5 met\u0173 patirt\u012f, si\u016blome populiarius vienkartini\u0173 veip\u0173 prek\u0117s \u017eenklus, tokius kaip Al Fakher, Vapme Vape, <a href=\"https:\/\/rmvapesale.com\/lt\/product-category\/bang-vapes\/\">Bang Vape<\/a>, Waspe, WGA Vape ir<a href=\"https:\/\/rmvapesale.com\/lt\/product-category\/randm-fumot-vape\/\"> RandM Vape<\/a>.<\/p>\n<p>M\u016bs\u0173 asortimente yra kar\u0161tai parduodam\u0173 veip\u0173, toki\u0173 kaip <a href=\"https:\/\/rmvapesale.com\/lt\/product\/randm-tornado-15000-puffs-vape-wholesale\/\">RandM Tornado 15000<\/a> ir gausus skoni\u0173 pasirinkimas, pavyzd\u017eiui, Vapme 70000. Kiekvienas produktas yra parenkamas atsi\u017evelgiant \u012f kokyb\u0119, vert\u0119 ir \u012fvairov\u0119, u\u017etikrinant, kad rastum\u0117te tobulai tinkan\u010di\u0105 prek\u0119. Atraskite i\u0161skirtin\u012f aptarnavim\u0105 ir plat\u0173 auk\u0161\u010diausios kokyb\u0117s produkt\u0173 asortiment\u0105 Rmvapesale.<\/p>\n<\/div>\n<h3><\/h3>\n<div class=\"relative p-1 rounded-sm flex items-center justify-center bg-token-main-surface-primary text-token-text-primary h-8 w-8\">\n<h3><b> Da\u017enai u\u017eduodami klausimai apie \u201eBang 36000\u201c <\/b><b>\u012ekraunamas vienkartinis veipas<\/b><\/h3>\n<div class=\"group\/conversation-turn relative flex w-full min-w-0 flex-col agent-turn\">\n<div class=\"flex-col gap-1 md:gap-3\">\n<div class=\"flex max-w-full flex-col flex-grow\">\n<div class=\"min-h-8 text-message flex w-full flex-col items-end gap-2 whitespace-normal break-words [.text-message+&amp;]:mt-5\" dir=\"auto\" data-message-author-role=\"assistant\" data-message-id=\"00c9b302-bc9c-4550-94ba-5a295efa2be3\" data-message-model-slug=\"gpt-4o\">\n<div class=\"flex w-full flex-col gap-1 empty:hidden first:pt-[3px]\">\n<div class=\"markdown prose w-full break-words dark:prose-invert light\">\n<div class=\"flex-shrink-0 flex flex-col relative items-end\">\n<div>\n<div class=\"pt-0\">\n<div class=\"gizmo-bot-avatar flex h-8 w-8 items-center justify-center overflow-hidden rounded-full\">\n<div class=\"relative p-1 rounded-sm flex items-center justify-center bg-token-main-surface-primary text-token-text-primary h-8 w-8\">\n<div class=\"flex-shrink-0 flex flex-col relative items-end\">\n<div>\n<div class=\"pt-0\">\n<div class=\"gizmo-bot-avatar flex h-8 w-8 items-center justify-center overflow-hidden rounded-full\">\n<div class=\"relative p-1 rounded-sm flex items-center justify-center bg-token-main-surface-primary text-token-text-primary h-8 w-8\">\n<p>&nbsp;<\/p>\n<p><strong>1. Kiek \u012fkv\u0117pim\u0173 suteikia Bang Vape 36000 vienkartinis?<\/strong><\/p>\n<p>Su <strong>Bang Vape 36000<\/strong> Vienkartinis si\u016blo \u012fsp\u016bding\u0105 <strong>36 000 \u012fkv\u0117pim\u0173<\/strong> vienam prietaisui. \u0160is ilgas \u012fkv\u0117pim\u0173 skai\u010dius u\u017etikrina ilgalaik\u0119 garinimo patirt\u012f, puikiai tinkan\u010di\u0105 kasdieniam naudojimui, nereikalaujant da\u017eno keitimo.<\/p>\n<hr \/>\n<p><strong>2. Kokios yra Bang Vape 36000 nikotino stiprumo galimyb\u0117s?<\/strong><\/p>\n<p>Su <strong>Bang Vape 36000<\/strong> yra su pritaikomomis nikotino parinktimis, tinkan\u010diomis skirtingiems pageidavimams. Galite rinktis i\u0161 <strong>0%, 2%, 3% ir 5%<\/strong> nikotino stiprumo, leid\u017eian\u010dio rasti ideal\u0173 lyg\u012f savo garinimo patir\u010diai.<\/p>\n<hr \/>\n<p><strong>3. Kiek laiko Bang box 36000 veikia su pilnu \u012fkrovimu?<\/strong><\/p>\n<p>Su savo <strong>650 mAh \u012fkraunama baterija<\/strong>, <strong>Bang box 36000<\/strong> gali veikti ilg\u0105 laik\u0105 prie\u0161 j\u012f v\u0117l \u012fkraunant. Prietais\u0105 galima patogiai \u012fkrauti per <strong>C tipo \u012fkrovimo prievadas<\/strong>, u\u017etikrinant greit\u0105 \u012fkrovim\u0105 su minimaliu prastovos laiku.<\/p>\n<hr \/>\n<p><strong>4. Kokie skoniai yra prieinami Bang 36000?<\/strong><\/p>\n<p>Su <strong>Bang 36000<\/strong> si\u016blo \u012fvairius <strong>12 nuostabi\u0173 skoni\u0173<\/strong> skonius, i\u0161 kuri\u0173 galima rinktis, \u012fskaitant tokius m\u0117gstamus kaip <strong>Sultingas Persik\u0173 Ledas<\/strong>, <strong>Bra\u0161ki\u0173 arb\u016bzas<\/strong>, <strong>Arb\u016bz\u0173 ledas<\/strong>, ir <strong>Atogr\u0105\u017e\u0173 Vaisiai<\/strong>. Su <strong>dvigubas skonis<\/strong> funkcija, galite m\u0117gautis dviem skirtingais skoniais viename prietaise.<\/p>\n<hr \/>\n<p><strong>5. Ar \u201eBang Vape 36K\u201c turi baterijos ir e-skys\u010dio lygio indikatori\u0173?<\/strong><\/p>\n<p>Taip, <strong>Bang Vape 36K<\/strong>\u00a0yra apr\u016bpintas <strong>i\u0161manusis LED ekranas<\/strong> kuriame rodoma ir <strong>baterijos veikimo laik\u0105<\/strong> ir <strong>e-skys\u010dio lygius<\/strong>, tod\u0117l visada \u017einote, kada laikas \u012fkrauti ar papildyti savo garintuv\u0105. Tai leid\u017eia lengvai steb\u0117ti ir valdyti prietais\u0105, kad garinimo patirtis b\u016bt\u0173 sklandi.<\/p>\n<\/div>\n<\/div>\n<\/div>\n<\/div>\n<\/div>\n<\/div>\n<\/div>\n<\/div>\n<\/div>\n<\/div>\n<div class=\"group\/conversation-turn relative flex w-full min-w-0 flex-col agent-turn\">\n<div class=\"flex-col gap-1 md:gap-3\">\n<div class=\"flex max-w-full flex-col flex-grow\">\n<div class=\"min-h-8 text-message flex w-full flex-col items-end gap-2 whitespace-normal break-words [.text-message+&amp;]:mt-5\" dir=\"auto\" data-message-author-role=\"assistant\" data-message-id=\"a3dc01bd-23b0-4fd7-bb9a-7827522cefd8\" data-message-model-slug=\"gpt-4o\">\n<div class=\"flex w-full flex-col gap-1 empty:hidden first:pt-[3px]\"><\/div>\n<\/div>\n<\/div>\n<\/div>\n<\/div>\n<\/div>\n<\/div>\n<\/div>\n<\/div>\n<\/div>\n<\/div>\n<\/div>\n<\/div>\n<\/div>\n<\/div>\n<h3>Apie siuntim\u0105<\/h3>\n<div class=\"flex-shrink-0 flex flex-col relative items-end\">\n<div>\n<div class=\"pt-0\">\n<div class=\"gizmo-bot-avatar flex h-8 w-8 items-center justify-center overflow-hidden rounded-full\">\n<div><\/div>\n<div class=\"relative p-1 rounded-sm flex items-center justify-center bg-token-main-surface-primary text-token-text-primary h-8 w-8\"><strong>1. Kokie siuntimo b\u016bdai naudojami?<\/strong><\/div>\n<\/div>\n<\/div>\n<\/div>\n<\/div>\n<div class=\"group\/conversation-turn relative flex w-full min-w-0 flex-col agent-turn\">\n<div class=\"flex-col gap-1 md:gap-3\">\n<div class=\"flex max-w-full flex-col flex-grow\">\n<div class=\"min-h-[20px] text-message flex w-full flex-col items-end gap-2 whitespace-normal break-words [.text-message+&amp;]:mt-5 overflow-x-auto\" dir=\"auto\" data-message-author-role=\"assistant\" data-message-id=\"22f8283b-3233-46ff-89a5-c7a41b33abda\">\n<div class=\"flex w-full flex-col gap-1 empty:hidden first:pt-[3px]\">\n<div class=\"markdown prose w-full break-words dark:prose-invert light\">\n<p>Mes bendradarbiaujame su UPS, DHL, FedEx, DPD ir kitais pirmaujan\u010diais ve\u017e\u0117jais. Mes parinksime geriausi\u0105 siuntimo b\u016bd\u0105, atsi\u017evelgdami \u012f j\u016bs\u0173 pristatymo viet\u0105, kad u\u017etikrintume, jog gaminiai jus pasieks kuo grei\u010diau.<\/p>\n<\/div>\n<p><strong>2. Per kiek laiko prek\u0117s atkeliauja?<\/strong><\/p>\n<p>\u012e Lietuv\u0105 siun\u010diami siuntiniai paprastai atvyksta per 10 darbo dien\u0173. Siuntimas \u012f Europos \u0161alis paprastai trunka apie 12\u201315 darbo dien\u0173. Mes teikiame realiuoju laiku atnaujinam\u0105 informacij\u0105 apie j\u016bs\u0173 siuntos b\u016bsen\u0105.<\/p>\n<\/div>\n<\/div>\n<\/div>\n<\/div>\n<\/div>\n<p>&nbsp;<\/p>\n<p>Raskite daugiau garintuv\u0173, kurie jums gali patikti:<strong><em><a href=\"https:\/\/rmvapesale.com\/lt\/shop-2\/\">pirkti dabar &gt;&gt;&gt;<\/a><\/em><\/strong><\/p>","protected":false},"excerpt":{"rendered":"<p>Bang Vape 36000 Spaceman Vienkartinis Garintuvas Didmenin\u0117<br \/>\nBang Vape 36k P\u016btim\u0173 \u012ekraunamas Vienkartinis Garintuvas Didmenin\u0117 Kaina<br \/>\nKar\u0161tai Parduodamas Vienkartinis Garintuvas Bang Vape 36000<\/p>\n<p><strong>Susisiekite su Amy ir gaukite tinkam\u0105 atsakym\u0105 bei vape kupon\u0105!<\/strong><\/p>\n<p><img loading=\"lazy\" decoding=\"async\" class=\"size-full wp-image-2375\" src=\"https:\/\/rmvapesale.com\/wp-content\/uploads\/2024\/10\/image.png\" alt=\"Geriausias Vienkartinis Vape\" width=\"229\" height=\"300\" \/><\/p>\n<h3><a href=\"https:\/\/wa.me\/8617776015835\"><span style=\"color: #ff0000\"><strong>WhatsApp: +86 17776015835<\/strong><\/span><\/a><\/h3>\n<p>&nbsp;<\/p>","protected":false},"featured_media":2851,"comment_status":"open","ping_status":"closed","template":"","meta":{"_uag_custom_page_level_css":"","_lmt_disableupdate":"no","_lmt_disable":"","site-sidebar-layout":"default","site-content-layout":"content-boxed-container","ast-site-content-layout":"normal-width-container","site-content-style":"boxed","site-sidebar-style":"unboxed","ast-global-header-display":"","ast-banner-title-visibility":"","ast-main-header-display":"","ast-hfb-above-header-display":"","ast-hfb-below-header-display":"","ast-hfb-mobile-header-display":"","site-post-title":"","ast-breadcrumbs-content":"","ast-featured-img":"","footer-sml-layout":"","ast-disable-related-posts":"","theme-transparent-header-meta":"default","adv-header-id-meta":"","stick-header-meta":"","header-above-stick-meta":"","header-main-stick-meta":"","header-below-stick-meta":"","astra-migrate-meta-layouts":"set","ast-page-background-enabled":"default","ast-page-background-meta":{"desktop":{"background-color":"var(--ast-global-color-4)","background-image":"","background-repeat":"repeat","background-position":"center center","background-size":"auto","background-attachment":"scroll","background-type":"","background-media":"","overlay-type":"","overlay-color":"","overlay-opacity":"","overlay-gradient":""},"tablet":{"background-color":"","background-image":"","background-repeat":"repeat","background-position":"center center","background-size":"auto","background-attachment":"scroll","background-type":"","background-media":"","overlay-type":"","overlay-color":"","overlay-opacity":"","overlay-gradient":""},"mobile":{"background-color":"","background-image":"","background-repeat":"repeat","background-position":"center center","background-size":"auto","background-attachment":"scroll","background-type":"","background-media":"","overlay-type":"","overlay-color":"","overlay-opacity":"","overlay-gradient":""}},"ast-content-background-meta":{"desktop":{"background-color":"var(--ast-global-color-5)","background-image":"","background-repeat":"repeat","background-position":"center center","background-size":"auto","background-attachment":"scroll","background-type":"","background-media":"","overlay-type":"","overlay-color":"","overlay-opacity":"","overlay-gradient":""},"tablet":{"background-color":"var(--ast-global-color-5)","background-image":"","background-repeat":"repeat","background-position":"center center","background-size":"auto","background-attachment":"scroll","background-type":"","background-media":"","overlay-type":"","overlay-color":"","overlay-opacity":"","overlay-gradient":""},"mobile":{"background-color":"var(--ast-global-color-5)","background-image":"","background-repeat":"repeat","background-position":"center center","background-size":"auto","background-attachment":"scroll","background-type":"","background-media":"","overlay-type":"","overlay-color":"","overlay-opacity":"","overlay-gradient":""}},"_joinchat":[]},"product_brand":[],"product_cat":[15,60,27,25,123,30,26,28,137,136,135],"product_tag":[239,199,111,240,120],"class_list":{"0":"post-2854","1":"product","2":"type-product","3":"status-publish","4":"has-post-thumbnail","6":"product_cat-new-vape-this-week","7":"product_cat-bang-vapes","8":"product_cat-fance-hot-sale-vape","9":"product_cat-germany-best-selling-vape","10":"product_cat-italy-wholesale-vape","11":"product_cat-minimum-order-quantity-50pcs","12":"product_cat-netherlands-hot-sale-vape","13":"product_cat-poland-hot-sale-vape","14":"product_cat-rechargeable-vapes","15":"product_cat-smart-screen-vapes","16":"product_cat-spain-best-hot-sale-vape","17":"product_tag-bang-36000","18":"product_tag-bang-vape","19":"product_tag-low-nicotine-disposable-vape","20":"product_tag-puff-36k","21":"product_tag-vape-wholesale","22":"desktop-align-left","23":"tablet-align-left","24":"mobile-align-left","26":"first","27":"instock","28":"sale","29":"shipping-taxable","30":"purchasable","31":"product-type-simple"},"uagb_featured_image_src":{"full":["https:\/\/rmvapesale.com\/wp-content\/uploads\/2024\/12\/Bang-36000-Disposable-Vape.jpg",1126,1126,false],"thumbnail":["https:\/\/rmvapesale.com\/wp-content\/uploads\/2024\/12\/Bang-36000-Disposable-Vape-150x150.jpg",150,150,true],"medium":["https:\/\/rmvapesale.com\/wp-content\/uploads\/2024\/12\/Bang-36000-Disposable-Vape-300x300.jpg",300,300,true],"medium_large":["https:\/\/rmvapesale.com\/wp-content\/uploads\/2024\/12\/Bang-36000-Disposable-Vape-768x768.jpg",768,768,true],"large":["https:\/\/rmvapesale.com\/wp-content\/uploads\/2024\/12\/Bang-36000-Disposable-Vape-1024x1024.jpg",1024,1024,true],"1536x1536":["https:\/\/rmvapesale.com\/wp-content\/uploads\/2024\/12\/Bang-36000-Disposable-Vape.jpg",1126,1126,false],"2048x2048":["https:\/\/rmvapesale.com\/wp-content\/uploads\/2024\/12\/Bang-36000-Disposable-Vape.jpg",1126,1126,false],"trp-custom-language-flag":["https:\/\/rmvapesale.com\/wp-content\/uploads\/2024\/12\/Bang-36000-Disposable-Vape.jpg",12,12,false],"woocommerce_thumbnail":["https:\/\/rmvapesale.com\/wp-content\/uploads\/2024\/12\/Bang-36000-Disposable-Vape-300x300.jpg",300,300,true],"woocommerce_single":["https:\/\/rmvapesale.com\/wp-content\/uploads\/2024\/12\/Bang-36000-Disposable-Vape-600x600.jpg",600,600,true],"woocommerce_gallery_thumbnail":["https:\/\/rmvapesale.com\/wp-content\/uploads\/2024\/12\/Bang-36000-Disposable-Vape-100x100.jpg",100,100,true],"wcpr-photo-reviews":["https:\/\/rmvapesale.com\/wp-content\/uploads\/2024\/12\/Bang-36000-Disposable-Vape.jpg",500,500,false]},"uagb_author_info":{"display_name":"AMY","author_link":"https:\/\/rmvapesale.com\/lt\/author\/"},"uagb_comment_info":0,"uagb_excerpt":"Bang Vape 36000 Spaceman Disposable Vape Wholesale Bang Vape 36k Puffs Rechargeable Disposable Vape Wholesale Price Hot Sell Disposable Vape Pen Bang Vape 36000 Contact Amy to get right reply and vape coupon! WhatsApp: +86 17776015835 &nbsp;","_links":{"self":[{"href":"https:\/\/rmvapesale.com\/lt\/wp-json\/wp\/v2\/product\/2854","targetHints":{"allow":["GET"]}}],"collection":[{"href":"https:\/\/rmvapesale.com\/lt\/wp-json\/wp\/v2\/product"}],"about":[{"href":"https:\/\/rmvapesale.com\/lt\/wp-json\/wp\/v2\/types\/product"}],"replies":[{"embeddable":true,"href":"https:\/\/rmvapesale.com\/lt\/wp-json\/wp\/v2\/comments?post=2854"}],"wp:featuredmedia":[{"embeddable":true,"href":"https:\/\/rmvapesale.com\/lt\/wp-json\/wp\/v2\/media\/2851"}],"wp:attachment":[{"href":"https:\/\/rmvapesale.com\/lt\/wp-json\/wp\/v2\/media?parent=2854"}],"wp:term":[{"taxonomy":"product_brand","embeddable":true,"href":"https:\/\/rmvapesale.com\/lt\/wp-json\/wp\/v2\/product_brand?post=2854"},{"taxonomy":"product_cat","embeddable":true,"href":"https:\/\/rmvapesale.com\/lt\/wp-json\/wp\/v2\/product_cat?post=2854"},{"taxonomy":"product_tag","embeddable":true,"href":"https:\/\/rmvapesale.com\/lt\/wp-json\/wp\/v2\/product_tag?post=2854"}],"curies":[{"name":"wp","href":"https:\/\/api.w.org\/{rel}","templated":true}]}}