{"id":2862,"date":"2024-12-13T09:20:35","date_gmt":"2024-12-13T09:20:35","guid":{"rendered":"https:\/\/rmvapesale.com\/?post_type=product&#038;p=2862"},"modified":"2024-12-13T09:26:19","modified_gmt":"2024-12-13T09:26:19","slug":"vapsolo-twins-20000-2-flavour-in-1-disposable-vape-bulk-buy-price","status":"publish","type":"product","link":"https:\/\/rmvapesale.com\/lt\/product\/vapsolo-twins-20000-2-flavour-in-1-disposable-vape-bulk-buy-price\/","title":{"rendered":"Vapsolo Dvyniai 20000 P\u016btim\u0173 2 Skoniai viename Vienkartiniame Vape Didmenin\u0117 Kaina"},"content":{"rendered":"<div class=\"B2VR9 CJHX3e\">\n<div class=\"wyccme\">\n<div class=\"flex-shrink-0 flex flex-col relative items-end\">\n<div class=\"pt-0\">\n<div class=\"gizmo-bot-avatar flex h-8 w-8 items-center justify-center overflow-hidden rounded-full\">\n<div class=\"relative p-1 rounded-sm flex items-center justify-center bg-token-main-surface-primary text-token-text-primary h-8 w-8\">\n<div class=\"flex-shrink-0 flex flex-col relative items-end\">\n<div class=\"pt-0\">\n<div class=\"gizmo-bot-avatar flex h-8 w-8 items-center justify-center overflow-hidden rounded-full\">\n<h1 class=\"relative p-1 rounded-sm flex items-center justify-center bg-token-main-surface-primary text-token-text-primary h-8 w-8\">Vapsolo Dvyniai 20000 P\u016btim\u0173 2 Skoniai viename Vienkartiniame Vape Didmenin\u0117 Kaina<\/h1>\n<\/div>\n<\/div>\n<\/div>\n<\/div>\n<\/div>\n<\/div>\n<\/div>\n<div class=\"group\/conversation-turn relative flex w-full min-w-0 flex-col agent-turn\">\n<div class=\"flex-col gap-1 md:gap-3\">\n<div class=\"flex max-w-full flex-col flex-grow\">\n<div class=\"min-h-8 text-message flex w-full flex-col items-end gap-2 whitespace-normal break-words text-start [.text-message+&amp;]:mt-5\" dir=\"auto\" data-message-author-role=\"assistant\" data-message-id=\"80ece0c4-ead1-4ed9-a9f0-ddc22582b4f4\" data-message-model-slug=\"gpt-4o\">\n<div class=\"flex w-full flex-col gap-1 empty:hidden first:pt-[3px]\">\n<div class=\"markdown prose w-full break-words dark:prose-invert light\">\n<h3><\/h3>\n<\/div>\n<\/div>\n<\/div>\n<\/div>\n<\/div>\n<\/div>\n<div class=\"flex-shrink-0 flex flex-col relative items-end\">\n<div class=\"pt-0\">\n<div class=\"gizmo-bot-avatar flex h-8 w-8 items-center justify-center overflow-hidden rounded-full\">\n<div class=\"relative p-1 rounded-sm flex items-center justify-center bg-token-main-surface-primary text-token-text-primary h-8 w-8\">\n<p>Pakelkite savo garinimo patirt\u012f su <strong>Vapsolo Twins 20000 2 Skoni\u0173 viename Vienkartiniame Vape<\/strong>, tobulas sprendimas \u012fvairovei ir patogumui. Su revoliuciniu <strong>dviej\u0173 talp\u0173 sistema<\/strong>, \u0161is \u012frenginys suteikia du skirtingus skonius viename, stilingame vape. Su <strong>dideliu 20 000 p\u016b\u0161\u010di\u0173 talpa<\/strong> ir a <strong>25 ml elektroninio skys\u010dio talpykla<\/strong>, u\u017etikrina ilgalaik\u012f malonum\u0105 be pertrauk\u0173. Su <strong>650 mAh \u012fkraunama baterija<\/strong> ir Type-C greito \u012fkrovimo funkcija, \u0161is <strong>vienkartinio garintuvo<\/strong> jungia patvarum\u0105 ir ekologi\u0161kum\u0105. Pa\u017eangi <strong>tinklin\u0117 kaitinimo technologija<\/strong> u\u017etikrina skland\u0173 garavim\u0105 ir ry\u0161k\u0173 skon\u012f, o <strong>reguliuojamas oro srautas<\/strong> si\u016blo personalizuot\u0105 vaping patirt\u012f. Nesvarbu, ar perkate asmeniniam naudojimui, ar ie\u0161kote <strong>elektronini\u0173 cigare\u010di\u0173 didmeninei prekybai<\/strong> kain\u0173 savo verslui, \u0161is <strong>ma\u017eai nikotino turin\u010diu vienkartiniu garintuvu<\/strong> yra geriausias pasirinkimas.<\/p>\n<\/div>\n<\/div>\n<\/div>\n<\/div>\n<\/div>\n<\/div>\n<p><strong>Susisiekite su Amy ir gaukite tinkam\u0105 atsakym\u0105 bei vape kupon\u0105!<\/strong><\/p>\n<p><img loading=\"lazy\" decoding=\"async\" class=\"size-full wp-image-1978\" src=\"https:\/\/rmvapesale.com\/wp-content\/uploads\/2024\/09\/Disposable-Vape-Wholesale.jpg\" alt=\"Vienkartinis garintuvas didmenin\u0117 prekyba\" width=\"229\" height=\"300\" \/><\/p>\n<h3><a href=\"https:\/\/wa.me\/8617776015835\" target=\"_blank\" rel=\"noopener\"><span style=\"color: #ff0000\"><strong>WhatsApp: +86 17776015835<\/strong><\/span><\/a><\/h3>\n<h2><\/h2>\n<h2><strong>Vapsolo Twins 20000 Pagrindin\u0117s Savyb\u0117s<\/strong><\/h2>\n<h3><\/h3>\n<ol>\n<li><strong>Dvigubo skonio patogumas:<\/strong> M\u0117gaukit\u0117s dviem skoniais vienu metu su inovatyviu dviej\u0173 bakeli\u0173 dizainu.<\/li>\n<li><strong>Ilgalaikis naudojimas:<\/strong> Si\u016blo \u012fsp\u016bding\u0105 <strong>20 000 \u012ftraukim\u0173<\/strong>, puikiai tinka ilgesniam vapingui.<\/li>\n<li><strong>\u012ekraunama baterija:<\/strong> Veikia patikimu 650mAh akumuliatoriumi su Type-C greitu \u012fkrovimu.<\/li>\n<li><strong>Didelis E-skys\u010dio bakelis:<\/strong> I\u0161 anksto u\u017epildytas <strong>25ml auk\u0161tos kokyb\u0117s e-skys\u010dio<\/strong> ma\u017eiau papildym\u0173.<\/li>\n<li><strong>Nikotino universalumas:<\/strong> Galima \u012fsigyti su <strong>2% ir 5% nikotino variantai<\/strong> tinkan\u010dios visiems poreikiams.<\/li>\n<li><strong>Auk\u0161tos kokyb\u0117s garo gamyba:<\/strong> Yra pa\u017eangios <strong>tinklin\u0117 kaitinimo technologija<\/strong> suteikian\u010dios turting\u0105, nuosekl\u0173 gar\u0105.<\/li>\n<li><strong>Personalizuota patirtis:<\/strong> Reguliuojamas oro srauto valdymas pritaikytiems vaping seansams.<\/li>\n<li><strong>Kompakti\u0161kas ir stilingas:<\/strong> Ne\u0161iojamas dizainas, puikiai tinkantis kasdieniam naudojimui.<\/li>\n<li><strong>Vartotojui draugi\u0161ka valdymo sistema:<\/strong> \u012ejungimo sistema, skirta lengviau \u012fkv\u0117pti suktuk\u0105.<\/li>\n<li><strong>Didmenin\u0117s kainos prana\u0161umas:<\/strong> Idealiai tinka didmeniniams pirk\u0117jams, ie\u0161kantiems vert\u0117s ir kokyb\u0117s<\/li>\n<\/ol>\n<h2><\/h2>\n<h2><strong>Vapsolo 20000 Skoni\u0173 s\u0105ra\u0161as<\/strong><\/h2>\n<p>1. Citrusin\u0117 Limon\u0117 ir Arb\u016bzas su ledu<br \/>\n2. Vynuog\u0117 su ledu ir Bra\u0161k\u0117 Kivi<br \/>\n3. Ananasas Kokosas ir Bra\u0161k\u0117 Bananas<br \/>\n4. Apelsinas Mango Arb\u016bzas ir Red Bull<br \/>\n5. M\u0117lyn\u0117 su ledu ir Gazuotas vy\u0161ni\u0173 skonis<br \/>\n6. Arb\u016bzas su ledu ir Mi\u0161ri uogos<br \/>\n7. Bra\u0161k\u0117s Bananas ir Gazuotas Vy\u0161nin\u0117s<br \/>\n8. Bra\u0161k\u0117s Aviet\u0117s Vy\u0161nin\u0117s Ledas ir Vynuogi\u0173 Ledas<br \/>\n9. M\u0117lynas Razz Lemona ir Citrin\u0173 Limo<br \/>\n10. Arb\u016bzo Ledas ir Bra\u0161k\u0117s Mango<br \/>\n11. Trij\u0173 Melon\u0173 ir Avie\u010di\u0173 Arb\u016bzas<br \/>\n12. Juodas Ledas Drakono Vaisius Bra\u0161k\u0117 ir Avie\u010di\u0173 Arb\u016bzas<br \/>\n13. Ananas\u0173 Kokoso ir Arb\u016bzo Ledas<br \/>\n14. Bra\u0161k\u0117s Ledas ir Mango Persiko Arb\u016bzas<br \/>\n15. Bra\u0161k\u0117s Kivi ir Bra\u0161k\u0117s Avie\u010di\u0173 Vy\u0161nin\u0117s Ledas<br \/>\n16. Trij\u0173 Melon\u0173 ir Ananas\u0173 Kokoso<\/p>\n<p>&nbsp;<\/p>\n<h3><strong>Kod\u0117l verta rinktis Rmvapesale Vapsolo Dvynius 20k P\u016b\u010di\u0173 <\/strong><strong>V<\/strong><strong>Didmenin\u0117 prekyba veipais<\/strong><strong>?<\/strong><\/h3>\n<div class=\"flex-shrink-0 flex flex-col relative items-end\">\n<div class=\"pt-0\">\n<div class=\"gizmo-bot-avatar flex h-8 w-8 items-center justify-center overflow-hidden rounded-full\">\n<div class=\"relative p-1 rounded-sm flex items-center justify-center bg-token-main-surface-primary text-token-text-primary h-8 w-8\">\n<p>Sveiki atvyk\u0119 \u012f Rmvapesale, j\u016bs\u0173 patikim\u0105 veip\u0173 parduotuv\u0119, kurioje rasite auk\u0161\u010diausios kokyb\u0117s vienkartini\u0173 veip\u0173. Tur\u0117dami daugiau nei 5 met\u0173 patirt\u012f, si\u016blome populiarius vienkartini\u0173 veip\u0173 prek\u0117s \u017eenklus, tokius kaip Al Fakher, Vapme Vape, <a href=\"https:\/\/rmvapesale.com\/lt\/product-category\/bang-vapes\/\">Bang Vape<\/a>, Waspe, WGA Vape ir<a href=\"https:\/\/rmvapesale.com\/lt\/product-category\/randm-fumot-vape\/\"> RandM Vape<\/a>.<\/p>\n<p>M\u016bs\u0173 asortimente yra kar\u0161tai parduodam\u0173 veip\u0173, toki\u0173 kaip <a href=\"https:\/\/rmvapesale.com\/lt\/product\/randm-tornado-15000-puffs-vape-wholesale\/\">RandM Tornado 15000<\/a> ir gausus skoni\u0173 pasirinkimas, pavyzd\u017eiui, Vapme 70000. Kiekvienas produktas yra parenkamas atsi\u017evelgiant \u012f kokyb\u0119, vert\u0119 ir \u012fvairov\u0119, u\u017etikrinant, kad rastum\u0117te tobulai tinkan\u010di\u0105 prek\u0119. Atraskite i\u0161skirtin\u012f aptarnavim\u0105 ir plat\u0173 auk\u0161\u010diausios kokyb\u0117s produkt\u0173 asortiment\u0105 Rmvapesale.<\/p>\n<\/div>\n<h3><\/h3>\n<div class=\"relative p-1 rounded-sm flex items-center justify-center bg-token-main-surface-primary text-token-text-primary h-8 w-8\">\n<h3><b> DUK Vapsolo Dvyniams 20000 <\/b><b>\u012ekraunamas vienkartinis veipas<\/b><\/h3>\n<div class=\"group\/conversation-turn relative flex w-full min-w-0 flex-col agent-turn\">\n<div class=\"flex-col gap-1 md:gap-3\">\n<div class=\"flex max-w-full flex-col flex-grow\">\n<div class=\"min-h-8 text-message flex w-full flex-col items-end gap-2 whitespace-normal break-words [.text-message+&amp;]:mt-5\" dir=\"auto\" data-message-author-role=\"assistant\" data-message-id=\"00c9b302-bc9c-4550-94ba-5a295efa2be3\" data-message-model-slug=\"gpt-4o\">\n<div class=\"flex w-full flex-col gap-1 empty:hidden first:pt-[3px]\">\n<div class=\"markdown prose w-full break-words dark:prose-invert light\">\n<div class=\"flex-shrink-0 flex flex-col relative items-end\">\n<div class=\"pt-0\">\n<div class=\"gizmo-bot-avatar flex h-8 w-8 items-center justify-center overflow-hidden rounded-full\">\n<div class=\"relative p-1 rounded-sm flex items-center justify-center bg-token-main-surface-primary text-token-text-primary h-8 w-8\">\n<div class=\"flex-shrink-0 flex flex-col relative items-end\">\n<div class=\"pt-0\">\n<div class=\"gizmo-bot-avatar flex h-8 w-8 items-center justify-center overflow-hidden rounded-full\">\n<div class=\"relative p-1 rounded-sm flex items-center justify-center bg-token-main-surface-primary text-token-text-primary h-8 w-8\">\n<ol>\n<li><strong>Kokius skonius galiu m\u0117gautis su Vapsolo Dvyniais 20000?<\/strong><br \/>\nDvigubo bako sistema leid\u017eia patirti du skirtingus skonius vienu metu, pridedant \u012fvairov\u0117s j\u016bs\u0173 vaping patir\u010diai.<\/li>\n<li><strong>Kiek \u012fkvepim\u0173 suteikia \u0161is \u012frenginys?<\/strong><br \/>\nSu <strong>Vapsolo Twins 20000<\/strong> si\u016blo iki <strong>20 000 \u012ftraukim\u0173<\/strong>, u\u017etikrinant ilgalaik\u012f naudojim\u0105.<\/li>\n<li><strong>Ar galima \u012fkrauti Vapsolo Dvynius?<\/strong><br \/>\nTaip, jame yra <strong>650 mAh \u012fkraunama baterija<\/strong> su Type-C \u012fkrovimu greitam ir patogiam \u012fkrovimui.<\/li>\n<li><strong>Kokie nikotino lygiai yra prieinami \u0161iam \u012frenginiui?<\/strong><br \/>\n\u0160is <strong>vienkartinio garintuvo<\/strong> ateina \u012f <strong>2% ir 5% nikotino stiprumo<\/strong>, patenkindamas skirtingus vartotoj\u0173 pageidavimus.<\/li>\n<li><strong>Kod\u0117l Vapsolo Twins 20000 yra idealus didmeniniams pirk\u0117jams?<\/strong><br \/>\nJo <strong>didmenin\u0117 pirkimo kaina<\/strong>, ilgaam\u017eis veikimas ir unikali dviej\u0173 skoni\u0173 funkcija daro j\u012f populiariu pasirinkimu perpardav\u0117jams.<\/li>\n<\/ol>\n<\/div>\n<\/div>\n<\/div>\n<\/div>\n<\/div>\n<\/div>\n<\/div>\n<\/div>\n<div class=\"group\/conversation-turn relative flex w-full min-w-0 flex-col agent-turn\">\n<div class=\"flex-col gap-1 md:gap-3\">\n<div class=\"flex max-w-full flex-col flex-grow\">\n<div class=\"min-h-8 text-message flex w-full flex-col items-end gap-2 whitespace-normal break-words [.text-message+&amp;]:mt-5\" dir=\"auto\" data-message-author-role=\"assistant\" data-message-id=\"a3dc01bd-23b0-4fd7-bb9a-7827522cefd8\" data-message-model-slug=\"gpt-4o\">\n<div class=\"flex w-full flex-col gap-1 empty:hidden first:pt-[3px]\"><\/div>\n<\/div>\n<\/div>\n<\/div>\n<\/div>\n<\/div>\n<\/div>\n<\/div>\n<\/div>\n<\/div>\n<\/div>\n<\/div>\n<\/div>\n<\/div>\n<\/div>\n<h3>Apie siuntim\u0105<\/h3>\n<div class=\"flex-shrink-0 flex flex-col relative items-end\">\n<div>\n<div class=\"pt-0\">\n<div class=\"gizmo-bot-avatar flex h-8 w-8 items-center justify-center overflow-hidden rounded-full\">\n<div><\/div>\n<div class=\"relative p-1 rounded-sm flex items-center justify-center bg-token-main-surface-primary text-token-text-primary h-8 w-8\"><strong>1. Kokie siuntimo b\u016bdai naudojami?<\/strong><\/div>\n<\/div>\n<\/div>\n<\/div>\n<\/div>\n<div class=\"group\/conversation-turn relative flex w-full min-w-0 flex-col agent-turn\">\n<div class=\"flex-col gap-1 md:gap-3\">\n<div class=\"flex max-w-full flex-col flex-grow\">\n<div class=\"min-h-[20px] text-message flex w-full flex-col items-end gap-2 whitespace-normal break-words [.text-message+&amp;]:mt-5 overflow-x-auto\" dir=\"auto\" data-message-author-role=\"assistant\" data-message-id=\"22f8283b-3233-46ff-89a5-c7a41b33abda\">\n<div class=\"flex w-full flex-col gap-1 empty:hidden first:pt-[3px]\">\n<div class=\"markdown prose w-full break-words dark:prose-invert light\">\n<p>Mes bendradarbiaujame su UPS, DHL, FedEx, DPD ir kitais pirmaujan\u010diais ve\u017e\u0117jais. Mes parinksime geriausi\u0105 siuntimo b\u016bd\u0105, atsi\u017evelgdami \u012f j\u016bs\u0173 pristatymo viet\u0105, kad u\u017etikrintume, jog gaminiai jus pasieks kuo grei\u010diau.<\/p>\n<\/div>\n<p><strong>2. Per kiek laiko prek\u0117s atkeliauja?<\/strong><\/p>\n<p>\u012e Lietuv\u0105 siun\u010diami siuntiniai paprastai atvyksta per 10 darbo dien\u0173. Siuntimas \u012f Europos \u0161alis paprastai trunka apie 12\u201315 darbo dien\u0173. Mes teikiame realiuoju laiku atnaujinam\u0105 informacij\u0105 apie j\u016bs\u0173 siuntos b\u016bsen\u0105.<\/p>\n<\/div>\n<\/div>\n<\/div>\n<\/div>\n<\/div>\n<p>&nbsp;<\/p>\n<p>Raskite daugiau garintuv\u0173, kurie jums gali patikti:<strong><em><a href=\"https:\/\/rmvapesale.com\/lt\/shop-2\/\">pirkti dabar &gt;&gt;&gt;<\/a><\/em><\/strong><\/p>","protected":false},"excerpt":{"rendered":"<p>Vapsolo Twins 20000 P\u016b\u0161\u010di\u0173 2 Skoni\u0173 viename Vienkartiniame Vape Didmenin\u0117<br \/>\nVapsolo Twins 20000 2 Skoni\u0173 viename \u012ekraunamame Vienkartiniame Vape Didmenin\u0117 Kaina<br \/>\nKar\u0161tas Parduodamas Vienkartinis Vape Pie\u0161tukas Vapsolo Twins 20000 P\u016b\u0161\u010di\u0173 Didmenin\u0117 Kaina<\/p>\n<p><strong>Susisiekite su Amy ir gaukite tinkam\u0105 atsakym\u0105 bei vape kupon\u0105!<\/strong><\/p>\n<p><img loading=\"lazy\" decoding=\"async\" class=\"size-full wp-image-2375\" src=\"https:\/\/rmvapesale.com\/wp-content\/uploads\/2024\/10\/image.png\" alt=\"Geriausias Vienkartinis Vape\" width=\"229\" height=\"300\" \/><\/p>\n<h3><a href=\"https:\/\/wa.me\/8617776015835\"><span style=\"color: #ff0000\"><strong>WhatsApp: +86 17776015835<\/strong><\/span><\/a><\/h3>\n<p>&nbsp;<\/p>","protected":false},"featured_media":2860,"comment_status":"open","ping_status":"closed","template":"","meta":{"_uag_custom_page_level_css":"","_lmt_disableupdate":"no","_lmt_disable":"","site-sidebar-layout":"default","site-content-layout":"content-boxed-container","ast-site-content-layout":"normal-width-container","site-content-style":"boxed","site-sidebar-style":"unboxed","ast-global-header-display":"","ast-banner-title-visibility":"","ast-main-header-display":"","ast-hfb-above-header-display":"","ast-hfb-below-header-display":"","ast-hfb-mobile-header-display":"","site-post-title":"","ast-breadcrumbs-content":"","ast-featured-img":"","footer-sml-layout":"","theme-transparent-header-meta":"default","adv-header-id-meta":"","stick-header-meta":"","header-above-stick-meta":"","header-main-stick-meta":"","header-below-stick-meta":"","astra-migrate-meta-layouts":"set","ast-page-background-enabled":"default","ast-page-background-meta":{"desktop":{"background-color":"var(--ast-global-color-4)","background-image":"","background-repeat":"repeat","background-position":"center center","background-size":"auto","background-attachment":"scroll","background-type":"","background-media":"","overlay-type":"","overlay-color":"","overlay-opacity":"","overlay-gradient":""},"tablet":{"background-color":"","background-image":"","background-repeat":"repeat","background-position":"center center","background-size":"auto","background-attachment":"scroll","background-type":"","background-media":"","overlay-type":"","overlay-color":"","overlay-opacity":"","overlay-gradient":""},"mobile":{"background-color":"","background-image":"","background-repeat":"repeat","background-position":"center center","background-size":"auto","background-attachment":"scroll","background-type":"","background-media":"","overlay-type":"","overlay-color":"","overlay-opacity":"","overlay-gradient":""}},"ast-content-background-meta":{"desktop":{"background-color":"var(--ast-global-color-5)","background-image":"","background-repeat":"repeat","background-position":"center center","background-size":"auto","background-attachment":"scroll","background-type":"","background-media":"","overlay-type":"","overlay-color":"","overlay-opacity":"","overlay-gradient":""},"tablet":{"background-color":"var(--ast-global-color-5)","background-image":"","background-repeat":"repeat","background-position":"center center","background-size":"auto","background-attachment":"scroll","background-type":"","background-media":"","overlay-type":"","overlay-color":"","overlay-opacity":"","overlay-gradient":""},"mobile":{"background-color":"var(--ast-global-color-5)","background-image":"","background-repeat":"repeat","background-position":"center center","background-size":"auto","background-attachment":"scroll","background-type":"","background-media":"","overlay-type":"","overlay-color":"","overlay-opacity":"","overlay-gradient":""}},"_joinchat":[]},"product_brand":[],"product_cat":[15,25,123,26,28,135,27,137,136,30],"product_tag":[40,111,243,241,242],"class_list":{"0":"post-2862","1":"product","2":"type-product","3":"status-publish","4":"has-post-thumbnail","6":"product_cat-new-vape-this-week","7":"product_cat-germany-best-selling-vape","8":"product_cat-italy-wholesale-vape","9":"product_cat-netherlands-hot-sale-vape","10":"product_cat-poland-hot-sale-vape","11":"product_cat-spain-best-hot-sale-vape","12":"product_cat-fance-hot-sale-vape","13":"product_cat-rechargeable-vapes","14":"product_cat-smart-screen-vapes","15":"product_cat-minimum-order-quantity-50pcs","16":"product_tag-hot-sale-vape","17":"product_tag-low-nicotine-disposable-vape","18":"product_tag-vapsolo","19":"product_tag-vapsolo-twins-20000","20":"product_tag-vapsolo-twins-20k","21":"desktop-align-left","22":"tablet-align-left","23":"mobile-align-left","25":"first","26":"instock","27":"sale","28":"shipping-taxable","29":"purchasable","30":"product-type-simple"},"uagb_featured_image_src":{"full":["https:\/\/rmvapesale.com\/wp-content\/uploads\/2024\/12\/VapSolo-Twins-20000-Disposable-Vape.jpg",1126,1126,false],"thumbnail":["https:\/\/rmvapesale.com\/wp-content\/uploads\/2024\/12\/VapSolo-Twins-20000-Disposable-Vape-150x150.jpg",150,150,true],"medium":["https:\/\/rmvapesale.com\/wp-content\/uploads\/2024\/12\/VapSolo-Twins-20000-Disposable-Vape-300x300.jpg",300,300,true],"medium_large":["https:\/\/rmvapesale.com\/wp-content\/uploads\/2024\/12\/VapSolo-Twins-20000-Disposable-Vape-768x768.jpg",768,768,true],"large":["https:\/\/rmvapesale.com\/wp-content\/uploads\/2024\/12\/VapSolo-Twins-20000-Disposable-Vape-1024x1024.jpg",1024,1024,true],"1536x1536":["https:\/\/rmvapesale.com\/wp-content\/uploads\/2024\/12\/VapSolo-Twins-20000-Disposable-Vape.jpg",1126,1126,false],"2048x2048":["https:\/\/rmvapesale.com\/wp-content\/uploads\/2024\/12\/VapSolo-Twins-20000-Disposable-Vape.jpg",1126,1126,false],"trp-custom-language-flag":["https:\/\/rmvapesale.com\/wp-content\/uploads\/2024\/12\/VapSolo-Twins-20000-Disposable-Vape.jpg",12,12,false],"woocommerce_thumbnail":["https:\/\/rmvapesale.com\/wp-content\/uploads\/2024\/12\/VapSolo-Twins-20000-Disposable-Vape-300x300.jpg",300,300,true],"woocommerce_single":["https:\/\/rmvapesale.com\/wp-content\/uploads\/2024\/12\/VapSolo-Twins-20000-Disposable-Vape-600x600.jpg",600,600,true],"woocommerce_gallery_thumbnail":["https:\/\/rmvapesale.com\/wp-content\/uploads\/2024\/12\/VapSolo-Twins-20000-Disposable-Vape-100x100.jpg",100,100,true],"wcpr-photo-reviews":["https:\/\/rmvapesale.com\/wp-content\/uploads\/2024\/12\/VapSolo-Twins-20000-Disposable-Vape.jpg",500,500,false]},"uagb_author_info":{"display_name":"AMY","author_link":"https:\/\/rmvapesale.com\/lt\/author\/"},"uagb_comment_info":0,"uagb_excerpt":"Vapsolo Twins 20000 Puffs 2 Flavour in 1 Disposable Vape Wholesale Vapsolo Twins 20000 2 Flavour in 1 Rechargeable Disposable Vape Wholesale Price Hot Sell Disposable Vape Pen Vapsolo Twins 20000 Puffs Bulk Buy Cheap Price Contact Amy to get right reply and vape coupon! WhatsApp: +86 17776015835 &nbsp;","_links":{"self":[{"href":"https:\/\/rmvapesale.com\/lt\/wp-json\/wp\/v2\/product\/2862","targetHints":{"allow":["GET"]}}],"collection":[{"href":"https:\/\/rmvapesale.com\/lt\/wp-json\/wp\/v2\/product"}],"about":[{"href":"https:\/\/rmvapesale.com\/lt\/wp-json\/wp\/v2\/types\/product"}],"replies":[{"embeddable":true,"href":"https:\/\/rmvapesale.com\/lt\/wp-json\/wp\/v2\/comments?post=2862"}],"wp:featuredmedia":[{"embeddable":true,"href":"https:\/\/rmvapesale.com\/lt\/wp-json\/wp\/v2\/media\/2860"}],"wp:attachment":[{"href":"https:\/\/rmvapesale.com\/lt\/wp-json\/wp\/v2\/media?parent=2862"}],"wp:term":[{"taxonomy":"product_brand","embeddable":true,"href":"https:\/\/rmvapesale.com\/lt\/wp-json\/wp\/v2\/product_brand?post=2862"},{"taxonomy":"product_cat","embeddable":true,"href":"https:\/\/rmvapesale.com\/lt\/wp-json\/wp\/v2\/product_cat?post=2862"},{"taxonomy":"product_tag","embeddable":true,"href":"https:\/\/rmvapesale.com\/lt\/wp-json\/wp\/v2\/product_tag?post=2862"}],"curies":[{"name":"wp","href":"https:\/\/api.w.org\/{rel}","templated":true}]}}