{"id":2876,"date":"2024-12-23T09:17:23","date_gmt":"2024-12-23T09:17:23","guid":{"rendered":"https:\/\/rmvapesale.com\/?post_type=product&#038;p=2876"},"modified":"2024-12-23T09:39:15","modified_gmt":"2024-12-23T09:39:15","slug":"bood-pulse-pro-50000-puff-50k-low-nicotine-disposable-vape-wholesale-bulk-buy-price","status":"publish","type":"product","link":"https:\/\/rmvapesale.com\/lt\/product\/bood-pulse-pro-50000-puff-50k-low-nicotine-disposable-vape-wholesale-bulk-buy-price\/","title":{"rendered":"Bood Pulse PRO 50000 \u012ftraukim\u0173 50k vienkartini\u0173 elektronini\u0173 cigare\u010di\u0173 su ma\u017eu nikotino kiekiu didmenin\u0117 prekyba urmu"},"content":{"rendered":"<div class=\"B2VR9 CJHX3e\">\n<div class=\"wyccme\">\n<div class=\"flex-shrink-0 flex flex-col relative items-end\">\n<div class=\"pt-0\">\n<div class=\"gizmo-bot-avatar flex h-8 w-8 items-center justify-center overflow-hidden rounded-full\">\n<div class=\"relative p-1 rounded-sm flex items-center justify-center bg-token-main-surface-primary text-token-text-primary h-8 w-8\">\n<div class=\"flex-shrink-0 flex flex-col relative items-end\">\n<div class=\"pt-0\">\n<div class=\"gizmo-bot-avatar flex h-8 w-8 items-center justify-center overflow-hidden rounded-full\">\n<h1 class=\"relative p-1 rounded-sm flex items-center justify-center bg-token-main-surface-primary text-token-text-primary h-8 w-8\">Bood Pulse PRO 50000 \u012ftraukim\u0173 50k vienkartini\u0173 elektronini\u0173 cigare\u010di\u0173 su ma\u017eu nikotino kiekiu didmenin\u0117 prekyba urmu<\/h1>\n<\/div>\n<\/div>\n<\/div>\n<\/div>\n<\/div>\n<\/div>\n<\/div>\n<div class=\"group\/conversation-turn relative flex w-full min-w-0 flex-col agent-turn\">\n<div class=\"flex-col gap-1 md:gap-3\">\n<div class=\"flex max-w-full flex-col flex-grow\">\n<div class=\"min-h-8 text-message flex w-full flex-col items-end gap-2 whitespace-normal break-words text-start [.text-message+&amp;]:mt-5\" dir=\"auto\" data-message-author-role=\"assistant\" data-message-id=\"80ece0c4-ead1-4ed9-a9f0-ddc22582b4f4\" data-message-model-slug=\"gpt-4o\">\n<div class=\"flex w-full flex-col gap-1 empty:hidden first:pt-[3px]\">\n<div class=\"markdown prose w-full break-words dark:prose-invert light\">\n<h3><\/h3>\n<\/div>\n<\/div>\n<\/div>\n<\/div>\n<\/div>\n<\/div>\n<div class=\"flex-shrink-0 flex flex-col relative items-end\">\n<div class=\"pt-0\">\n<div class=\"gizmo-bot-avatar flex h-8 w-8 items-center justify-center overflow-hidden rounded-full\">\n<div class=\"relative p-1 rounded-sm flex items-center justify-center bg-token-main-surface-primary text-token-text-primary h-8 w-8\">\n<p>Pakelkite savo garinimo patirt\u012f su <strong>Bood Pulse PRO 50000 Puff ma\u017eo nikotino vienkartinis garintuvas<\/strong>, tikra inovacija tarp <strong>vienkartini\u0173 garintuv\u0173 preki\u0173 \u017eenkl\u0173<\/strong>. \u0160is <strong>50k \u012fkv\u0117pim\u0173 garintuvas<\/strong> yra skirtas vartotojams, kurie vertina na\u0161um\u0105, ilgaam\u017ei\u0161kum\u0105 ir stili\u0173.<\/p>\n<p>\u012erengtas su <strong>400 mAh \u012fkraunama baterija<\/strong> ir <strong>C tipo greitu \u012fkrovimu<\/strong>, ji u\u017etikrina, kad j\u016bs\u0173 prietaisas visada b\u016bt\u0173 paruo\u0161tas. Su savo <strong>28 ml e-skys\u010dio talpa<\/strong>, \u0161is garintuvas si\u016blo iki <strong>50 000 \u012fkv\u0117pim\u0173 \u012fprastu re\u017eimu<\/strong> or <strong>25 000 \u012fkv\u0117pim\u0173 pulso re\u017eimu<\/strong>, tenkindamas plat\u0173 pageidavim\u0173 spektr\u0105. The <strong>LED i\u0161manusis ekranas<\/strong> leid\u017eia lengvai steb\u0117ti \u012fkv\u0117pim\u0173 skai\u010di\u0173, baterijos veikimo laik\u0105 ir garinimo re\u017eim\u0105.<\/p>\n<p>Galima \u012fsigyti <strong>\u017eemos didmenin\u0117s kainos vienkartiniams garintuvams<\/strong>, <strong>\u201eBood Pulse PRO 50000\u201c<\/strong> jungia auk\u0161\u010diausios kokyb\u0117s savybes ir prieinamum\u0105, tod\u0117l idealiai tinka asmeniniam naudojimui arba <strong>didmenine prekyba<\/strong> poreikiams. Rinkit\u0117s i\u0161 daugyb\u0117s viliojan\u010di\u0173 skoni\u0173 ir m\u0117gaukit\u0117s \u0161velniu, aromatingu bei pritaikytu garinimo potyriu.<\/p>\n<\/div>\n<\/div>\n<\/div>\n<\/div>\n<\/div>\n<\/div>\n<p><strong>Susisiekite su Amy ir gaukite tinkam\u0105 atsakym\u0105 bei vape kupon\u0105!<\/strong><\/p>\n<p><img loading=\"lazy\" decoding=\"async\" class=\"size-full wp-image-1978\" src=\"https:\/\/rmvapesale.com\/wp-content\/uploads\/2024\/09\/Disposable-Vape-Wholesale.jpg\" alt=\"Vienkartinis garintuvas didmenin\u0117 prekyba\" width=\"229\" height=\"300\" \/><\/p>\n<h3><a href=\"https:\/\/wa.me\/8617776015835\" target=\"_blank\" rel=\"noopener\"><span style=\"color: #ff0000\"><strong>WhatsApp: +86 17776015835<\/strong><\/span><\/a><\/h3>\n<p>&nbsp;<\/p>\n<p><strong style=\"font-size: 1.7em\">Bood Pulse PRO 50000 pagrindin\u0117s savyb\u0117s<\/strong><\/p>\n<ol>\n<li><strong>Mil\u017eini\u0161ka 50 000 \u012ftraukim\u0173 talpa:<\/strong> Ilgalaikis garinimas su <strong>\u012eprastu ir Pulso re\u017eimais<\/strong> d\u0117l didesnio universalumo.<\/li>\n<li><strong>\u012ekraunama baterija:<\/strong> <strong>400 mAh baterija<\/strong> su C tipo greituoju \u012fkrovimu u\u017etikrina patogum\u0105.<\/li>\n<li><strong>I\u0161manusis LED ekranas:<\/strong> Be pastang\u0173 steb\u0117kite \u012fkv\u0117pim\u0173 skai\u010di\u0173, baterijos b\u016bsen\u0105 ir re\u017eimo nustatymus.<\/li>\n<li><strong>Didel\u0117 E-skys\u010dio talpa:<\/strong> 28 ml talpykla u\u017etikrina ilgesn\u012f garinim\u0105 be da\u017eno papildymo.<\/li>\n<li><strong>Pritaikomi garinimo re\u017eimai:<\/strong> Du re\u017eimai \u2013 \u012eprastas ilgaam\u017ei\u0161kumui ir Pulso intensyvumui.<\/li>\n<li><strong>Ma\u017eai nikotino turin\u010dios galimyb\u0117s:<\/strong> Galimi su 0%, 2% arba 5% nikotino, kad patirtis b\u016bt\u0173 pritaikyta asmeni\u0161kai.<\/li>\n<li><strong>Prieinamos didmenin\u0117s kainos:<\/strong> Puikiai tinka <strong>pig\u016bs garintuvai<\/strong> ie\u0161kotojams ir dideliems pirk\u0117jams.<\/li>\n<\/ol>\n<p><strong style=\"font-size: 1.7em\">Geriausiai parduodamas Bood Pulse PRO 50000 skonis\u00a0<\/strong><\/p>\n<p>1.MELIONAS ANANASAS APELSINAS<br \/>\n2.M\u0116LYNI\u0172 R\u016aG\u0160\u010cIOS AVYNIOS<br \/>\n3.ARBUZAS KIVIS<br \/>\n4.M\u0116LYNI\u0172 ARBUZAS<br \/>\n5.\u0160ALTAI G\u0116L\u0116S<br \/>\n6.TRIGOBA MELIONAS<br \/>\n7.BRA\u0160KI\u0172 LEDAS<br \/>\n8.BRA\u0160KI\u0172 ARBUZ\u0172 LEDAS<br \/>\n9.Dvigubas limonadas<br \/>\n10.Vynuogi\u0173, spanguoli\u0173, m\u0117lyni\u0173, avie\u010di\u0173<\/p>\n<p>&nbsp;<\/p>\n<figure id=\"attachment_2875\" aria-describedby=\"caption-attachment-2875\" style=\"width: 800px\" class=\"wp-caption alignnone\"><img loading=\"lazy\" decoding=\"async\" class=\"wp-image-2875 size-full\" src=\"https:\/\/rmvapesale.com\/wp-content\/uploads\/2024\/12\/Puff-50k-Bood-Pulse-50000-Puff-Disposable-Vape-Wholesale.jpg\" alt=\"Puff 50k Bood Pulse 50000 P\u016btim\u0173 vienkartinis garintuvas didmena\" width=\"800\" height=\"800\" srcset=\"https:\/\/rmvapesale.com\/wp-content\/uploads\/2024\/12\/Puff-50k-Bood-Pulse-50000-Puff-Disposable-Vape-Wholesale.jpg 800w, https:\/\/rmvapesale.com\/wp-content\/uploads\/2024\/12\/Puff-50k-Bood-Pulse-50000-Puff-Disposable-Vape-Wholesale-300x300.jpg 300w, https:\/\/rmvapesale.com\/wp-content\/uploads\/2024\/12\/Puff-50k-Bood-Pulse-50000-Puff-Disposable-Vape-Wholesale-150x150.jpg 150w, https:\/\/rmvapesale.com\/wp-content\/uploads\/2024\/12\/Puff-50k-Bood-Pulse-50000-Puff-Disposable-Vape-Wholesale-768x768.jpg 768w, https:\/\/rmvapesale.com\/wp-content\/uploads\/2024\/12\/Puff-50k-Bood-Pulse-50000-Puff-Disposable-Vape-Wholesale-600x600.jpg 600w, https:\/\/rmvapesale.com\/wp-content\/uploads\/2024\/12\/Puff-50k-Bood-Pulse-50000-Puff-Disposable-Vape-Wholesale-100x100.jpg 100w\" sizes=\"auto, (max-width: 800px) 100vw, 800px\" \/><figcaption id=\"caption-attachment-2875\" class=\"wp-caption-text\">Puff 50k Bood Pulse 50000 P\u016btim\u0173 vienkartinis garintuvas didmena<\/figcaption><\/figure>\n<p>&nbsp;<\/p>\n<h3><strong>Kod\u0117l verta rinktis Rmvapesale d\u0117l Bood Pulse PRO 50000 p\u016btim\u0173 <\/strong><strong>V<\/strong><strong>Didmenin\u0117 prekyba veipais<\/strong><strong>?<\/strong><\/h3>\n<div class=\"flex-shrink-0 flex flex-col relative items-end\">\n<div class=\"pt-0\">\n<div class=\"gizmo-bot-avatar flex h-8 w-8 items-center justify-center overflow-hidden rounded-full\">\n<div class=\"relative p-1 rounded-sm flex items-center justify-center bg-token-main-surface-primary text-token-text-primary h-8 w-8\">\n<p>Sveiki atvyk\u0119 \u012f Rmvapesale, j\u016bs\u0173 patikim\u0105 veip\u0173 parduotuv\u0119, kurioje rasite auk\u0161\u010diausios kokyb\u0117s vienkartini\u0173 veip\u0173. Tur\u0117dami daugiau nei 5 met\u0173 patirt\u012f, si\u016blome populiarius vienkartini\u0173 veip\u0173 prek\u0117s \u017eenklus, tokius kaip Al Fakher, Vapme Vape, <a href=\"https:\/\/rmvapesale.com\/lt\/product-category\/bang-vapes\/\">Bang Vape<\/a>, Waspe, WGA Vape ir<a href=\"https:\/\/rmvapesale.com\/lt\/product-category\/randm-fumot-vape\/\"> RandM Vape<\/a>.<\/p>\n<p>M\u016bs\u0173 asortimente yra kar\u0161tai parduodam\u0173 veip\u0173, toki\u0173 kaip <a href=\"https:\/\/rmvapesale.com\/lt\/product\/randm-tornado-15000-puffs-vape-wholesale\/\">RandM Tornado 15000<\/a> ir gausus skoni\u0173 pasirinkimas, pavyzd\u017eiui, Vapme 70000. Kiekvienas produktas yra parenkamas atsi\u017evelgiant \u012f kokyb\u0119, vert\u0119 ir \u012fvairov\u0119, u\u017etikrinant, kad rastum\u0117te tobulai tinkan\u010di\u0105 prek\u0119. Atraskite i\u0161skirtin\u012f aptarnavim\u0105 ir plat\u0173 auk\u0161\u010diausios kokyb\u0117s produkt\u0173 asortiment\u0105 Rmvapesale.<\/p>\n<\/div>\n<h3><\/h3>\n<div class=\"relative p-1 rounded-sm flex items-center justify-center bg-token-main-surface-primary text-token-text-primary h-8 w-8\">\n<h3><b> DUK apie Bood Pulse 50000 <\/b><b>\u012ekraunamas vienkartinis veipas<\/b><\/h3>\n<div class=\"group\/conversation-turn relative flex w-full min-w-0 flex-col agent-turn\">\n<div class=\"flex-col gap-1 md:gap-3\">\n<div class=\"flex max-w-full flex-col flex-grow\">\n<div class=\"min-h-8 text-message flex w-full flex-col items-end gap-2 whitespace-normal break-words [.text-message+&amp;]:mt-5\" dir=\"auto\" data-message-author-role=\"assistant\" data-message-id=\"00c9b302-bc9c-4550-94ba-5a295efa2be3\" data-message-model-slug=\"gpt-4o\">\n<div class=\"flex w-full flex-col gap-1 empty:hidden first:pt-[3px]\">\n<div class=\"markdown prose w-full break-words dark:prose-invert light\">\n<div class=\"flex-shrink-0 flex flex-col relative items-end\">\n<div class=\"pt-0\">\n<div class=\"gizmo-bot-avatar flex h-8 w-8 items-center justify-center overflow-hidden rounded-full\">\n<div class=\"relative p-1 rounded-sm flex items-center justify-center bg-token-main-surface-primary text-token-text-primary h-8 w-8\">\n<div class=\"flex-shrink-0 flex flex-col relative items-end\">\n<div class=\"pt-0\">\n<div class=\"gizmo-bot-avatar flex h-8 w-8 items-center justify-center overflow-hidden rounded-full\">\n<div class=\"relative p-1 rounded-sm flex items-center justify-center bg-token-main-surface-primary text-token-text-primary h-8 w-8\">\n<h3><\/h3>\n<ol>\n<li><strong>Kiek p\u016btim\u0173 suteikia Bood Pulse PRO 50000?<\/strong><br \/>\n\u012erenginys suteikia <strong>50 000 \u012fkv\u0117pim\u0173 \u012fprastu re\u017eimu<\/strong> ir <strong>25 000 \u012fkv\u0117pim\u0173 pulso re\u017eimu<\/strong>, u\u017etikrindamas ilgaam\u017ei\u0161kum\u0105.<\/li>\n<li><strong>Koks yra LED i\u0161maniojo ekrano paskirtis?<\/strong><br \/>\nSu <strong>LED ekranas<\/strong> leid\u017eia vartotojams lengvai steb\u0117ti p\u016btim\u0173 skai\u010di\u0173, baterijos veikimo laik\u0105 ir pasirinkt\u0105 garinimo re\u017eim\u0105.<\/li>\n<li><strong>Ar galiu \u012fkrauti Bood 50000 p\u016btim\u0173 vienkartin\u012f garintuv\u0105?<\/strong><br \/>\nTaip, jame yra <strong>400 mAh \u012fkraunama baterija<\/strong> su C tipo greituoju \u012fkrovimu j\u016bs\u0173 patogumui.<\/li>\n<li><strong>Kokie nikotino lygiai yra prieinami?<\/strong><br \/>\nSu <strong>Bood 50000<\/strong> si\u016blo 0%, 2% ir 5% nikotino galimybes, kad atitikt\u0173 j\u016bs\u0173 pageidavimus.<\/li>\n<li><strong>Kur galiu nusipirkti Bood Pulse PRO 50k didmenin\u0117mis kainomis?<\/strong><br \/>\nApsilankykite <strong>Rmvapesale internetin\u0117 garintuv\u0173 parduotuv\u0117<\/strong> ir \u012fsigykite <strong>Bood Pulse PRO 50k p\u016btim\u0173 ma\u017eo nikotino vienkartinis garintuvas<\/strong> nepralenkiamomis <strong>pirkti dideliais kiekiais didmenin\u0117mis kainomis<\/strong>!<\/li>\n<\/ol>\n<\/div>\n<\/div>\n<\/div>\n<\/div>\n<\/div>\n<\/div>\n<\/div>\n<\/div>\n<div class=\"group\/conversation-turn relative flex w-full min-w-0 flex-col agent-turn\">\n<div class=\"flex-col gap-1 md:gap-3\">\n<div class=\"flex max-w-full flex-col flex-grow\">\n<div class=\"min-h-8 text-message flex w-full flex-col items-end gap-2 whitespace-normal break-words [.text-message+&amp;]:mt-5\" dir=\"auto\" data-message-author-role=\"assistant\" data-message-id=\"a3dc01bd-23b0-4fd7-bb9a-7827522cefd8\" data-message-model-slug=\"gpt-4o\">\n<div class=\"flex w-full flex-col gap-1 empty:hidden first:pt-[3px]\"><\/div>\n<\/div>\n<\/div>\n<\/div>\n<\/div>\n<\/div>\n<\/div>\n<\/div>\n<\/div>\n<\/div>\n<\/div>\n<\/div>\n<\/div>\n<\/div>\n<\/div>\n<h3>Apie siuntim\u0105<\/h3>\n<div class=\"flex-shrink-0 flex flex-col relative items-end\">\n<div>\n<div class=\"pt-0\">\n<div class=\"gizmo-bot-avatar flex h-8 w-8 items-center justify-center overflow-hidden rounded-full\">\n<div><\/div>\n<div class=\"relative p-1 rounded-sm flex items-center justify-center bg-token-main-surface-primary text-token-text-primary h-8 w-8\"><strong>1. Kokie siuntimo b\u016bdai naudojami?<\/strong><\/div>\n<\/div>\n<\/div>\n<\/div>\n<\/div>\n<div class=\"group\/conversation-turn relative flex w-full min-w-0 flex-col agent-turn\">\n<div class=\"flex-col gap-1 md:gap-3\">\n<div class=\"flex max-w-full flex-col flex-grow\">\n<div class=\"min-h-[20px] text-message flex w-full flex-col items-end gap-2 whitespace-normal break-words [.text-message+&amp;]:mt-5 overflow-x-auto\" dir=\"auto\" data-message-author-role=\"assistant\" data-message-id=\"22f8283b-3233-46ff-89a5-c7a41b33abda\">\n<div class=\"flex w-full flex-col gap-1 empty:hidden first:pt-[3px]\">\n<div class=\"markdown prose w-full break-words dark:prose-invert light\">\n<p>Mes bendradarbiaujame su UPS, DHL, FedEx, DPD ir kitais pirmaujan\u010diais ve\u017e\u0117jais. Mes parinksime geriausi\u0105 siuntimo b\u016bd\u0105, atsi\u017evelgdami \u012f j\u016bs\u0173 pristatymo viet\u0105, kad u\u017etikrintume, jog gaminiai jus pasieks kuo grei\u010diau.<\/p>\n<\/div>\n<p><strong>2. Per kiek laiko prek\u0117s atkeliauja?<\/strong><\/p>\n<p>\u012e Lietuv\u0105 siun\u010diami siuntiniai paprastai atvyksta per 10 darbo dien\u0173. Siuntimas \u012f Europos \u0161alis paprastai trunka apie 12\u201315 darbo dien\u0173. Mes teikiame realiuoju laiku atnaujinam\u0105 informacij\u0105 apie j\u016bs\u0173 siuntos b\u016bsen\u0105.<\/p>\n<\/div>\n<\/div>\n<\/div>\n<\/div>\n<\/div>\n<p>&nbsp;<\/p>\n<p>Raskite daugiau garintuv\u0173, kurie jums gali patikti:<strong><em><a href=\"https:\/\/rmvapesale.com\/lt\/shop-2\/\">pirkti dabar &gt;&gt;&gt;<\/a><\/em><\/strong><\/p>","protected":false},"excerpt":{"rendered":"<p>Bood Pulse PRO 50000 Puff vienkartinis garintuvas, didmenin\u0117 prekyba<br \/>\nBood Pulse PRO 50000 \u012fkraunamas vienkartinis garintuvas, didmenin\u0117 kaina<br \/>\nPopuliariausias vienkartinis garintuvas Bood Pulse PRO 50000, didmenin\u0117 prekyba, pigi kaina<\/p>\n<p><strong>Susisiekite su Amy ir gaukite tinkam\u0105 atsakym\u0105 bei vape kupon\u0105!<\/strong><\/p>\n<p><img loading=\"lazy\" decoding=\"async\" class=\"size-full wp-image-2375\" src=\"https:\/\/rmvapesale.com\/wp-content\/uploads\/2024\/10\/image.png\" alt=\"Geriausias Vienkartinis Vape\" width=\"229\" height=\"300\" \/><\/p>\n<h3><a href=\"https:\/\/wa.me\/8617776015835\"><span style=\"color: #ff0000\"><strong>WhatsApp: +86 17776015835<\/strong><\/span><\/a><\/h3>\n<p>&nbsp;<\/p>","protected":false},"featured_media":2874,"comment_status":"open","ping_status":"closed","template":"","meta":{"_uag_custom_page_level_css":"","_lmt_disableupdate":"no","_lmt_disable":"","site-sidebar-layout":"default","site-content-layout":"content-boxed-container","ast-site-content-layout":"normal-width-container","site-content-style":"boxed","site-sidebar-style":"unboxed","ast-global-header-display":"","ast-banner-title-visibility":"","ast-main-header-display":"","ast-hfb-above-header-display":"","ast-hfb-below-header-display":"","ast-hfb-mobile-header-display":"","site-post-title":"","ast-breadcrumbs-content":"","ast-featured-img":"","footer-sml-layout":"","theme-transparent-header-meta":"default","adv-header-id-meta":"","stick-header-meta":"","header-above-stick-meta":"","header-main-stick-meta":"","header-below-stick-meta":"","astra-migrate-meta-layouts":"set","ast-page-background-enabled":"default","ast-page-background-meta":{"desktop":{"background-color":"var(--ast-global-color-4)","background-image":"","background-repeat":"repeat","background-position":"center center","background-size":"auto","background-attachment":"scroll","background-type":"","background-media":"","overlay-type":"","overlay-color":"","overlay-opacity":"","overlay-gradient":""},"tablet":{"background-color":"","background-image":"","background-repeat":"repeat","background-position":"center center","background-size":"auto","background-attachment":"scroll","background-type":"","background-media":"","overlay-type":"","overlay-color":"","overlay-opacity":"","overlay-gradient":""},"mobile":{"background-color":"","background-image":"","background-repeat":"repeat","background-position":"center center","background-size":"auto","background-attachment":"scroll","background-type":"","background-media":"","overlay-type":"","overlay-color":"","overlay-opacity":"","overlay-gradient":""}},"ast-content-background-meta":{"desktop":{"background-color":"var(--ast-global-color-5)","background-image":"","background-repeat":"repeat","background-position":"center center","background-size":"auto","background-attachment":"scroll","background-type":"","background-media":"","overlay-type":"","overlay-color":"","overlay-opacity":"","overlay-gradient":""},"tablet":{"background-color":"var(--ast-global-color-5)","background-image":"","background-repeat":"repeat","background-position":"center center","background-size":"auto","background-attachment":"scroll","background-type":"","background-media":"","overlay-type":"","overlay-color":"","overlay-opacity":"","overlay-gradient":""},"mobile":{"background-color":"var(--ast-global-color-5)","background-image":"","background-repeat":"repeat","background-position":"center center","background-size":"auto","background-attachment":"scroll","background-type":"","background-media":"","overlay-type":"","overlay-color":"","overlay-opacity":"","overlay-gradient":""}},"_joinchat":[]},"product_brand":[],"product_cat":[15,25,123,26,28,135,27,137,136,30],"product_tag":[146,131,247,248,40,111,243],"class_list":{"0":"post-2876","1":"product","2":"type-product","3":"status-publish","4":"has-post-thumbnail","6":"product_cat-new-vape-this-week","7":"product_cat-germany-best-selling-vape","8":"product_cat-italy-wholesale-vape","9":"product_cat-netherlands-hot-sale-vape","10":"product_cat-poland-hot-sale-vape","11":"product_cat-spain-best-hot-sale-vape","12":"product_cat-fance-hot-sale-vape","13":"product_cat-rechargeable-vapes","14":"product_cat-smart-screen-vapes","15":"product_cat-minimum-order-quantity-50pcs","16":"product_tag-best-hot-sale-vape","17":"product_tag-big-puff-vape","18":"product_tag-bood-pulse-pro-50000","19":"product_tag-bood-vape","20":"product_tag-hot-sale-vape","21":"product_tag-low-nicotine-disposable-vape","22":"product_tag-vapsolo","23":"desktop-align-left","24":"tablet-align-left","25":"mobile-align-left","27":"first","28":"instock","29":"sale","30":"shipping-taxable","31":"purchasable","32":"product-type-simple"},"uagb_featured_image_src":{"full":["https:\/\/rmvapesale.com\/wp-content\/uploads\/2024\/12\/Bood-Pulse-50000-Puff-Low-Nicotine-Disposable-Vape.jpg",800,800,false],"thumbnail":["https:\/\/rmvapesale.com\/wp-content\/uploads\/2024\/12\/Bood-Pulse-50000-Puff-Low-Nicotine-Disposable-Vape-150x150.jpg",150,150,true],"medium":["https:\/\/rmvapesale.com\/wp-content\/uploads\/2024\/12\/Bood-Pulse-50000-Puff-Low-Nicotine-Disposable-Vape-300x300.jpg",300,300,true],"medium_large":["https:\/\/rmvapesale.com\/wp-content\/uploads\/2024\/12\/Bood-Pulse-50000-Puff-Low-Nicotine-Disposable-Vape-768x768.jpg",768,768,true],"large":["https:\/\/rmvapesale.com\/wp-content\/uploads\/2024\/12\/Bood-Pulse-50000-Puff-Low-Nicotine-Disposable-Vape.jpg",800,800,false],"1536x1536":["https:\/\/rmvapesale.com\/wp-content\/uploads\/2024\/12\/Bood-Pulse-50000-Puff-Low-Nicotine-Disposable-Vape.jpg",800,800,false],"2048x2048":["https:\/\/rmvapesale.com\/wp-content\/uploads\/2024\/12\/Bood-Pulse-50000-Puff-Low-Nicotine-Disposable-Vape.jpg",800,800,false],"trp-custom-language-flag":["https:\/\/rmvapesale.com\/wp-content\/uploads\/2024\/12\/Bood-Pulse-50000-Puff-Low-Nicotine-Disposable-Vape.jpg",12,12,false],"woocommerce_thumbnail":["https:\/\/rmvapesale.com\/wp-content\/uploads\/2024\/12\/Bood-Pulse-50000-Puff-Low-Nicotine-Disposable-Vape-300x300.jpg",300,300,true],"woocommerce_single":["https:\/\/rmvapesale.com\/wp-content\/uploads\/2024\/12\/Bood-Pulse-50000-Puff-Low-Nicotine-Disposable-Vape-600x600.jpg",600,600,true],"woocommerce_gallery_thumbnail":["https:\/\/rmvapesale.com\/wp-content\/uploads\/2024\/12\/Bood-Pulse-50000-Puff-Low-Nicotine-Disposable-Vape-100x100.jpg",100,100,true],"wcpr-photo-reviews":["https:\/\/rmvapesale.com\/wp-content\/uploads\/2024\/12\/Bood-Pulse-50000-Puff-Low-Nicotine-Disposable-Vape.jpg",500,500,false]},"uagb_author_info":{"display_name":"AMY","author_link":"https:\/\/rmvapesale.com\/lt\/author\/"},"uagb_comment_info":0,"uagb_excerpt":"Bood Pulse PRO 50000 Puffs Disposable Vape Wholesale Bood Pulse PRO 50000 Rechargeable Disposable Vape Wholesale Price Hot Sell Disposable Vape Pen Bood Pulse PRO 50000 Bulk Buy Cheap Price Contact Amy to get right reply and vape coupon! WhatsApp: +86 17776015835 &nbsp;","_links":{"self":[{"href":"https:\/\/rmvapesale.com\/lt\/wp-json\/wp\/v2\/product\/2876","targetHints":{"allow":["GET"]}}],"collection":[{"href":"https:\/\/rmvapesale.com\/lt\/wp-json\/wp\/v2\/product"}],"about":[{"href":"https:\/\/rmvapesale.com\/lt\/wp-json\/wp\/v2\/types\/product"}],"replies":[{"embeddable":true,"href":"https:\/\/rmvapesale.com\/lt\/wp-json\/wp\/v2\/comments?post=2876"}],"wp:featuredmedia":[{"embeddable":true,"href":"https:\/\/rmvapesale.com\/lt\/wp-json\/wp\/v2\/media\/2874"}],"wp:attachment":[{"href":"https:\/\/rmvapesale.com\/lt\/wp-json\/wp\/v2\/media?parent=2876"}],"wp:term":[{"taxonomy":"product_brand","embeddable":true,"href":"https:\/\/rmvapesale.com\/lt\/wp-json\/wp\/v2\/product_brand?post=2876"},{"taxonomy":"product_cat","embeddable":true,"href":"https:\/\/rmvapesale.com\/lt\/wp-json\/wp\/v2\/product_cat?post=2876"},{"taxonomy":"product_tag","embeddable":true,"href":"https:\/\/rmvapesale.com\/lt\/wp-json\/wp\/v2\/product_tag?post=2876"}],"curies":[{"name":"wp","href":"https:\/\/api.w.org\/{rel}","templated":true}]}}