{"id":2912,"date":"2025-01-08T08:59:33","date_gmt":"2025-01-08T08:59:33","guid":{"rendered":"https:\/\/rmvapesale.com\/?post_type=product&#038;p=2912"},"modified":"2025-01-08T09:59:15","modified_gmt":"2025-01-08T09:59:15","slug":"bood-twins-46000-puff-digital-disposable-vape-bulk-buy-wholesale-price","status":"publish","type":"product","link":"https:\/\/rmvapesale.com\/lt\/product\/bood-twins-46000-puff-digital-disposable-vape-bulk-buy-wholesale-price\/","title":{"rendered":"Bood Twins 46000 \u012ftraukim\u0173 skaitmenin\u0117 vienkartin\u0117 elektronin\u0117 cigaret\u0117 didmenin\u0117 prekyba urmu"},"content":{"rendered":"<div class=\"B2VR9 CJHX3e\">\n<div class=\"wyccme\">\n<div class=\"flex-shrink-0 flex flex-col relative items-end\">\n<div class=\"pt-0\">\n<div class=\"gizmo-bot-avatar flex h-8 w-8 items-center justify-center overflow-hidden rounded-full\">\n<div class=\"relative p-1 rounded-sm flex items-center justify-center bg-token-main-surface-primary text-token-text-primary h-8 w-8\">\n<div class=\"flex-shrink-0 flex flex-col relative items-end\">\n<div class=\"pt-0\">\n<div class=\"gizmo-bot-avatar flex h-8 w-8 items-center justify-center overflow-hidden rounded-full\">\n<h1 class=\"relative p-1 rounded-sm flex items-center justify-center bg-token-main-surface-primary text-token-text-primary h-8 w-8\">Bood Twins 46000 \u012ftraukim\u0173 skaitmenin\u0117 vienkartin\u0117 elektronin\u0117 cigaret\u0117 didmenin\u0117 prekyba urmu<\/h1>\n<\/div>\n<\/div>\n<\/div>\n<\/div>\n<\/div>\n<\/div>\n<\/div>\n<div class=\"group\/conversation-turn relative flex w-full min-w-0 flex-col agent-turn\">\n<div class=\"flex-col gap-1 md:gap-3\">\n<div class=\"flex max-w-full flex-col flex-grow\">\n<div class=\"min-h-8 text-message flex w-full flex-col items-end gap-2 whitespace-normal break-words text-start [.text-message+&amp;]:mt-5\" dir=\"auto\" data-message-author-role=\"assistant\" data-message-id=\"80ece0c4-ead1-4ed9-a9f0-ddc22582b4f4\" data-message-model-slug=\"gpt-4o\">\n<div class=\"flex w-full flex-col gap-1 empty:hidden first:pt-[3px]\">\n<div class=\"markdown prose w-full break-words dark:prose-invert light\"><strong>Bood Twins 46000 Purk\u0161tuk\u0173 Skaitmeninis Vienkartinis Vape<\/strong>, tobulas kompanionas ilgaam\u017ei\u0161kam, skoni\u0173 pilnam ir patogiam vapingui. Supakuotas su pa\u017eangiais funkcijomis kaip <strong>skaitmeniniu ekranu<\/strong>, \u0161is \u012frenginys yra sukurtas atitikti visus j\u016bs\u0173 vaping poreikius, tuo pa\u010diu si\u016blydamas i\u0161skirtin\u0119 vert\u0119 u\u017e didmenines kainas.<\/div>\n<div><\/div>\n<div>\n<p>Pasakykite sudie da\u017eniems keitimams! The <strong>Bood Twins 46000<\/strong> pateikia \u012fsp\u016bding\u0105 46 000 p\u016btim\u0173, u\u017etikrinant ilgalaik\u012f pasitenkinim\u0105 tiek sunkesniems, tiek lengvesniems vaperiams. Visada b\u016bkite informuoti su <strong>skaitmeninis ekranas<\/strong>, kuris teikia realiu laiku atnaujinimus apie baterijos b\u016bkl\u0119 ir e-liquido lygius. Daugiau sp\u0117lioti nereikia\u2014visada b\u016bkite vald\u017eioje! Apr\u016bpintas galingu ir <strong>\u012fkraunamu 650mAh \u012fmontuotu akumuliatoriumi<\/strong>, Bood Twins u\u017etikrina nuosekl\u0173 galios tiekim\u0105 viso vaping kelio metu. Be to, <strong>C tipo greito \u012fkrovimo prievadas<\/strong> padaro \u012fkrovim\u0105 greit\u0105 ir be r\u016bpes\u010di\u0173.<\/p>\n<p>M\u0117gaukit\u0117s ilgesn\u0117mis vaping sesijomis su <strong>30ml i\u0161 anksto pripildytu e-liquido<\/strong> kaset\u0117. Suderinta su <strong>nikotino lygi\u0173 pasirinkimais<\/strong> 0%, 2% ir 5%, ji tenkina visas nuostatas. Su <strong>dviem skoniais viename \u012frenginyje<\/strong>, atraskite <strong>10 skani\u0173 derini\u0173<\/strong>. <strong>Bood Twins 46000<\/strong> sujungia <strong>efektyv\u0173 galios tiekim\u0105<\/strong> su nuoseklia veikimu, d\u0117ka pa\u017eangios konstrukcijos ir kokybi\u0161ko in\u017einerijos darbo.<\/p>\n<\/div>\n<\/div>\n<div>Ie\u0161kote <strong>geriausios didmenin\u0117s kainos<\/strong> auk\u0161tos kokyb\u0117s, ilgaam\u017eis vienkartinis vape'as? The <strong>Bood Twins 46000<\/strong> si\u016blo neprilygstam\u0105 vert\u0119, skonio \u012fvairov\u0119 ir patikimum\u0105. Puikiai tinka tiek pradedantiesiems, tiek patyrusiems vaperiams, \u0161is \u012frenginys yra \u017eaidimo keitiklis!<\/div>\n<\/div>\n<\/div>\n<\/div>\n<\/div>\n<div class=\"flex-shrink-0 flex flex-col relative items-end\">\n<div class=\"pt-0\">\n<div class=\"gizmo-bot-avatar flex h-8 w-8 items-center justify-center overflow-hidden rounded-full\">\n<p>&nbsp;<\/p>\n<\/div>\n<\/div>\n<\/div>\n<\/div>\n<\/div>\n<p><strong>Susisiekite su Amy ir gaukite tinkam\u0105 atsakym\u0105 bei vape kupon\u0105!<\/strong><\/p>\n<p><img loading=\"lazy\" decoding=\"async\" class=\"size-full wp-image-1978\" src=\"https:\/\/rmvapesale.com\/wp-content\/uploads\/2024\/09\/Disposable-Vape-Wholesale.jpg\" alt=\"Vienkartinis garintuvas didmenin\u0117 prekyba\" width=\"229\" height=\"300\" \/><\/p>\n<h3><a href=\"https:\/\/wa.me\/8617776015835\" target=\"_blank\" rel=\"noopener\"><span style=\"color: #ff0000\"><strong>WhatsApp: +86 17776015835<\/strong><\/span><\/a><\/h3>\n<p>&nbsp;<\/p>\n<h2><strong style=\"font-size: 1.7em\">Bood Twins 46000 Vape pagrindin\u0117s savyb\u0117s<\/strong><\/h2>\n<ul>\n<li><strong>\u012ekv\u0117pimai<\/strong>: Iki 46 000<\/li>\n<li><strong>Baterija<\/strong>: 650mAh \u012fkraunamas su Type-C \u012fkrovimu<\/li>\n<li><strong>E-skystis<\/strong>: 30ml i\u0161 anksto u\u017epildytas, prieinamas su 0%, 2%, 5% nikotino lygiais<\/li>\n<li><strong>Skaitmeninis ekranas<\/strong>: Akumuliatoriaus ir e-skys\u010dio steb\u0117jimas realiu laiku<\/li>\n<li><strong>Skoniai<\/strong>: 10 unikali\u0173 dvigubo skonio derini\u0173<\/li>\n<li><strong>Veikimas<\/strong>: Skland\u016bs \u012fkv\u0117pimai ir nuoseklus tiekimas<\/li>\n<\/ul>\n<h2><strong style=\"font-size: 1.7em\">Populiariausias skonis Bood 46000 vienkartiniam vape'ui<\/strong><\/h2>\n<p>\u0160is Bood Twins 46000 p\u016btimo skaitmeninis vienkartinis vape'as yra prieinamas <strong>12 jaudinantys skoniai<\/strong>, si\u016blo \u012fvairias galimybes patenkinti skirtingus skonius. Nuo vaisini\u0173 iki m\u0117t\u0173 ir egzoti\u0161k\u0173 mi\u0161ini\u0173, kiekvienas ras ka\u017ek\u0105 sau. \u0160is platus pasirinkimas u\u017etikrina, kad visada rasite skon\u012f, kuris atitinka j\u016bs\u0173 nuotaik\u0105, tod\u0117l tai yra universalus pasirinkimas visiems vaperiams. Pra\u0161ome rasti populiariausi\u0105 skon\u012f \u0161iam \u012fkraunamam vienkartiniam vape'ui pagal m\u016bs\u0173 pardavim\u0173 duomenis ir klient\u0173 atsiliepimus.<\/p>\n<div>1. Arb\u016bzas ir Bra\u0161k\u0117 <span style=\"color: #ff0000\"><strong>&gt;&gt;&gt;&gt; Kar\u0161tas !<\/strong><\/span><\/div>\n<div>2. Obuolys ir Sultingas Persikas<\/div>\n<div>3. Laimas ir Ananasas<\/div>\n<div>4. \u017dalias Obuolys ir Dvigubas Obuolio \u0160isha <span style=\"color: #ff0000\"><strong>&gt;&gt;&gt;&gt; Kar\u0161tas !<\/strong><\/span><\/div>\n<div>5. M\u0117lyn\u0117s, R\u016bg\u0161tus Aviet\u0117 ir Vy\u0161nios<\/div>\n<div>6. Juod\u0173j\u0173 serbent\u0173, avie\u010di\u0173 ir vynuogi\u0173 <span style=\"color: #ff0000\"><strong>&gt;&gt;&gt;&gt; Geriausias !<\/strong><\/span><\/div>\n<div>7. Persiko, mang\u0173 ir arb\u016bzo<\/div>\n<div>8. Vynuogi\u0173 ir Marijos g\u0117rimas<\/div>\n<div>9. Ro\u017ein\u0117 limonada ir greipfrutas<\/div>\n<div>10. \u017daliosios vynuog\u0117s ir vynuog\u0117s<\/div>\n<div><\/div>\n<figure id=\"attachment_2895\" aria-describedby=\"caption-attachment-2895\" style=\"width: 1000px\" class=\"wp-caption alignnone\"><img loading=\"lazy\" decoding=\"async\" class=\"wp-image-2895 size-full\" src=\"https:\/\/rmvapesale.com\/wp-content\/uploads\/2025\/01\/Bood-Twins-46000-Digital-Disposable-Vape.jpg\" alt=\"Bood Twins 46000 skaitmeninis vienkartinis vape\" width=\"1000\" height=\"1000\" srcset=\"https:\/\/rmvapesale.com\/wp-content\/uploads\/2025\/01\/Bood-Twins-46000-Digital-Disposable-Vape.jpg 1000w, https:\/\/rmvapesale.com\/wp-content\/uploads\/2025\/01\/Bood-Twins-46000-Digital-Disposable-Vape-300x300.jpg 300w, https:\/\/rmvapesale.com\/wp-content\/uploads\/2025\/01\/Bood-Twins-46000-Digital-Disposable-Vape-150x150.jpg 150w, https:\/\/rmvapesale.com\/wp-content\/uploads\/2025\/01\/Bood-Twins-46000-Digital-Disposable-Vape-768x768.jpg 768w, https:\/\/rmvapesale.com\/wp-content\/uploads\/2025\/01\/Bood-Twins-46000-Digital-Disposable-Vape-600x600.jpg 600w, https:\/\/rmvapesale.com\/wp-content\/uploads\/2025\/01\/Bood-Twins-46000-Digital-Disposable-Vape-100x100.jpg 100w\" sizes=\"auto, (max-width: 1000px) 100vw, 1000px\" \/><figcaption id=\"caption-attachment-2895\" class=\"wp-caption-text\">Bood Twins 46000 skaitmeninis vienkartinis vape<\/figcaption><\/figure>\n<h3><\/h3>\n<h3><strong>Kod\u0117l rinktis Rmvapesale JNR Mega Shisha Hookah 100 t\u016bkst. p\u016btim\u0173\u00a0 <\/strong><strong>V<\/strong><strong>Didmenin\u0117 prekyba veipais<\/strong><strong>?<\/strong><\/h3>\n<div class=\"flex-shrink-0 flex flex-col relative items-end\">\n<div class=\"pt-0\">\n<div class=\"gizmo-bot-avatar flex h-8 w-8 items-center justify-center overflow-hidden rounded-full\">\n<div class=\"relative p-1 rounded-sm flex items-center justify-center bg-token-main-surface-primary text-token-text-primary h-8 w-8\">\n<p>Sveiki atvyk\u0119 \u012f Rmvapesale, j\u016bs\u0173 patikim\u0105 veip\u0173 parduotuv\u0119, kurioje rasite auk\u0161\u010diausios kokyb\u0117s vienkartini\u0173 veip\u0173. Tur\u0117dami daugiau nei 5 met\u0173 patirt\u012f, si\u016blome populiarius vienkartini\u0173 veip\u0173 prek\u0117s \u017eenklus, tokius kaip Al Fakher, Vapme Vape, <a href=\"https:\/\/rmvapesale.com\/lt\/product\/puff-40k-bang-refillable-disposable-vape-with-digital-display-bulk-buy-price\/\">Bang Vape<\/a>, <a href=\"https:\/\/rmvapesale.com\/lt\/product\/jnr-mega-shisha-hookah-100000-100k-puffs-disposable-vape-a-premium-vaping-experience\/\">JNR Vape<\/a>, Waspe, WGA Vape ir RandM Vape.<\/p>\n<p>M\u016bs\u0173 asortimente yra kar\u0161tai parduodam\u0173 veip\u0173, toki\u0173 kaip <a href=\"https:\/\/rmvapesale.com\/lt\/product\/vookbar-cyber-pro-30000-puffs-bluetooth-vape-2-low-nicotine-rechargeable-bulk-buy-wholesale-price\/\">Vookbar Cyber Pro 30000<\/a> ir gausus skoni\u0173 pasirinkimas, pavyzd\u017eiui, Vapme 70000. Kiekvienas produktas yra parenkamas atsi\u017evelgiant \u012f kokyb\u0119, vert\u0119 ir \u012fvairov\u0119, u\u017etikrinant, kad rastum\u0117te tobulai tinkan\u010di\u0105 prek\u0119. Atraskite i\u0161skirtin\u012f aptarnavim\u0105 ir plat\u0173 auk\u0161\u010diausios kokyb\u0117s produkt\u0173 asortiment\u0105 Rmvapesale.<\/p>\n<p>&nbsp;<\/p>\n<h3><b style=\"font-size: 1.5em;font-style: inherit\">DUK d\u0117l Bood Twins 46000 <\/b><b style=\"font-size: 1.5em;font-style: inherit\">\u012ekraunamas vienkartinis veipas<\/b><\/h3>\n<\/div>\n<h3><\/h3>\n<p><strong>1. Kiek p\u016btim\u0173 suteikia Bood Twins 46000?<\/strong><\/p>\n<p>Su <strong>Bood Twins 46000 Puff<\/strong> si\u016blo iki 46 000 \u012fkv\u0117pim\u0173, tod\u0117l yra vienas i\u0161 ilgiausiai veikian\u010di\u0173 vienkartini\u0173 vape'\u0173 rinkoje.<\/p>\n<p><strong>2. Ar galiu \u012fkrauti Bood Twins 46000 Puff?<\/strong><\/p>\n<p>Taip! \u0160is \u012frenginys turi <strong>650 mAh \u012fkraunama baterija<\/strong> su <strong>C tipo greito \u012fkrovimo prievadas<\/strong> patogumui.<\/p>\n<p><strong>3. Kokie skoni\u0173 variantai yra prieinami Bood Twins 46000?<\/strong><\/p>\n<p>Jis turi <strong>10 unikali\u0173 dviej\u0173 skoni\u0173 derini\u0173<\/strong>, toki\u0173 kaip <strong>Vynuog\u0117 &amp; Bra\u0161k\u0117<\/strong>, <strong>Klementin\u0117 &amp; Ananasas<\/strong>, ir <strong>Vynuog\u0117 &amp; Merginos G\u0117rimas<\/strong>.<\/p>\n<p><strong>4. Ar Bood Twins 46000 turi nikotino pasirinkimus?<\/strong><\/p>\n<p>Taip, \u012frenginys palaiko <strong>nikotino stiprumus 0%, 2% ir 5%<\/strong>, u\u017etikrinant\u012f pasirinkimus visiems skoniams.<\/p>\n<p><strong>5. Kur galiu \u012fsigyti Bood Twins 46000 didmenin\u0117mis kainomis?<\/strong><\/p>\n<p>Galite \u012fsigyti <strong>Bood Twins 46000 Puff<\/strong> at <strong>didmenin\u0117mis kainomis<\/strong> nuo <a href=\"https:\/\/rmvapesale.com\/lt\/\" target=\"_new\" rel=\"noopener\">Rmvapesale internetin\u0117je vape parduotuv\u0117je<\/a>. M\u0117gaukit\u0117s konkurencingomis kainomis, greitu pristatymu ir auk\u0161\u010diausios kokyb\u0117s klient\u0173 aptarnavimu!<\/p>\n<p>&nbsp;<\/p>\n<\/div>\n<\/div>\n<\/div>\n<h3>Apie siuntim\u0105<\/h3>\n<div class=\"flex-shrink-0 flex flex-col relative items-end\">\n<div>\n<div class=\"pt-0\">\n<div class=\"gizmo-bot-avatar flex h-8 w-8 items-center justify-center overflow-hidden rounded-full\">\n<div><\/div>\n<div class=\"relative p-1 rounded-sm flex items-center justify-center bg-token-main-surface-primary text-token-text-primary h-8 w-8\"><strong>1. Kokie siuntimo b\u016bdai naudojami?<\/strong><\/div>\n<\/div>\n<\/div>\n<\/div>\n<\/div>\n<div class=\"group\/conversation-turn relative flex w-full min-w-0 flex-col agent-turn\">\n<div class=\"flex-col gap-1 md:gap-3\">\n<div class=\"flex max-w-full flex-col flex-grow\">\n<div class=\"min-h-[20px] text-message flex w-full flex-col items-end gap-2 whitespace-normal break-words [.text-message+&amp;]:mt-5 overflow-x-auto\" dir=\"auto\" data-message-author-role=\"assistant\" data-message-id=\"22f8283b-3233-46ff-89a5-c7a41b33abda\">\n<div class=\"flex w-full flex-col gap-1 empty:hidden first:pt-[3px]\">\n<div class=\"markdown prose w-full break-words dark:prose-invert light\">\n<p>Mes bendradarbiaujame su UPS, DHL, FedEx, DPD ir kitais pirmaujan\u010diais ve\u017e\u0117jais. Mes parinksime geriausi\u0105 siuntimo b\u016bd\u0105, atsi\u017evelgdami \u012f j\u016bs\u0173 pristatymo viet\u0105, kad u\u017etikrintume, jog gaminiai jus pasieks kuo grei\u010diau.<\/p>\n<\/div>\n<p><strong>2. Per kiek laiko prek\u0117s atkeliauja?<\/strong><\/p>\n<p>\u012e Lietuv\u0105 siun\u010diami siuntiniai paprastai atvyksta per 10 darbo dien\u0173. Siuntimas \u012f Europos \u0161alis paprastai trunka apie 12\u201315 darbo dien\u0173. Mes teikiame realiuoju laiku atnaujinam\u0105 informacij\u0105 apie j\u016bs\u0173 siuntos b\u016bsen\u0105.<\/p>\n<\/div>\n<\/div>\n<\/div>\n<\/div>\n<\/div>\n<p>&nbsp;<\/p>\n<p>Raskite daugiau garintuv\u0173, kurie jums gali patikti:<strong><em><a href=\"https:\/\/rmvapesale.com\/lt\/shop-2\/\">pirkti dabar &gt;&gt;&gt;<\/a><\/em><\/strong><\/p>","protected":false},"excerpt":{"rendered":"<p>Bood Twins 46000 P\u016bk\u0173 Skaitmeninis Vienkartinis Vape Didmenin\u0117 Kaina<br \/>\nBood Twins 46000 P\u016bk\u0173 Skaitmeninis \u012ekraunamas Vienkartinis Vape Didmenin\u0117 Pirkimo Pigu Kaina<br \/>\nBood 46000 2% \u017demas Nikotino P\u016bk\u0173 Vienkartinis Vape Vienkartinis Vape<\/p>\n<p><strong>Susisiekite su Amy ir gaukite tinkam\u0105 atsakym\u0105 bei vape kupon\u0105!<\/strong><\/p>\n<p><img loading=\"lazy\" decoding=\"async\" class=\"size-full wp-image-2375\" src=\"https:\/\/rmvapesale.com\/wp-content\/uploads\/2024\/10\/image.png\" alt=\"Geriausias Vienkartinis Vape\" width=\"229\" height=\"300\" \/><\/p>\n<h3><a href=\"https:\/\/wa.me\/8617776015835\"><span style=\"color: #ff0000\"><strong>WhatsApp: +86 17776015835<\/strong><\/span><\/a><\/h3>\n<p>&nbsp;<\/p>","protected":false},"featured_media":2896,"comment_status":"open","ping_status":"closed","template":"","meta":{"_uag_custom_page_level_css":"","_lmt_disableupdate":"no","_lmt_disable":"","site-sidebar-layout":"default","site-content-layout":"content-boxed-container","ast-site-content-layout":"normal-width-container","site-content-style":"boxed","site-sidebar-style":"unboxed","ast-global-header-display":"","ast-banner-title-visibility":"","ast-main-header-display":"","ast-hfb-above-header-display":"","ast-hfb-below-header-display":"","ast-hfb-mobile-header-display":"","site-post-title":"","ast-breadcrumbs-content":"","ast-featured-img":"","footer-sml-layout":"","theme-transparent-header-meta":"default","adv-header-id-meta":"","stick-header-meta":"","header-above-stick-meta":"","header-main-stick-meta":"","header-below-stick-meta":"","astra-migrate-meta-layouts":"set","ast-page-background-enabled":"default","ast-page-background-meta":{"desktop":{"background-color":"var(--ast-global-color-4)","background-image":"","background-repeat":"repeat","background-position":"center center","background-size":"auto","background-attachment":"scroll","background-type":"","background-media":"","overlay-type":"","overlay-color":"","overlay-opacity":"","overlay-gradient":""},"tablet":{"background-color":"","background-image":"","background-repeat":"repeat","background-position":"center center","background-size":"auto","background-attachment":"scroll","background-type":"","background-media":"","overlay-type":"","overlay-color":"","overlay-opacity":"","overlay-gradient":""},"mobile":{"background-color":"","background-image":"","background-repeat":"repeat","background-position":"center center","background-size":"auto","background-attachment":"scroll","background-type":"","background-media":"","overlay-type":"","overlay-color":"","overlay-opacity":"","overlay-gradient":""}},"ast-content-background-meta":{"desktop":{"background-color":"var(--ast-global-color-5)","background-image":"","background-repeat":"repeat","background-position":"center center","background-size":"auto","background-attachment":"scroll","background-type":"","background-media":"","overlay-type":"","overlay-color":"","overlay-opacity":"","overlay-gradient":""},"tablet":{"background-color":"var(--ast-global-color-5)","background-image":"","background-repeat":"repeat","background-position":"center center","background-size":"auto","background-attachment":"scroll","background-type":"","background-media":"","overlay-type":"","overlay-color":"","overlay-opacity":"","overlay-gradient":""},"mobile":{"background-color":"var(--ast-global-color-5)","background-image":"","background-repeat":"repeat","background-position":"center center","background-size":"auto","background-attachment":"scroll","background-type":"","background-media":"","overlay-type":"","overlay-color":"","overlay-opacity":"","overlay-gradient":""}},"_joinchat":[]},"product_brand":[],"product_cat":[15,265,259,260,25,123,26,28,135,27,137,136,30],"product_tag":[146,131,264,248,40,111,207],"class_list":{"0":"post-2912","1":"product","2":"type-product","3":"status-publish","4":"has-post-thumbnail","6":"product_cat-new-vape-this-week","7":"product_cat-bood-disposable-vape","8":"product_cat-46000-puff-disposable-vape","9":"product_cat-100k-puff-disposable-vape","10":"product_cat-germany-best-selling-vape","11":"product_cat-italy-wholesale-vape","12":"product_cat-netherlands-hot-sale-vape","13":"product_cat-poland-hot-sale-vape","14":"product_cat-spain-best-hot-sale-vape","15":"product_cat-fance-hot-sale-vape","16":"product_cat-rechargeable-vapes","17":"product_cat-smart-screen-vapes","18":"product_cat-minimum-order-quantity-50pcs","19":"product_tag-best-hot-sale-vape","20":"product_tag-big-puff-vape","21":"product_tag-bood-46000-disposable-vape","22":"product_tag-bood-vape","23":"product_tag-hot-sale-vape","24":"product_tag-low-nicotine-disposable-vape","25":"product_tag-puff-vape","26":"desktop-align-left","27":"tablet-align-left","28":"mobile-align-left","30":"first","31":"instock","32":"sale","33":"shipping-taxable","34":"purchasable","35":"product-type-simple"},"uagb_featured_image_src":{"full":["https:\/\/rmvapesale.com\/wp-content\/uploads\/2025\/01\/Bood-Twins-46000-Puff-2-in-1-Disposable-Vape.webp",1000,1000,false],"thumbnail":["https:\/\/rmvapesale.com\/wp-content\/uploads\/2025\/01\/Bood-Twins-46000-Puff-2-in-1-Disposable-Vape-150x150.webp",150,150,true],"medium":["https:\/\/rmvapesale.com\/wp-content\/uploads\/2025\/01\/Bood-Twins-46000-Puff-2-in-1-Disposable-Vape-300x300.webp",300,300,true],"medium_large":["https:\/\/rmvapesale.com\/wp-content\/uploads\/2025\/01\/Bood-Twins-46000-Puff-2-in-1-Disposable-Vape-768x768.webp",768,768,true],"large":["https:\/\/rmvapesale.com\/wp-content\/uploads\/2025\/01\/Bood-Twins-46000-Puff-2-in-1-Disposable-Vape.webp",1000,1000,false],"1536x1536":["https:\/\/rmvapesale.com\/wp-content\/uploads\/2025\/01\/Bood-Twins-46000-Puff-2-in-1-Disposable-Vape.webp",1000,1000,false],"2048x2048":["https:\/\/rmvapesale.com\/wp-content\/uploads\/2025\/01\/Bood-Twins-46000-Puff-2-in-1-Disposable-Vape.webp",1000,1000,false],"trp-custom-language-flag":["https:\/\/rmvapesale.com\/wp-content\/uploads\/2025\/01\/Bood-Twins-46000-Puff-2-in-1-Disposable-Vape.webp",12,12,false],"woocommerce_thumbnail":["https:\/\/rmvapesale.com\/wp-content\/uploads\/2025\/01\/Bood-Twins-46000-Puff-2-in-1-Disposable-Vape-300x300.webp",300,300,true],"woocommerce_single":["https:\/\/rmvapesale.com\/wp-content\/uploads\/2025\/01\/Bood-Twins-46000-Puff-2-in-1-Disposable-Vape-600x600.webp",600,600,true],"woocommerce_gallery_thumbnail":["https:\/\/rmvapesale.com\/wp-content\/uploads\/2025\/01\/Bood-Twins-46000-Puff-2-in-1-Disposable-Vape-100x100.webp",100,100,true],"wcpr-photo-reviews":["https:\/\/rmvapesale.com\/wp-content\/uploads\/2025\/01\/Bood-Twins-46000-Puff-2-in-1-Disposable-Vape.webp",500,500,false]},"uagb_author_info":{"display_name":"AMY","author_link":"https:\/\/rmvapesale.com\/lt\/author\/"},"uagb_comment_info":0,"uagb_excerpt":"Bood Twins 46000 Puff Digital Disposable Vape Wholesale Price Bood Twins 46000 Puff Digital Rechargeable Disposable Vape Bulk Buy Cheap Price Bood 46000 2% Low Nicotine Puff\u00a0 Disposable Vape Disposable Vape Contact Amy to get right reply and vape coupon! WhatsApp: +86 17776015835 &nbsp;","_links":{"self":[{"href":"https:\/\/rmvapesale.com\/lt\/wp-json\/wp\/v2\/product\/2912","targetHints":{"allow":["GET"]}}],"collection":[{"href":"https:\/\/rmvapesale.com\/lt\/wp-json\/wp\/v2\/product"}],"about":[{"href":"https:\/\/rmvapesale.com\/lt\/wp-json\/wp\/v2\/types\/product"}],"replies":[{"embeddable":true,"href":"https:\/\/rmvapesale.com\/lt\/wp-json\/wp\/v2\/comments?post=2912"}],"wp:featuredmedia":[{"embeddable":true,"href":"https:\/\/rmvapesale.com\/lt\/wp-json\/wp\/v2\/media\/2896"}],"wp:attachment":[{"href":"https:\/\/rmvapesale.com\/lt\/wp-json\/wp\/v2\/media?parent=2912"}],"wp:term":[{"taxonomy":"product_brand","embeddable":true,"href":"https:\/\/rmvapesale.com\/lt\/wp-json\/wp\/v2\/product_brand?post=2912"},{"taxonomy":"product_cat","embeddable":true,"href":"https:\/\/rmvapesale.com\/lt\/wp-json\/wp\/v2\/product_cat?post=2912"},{"taxonomy":"product_tag","embeddable":true,"href":"https:\/\/rmvapesale.com\/lt\/wp-json\/wp\/v2\/product_tag?post=2912"}],"curies":[{"name":"wp","href":"https:\/\/api.w.org\/{rel}","templated":true}]}}