{"id":2913,"date":"2025-01-08T09:44:46","date_gmt":"2025-01-08T09:44:46","guid":{"rendered":"https:\/\/rmvapesale.com\/?post_type=product&#038;p=2913"},"modified":"2025-01-09T09:05:59","modified_gmt":"2025-01-09T09:05:59","slug":"bang-box-35000-puffs-touch-screen-bulk-buy-price-rechargeable-disposable-vapes","status":"publish","type":"product","link":"https:\/\/rmvapesale.com\/lt\/product\/bang-box-35000-puffs-touch-screen-bulk-buy-price-rechargeable-disposable-vapes\/","title":{"rendered":"Bang Box 35000 \u012ftraukim\u0173 jutiklinis ekranas, didmenin\u0117 pirkimo kaina, \u012fkraunami vienkartiniai garintuvai"},"content":{"rendered":"<div class=\"B2VR9 CJHX3e\">\n<div class=\"wyccme\">\n<div class=\"flex-shrink-0 flex flex-col relative items-end\">\n<div class=\"pt-0\">\n<div class=\"gizmo-bot-avatar flex h-8 w-8 items-center justify-center overflow-hidden rounded-full\">\n<div class=\"relative p-1 rounded-sm flex items-center justify-center bg-token-main-surface-primary text-token-text-primary h-8 w-8\">\n<div class=\"flex-shrink-0 flex flex-col relative items-end\">\n<div class=\"pt-0\">\n<div class=\"gizmo-bot-avatar flex h-8 w-8 items-center justify-center overflow-hidden rounded-full\">\n<h1 class=\"relative p-1 rounded-sm flex items-center justify-center bg-token-main-surface-primary text-token-text-primary h-8 w-8\">Bang Box 35000 \u012ftraukim\u0173 jutiklinis ekranas, didmenin\u0117 pirkimo kaina, \u012fkraunami vienkartiniai garintuvai<\/h1>\n<\/div>\n<\/div>\n<\/div>\n<\/div>\n<\/div>\n<\/div>\n<\/div>\n<div class=\"group\/conversation-turn relative flex w-full min-w-0 flex-col agent-turn\">\n<div class=\"flex-col gap-1 md:gap-3\">\n<div class=\"flex max-w-full flex-col flex-grow\">\n<div class=\"min-h-8 text-message flex w-full flex-col items-end gap-2 whitespace-normal break-words text-start [.text-message+&amp;]:mt-5\" dir=\"auto\" data-message-author-role=\"assistant\" data-message-id=\"80ece0c4-ead1-4ed9-a9f0-ddc22582b4f4\" data-message-model-slug=\"gpt-4o\">\n<div class=\"flex w-full flex-col gap-1 empty:hidden first:pt-[3px]\">\n<div class=\"markdown prose w-full break-words dark:prose-invert light\">\n<p>&nbsp;<\/p>\n<p>Su <strong>\u201eBang Box 35000 Puffs\u201c<\/strong>, auk\u0161\u010diausios kokyb\u0117s \u012fkraunamas vienkartinis garintuvas, skirtas tiems, kurie reikalauja skonio, lankstumo ir patogumo. Su savo <strong>skaitmeniniu ekranu<\/strong>, dideliu \u012fp\u016btim\u0173 skai\u010diumi ir pritaikomomis funkcijomis, \u0161is prietaisas yra puikus pasirinkimas vaperiams, ie\u0161kantiems kokyb\u0117s u\u017e prieinam\u0105 kain\u0105 <strong>didmenin\u0119 kain\u0105<\/strong>.<\/p>\n<p>Patirkite <strong>mil\u017eini\u0161kus 35 000 \u012fp\u016btim\u0173<\/strong> su kiekvienu prietaisu, tod\u0117l BangBox 35k yra vienas i\u0161 ilgiausiai tarnaujan\u010di\u0173 vienkartini\u0173 garintuv\u0173 rinkoje. Atsisveikinkite su nuolatiniu keitimu ir pasveikinkite su ilgesniu garinimo malonumu! The <strong>LED jutiklinio ekrano s\u0105saja<\/strong> leid\u017eia jums vadovauti. Steb\u0117kite <strong>baterijos veikimo laik\u0105<\/strong>, <strong>e-skys\u010dio lygius<\/strong>ir lengvai reguliuokite savo <strong>oro sraut\u0105<\/strong> ir <strong>galios re\u017eimus<\/strong> M\u0117gaukit\u0117s skland\u017eiu garinimu su technologijomis po ranka.<\/p>\n<p>A\u010di\u016b <strong>dvigubos tinklin\u0117s rit\u0117s technologija<\/strong>, kiekvienas \u012fkv\u0117pimas suteikia i\u0161skirtin\u012f skon\u012f ir tir\u0161tus garus. BangBox 35000 kartu su 35 ml e. skys\u010dio talpa \u0161is garintuvas u\u017etikrina nuosekl\u0173 ir aromating\u0105 veikim\u0105 be da\u017eno papildymo. Su <strong>700 mAh \u012fkraunama baterija<\/strong> ir a <strong>C tipo \u012fkrovimo prievadas<\/strong>, \u201eBang Vape 35k\u201c u\u017etikrina greit\u0105 ir efektyv\u0173 \u012fkrovim\u0105. B\u016bkite pasiruo\u0161\u0119 vis\u0105 dien\u0105, nesvarbu, ar esate namuose, ar keliaujate.<\/p>\n<p>\u201eBang Box 35000 puffs\u201c si\u016blo <strong>tris reguliuojamo oro srauto re\u017eimus<\/strong>, suteikdamas jums galimyb\u0119 valdyti traukim\u0105. Nesvarbu, ar jums labiau patinka stipresnis, ar atviresnis \u012fkv\u0117pimas, \u0161is prietaisas prisitaiko prie j\u016bs\u0173 stiliaus vos vienu paspaudimu jutikliniame ekrane. <span style=\"font-size: 16px\">Sverianti tik <\/span><strong style=\"font-size: 16px\">105,5 g<\/strong><span style=\"font-size: 16px\">, \u201eBang Box\u201c yra lengva ir lengvai ne\u0161iojama. Puikiai tinka didmenininkams, <\/span><strong style=\"font-size: 16px\">masinio pakavimo parinktys<\/strong><span style=\"font-size: 16px\"> dar <\/span><strong style=\"font-size: 16px\">masiniams pirkimo u\u017esakymams<\/strong><span style=\"font-size: 16px\"> nepralenkiama kaina.<\/span><\/p>\n<\/div>\n<\/div>\n<\/div>\n<\/div>\n<\/div>\n<\/div>\n<div class=\"flex-shrink-0 flex flex-col relative items-end\">\n<div class=\"pt-0\">\n<div class=\"gizmo-bot-avatar flex h-8 w-8 items-center justify-center overflow-hidden rounded-full\">\n<p>&nbsp;<\/p>\n<\/div>\n<\/div>\n<\/div>\n<\/div>\n<\/div>\n<p><strong>Susisiekite su Amy ir gaukite tinkam\u0105 atsakym\u0105 bei vape kupon\u0105!<\/strong><\/p>\n<p><img loading=\"lazy\" decoding=\"async\" class=\"size-full wp-image-1978\" src=\"https:\/\/rmvapesale.com\/wp-content\/uploads\/2024\/09\/Disposable-Vape-Wholesale.jpg\" alt=\"Vienkartinis garintuvas didmenin\u0117 prekyba\" width=\"229\" height=\"300\" \/><\/p>\n<h3><a href=\"https:\/\/wa.me\/8617776015835\" target=\"_blank\" rel=\"noopener\"><span style=\"color: #ff0000\"><strong>WhatsApp: +86 17776015835<\/strong><\/span><\/a><\/h3>\n<p>&nbsp;<\/p>\n<h2><strong style=\"font-size: 1.7em\">\u201eBang Box 35000\u201c pagrindin\u0117s savyb\u0117s<\/strong><\/h2>\n<h3><\/h3>\n<ul>\n<li><strong>P\u016btim\u0173 skai\u010dius<\/strong>: Iki 35 000 ilgalaikiam naudojimui<\/li>\n<li><strong>Skaitmeninis ekranas<\/strong>: Akumuliatoriaus ir e. skys\u010dio steb\u0117jimas realiuoju laiku<\/li>\n<li><strong>E-skys\u010dio talpa<\/strong>: Didel\u0117 35 ml i\u0161 anksto u\u017epildyta talpa<\/li>\n<li><strong>Rit\u0117s sistema<\/strong>: Dviguba tinklelio rit\u0117, skirta geresniam skoniui ir garams<\/li>\n<li><strong>Baterija<\/strong>: 700 mAh \u012fkraunama su C tipo jungtimi<\/li>\n<li><strong>Oro srautas<\/strong>: Trys pritaikomi re\u017eimai asmeninei patir\u010diai<\/li>\n<li><strong>Lie\u010diamas ekranas<\/strong>: Intuityvus oro srauto ir galios re\u017eim\u0173 valdymas<\/li>\n<li><strong>Ne\u0161iojamumas<\/strong>: Lengvas dizainas, skirtas vapinimui kelyje<\/li>\n<li><strong>Paruo\u0161ta didmeninei prekybai<\/strong>: Dideli\u0173 kieki\u0173 pirkimo galimyb\u0117s ekonomi\u0161kam atsarg\u0173 papildymui&nbsp;\n<p><img loading=\"lazy\" decoding=\"async\" class=\"wp-image-2940 size-full\" src=\"https:\/\/rmvapesale.com\/wp-content\/uploads\/2025\/01\/Bang-Vape-Disposable-Vapes-35000-Bulk-Buy.webp\" alt=\"Bang Vape vienkartiniai garintuvai 35000 dideli pirkimai\" width=\"800\" height=\"496\" srcset=\"https:\/\/rmvapesale.com\/wp-content\/uploads\/2025\/01\/Bang-Vape-Disposable-Vapes-35000-Bulk-Buy.webp 800w, https:\/\/rmvapesale.com\/wp-content\/uploads\/2025\/01\/Bang-Vape-Disposable-Vapes-35000-Bulk-Buy-300x186.webp 300w, https:\/\/rmvapesale.com\/wp-content\/uploads\/2025\/01\/Bang-Vape-Disposable-Vapes-35000-Bulk-Buy-768x476.webp 768w, https:\/\/rmvapesale.com\/wp-content\/uploads\/2025\/01\/Bang-Vape-Disposable-Vapes-35000-Bulk-Buy-600x372.webp 600w\" sizes=\"auto, (max-width: 800px) 100vw, 800px\" \/><\/li>\n<\/ul>\n<h2><strong style=\"font-size: 1.7em\">Populiariausias \"Bang Box 35k\" skonis<\/strong><\/h2>\n<p>\u0160is \"Bang Box 35000 Puffs\" \u012fkraunamas vienkartinis vape su lie\u010diamuoju ekranu yra prieinamas <strong>12 jaudinantys skoniai<\/strong>, si\u016blo \u012fvairias galimybes, atitinkan\u010dias skirtingus skonius. Koks geriausias BangBOX 35K skonis? Remiantis m\u016bs\u0173 pardavim\u0173 duomenimis ir klient\u0173 atsiliepimais, raskite populiariausi\u0105 \u0161io \u012fkraunamo vienkartinio garintuvo skon\u012f.<\/p>\n<p>1. \u017dEMUOG\u0116S IR KIVIAI<br \/>\n2. M\u0116LYN\u0172J\u0172 RASPBERRY IR LEDO <span style=\"color: #ff0000\"><strong>&gt;&gt;&gt;&gt; Kar\u0161tas !<\/strong><\/span><br \/>\n3. \u017dEMUOG\u0116S IR ARB\u016aZAI<span style=\"color: #ff0000\"><strong>&gt;&gt;&gt;&gt; Kar\u0161tas !<\/strong><\/span><br \/>\n4. PASIFLOROS VAISIAI<br \/>\n5. CITRIN\u0172 KOLOS GAZUOTAS G\u0116RIMAS<br \/>\n6. ARB\u016aZAI IR LEDAS<br \/>\n7. ARB\u016aZ\u0172 KRAMTOMOJI GUMA<br \/>\n8. KIVIAI, PASIFLOROS IR GVAJAVOS<br \/>\n9. M\u0116LYN\u0116S IR LEDAS <strong> <span style=\"color: #ff0000\">&gt;&gt;&gt;&gt; Geriausias !<\/span><\/strong><br \/>\n10. ARB\u016aZAI IR VY\u0160NIOS<br \/>\n11. RAUDONASIS BULIUS <span style=\"color: #ff0000\"><strong>&gt;&gt;&gt;&gt; Kar\u0161tas !<\/strong><\/span><br \/>\n12. M\u0116TOS IR GREIPFRUTAI <span style=\"color: #ff0000\"><strong>&gt;&gt;&gt;&gt; Kar\u0161tas !<\/strong><\/span><\/p>\n<h3><\/h3>\n<h4><strong>Kod\u0117l verta rinktis Rmvapesale d\u0117l Bang Box 35000 d\u016bm\u0173\u00a0 <\/strong><strong>V<\/strong><strong>Didmenin\u0117 prekyba veipais<\/strong><strong>?<\/strong><\/h4>\n<div class=\"flex-shrink-0 flex flex-col relative items-end\">\n<div class=\"pt-0\">\n<div class=\"gizmo-bot-avatar flex h-8 w-8 items-center justify-center overflow-hidden rounded-full\">\n<div class=\"relative p-1 rounded-sm flex items-center justify-center bg-token-main-surface-primary text-token-text-primary h-8 w-8\">\n<p>Sveiki atvyk\u0119 \u012f Rmvapesale, j\u016bs\u0173 patikim\u0105 veip\u0173 parduotuv\u0119, kurioje rasite auk\u0161\u010diausios kokyb\u0117s vienkartini\u0173 veip\u0173. Tur\u0117dami daugiau nei 5 met\u0173 patirt\u012f, si\u016blome populiarius vienkartini\u0173 veip\u0173 prek\u0117s \u017eenklus, tokius kaip Al Fakher, Vapme Vape, <a href=\"https:\/\/rmvapesale.com\/lt\/product-category\/bang-vapes\/\">Bang Vape<\/a>, Waspe, WGA Vape ir<a href=\"https:\/\/rmvapesale.com\/lt\/product-category\/randm-fumot-vape\/\"> RandM Vape<\/a>.<\/p>\n<p>M\u016bs\u0173 asortimente yra populiari\u0173 vienkartini\u0173 garintuv\u0173, toki\u0173 kaip <a href=\"https:\/\/rmvapesale.com\/lt\/product\/randm-tornado-15000-puffs-vape-wholesale\/\">RandM Tornado 15000<\/a> ir sodraus skonio pasirinkim\u0173, toki\u0173 kaip <a href=\"https:\/\/rmvapesale.com\/lt\/product\/bood-twins-46000-puff-digital-disposable-vape-bulk-buy-wholesale-price\/\">Bood Twins 46000<\/a>. Kiekvienas produktas parenkamas atsi\u017evelgiant \u012f kokyb\u0119, vert\u0119 ir \u012fvairov\u0119, u\u017etikrinant, kad rastum\u0117te tobul\u0105 atitikmen\u012f savo poreikiams. Atraskite i\u0161skirtin\u012f aptarnavim\u0105 ir plat\u0173 auk\u0161\u010diausios kokyb\u0117s produkt\u0173 asortiment\u0105 \u201eRmvapesale\u201c.<\/p>\n<p>&nbsp;<\/p>\n<h3><b style=\"font-size: 1.5em;font-style: inherit\">DUK apie Bang Box 35000 <\/b><b style=\"font-size: 1.5em;font-style: inherit\">\u012ekraunamas vienkartinis veipas<\/b><\/h3>\n<\/div>\n<h3><\/h3>\n<p><strong>1. Kiek d\u016bm\u0173 suteikia Bang Box 35000?<\/strong><\/p>\n<p>Bang Box suteikia iki <strong>35 000 \u012fkv\u0117pim\u0173<\/strong>, tod\u0117l idealiai tinka ilgalaikiam naudojimui be da\u017eno keitimo.<\/p>\n<p><strong>2. Ar galiu \u012fkrauti Bang Box 35000?<\/strong><\/p>\n<p>Taip, jame yra <strong>700 mAh \u012fkraunama baterija<\/strong> su <strong>C tipo prievadas<\/strong> greitam ir patogiam \u012fkrovimui.<\/p>\n<p><strong>3. Koks skaitmeninio ekrano prana\u0161umas?<\/strong><\/p>\n<p>Su <strong>LED jutiklinis ekranas<\/strong> leid\u017eia lengvai steb\u0117ti baterijos veikimo laik\u0105, e-skys\u010dio lygius ir reguliuoti oro sraut\u0105 bei galios re\u017eimus.<\/p>\n<p><strong>4. Ar galiu pritaikyti oro sraut\u0105?<\/strong><\/p>\n<p>Tikrai! \u201eBang Box\u201c turi <strong>tris reguliuojamo oro srauto re\u017eimus<\/strong>, suteikdamas jums galimyb\u0119 kontroliuoti garinimo patirt\u012f.<\/p>\n<p><strong>5. Kur galiu \u012fsigyti Bang Box 35000 didmenin\u0117mis kainomis?<\/strong><\/p>\n<p>J\u016bs galite rasti <strong>\u201eBang Box 35000 Puffs\u201c<\/strong> u\u017e konkurencingas <strong>didmenin\u0117mis kainomis<\/strong> on <a href=\"https:\/\/rmvapesale.com\/lt\/\" target=\"_new\" rel=\"noopener\">Rmvapesale internetin\u0117je vape parduotuv\u0117je<\/a>. Pirkite dabar, kad gautum\u0117te geriausius pasi\u016blymus!<\/p>\n<p><img loading=\"lazy\" decoding=\"async\" class=\"wp-image-2941 size-full\" src=\"https:\/\/rmvapesale.com\/wp-content\/uploads\/2025\/01\/Bang-Vape-Screen-Disposable-Vape-35000-Puffs.webp\" alt=\"Bang Vape Screen vienkartinis garintuvas 35000 Puffs\" width=\"800\" height=\"558\" srcset=\"https:\/\/rmvapesale.com\/wp-content\/uploads\/2025\/01\/Bang-Vape-Screen-Disposable-Vape-35000-Puffs.webp 800w, https:\/\/rmvapesale.com\/wp-content\/uploads\/2025\/01\/Bang-Vape-Screen-Disposable-Vape-35000-Puffs-300x209.webp 300w, https:\/\/rmvapesale.com\/wp-content\/uploads\/2025\/01\/Bang-Vape-Screen-Disposable-Vape-35000-Puffs-768x536.webp 768w, https:\/\/rmvapesale.com\/wp-content\/uploads\/2025\/01\/Bang-Vape-Screen-Disposable-Vape-35000-Puffs-600x419.webp 600w\" sizes=\"auto, (max-width: 800px) 100vw, 800px\" \/><\/p>\n<\/div>\n<\/div>\n<\/div>\n<h3>Apie siuntim\u0105<\/h3>\n<div class=\"flex-shrink-0 flex flex-col relative items-end\">\n<div>\n<div class=\"pt-0\">\n<div class=\"gizmo-bot-avatar flex h-8 w-8 items-center justify-center overflow-hidden rounded-full\">\n<div><\/div>\n<div class=\"relative p-1 rounded-sm flex items-center justify-center bg-token-main-surface-primary text-token-text-primary h-8 w-8\"><strong>1. Kokie siuntimo b\u016bdai naudojami?<\/strong><\/div>\n<\/div>\n<\/div>\n<\/div>\n<\/div>\n<div class=\"group\/conversation-turn relative flex w-full min-w-0 flex-col agent-turn\">\n<div class=\"flex-col gap-1 md:gap-3\">\n<div class=\"flex max-w-full flex-col flex-grow\">\n<div class=\"min-h-[20px] text-message flex w-full flex-col items-end gap-2 whitespace-normal break-words [.text-message+&amp;]:mt-5 overflow-x-auto\" dir=\"auto\" data-message-author-role=\"assistant\" data-message-id=\"22f8283b-3233-46ff-89a5-c7a41b33abda\">\n<div class=\"flex w-full flex-col gap-1 empty:hidden first:pt-[3px]\">\n<div class=\"markdown prose w-full break-words dark:prose-invert light\">\n<p>Mes bendradarbiaujame su UPS, DHL, FedEx, DPD ir kitais pirmaujan\u010diais ve\u017e\u0117jais. Mes parinksime geriausi\u0105 siuntimo b\u016bd\u0105, atsi\u017evelgdami \u012f j\u016bs\u0173 pristatymo viet\u0105, kad u\u017etikrintume, jog gaminiai jus pasieks kuo grei\u010diau.<\/p>\n<\/div>\n<p><strong>2. Per kiek laiko prek\u0117s atkeliauja?<\/strong><\/p>\n<p>\u012e Lietuv\u0105 siun\u010diami siuntiniai paprastai atvyksta per 10 darbo dien\u0173. Siuntimas \u012f Europos \u0161alis paprastai trunka apie 12\u201315 darbo dien\u0173. Mes teikiame realiuoju laiku atnaujinam\u0105 informacij\u0105 apie j\u016bs\u0173 siuntos b\u016bsen\u0105.<\/p>\n<\/div>\n<\/div>\n<\/div>\n<\/div>\n<\/div>\n<p><strong><span style=\"color: #ff0000\">Kiti kar\u0161tai parduodami i\u0161manieji vienkartiniai garintuvai: <a href=\"https:\/\/rmvapesale.com\/lt\/product\/vopk-ultra-40000-puffs-double-taste-digital-screen-spaceman-disposable-vape-wholesale\/\">VOPK 40000 40K \u012fp\u016btim\u0173<\/a>, <a href=\"https:\/\/rmvapesale.com\/lt\/product\/bang-vape-36000-puffs-rechargeable-disposable-vape-wholesale-price\/\">Bang Vape 36k,\u00a0<\/a><\/span><\/strong><\/p>\n<p>&nbsp;<\/p>\n<p>Raskite daugiau garintuv\u0173, kurie jums gali patikti:<strong><em><a href=\"https:\/\/rmvapesale.com\/lt\/shop-2\/\">pirkti dabar &gt;&gt;&gt;<\/a><\/em><\/strong><\/p>","protected":false},"excerpt":{"rendered":"<p>Nauja Bang box 35k 35000 \u012fp\u016btim\u0173, jutiklinis valdymas, du galios re\u017eimai<br \/>\nBang Box 35000 Puffs jutiklinis valdymas, vienkartinis garintuvas didmena<br \/>\nBang box 35k \u012fp\u016btim\u0173, jutiklinis valdymas, garintuvas, didelis kiekis, pigi kaina<\/p>\n<p><strong>Susisiekite su Amy ir gaukite tinkam\u0105 atsakym\u0105 bei vape kupon\u0105!<\/strong><\/p>\n<p><img loading=\"lazy\" decoding=\"async\" class=\"size-full wp-image-2375\" src=\"https:\/\/rmvapesale.com\/wp-content\/uploads\/2024\/10\/image.png\" alt=\"Geriausias Vienkartinis Vape\" width=\"229\" height=\"300\" \/><\/p>\n<h3><a href=\"https:\/\/wa.me\/8617776015835\"><span style=\"color: #ff0000\"><strong>WhatsApp: +86 17776015835<\/strong><\/span><\/a><\/h3>\n<p>&nbsp;<\/p>","protected":false},"featured_media":2934,"comment_status":"open","ping_status":"closed","template":"","meta":{"_uag_custom_page_level_css":"","_lmt_disableupdate":"no","_lmt_disable":"","site-sidebar-layout":"default","site-content-layout":"content-boxed-container","ast-site-content-layout":"normal-width-container","site-content-style":"boxed","site-sidebar-style":"unboxed","ast-global-header-display":"","ast-banner-title-visibility":"","ast-main-header-display":"","ast-hfb-above-header-display":"","ast-hfb-below-header-display":"","ast-hfb-mobile-header-display":"","site-post-title":"","ast-breadcrumbs-content":"","ast-featured-img":"","footer-sml-layout":"","theme-transparent-header-meta":"default","adv-header-id-meta":"","stick-header-meta":"","header-above-stick-meta":"","header-main-stick-meta":"","header-below-stick-meta":"","astra-migrate-meta-layouts":"set","ast-page-background-enabled":"default","ast-page-background-meta":{"desktop":{"background-color":"var(--ast-global-color-4)","background-image":"","background-repeat":"repeat","background-position":"center center","background-size":"auto","background-attachment":"scroll","background-type":"","background-media":"","overlay-type":"","overlay-color":"","overlay-opacity":"","overlay-gradient":""},"tablet":{"background-color":"","background-image":"","background-repeat":"repeat","background-position":"center center","background-size":"auto","background-attachment":"scroll","background-type":"","background-media":"","overlay-type":"","overlay-color":"","overlay-opacity":"","overlay-gradient":""},"mobile":{"background-color":"","background-image":"","background-repeat":"repeat","background-position":"center center","background-size":"auto","background-attachment":"scroll","background-type":"","background-media":"","overlay-type":"","overlay-color":"","overlay-opacity":"","overlay-gradient":""}},"ast-content-background-meta":{"desktop":{"background-color":"var(--ast-global-color-5)","background-image":"","background-repeat":"repeat","background-position":"center center","background-size":"auto","background-attachment":"scroll","background-type":"","background-media":"","overlay-type":"","overlay-color":"","overlay-opacity":"","overlay-gradient":""},"tablet":{"background-color":"var(--ast-global-color-5)","background-image":"","background-repeat":"repeat","background-position":"center center","background-size":"auto","background-attachment":"scroll","background-type":"","background-media":"","overlay-type":"","overlay-color":"","overlay-opacity":"","overlay-gradient":""},"mobile":{"background-color":"var(--ast-global-color-5)","background-image":"","background-repeat":"repeat","background-position":"center center","background-size":"auto","background-attachment":"scroll","background-type":"","background-media":"","overlay-type":"","overlay-color":"","overlay-opacity":"","overlay-gradient":""}},"_joinchat":[]},"product_brand":[],"product_cat":[15,246,25,123,26,28,135,27,60,137,136,30],"product_tag":[267,199,146,131,40,111,266],"class_list":{"0":"post-2913","1":"product","2":"type-product","3":"status-publish","4":"has-post-thumbnail","6":"product_cat-new-vape-this-week","7":"product_cat-35000-puffs-disposable-vape","8":"product_cat-germany-best-selling-vape","9":"product_cat-italy-wholesale-vape","10":"product_cat-netherlands-hot-sale-vape","11":"product_cat-poland-hot-sale-vape","12":"product_cat-spain-best-hot-sale-vape","13":"product_cat-fance-hot-sale-vape","14":"product_cat-bang-vapes","15":"product_cat-rechargeable-vapes","16":"product_cat-smart-screen-vapes","17":"product_cat-minimum-order-quantity-50pcs","18":"product_tag-bang-box-35k","19":"product_tag-bang-vape","20":"product_tag-best-hot-sale-vape","21":"product_tag-big-puff-vape","22":"product_tag-hot-sale-vape","23":"product_tag-low-nicotine-disposable-vape","24":"product_tag-touch-screen-rechargeable-disposable-vape","25":"desktop-align-left","26":"tablet-align-left","27":"mobile-align-left","29":"first","30":"instock","31":"sale","32":"shipping-taxable","33":"purchasable","34":"product-type-simple"},"uagb_featured_image_src":{"full":["https:\/\/rmvapesale.com\/wp-content\/uploads\/2025\/01\/Bang-Box-Vape-35000-Puffs-Disposable-Vape-Bulk-Buy.webp",800,800,false],"thumbnail":["https:\/\/rmvapesale.com\/wp-content\/uploads\/2025\/01\/Bang-Box-Vape-35000-Puffs-Disposable-Vape-Bulk-Buy-150x150.webp",150,150,true],"medium":["https:\/\/rmvapesale.com\/wp-content\/uploads\/2025\/01\/Bang-Box-Vape-35000-Puffs-Disposable-Vape-Bulk-Buy-300x300.webp",300,300,true],"medium_large":["https:\/\/rmvapesale.com\/wp-content\/uploads\/2025\/01\/Bang-Box-Vape-35000-Puffs-Disposable-Vape-Bulk-Buy-768x768.webp",768,768,true],"large":["https:\/\/rmvapesale.com\/wp-content\/uploads\/2025\/01\/Bang-Box-Vape-35000-Puffs-Disposable-Vape-Bulk-Buy.webp",800,800,false],"1536x1536":["https:\/\/rmvapesale.com\/wp-content\/uploads\/2025\/01\/Bang-Box-Vape-35000-Puffs-Disposable-Vape-Bulk-Buy.webp",800,800,false],"2048x2048":["https:\/\/rmvapesale.com\/wp-content\/uploads\/2025\/01\/Bang-Box-Vape-35000-Puffs-Disposable-Vape-Bulk-Buy.webp",800,800,false],"trp-custom-language-flag":["https:\/\/rmvapesale.com\/wp-content\/uploads\/2025\/01\/Bang-Box-Vape-35000-Puffs-Disposable-Vape-Bulk-Buy.webp",12,12,false],"woocommerce_thumbnail":["https:\/\/rmvapesale.com\/wp-content\/uploads\/2025\/01\/Bang-Box-Vape-35000-Puffs-Disposable-Vape-Bulk-Buy-300x300.webp",300,300,true],"woocommerce_single":["https:\/\/rmvapesale.com\/wp-content\/uploads\/2025\/01\/Bang-Box-Vape-35000-Puffs-Disposable-Vape-Bulk-Buy-600x600.webp",600,600,true],"woocommerce_gallery_thumbnail":["https:\/\/rmvapesale.com\/wp-content\/uploads\/2025\/01\/Bang-Box-Vape-35000-Puffs-Disposable-Vape-Bulk-Buy-100x100.webp",100,100,true],"wcpr-photo-reviews":["https:\/\/rmvapesale.com\/wp-content\/uploads\/2025\/01\/Bang-Box-Vape-35000-Puffs-Disposable-Vape-Bulk-Buy.webp",500,500,false]},"uagb_author_info":{"display_name":"AMY","author_link":"https:\/\/rmvapesale.com\/lt\/author\/"},"uagb_comment_info":0,"uagb_excerpt":"New Bang box 35k 35000 Puffs Touch Control Two Power Mode Bang Box 35000 Puffs Touch Control Disposable Vape Wholesale Bang box 35k Puffs Touch Control Vape Bulk Buy Cheap Price Contact Amy to get right reply and vape coupon! WhatsApp: +86 17776015835 &nbsp;","_links":{"self":[{"href":"https:\/\/rmvapesale.com\/lt\/wp-json\/wp\/v2\/product\/2913","targetHints":{"allow":["GET"]}}],"collection":[{"href":"https:\/\/rmvapesale.com\/lt\/wp-json\/wp\/v2\/product"}],"about":[{"href":"https:\/\/rmvapesale.com\/lt\/wp-json\/wp\/v2\/types\/product"}],"replies":[{"embeddable":true,"href":"https:\/\/rmvapesale.com\/lt\/wp-json\/wp\/v2\/comments?post=2913"}],"wp:featuredmedia":[{"embeddable":true,"href":"https:\/\/rmvapesale.com\/lt\/wp-json\/wp\/v2\/media\/2934"}],"wp:attachment":[{"href":"https:\/\/rmvapesale.com\/lt\/wp-json\/wp\/v2\/media?parent=2913"}],"wp:term":[{"taxonomy":"product_brand","embeddable":true,"href":"https:\/\/rmvapesale.com\/lt\/wp-json\/wp\/v2\/product_brand?post=2913"},{"taxonomy":"product_cat","embeddable":true,"href":"https:\/\/rmvapesale.com\/lt\/wp-json\/wp\/v2\/product_cat?post=2913"},{"taxonomy":"product_tag","embeddable":true,"href":"https:\/\/rmvapesale.com\/lt\/wp-json\/wp\/v2\/product_tag?post=2913"}],"curies":[{"name":"wp","href":"https:\/\/api.w.org\/{rel}","templated":true}]}}