{"id":2948,"date":"2025-01-10T08:39:18","date_gmt":"2025-01-10T08:39:18","guid":{"rendered":"https:\/\/rmvapesale.com\/?post_type=product&#038;p=2948"},"modified":"2025-01-10T09:15:27","modified_gmt":"2025-01-10T09:15:27","slug":"crystal-vape-uwin-shisha-hookah-20k-20000-puffs-wholesale-best-price","status":"publish","type":"product","link":"https:\/\/rmvapesale.com\/lt\/product\/crystal-vape-uwin-shisha-hookah-20k-20000-puffs-wholesale-best-price\/","title":{"rendered":"Crystal Vape Uwin Shisha Hookah 20K 20000 \u012ftraukim\u0173 didmenin\u0117 prekyba geriausia kaina"},"content":{"rendered":"<div class=\"B2VR9 CJHX3e\">\n<div class=\"wyccme\">\n<div class=\"flex-shrink-0 flex flex-col relative items-end\">\n<div class=\"pt-0\">\n<div class=\"gizmo-bot-avatar flex h-8 w-8 items-center justify-center overflow-hidden rounded-full\">\n<div class=\"relative p-1 rounded-sm flex items-center justify-center bg-token-main-surface-primary text-token-text-primary h-8 w-8\">\n<div class=\"flex-shrink-0 flex flex-col relative items-end\">\n<div class=\"pt-0\">\n<div class=\"gizmo-bot-avatar flex h-8 w-8 items-center justify-center overflow-hidden rounded-full\">\n<h1 class=\"relative p-1 rounded-sm flex items-center justify-center bg-token-main-surface-primary text-token-text-primary h-8 w-8\">Crystal Vape Uwin Shisha Hookah 20K 20000 \u012ftraukim\u0173 didmenin\u0117 prekyba geriausia kaina<\/h1>\n<\/div>\n<\/div>\n<\/div>\n<\/div>\n<\/div>\n<\/div>\n<\/div>\n<div class=\"group\/conversation-turn relative flex w-full min-w-0 flex-col agent-turn\">\n<div class=\"flex-col gap-1 md:gap-3\">\n<div class=\"flex max-w-full flex-col flex-grow\">\n<div class=\"min-h-8 text-message flex w-full flex-col items-end gap-2 whitespace-normal break-words text-start [.text-message+&amp;]:mt-5\" dir=\"auto\" data-message-author-role=\"assistant\" data-message-id=\"80ece0c4-ead1-4ed9-a9f0-ddc22582b4f4\" data-message-model-slug=\"gpt-4o\">\n<div class=\"flex w-full flex-col gap-1 empty:hidden first:pt-[3px]\">\n<div class=\"markdown prose w-full break-words dark:prose-invert light\">\n<p>&nbsp;<\/p>\n<p>Su <strong>Crystal Vape Uwin Shisha Hookah 20K 20000 \u012ftraukim\u0173<\/strong>, yra auk\u0161\u010diausios kokyb\u0117s garinimo \u012frenginys, apjungiantis pa\u017eangiausias technologijas, stili\u0173 ir na\u0161um\u0105. Su \u012fsp\u016bdingu <strong>skaitmeniniu ekranu<\/strong>, pritaikomomis funkcijomis ir dideliu \u012ftraukim\u0173 skai\u010diumi, jis sukurtas patenkinti tiek atsitiktini\u0173, tiek patyrusi\u0173 garintoj\u0173 poreikius.<\/p>\n<\/div>\n<p>Su Uwin Crystal 20000 vape m\u0117gausit\u0117s ilgesne garinimo patirtimi su iki <strong>20 000 \u012ftraukim\u0173<\/strong> vienam \u012frenginiui. Atsisveikinkite su da\u017enais pakeitimais ir pasisveikinkite su nepertraukiamu malonumu! The <strong>inovatyvus skaitmeninis ekranas<\/strong> informuoja jus apie baterijos veikimo laik\u0105 ir naudojim\u0105, u\u017etikrindamas patogi\u0105 patirt\u012f. \u017dinokite savo \u012frenginio b\u016bsen\u0105 i\u0161 pirmo \u017evilgsnio. Su pritaikomais oro srauto nustatymais Crystal Vape Uwin 20K prisitaiko prie j\u016bs\u0173 pageidavim\u0173. Nesvarbu, ar jums patinka grie\u017etesni \u012ftraukimai, ar atviresnis sm\u016bgis, \u0161is \u012frenginys pateikia.<\/p>\n<p>\u012erengtas su <strong>0,8 \u03a9 tinklelio spirale<\/strong>, \u0161is \u012fkraunamas vienkartinis vape u\u017etikrina didesn\u012f gar\u0173 gamyb\u0105 ir neprilygstam\u0105 skon\u012f. Kiekvienas \u012ftraukimas yra \u0161velnus, sodrus ir patenkinantis. Maitinamas <strong>650 mAh kobalto \u012fkraunama baterija<\/strong> ir a <strong>C tipo \u012fkrovimo prievadas<\/strong>, \u201eUwin Shisha Hookah\u201c visada pasiruo\u0161\u0119s darbui. Greitas ir efektyvus \u012fkrovimas rei\u0161kia ma\u017eiau prastov\u0173. Ergonomi\u0161kas ir kompakti\u0161kas \u201eCrystal Vape Uwin\u201c pasi\u017eymi aptakiu dizainu, kuris yra stilingas ir patogus naudoti. Tai tiek pat stiliaus elementas, kiek ir garinimo \u012frenginys. Galima \u012fsigyti <strong>0%, 2%, 3% ir 5% nikotino stiprumo<\/strong>, \u0161is garintuvas tinka kiekvienam skoniui. Nesvarbu, ar norite stipraus sm\u016bgio, ar \u0161velnesn\u0117s patirties, mes pasir\u016bpinsime.<\/p>\n<\/div>\n<p>Patobulinkite savo garinimo \u017eaidim\u0105 su <strong>\u201eCrystal Vape Uwin Shisha Hookah 20000\u201c<\/strong>. D\u0117l savo stiliaus, na\u0161umo ir patogumo derinio tai yra puikus pasirinkimas visiems garintojams. Nelaukite \u2013 u\u017esisakykite jau \u0161iandien!<\/p>\n<\/div>\n<\/div>\n<\/div>\n<\/div>\n<div class=\"flex-shrink-0 flex flex-col relative items-end\">\n<div class=\"pt-0\">\n<div class=\"gizmo-bot-avatar flex h-8 w-8 items-center justify-center overflow-hidden rounded-full\">\n<p>&nbsp;<\/p>\n<\/div>\n<\/div>\n<\/div>\n<\/div>\n<\/div>\n<p><strong>Susisiekite su Amy ir gaukite tinkam\u0105 atsakym\u0105 bei vape kupon\u0105!<\/strong><\/p>\n<p><img loading=\"lazy\" decoding=\"async\" class=\"size-full wp-image-1978\" src=\"https:\/\/rmvapesale.com\/wp-content\/uploads\/2024\/09\/Disposable-Vape-Wholesale.jpg\" alt=\"Vienkartinis garintuvas didmenin\u0117 prekyba\" width=\"229\" height=\"300\" \/><\/p>\n<h3><a href=\"https:\/\/wa.me\/8617776015835\" target=\"_blank\" rel=\"noopener\"><span style=\"color: #ff0000\"><strong>WhatsApp: +86 17776015835<\/strong><\/span><\/a><\/h3>\n<p>&nbsp;<\/p>\n<h2><strong style=\"font-size: 1.7em\">\u201eCrystal Vape Uwin 20000\u201c pagrindin\u0117s savyb\u0117s<\/strong><\/h2>\n<h3><\/h3>\n<ul>\n<li><strong>P\u016btim\u0173 skai\u010dius<\/strong>: Iki 20 000 ilgesniam naudojimui<\/li>\n<li><strong>Skaitmeninis ekranas<\/strong>: Baterijos veikimo trukm\u0117s ir naudojimo steb\u0117jimas realiuoju laiku<\/li>\n<li><strong>E-skys\u010dio talpa<\/strong>: 22 ml i\u0161 anksto u\u017epildyta talpykla, kad reik\u0117t\u0173 ma\u017eiau papildym\u0173<\/li>\n<li><strong>Tinklelio rit\u0117<\/strong>: 0,8 \u03a9 rit\u0117 sodriam skoniui ir tankiems garams<\/li>\n<li><strong>\u012ekraunama baterija<\/strong>: 650 mAh kobalto baterija su C tipo \u012fkrovimu<\/li>\n<li><strong>Nikotino lygiai<\/strong>: Galima \u012fsigyti 0%, 2%, 3% ir 5%<\/li>\n<li><strong>Skoniai<\/strong>: Galima rinktis i\u0161 12 gard\u017ei\u0173 variant\u0173<\/li>\n<li><strong>Reguliuojamas oro srautas<\/strong>: Pritaikomi nustatymai individualiai patir\u010diai<\/li>\n<li><strong>Kompakti\u0161kas dizainas<\/strong>: Aptakus ir ergonomi\u0161kas, kad b\u016bt\u0173 patogu ne\u0161iotis ir stilingas<\/li>\n<\/ul>\n<h2><strong style=\"font-size: 1.7em\">Populiariausias \u201eUwin 20000\u201c skonis <\/strong><strong style=\"font-size: 1.7em\">Kri\u0161tolinis Vape<\/strong><\/h2>\n<p>\u0160is vienkartinis garintuvas yra <strong>12 skani\u0173 skoni\u0173<\/strong>, si\u016blo plat\u0173 pasirinkim\u0105, kad patenkint\u0173 skirtingus vartotojus. Koks geriausias \u201eUwin Crystal 20000\u201c skonis? Populiariausius skonius rasite prid\u0117tame s\u0105ra\u0161e pagal m\u016bs\u0173 pardavim\u0173 duomenis ir klient\u0173 atsiliepimus.<\/p>\n<ol>\n<li>Arb\u016bzas <span style=\"color: #ff0000\"><strong>&gt;&gt;&gt;&gt; Kar\u0161tas !<\/strong><\/span><\/li>\n<li>Mango ledas<\/li>\n<li>M\u0117lyni\u0173 aviet\u0117s <span style=\"color: #ff0000\"><strong>&gt;&gt;&gt;&gt; Kar\u0161tas !<\/strong><\/span><\/li>\n<li>Vynuogi\u0173 m\u0117tos<\/li>\n<li>Pasiflor\u0173 vaisiai<\/li>\n<li>Bra\u0161ki\u0173 ir kivi\u0173<\/li>\n<li>Dvigubas obuolys<\/li>\n<li>Persik\u0173 ledas<\/li>\n<li>Ananas\u0173 kokosas<\/li>\n<li>Mi\u0161rios uogos <strong><span style=\"color: #ff0000\">&gt;&gt;&gt;&gt; Geriausias !<\/span><\/strong><\/li>\n<li>Citrin\u0173 m\u0117ta <span style=\"color: #ff0000\"><strong>&gt;&gt;&gt;&gt; Kar\u0161tas !<\/strong><\/span><\/li>\n<li>Apelsin\u0173 g\u0117rimas<\/li>\n<\/ol>\n<figure id=\"attachment_2944\" aria-describedby=\"caption-attachment-2944\" style=\"width: 800px\" class=\"wp-caption alignnone\"><img loading=\"lazy\" decoding=\"async\" class=\"wp-image-2944 size-full\" src=\"https:\/\/rmvapesale.com\/wp-content\/uploads\/2025\/01\/Hookah-Shisha-Uwin-Crystal-20000-Puffs-Disposable-Vape.webp\" alt=\"Kaljano \u201eShisha Uwin Crystal 20000\u201c \u012ftraukim\u0173 vienkartinis garintuvas\" width=\"800\" height=\"800\" srcset=\"https:\/\/rmvapesale.com\/wp-content\/uploads\/2025\/01\/Hookah-Shisha-Uwin-Crystal-20000-Puffs-Disposable-Vape.webp 800w, https:\/\/rmvapesale.com\/wp-content\/uploads\/2025\/01\/Hookah-Shisha-Uwin-Crystal-20000-Puffs-Disposable-Vape-300x300.webp 300w, https:\/\/rmvapesale.com\/wp-content\/uploads\/2025\/01\/Hookah-Shisha-Uwin-Crystal-20000-Puffs-Disposable-Vape-150x150.webp 150w, https:\/\/rmvapesale.com\/wp-content\/uploads\/2025\/01\/Hookah-Shisha-Uwin-Crystal-20000-Puffs-Disposable-Vape-768x768.webp 768w, https:\/\/rmvapesale.com\/wp-content\/uploads\/2025\/01\/Hookah-Shisha-Uwin-Crystal-20000-Puffs-Disposable-Vape-600x600.webp 600w, https:\/\/rmvapesale.com\/wp-content\/uploads\/2025\/01\/Hookah-Shisha-Uwin-Crystal-20000-Puffs-Disposable-Vape-100x100.webp 100w\" sizes=\"auto, (max-width: 800px) 100vw, 800px\" \/><figcaption id=\"caption-attachment-2944\" class=\"wp-caption-text\">Kaljano \u201eShisha Uwin Crystal 20000\u201c \u012ftraukim\u0173 vienkartinis garintuvas<\/figcaption><\/figure>\n<h3><strong>Kod\u0117l verta rinktis \u201eRmvapesale\u201c \u201eCrystal Vape Uwin 20000 Puff\u201c\u00a0 <\/strong><strong>V<\/strong><strong>Didmenin\u0117 prekyba veipais<\/strong><strong>?<\/strong><\/h3>\n<div class=\"flex-shrink-0 flex flex-col relative items-end\">\n<div class=\"pt-0\">\n<div class=\"gizmo-bot-avatar flex h-8 w-8 items-center justify-center overflow-hidden rounded-full\">\n<p class=\"relative p-1 rounded-sm flex items-center justify-center bg-token-main-surface-primary text-token-text-primary h-8 w-8\">Sveiki atvyk\u0119 \u012f Rmvapesale, j\u016bs\u0173 patikim\u0105 veip\u0173 parduotuv\u0119, kurioje rasite auk\u0161\u010diausios kokyb\u0117s vienkartini\u0173 veip\u0173. Tur\u0117dami daugiau nei 5 met\u0173 patirt\u012f, si\u016blome populiarius vienkartini\u0173 veip\u0173 prek\u0117s \u017eenklus, tokius kaip Al Fakher, Vapme Vape, <a href=\"https:\/\/rmvapesale.com\/lt\/product-category\/bang-vapes\/\">Bang Vape<\/a>, Waspe, WGA Vape ir<a href=\"https:\/\/rmvapesale.com\/lt\/product-category\/randm-fumot-vape\/\"> RandM Vape<\/a>.M\u016bs\u0173 asortimente yra populiari\u0173 vienkartini\u0173 garintuv\u0173, toki\u0173 kaip <a href=\"https:\/\/rmvapesale.com\/lt\/product\/bang-box-35000-puffs-touch-screen-bulk-buy-price-rechargeable-disposable-vapes\/\">\u201eBang Box 35000 Puffs\u201c<\/a> ir sodraus skonio pasirinkim\u0173, toki\u0173 kaip<a href=\"https:\/\/rmvapesale.com\/lt\/product\/bood-pulse-pro-50000-puff-50k-low-nicotine-disposable-vape-wholesale-bulk-buy-price\/\">\u00a0\u201eBood Pulse PRO 50000\u201c<\/a>. Kiekvienas produktas parenkamas atsi\u017evelgiant \u012f kokyb\u0119, vert\u0119 ir \u012fvairov\u0119, u\u017etikrinant, kad rastum\u0117te tobul\u0105 atitikmen\u012f savo poreikiams. Atraskite i\u0161skirtin\u012f aptarnavim\u0105 ir plat\u0173 auk\u0161\u010diausios kokyb\u0117s produkt\u0173 asortiment\u0105 \u201eRmvapesale\u201c.<\/p>\n<p>&nbsp;<\/p>\n<p class=\"relative p-1 rounded-sm flex items-center justify-center bg-token-main-surface-primary text-token-text-primary h-8 w-8\"><b style=\"font-size: 1.5em;font-style: inherit\">DUK apie Crystal Vape Uwin 20000 <\/b><b style=\"font-size: 1.5em;font-style: inherit\">\u012ekraunamas vienkartinis veipas<\/b><\/p>\n<h3><\/h3>\n<h4><strong>1. Kiek \u012ftraukim\u0173 si\u016blo Crystal Vape Uwin Shisha Hookah 20K?<\/strong><\/h4>\n<p>Prietaisas suteikia iki <strong>20 000 \u012ftraukim\u0173<\/strong>, tod\u0117l tai yra ilgalaikis pasirinkimas ilgam naudojimui.<\/p>\n<h4><strong>2. Ar \u0161iame vape yra skaitmeninis ekranas?<\/strong><\/h4>\n<p>Taip, jis turi <strong>lengvai \u012fskaitomas skaitmeninis ekranas <\/strong>kad gal\u0117tum\u0117te be vargo steb\u0117ti baterijos veikimo laik\u0105 ir naudojim\u0105.<\/p>\n<h4><strong>3. Ar galiu \u012fkrauti baterij\u0105?<\/strong><\/h4>\n<p>Be abejo! Jis tiekiamas su <strong>650 mAh \u012fkraunama baterija<\/strong> ir a <strong>C tipo prievadas<\/strong> greitam ir patogiam \u012fkrovimui.<\/p>\n<h4><strong>4. Ar oro srautas reguliuojamas?<\/strong><\/h4>\n<p>Taip, Uwin Shisha Hookah 20K si\u016blo <strong>pritaikomus oro srauto nustatymus<\/strong> kad atitikt\u0173 j\u016bs\u0173 garinimo pageidavimus.<\/p>\n<h4><strong>5. Kur galiu \u012fsigyti Crystal Vape Uwin Shisha Hookah 20K didmenin\u0117mis kainomis?<\/strong><\/h4>\n<p>\u0160\u012f produkt\u0105 galite rasti geriausiame <strong>didmenin\u0117mis kainomis<\/strong> on <a href=\"https:\/\/rmvapesale.com\/lt\/\" target=\"_new\" rel=\"noopener\">Rmvapesale internetin\u0117je vape parduotuv\u0117je<\/a>. Apsipirkite dabar ir gaukite neprilygstam\u0173 pasi\u016blym\u0173!<\/p>\n<p>&nbsp;<\/p>\n<\/div>\n<\/div>\n<\/div>\n<h3>Apie siuntim\u0105<\/h3>\n<div class=\"flex-shrink-0 flex flex-col relative items-end\">\n<div>\n<div class=\"pt-0\">\n<div class=\"gizmo-bot-avatar flex h-8 w-8 items-center justify-center overflow-hidden rounded-full\">\n<div><\/div>\n<div class=\"relative p-1 rounded-sm flex items-center justify-center bg-token-main-surface-primary text-token-text-primary h-8 w-8\"><strong>1. Kokie siuntimo b\u016bdai naudojami?<\/strong><\/div>\n<\/div>\n<\/div>\n<\/div>\n<\/div>\n<div class=\"group\/conversation-turn relative flex w-full min-w-0 flex-col agent-turn\">\n<div class=\"flex-col gap-1 md:gap-3\">\n<div class=\"flex max-w-full flex-col flex-grow\">\n<div class=\"min-h-[20px] text-message flex w-full flex-col items-end gap-2 whitespace-normal break-words [.text-message+&amp;]:mt-5 overflow-x-auto\" dir=\"auto\" data-message-author-role=\"assistant\" data-message-id=\"22f8283b-3233-46ff-89a5-c7a41b33abda\">\n<div class=\"flex w-full flex-col gap-1 empty:hidden first:pt-[3px]\">\n<div class=\"markdown prose w-full break-words dark:prose-invert light\">\n<p>Mes bendradarbiaujame su UPS, DHL, FedEx, DPD ir kitais pirmaujan\u010diais ve\u017e\u0117jais. Mes parinksime geriausi\u0105 siuntimo b\u016bd\u0105, atsi\u017evelgdami \u012f j\u016bs\u0173 pristatymo viet\u0105, kad u\u017etikrintume, jog gaminiai jus pasieks kuo grei\u010diau.<\/p>\n<\/div>\n<p><strong>2. Per kiek laiko prek\u0117s atkeliauja?<\/strong><\/p>\n<p>\u012e Lietuv\u0105 siun\u010diami siuntiniai paprastai atvyksta per 10 darbo dien\u0173. Siuntimas \u012f Europos \u0161alis paprastai trunka apie 12\u201315 darbo dien\u0173. Mes teikiame realiuoju laiku atnaujinam\u0105 informacij\u0105 apie j\u016bs\u0173 siuntos b\u016bsen\u0105.<\/p>\n<\/div>\n<\/div>\n<\/div>\n<\/div>\n<\/div>\n<p>&nbsp;<\/p>\n<p>Raskite daugiau garintuv\u0173, kurie jums gali patikti:<strong><em><a href=\"https:\/\/rmvapesale.com\/lt\/shop-2\/\">pirkti dabar &gt;&gt;&gt;<\/a><\/em><\/strong><\/p>","protected":false},"excerpt":{"rendered":"<p>Uwin Shisha Hookah Crystal 20000 \u012etraukim\u0173 Dideliais kiekiais<br \/>\nUwin Crystal 20000 \u012etraukim\u0173 Vienkartinis Vape E Shisha Hookah<br \/>\nGeriausia didmenin\u0117 kaina Uwin Shisha Hookah Crystal 20K 20000 \u012etraukim\u0173<\/p>\n<p><strong>Susisiekite su Amy ir gaukite tinkam\u0105 atsakym\u0105 bei vape kupon\u0105!<\/strong><\/p>\n<p><img loading=\"lazy\" decoding=\"async\" class=\"size-full wp-image-2375\" src=\"https:\/\/rmvapesale.com\/wp-content\/uploads\/2024\/10\/image.png\" alt=\"Geriausias Vienkartinis Vape\" width=\"229\" height=\"300\" \/><\/p>\n<h3><a href=\"https:\/\/wa.me\/8617776015835\"><span style=\"color: #ff0000\"><strong>WhatsApp: +86 17776015835<\/strong><\/span><\/a><\/h3>\n<p>&nbsp;<\/p>","protected":false},"featured_media":2943,"comment_status":"open","ping_status":"closed","template":"","meta":{"_uag_custom_page_level_css":"","_lmt_disableupdate":"no","_lmt_disable":"","site-sidebar-layout":"default","site-content-layout":"content-boxed-container","ast-site-content-layout":"normal-width-container","site-content-style":"boxed","site-sidebar-style":"unboxed","ast-global-header-display":"","ast-banner-title-visibility":"","ast-main-header-display":"","ast-hfb-above-header-display":"","ast-hfb-below-header-display":"","ast-hfb-mobile-header-display":"","site-post-title":"","ast-breadcrumbs-content":"","ast-featured-img":"","footer-sml-layout":"","ast-disable-related-posts":"","theme-transparent-header-meta":"default","adv-header-id-meta":"","stick-header-meta":"","header-above-stick-meta":"","header-main-stick-meta":"","header-below-stick-meta":"","astra-migrate-meta-layouts":"set","ast-page-background-enabled":"default","ast-page-background-meta":{"desktop":{"background-color":"var(--ast-global-color-4)","background-image":"","background-repeat":"repeat","background-position":"center center","background-size":"auto","background-attachment":"scroll","background-type":"","background-media":"","overlay-type":"","overlay-color":"","overlay-opacity":"","overlay-gradient":""},"tablet":{"background-color":"","background-image":"","background-repeat":"repeat","background-position":"center center","background-size":"auto","background-attachment":"scroll","background-type":"","background-media":"","overlay-type":"","overlay-color":"","overlay-opacity":"","overlay-gradient":""},"mobile":{"background-color":"","background-image":"","background-repeat":"repeat","background-position":"center center","background-size":"auto","background-attachment":"scroll","background-type":"","background-media":"","overlay-type":"","overlay-color":"","overlay-opacity":"","overlay-gradient":""}},"ast-content-background-meta":{"desktop":{"background-color":"var(--ast-global-color-5)","background-image":"","background-repeat":"repeat","background-position":"center center","background-size":"auto","background-attachment":"scroll","background-type":"","background-media":"","overlay-type":"","overlay-color":"","overlay-opacity":"","overlay-gradient":""},"tablet":{"background-color":"var(--ast-global-color-5)","background-image":"","background-repeat":"repeat","background-position":"center center","background-size":"auto","background-attachment":"scroll","background-type":"","background-media":"","overlay-type":"","overlay-color":"","overlay-opacity":"","overlay-gradient":""},"mobile":{"background-color":"var(--ast-global-color-5)","background-image":"","background-repeat":"repeat","background-position":"center center","background-size":"auto","background-attachment":"scroll","background-type":"","background-media":"","overlay-type":"","overlay-color":"","overlay-opacity":"","overlay-gradient":""}},"_joinchat":[]},"product_brand":[],"product_cat":[15,255,60,27,25,123,30,26,28,137,136,135],"product_tag":[146,40,111,103,269,268],"class_list":{"0":"post-2948","1":"product","2":"type-product","3":"status-publish","4":"has-post-thumbnail","6":"product_cat-new-vape-this-week","7":"product_cat-20000-puff-disposable-vape","8":"product_cat-bang-vapes","9":"product_cat-fance-hot-sale-vape","10":"product_cat-germany-best-selling-vape","11":"product_cat-italy-wholesale-vape","12":"product_cat-minimum-order-quantity-50pcs","13":"product_cat-netherlands-hot-sale-vape","14":"product_cat-poland-hot-sale-vape","15":"product_cat-rechargeable-vapes","16":"product_cat-smart-screen-vapes","17":"product_cat-spain-best-hot-sale-vape","18":"product_tag-best-hot-sale-vape","19":"product_tag-hot-sale-vape","20":"product_tag-low-nicotine-disposable-vape","21":"product_tag-shisha-hookah","22":"product_tag-uwin-crystal-20000","23":"product_tag-uwin-shisha-hookah-20k","24":"desktop-align-left","25":"tablet-align-left","26":"mobile-align-left","28":"first","29":"instock","30":"sale","31":"shipping-taxable","32":"purchasable","33":"product-type-simple"},"uagb_featured_image_src":{"full":["https:\/\/rmvapesale.com\/wp-content\/uploads\/2025\/01\/Hookah-Shisha-Uwin-Crystal-20000-Puffs-Disposable-Vape-Bulk-Buy.webp",800,800,false],"thumbnail":["https:\/\/rmvapesale.com\/wp-content\/uploads\/2025\/01\/Hookah-Shisha-Uwin-Crystal-20000-Puffs-Disposable-Vape-Bulk-Buy-150x150.webp",150,150,true],"medium":["https:\/\/rmvapesale.com\/wp-content\/uploads\/2025\/01\/Hookah-Shisha-Uwin-Crystal-20000-Puffs-Disposable-Vape-Bulk-Buy-300x300.webp",300,300,true],"medium_large":["https:\/\/rmvapesale.com\/wp-content\/uploads\/2025\/01\/Hookah-Shisha-Uwin-Crystal-20000-Puffs-Disposable-Vape-Bulk-Buy-768x768.webp",768,768,true],"large":["https:\/\/rmvapesale.com\/wp-content\/uploads\/2025\/01\/Hookah-Shisha-Uwin-Crystal-20000-Puffs-Disposable-Vape-Bulk-Buy.webp",800,800,false],"1536x1536":["https:\/\/rmvapesale.com\/wp-content\/uploads\/2025\/01\/Hookah-Shisha-Uwin-Crystal-20000-Puffs-Disposable-Vape-Bulk-Buy.webp",800,800,false],"2048x2048":["https:\/\/rmvapesale.com\/wp-content\/uploads\/2025\/01\/Hookah-Shisha-Uwin-Crystal-20000-Puffs-Disposable-Vape-Bulk-Buy.webp",800,800,false],"trp-custom-language-flag":["https:\/\/rmvapesale.com\/wp-content\/uploads\/2025\/01\/Hookah-Shisha-Uwin-Crystal-20000-Puffs-Disposable-Vape-Bulk-Buy.webp",12,12,false],"woocommerce_thumbnail":["https:\/\/rmvapesale.com\/wp-content\/uploads\/2025\/01\/Hookah-Shisha-Uwin-Crystal-20000-Puffs-Disposable-Vape-Bulk-Buy-300x300.webp",300,300,true],"woocommerce_single":["https:\/\/rmvapesale.com\/wp-content\/uploads\/2025\/01\/Hookah-Shisha-Uwin-Crystal-20000-Puffs-Disposable-Vape-Bulk-Buy-600x600.webp",600,600,true],"woocommerce_gallery_thumbnail":["https:\/\/rmvapesale.com\/wp-content\/uploads\/2025\/01\/Hookah-Shisha-Uwin-Crystal-20000-Puffs-Disposable-Vape-Bulk-Buy-100x100.webp",100,100,true],"wcpr-photo-reviews":["https:\/\/rmvapesale.com\/wp-content\/uploads\/2025\/01\/Hookah-Shisha-Uwin-Crystal-20000-Puffs-Disposable-Vape-Bulk-Buy.webp",500,500,false]},"uagb_author_info":{"display_name":"AMY","author_link":"https:\/\/rmvapesale.com\/lt\/author\/"},"uagb_comment_info":0,"uagb_excerpt":"Uwin Shisha Hookah Crystal 20000 Puff Bulk Uwin Crystal 20000 Puffs Disposable Vape E Shisha Hookah Best Wholesale Price Uwin Shisha Hookah Crystal 20K 20000 Puffs Contact Amy to get right reply and vape coupon! WhatsApp: +86 17776015835 &nbsp;","_links":{"self":[{"href":"https:\/\/rmvapesale.com\/lt\/wp-json\/wp\/v2\/product\/2948","targetHints":{"allow":["GET"]}}],"collection":[{"href":"https:\/\/rmvapesale.com\/lt\/wp-json\/wp\/v2\/product"}],"about":[{"href":"https:\/\/rmvapesale.com\/lt\/wp-json\/wp\/v2\/types\/product"}],"replies":[{"embeddable":true,"href":"https:\/\/rmvapesale.com\/lt\/wp-json\/wp\/v2\/comments?post=2948"}],"wp:featuredmedia":[{"embeddable":true,"href":"https:\/\/rmvapesale.com\/lt\/wp-json\/wp\/v2\/media\/2943"}],"wp:attachment":[{"href":"https:\/\/rmvapesale.com\/lt\/wp-json\/wp\/v2\/media?parent=2948"}],"wp:term":[{"taxonomy":"product_brand","embeddable":true,"href":"https:\/\/rmvapesale.com\/lt\/wp-json\/wp\/v2\/product_brand?post=2948"},{"taxonomy":"product_cat","embeddable":true,"href":"https:\/\/rmvapesale.com\/lt\/wp-json\/wp\/v2\/product_cat?post=2948"},{"taxonomy":"product_tag","embeddable":true,"href":"https:\/\/rmvapesale.com\/lt\/wp-json\/wp\/v2\/product_tag?post=2948"}],"curies":[{"name":"wp","href":"https:\/\/api.w.org\/{rel}","templated":true}]}}