{"id":2955,"date":"2025-01-13T06:29:57","date_gmt":"2025-01-13T06:29:57","guid":{"rendered":"https:\/\/rmvapesale.com\/?post_type=product&#038;p=2955"},"modified":"2025-01-13T07:21:49","modified_gmt":"2025-01-13T07:21:49","slug":"bangking-35000-puffs-double-flavour-disposable-vape-wholesale-cheap-price","status":"publish","type":"product","link":"https:\/\/rmvapesale.com\/lt\/product\/bangking-35000-puffs-double-flavour-disposable-vape-wholesale-cheap-price\/","title":{"rendered":"Bangking 35000 \u012ftraukim\u0173 dvigubo skonio vienkartinis garintuvas, didmenin\u0117 pigi kaina"},"content":{"rendered":"<div class=\"B2VR9 CJHX3e\">\n<div class=\"wyccme\">\n<div class=\"flex-shrink-0 flex flex-col relative items-end\">\n<div class=\"pt-0\">\n<div class=\"gizmo-bot-avatar flex h-8 w-8 items-center justify-center overflow-hidden rounded-full\">\n<div class=\"relative p-1 rounded-sm flex items-center justify-center bg-token-main-surface-primary text-token-text-primary h-8 w-8\">\n<div class=\"flex-shrink-0 flex flex-col relative items-end\">\n<div class=\"pt-0\">\n<div class=\"gizmo-bot-avatar flex h-8 w-8 items-center justify-center overflow-hidden rounded-full\">\n<h1 class=\"relative p-1 rounded-sm flex items-center justify-center bg-token-main-surface-primary text-token-text-primary h-8 w-8\">Bangking 35000 \u012ftraukim\u0173 dvigubo skonio vienkartinis garintuvas, didmenin\u0117 pigi kaina<\/h1>\n<\/div>\n<\/div>\n<\/div>\n<\/div>\n<\/div>\n<\/div>\n<\/div>\n<div class=\"group\/conversation-turn relative flex w-full min-w-0 flex-col agent-turn\">\n<div class=\"flex-col gap-1 md:gap-3\">\n<div class=\"flex max-w-full flex-col flex-grow\">\n<div class=\"min-h-8 text-message flex w-full flex-col items-end gap-2 whitespace-normal break-words text-start [.text-message+&amp;]:mt-5\" dir=\"auto\" data-message-author-role=\"assistant\" data-message-id=\"80ece0c4-ead1-4ed9-a9f0-ddc22582b4f4\" data-message-model-slug=\"gpt-4o\">\n<p>Ie\u0161kote garintuvo, kuris neatsilikt\u0173 nuo j\u016bs\u0173 gyvenimo b\u016bdo? Sakykite labas <strong>\u201eBangking 35000 Puffs\u201c dvigubo skonio vienkartinis garintuvas<\/strong>\u2014 tai \u017eaidimo keitiklis vienkartini\u0173 garintuv\u0173 pasaulyje! \u0160is \u012frenginys yra \u010dia, kad suteikt\u0173 jums <strong>daug \u012ftraukim\u0173<\/strong>, <strong>du nuostabius skonius viename<\/strong>, ir <strong>pritaikomus nikotino lygius<\/strong>. Visa tai u\u017e kain\u0105, kuri nepalau\u0161 banko!<\/p>\n<h2><strong>Kod\u0117l verta rinktis \u201eBangking 35000 Puffs\u201c?<\/strong><\/h2>\n<ul>\n<li><strong>Dvigubai daugiau skonio, dvigubai daugiau linksmybi\u0173<\/strong><br \/>\nPavargote laikytis tik vieno skonio? Su <strong>2-in-1 skonio technologija<\/strong>, galite perjungti du burnoje tirpstan\u010dius variantus viename \u012frenginyje. Tai tarsi tur\u0117ti du garintuvus ki\u0161en\u0117je!<\/li>\n<li><strong>Neprilygstamas \u012ftraukim\u0173 skai\u010dius<\/strong><br \/>\nSu <strong>35 000 \u012fkv\u0117pim\u0173<\/strong>, \u0161is garintuvas sukurtas tarnauti ilgai. Tai ne tik daug \u012ftraukim\u0173 \u2013 tai labai didel\u0117 vert\u0117!<\/li>\n<li><strong>\u012ekraunamas patogumas<\/strong><br \/>\nIntegruotas <strong>650 mAh baterija<\/strong> ir <strong>C tipo \u012fkrovimo prievadas<\/strong> rei\u0161kia, kad niekada neliksite sausi. Greitai \u012fkraukite ir toliau garinkite!<\/li>\n<li><strong>Nikotinas pagal j\u016bs\u0173 skon\u012f<\/strong><br \/>\nNesvarbu, ar jums patinka stiprus, ar labiau m\u0117gstate lengvesn\u012f prisilietim\u0105, \u201eBangking\u201c si\u016blo <strong>0%, 2% ir 5% nikotino pasirinkimus<\/strong>. Viskas priklauso nuo j\u016bs\u0173 pasirinkimo.<\/li>\n<li><strong>Skoniai, kurie i\u0161siskiria<\/strong><br \/>\nNuo vaisi\u0173 mi\u0161ini\u0173 iki gaivinan\u010di\u0173 m\u0117t\u0173 sprogim\u0173, yra <strong>12 nuostabi\u0173 skoni\u0173<\/strong> kuriuos galite i\u0161tirti. Joki\u0173 nuobod\u017ei\u0173 variant\u0173 \u010dia!<\/li>\n<\/ul>\n<\/div>\n<\/div>\n<\/div>\n<\/div>\n<div class=\"flex-shrink-0 flex flex-col relative items-end\">\n<div class=\"pt-0\">\n<div class=\"gizmo-bot-avatar flex h-8 w-8 items-center justify-center overflow-hidden rounded-full\">\n<p>&nbsp;<\/p>\n<\/div>\n<\/div>\n<\/div>\n<\/div>\n<\/div>\n<p><strong>Susisiekite su Amy ir gaukite tinkam\u0105 atsakym\u0105 bei vape kupon\u0105!<\/strong><\/p>\n<p><img loading=\"lazy\" decoding=\"async\" class=\"size-full wp-image-1978\" src=\"https:\/\/rmvapesale.com\/wp-content\/uploads\/2024\/09\/Disposable-Vape-Wholesale.jpg\" alt=\"Vienkartinis garintuvas didmenin\u0117 prekyba\" width=\"229\" height=\"300\" \/><\/p>\n<h3><a href=\"https:\/\/wa.me\/8617776015835\" target=\"_blank\" rel=\"noopener\"><span style=\"color: #ff0000\"><strong>WhatsApp: +86 17776015835<\/strong><\/span><\/a><\/h3>\n<p>&nbsp;<\/p>\n<h3><strong style=\"font-size: 1.7em\">Pagrindin\u0117s \u201eBangking 35000 Puffs\u201c produkto savyb\u0117s<\/strong><\/h3>\n<ul>\n<li><strong>2 viename skonio dizainas:<\/strong> M\u0117gaukit\u0117s dvigubu skoniu viename \u012frenginyje.<\/li>\n<li><strong>35 000 \u012fkv\u0117pim\u0173:<\/strong> Garintuvai, kurie tarnauja ilgai!<\/li>\n<li><strong>Individual\u016bs nikotino lygiai:<\/strong> Pasirinkite i\u0161 0%, 2% arba 5%.<\/li>\n<li><strong>\u012ekraunama baterija:<\/strong> C tipo \u012fkrovimas u\u017etikrina did\u017eiausi\u0105 patogum\u0105.<\/li>\n<li><strong>\u012eperkama didmenin\u0117 kaina:<\/strong> Puikiai tinka asmeniniam naudojimui arba perkant dideliais kiekiais.<\/li>\n<\/ul>\n<h3><strong style=\"font-size: 1.7em\">Populiariausias \u201eBangking 35000 Puffs\u201c skonis<\/strong><strong style=\"font-size: 1.7em\">\u00a0Vape<\/strong><\/h3>\n<p>Su <strong>Bangking 35000 \u012fkv\u0117pim\u0173 dviej\u0173 skoni\u0173 vienkartinis elektroninis cigare\u010di\u0173 \u012frenginys<\/strong> si\u016blo dr\u0105s\u0173 ir \u012fdom\u0173 skoni\u0173 derini\u0173 asortiment\u0105, leid\u017eiant\u012f m\u0117gautis dviem ne\u012ftik\u0117tinais skoniais viename \u012frenginyje. Nuo vaisi\u0173 m\u0117gstamiausi\u0173 iki ledini\u0173 v\u0117si\u0173 mi\u0161ini\u0173 \u2013 kiekvienas ras ka\u017ek\u0105! <strong>Kuo \u0161ie skoniai ypatingi? <\/strong><strong>Dvigubai daugiau linksmybi\u0173<\/strong>: M\u0117gaukit\u0117s dviem skirtingais skoniais viename \u012frenginyje. <strong>Populiariausi ir geriausiai parduodami skoniai<\/strong>: Tokie deriniai kaip <strong>Vy\u0161ni\u0173 bomba + Vynuogi\u0173 ledas<\/strong> ir <strong>Red Bull + Persik\u0173 uogos<\/strong> yra gerb\u0117j\u0173 m\u0117gstamiausi d\u0117l prie\u017easties!<\/p>\n<p>1. M\u0117lyni\u0173 avie\u010di\u0173 ledas + sulting\u0173 persik\u0173 ledas<br \/>\n2. Bra\u0161ki\u0173 arb\u016bzas + arb\u016bz\u0173 ledas <span style=\"color: #ff0000\"><strong>&gt;&gt;&gt;&gt; Kar\u0161tas !<\/strong><\/span><br \/>\n3. Bra\u0161ki\u0173 bananas + dvigubas obuolys<br \/>\n4. Trigub\u0173 uog\u0173 ledas + atogr\u0105\u017e\u0173 vaisiai<br \/>\n5. Vy\u0161ni\u0173 bomba + vynuogi\u0173 ledas<span style=\"color: #ff0000\"><strong>&gt;&gt;&gt;&gt; Kar\u0161tas !<\/strong><\/span><br \/>\n6. Persik\u0173 mangas + bra\u0161ki\u0173 mangas<br \/>\n7. Mang\u0173 laimas + v\u0117si m\u0117ta<br \/>\n8. Vy\u0161ni\u0173 sprogimas + ponas M\u0117lynasis<br \/>\n9. Juodojo drakono ledas + bra\u0161ki\u0173 kivis<br \/>\n10. Red Bull + persik\u0173 uoga <span style=\"color: #ff0000\"><strong>&gt;&gt;&gt;&gt; Geriausias !<\/strong><\/span><br \/>\n11. Ro\u017einis citrin\u0173 skonis + ponas M\u0117lynasis<br \/>\n12. Kivi\u0173 pasiflor\u0173 gvajava + m\u0117lyni\u0173 vy\u0161ni\u0173 citrina<\/p>\n<p>&nbsp;<\/p>\n<h3><strong>Kod\u0117l verta rinktis Rmvapesale \u201eBangking 35000 Puffs Puff\u201c?\u00a0 <\/strong><strong>V<\/strong><strong>Didmenin\u0117 prekyba veipais<\/strong><strong>?<\/strong><\/h3>\n<div class=\"flex-shrink-0 flex flex-col relative items-end\">\n<div class=\"pt-0\">\n<div class=\"gizmo-bot-avatar flex h-8 w-8 items-center justify-center overflow-hidden rounded-full\">\n<p>Did\u0117jant konkurencijai vienkartini\u0173 elektronini\u0173 cigare\u010di\u0173 rinkoje, Rmvapesale, pasaulin\u0117 vienkartini\u0173 gar\u0173 sprendim\u0173 didmenin\u0117s prekybos lyder\u0117, pristat\u0117 Bang Box 30000 30k Puffs dvigubo skonio \u012fkraunam\u0105 vienkartin\u012f garintuv\u0105. \u0160is novatori\u0161kas produktas atkreipia d\u0117mes\u012f savo unikalia estetika ir mados dizainu. Si\u016blydamas plat\u0173 vaisi\u0173 skoni\u0173 pasirinkim\u0105, jis patenkina plat\u0173 vartotoj\u0173 skon\u012f, pabr\u0117\u017edamas naujoves ir universalum\u0105.<\/p>\n<p class=\"relative p-1 rounded-sm flex items-center justify-center bg-token-main-surface-primary text-token-text-primary h-8 w-8\">Rmvapesale yra j\u016bs\u0173 patikima vape parduotuv\u0117, kurioje rasite auk\u0161\u010diausios kokyb\u0117s vienkartinius vapes. Tur\u0117dami daugiau nei 5 met\u0173 patirt\u012f, si\u016blome jums populiarius vienkartini\u0173 vape preki\u0173 \u017eenklus, tokius kaip Al Fakher, JNR Vape, Vapsolo Vape, Vapme Vape, <a href=\"https:\/\/rmvapesale.com\/lt\/product-category\/bang-vapes\/\">Bang Vape<\/a>, Waspe Vape, WGA Vape ir<a href=\"https:\/\/rmvapesale.com\/lt\/product-category\/randm-fumot-vape\/\"> RandM Vape<\/a>.M\u016bs\u0173 asortimente yra populiari\u0173 vienkartini\u0173 garintuv\u0173, toki\u0173 kaip <a href=\"https:\/\/rmvapesale.com\/lt\/product\/aivono-aim-flash-35000-puffs-curved-smart-screen-disposable-vape-wholesale\/\">AIVONO Flash 35000 Puffs<\/a> ir sodraus skonio pasirinkim\u0173, toki\u0173 kaip<a href=\"https:\/\/rmvapesale.com\/lt\/product\/crystal-vape-uwin-shisha-hookah-20k-20000-puffs-wholesale-best-price\/\"> UWIN Shisha Hoohak 20000<\/a>. Kiekvienas produktas parenkamas atsi\u017evelgiant \u012f kokyb\u0119, vert\u0119 ir \u012fvairov\u0119, u\u017etikrinant, kad rastum\u0117te tobul\u0105 atitikmen\u012f savo poreikiams. Atraskite i\u0161skirtin\u012f aptarnavim\u0105 ir plat\u0173 auk\u0161\u010diausios kokyb\u0117s produkt\u0173 asortiment\u0105 \u201eRmvapesale\u201c.<\/p>\n<p>&nbsp;<\/p>\n<p class=\"relative p-1 rounded-sm flex items-center justify-center bg-token-main-surface-primary text-token-text-primary h-8 w-8\"><b style=\"font-size: 1.5em;font-style: inherit\">DUK apie \u201eBangking 35000 Puffs\u201c <\/b><b style=\"font-size: 1.5em;font-style: inherit\">\u012ekraunamas vienkartinis veipas<\/b><\/p>\n<ol>\n<li><strong>Ar galima \u012fsine\u0161ti vienkartinius elektroninius cigare\u010di\u0173 \u012f l\u0117ktuv\u0105?<\/strong><br \/>\nTaip! \u012esid\u0117kite savo elektronin\u0119 cigaret\u0119 \u012f rankin\u012f baga\u017e\u0105. Tiesiog \u012fsitikinkite, kad patikrinote oro linij\u0173 taisykles.<\/li>\n<li><strong>Kaip perjungti skonius?<\/strong><br \/>\n\u012erenginyje yra paprastas jungiklis \u2013 apverskite j\u012f ir bum, naujas skonis!<\/li>\n<li><strong>Kaip su\u017einoti, kada \u201eBang King 35000\u201c elektronin\u0117 cigaret\u0117 yra tu\u0161\u010dia?<\/strong><br \/>\nPasteb\u0117site ma\u017eiau gar\u0173 ar skonio. Jei vienas konteineris baigsis, perjunkite \u012f antr\u0105 skon\u012f!<\/li>\n<li><strong>Kaip \u012fkrauti \u201eBang King 35K\u201c?<\/strong><br \/>\nNaudokite pridedam\u0105 <strong>C tipo laid\u0105<\/strong> nor\u0117dami \u012fkrauti 650 mAh baterij\u0105. Tai greita ir paprasta!<\/li>\n<li><strong>Kur \u012fsigyti vienkartini\u0173 elektronini\u0173 cigare\u010di\u0173 didmenine pigia kaina?<\/strong><br \/>\n\u012esigykite vietin\u0117je parduotuv\u0117je arba apsilankykite Rmvapesale<strong>\u00a0internetineje elektronini\u0173 cigare\u010di\u0173 parduotuv\u0117je<\/strong> nor\u0117dami gauti geriausias didmenines kainas.<\/li>\n<li><strong>Kokie nikotino lygiai galimi \u201eBang King 35000 Puff\u201c?<\/strong><br \/>\nPasirinkite norim\u0105 stiprum\u0105 \u2013<strong>0%, 2% arba 5%<\/strong>\u2014kai perkate \u012frengin\u012f.<\/li>\n<\/ol>\n<\/div>\n<\/div>\n<\/div>\n<h3>Apie siuntim\u0105<\/h3>\n<div class=\"flex-shrink-0 flex flex-col relative items-end\">\n<div>\n<div class=\"pt-0\">\n<div class=\"gizmo-bot-avatar flex h-8 w-8 items-center justify-center overflow-hidden rounded-full\">\n<div><\/div>\n<div class=\"relative p-1 rounded-sm flex items-center justify-center bg-token-main-surface-primary text-token-text-primary h-8 w-8\"><strong>1. Kokie siuntimo b\u016bdai naudojami?<\/strong><\/div>\n<\/div>\n<\/div>\n<\/div>\n<\/div>\n<div class=\"group\/conversation-turn relative flex w-full min-w-0 flex-col agent-turn\">\n<div class=\"flex-col gap-1 md:gap-3\">\n<div class=\"flex max-w-full flex-col flex-grow\">\n<div class=\"min-h-[20px] text-message flex w-full flex-col items-end gap-2 whitespace-normal break-words [.text-message+&amp;]:mt-5 overflow-x-auto\" dir=\"auto\" data-message-author-role=\"assistant\" data-message-id=\"22f8283b-3233-46ff-89a5-c7a41b33abda\">\n<div class=\"flex w-full flex-col gap-1 empty:hidden first:pt-[3px]\">\n<div class=\"markdown prose w-full break-words dark:prose-invert light\">\n<p>Mes bendradarbiaujame su UPS, DHL, FedEx, DPD ir kitais pirmaujan\u010diais ve\u017e\u0117jais. Mes parinksime geriausi\u0105 siuntimo b\u016bd\u0105, atsi\u017evelgdami \u012f j\u016bs\u0173 pristatymo viet\u0105, kad u\u017etikrintume, jog gaminiai jus pasieks kuo grei\u010diau.<\/p>\n<\/div>\n<p><strong>2. Per kiek laiko prek\u0117s atkeliauja?<\/strong><\/p>\n<p>\u012e Lietuv\u0105 siun\u010diami siuntiniai paprastai atvyksta per 10 darbo dien\u0173. Siuntimas \u012f Europos \u0161alis paprastai trunka apie 12\u201315 darbo dien\u0173. Mes teikiame realiuoju laiku atnaujinam\u0105 informacij\u0105 apie j\u016bs\u0173 siuntos b\u016bsen\u0105.<\/p>\n<\/div>\n<\/div>\n<\/div>\n<\/div>\n<\/div>\n<p>&nbsp;<\/p>\n<p>Raskite daugiau garintuv\u0173, kurie jums gali patikti:<strong><em><a href=\"https:\/\/rmvapesale.com\/lt\/shop-2\/\">pirkti dabar &gt;&gt;&gt;<\/a><\/em><\/strong><\/p>","protected":false},"excerpt":{"rendered":"<p>Naujausias \u201eBang King 35K Puff\u201c \u012fkraunamas vienkartinis garintuvas<br \/>\n\u201eBang King 35000\u201c dviej\u0173 skoni\u0173 vienkartini\u0173 garintuv\u0173 didmenin\u0117 prekyba<br \/>\n\u201eBang King 35000 Puffs\u201c i\u0161manusis ekranas didmeninei prekybai<\/p>\n<p><strong>Susisiekite su Amy ir gaukite tinkam\u0105 atsakym\u0105 bei vape kupon\u0105!<\/strong><\/p>\n<p><img loading=\"lazy\" decoding=\"async\" class=\"size-full wp-image-2375\" src=\"https:\/\/rmvapesale.com\/wp-content\/uploads\/2024\/10\/image.png\" alt=\"Geriausias Vienkartinis Vape\" width=\"229\" height=\"300\" \/><\/p>\n<h3><a href=\"https:\/\/wa.me\/8617776015835\"><span style=\"color: #ff0000\"><strong>WhatsApp: +86 17776015835<\/strong><\/span><\/a><\/h3>\n<p>&nbsp;<\/p>","protected":false},"featured_media":2952,"comment_status":"open","ping_status":"closed","template":"","meta":{"_uag_custom_page_level_css":"","_lmt_disableupdate":"no","_lmt_disable":"","site-sidebar-layout":"default","site-content-layout":"content-boxed-container","ast-site-content-layout":"normal-width-container","site-content-style":"boxed","site-sidebar-style":"unboxed","ast-global-header-display":"","ast-banner-title-visibility":"","ast-main-header-display":"","ast-hfb-above-header-display":"","ast-hfb-below-header-display":"","ast-hfb-mobile-header-display":"","site-post-title":"","ast-breadcrumbs-content":"","ast-featured-img":"","footer-sml-layout":"","theme-transparent-header-meta":"default","adv-header-id-meta":"","stick-header-meta":"","header-above-stick-meta":"","header-main-stick-meta":"","header-below-stick-meta":"","astra-migrate-meta-layouts":"set","ast-page-background-enabled":"default","ast-page-background-meta":{"desktop":{"background-color":"var(--ast-global-color-4)","background-image":"","background-repeat":"repeat","background-position":"center center","background-size":"auto","background-attachment":"scroll","background-type":"","background-media":"","overlay-type":"","overlay-color":"","overlay-opacity":"","overlay-gradient":""},"tablet":{"background-color":"","background-image":"","background-repeat":"repeat","background-position":"center center","background-size":"auto","background-attachment":"scroll","background-type":"","background-media":"","overlay-type":"","overlay-color":"","overlay-opacity":"","overlay-gradient":""},"mobile":{"background-color":"","background-image":"","background-repeat":"repeat","background-position":"center center","background-size":"auto","background-attachment":"scroll","background-type":"","background-media":"","overlay-type":"","overlay-color":"","overlay-opacity":"","overlay-gradient":""}},"ast-content-background-meta":{"desktop":{"background-color":"var(--ast-global-color-5)","background-image":"","background-repeat":"repeat","background-position":"center center","background-size":"auto","background-attachment":"scroll","background-type":"","background-media":"","overlay-type":"","overlay-color":"","overlay-opacity":"","overlay-gradient":""},"tablet":{"background-color":"var(--ast-global-color-5)","background-image":"","background-repeat":"repeat","background-position":"center center","background-size":"auto","background-attachment":"scroll","background-type":"","background-media":"","overlay-type":"","overlay-color":"","overlay-opacity":"","overlay-gradient":""},"mobile":{"background-color":"var(--ast-global-color-5)","background-image":"","background-repeat":"repeat","background-position":"center center","background-size":"auto","background-attachment":"scroll","background-type":"","background-media":"","overlay-type":"","overlay-color":"","overlay-opacity":"","overlay-gradient":""}},"_joinchat":[]},"product_brand":[],"product_cat":[15,246,25,123,26,28,135,27,60,137,136,30],"product_tag":[199,270,146,222,64,40,111],"class_list":{"0":"post-2955","1":"product","2":"type-product","3":"status-publish","4":"has-post-thumbnail","6":"product_cat-new-vape-this-week","7":"product_cat-35000-puffs-disposable-vape","8":"product_cat-germany-best-selling-vape","9":"product_cat-italy-wholesale-vape","10":"product_cat-netherlands-hot-sale-vape","11":"product_cat-poland-hot-sale-vape","12":"product_cat-spain-best-hot-sale-vape","13":"product_cat-fance-hot-sale-vape","14":"product_cat-bang-vapes","15":"product_cat-rechargeable-vapes","16":"product_cat-smart-screen-vapes","17":"product_cat-minimum-order-quantity-50pcs","18":"product_tag-bang-vape","19":"product_tag-bangking-35000-puffs","20":"product_tag-best-hot-sale-vape","21":"product_tag-double-flavor-vape","22":"product_tag-dual-flavour-vape","23":"product_tag-hot-sale-vape","24":"product_tag-low-nicotine-disposable-vape","25":"desktop-align-left","26":"tablet-align-left","27":"mobile-align-left","29":"first","30":"instock","31":"sale","32":"shipping-taxable","33":"purchasable","34":"product-type-simple"},"uagb_featured_image_src":{"full":["https:\/\/rmvapesale.com\/wp-content\/uploads\/2025\/01\/Bang-Swich-Duo-Disposable-Vape-36000.webp",800,800,false],"thumbnail":["https:\/\/rmvapesale.com\/wp-content\/uploads\/2025\/01\/Bang-Swich-Duo-Disposable-Vape-36000-150x150.webp",150,150,true],"medium":["https:\/\/rmvapesale.com\/wp-content\/uploads\/2025\/01\/Bang-Swich-Duo-Disposable-Vape-36000-300x300.webp",300,300,true],"medium_large":["https:\/\/rmvapesale.com\/wp-content\/uploads\/2025\/01\/Bang-Swich-Duo-Disposable-Vape-36000-768x768.webp",768,768,true],"large":["https:\/\/rmvapesale.com\/wp-content\/uploads\/2025\/01\/Bang-Swich-Duo-Disposable-Vape-36000.webp",800,800,false],"1536x1536":["https:\/\/rmvapesale.com\/wp-content\/uploads\/2025\/01\/Bang-Swich-Duo-Disposable-Vape-36000.webp",800,800,false],"2048x2048":["https:\/\/rmvapesale.com\/wp-content\/uploads\/2025\/01\/Bang-Swich-Duo-Disposable-Vape-36000.webp",800,800,false],"trp-custom-language-flag":["https:\/\/rmvapesale.com\/wp-content\/uploads\/2025\/01\/Bang-Swich-Duo-Disposable-Vape-36000.webp",12,12,false],"woocommerce_thumbnail":["https:\/\/rmvapesale.com\/wp-content\/uploads\/2025\/01\/Bang-Swich-Duo-Disposable-Vape-36000-300x300.webp",300,300,true],"woocommerce_single":["https:\/\/rmvapesale.com\/wp-content\/uploads\/2025\/01\/Bang-Swich-Duo-Disposable-Vape-36000-600x600.webp",600,600,true],"woocommerce_gallery_thumbnail":["https:\/\/rmvapesale.com\/wp-content\/uploads\/2025\/01\/Bang-Swich-Duo-Disposable-Vape-36000-100x100.webp",100,100,true],"wcpr-photo-reviews":["https:\/\/rmvapesale.com\/wp-content\/uploads\/2025\/01\/Bang-Swich-Duo-Disposable-Vape-36000.webp",500,500,false]},"uagb_author_info":{"display_name":"AMY","author_link":"https:\/\/rmvapesale.com\/lt\/author\/"},"uagb_comment_info":0,"uagb_excerpt":"Latest Bang King 35K Puff Rechargeable Disposable Vape Bang King 35000 Dual Flavors Disposable Vape Bulk Buy Bang King 35000 Puffs Smart Screen Wholesale Disposable Contact Amy to get right reply and vape coupon! WhatsApp: +86 17776015835 &nbsp;","_links":{"self":[{"href":"https:\/\/rmvapesale.com\/lt\/wp-json\/wp\/v2\/product\/2955","targetHints":{"allow":["GET"]}}],"collection":[{"href":"https:\/\/rmvapesale.com\/lt\/wp-json\/wp\/v2\/product"}],"about":[{"href":"https:\/\/rmvapesale.com\/lt\/wp-json\/wp\/v2\/types\/product"}],"replies":[{"embeddable":true,"href":"https:\/\/rmvapesale.com\/lt\/wp-json\/wp\/v2\/comments?post=2955"}],"wp:featuredmedia":[{"embeddable":true,"href":"https:\/\/rmvapesale.com\/lt\/wp-json\/wp\/v2\/media\/2952"}],"wp:attachment":[{"href":"https:\/\/rmvapesale.com\/lt\/wp-json\/wp\/v2\/media?parent=2955"}],"wp:term":[{"taxonomy":"product_brand","embeddable":true,"href":"https:\/\/rmvapesale.com\/lt\/wp-json\/wp\/v2\/product_brand?post=2955"},{"taxonomy":"product_cat","embeddable":true,"href":"https:\/\/rmvapesale.com\/lt\/wp-json\/wp\/v2\/product_cat?post=2955"},{"taxonomy":"product_tag","embeddable":true,"href":"https:\/\/rmvapesale.com\/lt\/wp-json\/wp\/v2\/product_tag?post=2955"}],"curies":[{"name":"wp","href":"https:\/\/api.w.org\/{rel}","templated":true}]}}