{"id":2976,"date":"2025-01-22T07:46:21","date_gmt":"2025-01-22T07:46:21","guid":{"rendered":"https:\/\/rmvapesale.com\/?post_type=product&#038;p=2976"},"modified":"2025-01-22T08:11:09","modified_gmt":"2025-01-22T08:11:09","slug":"waspe-crystal-40000-puffs-double-flavor-led-display-disposable-vape-bulk-buy","status":"publish","type":"product","link":"https:\/\/rmvapesale.com\/lt\/product\/waspe-crystal-40000-puffs-double-flavor-led-display-disposable-vape-bulk-buy\/","title":{"rendered":"WASPE Crystal 40000 \u012ftraukim\u0173 dvigubo skonio LED ekrano vienkartinis garintuvas urmu"},"content":{"rendered":"<div class=\"B2VR9 CJHX3e\">\n<div class=\"wyccme\">\n<div class=\"flex-shrink-0 flex flex-col relative items-end\">\n<div class=\"pt-0\">\n<div class=\"gizmo-bot-avatar flex h-8 w-8 items-center justify-center overflow-hidden rounded-full\">\n<div class=\"relative p-1 rounded-sm flex items-center justify-center bg-token-main-surface-primary text-token-text-primary h-8 w-8\">\n<div class=\"flex-shrink-0 flex flex-col relative items-end\">\n<div class=\"pt-0\">\n<div class=\"gizmo-bot-avatar flex h-8 w-8 items-center justify-center overflow-hidden rounded-full\">\n<h1 class=\"relative p-1 rounded-sm flex items-center justify-center bg-token-main-surface-primary text-token-text-primary h-8 w-8\">WASPE Crystal 40000 \u012ftraukim\u0173 dvigubo skonio LED ekrano vienkartinis garintuvas urmu<\/h1>\n<\/div>\n<\/div>\n<\/div>\n<\/div>\n<\/div>\n<\/div>\n<\/div>\n<div class=\"group\/conversation-turn relative flex w-full min-w-0 flex-col agent-turn\">\n<div class=\"flex-col gap-1 md:gap-3\">\n<div class=\"flex max-w-full flex-col flex-grow\">\n<div class=\"min-h-8 text-message flex w-full flex-col items-end gap-2 whitespace-normal break-words text-start [.text-message+&amp;]:mt-5\" dir=\"auto\" data-message-author-role=\"assistant\" data-message-id=\"80ece0c4-ead1-4ed9-a9f0-ddc22582b4f4\" data-message-model-slug=\"gpt-4o\">\n<p>Su <strong>WASPE Crystal 40000 \u012ftraukim\u0173 dvigubo skonio vienkartinis garintuvas<\/strong> yra skirtas garintojams, kurie trok\u0161ta ilgalaikio veikimo su papildoma nauda i\u0161 <strong>LED ekrano<\/strong> ir <strong>masinio pirkimo \u012fperkamumo<\/strong>. Nesvarbu, ar esate atsitiktinis vartotojas, ar \u012fmon\u0117, ie\u0161kanti didmenin\u0117s prekybos galimybi\u0173, \u0161is <strong>geriausias vienkartini\u0173 garintuv\u0173 prek\u0117s \u017eenklas<\/strong> u\u017etikrina kokyb\u0119, patogum\u0105 ir ekonomi\u0161kum\u0105.<\/p>\n<p>Su did\u017eiuliu <strong>40 000 \u012ftraukim\u0173<\/strong>, \u0161is prietaisas pa\u0161alina poreik\u012f da\u017enai keisti. Unikalus <strong>dvigubo skonio<\/strong> funkcija leid\u017eia vartotojams be vargo perjungti du \u012fdomius skonius, suteikiant \u012fvairov\u0119 ir pasitenkinim\u0105 kiekvienu \u012ftraukimu.<\/p>\n<p>A <strong>skaidrus LED ekranas<\/strong> rodo tiek baterijos veikimo laik\u0105, tiek e-skys\u010dio lygius, suteikdamas jums visi\u0161k\u0105 kontrol\u0119 garinimo patirties metu. The <strong>reguliuojamas oro srautas<\/strong> funkcija leid\u017eia jums pritaikyti savo \u012ftraukim\u0105, nesvarbu, ar norite sklandaus, erdvaus \u012fkv\u0117pimo, ar stipresnio sm\u016bgio.<\/p>\n<p>Sud\u0117tyje yra <strong>32 ml auk\u0161\u010diausios kokyb\u0117s e-skys\u010dio<\/strong>, \u0161is garintuvas si\u016blo ilgalaik\u0119 patirt\u012f be vargo papildant. Galima \u012fsigyti <strong>0%, 2% ir 5% nikotino stiprumo<\/strong>, jis tinka \u012fvairiems garintojams, nuo t\u0173, kurie teikia pirmenyb\u0119 be nikotino variantams, iki t\u0173, kurie m\u0117gaujasi stipresniu sm\u016bgiu.<\/p>\n<p>Integruotas <strong>850 mAh \u012fkraunama baterija<\/strong> palaiko greit\u0105 Type-C \u012fkrovim\u0105, tod\u0117l lengva palaikyti \u012frenginio energij\u0105. D\u0117l lengvo ir ne\u0161iojamo dizaino jis puikiai tinka garinti keliaujant. Be to, <strong>didmenin\u0117s pirkimo galimyb\u0117s<\/strong> daro j\u012f puikiu pasirinkimu ma\u017emenininkams ir didmenininkams, ie\u0161kantiems \u012fperkam\u0173 vienkartini\u0173 garintuv\u0173.<\/p>\n<\/div>\n<\/div>\n<\/div>\n<\/div>\n<div class=\"flex-shrink-0 flex flex-col relative items-end\">\n<div class=\"pt-0\">\n<div class=\"gizmo-bot-avatar flex h-8 w-8 items-center justify-center overflow-hidden rounded-full\">\n<p>&nbsp;<\/p>\n<\/div>\n<\/div>\n<\/div>\n<\/div>\n<\/div>\n<p><strong>Susisiekite su Amy ir gaukite tinkam\u0105 atsakym\u0105 bei vape kupon\u0105!<\/strong><\/p>\n<p><img loading=\"lazy\" decoding=\"async\" class=\"size-full wp-image-1978\" src=\"https:\/\/rmvapesale.com\/wp-content\/uploads\/2024\/09\/Disposable-Vape-Wholesale.jpg\" alt=\"Vienkartinis garintuvas didmenin\u0117 prekyba\" width=\"229\" height=\"300\" \/><\/p>\n<h3><a href=\"https:\/\/wa.me\/8617776015835\" target=\"_blank\" rel=\"noopener\"><span style=\"color: #ff0000\"><strong>WhatsApp: +86 17776015835<\/strong><\/span><\/a><\/h3>\n<p>&nbsp;<\/p>\n<h3><strong style=\"font-size: 1.7em\">WASPE Crystal 40000 \u012fkv\u0117pim\u0173 pagrindin\u0117s produkto savyb\u0117s<\/strong><\/h3>\n<ol>\n<li><strong>\u012ekv\u0117pimai<\/strong>: 40000<\/li>\n<li><strong>Dvigubi skoniai<\/strong>: 20000 \u012fkv\u0117pim\u0173 + 20000 \u012fkv\u0117pim\u0173 = 40000 \u012fkv\u0117pim\u0173<\/li>\n<li><strong>Nikotino stiprumas<\/strong>: 0% \/ 2% \/ 3% \/ 5%<\/li>\n<li><strong>I\u0161 anksto pripildyta talpa<\/strong>: 32 ml<\/li>\n<li><strong>Baterijos talpa<\/strong>: 850 mAh<\/li>\n<li><strong>\u012ekrovimo prievadas<\/strong>: USB Type-C<\/li>\n<li><strong>Valdymas<\/strong>: \u012ejungimas \u012ftraukimu<\/li>\n<li><strong>0,9 omo dviguba tinklelio rit\u0117<\/strong><\/li>\n<li><strong>LED ekranas<\/strong><\/li>\n<li><strong>Baterijos lygio indikatorius<\/strong><\/li>\n<li><strong>E-skys\u010dio lygio indikatorius<\/strong><\/li>\n<\/ol>\n<p><img loading=\"lazy\" decoding=\"async\" class=\"wp-image-2965 size-full\" src=\"https:\/\/rmvapesale.com\/wp-content\/uploads\/2025\/01\/WASPE-40000-Puffs-Crystal-Disposable-Vape.webp\" alt=\"WASPE 40000 \u012fkv\u0117pim\u0173 Crystal vienkartinis elektroninis cigare\u010di\u0173 prietaisas\" width=\"1000\" height=\"1000\" srcset=\"https:\/\/rmvapesale.com\/wp-content\/uploads\/2025\/01\/WASPE-40000-Puffs-Crystal-Disposable-Vape.webp 1000w, https:\/\/rmvapesale.com\/wp-content\/uploads\/2025\/01\/WASPE-40000-Puffs-Crystal-Disposable-Vape-300x300.webp 300w, https:\/\/rmvapesale.com\/wp-content\/uploads\/2025\/01\/WASPE-40000-Puffs-Crystal-Disposable-Vape-150x150.webp 150w, https:\/\/rmvapesale.com\/wp-content\/uploads\/2025\/01\/WASPE-40000-Puffs-Crystal-Disposable-Vape-768x768.webp 768w, https:\/\/rmvapesale.com\/wp-content\/uploads\/2025\/01\/WASPE-40000-Puffs-Crystal-Disposable-Vape-600x600.webp 600w, https:\/\/rmvapesale.com\/wp-content\/uploads\/2025\/01\/WASPE-40000-Puffs-Crystal-Disposable-Vape-100x100.webp 100w\" sizes=\"auto, (max-width: 1000px) 100vw, 1000px\" \/><\/p>\n<h3><strong style=\"font-size: 1.7em\">Populiariausias WASPE Crystal 40000 \u012fkv\u0117pim\u0173 skonis<\/strong><strong style=\"font-size: 1.7em\">\u00a0Vape<\/strong><\/h3>\n<p>Su savo <strong>\u012fsp\u016bdingu \u012fkv\u0117pim\u0173 skai\u010diumi, pa\u017eangiomis funkcijomis ir prieinamomis didmenin\u0117mis kainomis<\/strong>WASPE Crystal 40000 \u012fkv\u0117pim\u0173 vape yra b\u016btinas tiek garintojams, tiek ma\u017emenininkams. U\u017esisakykite \u0161iandien ir patirkite auk\u0161\u010diausios kokyb\u0117s garinim\u0105!<\/p>\n<p>1. Arb\u016bzo ledas<br \/>\n2. M\u0117lyni\u0173 ledas<br \/>\n3. Mi\u0161rios uogos <span style=\"color: #ff0000\"><strong>&gt;&gt;&gt;&gt; Kar\u0161tas !<\/strong><\/span><br \/>\n4. Vynuogi\u0173 ledas<br \/>\n5. Bra\u0161ki\u0173 bananas<br \/>\n6. Persik\u0173 ledas<br \/>\n7. Bra\u0161ki\u0173 avie\u010di\u0173 vy\u0161nios <span style=\"color: #ff0000\"><strong>&gt;&gt;&gt;&gt; Geriausias !<\/strong><\/span><br \/>\n8. M\u0117lyni\u0173 avie\u010di\u0173<br \/>\n9. Bra\u0161ki\u0173 kivi<br \/>\n10. M\u0117lyni\u0173 saldainiai<br \/>\n11. Bra\u0161ki\u0173 Red Bull <span style=\"color: #ff0000\"><strong>&gt;&gt;&gt;&gt; Kar\u0161tas !<\/strong><\/span><br \/>\n12. Red Bull ledas<\/p>\n<p>&nbsp;<\/p>\n<h3><strong>Kod\u0117l verta rinktis Rmvapesale WASPE Crystal 40000 Puffs? <\/strong><strong>V<\/strong><strong>Didmenin\u0117 prekyba veipais<\/strong><strong>?<\/strong><\/h3>\n<div class=\"flex-shrink-0 flex flex-col relative items-end\">\n<div class=\"pt-0\">\n<div class=\"gizmo-bot-avatar flex h-8 w-8 items-center justify-center overflow-hidden rounded-full\">\n<p>Did\u0117jant konkurencijai vienkartini\u0173 elektronini\u0173 cigare\u010di\u0173 rinkoje, Rmvapesale, pasaulin\u0117 vienkartini\u0173 gar\u0173 sprendim\u0173 didmenin\u0117s prekybos lyder\u0117, pristat\u0117 Bang Box 30000 30k Puffs dvigubo skonio \u012fkraunam\u0105 vienkartin\u012f garintuv\u0105. \u0160is novatori\u0161kas produktas atkreipia d\u0117mes\u012f savo unikalia estetika ir mados dizainu. Si\u016blydamas plat\u0173 vaisi\u0173 skoni\u0173 pasirinkim\u0105, jis patenkina plat\u0173 vartotoj\u0173 skon\u012f, pabr\u0117\u017edamas naujoves ir universalum\u0105.<\/p>\n<p class=\"relative p-1 rounded-sm flex items-center justify-center bg-token-main-surface-primary text-token-text-primary h-8 w-8\">Rmvapesale yra j\u016bs\u0173 patikima vape parduotuv\u0117, kurioje rasite auk\u0161\u010diausios kokyb\u0117s vienkartinius vapes. Tur\u0117dami daugiau nei 5 met\u0173 patirt\u012f, si\u016blome jums populiarius vienkartini\u0173 vape preki\u0173 \u017eenklus, tokius kaip Al Fakher, JNR Vape, Vapsolo Vape, Vapme Vape, <a href=\"https:\/\/rmvapesale.com\/lt\/product-category\/bang-vapes\/\">Bang Vape<\/a>, Waspe Vape, WGA Vape ir<a href=\"https:\/\/rmvapesale.com\/lt\/product-category\/randm-fumot-vape\/\"> RandM Vape<\/a>.M\u016bs\u0173 asortimente yra populiari\u0173 vienkartini\u0173 garintuv\u0173, toki\u0173 kaip <a href=\"https:\/\/rmvapesale.com\/lt\/product\/aivono-aim-flash-35000-puffs-curved-smart-screen-disposable-vape-wholesale\/\">AIVONO Flash 35000 Puffs<\/a> ir sodraus skonio pasirinkim\u0173, toki\u0173 kaip<a href=\"https:\/\/rmvapesale.com\/lt\/product\/crystal-vape-uwin-shisha-hookah-20k-20000-puffs-wholesale-best-price\/\"> UWIN Shisha Hoohak 20000<\/a>. Kiekvienas produktas parenkamas atsi\u017evelgiant \u012f kokyb\u0119, vert\u0119 ir \u012fvairov\u0119, u\u017etikrinant, kad rastum\u0117te tobul\u0105 atitikmen\u012f savo poreikiams. Atraskite i\u0161skirtin\u012f aptarnavim\u0105 ir plat\u0173 auk\u0161\u010diausios kokyb\u0117s produkt\u0173 asortiment\u0105 \u201eRmvapesale\u201c.<\/p>\n<p>&nbsp;<\/p>\n<p class=\"relative p-1 rounded-sm flex items-center justify-center bg-token-main-surface-primary text-token-text-primary h-8 w-8\"><b style=\"font-size: 1.5em;font-style: inherit\">DUK apie WASPE Crystal 40000 Puffs <\/b><b style=\"font-size: 1.5em;font-style: inherit\">\u012ekraunamas vienkartinis veipas<\/b><\/p>\n<ol>\n<li><strong>Kur galiu \u012fsigyti WASPE Crystal 40000 Puffs urmu?<\/strong>\n<ul>\n<li>Didelius u\u017esakymus galite \u012fsigyti i\u0161 <a href=\"https:\/\/rmvapesale.com\/lt\/\" target=\"_new\" rel=\"noopener\">Rmvapesale<\/a> konkurencingomis didmenin\u0117mis kainomis.<\/li>\n<\/ul>\n<\/li>\n<li><strong>K\u0105 rodo LED ekranas?<\/strong>\n<ul>\n<li>Ekrane rodomi realaus laiko atnaujinimai apie baterijos procent\u0105 ir e-skys\u010dio lyg\u012f.<\/li>\n<\/ul>\n<\/li>\n<li><strong>Ar galiu reguliuoti oro sraut\u0105 ant \u0161io garintuvo?<\/strong>\n<ul>\n<li>Taip, reguliuojamo oro srauto funkcija leid\u017eia pritaikyti garinimo patirt\u012f.<\/li>\n<\/ul>\n<\/li>\n<li><strong>Kiek laiko veikia 850 mAh baterija?<\/strong>\n<ul>\n<li>Jis si\u016blo ilg\u0105 naudojim\u0105 ir gali b\u016bti \u012fkrautas kelis kartus, kad gal\u0117tum\u0117te nuolat m\u0117gautis.<\/li>\n<\/ul>\n<\/li>\n<li><strong>Ar WASPE Crystal tinka vapinimui be nikotino?<\/strong>\n<ul>\n<li>Taip, 0% nikotino pasirinkimas puikiai tinka vartotojams, ie\u0161kantiems patirties be nikotino.<\/li>\n<\/ul>\n<\/li>\n<\/ol>\n<\/div>\n<\/div>\n<\/div>\n<h2>Kaip u\u017esisakyti?<\/h2>\n<div class=\"flex-shrink-0 flex flex-col relative items-end\">\n<div class=\"pt-0\">\n<div class=\"gizmo-bot-avatar flex h-8 w-8 items-center justify-center overflow-hidden rounded-full\">\n<div>\n<p><strong>1. Kokius mok\u0117jimo b\u016bdus priimate?<\/strong><br \/>\n<span class=\"selectable-text copyable-text false\">Apmok\u0117jimui si\u016blome banko pavedim\u0105 ir \u201eWestern Union\u201c. Dauguma m\u016bs\u0173 klient\u0173 Europoje renkasi banko pavedim\u0105, turime vietin\u0119 banko s\u0105skait\u0105, \u012f kuri\u0105 galite sumok\u0117ti \u012f m\u016bs\u0173 IBAN s\u0105skait\u0105 be aptarnavimo mokes\u010dio. <\/span>.<\/p>\n<p><strong>2. Kaip galiu sekti savo u\u017esakym\u0105?<\/strong><br \/>\nI\u0161siuntus paket\u0105, <span class=\"selectable-text copyable-text false\">pateiksime sekimo numer\u012f, taip pat nuolat atnaujinsime b\u016bsen\u0105, kol gausite krovin\u012f<\/span>.<\/p>\n<p><strong>3. Kiek laiko u\u017etrunka pristatymas?<\/strong><\/p>\n<ul>\n<li>Siuntimas i\u0161 <strong>Kinijos sand\u0117li\u0173<\/strong> u\u017etrunka ma\u017edaug <strong>7-14 darbo dien\u0173<\/strong>.<\/li>\n<li>Siuntimas i\u0161 <strong>Europos sand\u0117liai<\/strong> paprastai trunka <strong>3-6 darbo dienas<\/strong>.<\/li>\n<\/ul>\n<p><strong>4. Kaip gauti greitesn\u012f pristatym\u0105?<\/strong><br \/>\nNor\u0117dami greitesnio pristatymo, rekomenduojame u\u017esisakyti i\u0161 m\u016bs\u0173 <strong>Europos sand\u0117lio<\/strong>, kuris si\u016blo greitesn\u012f pristatymo laik\u0105.<\/p>\n<p><strong>5. K\u0105 daryti, jei gaunu pa\u017eeist\u0105 ar brokuot\u0105 prek\u0119?<\/strong><br \/>\nJei j\u016bs\u0173 prek\u0117 yra pa\u017eeista ar brokuota, susisiekite su klient\u0173 aptarnavimo tarnyba d\u0117l <strong>pakeitimo arba pinig\u0173 gr\u0105\u017einimo<\/strong>.<\/p>\n<p><strong>6. Kaip susisiekti su klient\u0173 aptarnavimo tarnyba?<\/strong><br \/>\nSu mumis galite susisiekti per<strong>\u00a0WhatsApp arba tiesiogin\u012f pokalb\u012f<\/strong> m\u016bs\u0173 svetain\u0117je, jei jums reikia pagalbos.<\/p>\n<\/div>\n<div class=\"relative p-1 rounded-sm flex items-center justify-center bg-token-main-surface-primary text-token-text-primary h-8 w-8\"><strong>7. Kokie siuntimo b\u016bdai naudojami?<\/strong><\/div>\n<\/div>\n<\/div>\n<\/div>\n<div class=\"group\/conversation-turn relative flex w-full min-w-0 flex-col agent-turn\">\n<div class=\"flex-col gap-1 md:gap-3\">\n<div class=\"flex max-w-full flex-col flex-grow\">\n<div class=\"min-h-[20px] text-message flex w-full flex-col items-end gap-2 whitespace-normal break-words [.text-message+&amp;]:mt-5 overflow-x-auto\" dir=\"auto\" data-message-author-role=\"assistant\" data-message-id=\"22f8283b-3233-46ff-89a5-c7a41b33abda\">\n<div class=\"flex w-full flex-col gap-1 empty:hidden first:pt-[3px]\">\n<div class=\"markdown prose w-full break-words dark:prose-invert light\">\n<p>Mes bendradarbiaujame su UPS, DHL, FedEx, DPD ir kitais pirmaujan\u010diais ve\u017e\u0117jais. Mes parinksime geriausi\u0105 siuntimo b\u016bd\u0105, atsi\u017evelgdami \u012f j\u016bs\u0173 pristatymo viet\u0105, kad u\u017etikrintume, jog gaminiai jus pasieks kuo grei\u010diau.<\/p>\n<\/div>\n<\/div>\n<\/div>\n<\/div>\n<\/div>\n<\/div>\n<p>Raskite daugiau garintuv\u0173, kurie jums gali patikti:<strong><em><a href=\"https:\/\/rmvapesale.com\/lt\/shop-2\/\">pirkti dabar &gt;&gt;&gt;<\/a><\/em><\/strong><\/p>","protected":false},"excerpt":{"rendered":"<p>WASPE Crystal 40k Puf\u0173 Dviej\u0173 Skoni\u0173 \u012ekraunamas Vienkartinis Vape<br \/>\nWASPE Crystal 40000 Puf\u0173 Dvigubo Skonio Vienkartinis Vape Didmenin\u0117 Prekyba<br \/>\nWASPE Crystal 40000 Puf\u0173 2-in-1 Skoni\u0173 I\u0161manusis Ekranas Didmenin\u0117 Vienkartin\u0117<\/p>\n<p><strong>Susisiekite su Amy ir gaukite tinkam\u0105 atsakym\u0105 bei vape kupon\u0105!<\/strong><\/p>\n<p><img loading=\"lazy\" decoding=\"async\" class=\"size-full wp-image-2375\" src=\"https:\/\/rmvapesale.com\/wp-content\/uploads\/2024\/10\/image.png\" alt=\"Geriausias Vienkartinis Vape\" width=\"229\" height=\"300\" \/><\/p>\n<h3><a href=\"https:\/\/wa.me\/8617776015835\"><span style=\"color: #ff0000\"><strong>WhatsApp: +86 17776015835<\/strong><\/span><\/a><\/h3>\n<p>&nbsp;<\/p>","protected":false},"featured_media":2975,"comment_status":"open","ping_status":"closed","template":"","meta":{"_uag_custom_page_level_css":"","_lmt_disableupdate":"no","_lmt_disable":"","site-sidebar-layout":"default","site-content-layout":"content-boxed-container","ast-site-content-layout":"normal-width-container","site-content-style":"boxed","site-sidebar-style":"unboxed","ast-global-header-display":"","ast-banner-title-visibility":"","ast-main-header-display":"","ast-hfb-above-header-display":"","ast-hfb-below-header-display":"","ast-hfb-mobile-header-display":"","site-post-title":"","ast-breadcrumbs-content":"","ast-featured-img":"","footer-sml-layout":"","theme-transparent-header-meta":"default","adv-header-id-meta":"","stick-header-meta":"","header-above-stick-meta":"","header-main-stick-meta":"","header-below-stick-meta":"","astra-migrate-meta-layouts":"set","ast-page-background-enabled":"default","ast-page-background-meta":{"desktop":{"background-color":"var(--ast-global-color-4)","background-image":"","background-repeat":"repeat","background-position":"center center","background-size":"auto","background-attachment":"scroll","background-type":"","background-media":"","overlay-type":"","overlay-color":"","overlay-opacity":"","overlay-gradient":""},"tablet":{"background-color":"","background-image":"","background-repeat":"repeat","background-position":"center center","background-size":"auto","background-attachment":"scroll","background-type":"","background-media":"","overlay-type":"","overlay-color":"","overlay-opacity":"","overlay-gradient":""},"mobile":{"background-color":"","background-image":"","background-repeat":"repeat","background-position":"center center","background-size":"auto","background-attachment":"scroll","background-type":"","background-media":"","overlay-type":"","overlay-color":"","overlay-opacity":"","overlay-gradient":""}},"ast-content-background-meta":{"desktop":{"background-color":"var(--ast-global-color-5)","background-image":"","background-repeat":"repeat","background-position":"center center","background-size":"auto","background-attachment":"scroll","background-type":"","background-media":"","overlay-type":"","overlay-color":"","overlay-opacity":"","overlay-gradient":""},"tablet":{"background-color":"var(--ast-global-color-5)","background-image":"","background-repeat":"repeat","background-position":"center center","background-size":"auto","background-attachment":"scroll","background-type":"","background-media":"","overlay-type":"","overlay-color":"","overlay-opacity":"","overlay-gradient":""},"mobile":{"background-color":"var(--ast-global-color-5)","background-image":"","background-repeat":"repeat","background-position":"center center","background-size":"auto","background-attachment":"scroll","background-type":"","background-media":"","overlay-type":"","overlay-color":"","overlay-opacity":"","overlay-gradient":""}},"_joinchat":[]},"product_brand":[],"product_cat":[15,289,290,291,292,298,293,295,299,274,258,25,123,26,28,135,27,137,136,30],"product_tag":[146,124,222,64,40,111,300,221],"class_list":{"0":"post-2976","1":"product","2":"type-product","3":"status-publish","4":"has-post-thumbnail","6":"product_cat-new-vape-this-week","7":"product_cat-big-puffs-disposable-vapes","8":"product_cat-crystal-disposable-vapes","9":"product_cat-dual-mesh-disposable-vapes","10":"product_cat-digital-disposable-vapes","11":"product_cat-double-flavor-disposable-vapes","12":"product_cat-low-nicotine-disposable-vapes","13":"product_cat-rechargeable-disposable-vapes","14":"product_cat-smart-screen-disposable-vapes","15":"product_cat-waspe-fihp-vape","16":"product_cat-40000-puff-disposable-vape","17":"product_cat-germany-best-selling-vape","18":"product_cat-italy-wholesale-vape","19":"product_cat-netherlands-hot-sale-vape","20":"product_cat-poland-hot-sale-vape","21":"product_cat-spain-best-hot-sale-vape","22":"product_cat-fance-hot-sale-vape","23":"product_cat-rechargeable-vapes","24":"product_cat-smart-screen-vapes","25":"product_cat-minimum-order-quantity-50pcs","26":"product_tag-best-hot-sale-vape","27":"product_tag-crystal-vape","28":"product_tag-double-flavor-vape","29":"product_tag-dual-flavour-vape","30":"product_tag-hot-sale-vape","31":"product_tag-low-nicotine-disposable-vape","32":"product_tag-waspe-crystal-40000","33":"product_tag-waspe-vape","34":"desktop-align-left","35":"tablet-align-left","36":"mobile-align-left","38":"first","39":"instock","40":"sale","41":"shipping-taxable","42":"purchasable","43":"product-type-simple"},"uagb_featured_image_src":{"full":["https:\/\/rmvapesale.com\/wp-content\/uploads\/2025\/01\/WASPE-40000-Puffs-Crystal-Disposable-Vape-Wholesale.webp",1000,1000,false],"thumbnail":["https:\/\/rmvapesale.com\/wp-content\/uploads\/2025\/01\/WASPE-40000-Puffs-Crystal-Disposable-Vape-Wholesale-150x150.webp",150,150,true],"medium":["https:\/\/rmvapesale.com\/wp-content\/uploads\/2025\/01\/WASPE-40000-Puffs-Crystal-Disposable-Vape-Wholesale-300x300.webp",300,300,true],"medium_large":["https:\/\/rmvapesale.com\/wp-content\/uploads\/2025\/01\/WASPE-40000-Puffs-Crystal-Disposable-Vape-Wholesale-768x768.webp",768,768,true],"large":["https:\/\/rmvapesale.com\/wp-content\/uploads\/2025\/01\/WASPE-40000-Puffs-Crystal-Disposable-Vape-Wholesale.webp",1000,1000,false],"1536x1536":["https:\/\/rmvapesale.com\/wp-content\/uploads\/2025\/01\/WASPE-40000-Puffs-Crystal-Disposable-Vape-Wholesale.webp",1000,1000,false],"2048x2048":["https:\/\/rmvapesale.com\/wp-content\/uploads\/2025\/01\/WASPE-40000-Puffs-Crystal-Disposable-Vape-Wholesale.webp",1000,1000,false],"trp-custom-language-flag":["https:\/\/rmvapesale.com\/wp-content\/uploads\/2025\/01\/WASPE-40000-Puffs-Crystal-Disposable-Vape-Wholesale.webp",12,12,false],"woocommerce_thumbnail":["https:\/\/rmvapesale.com\/wp-content\/uploads\/2025\/01\/WASPE-40000-Puffs-Crystal-Disposable-Vape-Wholesale-300x300.webp",300,300,true],"woocommerce_single":["https:\/\/rmvapesale.com\/wp-content\/uploads\/2025\/01\/WASPE-40000-Puffs-Crystal-Disposable-Vape-Wholesale-600x600.webp",600,600,true],"woocommerce_gallery_thumbnail":["https:\/\/rmvapesale.com\/wp-content\/uploads\/2025\/01\/WASPE-40000-Puffs-Crystal-Disposable-Vape-Wholesale-100x100.webp",100,100,true],"wcpr-photo-reviews":["https:\/\/rmvapesale.com\/wp-content\/uploads\/2025\/01\/WASPE-40000-Puffs-Crystal-Disposable-Vape-Wholesale.webp",500,500,false]},"uagb_author_info":{"display_name":"AMY","author_link":"https:\/\/rmvapesale.com\/lt\/author\/"},"uagb_comment_info":0,"uagb_excerpt":"WASPE Crystal 40k Puff Twins Flavor Rechargeable Disposable Vape WASPE Crystal 40000 Puffs Dual Flavors Disposable Vape Bulk Buy WASPE Crystal 40000 Puffs 2 in 1 Flavor Smart Screen Wholesale Disposable Contact Amy to get right reply and vape coupon! WhatsApp: +86 17776015835 &nbsp;","_links":{"self":[{"href":"https:\/\/rmvapesale.com\/lt\/wp-json\/wp\/v2\/product\/2976","targetHints":{"allow":["GET"]}}],"collection":[{"href":"https:\/\/rmvapesale.com\/lt\/wp-json\/wp\/v2\/product"}],"about":[{"href":"https:\/\/rmvapesale.com\/lt\/wp-json\/wp\/v2\/types\/product"}],"replies":[{"embeddable":true,"href":"https:\/\/rmvapesale.com\/lt\/wp-json\/wp\/v2\/comments?post=2976"}],"wp:featuredmedia":[{"embeddable":true,"href":"https:\/\/rmvapesale.com\/lt\/wp-json\/wp\/v2\/media\/2975"}],"wp:attachment":[{"href":"https:\/\/rmvapesale.com\/lt\/wp-json\/wp\/v2\/media?parent=2976"}],"wp:term":[{"taxonomy":"product_brand","embeddable":true,"href":"https:\/\/rmvapesale.com\/lt\/wp-json\/wp\/v2\/product_brand?post=2976"},{"taxonomy":"product_cat","embeddable":true,"href":"https:\/\/rmvapesale.com\/lt\/wp-json\/wp\/v2\/product_cat?post=2976"},{"taxonomy":"product_tag","embeddable":true,"href":"https:\/\/rmvapesale.com\/lt\/wp-json\/wp\/v2\/product_tag?post=2976"}],"curies":[{"name":"wp","href":"https:\/\/api.w.org\/{rel}","templated":true}]}}