{"id":3011,"date":"2025-01-26T03:15:11","date_gmt":"2025-01-26T03:15:11","guid":{"rendered":"https:\/\/rmvapesale.com\/?post_type=product&#038;p=3011"},"modified":"2025-01-23T03:29:52","modified_gmt":"2025-01-23T03:29:52","slug":"vapsolo-dg-18000-puffs-smart-screen-puff-18k-disposable-vape-wholesale-electronic-cigarette-discount-price","status":"publish","type":"product","link":"https:\/\/rmvapesale.com\/lt\/product\/vapsolo-dg-18000-puffs-smart-screen-puff-18k-disposable-vape-wholesale-electronic-cigarette-discount-price\/","title":{"rendered":"Vapsolo DG 18000 Puffs i\u0161manusis ekranas, 18 t\u016bkstan\u010di\u0173 i\u0161p\u016btim\u0173 vienkartinis garintuvas, elektronini\u0173 cigare\u010di\u0173 didmenin\u0117 prekyba, nuolaidin\u0117 kaina"},"content":{"rendered":"<div class=\"B2VR9 CJHX3e\">\n<div class=\"wyccme\">\n<div class=\"flex-shrink-0 flex flex-col relative items-end\">\n<div class=\"pt-0\">\n<div class=\"gizmo-bot-avatar flex h-8 w-8 items-center justify-center overflow-hidden rounded-full\">\n<div class=\"relative p-1 rounded-sm flex items-center justify-center bg-token-main-surface-primary text-token-text-primary h-8 w-8\">\n<div class=\"flex-shrink-0 flex flex-col relative items-end\">\n<div class=\"pt-0\">\n<div class=\"gizmo-bot-avatar flex h-8 w-8 items-center justify-center overflow-hidden rounded-full\">\n<h1 class=\"relative p-1 rounded-sm flex items-center justify-center bg-token-main-surface-primary text-token-text-primary h-8 w-8\">Vapsolo DG 18000 Puffs i\u0161manusis ekranas, 18 t\u016bkstan\u010di\u0173 i\u0161p\u016btim\u0173 vienkartinis garintuvas, elektronini\u0173 cigare\u010di\u0173 didmenin\u0117 prekyba, nuolaidin\u0117 kaina<\/h1>\n<\/div>\n<\/div>\n<\/div>\n<\/div>\n<\/div>\n<\/div>\n<\/div>\n<div class=\"group\/conversation-turn relative flex w-full min-w-0 flex-col agent-turn\">\n<div class=\"flex-col gap-1 md:gap-3\">\n<div class=\"flex max-w-full flex-col flex-grow\">\n<div class=\"min-h-8 text-message flex w-full flex-col items-end gap-2 whitespace-normal break-words text-start [.text-message+&amp;]:mt-5\" dir=\"auto\" data-message-author-role=\"assistant\" data-message-id=\"80ece0c4-ead1-4ed9-a9f0-ddc22582b4f4\" data-message-model-slug=\"gpt-4o\">\n<p>Ie\u0161kote didelio na\u0161umo <strong>vienkartinio garintuvo<\/strong> su \u012fsp\u016bdingu \u012ftraukim\u0173 skai\u010diumi ir naujausiomis funkcijomis? The <strong>Vapsolo DG 18000 \u012ftraukim\u0173 i\u0161manusis ekranas vienkartinis garintuvas<\/strong> yra puikus pasirinkimas jums! Sukurtas garintojams, kurie trok\u0161ta ilgalaikio pasitenkinimo, \u0161is \u012frenginys si\u016blo <strong>net 18 000 \u012ftraukim\u0173<\/strong>, <strong>reguliuojamas oro srautas<\/strong>, ir pa\u017eangiausi\u0105 <strong>i\u0161manus ekranas<\/strong>, viskas u\u017e prieinam\u0105 <strong>didmenin\u0119 kain\u0105<\/strong>.<\/p>\n<p>\u0160is garintuvas turi <strong>I\u0161man\u0173j\u012f re\u017eim\u0105<\/strong> kuris automati\u0161kai reguliuoja gali\u0105 ir nustatymus pagal j\u016bs\u0173 garinimo \u012fpro\u010dius, u\u017etikrindamas optimali\u0105 patirt\u012f kiekvien\u0105 kart\u0105. Reikia stipresnio sm\u016bgio? \u012ejunkite <strong>Boost re\u017eim\u0105<\/strong> kad gautum\u0117te papildomo intensyvumo ir pasitenkinimo.<\/p>\n<p>Su <strong>reguliuojamas oro srauto valdymas<\/strong> leid\u017eia tiksliai sureguliuoti garinimo patirt\u012f, nesvarbu, ar jums labiau patinka stiprus, intensyvus sm\u016bgis, ar \u0161velnus, erdvus \u012ftraukimas. Be to, the <strong>I\u0161manusis ekrano ekranas<\/strong> suteikia realaus laiko \u012f\u017evalgas apie baterijos veikimo laik\u0105 ir \u012ftraukim\u0173 skai\u010di\u0173, tod\u0117l visada \u017einosite, kada reikia \u012fkrauti.<\/p>\n<p>\u012erengtas su <strong>\u012fkraunama 650 mAh baterija<\/strong> ir C tipo greitas \u012fkrovimas, galite m\u0117gautis nepertraukiamu garinimu su greitu ir efektyviu \u012fkrovimu. Rinkit\u0117s i\u0161 <strong>2% arba 5% nikotino stiprumo<\/strong>, tinkan\u010di\u0173 tiek atsitiktiniams garintojams, tiek tiems, kurie ie\u0161ko stipresnio nikotino sm\u016bgio.<\/p>\n<p>Dideliems pirk\u0117jams Vapsolo DG 18000 si\u016blo neprilygstam\u0105 vert\u0119 su <strong>didmenin\u0117mis kainomis<\/strong>, tod\u0117l tai idealus pasirinkimas ma\u017emenininkams ir platintojams.<\/p>\n<\/div>\n<\/div>\n<\/div>\n<\/div>\n<div class=\"flex-shrink-0 flex flex-col relative items-end\">\n<div class=\"pt-0\">\n<div class=\"gizmo-bot-avatar flex h-8 w-8 items-center justify-center overflow-hidden rounded-full\">\n<p>&nbsp;<\/p>\n<\/div>\n<\/div>\n<\/div>\n<\/div>\n<\/div>\n<p><strong>Susisiekite su Amy ir gaukite tinkam\u0105 atsakym\u0105 bei vape kupon\u0105!<\/strong><\/p>\n<p><img loading=\"lazy\" decoding=\"async\" class=\"size-full wp-image-1978\" src=\"https:\/\/rmvapesale.com\/wp-content\/uploads\/2024\/09\/Disposable-Vape-Wholesale.jpg\" alt=\"Vienkartinis garintuvas didmenin\u0117 prekyba\" width=\"229\" height=\"300\" \/><\/p>\n<h3><a href=\"https:\/\/wa.me\/8617776015835\" target=\"_blank\" rel=\"noopener\"><span style=\"color: #ff0000\"><strong>WhatsApp: +86 17776015835<\/strong><\/span><\/a><\/h3>\n<p>&nbsp;<\/p>\n<h3><strong style=\"font-size: 1.7em\">Vapsolo DG 18000 \u012ftraukim\u0173 pagrindin\u0117s produkto savyb\u0117s<\/strong><\/h3>\n<p>\u2611 Nikotinas:2% 5%<br \/>\n\u2611 I\u0161manusis Re\u017eimas:18000 P\u016bki\u0173<br \/>\nBoost re\u017eimas: 9000 \u012ftraukim\u0173<br \/>\n\u2611 Talpa:28ml<br \/>\n\u2611 650mah \u012ekraunamas<br \/>\n\u2611 0.90\u03a9 Tinklelio Rit\u0117<br \/>\n\u2611 Oro srauto reguliavimas<br \/>\nI\u0161manusis ekrano ekranas: akumuliatoriaus talpa \/ e-skys\u010dio talpa<br \/>\n\u2611 Pasiekiami 10 skoni\u0173<\/p>\n<p>&nbsp;<\/p>\n<figure id=\"attachment_3007\" aria-describedby=\"caption-attachment-3007\" style=\"width: 300px\" class=\"wp-caption alignnone\"><img loading=\"lazy\" decoding=\"async\" class=\"size-medium wp-image-3007\" src=\"https:\/\/rmvapesale.com\/wp-content\/uploads\/2025\/01\/Vapsolo-DG-18000-Puffs-Disposable-Vape-Bulk-Buy-300x300.webp\" alt=\"Vapsolo DG 18000 \u012ftraukim\u0173 vienkartini\u0173 elektronini\u0173 cigare\u010di\u0173 didmenin\u0117 prekyba\" width=\"300\" height=\"300\" srcset=\"https:\/\/rmvapesale.com\/wp-content\/uploads\/2025\/01\/Vapsolo-DG-18000-Puffs-Disposable-Vape-Bulk-Buy-300x300.webp 300w, https:\/\/rmvapesale.com\/wp-content\/uploads\/2025\/01\/Vapsolo-DG-18000-Puffs-Disposable-Vape-Bulk-Buy-150x150.webp 150w, https:\/\/rmvapesale.com\/wp-content\/uploads\/2025\/01\/Vapsolo-DG-18000-Puffs-Disposable-Vape-Bulk-Buy-768x768.webp 768w, https:\/\/rmvapesale.com\/wp-content\/uploads\/2025\/01\/Vapsolo-DG-18000-Puffs-Disposable-Vape-Bulk-Buy-600x600.webp 600w, https:\/\/rmvapesale.com\/wp-content\/uploads\/2025\/01\/Vapsolo-DG-18000-Puffs-Disposable-Vape-Bulk-Buy-100x100.webp 100w, https:\/\/rmvapesale.com\/wp-content\/uploads\/2025\/01\/Vapsolo-DG-18000-Puffs-Disposable-Vape-Bulk-Buy.webp 1000w\" sizes=\"auto, (max-width: 300px) 100vw, 300px\" \/><figcaption id=\"caption-attachment-3007\" class=\"wp-caption-text\">Vapsolo DG 18000 \u012ftraukim\u0173 vienkartini\u0173 elektronini\u0173 cigare\u010di\u0173 didmenin\u0117 prekyba<\/figcaption><\/figure>\n<h3><strong style=\"font-size: 1.7em\">Populiariausi Vapsolo DG 18000 \u012ftraukim\u0173 skoniai<\/strong><strong style=\"font-size: 1.7em\">\u00a0Vape<\/strong><\/h3>\n<p>1. Persik\u0173, mang\u0173 ir ananas\u0173 <span style=\"color: #ff0000\"><strong>&gt;&gt;&gt; Kar\u0161ta!<\/strong><\/span><br \/>\n2. Pasiflor\u0173, kivi\u0173 ledas<br \/>\n3. M\u0117lyni\u0173, vy\u0161ni\u0173 ir spanguoli\u0173 <span style=\"color: #ff0000\"><strong>&gt;&gt;&gt; Kar\u0161ta!<\/strong><\/span><br \/>\n4. Arb\u016bz\u0173 ledas<br \/>\n5. Bra\u0161ki\u0173 ir kivi\u0173<br \/>\n6. Citrin\u0173 ir \u017eali\u0173j\u0173 citrin\u0173<br \/>\n7. Bra\u0161ki\u0173 ir banan\u0173<br \/>\n8. Red Bull<br \/>\n9. Mi\u0161rios uogos <span style=\"color: #ff0000\"><strong>&gt;&gt;&gt; Geriausias!<\/strong><\/span><br \/>\n10. Auk\u0161\u010diausios kokyb\u0117s bra\u0161ki\u0173 arb\u016bzas<\/p>\n<p>&nbsp;<\/p>\n<h3><strong>Kod\u0117l verta rinktis \u201eRmvapesale\u201c \u201eVapsolo DG 18000 Puffs\u201c? <\/strong><strong>V<\/strong><strong>Didmenin\u0117 prekyba veipais<\/strong><strong>?<\/strong><\/h3>\n<div class=\"flex-shrink-0 flex flex-col relative items-end\">\n<div class=\"pt-0\">\n<div class=\"gizmo-bot-avatar flex h-8 w-8 items-center justify-center overflow-hidden rounded-full\">\n<p>Stipr\u0117jant konkurencijai vienkartini\u0173 elektronini\u0173 cigare\u010di\u0173 rinkoje, \u201eRmvapesale\u201c, pasaulin\u0117 vienkartini\u0173 elektronini\u0173 cigare\u010di\u0173 didmenin\u0117s prekybos sprendim\u0173 lyder\u0117, pristat\u0117 \u201eVapsolo DG 18000 Puffs\u201c vienkartin\u0119 elektronin\u0119 cigaret\u0119. \u0160is novatori\u0161kas produktas atkreipia d\u0117mes\u012f savo unikalia estetika ir madingu dizainu. Platus vaisi\u0173 skoni\u0173 asortimentas patenkina plat\u0173 vartotoj\u0173 skon\u012f, pabr\u0117\u017eiant naujoves ir universalum\u0105.<\/p>\n<p class=\"relative p-1 rounded-sm flex items-center justify-center bg-token-main-surface-primary text-token-text-primary h-8 w-8\">Rmvapesale yra j\u016bs\u0173 patikima vape parduotuv\u0117, kurioje rasite auk\u0161\u010diausios kokyb\u0117s vienkartinius vapes. Tur\u0117dami daugiau nei 5 met\u0173 patirt\u012f, si\u016blome jums populiarius vienkartini\u0173 vape preki\u0173 \u017eenklus, tokius kaip Al Fakher, JNR Vape, Vapsolo Vape, Vapme Vape, <a href=\"https:\/\/rmvapesale.com\/lt\/product-category\/bang-vapes\/\">Bang Vape<\/a>, Waspe Vape, WGA Vape ir<a href=\"https:\/\/rmvapesale.com\/lt\/product-category\/randm-fumot-vape\/\"> RandM Vape<\/a>.M\u016bs\u0173 asortimente yra populiari\u0173 vienkartini\u0173 garintuv\u0173, toki\u0173 kaip <a href=\"https:\/\/rmvapesale.com\/lt\/product\/waspe-crystal-40000-puffs-double-flavor-led-display-disposable-vape-bulk-buy\/\">WASPE Crystal 40000 \u012etraukimai<\/a> ir sodraus skonio pasirinkim\u0173, toki\u0173 kaip<a href=\"https:\/\/rmvapesale.com\/lt\/product\/aivono-fatman-15000-puffs-vape-disposable-e-cigarettes-mtl\/\"> AIVONO Shisha Hoohak 15000<\/a>. Kiekvienas produktas parenkamas atsi\u017evelgiant \u012f kokyb\u0119, vert\u0119 ir \u012fvairov\u0119, u\u017etikrinant, kad rastum\u0117te tobul\u0105 atitikmen\u012f savo poreikiams. Atraskite i\u0161skirtin\u012f aptarnavim\u0105 ir plat\u0173 auk\u0161\u010diausios kokyb\u0117s produkt\u0173 asortiment\u0105 \u201eRmvapesale\u201c.<\/p>\n<p>&nbsp;<\/p>\n<p class=\"relative p-1 rounded-sm flex items-center justify-center bg-token-main-surface-primary text-token-text-primary h-8 w-8\"><b style=\"font-size: 1.5em;font-style: inherit\">DUK apie \u201eVapsolo DG 18k Puffs\u201c <\/b><b style=\"font-size: 1.5em;font-style: inherit\">\u012ekraunamas vienkartinis veipas<\/b><\/p>\n<ol>\n<li><strong>Kur galiu \u012fsigyti \u201eVapsolo DG 18000 Puffs\u201c vienkartin\u0119 elektronin\u0119 cigaret\u0119 didmenin\u0117mis kainomis?<\/strong>\n<ul>\n<li>Didmenin\u0117mis kainomis galite \u012fsigyti i\u0161 <a href=\"https:\/\/rmvapesale.com\/lt\/\" target=\"_new\" rel=\"noopener\">Rmvapesale<\/a>, si\u016blan\u010dio didelius nuolaidas ir pristatym\u0105 visame pasaulyje.<\/li>\n<\/ul>\n<\/li>\n<li><strong>Kuo naudingas i\u0161manusis ekranas?<\/strong>\n<ul>\n<li>Ekrane rodomas realaus laiko baterijos procentas ir \u012ftraukim\u0173 skai\u010dius, tod\u0117l visada esate informuoti.<\/li>\n<\/ul>\n<\/li>\n<li><strong>Ar galiu reguliuoti oro sraut\u0105 \u201eVapsolo 18000 Puffs\u201c?<\/strong>\n<ul>\n<li>Taip, reguliuojamas oro srautas leid\u017eia pritaikyti garinimo patirt\u012f nuo stipraus iki \u0161velnaus traukimo.<\/li>\n<\/ul>\n<\/li>\n<li><strong>Kokie nikotino lygiai yra prieinami?<\/strong>\n<ul>\n<li>\u0160is \u012frenginys yra 2% ir 5% stiprumo nikotino, kad atitikt\u0173 skirtingus pageidavimus.<\/li>\n<\/ul>\n<\/li>\n<li><strong>Kiek laiko veikia 650 mAh baterija?<\/strong>\n<ul>\n<li>\u012ekraunama baterija u\u017etikrina ilg\u0105 naudojimo laik\u0105 ir gali b\u016bti greitai \u012fkrauta per C tipo jungt\u012f, kad garinimo sesijos b\u016bt\u0173 ilgesn\u0117s.<\/li>\n<\/ul>\n<\/li>\n<\/ol>\n<\/div>\n<\/div>\n<\/div>\n<h2>Kaip u\u017esisakyti?<\/h2>\n<div class=\"flex-shrink-0 flex flex-col relative items-end\">\n<div class=\"pt-0\">\n<div class=\"gizmo-bot-avatar flex h-8 w-8 items-center justify-center overflow-hidden rounded-full\">\n<div>\n<p><strong>1. Kokius mok\u0117jimo b\u016bdus priimate?<\/strong><br \/>\n<span class=\"selectable-text copyable-text false\">Apmok\u0117jimui si\u016blome banko pavedim\u0105 ir \u201eWestern Union\u201c. Dauguma m\u016bs\u0173 klient\u0173 Europoje renkasi banko pavedim\u0105, turime vietin\u0119 banko s\u0105skait\u0105, \u012f kuri\u0105 galite sumok\u0117ti \u012f m\u016bs\u0173 IBAN s\u0105skait\u0105 be aptarnavimo mokes\u010dio. <\/span>.<\/p>\n<p><strong>2. Kaip galiu sekti savo u\u017esakym\u0105?<\/strong><br \/>\nI\u0161siuntus paket\u0105, <span class=\"selectable-text copyable-text false\">pateiksime sekimo numer\u012f, taip pat nuolat atnaujinsime b\u016bsen\u0105, kol gausite krovin\u012f<\/span>.<\/p>\n<p><strong>3. Kiek laiko u\u017etrunka pristatymas?<\/strong><\/p>\n<ul>\n<li>Siuntimas i\u0161 <strong>Kinijos sand\u0117li\u0173<\/strong> u\u017etrunka ma\u017edaug <strong>7-14 darbo dien\u0173<\/strong>.<\/li>\n<li>Siuntimas i\u0161 <strong>Europos sand\u0117liai<\/strong> paprastai trunka <strong>3-6 darbo dienas<\/strong>.<\/li>\n<\/ul>\n<p><strong>4. Kaip gauti greitesn\u012f pristatym\u0105?<\/strong><br \/>\nNor\u0117dami greitesnio pristatymo, rekomenduojame u\u017esisakyti i\u0161 m\u016bs\u0173 <strong>Europos sand\u0117lio<\/strong>, kuris si\u016blo greitesn\u012f pristatymo laik\u0105.<\/p>\n<p><strong>5. K\u0105 daryti, jei gaunu pa\u017eeist\u0105 ar brokuot\u0105 prek\u0119?<\/strong><br \/>\nJei j\u016bs\u0173 prek\u0117 yra pa\u017eeista ar brokuota, susisiekite su klient\u0173 aptarnavimo tarnyba d\u0117l <strong>pakeitimo arba pinig\u0173 gr\u0105\u017einimo<\/strong>.<\/p>\n<p><strong>6. Kaip susisiekti su klient\u0173 aptarnavimo tarnyba?<\/strong><br \/>\nSu mumis galite susisiekti per<strong>\u00a0WhatsApp arba tiesiogin\u012f pokalb\u012f<\/strong> m\u016bs\u0173 svetain\u0117je, jei jums reikia pagalbos.<\/p>\n<\/div>\n<div class=\"relative p-1 rounded-sm flex items-center justify-center bg-token-main-surface-primary text-token-text-primary h-8 w-8\"><strong>7. Kokie siuntimo b\u016bdai naudojami?<\/strong><\/div>\n<\/div>\n<\/div>\n<\/div>\n<div class=\"group\/conversation-turn relative flex w-full min-w-0 flex-col agent-turn\">\n<div class=\"flex-col gap-1 md:gap-3\">\n<div class=\"flex max-w-full flex-col flex-grow\">\n<div class=\"min-h-[20px] text-message flex w-full flex-col items-end gap-2 whitespace-normal break-words [.text-message+&amp;]:mt-5 overflow-x-auto\" dir=\"auto\" data-message-author-role=\"assistant\" data-message-id=\"22f8283b-3233-46ff-89a5-c7a41b33abda\">\n<div class=\"flex w-full flex-col gap-1 empty:hidden first:pt-[3px]\">\n<div class=\"markdown prose w-full break-words dark:prose-invert light\">\n<p>Mes bendradarbiaujame su UPS, DHL, FedEx, DPD ir kitais pirmaujan\u010diais ve\u017e\u0117jais. Mes parinksime geriausi\u0105 siuntimo b\u016bd\u0105, atsi\u017evelgdami \u012f j\u016bs\u0173 pristatymo viet\u0105, kad u\u017etikrintume, jog gaminiai jus pasieks kuo grei\u010diau.<\/p>\n<\/div>\n<\/div>\n<\/div>\n<\/div>\n<\/div>\n<\/div>\n<p>Raskite daugiau garintuv\u0173, kurie jums gali patikti:<strong><em><a href=\"https:\/\/rmvapesale.com\/lt\/shop-2\/\">pirkti dabar &gt;&gt;&gt;<\/a><\/em><\/strong><\/p>","protected":false},"excerpt":{"rendered":"<p>Vapsolo DG 18000 P\u016bki\u0173 Dvyniai Skoni\u0173 \u012ekraunamas Vienkartinis Vape<br \/>\nVapsolo DG 18k P\u016bki\u0173 Kar\u0161tas Pardavimas\u00a0Vienkartinis Vape Didmenin\u0117<br \/>\nVapsolo DG 18000 P\u016bki\u0173 LED Ekranas\u00a0I\u0161manusis Ekranas Didmenin\u0117 Vienkartinis<\/p>\n<p><strong>Susisiekite su Amy ir gaukite tinkam\u0105 atsakym\u0105 bei vape kupon\u0105!<\/strong><\/p>\n<p><img loading=\"lazy\" decoding=\"async\" class=\"size-full wp-image-2375\" src=\"https:\/\/rmvapesale.com\/wp-content\/uploads\/2024\/10\/image.png\" alt=\"Geriausias Vienkartinis Vape\" width=\"229\" height=\"300\" \/><\/p>\n<h3><a href=\"https:\/\/wa.me\/8617776015835\"><span style=\"color: #ff0000\"><strong>WhatsApp: +86 17776015835<\/strong><\/span><\/a><\/h3>\n<p>&nbsp;<\/p>","protected":false},"featured_media":3006,"comment_status":"open","ping_status":"closed","template":"","meta":{"_uag_custom_page_level_css":"","_lmt_disableupdate":"no","_lmt_disable":"","site-sidebar-layout":"default","site-content-layout":"content-boxed-container","ast-site-content-layout":"normal-width-container","site-content-style":"boxed","site-sidebar-style":"unboxed","ast-global-header-display":"","ast-banner-title-visibility":"","ast-main-header-display":"","ast-hfb-above-header-display":"","ast-hfb-below-header-display":"","ast-hfb-mobile-header-display":"","site-post-title":"","ast-breadcrumbs-content":"","ast-featured-img":"","footer-sml-layout":"","theme-transparent-header-meta":"default","adv-header-id-meta":"","stick-header-meta":"","header-above-stick-meta":"","header-main-stick-meta":"","header-below-stick-meta":"","astra-migrate-meta-layouts":"set","ast-page-background-enabled":"default","ast-page-background-meta":{"desktop":{"background-color":"var(--ast-global-color-4)","background-image":"","background-repeat":"repeat","background-position":"center center","background-size":"auto","background-attachment":"scroll","background-type":"","background-media":"","overlay-type":"","overlay-color":"","overlay-opacity":"","overlay-gradient":""},"tablet":{"background-color":"","background-image":"","background-repeat":"repeat","background-position":"center center","background-size":"auto","background-attachment":"scroll","background-type":"","background-media":"","overlay-type":"","overlay-color":"","overlay-opacity":"","overlay-gradient":""},"mobile":{"background-color":"","background-image":"","background-repeat":"repeat","background-position":"center center","background-size":"auto","background-attachment":"scroll","background-type":"","background-media":"","overlay-type":"","overlay-color":"","overlay-opacity":"","overlay-gradient":""}},"ast-content-background-meta":{"desktop":{"background-color":"var(--ast-global-color-5)","background-image":"","background-repeat":"repeat","background-position":"center center","background-size":"auto","background-attachment":"scroll","background-type":"","background-media":"","overlay-type":"","overlay-color":"","overlay-opacity":"","overlay-gradient":""},"tablet":{"background-color":"var(--ast-global-color-5)","background-image":"","background-repeat":"repeat","background-position":"center center","background-size":"auto","background-attachment":"scroll","background-type":"","background-media":"","overlay-type":"","overlay-color":"","overlay-opacity":"","overlay-gradient":""},"mobile":{"background-color":"var(--ast-global-color-5)","background-image":"","background-repeat":"repeat","background-position":"center center","background-size":"auto","background-attachment":"scroll","background-type":"","background-media":"","overlay-type":"","overlay-color":"","overlay-opacity":"","overlay-gradient":""}},"_joinchat":[]},"product_brand":[],"product_cat":[15,289,290,291,292,298,293,295,299,275,25,123,26,28,135,27,137,136,30],"product_tag":[146,222,64,40,111,302,301],"class_list":{"0":"post-3011","1":"product","2":"type-product","3":"status-publish","4":"has-post-thumbnail","6":"product_cat-new-vape-this-week","7":"product_cat-big-puffs-disposable-vapes","8":"product_cat-crystal-disposable-vapes","9":"product_cat-dual-mesh-disposable-vapes","10":"product_cat-digital-disposable-vapes","11":"product_cat-double-flavor-disposable-vapes","12":"product_cat-low-nicotine-disposable-vapes","13":"product_cat-rechargeable-disposable-vapes","14":"product_cat-smart-screen-disposable-vapes","15":"product_cat-vapsolo-vape","16":"product_cat-germany-best-selling-vape","17":"product_cat-italy-wholesale-vape","18":"product_cat-netherlands-hot-sale-vape","19":"product_cat-poland-hot-sale-vape","20":"product_cat-spain-best-hot-sale-vape","21":"product_cat-fance-hot-sale-vape","22":"product_cat-rechargeable-vapes","23":"product_cat-smart-screen-vapes","24":"product_cat-minimum-order-quantity-50pcs","25":"product_tag-best-hot-sale-vape","26":"product_tag-double-flavor-vape","27":"product_tag-dual-flavour-vape","28":"product_tag-hot-sale-vape","29":"product_tag-low-nicotine-disposable-vape","30":"product_tag-vapsolo-dg-18000","31":"product_tag-vapsolo-vape","32":"desktop-align-left","33":"tablet-align-left","34":"mobile-align-left","36":"first","37":"instock","38":"sale","39":"shipping-taxable","40":"purchasable","41":"product-type-simple"},"uagb_featured_image_src":{"full":["https:\/\/rmvapesale.com\/wp-content\/uploads\/2025\/01\/Vapsolo-DG-18000-Puff-Disposable-Vape-Cheap-Price.webp",1000,1000,false],"thumbnail":["https:\/\/rmvapesale.com\/wp-content\/uploads\/2025\/01\/Vapsolo-DG-18000-Puff-Disposable-Vape-Cheap-Price-150x150.webp",150,150,true],"medium":["https:\/\/rmvapesale.com\/wp-content\/uploads\/2025\/01\/Vapsolo-DG-18000-Puff-Disposable-Vape-Cheap-Price-300x300.webp",300,300,true],"medium_large":["https:\/\/rmvapesale.com\/wp-content\/uploads\/2025\/01\/Vapsolo-DG-18000-Puff-Disposable-Vape-Cheap-Price-768x768.webp",768,768,true],"large":["https:\/\/rmvapesale.com\/wp-content\/uploads\/2025\/01\/Vapsolo-DG-18000-Puff-Disposable-Vape-Cheap-Price.webp",1000,1000,false],"1536x1536":["https:\/\/rmvapesale.com\/wp-content\/uploads\/2025\/01\/Vapsolo-DG-18000-Puff-Disposable-Vape-Cheap-Price.webp",1000,1000,false],"2048x2048":["https:\/\/rmvapesale.com\/wp-content\/uploads\/2025\/01\/Vapsolo-DG-18000-Puff-Disposable-Vape-Cheap-Price.webp",1000,1000,false],"trp-custom-language-flag":["https:\/\/rmvapesale.com\/wp-content\/uploads\/2025\/01\/Vapsolo-DG-18000-Puff-Disposable-Vape-Cheap-Price.webp",12,12,false],"woocommerce_thumbnail":["https:\/\/rmvapesale.com\/wp-content\/uploads\/2025\/01\/Vapsolo-DG-18000-Puff-Disposable-Vape-Cheap-Price-300x300.webp",300,300,true],"woocommerce_single":["https:\/\/rmvapesale.com\/wp-content\/uploads\/2025\/01\/Vapsolo-DG-18000-Puff-Disposable-Vape-Cheap-Price-600x600.webp",600,600,true],"woocommerce_gallery_thumbnail":["https:\/\/rmvapesale.com\/wp-content\/uploads\/2025\/01\/Vapsolo-DG-18000-Puff-Disposable-Vape-Cheap-Price-100x100.webp",100,100,true],"wcpr-photo-reviews":["https:\/\/rmvapesale.com\/wp-content\/uploads\/2025\/01\/Vapsolo-DG-18000-Puff-Disposable-Vape-Cheap-Price.webp",500,500,false]},"uagb_author_info":{"display_name":"AMY","author_link":"https:\/\/rmvapesale.com\/lt\/author\/"},"uagb_comment_info":0,"uagb_excerpt":"Vapsolo DG 18000 Puffs Twins Flavor Rechargeable Disposable Vape Vapsolo DG 18k Puff Hot Sale\u00a0Disposable Vape Bulk Buy Vapsolo DG 18000 Puffs LED Display\u00a0Smart Screen Wholesale Disposable Contact Amy to get right reply and vape coupon! WhatsApp: +86 17776015835 &nbsp;","_links":{"self":[{"href":"https:\/\/rmvapesale.com\/lt\/wp-json\/wp\/v2\/product\/3011","targetHints":{"allow":["GET"]}}],"collection":[{"href":"https:\/\/rmvapesale.com\/lt\/wp-json\/wp\/v2\/product"}],"about":[{"href":"https:\/\/rmvapesale.com\/lt\/wp-json\/wp\/v2\/types\/product"}],"replies":[{"embeddable":true,"href":"https:\/\/rmvapesale.com\/lt\/wp-json\/wp\/v2\/comments?post=3011"}],"wp:featuredmedia":[{"embeddable":true,"href":"https:\/\/rmvapesale.com\/lt\/wp-json\/wp\/v2\/media\/3006"}],"wp:attachment":[{"href":"https:\/\/rmvapesale.com\/lt\/wp-json\/wp\/v2\/media?parent=3011"}],"wp:term":[{"taxonomy":"product_brand","embeddable":true,"href":"https:\/\/rmvapesale.com\/lt\/wp-json\/wp\/v2\/product_brand?post=3011"},{"taxonomy":"product_cat","embeddable":true,"href":"https:\/\/rmvapesale.com\/lt\/wp-json\/wp\/v2\/product_cat?post=3011"},{"taxonomy":"product_tag","embeddable":true,"href":"https:\/\/rmvapesale.com\/lt\/wp-json\/wp\/v2\/product_tag?post=3011"}],"curies":[{"name":"wp","href":"https:\/\/api.w.org\/{rel}","templated":true}]}}