{"id":3013,"date":"2025-01-29T07:27:53","date_gmt":"2025-01-29T07:27:53","guid":{"rendered":"https:\/\/rmvapesale.com\/?post_type=product&#038;p=3013"},"modified":"2025-01-23T07:39:23","modified_gmt":"2025-01-23T07:39:23","slug":"bood-vape-30000-puff-bar-disposable-vape-wholesale-vape-pen-at-a-cheap-price","status":"publish","type":"product","link":"https:\/\/rmvapesale.com\/lt\/product\/bood-vape-30000-puff-bar-disposable-vape-wholesale-vape-pen-at-a-cheap-price\/","title":{"rendered":"Bood Vape 30000 Puff Bar Vienkartinis didmeninis garintuvas pigia kaina"},"content":{"rendered":"<div class=\"B2VR9 CJHX3e\">\n<div class=\"wyccme\">\n<div class=\"flex-shrink-0 flex flex-col relative items-end\">\n<div class=\"pt-0\">\n<div class=\"gizmo-bot-avatar flex h-8 w-8 items-center justify-center overflow-hidden rounded-full\">\n<div class=\"relative p-1 rounded-sm flex items-center justify-center bg-token-main-surface-primary text-token-text-primary h-8 w-8\">\n<div class=\"flex-shrink-0 flex flex-col relative items-end\">\n<div class=\"pt-0\">\n<div class=\"gizmo-bot-avatar flex h-8 w-8 items-center justify-center overflow-hidden rounded-full\">\n<div class=\"flex-shrink-0 flex flex-col relative items-end\">\n<div class=\"pt-0\">\n<div class=\"gizmo-bot-avatar flex h-8 w-8 items-center justify-center overflow-hidden rounded-full\">\n<h1 class=\"relative p-1 rounded-sm flex items-center justify-center bg-token-main-surface-primary text-token-text-primary h-8 w-8\">Bood Vape 30000 Puff Bar Vienkartinis didmeninis garintuvas pigia kaina<\/h1>\n<\/div>\n<\/div>\n<\/div>\n<\/div>\n<\/div>\n<\/div>\n<\/div>\n<\/div>\n<\/div>\n<\/div>\n<div class=\"group\/conversation-turn relative flex w-full min-w-0 flex-col agent-turn\">\n<div class=\"flex-col gap-1 md:gap-3\">\n<div class=\"flex max-w-full flex-col flex-grow\">\n<div class=\"min-h-8 text-message flex w-full flex-col items-end gap-2 whitespace-normal break-words text-start [.text-message+&amp;]:mt-5\" dir=\"auto\" data-message-author-role=\"assistant\" data-message-id=\"80ece0c4-ead1-4ed9-a9f0-ddc22582b4f4\" data-message-model-slug=\"gpt-4o\">\n<p>Su <strong>Bood Vape 30000 \u012ftraukim\u0173 vienkartinis garintuvas<\/strong> yra skirtas garintojams, kuriems reikia <strong>ilgalaikio veikimo, reguliuojamo oro srauto ir i\u0161manaus ekrano technologijos<\/strong>, visa tai u\u017e <strong>\u012fperkam\u0105 didmenin\u0119 kain\u0105<\/strong>. Su \u012fsp\u016bdingu <strong>30 000 \u012ftraukim\u0173 talpa<\/strong>, \u0161is \u012fkraunamas garinimo prietaisas puikiai tinka tiems, kurie ie\u0161ko patogumo neprarandant kokyb\u0117s.<\/p>\n<p>Supakuotas su <strong>20 ml i\u0161 anksto u\u017epildyto e-skys\u010dio<\/strong>, Bood Vape u\u017etikrina ilgesnes garinimo sesijas be nuolatinio papildymo poreikio. Jo <strong>dvigubos tinklin\u0117s rit\u0117s technologija<\/strong> suteikia \u0161velnius, aromatingus garus su kiekvienu \u012ftraukimu, o <strong>1,0 \u03a9 rit\u0117s var\u017ea<\/strong> optimizuoja tiek gar\u0173 gamyb\u0105, tiek skon\u012f.<\/p>\n<p>Su <strong>reguliuojamas oro srauto valdymas<\/strong> leid\u017eia jums suasmeninti savo patirt\u012f \u2013 nesvarbu, ar pageidaujate stipraus, intensyvaus \u012ftraukimo, ar labiau atsipalaidavusio, lengvo sm\u016bgio. Be to, <strong>i\u0161manus ekranas<\/strong> ekranas realiuoju laiku pateikia informacij\u0105 apie \u012ftraukim\u0173 skai\u010di\u0173 ir baterijos veikimo laik\u0105, nuolat informuodamas jus visos garinimo kelion\u0117s metu.<\/p>\n<p>Maitinamas <strong>\u012fkraunama 650 mAh baterija<\/strong>, \u012frenginyje yra <strong>C tipo greito \u012fkrovimo prievadas<\/strong>, u\u017etikrinantis greit\u0105 ir efektyv\u0173 \u012fkrovim\u0105, kai to reikia. Su <strong>trimis nikotino stiprumo pasirinkimais (0%, 2% ir 5%)<\/strong>, \u0161is <strong>ma\u017eai nikotino turin\u010diu vienkartiniu garintuvu<\/strong> tinka visiems pageidavimams \u2013 nuo nikotino neturin\u010di\u0173 iki stipraus, patenkinamo sm\u016bgio.<\/p>\n<p>Idealiai tinka ma\u017emenininkams ir platintojams, <strong>Bood Vape 30000 Puff Bar<\/strong> galima \u012fsigyti neprilygstama <strong>vienkartini\u0173 elektronini\u0173 cigare\u010di\u0173 didmenine kaina<\/strong>, tod\u0117l tai puikus pasirinkimas perkant dideliais kiekiais. Rinkit\u0117s i\u0161 <strong>10 \u012fdomi\u0173 skoni\u0173<\/strong>, si\u016blan\u010di\u0173 ka\u017ek\u0105 kiekvienam.<\/p>\n<\/div>\n<\/div>\n<\/div>\n<\/div>\n<div class=\"flex-shrink-0 flex flex-col relative items-end\">\n<div class=\"pt-0\">\n<div class=\"gizmo-bot-avatar flex h-8 w-8 items-center justify-center overflow-hidden rounded-full\">\n<p>&nbsp;<\/p>\n<\/div>\n<\/div>\n<\/div>\n<\/div>\n<\/div>\n<p><strong>Susisiekite su Amy ir gaukite tinkam\u0105 atsakym\u0105 bei vape kupon\u0105!<\/strong><\/p>\n<p><img loading=\"lazy\" decoding=\"async\" class=\"size-full wp-image-1978\" src=\"https:\/\/rmvapesale.com\/wp-content\/uploads\/2024\/09\/Disposable-Vape-Wholesale.jpg\" alt=\"Vienkartinis garintuvas didmenin\u0117 prekyba\" width=\"229\" height=\"300\" \/><\/p>\n<h3><a href=\"https:\/\/wa.me\/8617776015835\" target=\"_blank\" rel=\"noopener\"><span style=\"color: #ff0000\"><strong>WhatsApp: +86 17776015835<\/strong><\/span><\/a><\/h3>\n<h3><\/h3>\n<h3><strong style=\"font-size: 1.7em\">Bood Vape 30000 Puffs pagrindin\u0117s gaminio savyb\u0117s<\/strong><\/h3>\n<ul>\n<li><strong>Didelis \u012fp\u016btim\u0173 skai\u010dius:<\/strong> M\u0117gaukit\u0117s iki 30 000 \u012fp\u016btim\u0173, kad patenkintum\u0117te ilgam.<\/li>\n<li><strong>20 ml i\u0161 anksto u\u017epildyto e-skys\u010dio:<\/strong> U\u017etikrina ilg\u0105 garinimo patirt\u012f be papildymo.<\/li>\n<li><strong>\u012ekraunama 650 mAh baterija:<\/strong> Pastovus veikimas su C tipo greitu \u012fkrovimu.<\/li>\n<li><strong>Reguliuojama oro srov\u0117:<\/strong> Pritaikykite savo garinimo stili\u0173 naudodami tiksl\u0173 oro srauto valdym\u0105.<\/li>\n<li><strong>I\u0161manusis ekranas:<\/strong> Steb\u0117kite \u012fkv\u0117pim\u0173 skai\u010di\u0173 ir baterijos veikimo laik\u0105 realiuoju laiku.<\/li>\n<\/ul>\n<figure id=\"attachment_2978\" aria-describedby=\"caption-attachment-2978\" style=\"width: 1000px\" class=\"wp-caption alignnone\"><img loading=\"lazy\" decoding=\"async\" class=\"wp-image-2978 size-full\" src=\"https:\/\/rmvapesale.com\/wp-content\/uploads\/2025\/01\/BOOD-Infinity-30k-Vape-Price.webp\" alt=\"BOOD Infinity 30k Vape kaina\" width=\"1000\" height=\"1000\" srcset=\"https:\/\/rmvapesale.com\/wp-content\/uploads\/2025\/01\/BOOD-Infinity-30k-Vape-Price.webp 1000w, https:\/\/rmvapesale.com\/wp-content\/uploads\/2025\/01\/BOOD-Infinity-30k-Vape-Price-300x300.webp 300w, https:\/\/rmvapesale.com\/wp-content\/uploads\/2025\/01\/BOOD-Infinity-30k-Vape-Price-150x150.webp 150w, https:\/\/rmvapesale.com\/wp-content\/uploads\/2025\/01\/BOOD-Infinity-30k-Vape-Price-768x768.webp 768w, https:\/\/rmvapesale.com\/wp-content\/uploads\/2025\/01\/BOOD-Infinity-30k-Vape-Price-600x600.webp 600w, https:\/\/rmvapesale.com\/wp-content\/uploads\/2025\/01\/BOOD-Infinity-30k-Vape-Price-100x100.webp 100w\" sizes=\"auto, (max-width: 1000px) 100vw, 1000px\" \/><figcaption id=\"caption-attachment-2978\" class=\"wp-caption-text\">BOOD Infinity 30k Vape kaina<\/figcaption><\/figure>\n<h3><strong style=\"font-size: 1.7em\">Populiariausias Bood Vape 30000 \u012ftraukim\u0173 skonis<\/strong><strong style=\"font-size: 1.7em\"> Vape<\/strong><\/h3>\n<p>Su <strong>Bood Vape 30000 \u012ftraukim\u0173 vienkartinis garintuvas<\/strong> apjungia \u012fsp\u016bding\u0105 na\u0161um\u0105, i\u0161manias funkcijas ir prieinamum\u0105, tod\u0117l tai yra vienas i\u0161 <strong>populiariausi\u0173 vienkartini\u0173 garintuv\u0173<\/strong> galima \u012fsigyti. U\u017esisakykite \u0161iandien ir patirkite auk\u0161\u010diausios kokyb\u0117s garinim\u0105!<\/p>\n<p>1 BRA\u0160KI\u0172 ARB\u016aZAS <span style=\"color: #ff0000\"><strong>&gt;&gt;&gt;&gt; Kar\u0161tas !<\/strong><\/span><br \/>\n2 PERSIK\u0172 MANG\u0172 ANANASAS<br \/>\n3 VE\u0160LUS LEDAS<br \/>\n4 UOG\u0172 SPURTAS <span style=\"color: #ff0000\"><strong>&gt;&gt;&gt;&gt; Kar\u0161tas !<\/strong><\/span><br \/>\n5 BRA\u0160KI\u0172 KIWI<br \/>\n6 HAVAJAI<br \/>\n7 M\u0116LYNI\u0172 AVIE\u010cI\u0172 LEDAS <span style=\"color: #ff0000\"><strong>&gt;&gt;&gt;&gt; Geriausias !<\/strong><\/span><br \/>\n8 M\u0116LYNI\u0172 LIMONADAS<br \/>\n9 JUODAS LEDAS<br \/>\n10 TIFFANY<\/p>\n<h3><strong>Kod\u0117l verta rinktis Rmvapesale Bood Vape 30000 \u012ftraukimams\u00a0 <\/strong><strong>V<\/strong><strong>Didmenin\u0117 prekyba veipais<\/strong><strong>?<\/strong><\/h3>\n<div class=\"flex-shrink-0 flex flex-col relative items-end\">\n<div class=\"pt-0\">\n<div class=\"gizmo-bot-avatar flex h-8 w-8 items-center justify-center overflow-hidden rounded-full\">\n<p>Intensyv\u0117jant konkurencijai vienkartini\u0173 elektronini\u0173 cigare\u010di\u0173 rinkoje, Rmvapesale, pasaulin\u0117 vienkartini\u0173 gar\u0173 sprendim\u0173 didmenin\u0117s prekybos lyder\u0117, pristat\u0117 Bood Vape 30000 Puff Bar. \u0160is novatori\u0161kas produktas atkreipia d\u0117mes\u012f savo unikalia estetika ir mados dizainu. Si\u016blydamas plat\u0173 vaisi\u0173 skoni\u0173 pasirinkim\u0105, jis patenkina plat\u0173 vartotoj\u0173 skon\u012f, pabr\u0117\u017edamas naujoves ir universalum\u0105.<\/p>\n<p class=\"relative p-1 rounded-sm flex items-center justify-center bg-token-main-surface-primary text-token-text-primary h-8 w-8\">Rmvapesale yra j\u016bs\u0173 patikima vape parduotuv\u0117, kurioje rasite auk\u0161\u010diausios kokyb\u0117s vienkartinius vapes. Tur\u0117dami daugiau nei 5 met\u0173 patirt\u012f, si\u016blome jums populiarius vienkartini\u0173 vape preki\u0173 \u017eenklus, tokius kaip Al Fakher, JNR Vape, Vapsolo Vape, Vapme Vape, <a href=\"https:\/\/rmvapesale.com\/lt\/product-category\/bang-vapes\/\">Bang Vape<\/a>, Waspe Vape, WGA Vape ir<a href=\"https:\/\/rmvapesale.com\/lt\/product-category\/randm-fumot-vape\/\"> RandM Vape<\/a>.M\u016bs\u0173 asortimente yra populiari\u0173 vienkartini\u0173 garintuv\u0173, toki\u0173 kaip <a href=\"https:\/\/rmvapesale.com\/lt\/product\/waspe-crystal-40000-puffs-double-flavor-led-display-disposable-vape-bulk-buy\/\">WASPE Crystal 40000 \u012etraukimai<\/a> ir sodraus skonio pasirinkim\u0173, toki\u0173 kaip<a href=\"https:\/\/rmvapesale.com\/lt\/product\/aivono-fatman-15000-puffs-vape-disposable-e-cigarettes-mtl\/\"> AIVONO Shisha Hoohak 15000<\/a>. Kiekvienas produktas parenkamas atsi\u017evelgiant \u012f kokyb\u0119, vert\u0119 ir \u012fvairov\u0119, u\u017etikrinant, kad rastum\u0117te tobul\u0105 atitikmen\u012f savo poreikiams. Atraskite i\u0161skirtin\u012f aptarnavim\u0105 ir plat\u0173 auk\u0161\u010diausios kokyb\u0117s produkt\u0173 asortiment\u0105 \u201eRmvapesale\u201c.<\/p>\n<p class=\"relative p-1 rounded-sm flex items-center justify-center bg-token-main-surface-primary text-token-text-primary h-8 w-8\"><b style=\"font-size: 1.5em;font-style: inherit\">DUK apie Bood Vape 30000 <\/b><b style=\"font-size: 1.5em;font-style: inherit\">\u012ekraunamas vienkartinis veipas<\/b><\/p>\n<ol>\n<li><strong>Kur galiu \u012fsigyti Bood Vape 30000 Puff Bar didmenin\u0117mis kainomis?<\/strong>\n<ul>\n<li>Geriausiomis didmenin\u0117mis kainomis galite \u012fsigyti i\u0161 <a href=\"https:\/\/rmvapesale.com\/lt\/\" target=\"_new\" rel=\"noopener\">Rmvapesale<\/a>, si\u016blan\u010dio puikias nuolaidas perkant dideliais kiekiais.<\/li>\n<\/ul>\n<\/li>\n<li><strong>Kokie nikotino lygiai yra Bood Vape 30000?<\/strong>\n<ul>\n<li>Jis tiekiamas su 0%, 2% ir 5% nikotino stiprumu, atitinkan\u010diu \u012fvairius garinimo poreikius.<\/li>\n<\/ul>\n<\/li>\n<li><strong>Kaip veikia reguliuojamas oro srautas?<\/strong>\n<ul>\n<li>Oro srauto valdymas leid\u017eia jums pritaikyti savo traukim\u0105 nuo grie\u017eto iki erdvaus, kad patirtis b\u016bt\u0173 asmeni\u0161ka.<\/li>\n<\/ul>\n<\/li>\n<li><strong>Kiek laiko veikia \u012fkraunama baterija?<\/strong>\n<ul>\n<li>650 mAh baterija u\u017etikrina ilgalaik\u012f veikim\u0105 ir gali b\u016bti greitai \u012fkrauta naudojant C tipo prievad\u0105.<\/li>\n<\/ul>\n<\/li>\n<li><strong>Kokie skoniai yra \u201eBood Vape 30000 Puff Bar\u201c?<\/strong>\n<ul>\n<li>Galima rinktis i\u0161 10 nuostabi\u0173 skoni\u0173, si\u016blan\u010di\u0173 \u012fvairi\u0173 variant\u0173, atitinkan\u010di\u0173 skirtingus skonio pageidavimus.<\/li>\n<\/ul>\n<\/li>\n<\/ol>\n<\/div>\n<\/div>\n<\/div>\n<h2>Kaip u\u017esisakyti?<\/h2>\n<div class=\"flex-shrink-0 flex flex-col relative items-end\">\n<div class=\"pt-0\">\n<div class=\"gizmo-bot-avatar flex h-8 w-8 items-center justify-center overflow-hidden rounded-full\">\n<div>\n<p><strong>1. Kokius mok\u0117jimo b\u016bdus priimate?<\/strong><br \/>\n<span class=\"selectable-text copyable-text false\">Apmok\u0117jimui si\u016blome banko pavedim\u0105 ir \u201eWestern Union\u201c. Dauguma m\u016bs\u0173 klient\u0173 Europoje renkasi banko pavedim\u0105, turime vietin\u0119 banko s\u0105skait\u0105, \u012f kuri\u0105 galite sumok\u0117ti \u012f m\u016bs\u0173 IBAN s\u0105skait\u0105 be aptarnavimo mokes\u010dio. <\/span>.<\/p>\n<p><strong>2. Kaip galiu sekti savo u\u017esakym\u0105?<\/strong><br \/>\nI\u0161siuntus paket\u0105, <span class=\"selectable-text copyable-text false\">pateiksime sekimo numer\u012f, taip pat nuolat atnaujinsime b\u016bsen\u0105, kol gausite krovin\u012f<\/span>.<\/p>\n<p><strong>3. Kiek laiko u\u017etrunka pristatymas?<\/strong><\/p>\n<ul>\n<li>Siuntimas i\u0161 <strong>Kinijos sand\u0117li\u0173<\/strong> u\u017etrunka ma\u017edaug <strong>7-14 darbo dien\u0173<\/strong>.<\/li>\n<li>Siuntimas i\u0161 <strong>Europos sand\u0117liai<\/strong> paprastai trunka <strong>3-6 darbo dienas<\/strong>.<\/li>\n<\/ul>\n<p><strong>4. Kaip gauti greitesn\u012f pristatym\u0105?<\/strong><br \/>\nNor\u0117dami greitesnio pristatymo, rekomenduojame u\u017esisakyti i\u0161 m\u016bs\u0173 <strong>Europos sand\u0117lio<\/strong>, kuris si\u016blo greitesn\u012f pristatymo laik\u0105.<\/p>\n<p><strong>5. K\u0105 daryti, jei gaunu pa\u017eeist\u0105 ar brokuot\u0105 prek\u0119?<\/strong><br \/>\nJei j\u016bs\u0173 prek\u0117 yra pa\u017eeista ar brokuota, susisiekite su klient\u0173 aptarnavimo tarnyba d\u0117l <strong>pakeitimo arba pinig\u0173 gr\u0105\u017einimo<\/strong>.<\/p>\n<p><strong>6. Kaip susisiekti su klient\u0173 aptarnavimo tarnyba?<\/strong><br \/>\nSu mumis galite susisiekti per<strong>\u00a0WhatsApp arba tiesiogin\u012f pokalb\u012f<\/strong> m\u016bs\u0173 svetain\u0117je, jei jums reikia pagalbos.<\/p>\n<\/div>\n<div class=\"relative p-1 rounded-sm flex items-center justify-center bg-token-main-surface-primary text-token-text-primary h-8 w-8\"><strong>7. Kokie siuntimo b\u016bdai naudojami?<\/strong><\/div>\n<\/div>\n<\/div>\n<\/div>\n<div class=\"group\/conversation-turn relative flex w-full min-w-0 flex-col agent-turn\">\n<div class=\"flex-col gap-1 md:gap-3\">\n<div class=\"flex max-w-full flex-col flex-grow\">\n<div class=\"min-h-[20px] text-message flex w-full flex-col items-end gap-2 whitespace-normal break-words [.text-message+&amp;]:mt-5 overflow-x-auto\" dir=\"auto\" data-message-author-role=\"assistant\" data-message-id=\"22f8283b-3233-46ff-89a5-c7a41b33abda\">\n<div class=\"flex w-full flex-col gap-1 empty:hidden first:pt-[3px]\">\n<div class=\"markdown prose w-full break-words dark:prose-invert light\">\n<p>Mes bendradarbiaujame su UPS, DHL, FedEx, DPD ir kitais pirmaujan\u010diais ve\u017e\u0117jais. Mes parinksime geriausi\u0105 siuntimo b\u016bd\u0105, atsi\u017evelgdami \u012f j\u016bs\u0173 pristatymo viet\u0105, kad u\u017etikrintume, jog gaminiai jus pasieks kuo grei\u010diau.<\/p>\n<\/div>\n<\/div>\n<\/div>\n<\/div>\n<\/div>\n<\/div>\n<p>Raskite daugiau garintuv\u0173, kurie jums gali patikti:<strong><em><a href=\"https:\/\/rmvapesale.com\/lt\/shop-2\/\">pirkti dabar &gt;&gt;&gt;<\/a><\/em><\/strong><\/p>","protected":false},"excerpt":{"rendered":"<p>Bood Vape 30000 30k P\u016bsl\u0117s Bar \u012ekraunamas Vienkartinis Vape Pigiai<br \/>\nBood Vape 30000 Kar\u0161tas Pardavimas Vienkartinis Vape Pie\u0161tukas Didmenin\u0117 Pirkimas<br \/>\nBood Vape 30000 LED Ekranas I\u0161manusis Ekranas Vienkartinis Vape Didmenin\u0117<\/p>\n<p><strong>Susisiekite su Amy ir gaukite tinkam\u0105 atsakym\u0105 bei vape kupon\u0105!<\/strong><\/p>\n<p><img loading=\"lazy\" decoding=\"async\" class=\"size-full wp-image-2375\" src=\"https:\/\/rmvapesale.com\/wp-content\/uploads\/2024\/10\/image.png\" alt=\"Geriausias Vienkartinis Vape\" width=\"229\" height=\"300\" \/><\/p>\n<h3><a href=\"https:\/\/wa.me\/8617776015835\"><span style=\"color: #ff0000\"><strong>WhatsApp: +86 17776015835<\/strong><\/span><\/a><\/h3>\n<p>&nbsp;<\/p>","protected":false},"featured_media":2977,"comment_status":"open","ping_status":"closed","template":"","meta":{"_uag_custom_page_level_css":"","_lmt_disableupdate":"no","_lmt_disable":"","site-sidebar-layout":"default","site-content-layout":"content-boxed-container","ast-site-content-layout":"normal-width-container","site-content-style":"boxed","site-sidebar-style":"unboxed","ast-global-header-display":"","ast-banner-title-visibility":"","ast-main-header-display":"","ast-hfb-above-header-display":"","ast-hfb-below-header-display":"","ast-hfb-mobile-header-display":"","site-post-title":"","ast-breadcrumbs-content":"","ast-featured-img":"","footer-sml-layout":"","theme-transparent-header-meta":"default","adv-header-id-meta":"","stick-header-meta":"","header-above-stick-meta":"","header-main-stick-meta":"","header-below-stick-meta":"","astra-migrate-meta-layouts":"set","ast-page-background-enabled":"default","ast-page-background-meta":{"desktop":{"background-color":"var(--ast-global-color-4)","background-image":"","background-repeat":"repeat","background-position":"center center","background-size":"auto","background-attachment":"scroll","background-type":"","background-media":"","overlay-type":"","overlay-color":"","overlay-opacity":"","overlay-gradient":""},"tablet":{"background-color":"","background-image":"","background-repeat":"repeat","background-position":"center center","background-size":"auto","background-attachment":"scroll","background-type":"","background-media":"","overlay-type":"","overlay-color":"","overlay-opacity":"","overlay-gradient":""},"mobile":{"background-color":"","background-image":"","background-repeat":"repeat","background-position":"center center","background-size":"auto","background-attachment":"scroll","background-type":"","background-media":"","overlay-type":"","overlay-color":"","overlay-opacity":"","overlay-gradient":""}},"ast-content-background-meta":{"desktop":{"background-color":"var(--ast-global-color-5)","background-image":"","background-repeat":"repeat","background-position":"center center","background-size":"auto","background-attachment":"scroll","background-type":"","background-media":"","overlay-type":"","overlay-color":"","overlay-opacity":"","overlay-gradient":""},"tablet":{"background-color":"var(--ast-global-color-5)","background-image":"","background-repeat":"repeat","background-position":"center center","background-size":"auto","background-attachment":"scroll","background-type":"","background-media":"","overlay-type":"","overlay-color":"","overlay-opacity":"","overlay-gradient":""},"mobile":{"background-color":"var(--ast-global-color-5)","background-image":"","background-repeat":"repeat","background-position":"center center","background-size":"auto","background-attachment":"scroll","background-type":"","background-media":"","overlay-type":"","overlay-color":"","overlay-opacity":"","overlay-gradient":""}},"_joinchat":[]},"product_brand":[],"product_cat":[15,289,290,291,292,293,295,299,265,253,25,123,26,28,135,27,137,136,30],"product_tag":[146,305,222,64,40,111,306],"class_list":{"0":"post-3013","1":"product","2":"type-product","3":"status-publish","4":"has-post-thumbnail","6":"product_cat-new-vape-this-week","7":"product_cat-big-puffs-disposable-vapes","8":"product_cat-crystal-disposable-vapes","9":"product_cat-dual-mesh-disposable-vapes","10":"product_cat-digital-disposable-vapes","11":"product_cat-low-nicotine-disposable-vapes","12":"product_cat-rechargeable-disposable-vapes","13":"product_cat-smart-screen-disposable-vapes","14":"product_cat-bood-disposable-vape","15":"product_cat-15000-puff-disposable-vape","16":"product_cat-germany-best-selling-vape","17":"product_cat-italy-wholesale-vape","18":"product_cat-netherlands-hot-sale-vape","19":"product_cat-poland-hot-sale-vape","20":"product_cat-spain-best-hot-sale-vape","21":"product_cat-fance-hot-sale-vape","22":"product_cat-rechargeable-vapes","23":"product_cat-smart-screen-vapes","24":"product_cat-minimum-order-quantity-50pcs","25":"product_tag-best-hot-sale-vape","26":"product_tag-bood-vape-30000","27":"product_tag-double-flavor-vape","28":"product_tag-dual-flavour-vape","29":"product_tag-hot-sale-vape","30":"product_tag-low-nicotine-disposable-vape","31":"product_tag-puff-bar","32":"desktop-align-left","33":"tablet-align-left","34":"mobile-align-left","36":"first","37":"instock","38":"sale","39":"shipping-taxable","40":"purchasable","41":"product-type-simple"},"uagb_featured_image_src":{"full":["https:\/\/rmvapesale.com\/wp-content\/uploads\/2025\/01\/Best-Bood-Infinity-30000-Puff-Rechargeable-Disposable-Vape.webp",1000,1000,false],"thumbnail":["https:\/\/rmvapesale.com\/wp-content\/uploads\/2025\/01\/Best-Bood-Infinity-30000-Puff-Rechargeable-Disposable-Vape-150x150.webp",150,150,true],"medium":["https:\/\/rmvapesale.com\/wp-content\/uploads\/2025\/01\/Best-Bood-Infinity-30000-Puff-Rechargeable-Disposable-Vape-300x300.webp",300,300,true],"medium_large":["https:\/\/rmvapesale.com\/wp-content\/uploads\/2025\/01\/Best-Bood-Infinity-30000-Puff-Rechargeable-Disposable-Vape-768x768.webp",768,768,true],"large":["https:\/\/rmvapesale.com\/wp-content\/uploads\/2025\/01\/Best-Bood-Infinity-30000-Puff-Rechargeable-Disposable-Vape.webp",1000,1000,false],"1536x1536":["https:\/\/rmvapesale.com\/wp-content\/uploads\/2025\/01\/Best-Bood-Infinity-30000-Puff-Rechargeable-Disposable-Vape.webp",1000,1000,false],"2048x2048":["https:\/\/rmvapesale.com\/wp-content\/uploads\/2025\/01\/Best-Bood-Infinity-30000-Puff-Rechargeable-Disposable-Vape.webp",1000,1000,false],"trp-custom-language-flag":["https:\/\/rmvapesale.com\/wp-content\/uploads\/2025\/01\/Best-Bood-Infinity-30000-Puff-Rechargeable-Disposable-Vape.webp",12,12,false],"woocommerce_thumbnail":["https:\/\/rmvapesale.com\/wp-content\/uploads\/2025\/01\/Best-Bood-Infinity-30000-Puff-Rechargeable-Disposable-Vape-300x300.webp",300,300,true],"woocommerce_single":["https:\/\/rmvapesale.com\/wp-content\/uploads\/2025\/01\/Best-Bood-Infinity-30000-Puff-Rechargeable-Disposable-Vape-600x600.webp",600,600,true],"woocommerce_gallery_thumbnail":["https:\/\/rmvapesale.com\/wp-content\/uploads\/2025\/01\/Best-Bood-Infinity-30000-Puff-Rechargeable-Disposable-Vape-100x100.webp",100,100,true],"wcpr-photo-reviews":["https:\/\/rmvapesale.com\/wp-content\/uploads\/2025\/01\/Best-Bood-Infinity-30000-Puff-Rechargeable-Disposable-Vape.webp",500,500,false]},"uagb_author_info":{"display_name":"AMY","author_link":"https:\/\/rmvapesale.com\/lt\/author\/"},"uagb_comment_info":0,"uagb_excerpt":"Bood Vape 30000 30k Puff Bar Rechargeable Disposable Vape Cheap Price Bood Vape 30000 Hot Sale Disposable Vape Pen Bulk Buy Bood Vape 30000 LED Display Smart Screen Disposable Vape Wholesale Contact Amy to get right reply and vape coupon! WhatsApp: +86 17776015835 &nbsp;","_links":{"self":[{"href":"https:\/\/rmvapesale.com\/lt\/wp-json\/wp\/v2\/product\/3013","targetHints":{"allow":["GET"]}}],"collection":[{"href":"https:\/\/rmvapesale.com\/lt\/wp-json\/wp\/v2\/product"}],"about":[{"href":"https:\/\/rmvapesale.com\/lt\/wp-json\/wp\/v2\/types\/product"}],"replies":[{"embeddable":true,"href":"https:\/\/rmvapesale.com\/lt\/wp-json\/wp\/v2\/comments?post=3013"}],"wp:featuredmedia":[{"embeddable":true,"href":"https:\/\/rmvapesale.com\/lt\/wp-json\/wp\/v2\/media\/2977"}],"wp:attachment":[{"href":"https:\/\/rmvapesale.com\/lt\/wp-json\/wp\/v2\/media?parent=3013"}],"wp:term":[{"taxonomy":"product_brand","embeddable":true,"href":"https:\/\/rmvapesale.com\/lt\/wp-json\/wp\/v2\/product_brand?post=3013"},{"taxonomy":"product_cat","embeddable":true,"href":"https:\/\/rmvapesale.com\/lt\/wp-json\/wp\/v2\/product_cat?post=3013"},{"taxonomy":"product_tag","embeddable":true,"href":"https:\/\/rmvapesale.com\/lt\/wp-json\/wp\/v2\/product_tag?post=3013"}],"curies":[{"name":"wp","href":"https:\/\/api.w.org\/{rel}","templated":true}]}}