{"id":3014,"date":"2025-01-30T07:39:46","date_gmt":"2025-01-30T07:39:46","guid":{"rendered":"https:\/\/rmvapesale.com\/?post_type=product&#038;p=3014"},"modified":"2025-01-23T08:01:17","modified_gmt":"2025-01-23T08:01:17","slug":"bang-box-30000-30k-puffs-double-taste-rechargeable-disposable-vape-0-2-5-nicotine-led-display-factory-price","status":"publish","type":"product","link":"https:\/\/rmvapesale.com\/lt\/product\/bang-box-30000-30k-puffs-double-taste-rechargeable-disposable-vape-0-2-5-nicotine-led-display-factory-price\/","title":{"rendered":"Bang Box 30000 30k \u012ftraukim\u0173 dvigubo skonio \u012fkraunamas vienkartinis garintuvas 0% 2% 5% nikotino LED ekranas, gamyklos kaina"},"content":{"rendered":"<div class=\"B2VR9 CJHX3e\">\n<div class=\"wyccme\">\n<div class=\"flex-shrink-0 flex flex-col relative items-end\">\n<div class=\"pt-0\">\n<div class=\"gizmo-bot-avatar flex h-8 w-8 items-center justify-center overflow-hidden rounded-full\">\n<div class=\"relative p-1 rounded-sm flex items-center justify-center bg-token-main-surface-primary text-token-text-primary h-8 w-8\">\n<div class=\"flex-shrink-0 flex flex-col relative items-end\">\n<div class=\"pt-0\">\n<div class=\"gizmo-bot-avatar flex h-8 w-8 items-center justify-center overflow-hidden rounded-full\">\n<div class=\"flex-shrink-0 flex flex-col relative items-end\">\n<div class=\"pt-0\">\n<div class=\"gizmo-bot-avatar flex h-8 w-8 items-center justify-center overflow-hidden rounded-full\">\n<h1 class=\"relative p-1 rounded-sm flex items-center justify-center bg-token-main-surface-primary text-token-text-primary h-8 w-8\">Bang Box 30000 30k \u012ftraukim\u0173 dvigubo skonio \u012fkraunamas vienkartinis garintuvas 0% 2% 5% nikotino LED ekranas, gamyklos kaina<\/h1>\n<\/div>\n<\/div>\n<\/div>\n<\/div>\n<\/div>\n<\/div>\n<\/div>\n<\/div>\n<\/div>\n<\/div>\n<div class=\"group\/conversation-turn relative flex w-full min-w-0 flex-col agent-turn\">\n<div class=\"flex-col gap-1 md:gap-3\">\n<div class=\"flex max-w-full flex-col flex-grow\">\n<div class=\"min-h-8 text-message flex w-full flex-col items-end gap-2 whitespace-normal break-words text-start [.text-message+&amp;]:mt-5\" dir=\"auto\" data-message-author-role=\"assistant\" data-message-id=\"80ece0c4-ead1-4ed9-a9f0-ddc22582b4f4\" data-message-model-slug=\"gpt-4o\">\n<p>Su <strong>Bang Box 30000 Puffs Dvigubo Skonio \u012ekraunamas Vienkartinis Garintuvas<\/strong> yra geriausias pasirinkimas garintojams, ie\u0161kantiems <strong>ilgalaikio veikimo, pritaikom\u0173 funkcij\u0173 ir neprilygstamos didmenin\u0117s kainos<\/strong>. Sukurtas suteikti iki <strong>30 000 \u012fkv\u0117pim\u0173<\/strong>, \u0161is <strong>\u012fkraunamas garintuvas<\/strong> suteikia ilgalaik\u0119 garinimo patirt\u012f su novatori\u0161ka <strong>Dvigubo Skonio<\/strong> funkcija, leid\u017eian\u010dia m\u0117gautis <strong>dviem skoniais viename \u012frenginyje<\/strong>.<\/p>\n<p>I\u0161 anksto u\u017epildytas did\u017eiuliu <strong>36 ml e-skys\u010dio<\/strong>, Bang 30K u\u017etikrina nuolatin\u012f malonum\u0105 be da\u017eno pildymo r\u016bpes\u010di\u0173. Nesvarbu, ar esate <strong>\u017eemo nikotino garintuv\u0173<\/strong> gerb\u0117jas, ar pageidaujate stipresnio sm\u016bgio, \u0161is \u012frenginys si\u016blo universalias <strong>nikotino stiprumo parinktis<\/strong>, galimas <strong>0%, 2%, 3% ir 5%<\/strong>, atitinkan\u010dias kiekvien\u0105 pageidavim\u0105.<\/p>\n<p>\u012erengtas su <strong>1,0 \u03a9 tinklelio rit\u0117<\/strong>, garintuvas suteikia \u0161velnius, aromatingus garus su kiekvienu \u012fkv\u0117pimu. The <strong>reguliuojamas oro srautas<\/strong> sistema leid\u017eia jums pritaikyti savo traukim\u0105, si\u016blant arba grie\u017et\u0105, intensyv\u0173 \u012fkv\u0117pim\u0105, arba laisvesn\u0119, debesimis u\u017epildyt\u0105 patirt\u012f.<\/p>\n<p>I\u0161manusis <strong>LED ekranas<\/strong> nuolat informuoja apie akumuliatoriaus ir e. skys\u010dio lygius, u\u017etikrindamas, kad visada kontroliuotum\u0117te situacij\u0105. Su <strong>550 mAh \u012fkraunama baterija<\/strong> ir a <strong>C tipo \u012fkrovimo prievadas<\/strong>m\u0117gausit\u0117s greitu, efektyviu \u012fkrovimu, kad j\u016bs\u0173 garintuvas visada b\u016bt\u0173 paruo\u0161tas, kai tik prireiks.<\/p>\n<p>Puikiai tinka <strong>vienkartini\u0173 gar\u0173 pirk\u0117jai didmenin\u0117mis kainomis<\/strong>, \u0161\u012f \u012frengin\u012f galima \u012fsigyti u\u017e <strong>gamyklin\u0119 kain\u0105<\/strong>, tod\u0117l tai puikus pasirinkimas tiek ma\u017emenininkams, tiek individualiems garintojams, norintiems <strong>pirkti urmu<\/strong>.<\/p>\n<\/div>\n<\/div>\n<\/div>\n<\/div>\n<div class=\"flex-shrink-0 flex flex-col relative items-end\">\n<div class=\"pt-0\">\n<div class=\"gizmo-bot-avatar flex h-8 w-8 items-center justify-center overflow-hidden rounded-full\">\n<p>&nbsp;<\/p>\n<\/div>\n<\/div>\n<\/div>\n<\/div>\n<\/div>\n<p><strong>Susisiekite su Amy ir gaukite tinkam\u0105 atsakym\u0105 bei vape kupon\u0105!<\/strong><\/p>\n<p><img loading=\"lazy\" decoding=\"async\" class=\"size-full wp-image-1978\" src=\"https:\/\/rmvapesale.com\/wp-content\/uploads\/2024\/09\/Disposable-Vape-Wholesale.jpg\" alt=\"Vienkartinis garintuvas didmenin\u0117 prekyba\" width=\"229\" height=\"300\" \/><\/p>\n<h3><a href=\"https:\/\/wa.me\/8617776015835\" target=\"_blank\" rel=\"noopener\"><span style=\"color: #ff0000\"><strong>WhatsApp: +86 17776015835<\/strong><\/span><\/a><\/h3>\n<h3><\/h3>\n<h3><strong style=\"font-size: 1.7em\">Bang Box 30000 30k \u012fkv\u0117pim\u0173 pagrindin\u0117s gaminio savyb\u0117s<\/strong><\/h3>\n<ul>\n<li><strong>30 000 \u012fkv\u0117pim\u0173 talpa:<\/strong> M\u0117gaukit\u0117s ilgalaikiu garinimu be nuolatinio keitimo.<\/li>\n<li><strong>36 ml i\u0161 anksto u\u017epildyto e. skys\u010dio:<\/strong> Didel\u0117 talpa nepertraukiamam garinimo potyriui.<\/li>\n<li><strong>Dvigubo skonio funkcija:<\/strong> Perjunkite du skirtingus skonius, kad kiekvienas \u012fkv\u0117pimas b\u016bt\u0173 \u012fvairesnis.<\/li>\n<li><strong>Nikotino parinktys:<\/strong> Galimi 0%, 2%, 3% ir 5% stiprumai, atitinkantys skirtingus pageidavimus.<\/li>\n<li><strong>\u012ekraunama baterija:<\/strong> 550 mAh baterija su C tipo greituoju \u012fkrovimu patogumui.<\/li>\n<li><strong>I\u0161manusis LED ekranas:<\/strong> Lengvai steb\u0117kite akumuliatoriaus veikimo laik\u0105 ir e. skys\u010dio lygius.<\/li>\n<li><strong>Reguliuojama oro srov\u0117:<\/strong> Pritaikykite savo \u012fkv\u0117pim\u0105 skirtingais oro srauto nustatymais<\/li>\n<\/ul>\n<p><img loading=\"lazy\" decoding=\"async\" class=\"wp-image-2984 size-full\" src=\"https:\/\/rmvapesale.com\/wp-content\/uploads\/2025\/01\/Bang-Box-30000-Puffs-Disposable-Vape-Bulk-Buy.webp\" alt=\"Bang Box 30000 Puffs vienkartini\u0173 garintuv\u0173 pirkimas urmu\" width=\"1000\" height=\"1000\" srcset=\"https:\/\/rmvapesale.com\/wp-content\/uploads\/2025\/01\/Bang-Box-30000-Puffs-Disposable-Vape-Bulk-Buy.webp 1000w, https:\/\/rmvapesale.com\/wp-content\/uploads\/2025\/01\/Bang-Box-30000-Puffs-Disposable-Vape-Bulk-Buy-300x300.webp 300w, https:\/\/rmvapesale.com\/wp-content\/uploads\/2025\/01\/Bang-Box-30000-Puffs-Disposable-Vape-Bulk-Buy-150x150.webp 150w, https:\/\/rmvapesale.com\/wp-content\/uploads\/2025\/01\/Bang-Box-30000-Puffs-Disposable-Vape-Bulk-Buy-768x768.webp 768w, https:\/\/rmvapesale.com\/wp-content\/uploads\/2025\/01\/Bang-Box-30000-Puffs-Disposable-Vape-Bulk-Buy-600x600.webp 600w, https:\/\/rmvapesale.com\/wp-content\/uploads\/2025\/01\/Bang-Box-30000-Puffs-Disposable-Vape-Bulk-Buy-100x100.webp 100w\" sizes=\"auto, (max-width: 1000px) 100vw, 1000px\" \/><\/p>\n<h3><strong style=\"font-size: 1.7em\">Populiariausias Bang Box 30000 30k Puff skonis<\/strong><strong style=\"font-size: 1.7em\">\u00a0Vape<\/strong><\/h3>\n<p>1. Bra\u0161ki\u0173 ir kivi\u0173 \/ Arb\u016bz\u0173 ledas<br \/>\n2. Bra\u0161ki\u0173 ir kivi\u0173 \/ Bra\u0161ki\u0173 ir arb\u016bz\u0173 <span style=\"color: #ff0000\"><strong>&gt;&gt;&gt;&gt; Kar\u0161tas !<\/strong><\/span><br \/>\n3. Persik\u0173 sultys \/ M\u0117lyni\u0173 ledas<br \/>\n4. M\u0117lyni\u0173 ledas \/ Kivi\u0173 pasiflor\u0173 gvajava<br \/>\n5. M\u0117lyni\u0173 r\u016bg\u0161\u010di\u0173j\u0173 avie\u010di\u0173 ledas \/ Mi\u0161r\u016bs vaisiai <span style=\"color: #ff0000\"><strong>&gt;&gt;&gt;&gt; Kar\u0161tas !<\/strong><\/span><br \/>\n6. Trigub\u0173 uog\u0173 ledas \/ Bra\u0161ki\u0173 ir mang\u0173<br \/>\n7. Arb\u016bz\u0173 kramtomoji guma \/ Bra\u0161ki\u0173 ir arb\u016bz\u0173<br \/>\n8. M\u0117lyni\u0173 ledas \/ Arb\u016bz\u0173 ledas<br \/>\n9. Bra\u0161ki\u0173 ir arb\u016bz\u0173 \/ Kivi\u0173 pasiflor\u0173 gvajava<br \/>\n10. Juodojo drakono ledai \/ Mango persik\u0173 arb\u016bzas<br \/>\n11. M\u0117lyni\u0173 avie\u010di\u0173 ledai \/ Dvigubos vynuog\u0117s<br \/>\n12. M\u0117lyni\u0173 avie\u010di\u0173 ledai \/ Bra\u0161ki\u0173 mango <span style=\"color: #ff0000\"><strong>&gt;&gt;&gt;&gt; Geriausias !<\/strong><\/span><\/p>\n<h3><strong>Kod\u0117l verta rinktis Rmvapesale Bang Box 30k Puffs? <\/strong><strong>V<\/strong><strong>Didmenin\u0117 prekyba veipais<\/strong><strong>?<\/strong><\/h3>\n<div class=\"flex-shrink-0 flex flex-col relative items-end\">\n<div class=\"pt-0\">\n<div class=\"gizmo-bot-avatar flex h-8 w-8 items-center justify-center overflow-hidden rounded-full\">\n<p>Did\u0117jant konkurencijai vienkartini\u0173 elektronini\u0173 cigare\u010di\u0173 rinkoje, Rmvapesale, pasaulin\u0117 vienkartini\u0173 gar\u0173 sprendim\u0173 didmenin\u0117s prekybos lyder\u0117, pristat\u0117 Bang Box 30000 30k Puffs dvigubo skonio \u012fkraunam\u0105 vienkartin\u012f garintuv\u0105. \u0160is novatori\u0161kas produktas atkreipia d\u0117mes\u012f savo unikalia estetika ir mados dizainu. Si\u016blydamas plat\u0173 vaisi\u0173 skoni\u0173 pasirinkim\u0105, jis patenkina plat\u0173 vartotoj\u0173 skon\u012f, pabr\u0117\u017edamas naujoves ir universalum\u0105.<\/p>\n<p class=\"relative p-1 rounded-sm flex items-center justify-center bg-token-main-surface-primary text-token-text-primary h-8 w-8\">Rmvapesale yra j\u016bs\u0173 patikima vape parduotuv\u0117, kurioje rasite auk\u0161\u010diausios kokyb\u0117s vienkartinius vapes. Tur\u0117dami daugiau nei 5 met\u0173 patirt\u012f, si\u016blome jums populiarius vienkartini\u0173 vape preki\u0173 \u017eenklus, tokius kaip Al Fakher, JNR Vape, Vapsolo Vape, Vapme Vape, <a href=\"https:\/\/rmvapesale.com\/lt\/product-category\/bang-vapes\/\">Bang Vape<\/a>, Waspe Vape, WGA Vape ir<a href=\"https:\/\/rmvapesale.com\/lt\/product-category\/randm-fumot-vape\/\"> RandM Vape<\/a>.M\u016bs\u0173 asortimente yra populiari\u0173 vienkartini\u0173 garintuv\u0173, toki\u0173 kaip <a href=\"https:\/\/rmvapesale.com\/lt\/product\/vopk-tornado-15000-puffs-disposable-vape-led-display\/\">VOPK Tornado 15000 \u012ftraukim\u0173<\/a> ir sodraus skonio pasirinkim\u0173, toki\u0173 kaip<a href=\"https:\/\/rmvapesale.com\/lt\/product\/waspe-15000-puffs-digital-box-original-wholesale\/\"> WASPE 15000 PUFFS<\/a>. Kiekvienas produktas parenkamas atsi\u017evelgiant \u012f kokyb\u0119, vert\u0119 ir \u012fvairov\u0119, u\u017etikrinant, kad rastum\u0117te tobul\u0105 atitikmen\u012f savo poreikiams. Atraskite i\u0161skirtin\u012f aptarnavim\u0105 ir plat\u0173 auk\u0161\u010diausios kokyb\u0117s produkt\u0173 asortiment\u0105 \u201eRmvapesale\u201c.<\/p>\n<p class=\"relative p-1 rounded-sm flex items-center justify-center bg-token-main-surface-primary text-token-text-primary h-8 w-8\"><b style=\"font-size: 1.5em;font-style: inherit\">DUK apie BangBox 30000 30k Puffs <\/b><b style=\"font-size: 1.5em;font-style: inherit\">\u012ekraunamas vienkartinis veipas<\/b><\/p>\n<ol>\n<li><strong>Kur galiu \u012fsigyti Bang 30000 Puffs vienkartin\u012f garintuv\u0105 didmenin\u0117mis kainomis?<\/strong>\n<ul>\n<li>Galite \u012fsigyti j\u012f gamyklos kainomis i\u0161 <a href=\"https:\/\/rmvapesale.com\/lt\/\" target=\"_new\" rel=\"noopener\">Rmvapesale<\/a>, si\u016blanti geriausius didmeninius pasi\u016blymus ma\u017emenininkams ir platintojams.<\/li>\n<\/ul>\n<\/li>\n<li><strong>Kaip veikia dvigubo skonio funkcija?<\/strong>\n<ul>\n<li>\u012erenginys leid\u017eia perjungti du skonius, suteikiant unikali\u0105 ir dinami\u0161k\u0105 garinimo patirt\u012f.<\/li>\n<\/ul>\n<\/li>\n<li><strong>Koks nikotino kiekis yra \u0161iame vienkartiniame garintuve?<\/strong>\n<ul>\n<li>Bang 30K yra 0%, 2%, 3% ir 5% nikotino stiprumo, atitinkan\u010dio skirtingus garinimo pageidavimus.<\/li>\n<\/ul>\n<\/li>\n<li><strong>Ar Bang 30000 Puffs garintuvas yra \u012fkraunamas?<\/strong>\n<ul>\n<li>Taip, jame yra 550 mAh \u012fkraunama baterija su C tipo \u012fkrovimo prievadu, kad b\u016bt\u0173 galima greitai ir efektyviai \u012fkrauti.<\/li>\n<\/ul>\n<\/li>\n<li><strong>Ar \u012frenginyje yra oro srauto reguliavimo funkcija?<\/strong>\n<ul>\n<li>Taip, reguliuojamas oro srauto valdymas leid\u017eia pritaikyti savo garinimo stili\u0173 nuo grie\u017et\u0173 traukim\u0173 iki erdvi\u0173 debes\u0173.<\/li>\n<\/ul>\n<\/li>\n<\/ol>\n<\/div>\n<\/div>\n<\/div>\n<h2>Kaip u\u017esisakyti?<\/h2>\n<div class=\"flex-shrink-0 flex flex-col relative items-end\">\n<div class=\"pt-0\">\n<div class=\"gizmo-bot-avatar flex h-8 w-8 items-center justify-center overflow-hidden rounded-full\">\n<div>\n<p><strong>1. Kokius mok\u0117jimo b\u016bdus priimate?<\/strong><br \/>\n<span class=\"selectable-text copyable-text false\">Apmok\u0117jimui si\u016blome banko pavedim\u0105 ir \u201eWestern Union\u201c. Dauguma m\u016bs\u0173 klient\u0173 Europoje renkasi banko pavedim\u0105, turime vietin\u0119 banko s\u0105skait\u0105, \u012f kuri\u0105 galite sumok\u0117ti \u012f m\u016bs\u0173 IBAN s\u0105skait\u0105 be aptarnavimo mokes\u010dio. <\/span>.<\/p>\n<p><strong>2. Kaip galiu sekti savo u\u017esakym\u0105?<\/strong><br \/>\nI\u0161siuntus paket\u0105, <span class=\"selectable-text copyable-text false\">pateiksime sekimo numer\u012f, taip pat nuolat atnaujinsime b\u016bsen\u0105, kol gausite krovin\u012f<\/span>.<\/p>\n<p><strong>3. Kiek laiko u\u017etrunka pristatymas?<\/strong><\/p>\n<ul>\n<li>Siuntimas i\u0161 <strong>Kinijos sand\u0117li\u0173<\/strong> u\u017etrunka ma\u017edaug <strong>7-14 darbo dien\u0173<\/strong>.<\/li>\n<li>Siuntimas i\u0161 <strong>Europos sand\u0117liai<\/strong> paprastai trunka <strong>3-6 darbo dienas<\/strong>.<\/li>\n<\/ul>\n<p><strong>4. Kaip gauti greitesn\u012f pristatym\u0105?<\/strong><br \/>\nNor\u0117dami greitesnio pristatymo, rekomenduojame u\u017esisakyti i\u0161 m\u016bs\u0173 <strong>Europos sand\u0117lio<\/strong>, kuris si\u016blo greitesn\u012f pristatymo laik\u0105.<\/p>\n<p><strong>5. K\u0105 daryti, jei gaunu pa\u017eeist\u0105 ar brokuot\u0105 prek\u0119?<\/strong><br \/>\nJei j\u016bs\u0173 prek\u0117 yra pa\u017eeista ar brokuota, susisiekite su klient\u0173 aptarnavimo tarnyba d\u0117l <strong>pakeitimo arba pinig\u0173 gr\u0105\u017einimo<\/strong>.<\/p>\n<p><strong>6. Kaip susisiekti su klient\u0173 aptarnavimo tarnyba?<\/strong><br \/>\nSu mumis galite susisiekti per<strong>\u00a0WhatsApp arba tiesiogin\u012f pokalb\u012f<\/strong> m\u016bs\u0173 svetain\u0117je, jei jums reikia pagalbos.<\/p>\n<\/div>\n<div class=\"relative p-1 rounded-sm flex items-center justify-center bg-token-main-surface-primary text-token-text-primary h-8 w-8\"><strong>7. Kokie siuntimo b\u016bdai naudojami?<\/strong><\/div>\n<\/div>\n<\/div>\n<\/div>\n<div class=\"group\/conversation-turn relative flex w-full min-w-0 flex-col agent-turn\">\n<div class=\"flex-col gap-1 md:gap-3\">\n<div class=\"flex max-w-full flex-col flex-grow\">\n<div class=\"min-h-[20px] text-message flex w-full flex-col items-end gap-2 whitespace-normal break-words [.text-message+&amp;]:mt-5 overflow-x-auto\" dir=\"auto\" data-message-author-role=\"assistant\" data-message-id=\"22f8283b-3233-46ff-89a5-c7a41b33abda\">\n<div class=\"flex w-full flex-col gap-1 empty:hidden first:pt-[3px]\">\n<div class=\"markdown prose w-full break-words dark:prose-invert light\">\n<p>Mes bendradarbiaujame su UPS, DHL, FedEx, DPD ir kitais pirmaujan\u010diais ve\u017e\u0117jais. Mes parinksime geriausi\u0105 siuntimo b\u016bd\u0105, atsi\u017evelgdami \u012f j\u016bs\u0173 pristatymo viet\u0105, kad u\u017etikrintume, jog gaminiai jus pasieks kuo grei\u010diau.<\/p>\n<\/div>\n<\/div>\n<\/div>\n<\/div>\n<\/div>\n<\/div>\n<p>Raskite daugiau garintuv\u0173, kurie jums gali patikti:<strong><em><a href=\"https:\/\/rmvapesale.com\/lt\/shop-2\/\">pirkti dabar &gt;&gt;&gt;<\/a><\/em><\/strong><\/p>","protected":false},"excerpt":{"rendered":"<p>Bang Box 30000 30k d\u016bm\u0173 baras, daugkartinio \u012fkrovimo, vienkartinis garintuvas, \u017eema kaina<br \/>\nBang Box 30000 30k d\u016bm\u0173 kar\u0161to pardavimo vienkartinis garintuvas, didmeninis pirkimas<br \/>\nBangBox 30000 d\u016bm\u0173 LED ekranas, i\u0161manusis ekranas, vienkartinis garintuvas, didmenin\u0117 prekyba<\/p>\n<p><strong>Susisiekite su Amy ir gaukite tinkam\u0105 atsakym\u0105 bei vape kupon\u0105!<\/strong><\/p>\n<p><img loading=\"lazy\" decoding=\"async\" class=\"size-full wp-image-2375\" src=\"https:\/\/rmvapesale.com\/wp-content\/uploads\/2024\/10\/image.png\" alt=\"Geriausias Vienkartinis Vape\" width=\"229\" height=\"300\" \/><\/p>\n<h3><a href=\"https:\/\/wa.me\/8617776015835\"><span style=\"color: #ff0000\"><strong>WhatsApp: +86 17776015835<\/strong><\/span><\/a><\/h3>\n<p>&nbsp;<\/p>","protected":false},"featured_media":2983,"comment_status":"open","ping_status":"closed","template":"","meta":{"_uag_custom_page_level_css":"","_lmt_disableupdate":"no","_lmt_disable":"","site-sidebar-layout":"default","site-content-layout":"content-boxed-container","ast-site-content-layout":"normal-width-container","site-content-style":"boxed","site-sidebar-style":"unboxed","ast-global-header-display":"","ast-banner-title-visibility":"","ast-main-header-display":"","ast-hfb-above-header-display":"","ast-hfb-below-header-display":"","ast-hfb-mobile-header-display":"","site-post-title":"","ast-breadcrumbs-content":"","ast-featured-img":"","footer-sml-layout":"","theme-transparent-header-meta":"default","adv-header-id-meta":"","stick-header-meta":"","header-above-stick-meta":"","header-main-stick-meta":"","header-below-stick-meta":"","astra-migrate-meta-layouts":"set","ast-page-background-enabled":"default","ast-page-background-meta":{"desktop":{"background-color":"var(--ast-global-color-4)","background-image":"","background-repeat":"repeat","background-position":"center center","background-size":"auto","background-attachment":"scroll","background-type":"","background-media":"","overlay-type":"","overlay-color":"","overlay-opacity":"","overlay-gradient":""},"tablet":{"background-color":"","background-image":"","background-repeat":"repeat","background-position":"center center","background-size":"auto","background-attachment":"scroll","background-type":"","background-media":"","overlay-type":"","overlay-color":"","overlay-opacity":"","overlay-gradient":""},"mobile":{"background-color":"","background-image":"","background-repeat":"repeat","background-position":"center center","background-size":"auto","background-attachment":"scroll","background-type":"","background-media":"","overlay-type":"","overlay-color":"","overlay-opacity":"","overlay-gradient":""}},"ast-content-background-meta":{"desktop":{"background-color":"var(--ast-global-color-5)","background-image":"","background-repeat":"repeat","background-position":"center center","background-size":"auto","background-attachment":"scroll","background-type":"","background-media":"","overlay-type":"","overlay-color":"","overlay-opacity":"","overlay-gradient":""},"tablet":{"background-color":"var(--ast-global-color-5)","background-image":"","background-repeat":"repeat","background-position":"center center","background-size":"auto","background-attachment":"scroll","background-type":"","background-media":"","overlay-type":"","overlay-color":"","overlay-opacity":"","overlay-gradient":""},"mobile":{"background-color":"var(--ast-global-color-5)","background-image":"","background-repeat":"repeat","background-position":"center center","background-size":"auto","background-attachment":"scroll","background-type":"","background-media":"","overlay-type":"","overlay-color":"","overlay-opacity":"","overlay-gradient":""}},"_joinchat":[]},"product_brand":[],"product_cat":[15,289,290,291,292,293,295,299,273,253,25,123,26,28,135,27,60,137,136,30],"product_tag":[307,146,222,64,40,111,306],"class_list":{"0":"post-3014","1":"product","2":"type-product","3":"status-publish","4":"has-post-thumbnail","6":"product_cat-new-vape-this-week","7":"product_cat-big-puffs-disposable-vapes","8":"product_cat-crystal-disposable-vapes","9":"product_cat-dual-mesh-disposable-vapes","10":"product_cat-digital-disposable-vapes","11":"product_cat-low-nicotine-disposable-vapes","12":"product_cat-rechargeable-disposable-vapes","13":"product_cat-smart-screen-disposable-vapes","14":"product_cat-bang-box-vape","15":"product_cat-15000-puff-disposable-vape","16":"product_cat-germany-best-selling-vape","17":"product_cat-italy-wholesale-vape","18":"product_cat-netherlands-hot-sale-vape","19":"product_cat-poland-hot-sale-vape","20":"product_cat-spain-best-hot-sale-vape","21":"product_cat-fance-hot-sale-vape","22":"product_cat-bang-vapes","23":"product_cat-rechargeable-vapes","24":"product_cat-smart-screen-vapes","25":"product_cat-minimum-order-quantity-50pcs","26":"product_tag-bang-box-30000","27":"product_tag-best-hot-sale-vape","28":"product_tag-double-flavor-vape","29":"product_tag-dual-flavour-vape","30":"product_tag-hot-sale-vape","31":"product_tag-low-nicotine-disposable-vape","32":"product_tag-puff-bar","33":"desktop-align-left","34":"tablet-align-left","35":"mobile-align-left","37":"first","38":"instock","39":"sale","40":"shipping-taxable","41":"purchasable","42":"product-type-simple"},"uagb_featured_image_src":{"full":["https:\/\/rmvapesale.com\/wp-content\/uploads\/2025\/01\/Bang-Box-30000-30k-Puffs-Double-Rechargeable-Disposable-Vape-Wholesale.webp",1000,1000,false],"thumbnail":["https:\/\/rmvapesale.com\/wp-content\/uploads\/2025\/01\/Bang-Box-30000-30k-Puffs-Double-Rechargeable-Disposable-Vape-Wholesale-150x150.webp",150,150,true],"medium":["https:\/\/rmvapesale.com\/wp-content\/uploads\/2025\/01\/Bang-Box-30000-30k-Puffs-Double-Rechargeable-Disposable-Vape-Wholesale-300x300.webp",300,300,true],"medium_large":["https:\/\/rmvapesale.com\/wp-content\/uploads\/2025\/01\/Bang-Box-30000-30k-Puffs-Double-Rechargeable-Disposable-Vape-Wholesale-768x768.webp",768,768,true],"large":["https:\/\/rmvapesale.com\/wp-content\/uploads\/2025\/01\/Bang-Box-30000-30k-Puffs-Double-Rechargeable-Disposable-Vape-Wholesale.webp",1000,1000,false],"1536x1536":["https:\/\/rmvapesale.com\/wp-content\/uploads\/2025\/01\/Bang-Box-30000-30k-Puffs-Double-Rechargeable-Disposable-Vape-Wholesale.webp",1000,1000,false],"2048x2048":["https:\/\/rmvapesale.com\/wp-content\/uploads\/2025\/01\/Bang-Box-30000-30k-Puffs-Double-Rechargeable-Disposable-Vape-Wholesale.webp",1000,1000,false],"trp-custom-language-flag":["https:\/\/rmvapesale.com\/wp-content\/uploads\/2025\/01\/Bang-Box-30000-30k-Puffs-Double-Rechargeable-Disposable-Vape-Wholesale.webp",12,12,false],"woocommerce_thumbnail":["https:\/\/rmvapesale.com\/wp-content\/uploads\/2025\/01\/Bang-Box-30000-30k-Puffs-Double-Rechargeable-Disposable-Vape-Wholesale-300x300.webp",300,300,true],"woocommerce_single":["https:\/\/rmvapesale.com\/wp-content\/uploads\/2025\/01\/Bang-Box-30000-30k-Puffs-Double-Rechargeable-Disposable-Vape-Wholesale-600x600.webp",600,600,true],"woocommerce_gallery_thumbnail":["https:\/\/rmvapesale.com\/wp-content\/uploads\/2025\/01\/Bang-Box-30000-30k-Puffs-Double-Rechargeable-Disposable-Vape-Wholesale-100x100.webp",100,100,true],"wcpr-photo-reviews":["https:\/\/rmvapesale.com\/wp-content\/uploads\/2025\/01\/Bang-Box-30000-30k-Puffs-Double-Rechargeable-Disposable-Vape-Wholesale.webp",500,500,false]},"uagb_author_info":{"display_name":"AMY","author_link":"https:\/\/rmvapesale.com\/lt\/author\/"},"uagb_comment_info":0,"uagb_excerpt":"Bang Box 30000 30k Puff\u00a0 Bar Rechargeable Disposable Vape Cheap Price Bang Box 30000 30k Puffs Hot Sale Disposable Vape Pen Bulk Buy BangBox 30000 Puffs\u00a0 LED Display Smart Screen Disposable Vape Wholesale Contact Amy to get right reply and vape coupon! WhatsApp: +86 17776015835 &nbsp;","_links":{"self":[{"href":"https:\/\/rmvapesale.com\/lt\/wp-json\/wp\/v2\/product\/3014","targetHints":{"allow":["GET"]}}],"collection":[{"href":"https:\/\/rmvapesale.com\/lt\/wp-json\/wp\/v2\/product"}],"about":[{"href":"https:\/\/rmvapesale.com\/lt\/wp-json\/wp\/v2\/types\/product"}],"replies":[{"embeddable":true,"href":"https:\/\/rmvapesale.com\/lt\/wp-json\/wp\/v2\/comments?post=3014"}],"wp:featuredmedia":[{"embeddable":true,"href":"https:\/\/rmvapesale.com\/lt\/wp-json\/wp\/v2\/media\/2983"}],"wp:attachment":[{"href":"https:\/\/rmvapesale.com\/lt\/wp-json\/wp\/v2\/media?parent=3014"}],"wp:term":[{"taxonomy":"product_brand","embeddable":true,"href":"https:\/\/rmvapesale.com\/lt\/wp-json\/wp\/v2\/product_brand?post=3014"},{"taxonomy":"product_cat","embeddable":true,"href":"https:\/\/rmvapesale.com\/lt\/wp-json\/wp\/v2\/product_cat?post=3014"},{"taxonomy":"product_tag","embeddable":true,"href":"https:\/\/rmvapesale.com\/lt\/wp-json\/wp\/v2\/product_tag?post=3014"}],"curies":[{"name":"wp","href":"https:\/\/api.w.org\/{rel}","templated":true}]}}