{"id":3015,"date":"2025-02-02T08:01:52","date_gmt":"2025-02-02T08:01:52","guid":{"rendered":"https:\/\/rmvapesale.com\/?post_type=product&#038;p=3015"},"modified":"2025-01-23T08:19:44","modified_gmt":"2025-01-23T08:19:44","slug":"smart-screen-disposable-vape-bang-king-35000-puff-35k-rechargeable-disposable-vape-0-2-5-nicotine-factory-price","status":"publish","type":"product","link":"https:\/\/rmvapesale.com\/lt\/product\/smart-screen-disposable-vape-bang-king-35000-puff-35k-rechargeable-disposable-vape-0-2-5-nicotine-factory-price\/","title":{"rendered":"I\u0161maniojo ekrano vienkartinis garintuvas Bang King 35000 \u012fp\u016btim\u0173 35k \u012fkraunamas vienkartinis garintuvas 0% 2% 5% nikotino gamyklos kaina"},"content":{"rendered":"<div class=\"B2VR9 CJHX3e\">\n<div class=\"wyccme\">\n<div class=\"flex-shrink-0 flex flex-col relative items-end\">\n<div class=\"pt-0\">\n<div class=\"gizmo-bot-avatar flex h-8 w-8 items-center justify-center overflow-hidden rounded-full\">\n<div class=\"relative p-1 rounded-sm flex items-center justify-center bg-token-main-surface-primary text-token-text-primary h-8 w-8\">\n<div class=\"flex-shrink-0 flex flex-col relative items-end\">\n<div class=\"pt-0\">\n<div class=\"gizmo-bot-avatar flex h-8 w-8 items-center justify-center overflow-hidden rounded-full\">\n<div class=\"flex-shrink-0 flex flex-col relative items-end\">\n<div class=\"pt-0\">\n<div class=\"gizmo-bot-avatar flex h-8 w-8 items-center justify-center overflow-hidden rounded-full\">\n<h1 class=\"relative p-1 rounded-sm flex items-center justify-center bg-token-main-surface-primary text-token-text-primary h-8 w-8\">I\u0161maniojo ekrano vienkartinis garintuvas Bang King 35000 \u012fp\u016btim\u0173 35k \u012fkraunamas vienkartinis garintuvas 0% 2% 5% nikotino gamyklos kaina<\/h1>\n<\/div>\n<\/div>\n<\/div>\n<\/div>\n<\/div>\n<\/div>\n<\/div>\n<\/div>\n<\/div>\n<\/div>\n<div class=\"group\/conversation-turn relative flex w-full min-w-0 flex-col agent-turn\">\n<div class=\"flex-col gap-1 md:gap-3\">\n<div class=\"flex max-w-full flex-col flex-grow\">\n<div class=\"min-h-8 text-message flex w-full flex-col items-end gap-2 whitespace-normal break-words text-start [.text-message+&amp;]:mt-5\" dir=\"auto\" data-message-author-role=\"assistant\" data-message-id=\"80ece0c4-ead1-4ed9-a9f0-ddc22582b4f4\" data-message-model-slug=\"gpt-4o\">\n<p>Ie\u0161kote <strong>vienkartinio \u012fkraunamo garintuvo su dideliu skai\u010diumi \u012ftraukim\u0173<\/strong> su i\u0161maniosiomis funkcijomis? \u201e <strong>Bang King 35000 Puffs Smart Screen\u201c vienkartinis garintuvas<\/strong> yra puikus pasirinkimas garintojams, kuriems reikia <strong>didel\u0117s \u012ftraukim\u0173 talpos, reguliuojamo oro srauto ir keli\u0173 nikotino lygi\u0173<\/strong>, visa tai u\u017e <strong>\u017eem\u0105 didmenin\u0119 kain\u0105<\/strong>. Su ne\u012ftik\u0117tinu <strong>35 000 \u012ftraukim\u0173 talpa<\/strong>, \u0161is garintuvas suteikia ilgalaik\u012f malonum\u0105, tod\u0117l jis yra vienas i\u0161 <strong>populiariausi\u0173 vienkartini\u0173 garintuv\u0173<\/strong> rinkoje.<\/p>\n<p>I\u0161 anksto u\u017epildytas <strong>23 ml e. skys\u010dio<\/strong>, \u201eBang King\u201c u\u017etikrina skoning\u0105, be r\u016bpes\u010di\u0173 garinimo patirt\u012f be da\u017eno papildymo. Pa\u017eangi <strong>0,6 \u03a9 var\u017eos rit\u0117<\/strong> u\u017etikrina skland\u0173, patenkinam\u0105 gar\u0173 gamyb\u0105, o novatori\u0161kas <strong>I\u0161manusis ekrano ekranas<\/strong> ekranas nuolat informuoja jus realiu laiku apie e. skys\u010dio ir baterijos lygius.<\/p>\n<p>Sukurtas patogumui, \u201e <strong>850 mAh \u012fkraunama baterija<\/strong> palaiko <strong>C tipo greitu \u012fkrovimu<\/strong>, leid\u017eiantis greitai gr\u012f\u017eti prie garinimo. Nesvarbu, ar pageidaujate <strong>\u017eemo nikotino garintuvas<\/strong> ar stipresnio sm\u016bgio, \u201eBang King\u201c si\u016blo \u012fvair\u0173 nikotino stiprum\u0105, \u012fskaitant <strong>0%, 2%, 3% ir 5%<\/strong>, patenkinant visus pageidavimus.<\/p>\n<p>Su <strong>reguliuojamas oro srautas<\/strong>, galite tiksliai sureguliuoti savo garinimo patirt\u012f, kad \u012ftraukimas b\u016bt\u0173 grie\u017etesnis arba sklandesnis ir erdvesnis. Be to, su <strong>12 nuostabi\u0173 skoni\u0173<\/strong> i\u0161 kuri\u0173 galima rinktis, kiekvienas ras ka\u017ek\u0105, kas patenkint\u0173 skon\u012f.<\/p>\n<p>Idealiai tinka <strong>didmeniniams pirk\u0117jams ir gar\u0173 platintojams Lietuvoje<\/strong>, \u0161is prietaisas tiekiamas <strong>tiesiogiai i\u0161 gamyklos kaina<\/strong>ir paversdamas j\u012f puikiu pasirinkimu tiems, kurie nori <strong>pirkite vienkartinius garintuvus urmu<\/strong>.<\/p>\n<\/div>\n<\/div>\n<\/div>\n<\/div>\n<div class=\"flex-shrink-0 flex flex-col relative items-end\">\n<div class=\"pt-0\">\n<div class=\"gizmo-bot-avatar flex h-8 w-8 items-center justify-center overflow-hidden rounded-full\">\n<p>&nbsp;<\/p>\n<\/div>\n<\/div>\n<\/div>\n<\/div>\n<\/div>\n<p><strong>Susisiekite su Amy ir gaukite tinkam\u0105 atsakym\u0105 bei vape kupon\u0105!<\/strong><\/p>\n<p><img loading=\"lazy\" decoding=\"async\" class=\"size-full wp-image-1978\" src=\"https:\/\/rmvapesale.com\/wp-content\/uploads\/2024\/09\/Disposable-Vape-Wholesale.jpg\" alt=\"Vienkartinis garintuvas didmenin\u0117 prekyba\" width=\"229\" height=\"300\" \/><\/p>\n<h3><a href=\"https:\/\/wa.me\/8617776015835\" target=\"_blank\" rel=\"noopener\"><span style=\"color: #ff0000\"><strong>WhatsApp: +86 17776015835<\/strong><\/span><\/a><\/h3>\n<h3><\/h3>\n<h3><strong style=\"font-size: 1.7em\">Pagrindin\u0117s \u201eBang King 35000 Puff\u201c gaminio savyb\u0117s<\/strong><\/h3>\n<ul>\n<li><strong>Did\u017eiulis 35 000 \u012ftraukim\u0173:<\/strong> M\u0117gaukit\u0117s ilgesniu garinimu be da\u017eno keitimo.<\/li>\n<li><strong>23 ml e. skys\u010dio talpa:<\/strong> U\u017etikrina ilgalaik\u012f malonum\u0105 be papildymo.<\/li>\n<li><strong>I\u0161manusis ekrano ekranas:<\/strong> Realiuoju laiku seka \u012ftraukim\u0173 skai\u010di\u0173 ir akumuliatoriaus lyg\u012f.<\/li>\n<li><strong>Nikotino parinktys:<\/strong> Galimi 0%, 2%, 3% ir 5% variantai, tinkantys visiems naudotojams.<\/li>\n<li><strong>\u012ekraunama 850 mAh baterija:<\/strong> Ilgalaikis veikimas su greitu Type-C \u012fkrovimu.<\/li>\n<li><strong>Reguliuojamas oro srauto valdymas:<\/strong> Pritaikykite savo traukim\u0105, kad pasiektum\u0117te tobul\u0105 sm\u016bg\u012f.<\/li>\n<li><strong>Apsauga nuo pridegimo:<\/strong> U\u017etikrina skland\u0173 ir nuosekl\u0173 garinimo patirt\u012f.<\/li>\n<li><strong>12 skoni\u0173 pasirinkim\u0173:<\/strong> Platus skoni\u0173 asortimentas, patenkinantis kiekvien\u0105 skon\u012f.<\/li>\n<\/ul>\n<figure id=\"attachment_2996\" aria-describedby=\"caption-attachment-2996\" style=\"width: 800px\" class=\"wp-caption alignnone\"><img loading=\"lazy\" decoding=\"async\" class=\"wp-image-2996 size-full\" src=\"https:\/\/rmvapesale.com\/wp-content\/uploads\/2025\/01\/Bang-King-Vape-35000-Puffs-Disposable-Vapes-Bulk-Buy.webp\" alt=\"Bang King Vape 35000 \u012ftraukim\u0173 vienkartiniai garintuvai didmenin\u0117 prekyba\" width=\"800\" height=\"800\" srcset=\"https:\/\/rmvapesale.com\/wp-content\/uploads\/2025\/01\/Bang-King-Vape-35000-Puffs-Disposable-Vapes-Bulk-Buy.webp 800w, https:\/\/rmvapesale.com\/wp-content\/uploads\/2025\/01\/Bang-King-Vape-35000-Puffs-Disposable-Vapes-Bulk-Buy-300x300.webp 300w, https:\/\/rmvapesale.com\/wp-content\/uploads\/2025\/01\/Bang-King-Vape-35000-Puffs-Disposable-Vapes-Bulk-Buy-150x150.webp 150w, https:\/\/rmvapesale.com\/wp-content\/uploads\/2025\/01\/Bang-King-Vape-35000-Puffs-Disposable-Vapes-Bulk-Buy-768x768.webp 768w, https:\/\/rmvapesale.com\/wp-content\/uploads\/2025\/01\/Bang-King-Vape-35000-Puffs-Disposable-Vapes-Bulk-Buy-600x600.webp 600w, https:\/\/rmvapesale.com\/wp-content\/uploads\/2025\/01\/Bang-King-Vape-35000-Puffs-Disposable-Vapes-Bulk-Buy-100x100.webp 100w\" sizes=\"auto, (max-width: 800px) 100vw, 800px\" \/><figcaption id=\"caption-attachment-2996\" class=\"wp-caption-text\">Bang King Vape 35000 \u012ftraukim\u0173 vienkartiniai garintuvai didmenin\u0117 prekyba<\/figcaption><\/figure>\n<h3><strong style=\"font-size: 1.7em\">Populiariausias Bang King 35000 \u012ftraukim\u0173 skonis<\/strong><strong style=\"font-size: 1.7em\">\u00a0Vape<\/strong><\/h3>\n<p>Su <strong>\u012ekraunamas vienkartinis garintuvas Bang King 35000 \u012ftraukim\u0173<\/strong> si\u016blo <strong>auk\u0161\u010diausios kokyb\u0117s garinimo patirt\u012f<\/strong> ir <strong>i\u0161mani\u0105j\u0105 technologij\u0105<\/strong>, tod\u0117l tai yra geriausias pasirinkimas tiek asmeniniam naudojimui, tiek didmeninei prekybai. U\u017esisakykite dabar ir m\u0117gaukit\u0117s auk\u0161\u010diausios kokyb\u0117s vienkartiniu garinimu!<\/p>\n<ol>\n<li>Bra\u0161ki\u0173 Mango<\/li>\n<li>Love66<\/li>\n<li>M\u0117lyni\u0173 avie\u010di\u0173 ledas<\/li>\n<li>Bra\u0161ki\u0173 arb\u016bzas<\/li>\n<li>Citrin\u0173 m\u0117ta<\/li>\n<li>Dvigubas obuolys<\/li>\n<li>Energetinis g\u0117rimas<\/li>\n<li>Persik\u0173 ledas<\/li>\n<li>Bra\u0161ki\u0173 ir kivi\u0173<\/li>\n<li>Vynuogi\u0173 ledas<\/li>\n<li>M\u0117lyni\u0173 Ledas<\/li>\n<li>Arb\u016bzas<\/li>\n<\/ol>\n<h3><strong>Kod\u0117l verta rinktis Rmvapesale Bang King 35000 \u012ftraukim\u0173 garintuvui\u00a0 <\/strong><strong>V<\/strong><strong>Didmenin\u0117 prekyba veipais<\/strong><strong>?<\/strong><\/h3>\n<div class=\"flex-shrink-0 flex flex-col relative items-end\">\n<div class=\"pt-0\">\n<div class=\"gizmo-bot-avatar flex h-8 w-8 items-center justify-center overflow-hidden rounded-full\">\n<p>Stipr\u0117jant konkurencijai vienkartini\u0173 elektronini\u0173 cigare\u010di\u0173 rinkoje, Rmvapesale, pasaulin\u0117 didmenini\u0173 vienkartini\u0173 vape sprendim\u0173 lyder\u0117, pristat\u0117 Uwin 35000 Smart Screen Disposable Vape. \u0160is novatori\u0161kas produktas atkreipia d\u0117mes\u012f savo unikalia estetika ir mados dizainu. Si\u016blydamas plat\u0173 vaisi\u0173 skoni\u0173 pasirinkim\u0105, jis patenkina plat\u0173 vartotoj\u0173 skon\u012f, pabr\u0117\u017edamas naujoves ir universalum\u0105.<\/p>\n<p class=\"relative p-1 rounded-sm flex items-center justify-center bg-token-main-surface-primary text-token-text-primary h-8 w-8\">Rmvapesale yra j\u016bs\u0173 patikima vape parduotuv\u0117, kurioje rasite auk\u0161\u010diausios kokyb\u0117s vienkartinius vapes. Tur\u0117dami daugiau nei 5 met\u0173 patirt\u012f, si\u016blome jums populiarius vienkartini\u0173 vape preki\u0173 \u017eenklus, tokius kaip Al Fakher, JNR Vape, Vapsolo Vape, Vapme Vape, <a href=\"https:\/\/rmvapesale.com\/lt\/product-category\/bang-vapes\/\">Bang Vape<\/a>, Waspe Vape, WGA Vape ir<a href=\"https:\/\/rmvapesale.com\/lt\/product-category\/randm-fumot-vape\/\"> RandM Vape<\/a>.M\u016bs\u0173 asortimente yra populiari\u0173 vienkartini\u0173 garintuv\u0173, toki\u0173 kaip <a href=\"https:\/\/rmvapesale.com\/lt\/product\/vopk-tornado-15000-puffs-disposable-vape-led-display\/\">VOPK Tornado 15000 \u012ftraukim\u0173<\/a> ir sodraus skonio pasirinkim\u0173, toki\u0173 kaip<a href=\"https:\/\/rmvapesale.com\/lt\/product\/elf-box-ls15000-puffs-shisha-hookah-disposable-vape\/\"> ELF BOX shisha Hooka 15000 \u012eTRAUKIM\u0172<\/a>. Kiekvienas produktas parenkamas atsi\u017evelgiant \u012f kokyb\u0119, vert\u0119 ir \u012fvairov\u0119, u\u017etikrinant, kad rastum\u0117te tobul\u0105 atitikmen\u012f savo poreikiams. Atraskite i\u0161skirtin\u012f aptarnavim\u0105 ir plat\u0173 auk\u0161\u010diausios kokyb\u0117s produkt\u0173 asortiment\u0105 \u201eRmvapesale\u201c.<\/p>\n<p class=\"relative p-1 rounded-sm flex items-center justify-center bg-token-main-surface-primary text-token-text-primary h-8 w-8\"><b style=\"font-size: 1.5em;font-style: inherit\">DUK apie Bang King 35000 \u012ftraukim\u0173 garintuv\u0105 <\/b><b style=\"font-size: 1.5em;font-style: inherit\">\u012ekraunamas vienkartinis veipas<\/b><\/p>\n<ol>\n<li><strong>Kur galiu \u012fsigyti Bang King 35000 \u012ftraukim\u0173 vienkartin\u012f garintuv\u0105 didmenin\u0117mis kainomis?<\/strong>\n<ul>\n<li>Geriausias tiesiogiai i\u0161 gamyklos kainas galite gauti <a href=\"https:\/\/rmvapesale.com\/lt\/\" target=\"_new\" rel=\"noopener\">Rmvapesale<\/a>, j\u016bs\u0173 patikimo didmenini\u0173 vienkartini\u0173 vapes \u0161altinio.<\/li>\n<\/ul>\n<\/li>\n<li><strong>Ar Bang King 35000 garintuvas yra \u012fkraunamas?<\/strong>\n<ul>\n<li>Taip, jis tiekiamas su 850 mAh \u012fkraunama baterija ir palaiko C tipo greit\u0105j\u012f \u012fkrovim\u0105.<\/li>\n<\/ul>\n<\/li>\n<li><strong>Koks nikotino stiprumas yra galimas?<\/strong>\n<ul>\n<li>\u0160is garintuvas yra prieinamas su 0%, 2%, 3% ir 5% nikotino lygiu, kad atitikt\u0173 \u012fvairius pageidavimus.<\/li>\n<\/ul>\n<\/li>\n<li><strong>Kaip veikia i\u0161manusis ekrano ekranas?<\/strong>\n<ul>\n<li>Ekranas realiuoju laiku pateikia informacij\u0105 apie baterijos veikimo laik\u0105 ir e-skys\u010dio lyg\u012f, u\u017etikrinant, kad visada b\u016btum\u0117te informuoti.<\/li>\n<\/ul>\n<\/li>\n<li><strong>Ar \u201eBang King 35K\u201c si\u016blo reguliuojam\u0105 oro sraut\u0105?<\/strong>\n<ul>\n<li>Taip, reguliuojamo oro srauto funkcija leid\u017eia jums pritaikyti savo garinimo stili\u0173, kad \u012ftraukimas b\u016bt\u0173 grie\u017etesnis arba laisvesnis.<\/li>\n<\/ul>\n<\/li>\n<\/ol>\n<\/div>\n<\/div>\n<\/div>\n<h2>Kaip u\u017esisakyti?<\/h2>\n<div class=\"flex-shrink-0 flex flex-col relative items-end\">\n<div class=\"pt-0\">\n<div class=\"gizmo-bot-avatar flex h-8 w-8 items-center justify-center overflow-hidden rounded-full\">\n<div>\n<p><strong>1. Kokius mok\u0117jimo b\u016bdus priimate?<\/strong><br \/>\n<span class=\"selectable-text copyable-text false\">Apmok\u0117jimui si\u016blome banko pavedim\u0105 ir \u201eWestern Union\u201c. Dauguma m\u016bs\u0173 klient\u0173 Europoje renkasi banko pavedim\u0105, turime vietin\u0119 banko s\u0105skait\u0105, \u012f kuri\u0105 galite sumok\u0117ti \u012f m\u016bs\u0173 IBAN s\u0105skait\u0105 be aptarnavimo mokes\u010dio. <\/span>.<\/p>\n<p><strong>2. Kaip galiu sekti savo u\u017esakym\u0105?<\/strong><br \/>\nI\u0161siuntus paket\u0105, <span class=\"selectable-text copyable-text false\">pateiksime sekimo numer\u012f, taip pat nuolat atnaujinsime b\u016bsen\u0105, kol gausite krovin\u012f<\/span>.<\/p>\n<p><strong>3. Kiek laiko u\u017etrunka pristatymas?<\/strong><\/p>\n<ul>\n<li>Siuntimas i\u0161 <strong>Kinijos sand\u0117li\u0173<\/strong> u\u017etrunka ma\u017edaug <strong>7-14 darbo dien\u0173<\/strong>.<\/li>\n<li>Siuntimas i\u0161 <strong>Europos sand\u0117liai<\/strong> paprastai trunka <strong>3-6 darbo dienas<\/strong>.<\/li>\n<\/ul>\n<p><strong>4. Kaip gauti greitesn\u012f pristatym\u0105?<\/strong><br \/>\nNor\u0117dami greitesnio pristatymo, rekomenduojame u\u017esisakyti i\u0161 m\u016bs\u0173 <strong>Europos sand\u0117lio<\/strong>, kuris si\u016blo greitesn\u012f pristatymo laik\u0105.<\/p>\n<p><strong>5. K\u0105 daryti, jei gaunu pa\u017eeist\u0105 ar brokuot\u0105 prek\u0119?<\/strong><br \/>\nJei j\u016bs\u0173 prek\u0117 yra pa\u017eeista ar brokuota, susisiekite su klient\u0173 aptarnavimo tarnyba d\u0117l <strong>pakeitimo arba pinig\u0173 gr\u0105\u017einimo<\/strong>.<\/p>\n<p><strong>6. Kaip susisiekti su klient\u0173 aptarnavimo tarnyba?<\/strong><br \/>\nSu mumis galite susisiekti per<strong>\u00a0WhatsApp arba tiesiogin\u012f pokalb\u012f<\/strong> m\u016bs\u0173 svetain\u0117je, jei jums reikia pagalbos.<\/p>\n<\/div>\n<div class=\"relative p-1 rounded-sm flex items-center justify-center bg-token-main-surface-primary text-token-text-primary h-8 w-8\"><strong>7. Kokie siuntimo b\u016bdai naudojami?<\/strong><\/div>\n<\/div>\n<\/div>\n<\/div>\n<div class=\"group\/conversation-turn relative flex w-full min-w-0 flex-col agent-turn\">\n<div class=\"flex-col gap-1 md:gap-3\">\n<div class=\"flex max-w-full flex-col flex-grow\">\n<div class=\"min-h-[20px] text-message flex w-full flex-col items-end gap-2 whitespace-normal break-words [.text-message+&amp;]:mt-5 overflow-x-auto\" dir=\"auto\" data-message-author-role=\"assistant\" data-message-id=\"22f8283b-3233-46ff-89a5-c7a41b33abda\">\n<div class=\"flex w-full flex-col gap-1 empty:hidden first:pt-[3px]\">\n<div class=\"markdown prose w-full break-words dark:prose-invert light\">\n<p>Mes bendradarbiaujame su UPS, DHL, FedEx, DPD ir kitais pirmaujan\u010diais ve\u017e\u0117jais. Mes parinksime geriausi\u0105 siuntimo b\u016bd\u0105, atsi\u017evelgdami \u012f j\u016bs\u0173 pristatymo viet\u0105, kad u\u017etikrintume, jog gaminiai jus pasieks kuo grei\u010diau.<\/p>\n<\/div>\n<\/div>\n<\/div>\n<\/div>\n<\/div>\n<\/div>\n<p>Raskite daugiau garintuv\u0173, kurie jums gali patikti:<strong><em><a href=\"https:\/\/rmvapesale.com\/lt\/shop-2\/\">pirkti dabar &gt;&gt;&gt;<\/a><\/em><\/strong><\/p>","protected":false},"excerpt":{"rendered":"<p>Bang King 35000 d\u016bm\u0173\u00a0 Bar \u012fkraunamas vienkartinis vape pigiai<br \/>\nBang King 35k d\u016bm\u0173 Populiarus vienkartinis vape ra\u0161iklis didmenin\u0117 prekyba<br \/>\nBangKing 35000 d\u016bm\u0173 LED ekranas i\u0161manusis ekranas vienkartinis vape didmenin\u0117 prekyba<\/p>\n<p><strong>Susisiekite su Amy ir gaukite tinkam\u0105 atsakym\u0105 bei vape kupon\u0105!<\/strong><\/p>\n<p><img loading=\"lazy\" decoding=\"async\" class=\"size-full wp-image-2375\" src=\"https:\/\/rmvapesale.com\/wp-content\/uploads\/2024\/10\/image.png\" alt=\"Geriausias Vienkartinis Vape\" width=\"229\" height=\"300\" \/><\/p>\n<h3><a href=\"https:\/\/wa.me\/8617776015835\"><span style=\"color: #ff0000\"><strong>WhatsApp: +86 17776015835<\/strong><\/span><\/a><\/h3>\n<p>&nbsp;<\/p>","protected":false},"featured_media":2995,"comment_status":"open","ping_status":"closed","template":"","meta":{"_uag_custom_page_level_css":"","_lmt_disableupdate":"no","_lmt_disable":"","site-sidebar-layout":"default","site-content-layout":"content-boxed-container","ast-site-content-layout":"normal-width-container","site-content-style":"boxed","site-sidebar-style":"unboxed","ast-global-header-display":"","ast-banner-title-visibility":"","ast-main-header-display":"","ast-hfb-above-header-display":"","ast-hfb-below-header-display":"","ast-hfb-mobile-header-display":"","site-post-title":"","ast-breadcrumbs-content":"","ast-featured-img":"","footer-sml-layout":"","theme-transparent-header-meta":"default","adv-header-id-meta":"","stick-header-meta":"","header-above-stick-meta":"","header-main-stick-meta":"","header-below-stick-meta":"","astra-migrate-meta-layouts":"set","ast-page-background-enabled":"default","ast-page-background-meta":{"desktop":{"background-color":"var(--ast-global-color-4)","background-image":"","background-repeat":"repeat","background-position":"center center","background-size":"auto","background-attachment":"scroll","background-type":"","background-media":"","overlay-type":"","overlay-color":"","overlay-opacity":"","overlay-gradient":""},"tablet":{"background-color":"","background-image":"","background-repeat":"repeat","background-position":"center center","background-size":"auto","background-attachment":"scroll","background-type":"","background-media":"","overlay-type":"","overlay-color":"","overlay-opacity":"","overlay-gradient":""},"mobile":{"background-color":"","background-image":"","background-repeat":"repeat","background-position":"center center","background-size":"auto","background-attachment":"scroll","background-type":"","background-media":"","overlay-type":"","overlay-color":"","overlay-opacity":"","overlay-gradient":""}},"ast-content-background-meta":{"desktop":{"background-color":"var(--ast-global-color-5)","background-image":"","background-repeat":"repeat","background-position":"center center","background-size":"auto","background-attachment":"scroll","background-type":"","background-media":"","overlay-type":"","overlay-color":"","overlay-opacity":"","overlay-gradient":""},"tablet":{"background-color":"var(--ast-global-color-5)","background-image":"","background-repeat":"repeat","background-position":"center center","background-size":"auto","background-attachment":"scroll","background-type":"","background-media":"","overlay-type":"","overlay-color":"","overlay-opacity":"","overlay-gradient":""},"mobile":{"background-color":"var(--ast-global-color-5)","background-image":"","background-repeat":"repeat","background-position":"center center","background-size":"auto","background-attachment":"scroll","background-type":"","background-media":"","overlay-type":"","overlay-color":"","overlay-opacity":"","overlay-gradient":""}},"_joinchat":[]},"product_brand":[],"product_cat":[15,289,291,292,293,295,299,279,246,25,123,26,28,135,27,60,137,136,30],"product_tag":[308,76,199,146,64,40,111,306],"class_list":{"0":"post-3015","1":"product","2":"type-product","3":"status-publish","4":"has-post-thumbnail","6":"product_cat-new-vape-this-week","7":"product_cat-big-puffs-disposable-vapes","8":"product_cat-dual-mesh-disposable-vapes","9":"product_cat-digital-disposable-vapes","10":"product_cat-low-nicotine-disposable-vapes","11":"product_cat-rechargeable-disposable-vapes","12":"product_cat-smart-screen-disposable-vapes","13":"product_cat-bang-king-vape","14":"product_cat-35000-puffs-disposable-vape","15":"product_cat-germany-best-selling-vape","16":"product_cat-italy-wholesale-vape","17":"product_cat-netherlands-hot-sale-vape","18":"product_cat-poland-hot-sale-vape","19":"product_cat-spain-best-hot-sale-vape","20":"product_cat-fance-hot-sale-vape","21":"product_cat-bang-vapes","22":"product_cat-rechargeable-vapes","23":"product_cat-smart-screen-vapes","24":"product_cat-minimum-order-quantity-50pcs","25":"product_tag-bang-king-35000","26":"product_tag-bang-king-vape","27":"product_tag-bang-vape","28":"product_tag-best-hot-sale-vape","29":"product_tag-dual-flavour-vape","30":"product_tag-hot-sale-vape","31":"product_tag-low-nicotine-disposable-vape","32":"product_tag-puff-bar","33":"desktop-align-left","34":"tablet-align-left","35":"mobile-align-left","37":"first","38":"instock","39":"sale","40":"shipping-taxable","41":"purchasable","42":"product-type-simple"},"uagb_featured_image_src":{"full":["https:\/\/rmvapesale.com\/wp-content\/uploads\/2025\/01\/Bang-King-35k-Puffs-Disposable-Vapes-Wholesale.webp",800,800,false],"thumbnail":["https:\/\/rmvapesale.com\/wp-content\/uploads\/2025\/01\/Bang-King-35k-Puffs-Disposable-Vapes-Wholesale-150x150.webp",150,150,true],"medium":["https:\/\/rmvapesale.com\/wp-content\/uploads\/2025\/01\/Bang-King-35k-Puffs-Disposable-Vapes-Wholesale-300x300.webp",300,300,true],"medium_large":["https:\/\/rmvapesale.com\/wp-content\/uploads\/2025\/01\/Bang-King-35k-Puffs-Disposable-Vapes-Wholesale-768x768.webp",768,768,true],"large":["https:\/\/rmvapesale.com\/wp-content\/uploads\/2025\/01\/Bang-King-35k-Puffs-Disposable-Vapes-Wholesale.webp",800,800,false],"1536x1536":["https:\/\/rmvapesale.com\/wp-content\/uploads\/2025\/01\/Bang-King-35k-Puffs-Disposable-Vapes-Wholesale.webp",800,800,false],"2048x2048":["https:\/\/rmvapesale.com\/wp-content\/uploads\/2025\/01\/Bang-King-35k-Puffs-Disposable-Vapes-Wholesale.webp",800,800,false],"trp-custom-language-flag":["https:\/\/rmvapesale.com\/wp-content\/uploads\/2025\/01\/Bang-King-35k-Puffs-Disposable-Vapes-Wholesale.webp",12,12,false],"woocommerce_thumbnail":["https:\/\/rmvapesale.com\/wp-content\/uploads\/2025\/01\/Bang-King-35k-Puffs-Disposable-Vapes-Wholesale-300x300.webp",300,300,true],"woocommerce_single":["https:\/\/rmvapesale.com\/wp-content\/uploads\/2025\/01\/Bang-King-35k-Puffs-Disposable-Vapes-Wholesale-600x600.webp",600,600,true],"woocommerce_gallery_thumbnail":["https:\/\/rmvapesale.com\/wp-content\/uploads\/2025\/01\/Bang-King-35k-Puffs-Disposable-Vapes-Wholesale-100x100.webp",100,100,true],"wcpr-photo-reviews":["https:\/\/rmvapesale.com\/wp-content\/uploads\/2025\/01\/Bang-King-35k-Puffs-Disposable-Vapes-Wholesale.webp",500,500,false]},"uagb_author_info":{"display_name":"AMY","author_link":"https:\/\/rmvapesale.com\/lt\/author\/"},"uagb_comment_info":0,"uagb_excerpt":"Bang King 35000 Puff\u00a0 Bar Rechargeable Disposable Vape Cheap Price Bang King 35k Puff Popular Disposable Vape Pen Bulk Buy BangKing 35000 Puff LED Display Smart Screen Disposable Vape Wholesale Contact Amy to get right reply and vape coupon! WhatsApp: +86 17776015835 &nbsp;","_links":{"self":[{"href":"https:\/\/rmvapesale.com\/lt\/wp-json\/wp\/v2\/product\/3015","targetHints":{"allow":["GET"]}}],"collection":[{"href":"https:\/\/rmvapesale.com\/lt\/wp-json\/wp\/v2\/product"}],"about":[{"href":"https:\/\/rmvapesale.com\/lt\/wp-json\/wp\/v2\/types\/product"}],"replies":[{"embeddable":true,"href":"https:\/\/rmvapesale.com\/lt\/wp-json\/wp\/v2\/comments?post=3015"}],"wp:featuredmedia":[{"embeddable":true,"href":"https:\/\/rmvapesale.com\/lt\/wp-json\/wp\/v2\/media\/2995"}],"wp:attachment":[{"href":"https:\/\/rmvapesale.com\/lt\/wp-json\/wp\/v2\/media?parent=3015"}],"wp:term":[{"taxonomy":"product_brand","embeddable":true,"href":"https:\/\/rmvapesale.com\/lt\/wp-json\/wp\/v2\/product_brand?post=3015"},{"taxonomy":"product_cat","embeddable":true,"href":"https:\/\/rmvapesale.com\/lt\/wp-json\/wp\/v2\/product_cat?post=3015"},{"taxonomy":"product_tag","embeddable":true,"href":"https:\/\/rmvapesale.com\/lt\/wp-json\/wp\/v2\/product_tag?post=3015"}],"curies":[{"name":"wp","href":"https:\/\/api.w.org\/{rel}","templated":true}]}}