{"id":370,"date":"2021-08-20T11:50:58","date_gmt":"2021-08-20T11:50:58","guid":{"rendered":"https:\/\/rmvapesale.com\/product\/hybrid-cleansing-balm\/"},"modified":"2025-01-20T03:10:16","modified_gmt":"2025-01-20T03:10:16","slug":"randm-vape-al-fakher-10000-puffs-vape-wholesale","status":"publish","type":"product","link":"https:\/\/rmvapesale.com\/lt\/product\/randm-vape-al-fakher-10000-puffs-vape-wholesale\/","title":{"rendered":"Randm Vape Al Fakher 10000 PUFFS VAPE Didmenin\u0117 kaina Fumot SHISHA 10K"},"content":{"rendered":"<h1><strong>Randm Vape Al Fakher 10000 PUFFS VAPE Didmenin\u0117 kaina Fumot SHISHA 10K<\/strong><\/h1>\n<p>\u201eRandm Vape Al Fakher 10000\u201c yra revoliucinis \u012fkraunamas DTL (tiesiogiai \u012f plau\u010dius) \u201eVape\u201c, kuris i\u0161 naujo apibr\u0117\u017eia garinimo meistri\u0161kum\u0105. Tur\u0117damas LED indikatori\u0173, jis teikia naujausius duomenis apie e-skys\u010dio lyg\u012f ir gali\u0105, tod\u0117l visada visk\u0105 valdysite. Su patogia Type-C jungtimi, esan\u010dia pagrinde, \u0161\u012f \u201evape\u201c \u012fkrauti yra lengva ir greita.<\/p>\n<p>I\u0161 anksto u\u017epildytas 18 ml e-skys\u010dio, \u201eShisha bar 10000\u201c turi 0,5% nikotino koncentracij\u0105, o bandomojoje aplinkoje galima i\u0161gauti iki 10 000 \u012fkv\u0117pim\u0173. Ta\u010diau tai ne tik kiekis \u2013 \u0161is \u201evape\u201c turi \u201eMesh Coil\u201c technologij\u0105, integruojan\u010di\u0105 ma\u017eo atsparumo 0,6 omo rit\u0119, kad b\u016bt\u0173 u\u017etikrintas maksimalus \u0161ildymo pavir\u0161iaus plotas. Atsisveikinkite su sausais \u012fkv\u0117pimais ir netolygiu skonio pasiskirstymu; \u201eMesh Coil\u201c dizainas u\u017etikrina pastov\u0173 kaitinim\u0105, tod\u0117l garai tampa \u0161velnesni ir sodresni.<\/p>\n<p>Dabar \u0161is \u201eRandm Vape Al Fakher vape\u201c kar\u0161tai parduodamas daugelyje Europos \u0161ali\u0173, tokiose kaip Vokietija, Nyderlandai, Pranc\u016bzija, Italija, \u0160veicarija, \u0160vedija, Ispanija, Lenkija, Belgija, Austrija, Norvegija, Danija ir t. t., tod\u0117l tai yra geras pasirinkimas ma\u017emenininkams, ie\u0161kantiems ekonomi\u0161ko vienkartinio \u201evape\u201c su didmenine kaina perkant dideliais kiekiais.<\/p>\n<p><strong>Prid\u0117kite pardavim\u0173 vadybinink\u0119 AMY whatsapp <a href=\"https:\/\/wa.me\/8617776015835\" target=\"_blank\" rel=\"noopener\">+86-17776015835<\/a> gaukite daugiau nuolaid\u0173!<\/strong><\/p>\n<p><img loading=\"lazy\" decoding=\"async\" class=\"size-medium wp-image-1814\" src=\"https:\/\/rmvapesale.com\/wp-content\/uploads\/2024\/04\/whatsapp-amy-229x300.jpg\" alt=\"whatsapp amy\" width=\"229\" height=\"300\" srcset=\"https:\/\/rmvapesale.com\/wp-content\/uploads\/2024\/04\/whatsapp-amy-229x300.jpg 229w, https:\/\/rmvapesale.com\/wp-content\/uploads\/2024\/04\/whatsapp-amy-783x1024.jpg 783w, https:\/\/rmvapesale.com\/wp-content\/uploads\/2024\/04\/whatsapp-amy-768x1005.jpg 768w, https:\/\/rmvapesale.com\/wp-content\/uploads\/2024\/04\/whatsapp-amy-600x785.jpg 600w, https:\/\/rmvapesale.com\/wp-content\/uploads\/2024\/04\/whatsapp-amy.jpg 990w\" sizes=\"auto, (max-width: 229px) 100vw, 229px\" \/><\/p>\n<h2>Randm Vape Al Fakher 10000 \u012fkv\u0117pim\u0173 DUK<\/h2>\n<p><strong>1. Kas \u012feina \u012f \u201eRandm Vape Al Fakher 10000 PUFFS VAPE\u201c ir \u201eFumot SHISHA 10K\u201c pakuot\u0119?<\/strong><\/p>\n<ul>\n<li>Kiekvienoje pakuot\u0117je yra vienas \u012fkraunamas DTL (tiesiogiai \u012f plau\u010dius) \u201eVape\u201c prietaisas, i\u0161 anksto u\u017epildytas 18 ml e-skys\u010dio, su LED indikatoriumi. Be to, pakuot\u0117je yra C tipo \u012fkrovimo laidas patogiam \u012fkrovimui.<\/li>\n<\/ul>\n<p><strong>2. Kiek \u012fkv\u0117pim\u0173 galiu tik\u0117tis i\u0161 \u201eFumot Vape Shisha 10000 Puff\u201c?<\/strong><\/p>\n<ul>\n<li>\u201eShisha 10000\u201c gali pasigirti \u012fsp\u016bdingais 10 000 \u012fkv\u0117pim\u0173 (bandomojoje aplinkoje), suteikian\u010diais ilgesn\u012f naudojim\u0105 ir ilgalaik\u012f pasitenkinim\u0105.<\/li>\n<\/ul>\n<p><strong>3. Kokios nikotino koncentracijos yra \u201eRandm Shisha 10000 puffs\u201c?<\/strong><\/p>\n<ul>\n<li>\u201eShisha 10000\u201c yra i\u0161 anksto u\u017epildyta e-skys\u010diu, kurio nikotino koncentracija yra 0,5 %, tod\u0117l garinimas yra subalansuotas.<\/li>\n<\/ul>\n<p><strong>4. Ar galiu pasirinkti norim\u0105 skon\u012f su \u201eShisha 10k vape Fumot\u201c?<\/strong><\/p>\n<ul>\n<li>Taip, \u017einoma! \u201eShisha 10000\u201c si\u016blo 34 skoni\u0173 pasirinkim\u0105, kad atitikt\u0173 skirtingus pageidavimus ir kiekvienas rast\u0173 ka\u017ek\u0105 sau.<\/li>\n<\/ul>\n<p><strong>3. Kaip Mesh Coil technologija pagerina garinimo patirt\u012f?<\/strong><\/p>\n<ul>\n<li>\u012e \u201eRandm Vape Fumot Shisha 10000\u201c integruota \u201eMesh Coil\u201c technologija turi ma\u017eo atsparumo 0,6 omo rit\u0119, maksimaliai padidinan\u010di\u0105 \u0161ildymo pavir\u0161iaus plot\u0105, kad b\u016bt\u0173 sklandesnis \u012fkv\u0117pimas ir sodresnis gar\u0173 susidarymas. \u0160i technologija u\u017etikrina nuosekl\u0173 ir tolyg\u0173 e-skys\u010dio kaitinim\u0105, suteikdama nepriekai\u0161ting\u0105 skonio patirt\u012f.<\/li>\n<\/ul>\n<p><strong>6. Ar Fumot AI FAKHER <\/strong><strong>Shisha 10000 PUFFS lengva \u012fkrauti?<\/strong><\/p>\n<ul>\n<li>Taip, \u201eRANDM Shisha 10000 PUFFS\u201c turi C tipo jungt\u012f, esan\u010di\u0105 jo pagrinde, kad b\u016bt\u0173 galima greitai ir patogiai \u012fkrauti. Tiesiog prijunkite pateikt\u0105 C tipo \u012fkrovimo laid\u0105 prie maitinimo \u0161altinio, kad greitai papildytum\u0117te akumuliatoriaus energij\u0105.<\/li>\n<\/ul>\n<p><strong>7. Ar galiu kontroliuoti oro sraut\u0105 su FUMOT VAPE Shisha 10K PUFFS DIDMENIN\u0116?<\/strong><\/p>\n<ul>\n<li>Taip, Shisha 10000 yra apr\u016bpinta oro srauto reguliavimu, leid\u017eian\u010diu naudotojams pritaikyti oro sraut\u0105 pagal savo pageidavimus individualiai vaping patir\u010diai.<\/li>\n<\/ul>\n<p><strong>8. Ar DIDMENIN\u0116 FUMOT RANDM VAPE Shisha 10000 tinka tiek pradedantiesiems, tiek patyrusiems vaperiams?<\/strong><\/p>\n<ul>\n<li>Be abejo! Shisha 10000 yra sukurtas tenkinti tiek pradedan\u010di\u0173j\u0173, tiek patyrusi\u0173 vaperi\u0173 poreikius, si\u016blydamas paprastum\u0105 naudoti, pa\u017eangias funkcijas ir i\u0161skirtin\u012f na\u0161um\u0105 visiems.<\/li>\n<\/ul>\n<p><strong>9. K\u0105 tur\u0117\u010diau daryti, jei turiu papildom\u0173 klausim\u0173 ar reikalinga pagalba?<\/strong><\/p>\n<ul>\n<li>Jei turite papildom\u0173 klausim\u0173 ar reikalinga pagalba d\u0117l Randm Vape Al Fakher 10000 PUFFS VAPE ir Fumot SHISHA 10K, nedvejodami susisiekite su m\u016bs\u0173 klient\u0173 aptarnavimo komanda. Esame \u010dia, kad pad\u0117tume ir u\u017etikrintume, jog j\u016bs\u0173 vaping patirtis b\u016bt\u0173 i\u0161skirtin\u0117.<\/li>\n<\/ul>\n<p>Raskite daugiau garintuv\u0173, kurie jums gali patikti:<em><a href=\"https:\/\/rmvapesale.com\/lt\/shop-2\/\">pirkti dabar\u00a0<\/a><\/em><\/p>\n<p>kiti kar\u0161tai parduodami garintuvai, kurie jums gali patikti:<\/p>","protected":false},"excerpt":{"rendered":"<p class=\"LC20lb MBeuO DKV0Md\">Fumot Shisha 10000 DTL vienkartinis vape<br \/>\nRANDM SHISHA 10000 PUFF Vape AI FAKHER<br \/>\nFumot Crown Bar 10k didmeninis \u012fkraunamas vape<br \/>\n<strong>Susisiekite su Amy d\u0117l daugiau nuolaid\u0173 ir ma\u017eesnio minimalaus u\u017esakymo kiekio garintuvo<\/strong><\/p>\n<p><img loading=\"lazy\" decoding=\"async\" class=\"size-medium wp-image-1814\" src=\"https:\/\/rmvapesale.com\/wp-content\/uploads\/2024\/04\/whatsapp-amy-229x300.jpg\" alt=\"whatsapp amy\" width=\"229\" height=\"300\" srcset=\"https:\/\/rmvapesale.com\/wp-content\/uploads\/2024\/04\/whatsapp-amy-229x300.jpg 229w, https:\/\/rmvapesale.com\/wp-content\/uploads\/2024\/04\/whatsapp-amy-783x1024.jpg 783w, https:\/\/rmvapesale.com\/wp-content\/uploads\/2024\/04\/whatsapp-amy-768x1005.jpg 768w, https:\/\/rmvapesale.com\/wp-content\/uploads\/2024\/04\/whatsapp-amy-600x785.jpg 600w, https:\/\/rmvapesale.com\/wp-content\/uploads\/2024\/04\/whatsapp-amy.jpg 990w\" sizes=\"auto, (max-width: 229px) 100vw, 229px\" \/><\/p>\n<h3><span style=\"color: #ff0000\"><strong>WhatsApp: +86 17776015835<\/strong><\/span><\/h3>","protected":false},"featured_media":1852,"comment_status":"open","ping_status":"closed","template":"","meta":{"_uag_custom_page_level_css":"","_lmt_disableupdate":"no","_lmt_disable":"","site-sidebar-layout":"default","site-content-layout":"content-boxed-container","ast-site-content-layout":"normal-width-container","site-content-style":"boxed","site-sidebar-style":"unboxed","ast-global-header-display":"","ast-banner-title-visibility":"","ast-main-header-display":"","ast-hfb-above-header-display":"","ast-hfb-below-header-display":"","ast-hfb-mobile-header-display":"","site-post-title":"","ast-breadcrumbs-content":"","ast-featured-img":"","footer-sml-layout":"","ast-disable-related-posts":"","theme-transparent-header-meta":"default","adv-header-id-meta":"","stick-header-meta":"","header-above-stick-meta":"","header-main-stick-meta":"","header-below-stick-meta":"","astra-migrate-meta-layouts":"set","ast-page-background-enabled":"default","ast-page-background-meta":{"desktop":{"background-color":"var(--ast-global-color-4)","background-image":"","background-repeat":"repeat","background-position":"center center","background-size":"auto","background-attachment":"scroll","background-type":"","background-media":"","overlay-type":"","overlay-color":"","overlay-opacity":"","overlay-gradient":""},"tablet":{"background-color":"","background-image":"","background-repeat":"repeat","background-position":"center center","background-size":"auto","background-attachment":"scroll","background-type":"","background-media":"","overlay-type":"","overlay-color":"","overlay-opacity":"","overlay-gradient":""},"mobile":{"background-color":"","background-image":"","background-repeat":"repeat","background-position":"center center","background-size":"auto","background-attachment":"scroll","background-type":"","background-media":"","overlay-type":"","overlay-color":"","overlay-opacity":"","overlay-gradient":""}},"ast-content-background-meta":{"desktop":{"background-color":"var(--ast-global-color-5)","background-image":"","background-repeat":"repeat","background-position":"center center","background-size":"auto","background-attachment":"scroll","background-type":"","background-media":"","overlay-type":"","overlay-color":"","overlay-opacity":"","overlay-gradient":""},"tablet":{"background-color":"var(--ast-global-color-5)","background-image":"","background-repeat":"repeat","background-position":"center center","background-size":"auto","background-attachment":"scroll","background-type":"","background-media":"","overlay-type":"","overlay-color":"","overlay-opacity":"","overlay-gradient":""},"mobile":{"background-color":"var(--ast-global-color-5)","background-image":"","background-repeat":"repeat","background-position":"center center","background-size":"auto","background-attachment":"scroll","background-type":"","background-media":"","overlay-type":"","overlay-color":"","overlay-opacity":"","overlay-gradient":""}},"_joinchat":[]},"product_brand":[],"product_cat":[25,271,289,27,51,123,293,30,26,15,28,31,295,137,299,136,135],"product_tag":[39,40,41,38,37],"class_list":{"0":"post-370","1":"product","2":"type-product","3":"status-publish","4":"has-post-thumbnail","6":"product_cat-germany-best-selling-vape","7":"product_cat-10000-puff-disposable-vape","8":"product_cat-big-puffs-disposable-vapes","9":"product_cat-fance-hot-sale-vape","10":"product_cat-fumot-vape","11":"product_cat-italy-wholesale-vape","12":"product_cat-low-nicotine-disposable-vapes","13":"product_cat-minimum-order-quantity-50pcs","14":"product_cat-netherlands-hot-sale-vape","15":"product_cat-new-vape-this-week","16":"product_cat-poland-hot-sale-vape","17":"product_cat-randm-fumot-vape","18":"product_cat-rechargeable-disposable-vapes","19":"product_cat-rechargeable-vapes","20":"product_cat-smart-screen-disposable-vapes","21":"product_cat-smart-screen-vapes","22":"product_cat-spain-best-hot-sale-vape","23":"product_tag-fumot-vape","24":"product_tag-hot-sale-vape","25":"product_tag-original-factory-vape","26":"product_tag-randm-vape","27":"product_tag-wholesale-vape-price","28":"desktop-align-left","29":"tablet-align-left","30":"mobile-align-left","32":"first","33":"instock","34":"sale","35":"shipping-taxable","36":"purchasable","37":"product-type-simple"},"uagb_featured_image_src":{"full":["https:\/\/rmvapesale.com\/wp-content\/uploads\/2024\/04\/FUMOT-VAPE-SHISHA-AL-FAKHER-10K-PUFFS-VAPE.jpg",375,666,false],"thumbnail":["https:\/\/rmvapesale.com\/wp-content\/uploads\/2024\/04\/FUMOT-VAPE-SHISHA-AL-FAKHER-10K-PUFFS-VAPE-150x150.jpg",150,150,true],"medium":["https:\/\/rmvapesale.com\/wp-content\/uploads\/2024\/04\/FUMOT-VAPE-SHISHA-AL-FAKHER-10K-PUFFS-VAPE-169x300.jpg",169,300,true],"medium_large":["https:\/\/rmvapesale.com\/wp-content\/uploads\/2024\/04\/FUMOT-VAPE-SHISHA-AL-FAKHER-10K-PUFFS-VAPE.jpg",375,666,false],"large":["https:\/\/rmvapesale.com\/wp-content\/uploads\/2024\/04\/FUMOT-VAPE-SHISHA-AL-FAKHER-10K-PUFFS-VAPE.jpg",375,666,false],"1536x1536":["https:\/\/rmvapesale.com\/wp-content\/uploads\/2024\/04\/FUMOT-VAPE-SHISHA-AL-FAKHER-10K-PUFFS-VAPE.jpg",375,666,false],"2048x2048":["https:\/\/rmvapesale.com\/wp-content\/uploads\/2024\/04\/FUMOT-VAPE-SHISHA-AL-FAKHER-10K-PUFFS-VAPE.jpg",375,666,false],"trp-custom-language-flag":["https:\/\/rmvapesale.com\/wp-content\/uploads\/2024\/04\/FUMOT-VAPE-SHISHA-AL-FAKHER-10K-PUFFS-VAPE.jpg",7,12,false],"woocommerce_thumbnail":["https:\/\/rmvapesale.com\/wp-content\/uploads\/2024\/04\/FUMOT-VAPE-SHISHA-AL-FAKHER-10K-PUFFS-VAPE-300x300.jpg",300,300,true],"woocommerce_single":["https:\/\/rmvapesale.com\/wp-content\/uploads\/2024\/04\/FUMOT-VAPE-SHISHA-AL-FAKHER-10K-PUFFS-VAPE.jpg",375,666,false],"woocommerce_gallery_thumbnail":["https:\/\/rmvapesale.com\/wp-content\/uploads\/2024\/04\/FUMOT-VAPE-SHISHA-AL-FAKHER-10K-PUFFS-VAPE-100x100.jpg",100,100,true],"wcpr-photo-reviews":["https:\/\/rmvapesale.com\/wp-content\/uploads\/2024\/04\/FUMOT-VAPE-SHISHA-AL-FAKHER-10K-PUFFS-VAPE.jpg",282,500,false]},"uagb_author_info":{"display_name":"yannazhan","author_link":"https:\/\/rmvapesale.com\/lt\/author\/"},"uagb_comment_info":0,"uagb_excerpt":"Fumot Shisha 10000 DTL Disposable Vape RANDM SHISHA 10000 PUFF Vape AI FAKHER Fumot Crown Bar 10k Wholesale Vape Rechargeable Contact Amy For More Discount And Lower MOQ Vape WhatsApp: +86 17776015835","_links":{"self":[{"href":"https:\/\/rmvapesale.com\/lt\/wp-json\/wp\/v2\/product\/370","targetHints":{"allow":["GET"]}}],"collection":[{"href":"https:\/\/rmvapesale.com\/lt\/wp-json\/wp\/v2\/product"}],"about":[{"href":"https:\/\/rmvapesale.com\/lt\/wp-json\/wp\/v2\/types\/product"}],"replies":[{"embeddable":true,"href":"https:\/\/rmvapesale.com\/lt\/wp-json\/wp\/v2\/comments?post=370"}],"wp:featuredmedia":[{"embeddable":true,"href":"https:\/\/rmvapesale.com\/lt\/wp-json\/wp\/v2\/media\/1852"}],"wp:attachment":[{"href":"https:\/\/rmvapesale.com\/lt\/wp-json\/wp\/v2\/media?parent=370"}],"wp:term":[{"taxonomy":"product_brand","embeddable":true,"href":"https:\/\/rmvapesale.com\/lt\/wp-json\/wp\/v2\/product_brand?post=370"},{"taxonomy":"product_cat","embeddable":true,"href":"https:\/\/rmvapesale.com\/lt\/wp-json\/wp\/v2\/product_cat?post=370"},{"taxonomy":"product_tag","embeddable":true,"href":"https:\/\/rmvapesale.com\/lt\/wp-json\/wp\/v2\/product_tag?post=370"}],"curies":[{"name":"wp","href":"https:\/\/api.w.org\/{rel}","templated":true}]}}