{"id":1116,"date":"2022-04-29T04:28:13","date_gmt":"2022-04-29T04:28:13","guid":{"rendered":"https:\/\/rmvapesale.com\/about\/"},"modified":"2025-08-01T10:47:55","modified_gmt":"2025-08-01T10:47:55","slug":"about-rmvapesale","status":"publish","type":"page","link":"https:\/\/rmvapesale.com\/lv\/about-rmvapesale\/","title":{"rendered":"Par mums"},"content":{"rendered":"<div class=\"wp-block-uagb-container uagb-block-ec57ae33 alignfull uagb-is-root-container\"><div class=\"uagb-container-inner-blocks-wrap\">\n<div class=\"wp-block-uagb-container uagb-block-b99b1654\">\n<div class=\"wp-block-uagb-info-box uagb-block-4a165757 uagb-infobox__content-wrap  uagb-infobox-icon-above-title uagb-infobox-image-valign-top\"><div class=\"uagb-ifb-content\"><div class=\"uagb-ifb-title-wrap\"><h1 class=\"uagb-ifb-title\">Uzlabojiet savu vape biznesu<\/h1><\/div><p class=\"uagb-ifb-desc\">Shenzhen Xinkeying Technology Co., Ltd. \u2014 m\u0113s pal\u012bdz\u0113sim jums palielin\u0101t j\u016bsu veikala ien\u0101kumus ar m\u016bsu modernajiem vape izstr\u0101d\u0101jumiem. M\u016bsu m\u0113r\u0137is ir veicin\u0101t j\u016bsu pan\u0101kumus, nodro\u0161inot stil\u012bgus produktus, kas g\u016bst pe\u013c\u0146u. Ar pla\u0161u izv\u0113li, god\u012bg\u0101m cen\u0101m un uzticam\u0101m partnerattiec\u012bb\u0101m m\u0113s esam ap\u0146\u0113mu\u0161ies pal\u012bdz\u0113t j\u016bsu uz\u0146\u0113mumam plaukt. Paldies, ka izv\u0113l\u0113j\u0101ties m\u016bs par savu partneri<\/p><div class=\"uagb-ifb-separator\"><\/div><\/div><\/div>\n<\/div>\n<\/div><\/div>\n\n\n\n<figure class=\"wp-block-gallery has-nested-images columns-default is-cropped wp-block-gallery-1 is-layout-flex wp-block-gallery-is-layout-flex\">\n<figure class=\"wp-block-image size-large\"><img loading=\"lazy\" decoding=\"async\" width=\"768\" height=\"1024\" data-id=\"1831\" src=\"https:\/\/rmvapesale.com\/wp-content\/uploads\/2024\/04\/vape-wholesale-price-factory-1-768x1024.jpg\" alt=\"\" class=\"wp-image-1831\" srcset=\"https:\/\/rmvapesale.com\/wp-content\/uploads\/2024\/04\/vape-wholesale-price-factory-1-768x1024.jpg 768w, https:\/\/rmvapesale.com\/wp-content\/uploads\/2024\/04\/vape-wholesale-price-factory-1-225x300.jpg 225w, https:\/\/rmvapesale.com\/wp-content\/uploads\/2024\/04\/vape-wholesale-price-factory-1-1152x1536.jpg 1152w, https:\/\/rmvapesale.com\/wp-content\/uploads\/2024\/04\/vape-wholesale-price-factory-1-600x800.jpg 600w, https:\/\/rmvapesale.com\/wp-content\/uploads\/2024\/04\/vape-wholesale-price-factory-1.jpg 1279w\" sizes=\"auto, (max-width: 768px) 100vw, 768px\" \/><\/figure>\n\n\n\n<figure class=\"wp-block-image size-large\"><img loading=\"lazy\" decoding=\"async\" width=\"1024\" height=\"762\" data-id=\"1830\" src=\"https:\/\/rmvapesale.com\/wp-content\/uploads\/2024\/04\/RANDM-VAPE-ORIGINAL-FACTORY-4-1024x762.jpg\" alt=\"RANDM VAPE ORI\u0122IN\u0100L\u0100 R\u016aPN\u012aCA\" class=\"wp-image-1830\" srcset=\"https:\/\/rmvapesale.com\/wp-content\/uploads\/2024\/04\/RANDM-VAPE-ORIGINAL-FACTORY-4-1024x762.jpg 1024w, https:\/\/rmvapesale.com\/wp-content\/uploads\/2024\/04\/RANDM-VAPE-ORIGINAL-FACTORY-4-300x223.jpg 300w, https:\/\/rmvapesale.com\/wp-content\/uploads\/2024\/04\/RANDM-VAPE-ORIGINAL-FACTORY-4-768x571.jpg 768w, https:\/\/rmvapesale.com\/wp-content\/uploads\/2024\/04\/RANDM-VAPE-ORIGINAL-FACTORY-4-600x446.jpg 600w, https:\/\/rmvapesale.com\/wp-content\/uploads\/2024\/04\/RANDM-VAPE-ORIGINAL-FACTORY-4.jpg 1124w\" sizes=\"auto, (max-width: 1024px) 100vw, 1024px\" \/><figcaption class=\"wp-element-caption\">RANDM VAPE ORI\u0122IN\u0100L\u0100 R\u016aPN\u012aCA<\/figcaption><\/figure>\n\n\n\n<figure class=\"wp-block-image size-large\"><img loading=\"lazy\" decoding=\"async\" width=\"768\" height=\"1024\" data-id=\"1835\" src=\"https:\/\/rmvapesale.com\/wp-content\/uploads\/2024\/04\/RANDM-VAPE-ORIGINAL-FACTORY-3-768x1024.jpg\" alt=\"\" class=\"wp-image-1835\" srcset=\"https:\/\/rmvapesale.com\/wp-content\/uploads\/2024\/04\/RANDM-VAPE-ORIGINAL-FACTORY-3-768x1024.jpg 768w, https:\/\/rmvapesale.com\/wp-content\/uploads\/2024\/04\/RANDM-VAPE-ORIGINAL-FACTORY-3-225x300.jpg 225w, https:\/\/rmvapesale.com\/wp-content\/uploads\/2024\/04\/RANDM-VAPE-ORIGINAL-FACTORY-3-600x800.jpg 600w, https:\/\/rmvapesale.com\/wp-content\/uploads\/2024\/04\/RANDM-VAPE-ORIGINAL-FACTORY-3.jpg 1080w\" sizes=\"auto, (max-width: 768px) 100vw, 768px\" \/><\/figure>\n<\/figure>\n\n\n\n<div class=\"wp-block-uagb-container uagb-block-03926366 alignfull uagb-is-root-container\"><div class=\"uagb-container-inner-blocks-wrap\">\n<div class=\"wp-block-uagb-container uagb-block-d3634444\">\n<div class=\"wp-block-uagb-image alignleft uagb-block-bbccf630 wp-block-uagb-image--layout-default wp-block-uagb-image--effect-static wp-block-uagb-image--align-left\"><figure class=\"wp-block-uagb-image__figure\"><img decoding=\"async\" srcset=\"https:\/\/rmvapesale.com\/wp-content\/uploads\/2024\/04\/whatsapp-amy-783x1024.jpg ,https:\/\/rmvapesale.com\/wp-content\/uploads\/2024\/04\/whatsapp-amy.jpg 780w, https:\/\/rmvapesale.com\/wp-content\/uploads\/2024\/04\/whatsapp-amy.jpg 360w\" sizes=\"auto, (max-width: 480px) 150px\" src=\"https:\/\/rmvapesale.com\/wp-content\/uploads\/2024\/04\/whatsapp-amy-783x1024.jpg\" alt=\"whatsapp amy\" class=\"uag-image-1814\" width=\"540\" height=\"540\" title=\"whatsapp amy\" loading=\"lazy\" role=\"img\"\/><\/figure><\/div>\n<\/div>\n\n\n\n<div class=\"wp-block-uagb-container uagb-block-4596b95e\">\n<p>Atkl\u0101jiet m\u016bsu veikalu<\/p>\n\n\n\n<div class=\"wp-block-uagb-info-box uagb-block-02d384db uagb-infobox__content-wrap  uagb-infobox-icon-above-title uagb-infobox-image-valign-top\"><div class=\"uagb-ifb-content\"><div class=\"uagb-ifb-icon-wrap\"><svg xmlns=\"https:\/\/www.w3.org\/2000\/svg\" viewbox=\"0 0 448 512\"><path d=\"M96 224C84.72 224 74.05 226.3 64 229.9V224c0-35.3 28.7-64 64-64c17.67 0 32-14.33 32-32S145.7 96 128 96C57.42 96 0 153.4 0 224v96c0 53.02 42.98 96 96 96s96-42.98 96-96S149 224 96 224zM352 224c-11.28 0-21.95 2.305-32 5.879V224c0-35.3 28.7-64 64-64c17.67 0 32-14.33 32-32s-14.33-32-32-32c-70.58 0-128 57.42-128 128v96c0 53.02 42.98 96 96 96s96-42.98 96-96S405 224 352 224z\"><\/path><\/svg><\/div><div class=\"uagb-ifb-title-wrap\"><span class=\"uagb-ifb-title-prefix\">Atkl\u0101jiet RMVAPE VAIRUMTIRDZNIEC\u012aBAS VEIKALU<\/span><p class=\"uagb-ifb-title\">K\u0100P\u0112C IZV\u0112L\u0112TIES M\u016aS?<br><\/p><\/div><p class=\"uagb-ifb-desc\">Nep\u0101rsp\u0113jama kvalit\u0101te, izcila veiktsp\u0113ja<br>Konkur\u0113tsp\u0113j\u012bgas cenas, \u0101tra pieg\u0101de<br>Ekspertu klientu apkalpo\u0161ana<br>Uzkr\u012bto\u0161a est\u0113tika, at\u0161\u0137ir\u012bgums<br>Pla\u0161as izv\u0113les iesp\u0113jas, \u0101tra pieg\u0101de<br>\u0100tra pieg\u0101de<\/p><div class=\"uagb-ifb-separator\"><\/div><\/div><\/div>\n<\/div>\n<\/div><\/div>\n\n\n\n<div class=\"wp-block-uagb-container uagb-block-d3b1ec68 alignfull uagb-is-root-container\"><div class=\"uagb-container-inner-blocks-wrap\">\n<div class=\"wp-block-uagb-container uagb-block-2d01840a\">\n<div class=\"wp-block-uagb-info-box uagb-block-59cd6257 uagb-infobox__content-wrap  uagb-infobox-icon-left uagb-infobox-left uagb-infobox-stacked-mobile uagb-infobox-image-valign-middle\"><div class=\"uagb-ifb-icon-wrap\"><div class=\"uagb-iconbox-icon-wrap uagb-infobox-shape-circle\"><svg xmlns=\"https:\/\/www.w3.org\/2000\/svg\" viewbox=\"0 0 640 512\"><path d=\"M368 0C394.5 0 416 21.49 416 48V96H466.7C483.7 96 499.1 102.7 512 114.7L589.3 192C601.3 204 608 220.3 608 237.3V352C625.7 352 640 366.3 640 384C640 401.7 625.7 416 608 416H576C576 469 533 512 480 512C426.1 512 384 469 384 416H256C256 469 213 512 160 512C106.1 512 64 469 64 416H48C21.49 416 0 394.5 0 368V48C0 21.49 21.49 0 48 0H368zM416 160V256H544V237.3L466.7 160H416zM160 368C133.5 368 112 389.5 112 416C112 442.5 133.5 464 160 464C186.5 464 208 442.5 208 416C208 389.5 186.5 368 160 368zM480 464C506.5 464 528 442.5 528 416C528 389.5 506.5 368 480 368C453.5 368 432 389.5 432 416C432 442.5 453.5 464 480 464z\"><\/path><\/svg><\/div><\/div><div class=\"uagb-ifb-content\"><div class=\"uagb-ifb-title-wrap\"><h6 class=\"uagb-ifb-title\">IZSEKOT PAS\u016aT\u012aJUMAM<\/h6><\/div><p class=\"uagb-ifb-desc\">piln\u012bb\u0101 izsekojama transport\u0113\u0161ana<\/p><\/div><\/div>\n<\/div>\n\n\n\n<div class=\"wp-block-uagb-container uagb-block-fd6cd65a\">\n<div class=\"wp-block-uagb-info-box uagb-block-62f66675 uagb-infobox__content-wrap  uagb-infobox-icon-left uagb-infobox-left uagb-infobox-stacked-mobile uagb-infobox-image-valign-middle\"><div class=\"uagb-ifb-icon-wrap\"><div class=\"uagb-iconbox-icon-wrap uagb-infobox-shape-circle\"><svg xmlns=\"https:\/\/www.w3.org\/2000\/svg\" viewbox=\"0 0 576 512\"><path d=\"M512 32C547.3 32 576 60.65 576 96V128H0V96C0 60.65 28.65 32 64 32H512zM576 416C576 451.3 547.3 480 512 480H64C28.65 480 0 451.3 0 416V224H576V416zM112 352C103.2 352 96 359.2 96 368C96 376.8 103.2 384 112 384H176C184.8 384 192 376.8 192 368C192 359.2 184.8 352 176 352H112zM240 384H368C376.8 384 384 376.8 384 368C384 359.2 376.8 352 368 352H240C231.2 352 224 359.2 224 368C224 376.8 231.2 384 240 384z\"><\/path><\/svg><\/div><\/div><div class=\"uagb-ifb-content\"><div class=\"uagb-ifb-title-wrap\"><h6 class=\"uagb-ifb-title\">Vienk\u0101r\u0161s maks\u0101jums<\/h6><\/div><p class=\"uagb-ifb-desc\">Atbalsts vair\u0101k nek\u0101 99+ elektroniskajiem makiem <\/p><\/div><\/div>\n<\/div>\n\n\n\n<div class=\"wp-block-uagb-container uagb-block-54599441\">\n<div class=\"wp-block-uagb-info-box uagb-block-d13f2aab uagb-infobox__content-wrap  uagb-infobox-icon-left uagb-infobox-left uagb-infobox-stacked-mobile uagb-infobox-image-valign-middle\"><div class=\"uagb-ifb-icon-wrap\"><div class=\"uagb-iconbox-icon-wrap uagb-infobox-shape-circle\"><svg xmlns=\"https:\/\/www.w3.org\/2000\/svg\" viewbox=\"0 0 640 512\"><path d=\"M272 32H368.6C388.1 32 406.5 40.84 418.6 56.02L527.4 192H576C593.7 192 608 206.3 608 224V288C625.7 288 640 302.3 640 320C640 337.7 625.7 352 608 352H574.9C575.6 357.2 576 362.6 576 368C576 429.9 525.9 480 464 480C402.1 480 352 429.9 352 368C352 362.6 352.4 357.2 353.1 352H286.9C287.6 357.2 288 362.6 288 368C288 429.9 237.9 480 176 480C114.1 480 64 429.9 64 368C64 362.6 64.39 357.2 65.13 352H32C14.33 352 0 337.7 0 320C0 302.3 14.33 288 32 288V224C32 206.3 46.33 192 64 192H224V80C224 53.49 245.5 32 272 32H272zM368.6 96H288V192H445.4L368.6 96zM176 416C202.5 416 224 394.5 224 368C224 341.5 202.5 320 176 320C149.5 320 128 341.5 128 368C128 394.5 149.5 416 176 416zM464 416C490.5 416 512 394.5 512 368C512 341.5 490.5 320 464 320C437.5 320 416 341.5 416 368C416 394.5 437.5 416 464 416z\"><\/path><\/svg><\/div><\/div><div class=\"uagb-ifb-content\"><div class=\"uagb-ifb-title-wrap\"><h6 class=\"uagb-ifb-title\">\u0100tra pieg\u0101de<\/h6><\/div><p class=\"uagb-ifb-desc\">J\u016bsu durv\u012bs 3\u20135 dienu laik\u0101<\/p><\/div><\/div>\n<\/div>\n\n\n\n<div class=\"wp-block-uagb-container uagb-block-4334b208\">\n<div class=\"wp-block-uagb-info-box uagb-block-0b9a5f6b uagb-infobox__content-wrap  uagb-infobox-icon-left uagb-infobox-left uagb-infobox-stacked-mobile uagb-infobox-image-valign-middle\"><div class=\"uagb-ifb-icon-wrap\"><div class=\"uagb-iconbox-icon-wrap uagb-infobox-shape-circle\"><svg xmlns=\"https:\/\/www.w3.org\/2000\/svg\" viewbox=\"0 0 512 512\"><path d=\"M256 0C114.6 0 0 114.6 0 256s114.6 256 256 256s256-114.6 256-256S397.4 0 256 0zM256 400c-18 0-32-14-32-32s13.1-32 32-32c17.1 0 32 14 32 32S273.1 400 256 400zM325.1 258L280 286V288c0 13-11 24-24 24S232 301 232 288V272c0-8 4-16 12-21l57-34C308 213 312 206 312 198C312 186 301.1 176 289.1 176h-51.1C225.1 176 216 186 216 198c0 13-11 24-24 24s-24-11-24-24C168 159 199 128 237.1 128h51.1C329 128 360 159 360 198C360 222 347 245 325.1 258z\"><\/path><\/svg><\/div><\/div><div class=\"uagb-ifb-content\"><div class=\"uagb-ifb-title-wrap\"><h6 class=\"uagb-ifb-title\">K\u0101 ieg\u0101d\u0101ties par izdev\u012bgu cenu?<\/h6><\/div><div class=\"uagb-ifb-button-wrapper wp-block-button\"><a href=\"https:\/\/wa.me\/8617776015835\" class=\"uagb-infobox-cta-link wp-block-button__link\" target=\"_self\" rel=\"noopener noreferrer\" onclick=\"return true;\" alt=\"\"><span class=\"uagb-inline-editing\">sazin\u0101ties ar mums<\/span><\/a><\/div><\/div><\/div>\n<\/div>\n<\/div><\/div>","protected":false},"excerpt":{"rendered":"<p>Atkl\u0101jiet m\u016bsu veikalu<\/p>","protected":false},"author":1,"featured_media":0,"parent":0,"menu_order":0,"comment_status":"closed","ping_status":"closed","template":"","meta":{"_uag_custom_page_level_css":"","_lmt_disableupdate":"","_lmt_disable":"","site-sidebar-layout":"no-sidebar","site-content-layout":"page-builder","ast-site-content-layout":"full-width-container","site-content-style":"unboxed","site-sidebar-style":"unboxed","ast-global-header-display":"","ast-banner-title-visibility":"","ast-main-header-display":"","ast-hfb-above-header-display":"","ast-hfb-below-header-display":"","ast-hfb-mobile-header-display":"","site-post-title":"disabled","ast-breadcrumbs-content":"disabled","ast-featured-img":"disabled","footer-sml-layout":"","theme-transparent-header-meta":"enabled","adv-header-id-meta":"","stick-header-meta":"","header-above-stick-meta":"","header-main-stick-meta":"","header-below-stick-meta":"","astra-migrate-meta-layouts":"set","ast-page-background-enabled":"default","ast-page-background-meta":{"desktop":{"background-color":"var(--ast-global-color-4)","background-image":"","background-repeat":"repeat","background-position":"center center","background-size":"auto","background-attachment":"scroll","background-type":"","background-media":"","overlay-type":"","overlay-color":"","overlay-opacity":"","overlay-gradient":""},"tablet":{"background-color":"","background-image":"","background-repeat":"repeat","background-position":"center center","background-size":"auto","background-attachment":"scroll","background-type":"","background-media":"","overlay-type":"","overlay-color":"","overlay-opacity":"","overlay-gradient":""},"mobile":{"background-color":"","background-image":"","background-repeat":"repeat","background-position":"center center","background-size":"auto","background-attachment":"scroll","background-type":"","background-media":"","overlay-type":"","overlay-color":"","overlay-opacity":"","overlay-gradient":""}},"ast-content-background-meta":{"desktop":{"background-color":"var(--ast-global-color-5)","background-image":"","background-repeat":"repeat","background-position":"center center","background-size":"auto","background-attachment":"scroll","background-type":"","background-media":"","overlay-type":"","overlay-color":"","overlay-opacity":"","overlay-gradient":""},"tablet":{"background-color":"var(--ast-global-color-5)","background-image":"","background-repeat":"repeat","background-position":"center center","background-size":"auto","background-attachment":"scroll","background-type":"","background-media":"","overlay-type":"","overlay-color":"","overlay-opacity":"","overlay-gradient":""},"mobile":{"background-color":"var(--ast-global-color-5)","background-image":"","background-repeat":"repeat","background-position":"center center","background-size":"auto","background-attachment":"scroll","background-type":"","background-media":"","overlay-type":"","overlay-color":"","overlay-opacity":"","overlay-gradient":""}},"_joinchat":[],"footnotes":""},"class_list":["post-1116","page","type-page","status-publish","hentry"],"uagb_featured_image_src":{"full":false,"thumbnail":false,"medium":false,"medium_large":false,"large":false,"1536x1536":false,"2048x2048":false,"trp-custom-language-flag":false,"woocommerce_thumbnail":false,"woocommerce_single":false,"woocommerce_gallery_thumbnail":false,"wcpr-photo-reviews":false},"uagb_author_info":{"display_name":"yannazhan","author_link":"https:\/\/rmvapesale.com\/lv\/author\/yannazhan\/"},"uagb_comment_info":0,"uagb_excerpt":"Discover Our Shop","_links":{"self":[{"href":"https:\/\/rmvapesale.com\/lv\/wp-json\/wp\/v2\/pages\/1116","targetHints":{"allow":["GET"]}}],"collection":[{"href":"https:\/\/rmvapesale.com\/lv\/wp-json\/wp\/v2\/pages"}],"about":[{"href":"https:\/\/rmvapesale.com\/lv\/wp-json\/wp\/v2\/types\/page"}],"author":[{"embeddable":true,"href":"https:\/\/rmvapesale.com\/lv\/wp-json\/wp\/v2\/users\/1"}],"replies":[{"embeddable":true,"href":"https:\/\/rmvapesale.com\/lv\/wp-json\/wp\/v2\/comments?post=1116"}],"version-history":[{"count":7,"href":"https:\/\/rmvapesale.com\/lv\/wp-json\/wp\/v2\/pages\/1116\/revisions"}],"predecessor-version":[{"id":3027,"href":"https:\/\/rmvapesale.com\/lv\/wp-json\/wp\/v2\/pages\/1116\/revisions\/3027"}],"wp:attachment":[{"href":"https:\/\/rmvapesale.com\/lv\/wp-json\/wp\/v2\/media?parent=1116"}],"curies":[{"name":"wp","href":"https:\/\/api.w.org\/{rel}","templated":true}]}}